{"id":21754,"date":"2025-08-22T14:55:16","date_gmt":"2025-08-22T12:55:16","guid":{"rendered":"https:\/\/poterie-de-crestet.com\/ceramiques\/medium-hoge-rand-schaal-rode-plein\/"},"modified":"2025-08-22T14:55:16","modified_gmt":"2025-08-22T12:55:16","slug":"medium-hoge-rand-schaal-rode-plein","status":"publish","type":"product","link":"https:\/\/poterie-de-crestet.com\/nl\/ceramiques\/medium-hoge-rand-schaal-rode-plein\/","title":{"rendered":"Medium Hoge Rand Schaal  <h5>Rode Plein<\/h5>"},"content":{"rendered":"<p>De <strong data-start=\"5319\" data-end=\"5334\">rode vierkante<\/strong> decoratie geeft een warm accent aan dit hoog-medium seriegerecht. Ideaal als <strong data-start=\"5415\" data-end=\"5434\">serveerschaal<\/strong>, <strong data-start=\"5436\" data-end=\"5455\">deelschaal<\/strong> of <strong data-start=\"5459\" data-end=\"5476\">hoge saladekom<\/strong>, verwelkomt het stevige salades, royale couscous, gebakken groenten en familiedesserts zonder te aarzelen. De hoogte (9 cm) houdt de kruiden centraal in de bereidingen; De diameter (23 cm) blijft gemakkelijk op de tafel en in de vaatwasser te passen. Dagelijks waarderen we de bestendige <strong data-start=\"5767\" data-end=\"5780\">keramiek<\/strong> -, <strong data-start=\"5793\" data-end=\"5837\">vaatwasser- en magnetroncompatibelheid<\/strong>, voor een praktische en ongeremde keuken.<br data-start=\"5880\" data-end=\"5883\">Voor een visuele herinnering, combineer het met de <strong data-start=\"5921\" data-end=\"5947\"><a href=\"https:\/\/poterie-de-crestet.com\/nl\/ceramiques\/bowl-3-keuzes-rode-plein\/\">Carr\u00e9 rouge 3 pics bowl:<\/a><\/strong> pittige sauzen, tapenades, verse kruiden&#8230; Alles is binnen handbereik. Het rode geometrische patroon geeft neutrale tafels energie en benadrukt kleurrecepten (tomaten, paprika&#8217;s, watermeloen). Als je graag gast wilt maken, denk dan aan <strong data-start=\"6205\" data-end=\"6223\">de sets van 2 of 3<\/strong> : een gerecht voor de salade, \u00e9\u00e9n voor het bijgerecht en \u00e9\u00e9n voor het dessert, allemaal in harmonie; Het <strong data-start=\"6321\" data-end=\"6389\"><a class=\"decorated-link\" href=\"https:\/\/poterie-de-crestet.com\/nl\/promoties\/\" target=\"_new\" rel=\"noopener\" data-start=\"6323\" data-end=\"6387\">speciale batchaanbod<\/a><\/strong> is er om je zonder aarzeling af te stemmen.<br data-start=\"6437\" data-end=\"6440\">Advies voor gebruik: serveer &#8220;gelaagde&#8221; bereidingen (zetmeel, groenten, kruiden, toppings); De hoge muur houdt de constructie vast en vereenvoudigt het serveren van lepels. Wat opslag betreft, stapelt het medium goed en bespaart het ruimte. En als de avond voortduurt, brengt een snelle magnetrontrip een garnering weer op temperatuur voordat het weer op tafel komt.<br data-start=\"6803\" data-end=\"6806\">Kortom, een <strong data-start=\"6815\" data-end=\"6839\">presentatiegerecht<\/strong> dat meer doet dan het eruitziet: robuust, ontspannen en stijlvol genoeg om een alledaagse maaltijd te sublimeren als een grote tafel. Carr\u00e9 rouge is de zekerheid van een middelpunt dat de aandacht trekt&#8230; en de fijnproevers.        <\/p>\n","protected":false},"excerpt":{"rendered":"<p>Gerechtserie hoog medium Red Square: royale service en warme tafel. Vaatwasser- en magnetronbestendig. Verkrijgbaar in <strong data-start=\"7241\" data-end=\"7258\">een set van 2 of 3<\/strong> (speciale promotie).  <br data-start=\"7274\" data-end=\"7277\"><em data-start=\"7277\" data-end=\"7305\"><strong data-start=\"7278\" data-end=\"7304\">Afmetingen: 23 \u00d7 9 cm<\/strong><\/em><\/p>\n","protected":false},"featured_media":21323,"comment_status":"open","ping_status":"closed","template":"","meta":[],"product_brand":[],"product_cat":[403],"product_tag":[222],"class_list":{"0":"post-21754","1":"product","2":"type-product","3":"status-publish","4":"has-post-thumbnail","6":"product_cat-medium-hoge-rand-schaal","7":"product_tag-rode-plein","9":"first","10":"instock","11":"taxable","12":"shipping-taxable","13":"purchasable","14":"product-type-simple"},"yoast_head":"<!-- This site is optimized with the Yoast SEO plugin v27.5 - https:\/\/yoast.com\/product\/yoast-seo-wordpress\/ -->\n<title>Medium Hoge Rand Schaal Rode Plein - Poterie de Crestet<\/title>\n<meta name=\"description\" content=\"Carr\u00e9 rouge medium high serie gerecht: praktische keramiek voor salades, gedeelde gerechten en familiedesserts. Vaatwasser- en magnetronbestendig.\" \/>\n<meta name=\"robots\" content=\"index, follow, max-snippet:-1, max-image-preview:large, max-video-preview:-1\" \/>\n<link rel=\"canonical\" href=\"https:\/\/poterie-de-crestet.com\/nl\/ceramiques\/medium-hoge-rand-schaal-rode-plein\/\" \/>\n<meta property=\"og:locale\" content=\"nl_NL\" \/>\n<meta property=\"og:type\" content=\"article\" \/>\n<meta property=\"og:title\" content=\"Medium Hoge Rand Schaal Rode Plein - Poterie de Crestet\" \/>\n<meta property=\"og:description\" content=\"Carr\u00e9 rouge medium high serie gerecht: praktische keramiek voor salades, gedeelde gerechten en familiedesserts. Vaatwasser- en magnetronbestendig.\" \/>\n<meta property=\"og:url\" content=\"https:\/\/poterie-de-crestet.com\/nl\/ceramiques\/medium-hoge-rand-schaal-rode-plein\/\" \/>\n<meta property=\"og:site_name\" content=\"Poterie de Crestet\" \/>\n<meta property=\"og:image\" content=\"https:\/\/i0.wp.com\/poterie-de-crestet.com\/wp-content\/uploads\/2025\/08\/plat-rebord-haut-14.jpg?fit=800%2C532&ssl=1\" \/>\n\t<meta property=\"og:image:width\" content=\"800\" \/>\n\t<meta property=\"og:image:height\" content=\"532\" \/>\n\t<meta property=\"og:image:type\" content=\"image\/jpeg\" \/>\n<meta name=\"twitter:card\" content=\"summary_large_image\" \/>\n<meta name=\"twitter:label1\" content=\"Geschatte leestijd\" \/>\n\t<meta name=\"twitter:data1\" content=\"1 minuut\" \/>\n<script type=\"application\/ld+json\" class=\"yoast-schema-graph\">{\"@context\":\"https:\\\/\\\/schema.org\",\"@graph\":[{\"@type\":\"WebPage\",\"@id\":\"https:\\\/\\\/poterie-de-crestet.com\\\/nl\\\/ceramiques\\\/medium-hoge-rand-schaal-rode-plein\\\/\",\"url\":\"https:\\\/\\\/poterie-de-crestet.com\\\/nl\\\/ceramiques\\\/medium-hoge-rand-schaal-rode-plein\\\/\",\"name\":\"Medium Hoge Rand Schaal Rode Plein - Poterie de Crestet\",\"isPartOf\":{\"@id\":\"https:\\\/\\\/poterie-de-crestet.com\\\/nl\\\/#website\"},\"primaryImageOfPage\":{\"@id\":\"https:\\\/\\\/poterie-de-crestet.com\\\/nl\\\/ceramiques\\\/medium-hoge-rand-schaal-rode-plein\\\/#primaryimage\"},\"image\":{\"@id\":\"https:\\\/\\\/poterie-de-crestet.com\\\/nl\\\/ceramiques\\\/medium-hoge-rand-schaal-rode-plein\\\/#primaryimage\"},\"thumbnailUrl\":\"https:\\\/\\\/i0.wp.com\\\/poterie-de-crestet.com\\\/wp-content\\\/uploads\\\/2025\\\/08\\\/plat-rebord-haut-14.jpg?fit=800%2C532&ssl=1\",\"datePublished\":\"2025-08-22T12:55:16+00:00\",\"description\":\"Carr\u00e9 rouge medium high serie gerecht: praktische keramiek voor salades, gedeelde gerechten en familiedesserts. Vaatwasser- en magnetronbestendig.\",\"breadcrumb\":{\"@id\":\"https:\\\/\\\/poterie-de-crestet.com\\\/nl\\\/ceramiques\\\/medium-hoge-rand-schaal-rode-plein\\\/#breadcrumb\"},\"inLanguage\":\"nl-NL\",\"potentialAction\":[{\"@type\":\"ReadAction\",\"target\":[\"https:\\\/\\\/poterie-de-crestet.com\\\/nl\\\/ceramiques\\\/medium-hoge-rand-schaal-rode-plein\\\/\"]}]},{\"@type\":\"ImageObject\",\"inLanguage\":\"nl-NL\",\"@id\":\"https:\\\/\\\/poterie-de-crestet.com\\\/nl\\\/ceramiques\\\/medium-hoge-rand-schaal-rode-plein\\\/#primaryimage\",\"url\":\"https:\\\/\\\/i0.wp.com\\\/poterie-de-crestet.com\\\/wp-content\\\/uploads\\\/2025\\\/08\\\/plat-rebord-haut-14.jpg?fit=800%2C532&ssl=1\",\"contentUrl\":\"https:\\\/\\\/i0.wp.com\\\/poterie-de-crestet.com\\\/wp-content\\\/uploads\\\/2025\\\/08\\\/plat-rebord-haut-14.jpg?fit=800%2C532&ssl=1\",\"width\":800,\"height\":532,\"caption\":\"Platte serie hoge kleine rode vierkant\"},{\"@type\":\"BreadcrumbList\",\"@id\":\"https:\\\/\\\/poterie-de-crestet.com\\\/nl\\\/ceramiques\\\/medium-hoge-rand-schaal-rode-plein\\\/#breadcrumb\",\"itemListElement\":[{\"@type\":\"ListItem\",\"position\":1,\"name\":\"Accueil\",\"item\":\"https:\\\/\\\/poterie-de-crestet.com\\\/nl\\\/accueil\\\/\"},{\"@type\":\"ListItem\",\"position\":2,\"name\":\"Boutique\",\"item\":\"https:\\\/\\\/poterie-de-crestet.com\\\/ceramiques\\\/\"},{\"@type\":\"ListItem\",\"position\":3,\"name\":\"Medium Hoge Rand Schaal Rode Plein\"}]},{\"@type\":\"WebSite\",\"@id\":\"https:\\\/\\\/poterie-de-crestet.com\\\/nl\\\/#website\",\"url\":\"https:\\\/\\\/poterie-de-crestet.com\\\/nl\\\/\",\"name\":\"Poterie de Crestet\",\"description\":\"Des milliers de poteries inpir\u00e9es de la Provence\",\"publisher\":{\"@id\":\"https:\\\/\\\/poterie-de-crestet.com\\\/nl\\\/#organization\"},\"potentialAction\":[{\"@type\":\"SearchAction\",\"target\":{\"@type\":\"EntryPoint\",\"urlTemplate\":\"https:\\\/\\\/poterie-de-crestet.com\\\/nl\\\/?s={search_term_string}\"},\"query-input\":{\"@type\":\"PropertyValueSpecification\",\"valueRequired\":true,\"valueName\":\"search_term_string\"}}],\"inLanguage\":\"nl-NL\"},{\"@type\":\"Organization\",\"@id\":\"https:\\\/\\\/poterie-de-crestet.com\\\/nl\\\/#organization\",\"name\":\"Poterie de Crestet\",\"url\":\"https:\\\/\\\/poterie-de-crestet.com\\\/nl\\\/\",\"logo\":{\"@type\":\"ImageObject\",\"inLanguage\":\"nl-NL\",\"@id\":\"https:\\\/\\\/poterie-de-crestet.com\\\/nl\\\/#\\\/schema\\\/logo\\\/image\\\/\",\"url\":\"https:\\\/\\\/i0.wp.com\\\/poterie-de-crestet.com\\\/wp-content\\\/uploads\\\/2025\\\/03\\\/Propo-4.png?fit=1000%2C462&ssl=1\",\"contentUrl\":\"https:\\\/\\\/i0.wp.com\\\/poterie-de-crestet.com\\\/wp-content\\\/uploads\\\/2025\\\/03\\\/Propo-4.png?fit=1000%2C462&ssl=1\",\"width\":1000,\"height\":462,\"caption\":\"Poterie de Crestet\"},\"image\":{\"@id\":\"https:\\\/\\\/poterie-de-crestet.com\\\/nl\\\/#\\\/schema\\\/logo\\\/image\\\/\"}}]}<\/script>\n<!-- \/ Yoast SEO plugin. -->","yoast_head_json":{"title":"Medium Hoge Rand Schaal Rode Plein - Poterie de Crestet","description":"Carr\u00e9 rouge medium high serie gerecht: praktische keramiek voor salades, gedeelde gerechten en familiedesserts. Vaatwasser- en magnetronbestendig.","robots":{"index":"index","follow":"follow","max-snippet":"max-snippet:-1","max-image-preview":"max-image-preview:large","max-video-preview":"max-video-preview:-1"},"canonical":"https:\/\/poterie-de-crestet.com\/nl\/ceramiques\/medium-hoge-rand-schaal-rode-plein\/","og_locale":"nl_NL","og_type":"article","og_title":"Medium Hoge Rand Schaal Rode Plein - Poterie de Crestet","og_description":"Carr\u00e9 rouge medium high serie gerecht: praktische keramiek voor salades, gedeelde gerechten en familiedesserts. Vaatwasser- en magnetronbestendig.","og_url":"https:\/\/poterie-de-crestet.com\/nl\/ceramiques\/medium-hoge-rand-schaal-rode-plein\/","og_site_name":"Poterie de Crestet","og_image":[{"width":800,"height":532,"url":"https:\/\/i0.wp.com\/poterie-de-crestet.com\/wp-content\/uploads\/2025\/08\/plat-rebord-haut-14.jpg?fit=800%2C532&ssl=1","type":"image\/jpeg"}],"twitter_card":"summary_large_image","twitter_misc":{"Geschatte leestijd":"1 minuut"},"schema":{"@context":"https:\/\/schema.org","@graph":[{"@type":"WebPage","@id":"https:\/\/poterie-de-crestet.com\/nl\/ceramiques\/medium-hoge-rand-schaal-rode-plein\/","url":"https:\/\/poterie-de-crestet.com\/nl\/ceramiques\/medium-hoge-rand-schaal-rode-plein\/","name":"Medium Hoge Rand Schaal Rode Plein - Poterie de Crestet","isPartOf":{"@id":"https:\/\/poterie-de-crestet.com\/nl\/#website"},"primaryImageOfPage":{"@id":"https:\/\/poterie-de-crestet.com\/nl\/ceramiques\/medium-hoge-rand-schaal-rode-plein\/#primaryimage"},"image":{"@id":"https:\/\/poterie-de-crestet.com\/nl\/ceramiques\/medium-hoge-rand-schaal-rode-plein\/#primaryimage"},"thumbnailUrl":"https:\/\/i0.wp.com\/poterie-de-crestet.com\/wp-content\/uploads\/2025\/08\/plat-rebord-haut-14.jpg?fit=800%2C532&ssl=1","datePublished":"2025-08-22T12:55:16+00:00","description":"Carr\u00e9 rouge medium high serie gerecht: praktische keramiek voor salades, gedeelde gerechten en familiedesserts. Vaatwasser- en magnetronbestendig.","breadcrumb":{"@id":"https:\/\/poterie-de-crestet.com\/nl\/ceramiques\/medium-hoge-rand-schaal-rode-plein\/#breadcrumb"},"inLanguage":"nl-NL","potentialAction":[{"@type":"ReadAction","target":["https:\/\/poterie-de-crestet.com\/nl\/ceramiques\/medium-hoge-rand-schaal-rode-plein\/"]}]},{"@type":"ImageObject","inLanguage":"nl-NL","@id":"https:\/\/poterie-de-crestet.com\/nl\/ceramiques\/medium-hoge-rand-schaal-rode-plein\/#primaryimage","url":"https:\/\/i0.wp.com\/poterie-de-crestet.com\/wp-content\/uploads\/2025\/08\/plat-rebord-haut-14.jpg?fit=800%2C532&ssl=1","contentUrl":"https:\/\/i0.wp.com\/poterie-de-crestet.com\/wp-content\/uploads\/2025\/08\/plat-rebord-haut-14.jpg?fit=800%2C532&ssl=1","width":800,"height":532,"caption":"Platte serie hoge kleine rode vierkant"},{"@type":"BreadcrumbList","@id":"https:\/\/poterie-de-crestet.com\/nl\/ceramiques\/medium-hoge-rand-schaal-rode-plein\/#breadcrumb","itemListElement":[{"@type":"ListItem","position":1,"name":"Accueil","item":"https:\/\/poterie-de-crestet.com\/nl\/accueil\/"},{"@type":"ListItem","position":2,"name":"Boutique","item":"https:\/\/poterie-de-crestet.com\/ceramiques\/"},{"@type":"ListItem","position":3,"name":"Medium Hoge Rand Schaal Rode Plein"}]},{"@type":"WebSite","@id":"https:\/\/poterie-de-crestet.com\/nl\/#website","url":"https:\/\/poterie-de-crestet.com\/nl\/","name":"Poterie de Crestet","description":"Des milliers de poteries inpir\u00e9es de la Provence","publisher":{"@id":"https:\/\/poterie-de-crestet.com\/nl\/#organization"},"potentialAction":[{"@type":"SearchAction","target":{"@type":"EntryPoint","urlTemplate":"https:\/\/poterie-de-crestet.com\/nl\/?s={search_term_string}"},"query-input":{"@type":"PropertyValueSpecification","valueRequired":true,"valueName":"search_term_string"}}],"inLanguage":"nl-NL"},{"@type":"Organization","@id":"https:\/\/poterie-de-crestet.com\/nl\/#organization","name":"Poterie de Crestet","url":"https:\/\/poterie-de-crestet.com\/nl\/","logo":{"@type":"ImageObject","inLanguage":"nl-NL","@id":"https:\/\/poterie-de-crestet.com\/nl\/#\/schema\/logo\/image\/","url":"https:\/\/i0.wp.com\/poterie-de-crestet.com\/wp-content\/uploads\/2025\/03\/Propo-4.png?fit=1000%2C462&ssl=1","contentUrl":"https:\/\/i0.wp.com\/poterie-de-crestet.com\/wp-content\/uploads\/2025\/03\/Propo-4.png?fit=1000%2C462&ssl=1","width":1000,"height":462,"caption":"Poterie de Crestet"},"image":{"@id":"https:\/\/poterie-de-crestet.com\/nl\/#\/schema\/logo\/image\/"}}]}},"jetpack_sharing_enabled":true,"_links":{"self":[{"href":"https:\/\/poterie-de-crestet.com\/nl\/wp-json\/wp\/v2\/product\/21754","targetHints":{"allow":["GET"]}}],"collection":[{"href":"https:\/\/poterie-de-crestet.com\/nl\/wp-json\/wp\/v2\/product"}],"about":[{"href":"https:\/\/poterie-de-crestet.com\/nl\/wp-json\/wp\/v2\/types\/product"}],"replies":[{"embeddable":true,"href":"https:\/\/poterie-de-crestet.com\/nl\/wp-json\/wp\/v2\/comments?post=21754"}],"version-history":[{"count":0,"href":"https:\/\/poterie-de-crestet.com\/nl\/wp-json\/wp\/v2\/product\/21754\/revisions"}],"wp:featuredmedia":[{"embeddable":true,"href":"https:\/\/poterie-de-crestet.com\/nl\/wp-json\/wp\/v2\/media\/21323"}],"wp:attachment":[{"href":"https:\/\/poterie-de-crestet.com\/nl\/wp-json\/wp\/v2\/media?parent=21754"}],"wp:term":[{"taxonomy":"product_brand","embeddable":true,"href":"https:\/\/poterie-de-crestet.com\/nl\/wp-json\/wp\/v2\/product_brand?post=21754"},{"taxonomy":"product_cat","embeddable":true,"href":"https:\/\/poterie-de-crestet.com\/nl\/wp-json\/wp\/v2\/product_cat?post=21754"},{"taxonomy":"product_tag","embeddable":true,"href":"https:\/\/poterie-de-crestet.com\/nl\/wp-json\/wp\/v2\/product_tag?post=21754"}],"curies":[{"name":"wp","href":"https:\/\/api.w.org\/{rel}","templated":true}]}}