{"id":21744,"date":"2025-08-22T14:55:12","date_gmt":"2025-08-22T12:55:12","guid":{"rendered":"https:\/\/poterie-de-crestet.com\/ceramiques\/medium-hoge-rand-schaal-gekleurde-druppels\/"},"modified":"2025-08-22T14:55:12","modified_gmt":"2025-08-22T12:55:12","slug":"medium-hoge-rand-schaal-gekleurde-druppels","status":"publish","type":"product","link":"https:\/\/poterie-de-crestet.com\/nl\/ceramiques\/medium-hoge-rand-schaal-gekleurde-druppels\/","title":{"rendered":"Medium Hoge Rand Schaal  <h5>Gekleurde druppels<\/h5>"},"content":{"rendered":"<p>Op zoek naar een levendige en vriendelijke tafel? De <strong data-start=\"2725\" data-end=\"2745\">Colorful Drops<\/strong> decoratie brengt je diensten direct tot leven. Dit groot, middelgrote seriegerecht schakelt moeiteloos over van <g id=\"gid_1\">serveergerecht<\/g> <g id=\"gid_2\">naar deelgerecht<\/g>, in seizoensgebonden salademodus, confit ratatouille, royale pasta of zomerfruit. De diameter van 23 cm en de hoogte van 9 cm bieden een capaciteit zonder ruimte in beslag te nemen; De hoge wand bevat sauzen en kruiden voor een strakke mengsels en preciezere serveer.<br data-start=\"3148\" data-end=\"3151\">Wat onderhoud betreft, wordt de belofte nagekomen: <g id=\"gid_3\">vaatwasser- en magnetronbestendig<\/g>, het vereenvoudigt het leven, van de koelkast naar de tafel en terug. Het <strong data-start=\"3292\" data-end=\"3305\">keramiek zorgt voor<\/strong> een aangename houding en een prachtige uitstraling op de tafel. Het explodeerde patroon van de <g id=\"gid_5\">Gouttes color\u00e9es<\/g> past heel goed bij eenvoudig servies en sobere tafelkleden; Het benadrukt rauwe groenten, verse kruiden en ultrakleurige recepten.<br data-start=\"3554\" data-end=\"3557\">Denk aan de <g id=\"gid_6\"><g id=\"gid_7\">3 Coloured Drops 3 Picks kom voor sauzen<\/g><\/g> , smaakmakers en kleine bijgerechten: een herinnering aan decoratie die het geheel mooi structureert. Als je voor meerdere mensen kookt, vermijden de <strong data-start=\"3755\" data-end=\"3775\">versies in sets van 2 of 3<\/strong> heen en weer schakelen: \u00e9\u00e9n gerecht voor de salade, \u00e9\u00e9n voor de warme kant, \u00e9\u00e9n voor het dessert. En qua budget stelt <strong data-start=\"3900\" data-end=\"3963\"><a class=\"decorated-link\" href=\"https:\/\/poterie-de-crestet.com\/nl\/promoties\/\" target=\"_new\" rel=\"noopener\" data-start=\"3902\" data-end=\"3961\">de promotie door loting<\/a><\/strong> je in staat om de slimme tafel uit te rusten.<br data-start=\"3996\" data-end=\"3999\">Serveertip: zet je bereidingen in lagen (basis + groenten + eiwitten + topping), meng vlak voor het serveren; de hoogte houdt het volume in stand en de dressing blijft schoon. Het resultaat: een dynamische, leesbare en eerlijk gezegd smakelijke tafel. Een veelzijdig <strong data-start=\"4259\" data-end=\"4283\">presentatiegerecht<\/strong> dat je honger geeft door het gewoon neer te zetten.         <\/p>\n","protected":false},"excerpt":{"rendered":"<p>Flat Series Top Medium Colored Drops: Getone uitstraling en makkelijk te serveren. Vaatwasser- en magnetronbestendig. Ook verkrijgbaar in <strong data-start=\"4491\" data-end=\"4508\">een set van 2 of 3<\/strong>.  <br data-start=\"4509\" data-end=\"4512\"><em data-start=\"4512\" data-end=\"4540\"><strong data-start=\"4513\" data-end=\"4539\">Afmetingen: 23 \u00d7 9 cm<\/strong><\/em><\/p>\n","protected":false},"featured_media":21347,"comment_status":"open","ping_status":"closed","template":"","meta":[],"product_brand":[],"product_cat":[403],"product_tag":[309],"class_list":{"0":"post-21744","1":"product","2":"type-product","3":"status-publish","4":"has-post-thumbnail","6":"product_cat-medium-hoge-rand-schaal","7":"product_tag-gekleurde-druppels","9":"first","10":"instock","11":"taxable","12":"shipping-taxable","13":"purchasable","14":"product-type-simple"},"yoast_head":"<!-- This site is optimized with the Yoast SEO plugin v27.5 - https:\/\/yoast.com\/product\/yoast-seo-wordpress\/ -->\n<title>Medium Hoge Rand Schaal Gekleurde druppels - Poterie de Crestet<\/title>\n<meta name=\"description\" content=\"Coloured Drops: fel keramiek voor salades, bijgerechten en desserts om te delen. Vaatwasser- en magnetronbestendig.\" \/>\n<meta name=\"robots\" content=\"index, follow, max-snippet:-1, max-image-preview:large, max-video-preview:-1\" \/>\n<link rel=\"canonical\" href=\"https:\/\/poterie-de-crestet.com\/nl\/ceramiques\/medium-hoge-rand-schaal-gekleurde-druppels\/\" \/>\n<meta property=\"og:locale\" content=\"nl_NL\" \/>\n<meta property=\"og:type\" content=\"article\" \/>\n<meta property=\"og:title\" content=\"Medium Hoge Rand Schaal Gekleurde druppels - Poterie de Crestet\" \/>\n<meta property=\"og:description\" content=\"Coloured Drops: fel keramiek voor salades, bijgerechten en desserts om te delen. Vaatwasser- en magnetronbestendig.\" \/>\n<meta property=\"og:url\" content=\"https:\/\/poterie-de-crestet.com\/nl\/ceramiques\/medium-hoge-rand-schaal-gekleurde-druppels\/\" \/>\n<meta property=\"og:site_name\" content=\"Poterie de Crestet\" \/>\n<meta property=\"og:image\" content=\"https:\/\/i0.wp.com\/poterie-de-crestet.com\/wp-content\/uploads\/2025\/08\/plat-rebord-haut-19.jpg?fit=800%2C532&ssl=1\" \/>\n\t<meta property=\"og:image:width\" content=\"800\" \/>\n\t<meta property=\"og:image:height\" content=\"532\" \/>\n\t<meta property=\"og:image:type\" content=\"image\/jpeg\" \/>\n<meta name=\"twitter:card\" content=\"summary_large_image\" \/>\n<meta name=\"twitter:label1\" content=\"Geschatte leestijd\" \/>\n\t<meta name=\"twitter:data1\" content=\"1 minuut\" \/>\n<script type=\"application\/ld+json\" class=\"yoast-schema-graph\">{\"@context\":\"https:\\\/\\\/schema.org\",\"@graph\":[{\"@type\":\"WebPage\",\"@id\":\"https:\\\/\\\/poterie-de-crestet.com\\\/nl\\\/ceramiques\\\/medium-hoge-rand-schaal-gekleurde-druppels\\\/\",\"url\":\"https:\\\/\\\/poterie-de-crestet.com\\\/nl\\\/ceramiques\\\/medium-hoge-rand-schaal-gekleurde-druppels\\\/\",\"name\":\"Medium Hoge Rand Schaal Gekleurde druppels - Poterie de Crestet\",\"isPartOf\":{\"@id\":\"https:\\\/\\\/poterie-de-crestet.com\\\/nl\\\/#website\"},\"primaryImageOfPage\":{\"@id\":\"https:\\\/\\\/poterie-de-crestet.com\\\/nl\\\/ceramiques\\\/medium-hoge-rand-schaal-gekleurde-druppels\\\/#primaryimage\"},\"image\":{\"@id\":\"https:\\\/\\\/poterie-de-crestet.com\\\/nl\\\/ceramiques\\\/medium-hoge-rand-schaal-gekleurde-druppels\\\/#primaryimage\"},\"thumbnailUrl\":\"https:\\\/\\\/i0.wp.com\\\/poterie-de-crestet.com\\\/wp-content\\\/uploads\\\/2025\\\/08\\\/plat-rebord-haut-19.jpg?fit=800%2C532&ssl=1\",\"datePublished\":\"2025-08-22T12:55:12+00:00\",\"description\":\"Coloured Drops: fel keramiek voor salades, bijgerechten en desserts om te delen. Vaatwasser- en magnetronbestendig.\",\"breadcrumb\":{\"@id\":\"https:\\\/\\\/poterie-de-crestet.com\\\/nl\\\/ceramiques\\\/medium-hoge-rand-schaal-gekleurde-druppels\\\/#breadcrumb\"},\"inLanguage\":\"nl-NL\",\"potentialAction\":[{\"@type\":\"ReadAction\",\"target\":[\"https:\\\/\\\/poterie-de-crestet.com\\\/nl\\\/ceramiques\\\/medium-hoge-rand-schaal-gekleurde-druppels\\\/\"]}]},{\"@type\":\"ImageObject\",\"inLanguage\":\"nl-NL\",\"@id\":\"https:\\\/\\\/poterie-de-crestet.com\\\/nl\\\/ceramiques\\\/medium-hoge-rand-schaal-gekleurde-druppels\\\/#primaryimage\",\"url\":\"https:\\\/\\\/i0.wp.com\\\/poterie-de-crestet.com\\\/wp-content\\\/uploads\\\/2025\\\/08\\\/plat-rebord-haut-19.jpg?fit=800%2C532&ssl=1\",\"contentUrl\":\"https:\\\/\\\/i0.wp.com\\\/poterie-de-crestet.com\\\/wp-content\\\/uploads\\\/2025\\\/08\\\/plat-rebord-haut-19.jpg?fit=800%2C532&ssl=1\",\"width\":800,\"height\":532,\"caption\":\"Flat serie top klein model \u2013 Gekleurde drops\"},{\"@type\":\"BreadcrumbList\",\"@id\":\"https:\\\/\\\/poterie-de-crestet.com\\\/nl\\\/ceramiques\\\/medium-hoge-rand-schaal-gekleurde-druppels\\\/#breadcrumb\",\"itemListElement\":[{\"@type\":\"ListItem\",\"position\":1,\"name\":\"Accueil\",\"item\":\"https:\\\/\\\/poterie-de-crestet.com\\\/nl\\\/accueil\\\/\"},{\"@type\":\"ListItem\",\"position\":2,\"name\":\"Boutique\",\"item\":\"https:\\\/\\\/poterie-de-crestet.com\\\/ceramiques\\\/\"},{\"@type\":\"ListItem\",\"position\":3,\"name\":\"Medium Hoge Rand Schaal Gekleurde druppels\"}]},{\"@type\":\"WebSite\",\"@id\":\"https:\\\/\\\/poterie-de-crestet.com\\\/nl\\\/#website\",\"url\":\"https:\\\/\\\/poterie-de-crestet.com\\\/nl\\\/\",\"name\":\"Poterie de Crestet\",\"description\":\"Des milliers de poteries inpir\u00e9es de la Provence\",\"publisher\":{\"@id\":\"https:\\\/\\\/poterie-de-crestet.com\\\/nl\\\/#organization\"},\"potentialAction\":[{\"@type\":\"SearchAction\",\"target\":{\"@type\":\"EntryPoint\",\"urlTemplate\":\"https:\\\/\\\/poterie-de-crestet.com\\\/nl\\\/?s={search_term_string}\"},\"query-input\":{\"@type\":\"PropertyValueSpecification\",\"valueRequired\":true,\"valueName\":\"search_term_string\"}}],\"inLanguage\":\"nl-NL\"},{\"@type\":\"Organization\",\"@id\":\"https:\\\/\\\/poterie-de-crestet.com\\\/nl\\\/#organization\",\"name\":\"Poterie de Crestet\",\"url\":\"https:\\\/\\\/poterie-de-crestet.com\\\/nl\\\/\",\"logo\":{\"@type\":\"ImageObject\",\"inLanguage\":\"nl-NL\",\"@id\":\"https:\\\/\\\/poterie-de-crestet.com\\\/nl\\\/#\\\/schema\\\/logo\\\/image\\\/\",\"url\":\"https:\\\/\\\/i0.wp.com\\\/poterie-de-crestet.com\\\/wp-content\\\/uploads\\\/2025\\\/03\\\/Propo-4.png?fit=1000%2C462&ssl=1\",\"contentUrl\":\"https:\\\/\\\/i0.wp.com\\\/poterie-de-crestet.com\\\/wp-content\\\/uploads\\\/2025\\\/03\\\/Propo-4.png?fit=1000%2C462&ssl=1\",\"width\":1000,\"height\":462,\"caption\":\"Poterie de Crestet\"},\"image\":{\"@id\":\"https:\\\/\\\/poterie-de-crestet.com\\\/nl\\\/#\\\/schema\\\/logo\\\/image\\\/\"}}]}<\/script>\n<!-- \/ Yoast SEO plugin. -->","yoast_head_json":{"title":"Medium Hoge Rand Schaal Gekleurde druppels - Poterie de Crestet","description":"Coloured Drops: fel keramiek voor salades, bijgerechten en desserts om te delen. Vaatwasser- en magnetronbestendig.","robots":{"index":"index","follow":"follow","max-snippet":"max-snippet:-1","max-image-preview":"max-image-preview:large","max-video-preview":"max-video-preview:-1"},"canonical":"https:\/\/poterie-de-crestet.com\/nl\/ceramiques\/medium-hoge-rand-schaal-gekleurde-druppels\/","og_locale":"nl_NL","og_type":"article","og_title":"Medium Hoge Rand Schaal Gekleurde druppels - Poterie de Crestet","og_description":"Coloured Drops: fel keramiek voor salades, bijgerechten en desserts om te delen. Vaatwasser- en magnetronbestendig.","og_url":"https:\/\/poterie-de-crestet.com\/nl\/ceramiques\/medium-hoge-rand-schaal-gekleurde-druppels\/","og_site_name":"Poterie de Crestet","og_image":[{"width":800,"height":532,"url":"https:\/\/i0.wp.com\/poterie-de-crestet.com\/wp-content\/uploads\/2025\/08\/plat-rebord-haut-19.jpg?fit=800%2C532&ssl=1","type":"image\/jpeg"}],"twitter_card":"summary_large_image","twitter_misc":{"Geschatte leestijd":"1 minuut"},"schema":{"@context":"https:\/\/schema.org","@graph":[{"@type":"WebPage","@id":"https:\/\/poterie-de-crestet.com\/nl\/ceramiques\/medium-hoge-rand-schaal-gekleurde-druppels\/","url":"https:\/\/poterie-de-crestet.com\/nl\/ceramiques\/medium-hoge-rand-schaal-gekleurde-druppels\/","name":"Medium Hoge Rand Schaal Gekleurde druppels - Poterie de Crestet","isPartOf":{"@id":"https:\/\/poterie-de-crestet.com\/nl\/#website"},"primaryImageOfPage":{"@id":"https:\/\/poterie-de-crestet.com\/nl\/ceramiques\/medium-hoge-rand-schaal-gekleurde-druppels\/#primaryimage"},"image":{"@id":"https:\/\/poterie-de-crestet.com\/nl\/ceramiques\/medium-hoge-rand-schaal-gekleurde-druppels\/#primaryimage"},"thumbnailUrl":"https:\/\/i0.wp.com\/poterie-de-crestet.com\/wp-content\/uploads\/2025\/08\/plat-rebord-haut-19.jpg?fit=800%2C532&ssl=1","datePublished":"2025-08-22T12:55:12+00:00","description":"Coloured Drops: fel keramiek voor salades, bijgerechten en desserts om te delen. Vaatwasser- en magnetronbestendig.","breadcrumb":{"@id":"https:\/\/poterie-de-crestet.com\/nl\/ceramiques\/medium-hoge-rand-schaal-gekleurde-druppels\/#breadcrumb"},"inLanguage":"nl-NL","potentialAction":[{"@type":"ReadAction","target":["https:\/\/poterie-de-crestet.com\/nl\/ceramiques\/medium-hoge-rand-schaal-gekleurde-druppels\/"]}]},{"@type":"ImageObject","inLanguage":"nl-NL","@id":"https:\/\/poterie-de-crestet.com\/nl\/ceramiques\/medium-hoge-rand-schaal-gekleurde-druppels\/#primaryimage","url":"https:\/\/i0.wp.com\/poterie-de-crestet.com\/wp-content\/uploads\/2025\/08\/plat-rebord-haut-19.jpg?fit=800%2C532&ssl=1","contentUrl":"https:\/\/i0.wp.com\/poterie-de-crestet.com\/wp-content\/uploads\/2025\/08\/plat-rebord-haut-19.jpg?fit=800%2C532&ssl=1","width":800,"height":532,"caption":"Flat serie top klein model \u2013 Gekleurde drops"},{"@type":"BreadcrumbList","@id":"https:\/\/poterie-de-crestet.com\/nl\/ceramiques\/medium-hoge-rand-schaal-gekleurde-druppels\/#breadcrumb","itemListElement":[{"@type":"ListItem","position":1,"name":"Accueil","item":"https:\/\/poterie-de-crestet.com\/nl\/accueil\/"},{"@type":"ListItem","position":2,"name":"Boutique","item":"https:\/\/poterie-de-crestet.com\/ceramiques\/"},{"@type":"ListItem","position":3,"name":"Medium Hoge Rand Schaal Gekleurde druppels"}]},{"@type":"WebSite","@id":"https:\/\/poterie-de-crestet.com\/nl\/#website","url":"https:\/\/poterie-de-crestet.com\/nl\/","name":"Poterie de Crestet","description":"Des milliers de poteries inpir\u00e9es de la Provence","publisher":{"@id":"https:\/\/poterie-de-crestet.com\/nl\/#organization"},"potentialAction":[{"@type":"SearchAction","target":{"@type":"EntryPoint","urlTemplate":"https:\/\/poterie-de-crestet.com\/nl\/?s={search_term_string}"},"query-input":{"@type":"PropertyValueSpecification","valueRequired":true,"valueName":"search_term_string"}}],"inLanguage":"nl-NL"},{"@type":"Organization","@id":"https:\/\/poterie-de-crestet.com\/nl\/#organization","name":"Poterie de Crestet","url":"https:\/\/poterie-de-crestet.com\/nl\/","logo":{"@type":"ImageObject","inLanguage":"nl-NL","@id":"https:\/\/poterie-de-crestet.com\/nl\/#\/schema\/logo\/image\/","url":"https:\/\/i0.wp.com\/poterie-de-crestet.com\/wp-content\/uploads\/2025\/03\/Propo-4.png?fit=1000%2C462&ssl=1","contentUrl":"https:\/\/i0.wp.com\/poterie-de-crestet.com\/wp-content\/uploads\/2025\/03\/Propo-4.png?fit=1000%2C462&ssl=1","width":1000,"height":462,"caption":"Poterie de Crestet"},"image":{"@id":"https:\/\/poterie-de-crestet.com\/nl\/#\/schema\/logo\/image\/"}}]}},"jetpack_sharing_enabled":true,"_links":{"self":[{"href":"https:\/\/poterie-de-crestet.com\/nl\/wp-json\/wp\/v2\/product\/21744","targetHints":{"allow":["GET"]}}],"collection":[{"href":"https:\/\/poterie-de-crestet.com\/nl\/wp-json\/wp\/v2\/product"}],"about":[{"href":"https:\/\/poterie-de-crestet.com\/nl\/wp-json\/wp\/v2\/types\/product"}],"replies":[{"embeddable":true,"href":"https:\/\/poterie-de-crestet.com\/nl\/wp-json\/wp\/v2\/comments?post=21744"}],"version-history":[{"count":0,"href":"https:\/\/poterie-de-crestet.com\/nl\/wp-json\/wp\/v2\/product\/21744\/revisions"}],"wp:featuredmedia":[{"embeddable":true,"href":"https:\/\/poterie-de-crestet.com\/nl\/wp-json\/wp\/v2\/media\/21347"}],"wp:attachment":[{"href":"https:\/\/poterie-de-crestet.com\/nl\/wp-json\/wp\/v2\/media?parent=21744"}],"wp:term":[{"taxonomy":"product_brand","embeddable":true,"href":"https:\/\/poterie-de-crestet.com\/nl\/wp-json\/wp\/v2\/product_brand?post=21744"},{"taxonomy":"product_cat","embeddable":true,"href":"https:\/\/poterie-de-crestet.com\/nl\/wp-json\/wp\/v2\/product_cat?post=21744"},{"taxonomy":"product_tag","embeddable":true,"href":"https:\/\/poterie-de-crestet.com\/nl\/wp-json\/wp\/v2\/product_tag?post=21744"}],"curies":[{"name":"wp","href":"https:\/\/api.w.org\/{rel}","templated":true}]}}