{"id":21725,"date":"2025-08-22T14:55:05","date_gmt":"2025-08-22T12:55:05","guid":{"rendered":"https:\/\/poterie-de-crestet.com\/ceramiques\/medium-hoge-rand-schaal-groene-olijfboom\/"},"modified":"2025-12-15T16:28:28","modified_gmt":"2025-12-15T15:28:28","slug":"medium-hoge-rand-schaal-groene-olijfboom","status":"publish","type":"product","link":"https:\/\/poterie-de-crestet.com\/nl\/ceramiques\/medium-hoge-rand-schaal-groene-olijfboom\/","title":{"rendered":"Medium Hoge Rand Schaal  <h5>Groene olijfboom<\/h5>"},"content":{"rendered":"<p>Met zijn <strong data-start=\"2292\" data-end=\"2308\">groene olijfboomdecoratie<\/strong> straalt dit hoogomrande gerecht Provence uit. Ideaal als <strong data-start=\"2362\" data-end=\"2381\">serveerschaal<\/strong>, <strong data-start=\"2383\" data-end=\"2400\">hoge saladekom<\/strong> of <strong data-start=\"2404\" data-end=\"2428\">presentatiegerecht<\/strong>, is het een elegante aanvulling op seizoensalades, geurige groenten, gourmetpasta of gedeelde desserts. Het middelgrote formaat (\u00d8 23 cm, H 9 cm) is royaal genoeg voor gezinsmaaltijden, terwijl het praktisch blijft om vast te houden en op te bergen.<br data-start=\"2664\" data-end=\"2667\">Dit maakt het dagelijks leven makkelijker: <strong data-start=\"2710\" data-end=\"2754\">vaatwasser- en magnetronbestendig<\/strong>, deze <strong data-start=\"2767\" data-end=\"2780\">keramische<\/strong> schaal kan het tempo van modern koken aan. Het kan zowel voor een ge\u00efmproviseerde lunch als voor een grote zomertafel worden meegenomen. Het <g id=\"gid_6\">groene olijfgroene<\/g> decor combineert natuurlijk met lichte tafelkleden, eenvoudig servies en grondstoffen zoals hout.<br data-start=\"3036\" data-end=\"3039\">Om het af te maken is de<g id=\"gid_7\"> <g id=\"gid_8\">Green Olive Tree 3 Picks Bowl<\/g> <\/g>perfect om smaakmakers, olijven, zaden of zelfgemaakte sauzen te arrangeren. En als je graag complete maaltijden organiseert, zijn de <strong data-start=\"3218\" data-end=\"3238\">versies in sets van 2 of 3<\/strong> voor jou: \u00e9\u00e9n gerecht voor de salade, \u00e9\u00e9n voor de bijgerecht, \u00e9\u00e9n voor het dessert, met een duidelijke visuele harmonie. De <strong data-start=\"3372\" data-end=\"3440\"><a class=\"decorated-link\" href=\"https:\/\/poterie-de-crestet.com\/nl\/promoties\/\" target=\"_new\" rel=\"noopener\" data-start=\"3374\" data-end=\"3438\">speciale bundelaanbieding<\/a><\/strong> maakt het toegankelijker.<br data-start=\"3470\" data-end=\"3473\">Tip: Dankzij de hoge rand blijven salades makkelijk te mengen en blijven garneringen, zelfs als het gerecht over de tafel wordt geschoven. <strong data-start=\"3623\" data-end=\"3639\">Olivier vert<\/strong> is de perfecte balans tussen authenticiteit, praktisch nut en stijl.      <\/p>\n","protected":false},"excerpt":{"rendered":"<p>Groene olijfboom gerecht met een hoge rand: Proven\u00e7aalse geest en vriendelijke service. Vaatwasser- en magnetronbestendig. Ook verkrijgbaar in <strong data-start=\"3867\" data-end=\"3884\">een set van 2 of 3<\/strong>.  <br data-start=\"3885\" data-end=\"3888\"><em data-start=\"3888\" data-end=\"3916\"><strong data-start=\"3889\" data-end=\"3915\">Afmetingen: 23 \u00d7 9 cm<\/strong><\/em><\/p>\n","protected":false},"featured_media":21499,"comment_status":"open","ping_status":"closed","template":"","meta":[],"product_brand":[],"product_cat":[403],"product_tag":[183],"class_list":{"0":"post-21725","1":"product","2":"type-product","3":"status-publish","4":"has-post-thumbnail","6":"product_cat-medium-hoge-rand-schaal","7":"product_tag-groene-olijfboom","9":"first","10":"instock","11":"taxable","12":"shipping-taxable","13":"purchasable","14":"product-type-simple"},"yoast_head":"<!-- This site is optimized with the Yoast SEO plugin v27.5 - https:\/\/yoast.com\/product\/yoast-seo-wordpress\/ -->\n<title>Medium Hoge Rand Schaal Groene olijfboom - Poterie de Crestet<\/title>\n<meta name=\"description\" content=\"Gerecht met een hoge rand groene olijf: praktisch en Proven\u00e7aals keramiek voor salades en gerechten om te delen. Vaatwasser- en magnetronbestendig.\" \/>\n<meta name=\"robots\" content=\"index, follow, max-snippet:-1, max-image-preview:large, max-video-preview:-1\" \/>\n<link rel=\"canonical\" href=\"https:\/\/poterie-de-crestet.com\/nl\/ceramiques\/medium-hoge-rand-schaal-groene-olijfboom\/\" \/>\n<meta property=\"og:locale\" content=\"nl_NL\" \/>\n<meta property=\"og:type\" content=\"article\" \/>\n<meta property=\"og:title\" content=\"Medium Hoge Rand Schaal Groene olijfboom - Poterie de Crestet\" \/>\n<meta property=\"og:description\" content=\"Gerecht met een hoge rand groene olijf: praktisch en Proven\u00e7aals keramiek voor salades en gerechten om te delen. Vaatwasser- en magnetronbestendig.\" \/>\n<meta property=\"og:url\" content=\"https:\/\/poterie-de-crestet.com\/nl\/ceramiques\/medium-hoge-rand-schaal-groene-olijfboom\/\" \/>\n<meta property=\"og:site_name\" content=\"Poterie de Crestet\" \/>\n<meta property=\"article:modified_time\" content=\"2025-12-15T15:28:28+00:00\" \/>\n<meta property=\"og:image\" content=\"https:\/\/i0.wp.com\/poterie-de-crestet.com\/wp-content\/uploads\/2025\/08\/plat-rebord-haut-13.jpg?fit=800%2C532&ssl=1\" \/>\n\t<meta property=\"og:image:width\" content=\"800\" \/>\n\t<meta property=\"og:image:height\" content=\"532\" \/>\n\t<meta property=\"og:image:type\" content=\"image\/jpeg\" \/>\n<meta name=\"twitter:card\" content=\"summary_large_image\" \/>\n<meta name=\"twitter:label1\" content=\"Geschatte leestijd\" \/>\n\t<meta name=\"twitter:data1\" content=\"1 minuut\" \/>\n<script type=\"application\/ld+json\" class=\"yoast-schema-graph\">{\"@context\":\"https:\\\/\\\/schema.org\",\"@graph\":[{\"@type\":\"WebPage\",\"@id\":\"https:\\\/\\\/poterie-de-crestet.com\\\/nl\\\/ceramiques\\\/medium-hoge-rand-schaal-groene-olijfboom\\\/\",\"url\":\"https:\\\/\\\/poterie-de-crestet.com\\\/nl\\\/ceramiques\\\/medium-hoge-rand-schaal-groene-olijfboom\\\/\",\"name\":\"Medium Hoge Rand Schaal Groene olijfboom - Poterie de Crestet\",\"isPartOf\":{\"@id\":\"https:\\\/\\\/poterie-de-crestet.com\\\/nl\\\/#website\"},\"primaryImageOfPage\":{\"@id\":\"https:\\\/\\\/poterie-de-crestet.com\\\/nl\\\/ceramiques\\\/medium-hoge-rand-schaal-groene-olijfboom\\\/#primaryimage\"},\"image\":{\"@id\":\"https:\\\/\\\/poterie-de-crestet.com\\\/nl\\\/ceramiques\\\/medium-hoge-rand-schaal-groene-olijfboom\\\/#primaryimage\"},\"thumbnailUrl\":\"https:\\\/\\\/i0.wp.com\\\/poterie-de-crestet.com\\\/wp-content\\\/uploads\\\/2025\\\/08\\\/plat-rebord-haut-13.jpg?fit=800%2C532&ssl=1\",\"datePublished\":\"2025-08-22T12:55:05+00:00\",\"dateModified\":\"2025-12-15T15:28:28+00:00\",\"description\":\"Gerecht met een hoge rand groene olijf: praktisch en Proven\u00e7aals keramiek voor salades en gerechten om te delen. Vaatwasser- en magnetronbestendig.\",\"breadcrumb\":{\"@id\":\"https:\\\/\\\/poterie-de-crestet.com\\\/nl\\\/ceramiques\\\/medium-hoge-rand-schaal-groene-olijfboom\\\/#breadcrumb\"},\"inLanguage\":\"nl-NL\",\"potentialAction\":[{\"@type\":\"ReadAction\",\"target\":[\"https:\\\/\\\/poterie-de-crestet.com\\\/nl\\\/ceramiques\\\/medium-hoge-rand-schaal-groene-olijfboom\\\/\"]}]},{\"@type\":\"ImageObject\",\"inLanguage\":\"nl-NL\",\"@id\":\"https:\\\/\\\/poterie-de-crestet.com\\\/nl\\\/ceramiques\\\/medium-hoge-rand-schaal-groene-olijfboom\\\/#primaryimage\",\"url\":\"https:\\\/\\\/i0.wp.com\\\/poterie-de-crestet.com\\\/wp-content\\\/uploads\\\/2025\\\/08\\\/plat-rebord-haut-13.jpg?fit=800%2C532&ssl=1\",\"contentUrl\":\"https:\\\/\\\/i0.wp.com\\\/poterie-de-crestet.com\\\/wp-content\\\/uploads\\\/2025\\\/08\\\/plat-rebord-haut-13.jpg?fit=800%2C532&ssl=1\",\"width\":800,\"height\":532,\"caption\":\"Flat serie top klein model \u2013 olijfgroen\"},{\"@type\":\"BreadcrumbList\",\"@id\":\"https:\\\/\\\/poterie-de-crestet.com\\\/nl\\\/ceramiques\\\/medium-hoge-rand-schaal-groene-olijfboom\\\/#breadcrumb\",\"itemListElement\":[{\"@type\":\"ListItem\",\"position\":1,\"name\":\"Accueil\",\"item\":\"https:\\\/\\\/poterie-de-crestet.com\\\/nl\\\/accueil\\\/\"},{\"@type\":\"ListItem\",\"position\":2,\"name\":\"Boutique\",\"item\":\"https:\\\/\\\/poterie-de-crestet.com\\\/ceramiques\\\/\"},{\"@type\":\"ListItem\",\"position\":3,\"name\":\"Medium Hoge Rand Schaal Groene olijfboom\"}]},{\"@type\":\"WebSite\",\"@id\":\"https:\\\/\\\/poterie-de-crestet.com\\\/nl\\\/#website\",\"url\":\"https:\\\/\\\/poterie-de-crestet.com\\\/nl\\\/\",\"name\":\"Poterie de Crestet\",\"description\":\"Des milliers de poteries inpir\u00e9es de la Provence\",\"publisher\":{\"@id\":\"https:\\\/\\\/poterie-de-crestet.com\\\/nl\\\/#organization\"},\"potentialAction\":[{\"@type\":\"SearchAction\",\"target\":{\"@type\":\"EntryPoint\",\"urlTemplate\":\"https:\\\/\\\/poterie-de-crestet.com\\\/nl\\\/?s={search_term_string}\"},\"query-input\":{\"@type\":\"PropertyValueSpecification\",\"valueRequired\":true,\"valueName\":\"search_term_string\"}}],\"inLanguage\":\"nl-NL\"},{\"@type\":\"Organization\",\"@id\":\"https:\\\/\\\/poterie-de-crestet.com\\\/nl\\\/#organization\",\"name\":\"Poterie de Crestet\",\"url\":\"https:\\\/\\\/poterie-de-crestet.com\\\/nl\\\/\",\"logo\":{\"@type\":\"ImageObject\",\"inLanguage\":\"nl-NL\",\"@id\":\"https:\\\/\\\/poterie-de-crestet.com\\\/nl\\\/#\\\/schema\\\/logo\\\/image\\\/\",\"url\":\"https:\\\/\\\/i0.wp.com\\\/poterie-de-crestet.com\\\/wp-content\\\/uploads\\\/2025\\\/03\\\/Propo-4.png?fit=1000%2C462&ssl=1\",\"contentUrl\":\"https:\\\/\\\/i0.wp.com\\\/poterie-de-crestet.com\\\/wp-content\\\/uploads\\\/2025\\\/03\\\/Propo-4.png?fit=1000%2C462&ssl=1\",\"width\":1000,\"height\":462,\"caption\":\"Poterie de Crestet\"},\"image\":{\"@id\":\"https:\\\/\\\/poterie-de-crestet.com\\\/nl\\\/#\\\/schema\\\/logo\\\/image\\\/\"}}]}<\/script>\n<!-- \/ Yoast SEO plugin. -->","yoast_head_json":{"title":"Medium Hoge Rand Schaal Groene olijfboom - Poterie de Crestet","description":"Gerecht met een hoge rand groene olijf: praktisch en Proven\u00e7aals keramiek voor salades en gerechten om te delen. Vaatwasser- en magnetronbestendig.","robots":{"index":"index","follow":"follow","max-snippet":"max-snippet:-1","max-image-preview":"max-image-preview:large","max-video-preview":"max-video-preview:-1"},"canonical":"https:\/\/poterie-de-crestet.com\/nl\/ceramiques\/medium-hoge-rand-schaal-groene-olijfboom\/","og_locale":"nl_NL","og_type":"article","og_title":"Medium Hoge Rand Schaal Groene olijfboom - Poterie de Crestet","og_description":"Gerecht met een hoge rand groene olijf: praktisch en Proven\u00e7aals keramiek voor salades en gerechten om te delen. Vaatwasser- en magnetronbestendig.","og_url":"https:\/\/poterie-de-crestet.com\/nl\/ceramiques\/medium-hoge-rand-schaal-groene-olijfboom\/","og_site_name":"Poterie de Crestet","article_modified_time":"2025-12-15T15:28:28+00:00","og_image":[{"width":800,"height":532,"url":"https:\/\/i0.wp.com\/poterie-de-crestet.com\/wp-content\/uploads\/2025\/08\/plat-rebord-haut-13.jpg?fit=800%2C532&ssl=1","type":"image\/jpeg"}],"twitter_card":"summary_large_image","twitter_misc":{"Geschatte leestijd":"1 minuut"},"schema":{"@context":"https:\/\/schema.org","@graph":[{"@type":"WebPage","@id":"https:\/\/poterie-de-crestet.com\/nl\/ceramiques\/medium-hoge-rand-schaal-groene-olijfboom\/","url":"https:\/\/poterie-de-crestet.com\/nl\/ceramiques\/medium-hoge-rand-schaal-groene-olijfboom\/","name":"Medium Hoge Rand Schaal Groene olijfboom - Poterie de Crestet","isPartOf":{"@id":"https:\/\/poterie-de-crestet.com\/nl\/#website"},"primaryImageOfPage":{"@id":"https:\/\/poterie-de-crestet.com\/nl\/ceramiques\/medium-hoge-rand-schaal-groene-olijfboom\/#primaryimage"},"image":{"@id":"https:\/\/poterie-de-crestet.com\/nl\/ceramiques\/medium-hoge-rand-schaal-groene-olijfboom\/#primaryimage"},"thumbnailUrl":"https:\/\/i0.wp.com\/poterie-de-crestet.com\/wp-content\/uploads\/2025\/08\/plat-rebord-haut-13.jpg?fit=800%2C532&ssl=1","datePublished":"2025-08-22T12:55:05+00:00","dateModified":"2025-12-15T15:28:28+00:00","description":"Gerecht met een hoge rand groene olijf: praktisch en Proven\u00e7aals keramiek voor salades en gerechten om te delen. Vaatwasser- en magnetronbestendig.","breadcrumb":{"@id":"https:\/\/poterie-de-crestet.com\/nl\/ceramiques\/medium-hoge-rand-schaal-groene-olijfboom\/#breadcrumb"},"inLanguage":"nl-NL","potentialAction":[{"@type":"ReadAction","target":["https:\/\/poterie-de-crestet.com\/nl\/ceramiques\/medium-hoge-rand-schaal-groene-olijfboom\/"]}]},{"@type":"ImageObject","inLanguage":"nl-NL","@id":"https:\/\/poterie-de-crestet.com\/nl\/ceramiques\/medium-hoge-rand-schaal-groene-olijfboom\/#primaryimage","url":"https:\/\/i0.wp.com\/poterie-de-crestet.com\/wp-content\/uploads\/2025\/08\/plat-rebord-haut-13.jpg?fit=800%2C532&ssl=1","contentUrl":"https:\/\/i0.wp.com\/poterie-de-crestet.com\/wp-content\/uploads\/2025\/08\/plat-rebord-haut-13.jpg?fit=800%2C532&ssl=1","width":800,"height":532,"caption":"Flat serie top klein model \u2013 olijfgroen"},{"@type":"BreadcrumbList","@id":"https:\/\/poterie-de-crestet.com\/nl\/ceramiques\/medium-hoge-rand-schaal-groene-olijfboom\/#breadcrumb","itemListElement":[{"@type":"ListItem","position":1,"name":"Accueil","item":"https:\/\/poterie-de-crestet.com\/nl\/accueil\/"},{"@type":"ListItem","position":2,"name":"Boutique","item":"https:\/\/poterie-de-crestet.com\/ceramiques\/"},{"@type":"ListItem","position":3,"name":"Medium Hoge Rand Schaal Groene olijfboom"}]},{"@type":"WebSite","@id":"https:\/\/poterie-de-crestet.com\/nl\/#website","url":"https:\/\/poterie-de-crestet.com\/nl\/","name":"Poterie de Crestet","description":"Des milliers de poteries inpir\u00e9es de la Provence","publisher":{"@id":"https:\/\/poterie-de-crestet.com\/nl\/#organization"},"potentialAction":[{"@type":"SearchAction","target":{"@type":"EntryPoint","urlTemplate":"https:\/\/poterie-de-crestet.com\/nl\/?s={search_term_string}"},"query-input":{"@type":"PropertyValueSpecification","valueRequired":true,"valueName":"search_term_string"}}],"inLanguage":"nl-NL"},{"@type":"Organization","@id":"https:\/\/poterie-de-crestet.com\/nl\/#organization","name":"Poterie de Crestet","url":"https:\/\/poterie-de-crestet.com\/nl\/","logo":{"@type":"ImageObject","inLanguage":"nl-NL","@id":"https:\/\/poterie-de-crestet.com\/nl\/#\/schema\/logo\/image\/","url":"https:\/\/i0.wp.com\/poterie-de-crestet.com\/wp-content\/uploads\/2025\/03\/Propo-4.png?fit=1000%2C462&ssl=1","contentUrl":"https:\/\/i0.wp.com\/poterie-de-crestet.com\/wp-content\/uploads\/2025\/03\/Propo-4.png?fit=1000%2C462&ssl=1","width":1000,"height":462,"caption":"Poterie de Crestet"},"image":{"@id":"https:\/\/poterie-de-crestet.com\/nl\/#\/schema\/logo\/image\/"}}]}},"jetpack_sharing_enabled":true,"_links":{"self":[{"href":"https:\/\/poterie-de-crestet.com\/nl\/wp-json\/wp\/v2\/product\/21725","targetHints":{"allow":["GET"]}}],"collection":[{"href":"https:\/\/poterie-de-crestet.com\/nl\/wp-json\/wp\/v2\/product"}],"about":[{"href":"https:\/\/poterie-de-crestet.com\/nl\/wp-json\/wp\/v2\/types\/product"}],"replies":[{"embeddable":true,"href":"https:\/\/poterie-de-crestet.com\/nl\/wp-json\/wp\/v2\/comments?post=21725"}],"version-history":[{"count":1,"href":"https:\/\/poterie-de-crestet.com\/nl\/wp-json\/wp\/v2\/product\/21725\/revisions"}],"predecessor-version":[{"id":21728,"href":"https:\/\/poterie-de-crestet.com\/nl\/wp-json\/wp\/v2\/product\/21725\/revisions\/21728"}],"wp:featuredmedia":[{"embeddable":true,"href":"https:\/\/poterie-de-crestet.com\/nl\/wp-json\/wp\/v2\/media\/21499"}],"wp:attachment":[{"href":"https:\/\/poterie-de-crestet.com\/nl\/wp-json\/wp\/v2\/media?parent=21725"}],"wp:term":[{"taxonomy":"product_brand","embeddable":true,"href":"https:\/\/poterie-de-crestet.com\/nl\/wp-json\/wp\/v2\/product_brand?post=21725"},{"taxonomy":"product_cat","embeddable":true,"href":"https:\/\/poterie-de-crestet.com\/nl\/wp-json\/wp\/v2\/product_cat?post=21725"},{"taxonomy":"product_tag","embeddable":true,"href":"https:\/\/poterie-de-crestet.com\/nl\/wp-json\/wp\/v2\/product_tag?post=21725"}],"curies":[{"name":"wp","href":"https:\/\/api.w.org\/{rel}","templated":true}]}}