{"id":20669,"date":"2025-04-11T12:14:10","date_gmt":"2025-04-11T10:14:10","guid":{"rendered":"https:\/\/poterie-de-crestet.com\/ceramiques\/lunchbeker-blauwe-druppels\/"},"modified":"2025-04-11T12:14:10","modified_gmt":"2025-04-11T10:14:10","slug":"lunchbeker-blauwe-druppels","status":"publish","type":"product","link":"https:\/\/poterie-de-crestet.com\/nl\/ceramiques\/lunchbeker-blauwe-druppels\/","title":{"rendered":"Lunchbeker  <h5>Blauwe Druppels<\/h5>"},"content":{"rendered":"<h4 class=\"\" data-start=\"458\" data-end=\"498\">\ud83c\udf0a Voor een zachte ontwaking<\/h4>\n<p class=\"\" data-start=\"499\" data-end=\"801\">Deze Gouttes bleues ontbijtmok nodigt uit tot rust vanaf de eerste slokjes. Met zijn royale formaat biedt hij moeiteloos plaats aan een grote thee, koffieroom of dikke chocolade. Het biedt echt comfort om de dag goed te beginnen, of het nu aan tafel is of in een fauteuil.  <\/p>\n<h4 class=\"\" data-start=\"803\" data-end=\"848\">\ud83e\uddfc Makkelijk te gebruiken, maximaal plezier<\/h4>\n<p class=\"\" data-start=\"849\" data-end=\"1110\">De kop en schotel zijn vaatwasser- en magnetronbestendig en zijn natuurlijk compatibel met dagelijks voedselgebruik. De brede, afgeronde rand zorgt voor een prettige grip, en het schoteltje voorkomt kleine onhandigheid bij het serveren. <\/p>\n<h4 class=\"\" data-start=\"1112\" data-end=\"1149\">\ud83c\udfa8 Een rustgevend en levendig decor<\/h4>\n<p class=\"\" data-start=\"1150\" data-end=\"1347\">De blauwe druppels, \u00e9\u00e9n voor \u00e9\u00e9n met de hand geschilderd, vormen een vloeiend patroon dat doet denken aan water, zomerregen of reflecties op een natte markt. Elk stuk verschilt iets voor een unieke charme. <\/p>\n<h4 class=\"\" data-start=\"1349\" data-end=\"1377\">\ud83d\udd17 Natuurlijke harmonie<\/h4>\n<p class=\"\" data-start=\"1378\" data-end=\"1506\">Combineer het met de <a class=\"\" href=\"https:\/\/poterie-de-crestet.com\/nl\/ceramiques\/mortier-blauwe-druppels\/\" rel=\"noopener\" data-start=\"1393\" data-end=\"1420\">Blue Drops Mortar<\/a> om het thema uit te breiden, of speel met contrast met de <a class=\"\" href=\"https:\/\/poterie-de-crestet.com\/nl\/ceramiques\/eierhouder-6-tropisch\/\" rel=\"noopener\" data-start=\"1481\" data-end=\"1505\">Tropical Egg Holder<\/a>.<\/p>\n","protected":false},"excerpt":{"rendered":"<p>Grote lunchcup met schoteltje en blauwe druppels decoratie. Perfect voor thee, chocolade of latte. <br data-start=\"386\" data-end=\"389\"><strong data-start=\"389\" data-end=\"427\"><em data-start=\"391\" data-end=\"425\">Afmetingen: 13,2 \u00d7 17 \u00d7 11,2 cm<\/em><\/strong><\/p>\n","protected":false},"featured_media":20671,"comment_status":"open","ping_status":"closed","template":"","meta":[],"product_brand":[],"product_cat":[361,362],"product_tag":[308],"class_list":{"0":"post-20669","1":"product","2":"type-product","3":"status-publish","4":"has-post-thumbnail","6":"product_cat-bekers","7":"product_cat-ontbijtkom","8":"product_tag-blauwe-druppels","10":"first","11":"instock","12":"taxable","13":"shipping-taxable","14":"purchasable","15":"product-type-simple"},"yoast_head":"<!-- This site is optimized with the Yoast SEO plugin v27.5 - https:\/\/yoast.com\/product\/yoast-seo-wordpress\/ -->\n<title>Lunchbeker Blauwe Druppels - Poterie de Crestet<\/title>\n<meta name=\"description\" content=\"Keramische lunchmokdecoratie blauwe druppels. Grote kop met schoteltje, wasbaar, voor warme dranken. Handgeschilderd.\" \/>\n<meta name=\"robots\" content=\"index, follow, max-snippet:-1, max-image-preview:large, max-video-preview:-1\" \/>\n<link rel=\"canonical\" href=\"https:\/\/poterie-de-crestet.com\/nl\/ceramiques\/lunchbeker-blauwe-druppels\/\" \/>\n<meta property=\"og:locale\" content=\"nl_NL\" \/>\n<meta property=\"og:type\" content=\"article\" \/>\n<meta property=\"og:title\" content=\"Lunchbeker Blauwe Druppels - Poterie de Crestet\" \/>\n<meta property=\"og:description\" content=\"Keramische lunchmokdecoratie blauwe druppels. Grote kop met schoteltje, wasbaar, voor warme dranken. Handgeschilderd.\" \/>\n<meta property=\"og:url\" content=\"https:\/\/poterie-de-crestet.com\/nl\/ceramiques\/lunchbeker-blauwe-druppels\/\" \/>\n<meta property=\"og:site_name\" content=\"Poterie de Crestet\" \/>\n<meta property=\"og:image\" content=\"https:\/\/i0.wp.com\/poterie-de-crestet.com\/wp-content\/uploads\/2025\/04\/Poterie-du-Crestet1075.jpg?fit=800%2C532&ssl=1\" \/>\n\t<meta property=\"og:image:width\" content=\"800\" \/>\n\t<meta property=\"og:image:height\" content=\"532\" \/>\n\t<meta property=\"og:image:type\" content=\"image\/jpeg\" \/>\n<meta name=\"twitter:card\" content=\"summary_large_image\" \/>\n<meta name=\"twitter:label1\" content=\"Geschatte leestijd\" \/>\n\t<meta name=\"twitter:data1\" content=\"1 minuut\" \/>\n<script type=\"application\/ld+json\" class=\"yoast-schema-graph\">{\"@context\":\"https:\\\/\\\/schema.org\",\"@graph\":[{\"@type\":\"WebPage\",\"@id\":\"https:\\\/\\\/poterie-de-crestet.com\\\/nl\\\/ceramiques\\\/lunchbeker-blauwe-druppels\\\/\",\"url\":\"https:\\\/\\\/poterie-de-crestet.com\\\/nl\\\/ceramiques\\\/lunchbeker-blauwe-druppels\\\/\",\"name\":\"Lunchbeker Blauwe Druppels - Poterie de Crestet\",\"isPartOf\":{\"@id\":\"https:\\\/\\\/poterie-de-crestet.com\\\/nl\\\/#website\"},\"primaryImageOfPage\":{\"@id\":\"https:\\\/\\\/poterie-de-crestet.com\\\/nl\\\/ceramiques\\\/lunchbeker-blauwe-druppels\\\/#primaryimage\"},\"image\":{\"@id\":\"https:\\\/\\\/poterie-de-crestet.com\\\/nl\\\/ceramiques\\\/lunchbeker-blauwe-druppels\\\/#primaryimage\"},\"thumbnailUrl\":\"https:\\\/\\\/i0.wp.com\\\/poterie-de-crestet.com\\\/wp-content\\\/uploads\\\/2025\\\/04\\\/Poterie-du-Crestet1075.jpg?fit=800%2C532&ssl=1\",\"datePublished\":\"2025-04-11T10:14:10+00:00\",\"description\":\"Keramische lunchmokdecoratie blauwe druppels. Grote kop met schoteltje, wasbaar, voor warme dranken. Handgeschilderd.\",\"breadcrumb\":{\"@id\":\"https:\\\/\\\/poterie-de-crestet.com\\\/nl\\\/ceramiques\\\/lunchbeker-blauwe-druppels\\\/#breadcrumb\"},\"inLanguage\":\"nl-NL\",\"potentialAction\":[{\"@type\":\"ReadAction\",\"target\":[\"https:\\\/\\\/poterie-de-crestet.com\\\/nl\\\/ceramiques\\\/lunchbeker-blauwe-druppels\\\/\"]}]},{\"@type\":\"ImageObject\",\"inLanguage\":\"nl-NL\",\"@id\":\"https:\\\/\\\/poterie-de-crestet.com\\\/nl\\\/ceramiques\\\/lunchbeker-blauwe-druppels\\\/#primaryimage\",\"url\":\"https:\\\/\\\/i0.wp.com\\\/poterie-de-crestet.com\\\/wp-content\\\/uploads\\\/2025\\\/04\\\/Poterie-du-Crestet1075.jpg?fit=800%2C532&ssl=1\",\"contentUrl\":\"https:\\\/\\\/i0.wp.com\\\/poterie-de-crestet.com\\\/wp-content\\\/uploads\\\/2025\\\/04\\\/Poterie-du-Crestet1075.jpg?fit=800%2C532&ssl=1\",\"width\":800,\"height\":532,\"caption\":\"Blue Drops Ontbijtbeker\"},{\"@type\":\"BreadcrumbList\",\"@id\":\"https:\\\/\\\/poterie-de-crestet.com\\\/nl\\\/ceramiques\\\/lunchbeker-blauwe-druppels\\\/#breadcrumb\",\"itemListElement\":[{\"@type\":\"ListItem\",\"position\":1,\"name\":\"Accueil\",\"item\":\"https:\\\/\\\/poterie-de-crestet.com\\\/nl\\\/accueil\\\/\"},{\"@type\":\"ListItem\",\"position\":2,\"name\":\"Boutique\",\"item\":\"https:\\\/\\\/poterie-de-crestet.com\\\/ceramiques\\\/\"},{\"@type\":\"ListItem\",\"position\":3,\"name\":\"Lunchbeker Blauwe Druppels\"}]},{\"@type\":\"WebSite\",\"@id\":\"https:\\\/\\\/poterie-de-crestet.com\\\/nl\\\/#website\",\"url\":\"https:\\\/\\\/poterie-de-crestet.com\\\/nl\\\/\",\"name\":\"Poterie de Crestet\",\"description\":\"Des milliers de poteries inpir\u00e9es de la Provence\",\"publisher\":{\"@id\":\"https:\\\/\\\/poterie-de-crestet.com\\\/nl\\\/#organization\"},\"potentialAction\":[{\"@type\":\"SearchAction\",\"target\":{\"@type\":\"EntryPoint\",\"urlTemplate\":\"https:\\\/\\\/poterie-de-crestet.com\\\/nl\\\/?s={search_term_string}\"},\"query-input\":{\"@type\":\"PropertyValueSpecification\",\"valueRequired\":true,\"valueName\":\"search_term_string\"}}],\"inLanguage\":\"nl-NL\"},{\"@type\":\"Organization\",\"@id\":\"https:\\\/\\\/poterie-de-crestet.com\\\/nl\\\/#organization\",\"name\":\"Poterie de Crestet\",\"url\":\"https:\\\/\\\/poterie-de-crestet.com\\\/nl\\\/\",\"logo\":{\"@type\":\"ImageObject\",\"inLanguage\":\"nl-NL\",\"@id\":\"https:\\\/\\\/poterie-de-crestet.com\\\/nl\\\/#\\\/schema\\\/logo\\\/image\\\/\",\"url\":\"https:\\\/\\\/i0.wp.com\\\/poterie-de-crestet.com\\\/wp-content\\\/uploads\\\/2025\\\/03\\\/Propo-4.png?fit=1000%2C462&ssl=1\",\"contentUrl\":\"https:\\\/\\\/i0.wp.com\\\/poterie-de-crestet.com\\\/wp-content\\\/uploads\\\/2025\\\/03\\\/Propo-4.png?fit=1000%2C462&ssl=1\",\"width\":1000,\"height\":462,\"caption\":\"Poterie de Crestet\"},\"image\":{\"@id\":\"https:\\\/\\\/poterie-de-crestet.com\\\/nl\\\/#\\\/schema\\\/logo\\\/image\\\/\"}}]}<\/script>\n<!-- \/ Yoast SEO plugin. -->","yoast_head_json":{"title":"Lunchbeker Blauwe Druppels - Poterie de Crestet","description":"Keramische lunchmokdecoratie blauwe druppels. Grote kop met schoteltje, wasbaar, voor warme dranken. Handgeschilderd.","robots":{"index":"index","follow":"follow","max-snippet":"max-snippet:-1","max-image-preview":"max-image-preview:large","max-video-preview":"max-video-preview:-1"},"canonical":"https:\/\/poterie-de-crestet.com\/nl\/ceramiques\/lunchbeker-blauwe-druppels\/","og_locale":"nl_NL","og_type":"article","og_title":"Lunchbeker Blauwe Druppels - Poterie de Crestet","og_description":"Keramische lunchmokdecoratie blauwe druppels. Grote kop met schoteltje, wasbaar, voor warme dranken. Handgeschilderd.","og_url":"https:\/\/poterie-de-crestet.com\/nl\/ceramiques\/lunchbeker-blauwe-druppels\/","og_site_name":"Poterie de Crestet","og_image":[{"width":800,"height":532,"url":"https:\/\/i0.wp.com\/poterie-de-crestet.com\/wp-content\/uploads\/2025\/04\/Poterie-du-Crestet1075.jpg?fit=800%2C532&ssl=1","type":"image\/jpeg"}],"twitter_card":"summary_large_image","twitter_misc":{"Geschatte leestijd":"1 minuut"},"schema":{"@context":"https:\/\/schema.org","@graph":[{"@type":"WebPage","@id":"https:\/\/poterie-de-crestet.com\/nl\/ceramiques\/lunchbeker-blauwe-druppels\/","url":"https:\/\/poterie-de-crestet.com\/nl\/ceramiques\/lunchbeker-blauwe-druppels\/","name":"Lunchbeker Blauwe Druppels - Poterie de Crestet","isPartOf":{"@id":"https:\/\/poterie-de-crestet.com\/nl\/#website"},"primaryImageOfPage":{"@id":"https:\/\/poterie-de-crestet.com\/nl\/ceramiques\/lunchbeker-blauwe-druppels\/#primaryimage"},"image":{"@id":"https:\/\/poterie-de-crestet.com\/nl\/ceramiques\/lunchbeker-blauwe-druppels\/#primaryimage"},"thumbnailUrl":"https:\/\/i0.wp.com\/poterie-de-crestet.com\/wp-content\/uploads\/2025\/04\/Poterie-du-Crestet1075.jpg?fit=800%2C532&ssl=1","datePublished":"2025-04-11T10:14:10+00:00","description":"Keramische lunchmokdecoratie blauwe druppels. Grote kop met schoteltje, wasbaar, voor warme dranken. Handgeschilderd.","breadcrumb":{"@id":"https:\/\/poterie-de-crestet.com\/nl\/ceramiques\/lunchbeker-blauwe-druppels\/#breadcrumb"},"inLanguage":"nl-NL","potentialAction":[{"@type":"ReadAction","target":["https:\/\/poterie-de-crestet.com\/nl\/ceramiques\/lunchbeker-blauwe-druppels\/"]}]},{"@type":"ImageObject","inLanguage":"nl-NL","@id":"https:\/\/poterie-de-crestet.com\/nl\/ceramiques\/lunchbeker-blauwe-druppels\/#primaryimage","url":"https:\/\/i0.wp.com\/poterie-de-crestet.com\/wp-content\/uploads\/2025\/04\/Poterie-du-Crestet1075.jpg?fit=800%2C532&ssl=1","contentUrl":"https:\/\/i0.wp.com\/poterie-de-crestet.com\/wp-content\/uploads\/2025\/04\/Poterie-du-Crestet1075.jpg?fit=800%2C532&ssl=1","width":800,"height":532,"caption":"Blue Drops Ontbijtbeker"},{"@type":"BreadcrumbList","@id":"https:\/\/poterie-de-crestet.com\/nl\/ceramiques\/lunchbeker-blauwe-druppels\/#breadcrumb","itemListElement":[{"@type":"ListItem","position":1,"name":"Accueil","item":"https:\/\/poterie-de-crestet.com\/nl\/accueil\/"},{"@type":"ListItem","position":2,"name":"Boutique","item":"https:\/\/poterie-de-crestet.com\/ceramiques\/"},{"@type":"ListItem","position":3,"name":"Lunchbeker Blauwe Druppels"}]},{"@type":"WebSite","@id":"https:\/\/poterie-de-crestet.com\/nl\/#website","url":"https:\/\/poterie-de-crestet.com\/nl\/","name":"Poterie de Crestet","description":"Des milliers de poteries inpir\u00e9es de la Provence","publisher":{"@id":"https:\/\/poterie-de-crestet.com\/nl\/#organization"},"potentialAction":[{"@type":"SearchAction","target":{"@type":"EntryPoint","urlTemplate":"https:\/\/poterie-de-crestet.com\/nl\/?s={search_term_string}"},"query-input":{"@type":"PropertyValueSpecification","valueRequired":true,"valueName":"search_term_string"}}],"inLanguage":"nl-NL"},{"@type":"Organization","@id":"https:\/\/poterie-de-crestet.com\/nl\/#organization","name":"Poterie de Crestet","url":"https:\/\/poterie-de-crestet.com\/nl\/","logo":{"@type":"ImageObject","inLanguage":"nl-NL","@id":"https:\/\/poterie-de-crestet.com\/nl\/#\/schema\/logo\/image\/","url":"https:\/\/i0.wp.com\/poterie-de-crestet.com\/wp-content\/uploads\/2025\/03\/Propo-4.png?fit=1000%2C462&ssl=1","contentUrl":"https:\/\/i0.wp.com\/poterie-de-crestet.com\/wp-content\/uploads\/2025\/03\/Propo-4.png?fit=1000%2C462&ssl=1","width":1000,"height":462,"caption":"Poterie de Crestet"},"image":{"@id":"https:\/\/poterie-de-crestet.com\/nl\/#\/schema\/logo\/image\/"}}]}},"jetpack_sharing_enabled":true,"_links":{"self":[{"href":"https:\/\/poterie-de-crestet.com\/nl\/wp-json\/wp\/v2\/product\/20669","targetHints":{"allow":["GET"]}}],"collection":[{"href":"https:\/\/poterie-de-crestet.com\/nl\/wp-json\/wp\/v2\/product"}],"about":[{"href":"https:\/\/poterie-de-crestet.com\/nl\/wp-json\/wp\/v2\/types\/product"}],"replies":[{"embeddable":true,"href":"https:\/\/poterie-de-crestet.com\/nl\/wp-json\/wp\/v2\/comments?post=20669"}],"version-history":[{"count":0,"href":"https:\/\/poterie-de-crestet.com\/nl\/wp-json\/wp\/v2\/product\/20669\/revisions"}],"wp:featuredmedia":[{"embeddable":true,"href":"https:\/\/poterie-de-crestet.com\/nl\/wp-json\/wp\/v2\/media\/20671"}],"wp:attachment":[{"href":"https:\/\/poterie-de-crestet.com\/nl\/wp-json\/wp\/v2\/media?parent=20669"}],"wp:term":[{"taxonomy":"product_brand","embeddable":true,"href":"https:\/\/poterie-de-crestet.com\/nl\/wp-json\/wp\/v2\/product_brand?post=20669"},{"taxonomy":"product_cat","embeddable":true,"href":"https:\/\/poterie-de-crestet.com\/nl\/wp-json\/wp\/v2\/product_cat?post=20669"},{"taxonomy":"product_tag","embeddable":true,"href":"https:\/\/poterie-de-crestet.com\/nl\/wp-json\/wp\/v2\/product_tag?post=20669"}],"curies":[{"name":"wp","href":"https:\/\/api.w.org\/{rel}","templated":true}]}}