{"id":19616,"date":"2025-04-11T12:14:12","date_gmt":"2025-04-11T10:14:12","guid":{"rendered":"https:\/\/poterie-de-crestet.com\/ceramiques\/koffiemok-rode-olijfboom\/"},"modified":"2025-04-11T12:14:12","modified_gmt":"2025-04-11T10:14:12","slug":"koffiemok-rode-olijfboom","status":"publish","type":"product","link":"https:\/\/poterie-de-crestet.com\/nl\/ceramiques\/koffiemok-rode-olijfboom\/","title":{"rendered":"Koffiemok  <h5>Rode olijfboom<\/h5>"},"content":{"rendered":"<p class=\"\" data-start=\"390\" data-end=\"669\"><strong data-start=\"390\" data-end=\"434\">Een klein formaat met een sterk karakter<\/strong><br data-start=\"434\" data-end=\"437\">Dit koffiekopje zonder handvat met een rode olijfboom roept het Zuiden en eenvoudige genoegens op: een sterke koffie, een zelfgemaakt dessert, een tafel gedeeld met het gezin. Het past perfect in de hand en kan zowel solo als in duo worden gebruikt. <\/p>\n<p class=\"\" data-start=\"671\" data-end=\"894\"><strong data-start=\"671\" data-end=\"713\">Stevig en praktisch voor dagelijks gebruik<\/strong><br data-start=\"713\" data-end=\"716\">Magnetron- en vaatwasserbestendig, het is eenvoudig te gebruiken en op te bergen. De kegelvormige vorm geeft het grote stabiliteit en het formaat is ideaal voor kleine volumes. <\/p>\n<p class=\"\" data-start=\"896\" data-end=\"1109\"><strong data-start=\"896\" data-end=\"930\">Een warm handgeschilderd decor<\/strong><br data-start=\"930\" data-end=\"933\">De olijftakken worden \u00e9\u00e9n voor \u00e9\u00e9n met de hand aangebracht, in warme en vrolijke rode tinten. Elk stuk verschilt een beetje, wat een extra vleugje ambachtelijke ziel toevoegt. <\/p>\n<p class=\"\" data-start=\"1111\" data-end=\"1293\"><strong data-start=\"1111\" data-end=\"1139\">Veelzijdig in het dagelijks leven<\/strong><br data-start=\"1139\" data-end=\"1142\">Het kan ook gebruikt worden als bakje voor zelfgemaakte tomatensaus, compote of chocoladeroom. Ze draait zich vrijwillig om in een feestelijke verrine. <\/p>\n<p class=\"\" data-start=\"1295\" data-end=\"1451\"><strong data-start=\"1295\" data-end=\"1322\">Om zonder aarzeling te combineren<\/strong><br data-start=\"1322\" data-end=\"1325\">Combineer het met het <a class=\"\" href=\"https:\/\/poterie-de-crestet.com\/nl\/ceramiques\/lunchbeker-rode-olijfboom\/\" rel=\"noopener\" data-start=\"1342\" data-end=\"1377\">Olivier Rouge ontbijtbekertje<\/a>, of probeer een origineel contrast met een <a class=\"\" href=\"https:\/\/poterie-de-crestet.com\/nl\/ceramiques\/blue-drops-taartschaal\/\" rel=\"noopener\" data-start=\"1419\" data-end=\"1450\">Gouttes bleues cakevorm.<\/a><\/p>\n","protected":false},"excerpt":{"rendered":"<p>Mok zonder handvat met rode olijfboom versiering. Voor espresso, sauzen of zoete room. <br data-start=\"330\" data-end=\"333\"><strong data-start=\"333\" data-end=\"364\"><em data-start=\"335\" data-end=\"362\">Afmetingen: 7,5 \u00d7 7,5 cm<\/em><\/strong><\/p>\n","protected":false},"featured_media":19617,"comment_status":"open","ping_status":"closed","template":"","meta":[],"product_brand":[],"product_cat":[361],"product_tag":[191],"class_list":{"0":"post-19616","1":"product","2":"type-product","3":"status-publish","4":"has-post-thumbnail","6":"product_cat-bekers","7":"product_tag-rode-olijfboom","9":"first","10":"instock","11":"taxable","12":"shipping-taxable","13":"purchasable","14":"product-type-simple"},"yoast_head":"<!-- This site is optimized with the Yoast SEO plugin v27.5 - https:\/\/yoast.com\/product\/yoast-seo-wordpress\/ -->\n<title>Koffiemok Rode olijfboom - Poterie de Crestet<\/title>\n<meta name=\"description\" content=\"Koffiekopje zonder handvat met rode olijfboomversiering. Wasbare en met de hand beschilderde keramiek. Voor espresso, saus of chocolademousse.\" \/>\n<meta name=\"robots\" content=\"index, follow, max-snippet:-1, max-image-preview:large, max-video-preview:-1\" \/>\n<link rel=\"canonical\" href=\"https:\/\/poterie-de-crestet.com\/nl\/ceramiques\/koffiemok-rode-olijfboom\/\" \/>\n<meta property=\"og:locale\" content=\"nl_NL\" \/>\n<meta property=\"og:type\" content=\"article\" \/>\n<meta property=\"og:title\" content=\"Koffiemok Rode olijfboom - Poterie de Crestet\" \/>\n<meta property=\"og:description\" content=\"Koffiekopje zonder handvat met rode olijfboomversiering. Wasbare en met de hand beschilderde keramiek. Voor espresso, saus of chocolademousse.\" \/>\n<meta property=\"og:url\" content=\"https:\/\/poterie-de-crestet.com\/nl\/ceramiques\/koffiemok-rode-olijfboom\/\" \/>\n<meta property=\"og:site_name\" content=\"Poterie de Crestet\" \/>\n<meta property=\"og:image\" content=\"https:\/\/i0.wp.com\/poterie-de-crestet.com\/wp-content\/uploads\/2025\/04\/Poterie-du-Crestet0923.jpg?fit=800%2C532&ssl=1\" \/>\n\t<meta property=\"og:image:width\" content=\"800\" \/>\n\t<meta property=\"og:image:height\" content=\"532\" \/>\n\t<meta property=\"og:image:type\" content=\"image\/jpeg\" \/>\n<meta name=\"twitter:card\" content=\"summary_large_image\" \/>\n<meta name=\"twitter:label1\" content=\"Geschatte leestijd\" \/>\n\t<meta name=\"twitter:data1\" content=\"1 minuut\" \/>\n<script type=\"application\/ld+json\" class=\"yoast-schema-graph\">{\"@context\":\"https:\\\/\\\/schema.org\",\"@graph\":[{\"@type\":\"WebPage\",\"@id\":\"https:\\\/\\\/poterie-de-crestet.com\\\/nl\\\/ceramiques\\\/koffiemok-rode-olijfboom\\\/\",\"url\":\"https:\\\/\\\/poterie-de-crestet.com\\\/nl\\\/ceramiques\\\/koffiemok-rode-olijfboom\\\/\",\"name\":\"Koffiemok Rode olijfboom - Poterie de Crestet\",\"isPartOf\":{\"@id\":\"https:\\\/\\\/poterie-de-crestet.com\\\/nl\\\/#website\"},\"primaryImageOfPage\":{\"@id\":\"https:\\\/\\\/poterie-de-crestet.com\\\/nl\\\/ceramiques\\\/koffiemok-rode-olijfboom\\\/#primaryimage\"},\"image\":{\"@id\":\"https:\\\/\\\/poterie-de-crestet.com\\\/nl\\\/ceramiques\\\/koffiemok-rode-olijfboom\\\/#primaryimage\"},\"thumbnailUrl\":\"https:\\\/\\\/i0.wp.com\\\/poterie-de-crestet.com\\\/wp-content\\\/uploads\\\/2025\\\/04\\\/Poterie-du-Crestet0923.jpg?fit=800%2C532&ssl=1\",\"datePublished\":\"2025-04-11T10:14:12+00:00\",\"description\":\"Koffiekopje zonder handvat met rode olijfboomversiering. Wasbare en met de hand beschilderde keramiek. Voor espresso, saus of chocolademousse.\",\"breadcrumb\":{\"@id\":\"https:\\\/\\\/poterie-de-crestet.com\\\/nl\\\/ceramiques\\\/koffiemok-rode-olijfboom\\\/#breadcrumb\"},\"inLanguage\":\"nl-NL\",\"potentialAction\":[{\"@type\":\"ReadAction\",\"target\":[\"https:\\\/\\\/poterie-de-crestet.com\\\/nl\\\/ceramiques\\\/koffiemok-rode-olijfboom\\\/\"]}]},{\"@type\":\"ImageObject\",\"inLanguage\":\"nl-NL\",\"@id\":\"https:\\\/\\\/poterie-de-crestet.com\\\/nl\\\/ceramiques\\\/koffiemok-rode-olijfboom\\\/#primaryimage\",\"url\":\"https:\\\/\\\/i0.wp.com\\\/poterie-de-crestet.com\\\/wp-content\\\/uploads\\\/2025\\\/04\\\/Poterie-du-Crestet0923.jpg?fit=800%2C532&ssl=1\",\"contentUrl\":\"https:\\\/\\\/i0.wp.com\\\/poterie-de-crestet.com\\\/wp-content\\\/uploads\\\/2025\\\/04\\\/Poterie-du-Crestet0923.jpg?fit=800%2C532&ssl=1\",\"width\":800,\"height\":532,\"caption\":\"Rode Olijf Koffiemok\"},{\"@type\":\"BreadcrumbList\",\"@id\":\"https:\\\/\\\/poterie-de-crestet.com\\\/nl\\\/ceramiques\\\/koffiemok-rode-olijfboom\\\/#breadcrumb\",\"itemListElement\":[{\"@type\":\"ListItem\",\"position\":1,\"name\":\"Accueil\",\"item\":\"https:\\\/\\\/poterie-de-crestet.com\\\/nl\\\/accueil\\\/\"},{\"@type\":\"ListItem\",\"position\":2,\"name\":\"Boutique\",\"item\":\"https:\\\/\\\/poterie-de-crestet.com\\\/ceramiques\\\/\"},{\"@type\":\"ListItem\",\"position\":3,\"name\":\"Koffiemok Rode olijfboom\"}]},{\"@type\":\"WebSite\",\"@id\":\"https:\\\/\\\/poterie-de-crestet.com\\\/nl\\\/#website\",\"url\":\"https:\\\/\\\/poterie-de-crestet.com\\\/nl\\\/\",\"name\":\"Poterie de Crestet\",\"description\":\"Des milliers de poteries inpir\u00e9es de la Provence\",\"publisher\":{\"@id\":\"https:\\\/\\\/poterie-de-crestet.com\\\/nl\\\/#organization\"},\"potentialAction\":[{\"@type\":\"SearchAction\",\"target\":{\"@type\":\"EntryPoint\",\"urlTemplate\":\"https:\\\/\\\/poterie-de-crestet.com\\\/nl\\\/?s={search_term_string}\"},\"query-input\":{\"@type\":\"PropertyValueSpecification\",\"valueRequired\":true,\"valueName\":\"search_term_string\"}}],\"inLanguage\":\"nl-NL\"},{\"@type\":\"Organization\",\"@id\":\"https:\\\/\\\/poterie-de-crestet.com\\\/nl\\\/#organization\",\"name\":\"Poterie de Crestet\",\"url\":\"https:\\\/\\\/poterie-de-crestet.com\\\/nl\\\/\",\"logo\":{\"@type\":\"ImageObject\",\"inLanguage\":\"nl-NL\",\"@id\":\"https:\\\/\\\/poterie-de-crestet.com\\\/nl\\\/#\\\/schema\\\/logo\\\/image\\\/\",\"url\":\"https:\\\/\\\/i0.wp.com\\\/poterie-de-crestet.com\\\/wp-content\\\/uploads\\\/2025\\\/03\\\/Propo-4.png?fit=1000%2C462&ssl=1\",\"contentUrl\":\"https:\\\/\\\/i0.wp.com\\\/poterie-de-crestet.com\\\/wp-content\\\/uploads\\\/2025\\\/03\\\/Propo-4.png?fit=1000%2C462&ssl=1\",\"width\":1000,\"height\":462,\"caption\":\"Poterie de Crestet\"},\"image\":{\"@id\":\"https:\\\/\\\/poterie-de-crestet.com\\\/nl\\\/#\\\/schema\\\/logo\\\/image\\\/\"}}]}<\/script>\n<!-- \/ Yoast SEO plugin. -->","yoast_head_json":{"title":"Koffiemok Rode olijfboom - Poterie de Crestet","description":"Koffiekopje zonder handvat met rode olijfboomversiering. Wasbare en met de hand beschilderde keramiek. Voor espresso, saus of chocolademousse.","robots":{"index":"index","follow":"follow","max-snippet":"max-snippet:-1","max-image-preview":"max-image-preview:large","max-video-preview":"max-video-preview:-1"},"canonical":"https:\/\/poterie-de-crestet.com\/nl\/ceramiques\/koffiemok-rode-olijfboom\/","og_locale":"nl_NL","og_type":"article","og_title":"Koffiemok Rode olijfboom - Poterie de Crestet","og_description":"Koffiekopje zonder handvat met rode olijfboomversiering. Wasbare en met de hand beschilderde keramiek. Voor espresso, saus of chocolademousse.","og_url":"https:\/\/poterie-de-crestet.com\/nl\/ceramiques\/koffiemok-rode-olijfboom\/","og_site_name":"Poterie de Crestet","og_image":[{"width":800,"height":532,"url":"https:\/\/i0.wp.com\/poterie-de-crestet.com\/wp-content\/uploads\/2025\/04\/Poterie-du-Crestet0923.jpg?fit=800%2C532&ssl=1","type":"image\/jpeg"}],"twitter_card":"summary_large_image","twitter_misc":{"Geschatte leestijd":"1 minuut"},"schema":{"@context":"https:\/\/schema.org","@graph":[{"@type":"WebPage","@id":"https:\/\/poterie-de-crestet.com\/nl\/ceramiques\/koffiemok-rode-olijfboom\/","url":"https:\/\/poterie-de-crestet.com\/nl\/ceramiques\/koffiemok-rode-olijfboom\/","name":"Koffiemok Rode olijfboom - Poterie de Crestet","isPartOf":{"@id":"https:\/\/poterie-de-crestet.com\/nl\/#website"},"primaryImageOfPage":{"@id":"https:\/\/poterie-de-crestet.com\/nl\/ceramiques\/koffiemok-rode-olijfboom\/#primaryimage"},"image":{"@id":"https:\/\/poterie-de-crestet.com\/nl\/ceramiques\/koffiemok-rode-olijfboom\/#primaryimage"},"thumbnailUrl":"https:\/\/i0.wp.com\/poterie-de-crestet.com\/wp-content\/uploads\/2025\/04\/Poterie-du-Crestet0923.jpg?fit=800%2C532&ssl=1","datePublished":"2025-04-11T10:14:12+00:00","description":"Koffiekopje zonder handvat met rode olijfboomversiering. Wasbare en met de hand beschilderde keramiek. Voor espresso, saus of chocolademousse.","breadcrumb":{"@id":"https:\/\/poterie-de-crestet.com\/nl\/ceramiques\/koffiemok-rode-olijfboom\/#breadcrumb"},"inLanguage":"nl-NL","potentialAction":[{"@type":"ReadAction","target":["https:\/\/poterie-de-crestet.com\/nl\/ceramiques\/koffiemok-rode-olijfboom\/"]}]},{"@type":"ImageObject","inLanguage":"nl-NL","@id":"https:\/\/poterie-de-crestet.com\/nl\/ceramiques\/koffiemok-rode-olijfboom\/#primaryimage","url":"https:\/\/i0.wp.com\/poterie-de-crestet.com\/wp-content\/uploads\/2025\/04\/Poterie-du-Crestet0923.jpg?fit=800%2C532&ssl=1","contentUrl":"https:\/\/i0.wp.com\/poterie-de-crestet.com\/wp-content\/uploads\/2025\/04\/Poterie-du-Crestet0923.jpg?fit=800%2C532&ssl=1","width":800,"height":532,"caption":"Rode Olijf Koffiemok"},{"@type":"BreadcrumbList","@id":"https:\/\/poterie-de-crestet.com\/nl\/ceramiques\/koffiemok-rode-olijfboom\/#breadcrumb","itemListElement":[{"@type":"ListItem","position":1,"name":"Accueil","item":"https:\/\/poterie-de-crestet.com\/nl\/accueil\/"},{"@type":"ListItem","position":2,"name":"Boutique","item":"https:\/\/poterie-de-crestet.com\/ceramiques\/"},{"@type":"ListItem","position":3,"name":"Koffiemok Rode olijfboom"}]},{"@type":"WebSite","@id":"https:\/\/poterie-de-crestet.com\/nl\/#website","url":"https:\/\/poterie-de-crestet.com\/nl\/","name":"Poterie de Crestet","description":"Des milliers de poteries inpir\u00e9es de la Provence","publisher":{"@id":"https:\/\/poterie-de-crestet.com\/nl\/#organization"},"potentialAction":[{"@type":"SearchAction","target":{"@type":"EntryPoint","urlTemplate":"https:\/\/poterie-de-crestet.com\/nl\/?s={search_term_string}"},"query-input":{"@type":"PropertyValueSpecification","valueRequired":true,"valueName":"search_term_string"}}],"inLanguage":"nl-NL"},{"@type":"Organization","@id":"https:\/\/poterie-de-crestet.com\/nl\/#organization","name":"Poterie de Crestet","url":"https:\/\/poterie-de-crestet.com\/nl\/","logo":{"@type":"ImageObject","inLanguage":"nl-NL","@id":"https:\/\/poterie-de-crestet.com\/nl\/#\/schema\/logo\/image\/","url":"https:\/\/i0.wp.com\/poterie-de-crestet.com\/wp-content\/uploads\/2025\/03\/Propo-4.png?fit=1000%2C462&ssl=1","contentUrl":"https:\/\/i0.wp.com\/poterie-de-crestet.com\/wp-content\/uploads\/2025\/03\/Propo-4.png?fit=1000%2C462&ssl=1","width":1000,"height":462,"caption":"Poterie de Crestet"},"image":{"@id":"https:\/\/poterie-de-crestet.com\/nl\/#\/schema\/logo\/image\/"}}]}},"jetpack_sharing_enabled":true,"_links":{"self":[{"href":"https:\/\/poterie-de-crestet.com\/nl\/wp-json\/wp\/v2\/product\/19616","targetHints":{"allow":["GET"]}}],"collection":[{"href":"https:\/\/poterie-de-crestet.com\/nl\/wp-json\/wp\/v2\/product"}],"about":[{"href":"https:\/\/poterie-de-crestet.com\/nl\/wp-json\/wp\/v2\/types\/product"}],"replies":[{"embeddable":true,"href":"https:\/\/poterie-de-crestet.com\/nl\/wp-json\/wp\/v2\/comments?post=19616"}],"version-history":[{"count":0,"href":"https:\/\/poterie-de-crestet.com\/nl\/wp-json\/wp\/v2\/product\/19616\/revisions"}],"wp:featuredmedia":[{"embeddable":true,"href":"https:\/\/poterie-de-crestet.com\/nl\/wp-json\/wp\/v2\/media\/19617"}],"wp:attachment":[{"href":"https:\/\/poterie-de-crestet.com\/nl\/wp-json\/wp\/v2\/media?parent=19616"}],"wp:term":[{"taxonomy":"product_brand","embeddable":true,"href":"https:\/\/poterie-de-crestet.com\/nl\/wp-json\/wp\/v2\/product_brand?post=19616"},{"taxonomy":"product_cat","embeddable":true,"href":"https:\/\/poterie-de-crestet.com\/nl\/wp-json\/wp\/v2\/product_cat?post=19616"},{"taxonomy":"product_tag","embeddable":true,"href":"https:\/\/poterie-de-crestet.com\/nl\/wp-json\/wp\/v2\/product_tag?post=19616"}],"curies":[{"name":"wp","href":"https:\/\/api.w.org\/{rel}","templated":true}]}}