{"id":19603,"date":"2025-04-11T12:14:10","date_gmt":"2025-04-11T10:14:10","guid":{"rendered":"https:\/\/poterie-de-crestet.com\/ceramiques\/lunchbeker-rode-plein\/"},"modified":"2025-04-11T12:14:10","modified_gmt":"2025-04-11T10:14:10","slug":"lunchbeker-rode-plein","status":"publish","type":"product","link":"https:\/\/poterie-de-crestet.com\/nl\/ceramiques\/lunchbeker-rode-plein\/","title":{"rendered":"Lunchbeker  <h5>Rode Plein<\/h5>"},"content":{"rendered":"<h4 class=\"\" data-start=\"2047\" data-end=\"2098\">\u2600\ufe0f Ochtendrood verstoort de sfeer niet<\/h4>\n<p class=\"\" data-start=\"2099\" data-end=\"2384\">Deze grote lunchbeker in een rood vierkant decor geeft wat extra energie op tafel na het ontbijt. Het is perfect voor een lange koffie, zelfgemaakte chocolade of zelfs een lichte soep. De royale grootte stelt je in staat om van je warme drankjes te genieten zonder jezelf bij te vullen.  <\/p>\n<h4 class=\"\" data-start=\"2386\" data-end=\"2432\">\ud83d\udce6 Handige en gebruiksvriendelijke opmaak<\/h4>\n<p class=\"\" data-start=\"2433\" data-end=\"2662\">Dankzij de bijpassende schotel kun je hem overal neerzetten zonder bang te zijn dat het druppelt. Alles is vaatwasser- en magnetronbestendig en voldoet aan de voedselnormen. Het is de alledaagse mok, betrouwbaar, mooi en functioneel.  <\/p>\n<h4 class=\"\" data-start=\"2664\" data-end=\"2708\">\ud83c\udfa8 Handgeschilderde rode vierkanten<\/h4>\n<p class=\"\" data-start=\"2709\" data-end=\"2925\">Het decor bestaat uit rode vierkanten, \u00e9\u00e9n voor \u00e9\u00e9n met de hand geschilderd, met lichte onregelmatigheden die de charme van deze kamer maken. Kleuraccenten wekken de borden en geven je ochtendstemming energie. <\/p>\n<h4 class=\"\" data-start=\"2927\" data-end=\"2956\">\ud83d\udd17 Voorgestelde mix &amp; match<\/h4>\n<p class=\"\" data-start=\"2957\" data-end=\"3104\">Combineer het met de <a class=\"\" href=\"https:\/\/poterie-de-crestet.com\/nl\/ceramiques\/saladekom-rode-plein\/\" rel=\"noopener\" data-start=\"2972\" data-end=\"2998\">Carr\u00e9 rouge saladekom<\/a> voor een 100% passend ontbijt, of geniet van het kraken van de codes met de <a class=\"\" href=\"https:\/\/poterie-de-crestet.com\/nl\/ceramiques\/lepelsteun-zwarte-vloer\/\" rel=\"noopener\" data-start=\"3074\" data-end=\"3103\">zwarte Sol lepelsteun<\/a>.<\/p>\n","protected":false},"excerpt":{"rendered":"<p>Rood vierkant keramische lunchmok, met bijpassende schotel. Voor een kleurrijke wake-up call. <br data-start=\"1975\" data-end=\"1978\"><strong data-start=\"1978\" data-end=\"2016\"><em data-start=\"1980\" data-end=\"2014\">Afmetingen: 13,2 \u00d7 17 \u00d7 11,2 cm<\/em><\/strong><\/p>\n","protected":false},"featured_media":19605,"comment_status":"open","ping_status":"closed","template":"","meta":[],"product_brand":[],"product_cat":[361,362],"product_tag":[222],"class_list":{"0":"post-19603","1":"product","2":"type-product","3":"status-publish","4":"has-post-thumbnail","6":"product_cat-bekers","7":"product_cat-ontbijtkom","8":"product_tag-rode-plein","10":"first","11":"instock","12":"taxable","13":"shipping-taxable","14":"purchasable","15":"product-type-simple"},"yoast_head":"<!-- This site is optimized with the Yoast SEO plugin v27.5 - https:\/\/yoast.com\/product\/yoast-seo-wordpress\/ -->\n<title>Lunchbeker Rode Plein - Poterie de Crestet<\/title>\n<meta name=\"description\" content=\"Keramische lunchmok met rood vierkant decor. Met schoteltje, voor koffie of chocolade. Wasbaar, met de hand geschilderd, dagelijks te gebruiken.\" \/>\n<meta name=\"robots\" content=\"index, follow, max-snippet:-1, max-image-preview:large, max-video-preview:-1\" \/>\n<link rel=\"canonical\" href=\"https:\/\/poterie-de-crestet.com\/nl\/ceramiques\/lunchbeker-rode-plein\/\" \/>\n<meta property=\"og:locale\" content=\"nl_NL\" \/>\n<meta property=\"og:type\" content=\"article\" \/>\n<meta property=\"og:title\" content=\"Lunchbeker Rode Plein - Poterie de Crestet\" \/>\n<meta property=\"og:description\" content=\"Keramische lunchmok met rood vierkant decor. Met schoteltje, voor koffie of chocolade. Wasbaar, met de hand geschilderd, dagelijks te gebruiken.\" \/>\n<meta property=\"og:url\" content=\"https:\/\/poterie-de-crestet.com\/nl\/ceramiques\/lunchbeker-rode-plein\/\" \/>\n<meta property=\"og:site_name\" content=\"Poterie de Crestet\" \/>\n<meta property=\"og:image\" content=\"https:\/\/i0.wp.com\/poterie-de-crestet.com\/wp-content\/uploads\/2025\/04\/tasse-a-dejeuner-carre-rouge.jpg?fit=458%2C458&ssl=1\" \/>\n\t<meta property=\"og:image:width\" content=\"458\" \/>\n\t<meta property=\"og:image:height\" content=\"458\" \/>\n\t<meta property=\"og:image:type\" content=\"image\/jpeg\" \/>\n<meta name=\"twitter:card\" content=\"summary_large_image\" \/>\n<meta name=\"twitter:label1\" content=\"Geschatte leestijd\" \/>\n\t<meta name=\"twitter:data1\" content=\"1 minuut\" \/>\n<script type=\"application\/ld+json\" class=\"yoast-schema-graph\">{\"@context\":\"https:\\\/\\\/schema.org\",\"@graph\":[{\"@type\":\"WebPage\",\"@id\":\"https:\\\/\\\/poterie-de-crestet.com\\\/nl\\\/ceramiques\\\/lunchbeker-rode-plein\\\/\",\"url\":\"https:\\\/\\\/poterie-de-crestet.com\\\/nl\\\/ceramiques\\\/lunchbeker-rode-plein\\\/\",\"name\":\"Lunchbeker Rode Plein - Poterie de Crestet\",\"isPartOf\":{\"@id\":\"https:\\\/\\\/poterie-de-crestet.com\\\/nl\\\/#website\"},\"primaryImageOfPage\":{\"@id\":\"https:\\\/\\\/poterie-de-crestet.com\\\/nl\\\/ceramiques\\\/lunchbeker-rode-plein\\\/#primaryimage\"},\"image\":{\"@id\":\"https:\\\/\\\/poterie-de-crestet.com\\\/nl\\\/ceramiques\\\/lunchbeker-rode-plein\\\/#primaryimage\"},\"thumbnailUrl\":\"https:\\\/\\\/i0.wp.com\\\/poterie-de-crestet.com\\\/wp-content\\\/uploads\\\/2025\\\/04\\\/tasse-a-dejeuner-carre-rouge.jpg?fit=458%2C458&ssl=1\",\"datePublished\":\"2025-04-11T10:14:10+00:00\",\"description\":\"Keramische lunchmok met rood vierkant decor. Met schoteltje, voor koffie of chocolade. Wasbaar, met de hand geschilderd, dagelijks te gebruiken.\",\"breadcrumb\":{\"@id\":\"https:\\\/\\\/poterie-de-crestet.com\\\/nl\\\/ceramiques\\\/lunchbeker-rode-plein\\\/#breadcrumb\"},\"inLanguage\":\"nl-NL\",\"potentialAction\":[{\"@type\":\"ReadAction\",\"target\":[\"https:\\\/\\\/poterie-de-crestet.com\\\/nl\\\/ceramiques\\\/lunchbeker-rode-plein\\\/\"]}]},{\"@type\":\"ImageObject\",\"inLanguage\":\"nl-NL\",\"@id\":\"https:\\\/\\\/poterie-de-crestet.com\\\/nl\\\/ceramiques\\\/lunchbeker-rode-plein\\\/#primaryimage\",\"url\":\"https:\\\/\\\/i0.wp.com\\\/poterie-de-crestet.com\\\/wp-content\\\/uploads\\\/2025\\\/04\\\/tasse-a-dejeuner-carre-rouge.jpg?fit=458%2C458&ssl=1\",\"contentUrl\":\"https:\\\/\\\/i0.wp.com\\\/poterie-de-crestet.com\\\/wp-content\\\/uploads\\\/2025\\\/04\\\/tasse-a-dejeuner-carre-rouge.jpg?fit=458%2C458&ssl=1\",\"width\":458,\"height\":458,\"caption\":\"Red Square Lunchmok\"},{\"@type\":\"BreadcrumbList\",\"@id\":\"https:\\\/\\\/poterie-de-crestet.com\\\/nl\\\/ceramiques\\\/lunchbeker-rode-plein\\\/#breadcrumb\",\"itemListElement\":[{\"@type\":\"ListItem\",\"position\":1,\"name\":\"Accueil\",\"item\":\"https:\\\/\\\/poterie-de-crestet.com\\\/nl\\\/accueil\\\/\"},{\"@type\":\"ListItem\",\"position\":2,\"name\":\"Boutique\",\"item\":\"https:\\\/\\\/poterie-de-crestet.com\\\/ceramiques\\\/\"},{\"@type\":\"ListItem\",\"position\":3,\"name\":\"Lunchbeker Rode Plein\"}]},{\"@type\":\"WebSite\",\"@id\":\"https:\\\/\\\/poterie-de-crestet.com\\\/nl\\\/#website\",\"url\":\"https:\\\/\\\/poterie-de-crestet.com\\\/nl\\\/\",\"name\":\"Poterie de Crestet\",\"description\":\"Des milliers de poteries inpir\u00e9es de la Provence\",\"publisher\":{\"@id\":\"https:\\\/\\\/poterie-de-crestet.com\\\/nl\\\/#organization\"},\"potentialAction\":[{\"@type\":\"SearchAction\",\"target\":{\"@type\":\"EntryPoint\",\"urlTemplate\":\"https:\\\/\\\/poterie-de-crestet.com\\\/nl\\\/?s={search_term_string}\"},\"query-input\":{\"@type\":\"PropertyValueSpecification\",\"valueRequired\":true,\"valueName\":\"search_term_string\"}}],\"inLanguage\":\"nl-NL\"},{\"@type\":\"Organization\",\"@id\":\"https:\\\/\\\/poterie-de-crestet.com\\\/nl\\\/#organization\",\"name\":\"Poterie de Crestet\",\"url\":\"https:\\\/\\\/poterie-de-crestet.com\\\/nl\\\/\",\"logo\":{\"@type\":\"ImageObject\",\"inLanguage\":\"nl-NL\",\"@id\":\"https:\\\/\\\/poterie-de-crestet.com\\\/nl\\\/#\\\/schema\\\/logo\\\/image\\\/\",\"url\":\"https:\\\/\\\/i0.wp.com\\\/poterie-de-crestet.com\\\/wp-content\\\/uploads\\\/2025\\\/03\\\/Propo-4.png?fit=1000%2C462&ssl=1\",\"contentUrl\":\"https:\\\/\\\/i0.wp.com\\\/poterie-de-crestet.com\\\/wp-content\\\/uploads\\\/2025\\\/03\\\/Propo-4.png?fit=1000%2C462&ssl=1\",\"width\":1000,\"height\":462,\"caption\":\"Poterie de Crestet\"},\"image\":{\"@id\":\"https:\\\/\\\/poterie-de-crestet.com\\\/nl\\\/#\\\/schema\\\/logo\\\/image\\\/\"}}]}<\/script>\n<!-- \/ Yoast SEO plugin. -->","yoast_head_json":{"title":"Lunchbeker Rode Plein - Poterie de Crestet","description":"Keramische lunchmok met rood vierkant decor. Met schoteltje, voor koffie of chocolade. Wasbaar, met de hand geschilderd, dagelijks te gebruiken.","robots":{"index":"index","follow":"follow","max-snippet":"max-snippet:-1","max-image-preview":"max-image-preview:large","max-video-preview":"max-video-preview:-1"},"canonical":"https:\/\/poterie-de-crestet.com\/nl\/ceramiques\/lunchbeker-rode-plein\/","og_locale":"nl_NL","og_type":"article","og_title":"Lunchbeker Rode Plein - Poterie de Crestet","og_description":"Keramische lunchmok met rood vierkant decor. Met schoteltje, voor koffie of chocolade. Wasbaar, met de hand geschilderd, dagelijks te gebruiken.","og_url":"https:\/\/poterie-de-crestet.com\/nl\/ceramiques\/lunchbeker-rode-plein\/","og_site_name":"Poterie de Crestet","og_image":[{"width":458,"height":458,"url":"https:\/\/i0.wp.com\/poterie-de-crestet.com\/wp-content\/uploads\/2025\/04\/tasse-a-dejeuner-carre-rouge.jpg?fit=458%2C458&ssl=1","type":"image\/jpeg"}],"twitter_card":"summary_large_image","twitter_misc":{"Geschatte leestijd":"1 minuut"},"schema":{"@context":"https:\/\/schema.org","@graph":[{"@type":"WebPage","@id":"https:\/\/poterie-de-crestet.com\/nl\/ceramiques\/lunchbeker-rode-plein\/","url":"https:\/\/poterie-de-crestet.com\/nl\/ceramiques\/lunchbeker-rode-plein\/","name":"Lunchbeker Rode Plein - Poterie de Crestet","isPartOf":{"@id":"https:\/\/poterie-de-crestet.com\/nl\/#website"},"primaryImageOfPage":{"@id":"https:\/\/poterie-de-crestet.com\/nl\/ceramiques\/lunchbeker-rode-plein\/#primaryimage"},"image":{"@id":"https:\/\/poterie-de-crestet.com\/nl\/ceramiques\/lunchbeker-rode-plein\/#primaryimage"},"thumbnailUrl":"https:\/\/i0.wp.com\/poterie-de-crestet.com\/wp-content\/uploads\/2025\/04\/tasse-a-dejeuner-carre-rouge.jpg?fit=458%2C458&ssl=1","datePublished":"2025-04-11T10:14:10+00:00","description":"Keramische lunchmok met rood vierkant decor. Met schoteltje, voor koffie of chocolade. Wasbaar, met de hand geschilderd, dagelijks te gebruiken.","breadcrumb":{"@id":"https:\/\/poterie-de-crestet.com\/nl\/ceramiques\/lunchbeker-rode-plein\/#breadcrumb"},"inLanguage":"nl-NL","potentialAction":[{"@type":"ReadAction","target":["https:\/\/poterie-de-crestet.com\/nl\/ceramiques\/lunchbeker-rode-plein\/"]}]},{"@type":"ImageObject","inLanguage":"nl-NL","@id":"https:\/\/poterie-de-crestet.com\/nl\/ceramiques\/lunchbeker-rode-plein\/#primaryimage","url":"https:\/\/i0.wp.com\/poterie-de-crestet.com\/wp-content\/uploads\/2025\/04\/tasse-a-dejeuner-carre-rouge.jpg?fit=458%2C458&ssl=1","contentUrl":"https:\/\/i0.wp.com\/poterie-de-crestet.com\/wp-content\/uploads\/2025\/04\/tasse-a-dejeuner-carre-rouge.jpg?fit=458%2C458&ssl=1","width":458,"height":458,"caption":"Red Square Lunchmok"},{"@type":"BreadcrumbList","@id":"https:\/\/poterie-de-crestet.com\/nl\/ceramiques\/lunchbeker-rode-plein\/#breadcrumb","itemListElement":[{"@type":"ListItem","position":1,"name":"Accueil","item":"https:\/\/poterie-de-crestet.com\/nl\/accueil\/"},{"@type":"ListItem","position":2,"name":"Boutique","item":"https:\/\/poterie-de-crestet.com\/ceramiques\/"},{"@type":"ListItem","position":3,"name":"Lunchbeker Rode Plein"}]},{"@type":"WebSite","@id":"https:\/\/poterie-de-crestet.com\/nl\/#website","url":"https:\/\/poterie-de-crestet.com\/nl\/","name":"Poterie de Crestet","description":"Des milliers de poteries inpir\u00e9es de la Provence","publisher":{"@id":"https:\/\/poterie-de-crestet.com\/nl\/#organization"},"potentialAction":[{"@type":"SearchAction","target":{"@type":"EntryPoint","urlTemplate":"https:\/\/poterie-de-crestet.com\/nl\/?s={search_term_string}"},"query-input":{"@type":"PropertyValueSpecification","valueRequired":true,"valueName":"search_term_string"}}],"inLanguage":"nl-NL"},{"@type":"Organization","@id":"https:\/\/poterie-de-crestet.com\/nl\/#organization","name":"Poterie de Crestet","url":"https:\/\/poterie-de-crestet.com\/nl\/","logo":{"@type":"ImageObject","inLanguage":"nl-NL","@id":"https:\/\/poterie-de-crestet.com\/nl\/#\/schema\/logo\/image\/","url":"https:\/\/i0.wp.com\/poterie-de-crestet.com\/wp-content\/uploads\/2025\/03\/Propo-4.png?fit=1000%2C462&ssl=1","contentUrl":"https:\/\/i0.wp.com\/poterie-de-crestet.com\/wp-content\/uploads\/2025\/03\/Propo-4.png?fit=1000%2C462&ssl=1","width":1000,"height":462,"caption":"Poterie de Crestet"},"image":{"@id":"https:\/\/poterie-de-crestet.com\/nl\/#\/schema\/logo\/image\/"}}]}},"jetpack_sharing_enabled":true,"_links":{"self":[{"href":"https:\/\/poterie-de-crestet.com\/nl\/wp-json\/wp\/v2\/product\/19603","targetHints":{"allow":["GET"]}}],"collection":[{"href":"https:\/\/poterie-de-crestet.com\/nl\/wp-json\/wp\/v2\/product"}],"about":[{"href":"https:\/\/poterie-de-crestet.com\/nl\/wp-json\/wp\/v2\/types\/product"}],"replies":[{"embeddable":true,"href":"https:\/\/poterie-de-crestet.com\/nl\/wp-json\/wp\/v2\/comments?post=19603"}],"version-history":[{"count":0,"href":"https:\/\/poterie-de-crestet.com\/nl\/wp-json\/wp\/v2\/product\/19603\/revisions"}],"wp:featuredmedia":[{"embeddable":true,"href":"https:\/\/poterie-de-crestet.com\/nl\/wp-json\/wp\/v2\/media\/19605"}],"wp:attachment":[{"href":"https:\/\/poterie-de-crestet.com\/nl\/wp-json\/wp\/v2\/media?parent=19603"}],"wp:term":[{"taxonomy":"product_brand","embeddable":true,"href":"https:\/\/poterie-de-crestet.com\/nl\/wp-json\/wp\/v2\/product_brand?post=19603"},{"taxonomy":"product_cat","embeddable":true,"href":"https:\/\/poterie-de-crestet.com\/nl\/wp-json\/wp\/v2\/product_cat?post=19603"},{"taxonomy":"product_tag","embeddable":true,"href":"https:\/\/poterie-de-crestet.com\/nl\/wp-json\/wp\/v2\/product_tag?post=19603"}],"curies":[{"name":"wp","href":"https:\/\/api.w.org\/{rel}","templated":true}]}}