{"id":17020,"date":"2025-04-06T21:20:08","date_gmt":"2025-04-06T19:20:08","guid":{"rendered":"https:\/\/poterie-de-crestet.com\/ceramiques\/zouthand-green-nyons\/"},"modified":"2025-04-06T21:20:08","modified_gmt":"2025-04-06T19:20:08","slug":"zouthand-green-nyons","status":"publish","type":"product","link":"https:\/\/poterie-de-crestet.com\/nl\/ceramiques\/zouthand-green-nyons\/","title":{"rendered":"Zouthand  <h5>Green Nyons<\/h5>"},"content":{"rendered":"<p>Het interieur van &#8220;Nyons vert&#8221; roept kleine padjes op die omzoomd zijn met olijfbomen en markten met lokale producten. Handgeschilderd mengt deze zouthand fijne groene tinten met bloemmotieven ge\u00efnspireerd op de Dr\u00f4me Proven\u00e7ale. <\/p>\n<p><br data-start=\"1504\" data-end=\"1507\">Het kan op een aanrecht of bij de oven worden geplaatst om zout dichtbij te houden, maar kan ook worden gebruikt als decoratieve pan of opbergruimte in andere kamers van het huis.<\/p>\n<p><br data-start=\"1701\" data-end=\"1704\">Combineer het met onze <strong data-start=\"1749\" data-end=\"1771\">groene Nyons<\/strong> <strong data-start=\"1724\" data-end=\"1741\">wijnbakstenen<\/strong> of kannen voor een consistente en vriendelijke service. Je vindt het vooral op de markten van Nyons en Uz\u00e8s. <\/p>\n","protected":false},"excerpt":{"rendered":"<p>Een klassieke Provenzaalsse touch met dit handgeschilderde zout in zachte groene tinten.<\/p>\n","protected":false},"featured_media":17022,"comment_status":"open","ping_status":"closed","template":"","meta":[],"product_brand":[],"product_cat":[307],"product_tag":[215],"class_list":{"0":"post-17020","1":"product","2":"type-product","3":"status-publish","4":"has-post-thumbnail","6":"product_cat-zouthanden","7":"product_tag-green-nyons","9":"first","10":"instock","11":"taxable","12":"shipping-taxable","13":"purchasable","14":"product-type-simple"},"yoast_head":"<!-- This site is optimized with the Yoast SEO plugin v27.5 - https:\/\/yoast.com\/product\/yoast-seo-wordpress\/ -->\n<title>Zouthand Green Nyons - Poterie de Crestet<\/title>\n<meta name=\"description\" content=\"Verfleef je keuken met een groene Nyons-zouthand. Het kan ook worden omgetoverd tot een suikerkom, sponsdeksel of zelfs een bakje.\" \/>\n<meta name=\"robots\" content=\"index, follow, max-snippet:-1, max-image-preview:large, max-video-preview:-1\" \/>\n<link rel=\"canonical\" href=\"https:\/\/poterie-de-crestet.com\/nl\/ceramiques\/zouthand-green-nyons\/\" \/>\n<meta property=\"og:locale\" content=\"nl_NL\" \/>\n<meta property=\"og:type\" content=\"article\" \/>\n<meta property=\"og:title\" content=\"Zouthand Green Nyons - Poterie de Crestet\" \/>\n<meta property=\"og:description\" content=\"Verfleef je keuken met een groene Nyons-zouthand. Het kan ook worden omgetoverd tot een suikerkom, sponsdeksel of zelfs een bakje.\" \/>\n<meta property=\"og:url\" content=\"https:\/\/poterie-de-crestet.com\/nl\/ceramiques\/zouthand-green-nyons\/\" \/>\n<meta property=\"og:site_name\" content=\"Poterie de Crestet\" \/>\n<meta property=\"og:image\" content=\"https:\/\/i0.wp.com\/poterie-de-crestet.com\/wp-content\/uploads\/2025\/04\/cache-eponge-2-nyons-vert.jpg?fit=458%2C458&ssl=1\" \/>\n\t<meta property=\"og:image:width\" content=\"458\" \/>\n\t<meta property=\"og:image:height\" content=\"458\" \/>\n\t<meta property=\"og:image:type\" content=\"image\/jpeg\" \/>\n<meta name=\"twitter:card\" content=\"summary_large_image\" \/>\n<script type=\"application\/ld+json\" class=\"yoast-schema-graph\">{\"@context\":\"https:\\\/\\\/schema.org\",\"@graph\":[{\"@type\":\"WebPage\",\"@id\":\"https:\\\/\\\/poterie-de-crestet.com\\\/nl\\\/ceramiques\\\/zouthand-green-nyons\\\/\",\"url\":\"https:\\\/\\\/poterie-de-crestet.com\\\/nl\\\/ceramiques\\\/zouthand-green-nyons\\\/\",\"name\":\"Zouthand Green Nyons - Poterie de Crestet\",\"isPartOf\":{\"@id\":\"https:\\\/\\\/poterie-de-crestet.com\\\/nl\\\/#website\"},\"primaryImageOfPage\":{\"@id\":\"https:\\\/\\\/poterie-de-crestet.com\\\/nl\\\/ceramiques\\\/zouthand-green-nyons\\\/#primaryimage\"},\"image\":{\"@id\":\"https:\\\/\\\/poterie-de-crestet.com\\\/nl\\\/ceramiques\\\/zouthand-green-nyons\\\/#primaryimage\"},\"thumbnailUrl\":\"https:\\\/\\\/i0.wp.com\\\/poterie-de-crestet.com\\\/wp-content\\\/uploads\\\/2025\\\/04\\\/cache-eponge-2-nyons-vert.jpg?fit=458%2C458&ssl=1\",\"datePublished\":\"2025-04-06T19:20:08+00:00\",\"description\":\"Verfleef je keuken met een groene Nyons-zouthand. Het kan ook worden omgetoverd tot een suikerkom, sponsdeksel of zelfs een bakje.\",\"breadcrumb\":{\"@id\":\"https:\\\/\\\/poterie-de-crestet.com\\\/nl\\\/ceramiques\\\/zouthand-green-nyons\\\/#breadcrumb\"},\"inLanguage\":\"nl-NL\",\"potentialAction\":[{\"@type\":\"ReadAction\",\"target\":[\"https:\\\/\\\/poterie-de-crestet.com\\\/nl\\\/ceramiques\\\/zouthand-green-nyons\\\/\"]}]},{\"@type\":\"ImageObject\",\"inLanguage\":\"nl-NL\",\"@id\":\"https:\\\/\\\/poterie-de-crestet.com\\\/nl\\\/ceramiques\\\/zouthand-green-nyons\\\/#primaryimage\",\"url\":\"https:\\\/\\\/i0.wp.com\\\/poterie-de-crestet.com\\\/wp-content\\\/uploads\\\/2025\\\/04\\\/cache-eponge-2-nyons-vert.jpg?fit=458%2C458&ssl=1\",\"contentUrl\":\"https:\\\/\\\/i0.wp.com\\\/poterie-de-crestet.com\\\/wp-content\\\/uploads\\\/2025\\\/04\\\/cache-eponge-2-nyons-vert.jpg?fit=458%2C458&ssl=1\",\"width\":458,\"height\":458},{\"@type\":\"BreadcrumbList\",\"@id\":\"https:\\\/\\\/poterie-de-crestet.com\\\/nl\\\/ceramiques\\\/zouthand-green-nyons\\\/#breadcrumb\",\"itemListElement\":[{\"@type\":\"ListItem\",\"position\":1,\"name\":\"Accueil\",\"item\":\"https:\\\/\\\/poterie-de-crestet.com\\\/nl\\\/accueil\\\/\"},{\"@type\":\"ListItem\",\"position\":2,\"name\":\"Boutique\",\"item\":\"https:\\\/\\\/poterie-de-crestet.com\\\/ceramiques\\\/\"},{\"@type\":\"ListItem\",\"position\":3,\"name\":\"Zouthand Green Nyons\"}]},{\"@type\":\"WebSite\",\"@id\":\"https:\\\/\\\/poterie-de-crestet.com\\\/nl\\\/#website\",\"url\":\"https:\\\/\\\/poterie-de-crestet.com\\\/nl\\\/\",\"name\":\"Poterie de Crestet\",\"description\":\"Des milliers de poteries inpir\u00e9es de la Provence\",\"publisher\":{\"@id\":\"https:\\\/\\\/poterie-de-crestet.com\\\/nl\\\/#organization\"},\"potentialAction\":[{\"@type\":\"SearchAction\",\"target\":{\"@type\":\"EntryPoint\",\"urlTemplate\":\"https:\\\/\\\/poterie-de-crestet.com\\\/nl\\\/?s={search_term_string}\"},\"query-input\":{\"@type\":\"PropertyValueSpecification\",\"valueRequired\":true,\"valueName\":\"search_term_string\"}}],\"inLanguage\":\"nl-NL\"},{\"@type\":\"Organization\",\"@id\":\"https:\\\/\\\/poterie-de-crestet.com\\\/nl\\\/#organization\",\"name\":\"Poterie de Crestet\",\"url\":\"https:\\\/\\\/poterie-de-crestet.com\\\/nl\\\/\",\"logo\":{\"@type\":\"ImageObject\",\"inLanguage\":\"nl-NL\",\"@id\":\"https:\\\/\\\/poterie-de-crestet.com\\\/nl\\\/#\\\/schema\\\/logo\\\/image\\\/\",\"url\":\"https:\\\/\\\/i0.wp.com\\\/poterie-de-crestet.com\\\/wp-content\\\/uploads\\\/2025\\\/03\\\/Propo-4.png?fit=1000%2C462&ssl=1\",\"contentUrl\":\"https:\\\/\\\/i0.wp.com\\\/poterie-de-crestet.com\\\/wp-content\\\/uploads\\\/2025\\\/03\\\/Propo-4.png?fit=1000%2C462&ssl=1\",\"width\":1000,\"height\":462,\"caption\":\"Poterie de Crestet\"},\"image\":{\"@id\":\"https:\\\/\\\/poterie-de-crestet.com\\\/nl\\\/#\\\/schema\\\/logo\\\/image\\\/\"}}]}<\/script>\n<!-- \/ Yoast SEO plugin. -->","yoast_head_json":{"title":"Zouthand Green Nyons - Poterie de Crestet","description":"Verfleef je keuken met een groene Nyons-zouthand. Het kan ook worden omgetoverd tot een suikerkom, sponsdeksel of zelfs een bakje.","robots":{"index":"index","follow":"follow","max-snippet":"max-snippet:-1","max-image-preview":"max-image-preview:large","max-video-preview":"max-video-preview:-1"},"canonical":"https:\/\/poterie-de-crestet.com\/nl\/ceramiques\/zouthand-green-nyons\/","og_locale":"nl_NL","og_type":"article","og_title":"Zouthand Green Nyons - Poterie de Crestet","og_description":"Verfleef je keuken met een groene Nyons-zouthand. Het kan ook worden omgetoverd tot een suikerkom, sponsdeksel of zelfs een bakje.","og_url":"https:\/\/poterie-de-crestet.com\/nl\/ceramiques\/zouthand-green-nyons\/","og_site_name":"Poterie de Crestet","og_image":[{"width":458,"height":458,"url":"https:\/\/i0.wp.com\/poterie-de-crestet.com\/wp-content\/uploads\/2025\/04\/cache-eponge-2-nyons-vert.jpg?fit=458%2C458&ssl=1","type":"image\/jpeg"}],"twitter_card":"summary_large_image","schema":{"@context":"https:\/\/schema.org","@graph":[{"@type":"WebPage","@id":"https:\/\/poterie-de-crestet.com\/nl\/ceramiques\/zouthand-green-nyons\/","url":"https:\/\/poterie-de-crestet.com\/nl\/ceramiques\/zouthand-green-nyons\/","name":"Zouthand Green Nyons - Poterie de Crestet","isPartOf":{"@id":"https:\/\/poterie-de-crestet.com\/nl\/#website"},"primaryImageOfPage":{"@id":"https:\/\/poterie-de-crestet.com\/nl\/ceramiques\/zouthand-green-nyons\/#primaryimage"},"image":{"@id":"https:\/\/poterie-de-crestet.com\/nl\/ceramiques\/zouthand-green-nyons\/#primaryimage"},"thumbnailUrl":"https:\/\/i0.wp.com\/poterie-de-crestet.com\/wp-content\/uploads\/2025\/04\/cache-eponge-2-nyons-vert.jpg?fit=458%2C458&ssl=1","datePublished":"2025-04-06T19:20:08+00:00","description":"Verfleef je keuken met een groene Nyons-zouthand. Het kan ook worden omgetoverd tot een suikerkom, sponsdeksel of zelfs een bakje.","breadcrumb":{"@id":"https:\/\/poterie-de-crestet.com\/nl\/ceramiques\/zouthand-green-nyons\/#breadcrumb"},"inLanguage":"nl-NL","potentialAction":[{"@type":"ReadAction","target":["https:\/\/poterie-de-crestet.com\/nl\/ceramiques\/zouthand-green-nyons\/"]}]},{"@type":"ImageObject","inLanguage":"nl-NL","@id":"https:\/\/poterie-de-crestet.com\/nl\/ceramiques\/zouthand-green-nyons\/#primaryimage","url":"https:\/\/i0.wp.com\/poterie-de-crestet.com\/wp-content\/uploads\/2025\/04\/cache-eponge-2-nyons-vert.jpg?fit=458%2C458&ssl=1","contentUrl":"https:\/\/i0.wp.com\/poterie-de-crestet.com\/wp-content\/uploads\/2025\/04\/cache-eponge-2-nyons-vert.jpg?fit=458%2C458&ssl=1","width":458,"height":458},{"@type":"BreadcrumbList","@id":"https:\/\/poterie-de-crestet.com\/nl\/ceramiques\/zouthand-green-nyons\/#breadcrumb","itemListElement":[{"@type":"ListItem","position":1,"name":"Accueil","item":"https:\/\/poterie-de-crestet.com\/nl\/accueil\/"},{"@type":"ListItem","position":2,"name":"Boutique","item":"https:\/\/poterie-de-crestet.com\/ceramiques\/"},{"@type":"ListItem","position":3,"name":"Zouthand Green Nyons"}]},{"@type":"WebSite","@id":"https:\/\/poterie-de-crestet.com\/nl\/#website","url":"https:\/\/poterie-de-crestet.com\/nl\/","name":"Poterie de Crestet","description":"Des milliers de poteries inpir\u00e9es de la Provence","publisher":{"@id":"https:\/\/poterie-de-crestet.com\/nl\/#organization"},"potentialAction":[{"@type":"SearchAction","target":{"@type":"EntryPoint","urlTemplate":"https:\/\/poterie-de-crestet.com\/nl\/?s={search_term_string}"},"query-input":{"@type":"PropertyValueSpecification","valueRequired":true,"valueName":"search_term_string"}}],"inLanguage":"nl-NL"},{"@type":"Organization","@id":"https:\/\/poterie-de-crestet.com\/nl\/#organization","name":"Poterie de Crestet","url":"https:\/\/poterie-de-crestet.com\/nl\/","logo":{"@type":"ImageObject","inLanguage":"nl-NL","@id":"https:\/\/poterie-de-crestet.com\/nl\/#\/schema\/logo\/image\/","url":"https:\/\/i0.wp.com\/poterie-de-crestet.com\/wp-content\/uploads\/2025\/03\/Propo-4.png?fit=1000%2C462&ssl=1","contentUrl":"https:\/\/i0.wp.com\/poterie-de-crestet.com\/wp-content\/uploads\/2025\/03\/Propo-4.png?fit=1000%2C462&ssl=1","width":1000,"height":462,"caption":"Poterie de Crestet"},"image":{"@id":"https:\/\/poterie-de-crestet.com\/nl\/#\/schema\/logo\/image\/"}}]}},"jetpack_sharing_enabled":true,"_links":{"self":[{"href":"https:\/\/poterie-de-crestet.com\/nl\/wp-json\/wp\/v2\/product\/17020","targetHints":{"allow":["GET"]}}],"collection":[{"href":"https:\/\/poterie-de-crestet.com\/nl\/wp-json\/wp\/v2\/product"}],"about":[{"href":"https:\/\/poterie-de-crestet.com\/nl\/wp-json\/wp\/v2\/types\/product"}],"replies":[{"embeddable":true,"href":"https:\/\/poterie-de-crestet.com\/nl\/wp-json\/wp\/v2\/comments?post=17020"}],"version-history":[{"count":0,"href":"https:\/\/poterie-de-crestet.com\/nl\/wp-json\/wp\/v2\/product\/17020\/revisions"}],"wp:featuredmedia":[{"embeddable":true,"href":"https:\/\/poterie-de-crestet.com\/nl\/wp-json\/wp\/v2\/media\/17022"}],"wp:attachment":[{"href":"https:\/\/poterie-de-crestet.com\/nl\/wp-json\/wp\/v2\/media?parent=17020"}],"wp:term":[{"taxonomy":"product_brand","embeddable":true,"href":"https:\/\/poterie-de-crestet.com\/nl\/wp-json\/wp\/v2\/product_brand?post=17020"},{"taxonomy":"product_cat","embeddable":true,"href":"https:\/\/poterie-de-crestet.com\/nl\/wp-json\/wp\/v2\/product_cat?post=17020"},{"taxonomy":"product_tag","embeddable":true,"href":"https:\/\/poterie-de-crestet.com\/nl\/wp-json\/wp\/v2\/product_tag?post=17020"}],"curies":[{"name":"wp","href":"https:\/\/api.w.org\/{rel}","templated":true}]}}