{"id":16542,"date":"2025-04-08T10:26:40","date_gmt":"2025-04-08T08:26:40","guid":{"rendered":"https:\/\/poterie-de-crestet.com\/ceramiques\/muurpot-groot-huis\/"},"modified":"2026-04-08T15:32:39","modified_gmt":"2026-04-08T13:32:39","slug":"pot-mural-grand-maison","status":"publish","type":"product","link":"https:\/\/poterie-de-crestet.com\/nl\/ceramiques\/pot-mural-grand-maison\/","title":{"rendered":"Muurpot Groot  <h5>Huis<\/h5>"},"content":{"rendered":"<p>De grote Maison wandpot is een decoratieve en praktische oplossing om een muur te versieren en tegelijkertijd een groene tint aan het huis te geven, op een overdekt terras of in een keuken. De muurvorm bespaart ruimte terwijl het planten benadrukt, waardoor het een goede keuze is voor wie graag plant zonder een tafel, plank of vensterbank te vervuilen. <\/p>\n<p>Dit grootformaat model is goed geschikt voor kleine sierplanten, aromaten, vetplanten of lichte plantensamenstellingen. Het kan ook als decoratief element op zichzelf worden gebruikt, zelfs v\u00f3\u00f3r het planten, dankzij zijn eenvoudige, warme en gemakkelijk te integreren in verschillende atmosfeerstijlen. Op een lichte muur, in een serre, bij een ingang of in een keuken, brengt het meteen een levendige noot zonder te overdrijven.  <\/p>\n<p>Met afmetingen van 22 \u00d7 18,4 \u00d7 16 cm biedt deze aan de muur gemonteerde pot een interessante visuele uitstraling terwijl hij gemakkelijk in een kleine ruimte te passen blijft. Het maakt deel uit van een assortiment dat ook in verschillende maten bestaat, waardoor je een harmonieus wandensemble kunt cre\u00ebren door formaten te mixen. <\/p>\n<p>Voor een geco\u00f6rdineerde compositie kan deze worden gecombineerd met andere stukken van de woondecoratie, bijvoorbeeld een wandpot van een ander formaat of een bijpassend decoratief object uit dezelfde collectie. Het productblad toont ook andere bijpassende items in deze decoratie. <\/p>\n<p><em><strong>Afmetingen: 22 \u00d7 18,4 \u00d7 16 cm<\/strong><\/em><\/p>\n","protected":false},"excerpt":{"rendered":"<p>Een klassieke en charmante wandpot voor je planten. Verkrijgbaar in klein, medium en groot. <br data-start=\"1388\" data-end=\"1391\"><strong data-start=\"1391\" data-end=\"1427\"><em data-start=\"1393\" data-end=\"1425\">Afmetingen: 22 \u00d7 18,4 \u00d7 16 cm<\/em><\/strong><\/p>\n","protected":false},"featured_media":22983,"comment_status":"open","ping_status":"closed","template":"","meta":[],"product_brand":[],"product_cat":[428,296],"product_tag":[267],"class_list":{"0":"post-16542","1":"product","2":"type-product","3":"status-publish","4":"has-post-thumbnail","6":"product_cat-grote-wandgemonteerde-pot","7":"product_cat-wandpotten","8":"product_tag-huis","10":"first","11":"instock","12":"taxable","13":"shipping-taxable","14":"purchasable","15":"product-type-simple"},"yoast_head":"<!-- This site is optimized with the Yoast SEO plugin v27.5 - https:\/\/yoast.com\/product\/yoast-seo-wordpress\/ -->\n<title>Muurpot Groot Huis - Poterie de Crestet<\/title>\n<meta name=\"description\" content=\"Een wandpot met een huispatroon. Een na\u00efeve schilderijklassieker voor je plantages. Deze wandlamp is verkrijgbaar in klein, medium en groot. Grootte: 22 \u00d7 18,4 \u00d7 16 cm\" \/>\n<meta name=\"robots\" content=\"index, follow, max-snippet:-1, max-image-preview:large, max-video-preview:-1\" \/>\n<link rel=\"canonical\" href=\"https:\/\/poterie-de-crestet.com\/nl\/ceramiques\/pot-mural-grand-maison\/\" \/>\n<meta property=\"og:locale\" content=\"nl_NL\" \/>\n<meta property=\"og:type\" content=\"article\" \/>\n<meta property=\"og:title\" content=\"Muurpot Groot Huis - Poterie de Crestet\" \/>\n<meta property=\"og:description\" content=\"Een wandpot met een huispatroon. Een na\u00efeve schilderijklassieker voor je plantages. Deze wandlamp is verkrijgbaar in klein, medium en groot. Grootte: 22 \u00d7 18,4 \u00d7 16 cm\" \/>\n<meta property=\"og:url\" content=\"https:\/\/poterie-de-crestet.com\/nl\/ceramiques\/pot-mural-grand-maison\/\" \/>\n<meta property=\"og:site_name\" content=\"Poterie de Crestet\" \/>\n<meta property=\"article:modified_time\" content=\"2026-04-08T13:32:39+00:00\" \/>\n<meta property=\"og:image\" content=\"https:\/\/i0.wp.com\/poterie-de-crestet.com\/wp-content\/uploads\/2026\/04\/pot-mural-maison.jpg?fit=800%2C800&ssl=1\" \/>\n\t<meta property=\"og:image:width\" content=\"800\" \/>\n\t<meta property=\"og:image:height\" content=\"800\" \/>\n\t<meta property=\"og:image:type\" content=\"image\/jpeg\" \/>\n<meta name=\"twitter:card\" content=\"summary_large_image\" \/>\n<meta name=\"twitter:label1\" content=\"Geschatte leestijd\" \/>\n\t<meta name=\"twitter:data1\" content=\"1 minuut\" \/>\n<script type=\"application\/ld+json\" class=\"yoast-schema-graph\">{\"@context\":\"https:\\\/\\\/schema.org\",\"@graph\":[{\"@type\":\"WebPage\",\"@id\":\"https:\\\/\\\/poterie-de-crestet.com\\\/nl\\\/ceramiques\\\/pot-mural-grand-maison\\\/\",\"url\":\"https:\\\/\\\/poterie-de-crestet.com\\\/nl\\\/ceramiques\\\/pot-mural-grand-maison\\\/\",\"name\":\"Muurpot Groot Huis - Poterie de Crestet\",\"isPartOf\":{\"@id\":\"https:\\\/\\\/poterie-de-crestet.com\\\/nl\\\/#website\"},\"primaryImageOfPage\":{\"@id\":\"https:\\\/\\\/poterie-de-crestet.com\\\/nl\\\/ceramiques\\\/pot-mural-grand-maison\\\/#primaryimage\"},\"image\":{\"@id\":\"https:\\\/\\\/poterie-de-crestet.com\\\/nl\\\/ceramiques\\\/pot-mural-grand-maison\\\/#primaryimage\"},\"thumbnailUrl\":\"https:\\\/\\\/i0.wp.com\\\/poterie-de-crestet.com\\\/wp-content\\\/uploads\\\/2026\\\/04\\\/pot-mural-maison.jpg?fit=800%2C800&ssl=1\",\"datePublished\":\"2025-04-08T08:26:40+00:00\",\"dateModified\":\"2026-04-08T13:32:39+00:00\",\"description\":\"Een wandpot met een huispatroon. Een na\u00efeve schilderijklassieker voor je plantages. Deze wandlamp is verkrijgbaar in klein, medium en groot. Grootte: 22 \u00d7 18,4 \u00d7 16 cm\",\"breadcrumb\":{\"@id\":\"https:\\\/\\\/poterie-de-crestet.com\\\/nl\\\/ceramiques\\\/pot-mural-grand-maison\\\/#breadcrumb\"},\"inLanguage\":\"nl-NL\",\"potentialAction\":[{\"@type\":\"ReadAction\",\"target\":[\"https:\\\/\\\/poterie-de-crestet.com\\\/nl\\\/ceramiques\\\/pot-mural-grand-maison\\\/\"]}]},{\"@type\":\"ImageObject\",\"inLanguage\":\"nl-NL\",\"@id\":\"https:\\\/\\\/poterie-de-crestet.com\\\/nl\\\/ceramiques\\\/pot-mural-grand-maison\\\/#primaryimage\",\"url\":\"https:\\\/\\\/i0.wp.com\\\/poterie-de-crestet.com\\\/wp-content\\\/uploads\\\/2026\\\/04\\\/pot-mural-maison.jpg?fit=800%2C800&ssl=1\",\"contentUrl\":\"https:\\\/\\\/i0.wp.com\\\/poterie-de-crestet.com\\\/wp-content\\\/uploads\\\/2026\\\/04\\\/pot-mural-maison.jpg?fit=800%2C800&ssl=1\",\"width\":800,\"height\":800,\"caption\":\"Grote Huismuurpot\"},{\"@type\":\"BreadcrumbList\",\"@id\":\"https:\\\/\\\/poterie-de-crestet.com\\\/nl\\\/ceramiques\\\/pot-mural-grand-maison\\\/#breadcrumb\",\"itemListElement\":[{\"@type\":\"ListItem\",\"position\":1,\"name\":\"Accueil\",\"item\":\"https:\\\/\\\/poterie-de-crestet.com\\\/nl\\\/accueil\\\/\"},{\"@type\":\"ListItem\",\"position\":2,\"name\":\"Boutique\",\"item\":\"https:\\\/\\\/poterie-de-crestet.com\\\/ceramiques\\\/\"},{\"@type\":\"ListItem\",\"position\":3,\"name\":\"Muurpot Groot Huis\"}]},{\"@type\":\"WebSite\",\"@id\":\"https:\\\/\\\/poterie-de-crestet.com\\\/nl\\\/#website\",\"url\":\"https:\\\/\\\/poterie-de-crestet.com\\\/nl\\\/\",\"name\":\"Poterie de Crestet\",\"description\":\"Des milliers de poteries inpir\u00e9es de la Provence\",\"publisher\":{\"@id\":\"https:\\\/\\\/poterie-de-crestet.com\\\/nl\\\/#organization\"},\"potentialAction\":[{\"@type\":\"SearchAction\",\"target\":{\"@type\":\"EntryPoint\",\"urlTemplate\":\"https:\\\/\\\/poterie-de-crestet.com\\\/nl\\\/?s={search_term_string}\"},\"query-input\":{\"@type\":\"PropertyValueSpecification\",\"valueRequired\":true,\"valueName\":\"search_term_string\"}}],\"inLanguage\":\"nl-NL\"},{\"@type\":\"Organization\",\"@id\":\"https:\\\/\\\/poterie-de-crestet.com\\\/nl\\\/#organization\",\"name\":\"Poterie de Crestet\",\"url\":\"https:\\\/\\\/poterie-de-crestet.com\\\/nl\\\/\",\"logo\":{\"@type\":\"ImageObject\",\"inLanguage\":\"nl-NL\",\"@id\":\"https:\\\/\\\/poterie-de-crestet.com\\\/nl\\\/#\\\/schema\\\/logo\\\/image\\\/\",\"url\":\"https:\\\/\\\/i0.wp.com\\\/poterie-de-crestet.com\\\/wp-content\\\/uploads\\\/2025\\\/03\\\/Propo-4.png?fit=1000%2C462&ssl=1\",\"contentUrl\":\"https:\\\/\\\/i0.wp.com\\\/poterie-de-crestet.com\\\/wp-content\\\/uploads\\\/2025\\\/03\\\/Propo-4.png?fit=1000%2C462&ssl=1\",\"width\":1000,\"height\":462,\"caption\":\"Poterie de Crestet\"},\"image\":{\"@id\":\"https:\\\/\\\/poterie-de-crestet.com\\\/nl\\\/#\\\/schema\\\/logo\\\/image\\\/\"}}]}<\/script>\n<!-- \/ Yoast SEO plugin. -->","yoast_head_json":{"title":"Muurpot Groot Huis - Poterie de Crestet","description":"Een wandpot met een huispatroon. Een na\u00efeve schilderijklassieker voor je plantages. Deze wandlamp is verkrijgbaar in klein, medium en groot. Grootte: 22 \u00d7 18,4 \u00d7 16 cm","robots":{"index":"index","follow":"follow","max-snippet":"max-snippet:-1","max-image-preview":"max-image-preview:large","max-video-preview":"max-video-preview:-1"},"canonical":"https:\/\/poterie-de-crestet.com\/nl\/ceramiques\/pot-mural-grand-maison\/","og_locale":"nl_NL","og_type":"article","og_title":"Muurpot Groot Huis - Poterie de Crestet","og_description":"Een wandpot met een huispatroon. Een na\u00efeve schilderijklassieker voor je plantages. Deze wandlamp is verkrijgbaar in klein, medium en groot. Grootte: 22 \u00d7 18,4 \u00d7 16 cm","og_url":"https:\/\/poterie-de-crestet.com\/nl\/ceramiques\/pot-mural-grand-maison\/","og_site_name":"Poterie de Crestet","article_modified_time":"2026-04-08T13:32:39+00:00","og_image":[{"width":800,"height":800,"url":"https:\/\/i0.wp.com\/poterie-de-crestet.com\/wp-content\/uploads\/2026\/04\/pot-mural-maison.jpg?fit=800%2C800&ssl=1","type":"image\/jpeg"}],"twitter_card":"summary_large_image","twitter_misc":{"Geschatte leestijd":"1 minuut"},"schema":{"@context":"https:\/\/schema.org","@graph":[{"@type":"WebPage","@id":"https:\/\/poterie-de-crestet.com\/nl\/ceramiques\/pot-mural-grand-maison\/","url":"https:\/\/poterie-de-crestet.com\/nl\/ceramiques\/pot-mural-grand-maison\/","name":"Muurpot Groot Huis - Poterie de Crestet","isPartOf":{"@id":"https:\/\/poterie-de-crestet.com\/nl\/#website"},"primaryImageOfPage":{"@id":"https:\/\/poterie-de-crestet.com\/nl\/ceramiques\/pot-mural-grand-maison\/#primaryimage"},"image":{"@id":"https:\/\/poterie-de-crestet.com\/nl\/ceramiques\/pot-mural-grand-maison\/#primaryimage"},"thumbnailUrl":"https:\/\/i0.wp.com\/poterie-de-crestet.com\/wp-content\/uploads\/2026\/04\/pot-mural-maison.jpg?fit=800%2C800&ssl=1","datePublished":"2025-04-08T08:26:40+00:00","dateModified":"2026-04-08T13:32:39+00:00","description":"Een wandpot met een huispatroon. Een na\u00efeve schilderijklassieker voor je plantages. Deze wandlamp is verkrijgbaar in klein, medium en groot. Grootte: 22 \u00d7 18,4 \u00d7 16 cm","breadcrumb":{"@id":"https:\/\/poterie-de-crestet.com\/nl\/ceramiques\/pot-mural-grand-maison\/#breadcrumb"},"inLanguage":"nl-NL","potentialAction":[{"@type":"ReadAction","target":["https:\/\/poterie-de-crestet.com\/nl\/ceramiques\/pot-mural-grand-maison\/"]}]},{"@type":"ImageObject","inLanguage":"nl-NL","@id":"https:\/\/poterie-de-crestet.com\/nl\/ceramiques\/pot-mural-grand-maison\/#primaryimage","url":"https:\/\/i0.wp.com\/poterie-de-crestet.com\/wp-content\/uploads\/2026\/04\/pot-mural-maison.jpg?fit=800%2C800&ssl=1","contentUrl":"https:\/\/i0.wp.com\/poterie-de-crestet.com\/wp-content\/uploads\/2026\/04\/pot-mural-maison.jpg?fit=800%2C800&ssl=1","width":800,"height":800,"caption":"Grote Huismuurpot"},{"@type":"BreadcrumbList","@id":"https:\/\/poterie-de-crestet.com\/nl\/ceramiques\/pot-mural-grand-maison\/#breadcrumb","itemListElement":[{"@type":"ListItem","position":1,"name":"Accueil","item":"https:\/\/poterie-de-crestet.com\/nl\/accueil\/"},{"@type":"ListItem","position":2,"name":"Boutique","item":"https:\/\/poterie-de-crestet.com\/ceramiques\/"},{"@type":"ListItem","position":3,"name":"Muurpot Groot Huis"}]},{"@type":"WebSite","@id":"https:\/\/poterie-de-crestet.com\/nl\/#website","url":"https:\/\/poterie-de-crestet.com\/nl\/","name":"Poterie de Crestet","description":"Des milliers de poteries inpir\u00e9es de la Provence","publisher":{"@id":"https:\/\/poterie-de-crestet.com\/nl\/#organization"},"potentialAction":[{"@type":"SearchAction","target":{"@type":"EntryPoint","urlTemplate":"https:\/\/poterie-de-crestet.com\/nl\/?s={search_term_string}"},"query-input":{"@type":"PropertyValueSpecification","valueRequired":true,"valueName":"search_term_string"}}],"inLanguage":"nl-NL"},{"@type":"Organization","@id":"https:\/\/poterie-de-crestet.com\/nl\/#organization","name":"Poterie de Crestet","url":"https:\/\/poterie-de-crestet.com\/nl\/","logo":{"@type":"ImageObject","inLanguage":"nl-NL","@id":"https:\/\/poterie-de-crestet.com\/nl\/#\/schema\/logo\/image\/","url":"https:\/\/i0.wp.com\/poterie-de-crestet.com\/wp-content\/uploads\/2025\/03\/Propo-4.png?fit=1000%2C462&ssl=1","contentUrl":"https:\/\/i0.wp.com\/poterie-de-crestet.com\/wp-content\/uploads\/2025\/03\/Propo-4.png?fit=1000%2C462&ssl=1","width":1000,"height":462,"caption":"Poterie de Crestet"},"image":{"@id":"https:\/\/poterie-de-crestet.com\/nl\/#\/schema\/logo\/image\/"}}]}},"jetpack_sharing_enabled":true,"_links":{"self":[{"href":"https:\/\/poterie-de-crestet.com\/nl\/wp-json\/wp\/v2\/product\/16542","targetHints":{"allow":["GET"]}}],"collection":[{"href":"https:\/\/poterie-de-crestet.com\/nl\/wp-json\/wp\/v2\/product"}],"about":[{"href":"https:\/\/poterie-de-crestet.com\/nl\/wp-json\/wp\/v2\/types\/product"}],"replies":[{"embeddable":true,"href":"https:\/\/poterie-de-crestet.com\/nl\/wp-json\/wp\/v2\/comments?post=16542"}],"version-history":[{"count":3,"href":"https:\/\/poterie-de-crestet.com\/nl\/wp-json\/wp\/v2\/product\/16542\/revisions"}],"predecessor-version":[{"id":23003,"href":"https:\/\/poterie-de-crestet.com\/nl\/wp-json\/wp\/v2\/product\/16542\/revisions\/23003"}],"wp:featuredmedia":[{"embeddable":true,"href":"https:\/\/poterie-de-crestet.com\/nl\/wp-json\/wp\/v2\/media\/22983"}],"wp:attachment":[{"href":"https:\/\/poterie-de-crestet.com\/nl\/wp-json\/wp\/v2\/media?parent=16542"}],"wp:term":[{"taxonomy":"product_brand","embeddable":true,"href":"https:\/\/poterie-de-crestet.com\/nl\/wp-json\/wp\/v2\/product_brand?post=16542"},{"taxonomy":"product_cat","embeddable":true,"href":"https:\/\/poterie-de-crestet.com\/nl\/wp-json\/wp\/v2\/product_cat?post=16542"},{"taxonomy":"product_tag","embeddable":true,"href":"https:\/\/poterie-de-crestet.com\/nl\/wp-json\/wp\/v2\/product_tag?post=16542"}],"curies":[{"name":"wp","href":"https:\/\/api.w.org\/{rel}","templated":true}]}}