{"id":16538,"date":"2025-04-08T10:26:40","date_gmt":"2025-04-08T08:26:40","guid":{"rendered":"https:\/\/poterie-de-crestet.com\/ceramiques\/muurpot-groot-green-nyons\/"},"modified":"2025-04-08T10:26:40","modified_gmt":"2025-04-08T08:26:40","slug":"muurpot-groot-green-nyons","status":"publish","type":"product","link":"https:\/\/poterie-de-crestet.com\/nl\/ceramiques\/muurpot-groot-green-nyons\/","title":{"rendered":"Muurpot Groot  <h5>Green Nyons<\/h5>"},"content":{"rendered":"<p>Aan een keukenmuur of buiten (vorstvrij) hangt deze groene Nyons wandpot je favoriete planten met energie. De diepte maakt het mogelijk om basilicum, peterselie of kleine bloemen zonder zorgen te kweken.<br data-start=\"345\" data-end=\"348\">We vinden het fijn om alleen een kleurrijke noot toe te voegen, of in duo met <strong data-start=\"416\" data-end=\"445\">de middelgrote en kleine maten<\/strong> om een groene muur te cre\u00ebren. <br data-start=\"472\" data-end=\"475\"><strong data-start=\"475\" data-end=\"494\">Handgeschilderd<\/strong>, <strong data-start=\"503\" data-end=\"532\">vaatwasserbestendig<\/strong> en <strong data-start=\"549\" data-end=\"572\">voedselconform.<\/strong><br data-start=\"573\" data-end=\"576\">Verkrijgbaar met <strong data-start=\"592\" data-end=\"613\">veilige betaling<\/strong>, marktophaling of <strong data-start=\"633\" data-end=\"654\">snelle verzending<\/strong>.<br data-start=\"655\" data-end=\"658\">Om te combineren met een <a class=\"\" href=\"#\" rel=\"noopener\" data-start=\"675\" data-end=\"701\">groene Nyons zouthand<\/a>, of te combineren met een <a class=\"\" href=\"#\" rel=\"noopener\" data-start=\"723\" data-end=\"766\">turquoise grijze olijfoliefles.<\/a><\/p>\n","protected":false},"excerpt":{"rendered":"<p>Hang een wandpot op om een groene hoek in je afbeelding te cre\u00ebren. Verkrijgbaar in drie maten. <br data-start=\"1838\" data-end=\"1841\"><strong data-start=\"1841\" data-end=\"1877\"><em data-start=\"1843\" data-end=\"1875\">Afmetingen: 22 \u00d7 18,4 \u00d7 16 cm<\/em><\/strong><\/p>\n","protected":false},"featured_media":16540,"comment_status":"open","ping_status":"closed","template":"","meta":[],"product_brand":[],"product_cat":[296],"product_tag":[215],"class_list":{"0":"post-16538","1":"product","2":"type-product","3":"status-publish","4":"has-post-thumbnail","6":"product_cat-wandpotten","7":"product_tag-green-nyons","9":"first","10":"instock","11":"taxable","12":"shipping-taxable","13":"purchasable","14":"product-type-simple"},"yoast_head":"<!-- This site is optimized with the Yoast SEO plugin v27.5 - https:\/\/yoast.com\/product\/yoast-seo-wordpress\/ -->\n<title>Muurpot Groot Green Nyons - Poterie de Crestet<\/title>\n<meta name=\"robots\" content=\"index, follow, max-snippet:-1, max-image-preview:large, max-video-preview:-1\" \/>\n<link rel=\"canonical\" href=\"https:\/\/poterie-de-crestet.com\/nl\/ceramiques\/muurpot-groot-green-nyons\/\" \/>\n<meta property=\"og:locale\" content=\"nl_NL\" \/>\n<meta property=\"og:type\" content=\"article\" \/>\n<meta property=\"og:title\" content=\"Muurpot Groot Green Nyons - Poterie de Crestet\" \/>\n<meta property=\"og:description\" content=\"Hang een wandpot op om een groene hoek in je afbeelding te cre\u00ebren. Verkrijgbaar in drie maten. Afmetingen: 22 \u00d7 18,4 \u00d7 16 cm\" \/>\n<meta property=\"og:url\" content=\"https:\/\/poterie-de-crestet.com\/nl\/ceramiques\/muurpot-groot-green-nyons\/\" \/>\n<meta property=\"og:site_name\" content=\"Poterie de Crestet\" \/>\n<meta property=\"og:image\" content=\"https:\/\/i0.wp.com\/poterie-de-crestet.com\/wp-content\/uploads\/2025\/04\/pot-mural-2-nyons-vert.jpg?fit=458%2C458&ssl=1\" \/>\n\t<meta property=\"og:image:width\" content=\"458\" \/>\n\t<meta property=\"og:image:height\" content=\"458\" \/>\n\t<meta property=\"og:image:type\" content=\"image\/jpeg\" \/>\n<meta name=\"twitter:card\" content=\"summary_large_image\" \/>\n<script type=\"application\/ld+json\" class=\"yoast-schema-graph\">{\"@context\":\"https:\\\/\\\/schema.org\",\"@graph\":[{\"@type\":\"WebPage\",\"@id\":\"https:\\\/\\\/poterie-de-crestet.com\\\/nl\\\/ceramiques\\\/muurpot-groot-green-nyons\\\/\",\"url\":\"https:\\\/\\\/poterie-de-crestet.com\\\/nl\\\/ceramiques\\\/muurpot-groot-green-nyons\\\/\",\"name\":\"Muurpot Groot Green Nyons - Poterie de Crestet\",\"isPartOf\":{\"@id\":\"https:\\\/\\\/poterie-de-crestet.com\\\/nl\\\/#website\"},\"primaryImageOfPage\":{\"@id\":\"https:\\\/\\\/poterie-de-crestet.com\\\/nl\\\/ceramiques\\\/muurpot-groot-green-nyons\\\/#primaryimage\"},\"image\":{\"@id\":\"https:\\\/\\\/poterie-de-crestet.com\\\/nl\\\/ceramiques\\\/muurpot-groot-green-nyons\\\/#primaryimage\"},\"thumbnailUrl\":\"https:\\\/\\\/i0.wp.com\\\/poterie-de-crestet.com\\\/wp-content\\\/uploads\\\/2025\\\/04\\\/pot-mural-2-nyons-vert.jpg?fit=458%2C458&ssl=1\",\"datePublished\":\"2025-04-08T08:26:40+00:00\",\"breadcrumb\":{\"@id\":\"https:\\\/\\\/poterie-de-crestet.com\\\/nl\\\/ceramiques\\\/muurpot-groot-green-nyons\\\/#breadcrumb\"},\"inLanguage\":\"nl-NL\",\"potentialAction\":[{\"@type\":\"ReadAction\",\"target\":[\"https:\\\/\\\/poterie-de-crestet.com\\\/nl\\\/ceramiques\\\/muurpot-groot-green-nyons\\\/\"]}]},{\"@type\":\"ImageObject\",\"inLanguage\":\"nl-NL\",\"@id\":\"https:\\\/\\\/poterie-de-crestet.com\\\/nl\\\/ceramiques\\\/muurpot-groot-green-nyons\\\/#primaryimage\",\"url\":\"https:\\\/\\\/i0.wp.com\\\/poterie-de-crestet.com\\\/wp-content\\\/uploads\\\/2025\\\/04\\\/pot-mural-2-nyons-vert.jpg?fit=458%2C458&ssl=1\",\"contentUrl\":\"https:\\\/\\\/i0.wp.com\\\/poterie-de-crestet.com\\\/wp-content\\\/uploads\\\/2025\\\/04\\\/pot-mural-2-nyons-vert.jpg?fit=458%2C458&ssl=1\",\"width\":458,\"height\":458},{\"@type\":\"BreadcrumbList\",\"@id\":\"https:\\\/\\\/poterie-de-crestet.com\\\/nl\\\/ceramiques\\\/muurpot-groot-green-nyons\\\/#breadcrumb\",\"itemListElement\":[{\"@type\":\"ListItem\",\"position\":1,\"name\":\"Accueil\",\"item\":\"https:\\\/\\\/poterie-de-crestet.com\\\/nl\\\/accueil\\\/\"},{\"@type\":\"ListItem\",\"position\":2,\"name\":\"Boutique\",\"item\":\"https:\\\/\\\/poterie-de-crestet.com\\\/ceramiques\\\/\"},{\"@type\":\"ListItem\",\"position\":3,\"name\":\"Muurpot Groot Green Nyons\"}]},{\"@type\":\"WebSite\",\"@id\":\"https:\\\/\\\/poterie-de-crestet.com\\\/nl\\\/#website\",\"url\":\"https:\\\/\\\/poterie-de-crestet.com\\\/nl\\\/\",\"name\":\"Poterie de Crestet\",\"description\":\"Des milliers de poteries inpir\u00e9es de la Provence\",\"publisher\":{\"@id\":\"https:\\\/\\\/poterie-de-crestet.com\\\/nl\\\/#organization\"},\"potentialAction\":[{\"@type\":\"SearchAction\",\"target\":{\"@type\":\"EntryPoint\",\"urlTemplate\":\"https:\\\/\\\/poterie-de-crestet.com\\\/nl\\\/?s={search_term_string}\"},\"query-input\":{\"@type\":\"PropertyValueSpecification\",\"valueRequired\":true,\"valueName\":\"search_term_string\"}}],\"inLanguage\":\"nl-NL\"},{\"@type\":\"Organization\",\"@id\":\"https:\\\/\\\/poterie-de-crestet.com\\\/nl\\\/#organization\",\"name\":\"Poterie de Crestet\",\"url\":\"https:\\\/\\\/poterie-de-crestet.com\\\/nl\\\/\",\"logo\":{\"@type\":\"ImageObject\",\"inLanguage\":\"nl-NL\",\"@id\":\"https:\\\/\\\/poterie-de-crestet.com\\\/nl\\\/#\\\/schema\\\/logo\\\/image\\\/\",\"url\":\"https:\\\/\\\/i0.wp.com\\\/poterie-de-crestet.com\\\/wp-content\\\/uploads\\\/2025\\\/03\\\/Propo-4.png?fit=1000%2C462&ssl=1\",\"contentUrl\":\"https:\\\/\\\/i0.wp.com\\\/poterie-de-crestet.com\\\/wp-content\\\/uploads\\\/2025\\\/03\\\/Propo-4.png?fit=1000%2C462&ssl=1\",\"width\":1000,\"height\":462,\"caption\":\"Poterie de Crestet\"},\"image\":{\"@id\":\"https:\\\/\\\/poterie-de-crestet.com\\\/nl\\\/#\\\/schema\\\/logo\\\/image\\\/\"}}]}<\/script>\n<!-- \/ Yoast SEO plugin. -->","yoast_head_json":{"title":"Muurpot Groot Green Nyons - Poterie de Crestet","robots":{"index":"index","follow":"follow","max-snippet":"max-snippet:-1","max-image-preview":"max-image-preview:large","max-video-preview":"max-video-preview:-1"},"canonical":"https:\/\/poterie-de-crestet.com\/nl\/ceramiques\/muurpot-groot-green-nyons\/","og_locale":"nl_NL","og_type":"article","og_title":"Muurpot Groot Green Nyons - Poterie de Crestet","og_description":"Hang een wandpot op om een groene hoek in je afbeelding te cre\u00ebren. Verkrijgbaar in drie maten. Afmetingen: 22 \u00d7 18,4 \u00d7 16 cm","og_url":"https:\/\/poterie-de-crestet.com\/nl\/ceramiques\/muurpot-groot-green-nyons\/","og_site_name":"Poterie de Crestet","og_image":[{"width":458,"height":458,"url":"https:\/\/i0.wp.com\/poterie-de-crestet.com\/wp-content\/uploads\/2025\/04\/pot-mural-2-nyons-vert.jpg?fit=458%2C458&ssl=1","type":"image\/jpeg"}],"twitter_card":"summary_large_image","schema":{"@context":"https:\/\/schema.org","@graph":[{"@type":"WebPage","@id":"https:\/\/poterie-de-crestet.com\/nl\/ceramiques\/muurpot-groot-green-nyons\/","url":"https:\/\/poterie-de-crestet.com\/nl\/ceramiques\/muurpot-groot-green-nyons\/","name":"Muurpot Groot Green Nyons - Poterie de Crestet","isPartOf":{"@id":"https:\/\/poterie-de-crestet.com\/nl\/#website"},"primaryImageOfPage":{"@id":"https:\/\/poterie-de-crestet.com\/nl\/ceramiques\/muurpot-groot-green-nyons\/#primaryimage"},"image":{"@id":"https:\/\/poterie-de-crestet.com\/nl\/ceramiques\/muurpot-groot-green-nyons\/#primaryimage"},"thumbnailUrl":"https:\/\/i0.wp.com\/poterie-de-crestet.com\/wp-content\/uploads\/2025\/04\/pot-mural-2-nyons-vert.jpg?fit=458%2C458&ssl=1","datePublished":"2025-04-08T08:26:40+00:00","breadcrumb":{"@id":"https:\/\/poterie-de-crestet.com\/nl\/ceramiques\/muurpot-groot-green-nyons\/#breadcrumb"},"inLanguage":"nl-NL","potentialAction":[{"@type":"ReadAction","target":["https:\/\/poterie-de-crestet.com\/nl\/ceramiques\/muurpot-groot-green-nyons\/"]}]},{"@type":"ImageObject","inLanguage":"nl-NL","@id":"https:\/\/poterie-de-crestet.com\/nl\/ceramiques\/muurpot-groot-green-nyons\/#primaryimage","url":"https:\/\/i0.wp.com\/poterie-de-crestet.com\/wp-content\/uploads\/2025\/04\/pot-mural-2-nyons-vert.jpg?fit=458%2C458&ssl=1","contentUrl":"https:\/\/i0.wp.com\/poterie-de-crestet.com\/wp-content\/uploads\/2025\/04\/pot-mural-2-nyons-vert.jpg?fit=458%2C458&ssl=1","width":458,"height":458},{"@type":"BreadcrumbList","@id":"https:\/\/poterie-de-crestet.com\/nl\/ceramiques\/muurpot-groot-green-nyons\/#breadcrumb","itemListElement":[{"@type":"ListItem","position":1,"name":"Accueil","item":"https:\/\/poterie-de-crestet.com\/nl\/accueil\/"},{"@type":"ListItem","position":2,"name":"Boutique","item":"https:\/\/poterie-de-crestet.com\/ceramiques\/"},{"@type":"ListItem","position":3,"name":"Muurpot Groot Green Nyons"}]},{"@type":"WebSite","@id":"https:\/\/poterie-de-crestet.com\/nl\/#website","url":"https:\/\/poterie-de-crestet.com\/nl\/","name":"Poterie de Crestet","description":"Des milliers de poteries inpir\u00e9es de la Provence","publisher":{"@id":"https:\/\/poterie-de-crestet.com\/nl\/#organization"},"potentialAction":[{"@type":"SearchAction","target":{"@type":"EntryPoint","urlTemplate":"https:\/\/poterie-de-crestet.com\/nl\/?s={search_term_string}"},"query-input":{"@type":"PropertyValueSpecification","valueRequired":true,"valueName":"search_term_string"}}],"inLanguage":"nl-NL"},{"@type":"Organization","@id":"https:\/\/poterie-de-crestet.com\/nl\/#organization","name":"Poterie de Crestet","url":"https:\/\/poterie-de-crestet.com\/nl\/","logo":{"@type":"ImageObject","inLanguage":"nl-NL","@id":"https:\/\/poterie-de-crestet.com\/nl\/#\/schema\/logo\/image\/","url":"https:\/\/i0.wp.com\/poterie-de-crestet.com\/wp-content\/uploads\/2025\/03\/Propo-4.png?fit=1000%2C462&ssl=1","contentUrl":"https:\/\/i0.wp.com\/poterie-de-crestet.com\/wp-content\/uploads\/2025\/03\/Propo-4.png?fit=1000%2C462&ssl=1","width":1000,"height":462,"caption":"Poterie de Crestet"},"image":{"@id":"https:\/\/poterie-de-crestet.com\/nl\/#\/schema\/logo\/image\/"}}]}},"jetpack_sharing_enabled":true,"_links":{"self":[{"href":"https:\/\/poterie-de-crestet.com\/nl\/wp-json\/wp\/v2\/product\/16538","targetHints":{"allow":["GET"]}}],"collection":[{"href":"https:\/\/poterie-de-crestet.com\/nl\/wp-json\/wp\/v2\/product"}],"about":[{"href":"https:\/\/poterie-de-crestet.com\/nl\/wp-json\/wp\/v2\/types\/product"}],"replies":[{"embeddable":true,"href":"https:\/\/poterie-de-crestet.com\/nl\/wp-json\/wp\/v2\/comments?post=16538"}],"version-history":[{"count":0,"href":"https:\/\/poterie-de-crestet.com\/nl\/wp-json\/wp\/v2\/product\/16538\/revisions"}],"wp:featuredmedia":[{"embeddable":true,"href":"https:\/\/poterie-de-crestet.com\/nl\/wp-json\/wp\/v2\/media\/16540"}],"wp:attachment":[{"href":"https:\/\/poterie-de-crestet.com\/nl\/wp-json\/wp\/v2\/media?parent=16538"}],"wp:term":[{"taxonomy":"product_brand","embeddable":true,"href":"https:\/\/poterie-de-crestet.com\/nl\/wp-json\/wp\/v2\/product_brand?post=16538"},{"taxonomy":"product_cat","embeddable":true,"href":"https:\/\/poterie-de-crestet.com\/nl\/wp-json\/wp\/v2\/product_cat?post=16538"},{"taxonomy":"product_tag","embeddable":true,"href":"https:\/\/poterie-de-crestet.com\/nl\/wp-json\/wp\/v2\/product_tag?post=16538"}],"curies":[{"name":"wp","href":"https:\/\/api.w.org\/{rel}","templated":true}]}}