{"id":20933,"date":"2025-08-09T19:23:05","date_gmt":"2025-08-09T17:23:05","guid":{"rendered":"https:\/\/poterie-de-crestet.com\/ceramiques\/flat-series-low-large-red-square\/"},"modified":"2025-08-09T19:23:05","modified_gmt":"2025-08-09T17:23:05","slug":"flat-series-low-large-red-square","status":"publish","type":"product","link":"https:\/\/poterie-de-crestet.com\/en\/ceramic\/flat-series-low-large-red-square\/","title":{"rendered":"Flat Series Low Large  <h5>Red Square<\/h5>"},"content":{"rendered":"<p>The large stocking series dish with red square d\u00e9cor catches the eye with its geometric lines and bright colour. With its 30 cm diameter and 7.5 cm height, it is perfect as a serving dish, presentation dish or sharing dish. Its wide and low surface generously accommodates salads, stews, meats, cheeses or desserts.<br data-start=\"3770\" data-end=\"3773\">Made of quality ceramic and hand-painted for the d\u00e9cor, it combines solidity and aesthetics. The bright and warm red square d\u00e9cor energizes the table and blends easily with other d\u00e9cor. Dishwasher and microwave safe, it ensures practical everyday use.    <\/p>\n<p><br data-start=\"4072\" data-end=\"4075\">For a harmonious service, combine it with a <a class=\"cursor-pointer\" href=\"https:\/\/poterie-de-crestet.com\/en\/ceramic\/giant-salad-bowl-red-square\/\" target=\"_new\" rel=\"noopener\" data-start=\"4120\" data-end=\"4224\">giant Carr\u00e9 rouge salad bowl<\/a> or combine it with more sober decorations for an elegant contrast. Also available in small and medium models, it is included in our <a class=\"\" href=\"https:\/\/poterie-de-crestet.com\/en\/promotions\/\" target=\"_new\" rel=\"noopener\" data-start=\"4360\" data-end=\"4424\">special offer in lots<\/a> for a great purchase.<br data-start=\"4450\" data-end=\"4453\">Stackable and easy to handle, this dish is a great accompaniment to family meals and special occasions. <\/p>\n","protected":false},"excerpt":{"rendered":"<p>Large low dish model with red square d\u00e9cor, ceramic. Dynamic and elegant, perfect for presentation or sharing. <br data-start=\"4705\" data-end=\"4708\"><strong data-start=\"4708\" data-end=\"4738\"><em data-start=\"4710\" data-end=\"4736\">Dimensions: 30 \u00d7 7.5 cm<\/em><\/strong><\/p>\n","protected":false},"featured_media":13189,"comment_status":"open","ping_status":"closed","template":"","meta":[],"product_brand":[],"product_cat":[389],"product_tag":[196],"class_list":{"0":"post-20933","1":"product","2":"type-product","3":"status-publish","4":"has-post-thumbnail","6":"product_cat-large-low-rimmed-dishes","7":"product_tag-red-square","9":"first","10":"instock","11":"taxable","12":"shipping-taxable","13":"purchasable","14":"product-type-simple"},"yoast_head":"<!-- This site is optimized with the Yoast SEO plugin v27.5 - https:\/\/yoast.com\/product\/yoast-seo-wordpress\/ -->\n<title>Flat Series Low Large Red Square - Poterie de Crestet<\/title>\n<meta name=\"description\" content=\"Flat low large red square model, dynamic and elegant. Ideal for salads, side dishes or family dishes. Ceramic dishwasher and microwave.\" \/>\n<meta name=\"robots\" content=\"index, follow, max-snippet:-1, max-image-preview:large, max-video-preview:-1\" \/>\n<link rel=\"canonical\" href=\"https:\/\/poterie-de-crestet.com\/en\/ceramic\/flat-series-low-large-red-square\/\" \/>\n<meta property=\"og:locale\" content=\"en_US\" \/>\n<meta property=\"og:type\" content=\"article\" \/>\n<meta property=\"og:title\" content=\"Flat Series Low Large Red Square - Poterie de Crestet\" \/>\n<meta property=\"og:description\" content=\"Flat low large red square model, dynamic and elegant. Ideal for salads, side dishes or family dishes. Ceramic dishwasher and microwave.\" \/>\n<meta property=\"og:url\" content=\"https:\/\/poterie-de-crestet.com\/en\/ceramic\/flat-series-low-large-red-square\/\" \/>\n<meta property=\"og:site_name\" content=\"Poterie de Crestet\" \/>\n<meta property=\"og:image\" content=\"https:\/\/i0.wp.com\/poterie-de-crestet.com\/wp-content\/uploads\/2025\/08\/plat-service-rebord-bas-37.jpg?fit=800%2C532&ssl=1\" \/>\n\t<meta property=\"og:image:width\" content=\"800\" \/>\n\t<meta property=\"og:image:height\" content=\"532\" \/>\n\t<meta property=\"og:image:type\" content=\"image\/jpeg\" \/>\n<meta name=\"twitter:card\" content=\"summary_large_image\" \/>\n<meta name=\"twitter:label1\" content=\"Est. reading time\" \/>\n\t<meta name=\"twitter:data1\" content=\"1 minute\" \/>\n<script type=\"application\/ld+json\" class=\"yoast-schema-graph\">{\"@context\":\"https:\\\/\\\/schema.org\",\"@graph\":[{\"@type\":\"WebPage\",\"@id\":\"https:\\\/\\\/poterie-de-crestet.com\\\/en\\\/ceramic\\\/flat-series-low-large-red-square\\\/\",\"url\":\"https:\\\/\\\/poterie-de-crestet.com\\\/en\\\/ceramic\\\/flat-series-low-large-red-square\\\/\",\"name\":\"Flat Series Low Large Red Square - Poterie de Crestet\",\"isPartOf\":{\"@id\":\"https:\\\/\\\/poterie-de-crestet.com\\\/en\\\/#website\"},\"primaryImageOfPage\":{\"@id\":\"https:\\\/\\\/poterie-de-crestet.com\\\/en\\\/ceramic\\\/flat-series-low-large-red-square\\\/#primaryimage\"},\"image\":{\"@id\":\"https:\\\/\\\/poterie-de-crestet.com\\\/en\\\/ceramic\\\/flat-series-low-large-red-square\\\/#primaryimage\"},\"thumbnailUrl\":\"https:\\\/\\\/i0.wp.com\\\/poterie-de-crestet.com\\\/wp-content\\\/uploads\\\/2025\\\/08\\\/plat-service-rebord-bas-37.jpg?fit=800%2C532&ssl=1\",\"datePublished\":\"2025-08-09T17:23:05+00:00\",\"description\":\"Flat low large red square model, dynamic and elegant. Ideal for salads, side dishes or family dishes. Ceramic dishwasher and microwave.\",\"breadcrumb\":{\"@id\":\"https:\\\/\\\/poterie-de-crestet.com\\\/en\\\/ceramic\\\/flat-series-low-large-red-square\\\/#breadcrumb\"},\"inLanguage\":\"en-US\",\"potentialAction\":[{\"@type\":\"ReadAction\",\"target\":[\"https:\\\/\\\/poterie-de-crestet.com\\\/en\\\/ceramic\\\/flat-series-low-large-red-square\\\/\"]}]},{\"@type\":\"ImageObject\",\"inLanguage\":\"en-US\",\"@id\":\"https:\\\/\\\/poterie-de-crestet.com\\\/en\\\/ceramic\\\/flat-series-low-large-red-square\\\/#primaryimage\",\"url\":\"https:\\\/\\\/i0.wp.com\\\/poterie-de-crestet.com\\\/wp-content\\\/uploads\\\/2025\\\/08\\\/plat-service-rebord-bas-37.jpg?fit=800%2C532&ssl=1\",\"contentUrl\":\"https:\\\/\\\/i0.wp.com\\\/poterie-de-crestet.com\\\/wp-content\\\/uploads\\\/2025\\\/08\\\/plat-service-rebord-bas-37.jpg?fit=800%2C532&ssl=1\",\"width\":800,\"height\":532,\"caption\":\"Red Square Low Rimmed Serving Platter\"},{\"@type\":\"BreadcrumbList\",\"@id\":\"https:\\\/\\\/poterie-de-crestet.com\\\/en\\\/ceramic\\\/flat-series-low-large-red-square\\\/#breadcrumb\",\"itemListElement\":[{\"@type\":\"ListItem\",\"position\":1,\"name\":\"Accueil\",\"item\":\"https:\\\/\\\/poterie-de-crestet.com\\\/en\\\/accueil\\\/\"},{\"@type\":\"ListItem\",\"position\":2,\"name\":\"Boutique\",\"item\":\"https:\\\/\\\/poterie-de-crestet.com\\\/ceramiques\\\/\"},{\"@type\":\"ListItem\",\"position\":3,\"name\":\"Flat Series Low Large Red Square\"}]},{\"@type\":\"WebSite\",\"@id\":\"https:\\\/\\\/poterie-de-crestet.com\\\/en\\\/#website\",\"url\":\"https:\\\/\\\/poterie-de-crestet.com\\\/en\\\/\",\"name\":\"Poterie de Crestet\",\"description\":\"Des milliers de poteries inpir\u00e9es de la Provence\",\"publisher\":{\"@id\":\"https:\\\/\\\/poterie-de-crestet.com\\\/en\\\/#organization\"},\"potentialAction\":[{\"@type\":\"SearchAction\",\"target\":{\"@type\":\"EntryPoint\",\"urlTemplate\":\"https:\\\/\\\/poterie-de-crestet.com\\\/en\\\/?s={search_term_string}\"},\"query-input\":{\"@type\":\"PropertyValueSpecification\",\"valueRequired\":true,\"valueName\":\"search_term_string\"}}],\"inLanguage\":\"en-US\"},{\"@type\":\"Organization\",\"@id\":\"https:\\\/\\\/poterie-de-crestet.com\\\/en\\\/#organization\",\"name\":\"Poterie de Crestet\",\"url\":\"https:\\\/\\\/poterie-de-crestet.com\\\/en\\\/\",\"logo\":{\"@type\":\"ImageObject\",\"inLanguage\":\"en-US\",\"@id\":\"https:\\\/\\\/poterie-de-crestet.com\\\/en\\\/#\\\/schema\\\/logo\\\/image\\\/\",\"url\":\"https:\\\/\\\/i0.wp.com\\\/poterie-de-crestet.com\\\/wp-content\\\/uploads\\\/2025\\\/03\\\/Propo-4.png?fit=1000%2C462&ssl=1\",\"contentUrl\":\"https:\\\/\\\/i0.wp.com\\\/poterie-de-crestet.com\\\/wp-content\\\/uploads\\\/2025\\\/03\\\/Propo-4.png?fit=1000%2C462&ssl=1\",\"width\":1000,\"height\":462,\"caption\":\"Poterie de Crestet\"},\"image\":{\"@id\":\"https:\\\/\\\/poterie-de-crestet.com\\\/en\\\/#\\\/schema\\\/logo\\\/image\\\/\"}}]}<\/script>\n<!-- \/ Yoast SEO plugin. -->","yoast_head_json":{"title":"Flat Series Low Large Red Square - Poterie de Crestet","description":"Flat low large red square model, dynamic and elegant. Ideal for salads, side dishes or family dishes. Ceramic dishwasher and microwave.","robots":{"index":"index","follow":"follow","max-snippet":"max-snippet:-1","max-image-preview":"max-image-preview:large","max-video-preview":"max-video-preview:-1"},"canonical":"https:\/\/poterie-de-crestet.com\/en\/ceramic\/flat-series-low-large-red-square\/","og_locale":"en_US","og_type":"article","og_title":"Flat Series Low Large Red Square - Poterie de Crestet","og_description":"Flat low large red square model, dynamic and elegant. Ideal for salads, side dishes or family dishes. Ceramic dishwasher and microwave.","og_url":"https:\/\/poterie-de-crestet.com\/en\/ceramic\/flat-series-low-large-red-square\/","og_site_name":"Poterie de Crestet","og_image":[{"width":800,"height":532,"url":"https:\/\/i0.wp.com\/poterie-de-crestet.com\/wp-content\/uploads\/2025\/08\/plat-service-rebord-bas-37.jpg?fit=800%2C532&ssl=1","type":"image\/jpeg"}],"twitter_card":"summary_large_image","twitter_misc":{"Est. reading time":"1 minute"},"schema":{"@context":"https:\/\/schema.org","@graph":[{"@type":"WebPage","@id":"https:\/\/poterie-de-crestet.com\/en\/ceramic\/flat-series-low-large-red-square\/","url":"https:\/\/poterie-de-crestet.com\/en\/ceramic\/flat-series-low-large-red-square\/","name":"Flat Series Low Large Red Square - Poterie de Crestet","isPartOf":{"@id":"https:\/\/poterie-de-crestet.com\/en\/#website"},"primaryImageOfPage":{"@id":"https:\/\/poterie-de-crestet.com\/en\/ceramic\/flat-series-low-large-red-square\/#primaryimage"},"image":{"@id":"https:\/\/poterie-de-crestet.com\/en\/ceramic\/flat-series-low-large-red-square\/#primaryimage"},"thumbnailUrl":"https:\/\/i0.wp.com\/poterie-de-crestet.com\/wp-content\/uploads\/2025\/08\/plat-service-rebord-bas-37.jpg?fit=800%2C532&ssl=1","datePublished":"2025-08-09T17:23:05+00:00","description":"Flat low large red square model, dynamic and elegant. Ideal for salads, side dishes or family dishes. Ceramic dishwasher and microwave.","breadcrumb":{"@id":"https:\/\/poterie-de-crestet.com\/en\/ceramic\/flat-series-low-large-red-square\/#breadcrumb"},"inLanguage":"en-US","potentialAction":[{"@type":"ReadAction","target":["https:\/\/poterie-de-crestet.com\/en\/ceramic\/flat-series-low-large-red-square\/"]}]},{"@type":"ImageObject","inLanguage":"en-US","@id":"https:\/\/poterie-de-crestet.com\/en\/ceramic\/flat-series-low-large-red-square\/#primaryimage","url":"https:\/\/i0.wp.com\/poterie-de-crestet.com\/wp-content\/uploads\/2025\/08\/plat-service-rebord-bas-37.jpg?fit=800%2C532&ssl=1","contentUrl":"https:\/\/i0.wp.com\/poterie-de-crestet.com\/wp-content\/uploads\/2025\/08\/plat-service-rebord-bas-37.jpg?fit=800%2C532&ssl=1","width":800,"height":532,"caption":"Red Square Low Rimmed Serving Platter"},{"@type":"BreadcrumbList","@id":"https:\/\/poterie-de-crestet.com\/en\/ceramic\/flat-series-low-large-red-square\/#breadcrumb","itemListElement":[{"@type":"ListItem","position":1,"name":"Accueil","item":"https:\/\/poterie-de-crestet.com\/en\/accueil\/"},{"@type":"ListItem","position":2,"name":"Boutique","item":"https:\/\/poterie-de-crestet.com\/ceramiques\/"},{"@type":"ListItem","position":3,"name":"Flat Series Low Large Red Square"}]},{"@type":"WebSite","@id":"https:\/\/poterie-de-crestet.com\/en\/#website","url":"https:\/\/poterie-de-crestet.com\/en\/","name":"Poterie de Crestet","description":"Des milliers de poteries inpir\u00e9es de la Provence","publisher":{"@id":"https:\/\/poterie-de-crestet.com\/en\/#organization"},"potentialAction":[{"@type":"SearchAction","target":{"@type":"EntryPoint","urlTemplate":"https:\/\/poterie-de-crestet.com\/en\/?s={search_term_string}"},"query-input":{"@type":"PropertyValueSpecification","valueRequired":true,"valueName":"search_term_string"}}],"inLanguage":"en-US"},{"@type":"Organization","@id":"https:\/\/poterie-de-crestet.com\/en\/#organization","name":"Poterie de Crestet","url":"https:\/\/poterie-de-crestet.com\/en\/","logo":{"@type":"ImageObject","inLanguage":"en-US","@id":"https:\/\/poterie-de-crestet.com\/en\/#\/schema\/logo\/image\/","url":"https:\/\/i0.wp.com\/poterie-de-crestet.com\/wp-content\/uploads\/2025\/03\/Propo-4.png?fit=1000%2C462&ssl=1","contentUrl":"https:\/\/i0.wp.com\/poterie-de-crestet.com\/wp-content\/uploads\/2025\/03\/Propo-4.png?fit=1000%2C462&ssl=1","width":1000,"height":462,"caption":"Poterie de Crestet"},"image":{"@id":"https:\/\/poterie-de-crestet.com\/en\/#\/schema\/logo\/image\/"}}]}},"jetpack_sharing_enabled":true,"_links":{"self":[{"href":"https:\/\/poterie-de-crestet.com\/en\/wp-json\/wp\/v2\/product\/20933","targetHints":{"allow":["GET"]}}],"collection":[{"href":"https:\/\/poterie-de-crestet.com\/en\/wp-json\/wp\/v2\/product"}],"about":[{"href":"https:\/\/poterie-de-crestet.com\/en\/wp-json\/wp\/v2\/types\/product"}],"replies":[{"embeddable":true,"href":"https:\/\/poterie-de-crestet.com\/en\/wp-json\/wp\/v2\/comments?post=20933"}],"version-history":[{"count":0,"href":"https:\/\/poterie-de-crestet.com\/en\/wp-json\/wp\/v2\/product\/20933\/revisions"}],"wp:featuredmedia":[{"embeddable":true,"href":"https:\/\/poterie-de-crestet.com\/en\/wp-json\/wp\/v2\/media\/13189"}],"wp:attachment":[{"href":"https:\/\/poterie-de-crestet.com\/en\/wp-json\/wp\/v2\/media?parent=20933"}],"wp:term":[{"taxonomy":"product_brand","embeddable":true,"href":"https:\/\/poterie-de-crestet.com\/en\/wp-json\/wp\/v2\/product_brand?post=20933"},{"taxonomy":"product_cat","embeddable":true,"href":"https:\/\/poterie-de-crestet.com\/en\/wp-json\/wp\/v2\/product_cat?post=20933"},{"taxonomy":"product_tag","embeddable":true,"href":"https:\/\/poterie-de-crestet.com\/en\/wp-json\/wp\/v2\/product_tag?post=20933"}],"curies":[{"name":"wp","href":"https:\/\/api.w.org\/{rel}","templated":true}]}}