{"id":20461,"date":"2025-04-10T11:02:23","date_gmt":"2025-04-10T09:02:23","guid":{"rendered":"https:\/\/poterie-de-crestet.com\/ceramiques\/egg-holder-6-green-leaves\/"},"modified":"2025-12-24T12:27:56","modified_gmt":"2025-12-24T11:27:56","slug":"porte-oeufs-6-feuilles-vertes","status":"publish","type":"product","link":"https:\/\/poterie-de-crestet.com\/en\/ceramic\/porte-oeufs-6-feuilles-vertes\/","title":{"rendered":"Egg Holder *6 <h5>Green Leaves"},"content":{"rendered":"<p>A touch of nature in your kitchen! This Green Leaves Egg Holder holds up to six eggs, to be placed proudly on the countertop or slipped into the fridge.<br data-start=\"3081\" data-end=\"3084\">Stable and pleasant to handle, it is as useful in everyday life as it is as a presentation for brunch or a country table.<br data-start=\"3207\" data-end=\"3210\"><strong data-start=\"3220\" data-end=\"3240\">Hand-painted<\/strong>, <strong data-start=\"3242\" data-end=\"3271\">dishwasher-safe<\/strong>, <strong data-start=\"3273\" data-end=\"3309\">food-safe<\/strong> ceramic.<br data-start=\"3310\" data-end=\"3313\">Simple ordering with <strong data-start=\"3334\" data-end=\"3355\">secure payment<\/strong>, pick-up on the market or <strong data-start=\"3379\" data-end=\"3399\">fast delivery<\/strong>.<br data-start=\"3400\" data-end=\"3403\">To match with a <a class=\"\" href=\"#\" rel=\"noopener\" data-start=\"3419\" data-end=\"3447\">Green Leaves mortar<\/a>, or to combine with a <a class=\"\" href=\"#\" rel=\"noopener\" data-start=\"3469\" data-end=\"3496\">red Nyons salt hand<\/a>. <\/p>\n","protected":false},"excerpt":{"rendered":"<p>A decorative support for 6 eggs, in a plant d\u00e9cor that brings nature into the kitchen.<br data-start=\"863\" data-end=\"866\"><strong data-start=\"866\" data-end=\"903\"><em data-start=\"868\" data-end=\"901\">Dimensions: 14.5 \u00d7 10.1 \u00d7 5 cm<\/em><\/strong><\/p>\n","protected":false},"featured_media":7683,"comment_status":"open","ping_status":"closed","template":"","meta":[],"product_brand":[],"product_cat":[291],"product_tag":[314],"class_list":{"0":"post-20461","1":"product","2":"type-product","3":"status-publish","4":"has-post-thumbnail","6":"product_cat-egg-holders","7":"product_tag-green-leaves","9":"first","10":"outofstock","11":"taxable","12":"shipping-taxable","13":"purchasable","14":"product-type-simple"},"yoast_head":"<!-- This site is optimized with the Yoast SEO plugin v27.5 - https:\/\/yoast.com\/product\/yoast-seo-wordpress\/ -->\n<title>Egg Holder *6 Green Leaves - Poterie de Crestet<\/title>\n<meta name=\"robots\" content=\"index, follow, max-snippet:-1, max-image-preview:large, max-video-preview:-1\" \/>\n<link rel=\"canonical\" href=\"https:\/\/poterie-de-crestet.com\/en\/ceramic\/porte-oeufs-6-feuilles-vertes\/\" \/>\n<meta property=\"og:locale\" content=\"en_US\" \/>\n<meta property=\"og:type\" content=\"article\" \/>\n<meta property=\"og:title\" content=\"Egg Holder *6 Green Leaves - Poterie de Crestet\" \/>\n<meta property=\"og:description\" content=\"A decorative support for 6 eggs, in a plant d\u00e9cor that brings nature into the kitchen.Dimensions: 14.5 \u00d7 10.1 \u00d7 5 cm\" \/>\n<meta property=\"og:url\" content=\"https:\/\/poterie-de-crestet.com\/en\/ceramic\/porte-oeufs-6-feuilles-vertes\/\" \/>\n<meta property=\"og:site_name\" content=\"Poterie de Crestet\" \/>\n<meta property=\"article:modified_time\" content=\"2025-12-24T11:27:56+00:00\" \/>\n<meta property=\"og:image\" content=\"https:\/\/i0.wp.com\/poterie-de-crestet.com\/wp-content\/uploads\/2025\/04\/Poterie-du-Crestet0946.jpg?fit=800%2C532&ssl=1\" \/>\n\t<meta property=\"og:image:width\" content=\"800\" \/>\n\t<meta property=\"og:image:height\" content=\"532\" \/>\n\t<meta property=\"og:image:type\" content=\"image\/jpeg\" \/>\n<meta name=\"twitter:card\" content=\"summary_large_image\" \/>\n<script type=\"application\/ld+json\" class=\"yoast-schema-graph\">{\"@context\":\"https:\\\/\\\/schema.org\",\"@graph\":[{\"@type\":\"WebPage\",\"@id\":\"https:\\\/\\\/poterie-de-crestet.com\\\/en\\\/ceramic\\\/porte-oeufs-6-feuilles-vertes\\\/\",\"url\":\"https:\\\/\\\/poterie-de-crestet.com\\\/en\\\/ceramic\\\/porte-oeufs-6-feuilles-vertes\\\/\",\"name\":\"Egg Holder *6 Green Leaves - Poterie de Crestet\",\"isPartOf\":{\"@id\":\"https:\\\/\\\/poterie-de-crestet.com\\\/en\\\/#website\"},\"primaryImageOfPage\":{\"@id\":\"https:\\\/\\\/poterie-de-crestet.com\\\/en\\\/ceramic\\\/porte-oeufs-6-feuilles-vertes\\\/#primaryimage\"},\"image\":{\"@id\":\"https:\\\/\\\/poterie-de-crestet.com\\\/en\\\/ceramic\\\/porte-oeufs-6-feuilles-vertes\\\/#primaryimage\"},\"thumbnailUrl\":\"https:\\\/\\\/i0.wp.com\\\/poterie-de-crestet.com\\\/wp-content\\\/uploads\\\/2025\\\/04\\\/Poterie-du-Crestet0946.jpg?fit=800%2C532&ssl=1\",\"datePublished\":\"2025-04-10T09:02:23+00:00\",\"dateModified\":\"2025-12-24T11:27:56+00:00\",\"breadcrumb\":{\"@id\":\"https:\\\/\\\/poterie-de-crestet.com\\\/en\\\/ceramic\\\/porte-oeufs-6-feuilles-vertes\\\/#breadcrumb\"},\"inLanguage\":\"en-US\",\"potentialAction\":[{\"@type\":\"ReadAction\",\"target\":[\"https:\\\/\\\/poterie-de-crestet.com\\\/en\\\/ceramic\\\/porte-oeufs-6-feuilles-vertes\\\/\"]}]},{\"@type\":\"ImageObject\",\"inLanguage\":\"en-US\",\"@id\":\"https:\\\/\\\/poterie-de-crestet.com\\\/en\\\/ceramic\\\/porte-oeufs-6-feuilles-vertes\\\/#primaryimage\",\"url\":\"https:\\\/\\\/i0.wp.com\\\/poterie-de-crestet.com\\\/wp-content\\\/uploads\\\/2025\\\/04\\\/Poterie-du-Crestet0946.jpg?fit=800%2C532&ssl=1\",\"contentUrl\":\"https:\\\/\\\/i0.wp.com\\\/poterie-de-crestet.com\\\/wp-content\\\/uploads\\\/2025\\\/04\\\/Poterie-du-Crestet0946.jpg?fit=800%2C532&ssl=1\",\"width\":800,\"height\":532},{\"@type\":\"BreadcrumbList\",\"@id\":\"https:\\\/\\\/poterie-de-crestet.com\\\/en\\\/ceramic\\\/porte-oeufs-6-feuilles-vertes\\\/#breadcrumb\",\"itemListElement\":[{\"@type\":\"ListItem\",\"position\":1,\"name\":\"Accueil\",\"item\":\"https:\\\/\\\/poterie-de-crestet.com\\\/en\\\/accueil\\\/\"},{\"@type\":\"ListItem\",\"position\":2,\"name\":\"Boutique\",\"item\":\"https:\\\/\\\/poterie-de-crestet.com\\\/ceramiques\\\/\"},{\"@type\":\"ListItem\",\"position\":3,\"name\":\"Egg Holder *6 Green Leaves\"}]},{\"@type\":\"WebSite\",\"@id\":\"https:\\\/\\\/poterie-de-crestet.com\\\/en\\\/#website\",\"url\":\"https:\\\/\\\/poterie-de-crestet.com\\\/en\\\/\",\"name\":\"Poterie de Crestet\",\"description\":\"Des milliers de poteries inpir\u00e9es de la Provence\",\"publisher\":{\"@id\":\"https:\\\/\\\/poterie-de-crestet.com\\\/en\\\/#organization\"},\"potentialAction\":[{\"@type\":\"SearchAction\",\"target\":{\"@type\":\"EntryPoint\",\"urlTemplate\":\"https:\\\/\\\/poterie-de-crestet.com\\\/en\\\/?s={search_term_string}\"},\"query-input\":{\"@type\":\"PropertyValueSpecification\",\"valueRequired\":true,\"valueName\":\"search_term_string\"}}],\"inLanguage\":\"en-US\"},{\"@type\":\"Organization\",\"@id\":\"https:\\\/\\\/poterie-de-crestet.com\\\/en\\\/#organization\",\"name\":\"Poterie de Crestet\",\"url\":\"https:\\\/\\\/poterie-de-crestet.com\\\/en\\\/\",\"logo\":{\"@type\":\"ImageObject\",\"inLanguage\":\"en-US\",\"@id\":\"https:\\\/\\\/poterie-de-crestet.com\\\/en\\\/#\\\/schema\\\/logo\\\/image\\\/\",\"url\":\"https:\\\/\\\/i0.wp.com\\\/poterie-de-crestet.com\\\/wp-content\\\/uploads\\\/2025\\\/03\\\/Propo-4.png?fit=1000%2C462&ssl=1\",\"contentUrl\":\"https:\\\/\\\/i0.wp.com\\\/poterie-de-crestet.com\\\/wp-content\\\/uploads\\\/2025\\\/03\\\/Propo-4.png?fit=1000%2C462&ssl=1\",\"width\":1000,\"height\":462,\"caption\":\"Poterie de Crestet\"},\"image\":{\"@id\":\"https:\\\/\\\/poterie-de-crestet.com\\\/en\\\/#\\\/schema\\\/logo\\\/image\\\/\"}}]}<\/script>\n<!-- \/ Yoast SEO plugin. -->","yoast_head_json":{"title":"Egg Holder *6 Green Leaves - Poterie de Crestet","robots":{"index":"index","follow":"follow","max-snippet":"max-snippet:-1","max-image-preview":"max-image-preview:large","max-video-preview":"max-video-preview:-1"},"canonical":"https:\/\/poterie-de-crestet.com\/en\/ceramic\/porte-oeufs-6-feuilles-vertes\/","og_locale":"en_US","og_type":"article","og_title":"Egg Holder *6 Green Leaves - Poterie de Crestet","og_description":"A decorative support for 6 eggs, in a plant d\u00e9cor that brings nature into the kitchen.Dimensions: 14.5 \u00d7 10.1 \u00d7 5 cm","og_url":"https:\/\/poterie-de-crestet.com\/en\/ceramic\/porte-oeufs-6-feuilles-vertes\/","og_site_name":"Poterie de Crestet","article_modified_time":"2025-12-24T11:27:56+00:00","og_image":[{"width":800,"height":532,"url":"https:\/\/i0.wp.com\/poterie-de-crestet.com\/wp-content\/uploads\/2025\/04\/Poterie-du-Crestet0946.jpg?fit=800%2C532&ssl=1","type":"image\/jpeg"}],"twitter_card":"summary_large_image","schema":{"@context":"https:\/\/schema.org","@graph":[{"@type":"WebPage","@id":"https:\/\/poterie-de-crestet.com\/en\/ceramic\/porte-oeufs-6-feuilles-vertes\/","url":"https:\/\/poterie-de-crestet.com\/en\/ceramic\/porte-oeufs-6-feuilles-vertes\/","name":"Egg Holder *6 Green Leaves - Poterie de Crestet","isPartOf":{"@id":"https:\/\/poterie-de-crestet.com\/en\/#website"},"primaryImageOfPage":{"@id":"https:\/\/poterie-de-crestet.com\/en\/ceramic\/porte-oeufs-6-feuilles-vertes\/#primaryimage"},"image":{"@id":"https:\/\/poterie-de-crestet.com\/en\/ceramic\/porte-oeufs-6-feuilles-vertes\/#primaryimage"},"thumbnailUrl":"https:\/\/i0.wp.com\/poterie-de-crestet.com\/wp-content\/uploads\/2025\/04\/Poterie-du-Crestet0946.jpg?fit=800%2C532&ssl=1","datePublished":"2025-04-10T09:02:23+00:00","dateModified":"2025-12-24T11:27:56+00:00","breadcrumb":{"@id":"https:\/\/poterie-de-crestet.com\/en\/ceramic\/porte-oeufs-6-feuilles-vertes\/#breadcrumb"},"inLanguage":"en-US","potentialAction":[{"@type":"ReadAction","target":["https:\/\/poterie-de-crestet.com\/en\/ceramic\/porte-oeufs-6-feuilles-vertes\/"]}]},{"@type":"ImageObject","inLanguage":"en-US","@id":"https:\/\/poterie-de-crestet.com\/en\/ceramic\/porte-oeufs-6-feuilles-vertes\/#primaryimage","url":"https:\/\/i0.wp.com\/poterie-de-crestet.com\/wp-content\/uploads\/2025\/04\/Poterie-du-Crestet0946.jpg?fit=800%2C532&ssl=1","contentUrl":"https:\/\/i0.wp.com\/poterie-de-crestet.com\/wp-content\/uploads\/2025\/04\/Poterie-du-Crestet0946.jpg?fit=800%2C532&ssl=1","width":800,"height":532},{"@type":"BreadcrumbList","@id":"https:\/\/poterie-de-crestet.com\/en\/ceramic\/porte-oeufs-6-feuilles-vertes\/#breadcrumb","itemListElement":[{"@type":"ListItem","position":1,"name":"Accueil","item":"https:\/\/poterie-de-crestet.com\/en\/accueil\/"},{"@type":"ListItem","position":2,"name":"Boutique","item":"https:\/\/poterie-de-crestet.com\/ceramiques\/"},{"@type":"ListItem","position":3,"name":"Egg Holder *6 Green Leaves"}]},{"@type":"WebSite","@id":"https:\/\/poterie-de-crestet.com\/en\/#website","url":"https:\/\/poterie-de-crestet.com\/en\/","name":"Poterie de Crestet","description":"Des milliers de poteries inpir\u00e9es de la Provence","publisher":{"@id":"https:\/\/poterie-de-crestet.com\/en\/#organization"},"potentialAction":[{"@type":"SearchAction","target":{"@type":"EntryPoint","urlTemplate":"https:\/\/poterie-de-crestet.com\/en\/?s={search_term_string}"},"query-input":{"@type":"PropertyValueSpecification","valueRequired":true,"valueName":"search_term_string"}}],"inLanguage":"en-US"},{"@type":"Organization","@id":"https:\/\/poterie-de-crestet.com\/en\/#organization","name":"Poterie de Crestet","url":"https:\/\/poterie-de-crestet.com\/en\/","logo":{"@type":"ImageObject","inLanguage":"en-US","@id":"https:\/\/poterie-de-crestet.com\/en\/#\/schema\/logo\/image\/","url":"https:\/\/i0.wp.com\/poterie-de-crestet.com\/wp-content\/uploads\/2025\/03\/Propo-4.png?fit=1000%2C462&ssl=1","contentUrl":"https:\/\/i0.wp.com\/poterie-de-crestet.com\/wp-content\/uploads\/2025\/03\/Propo-4.png?fit=1000%2C462&ssl=1","width":1000,"height":462,"caption":"Poterie de Crestet"},"image":{"@id":"https:\/\/poterie-de-crestet.com\/en\/#\/schema\/logo\/image\/"}}]}},"jetpack_sharing_enabled":true,"_links":{"self":[{"href":"https:\/\/poterie-de-crestet.com\/en\/wp-json\/wp\/v2\/product\/20461","targetHints":{"allow":["GET"]}}],"collection":[{"href":"https:\/\/poterie-de-crestet.com\/en\/wp-json\/wp\/v2\/product"}],"about":[{"href":"https:\/\/poterie-de-crestet.com\/en\/wp-json\/wp\/v2\/types\/product"}],"replies":[{"embeddable":true,"href":"https:\/\/poterie-de-crestet.com\/en\/wp-json\/wp\/v2\/comments?post=20461"}],"version-history":[{"count":1,"href":"https:\/\/poterie-de-crestet.com\/en\/wp-json\/wp\/v2\/product\/20461\/revisions"}],"predecessor-version":[{"id":22393,"href":"https:\/\/poterie-de-crestet.com\/en\/wp-json\/wp\/v2\/product\/20461\/revisions\/22393"}],"wp:featuredmedia":[{"embeddable":true,"href":"https:\/\/poterie-de-crestet.com\/en\/wp-json\/wp\/v2\/media\/7683"}],"wp:attachment":[{"href":"https:\/\/poterie-de-crestet.com\/en\/wp-json\/wp\/v2\/media?parent=20461"}],"wp:term":[{"taxonomy":"product_brand","embeddable":true,"href":"https:\/\/poterie-de-crestet.com\/en\/wp-json\/wp\/v2\/product_brand?post=20461"},{"taxonomy":"product_cat","embeddable":true,"href":"https:\/\/poterie-de-crestet.com\/en\/wp-json\/wp\/v2\/product_cat?post=20461"},{"taxonomy":"product_tag","embeddable":true,"href":"https:\/\/poterie-de-crestet.com\/en\/wp-json\/wp\/v2\/product_tag?post=20461"}],"curies":[{"name":"wp","href":"https:\/\/api.w.org\/{rel}","templated":true}]}}