{"id":19352,"date":"2025-04-10T15:08:25","date_gmt":"2025-04-10T13:08:25","guid":{"rendered":"https:\/\/poterie-de-crestet.com\/ceramiques\/medium-wall-pot-provence-2\/"},"modified":"2025-04-10T15:08:25","modified_gmt":"2025-04-10T13:08:25","slug":"medium-wall-pot-provence-2","status":"publish","type":"product","link":"https:\/\/poterie-de-crestet.com\/en\/ceramic\/medium-wall-pot-provence-2\/","title":{"rendered":"Medium Wall Pot  <h5>Provence 2<\/h5>"},"content":{"rendered":"<p>Sunshine in a pot! This Provence 2 medium wall pot warms up your wall as soon as you hang it.<br data-start=\"4446\" data-end=\"4449\">Perfect for a few herbs, mini carnations, or a clump of dried lavender.<br data-start=\"4528\" data-end=\"4531\">Also available in <strong data-start=\"4558\" data-end=\"4567\">small<\/strong> and <strong data-start=\"4571\" data-end=\"4580\">large<\/strong> sizes to create a nice wall contrast. <br data-start=\"4616\" data-end=\"4619\"><strong data-start=\"4619\" data-end=\"4638\">Hand-painted<\/strong>, <strong data-start=\"4651\" data-end=\"4669\">dishwasher safe<\/strong>, <strong data-start=\"4684\" data-end=\"4707\">food compliant<\/strong>.<br data-start=\"4708\" data-end=\"4711\">Online ordering with <strong data-start=\"4734\" data-end=\"4755\">secure payment<\/strong>, market pickup or <strong data-start=\"4775\" data-end=\"4796\">fast shipping<\/strong>.<br data-start=\"4797\" data-end=\"4800\">To be paired with a <a class=\"\" href=\"#\" rel=\"noopener\" data-start=\"4817\" data-end=\"4850\">Provence 2 oil bottle<\/a>, or to pair with a <a class=\"\" href=\"#\" rel=\"noopener\" data-start=\"4872\" data-end=\"4901\">red Nyons sponge holder<\/a>.<\/p>\n","protected":false},"excerpt":{"rendered":"<p>Add sunshine to your walls with this Provence 2 wall d\u00e9cor pot. Three formats to match. <br data-start=\"2797\" data-end=\"2800\"><strong data-start=\"2800\" data-end=\"2838\"><em data-start=\"2802\" data-end=\"2836\">Dimensions: 20.5 \u00d7 17.2 \u00d7 14 cm<\/em><\/strong><\/p>\n","protected":false},"featured_media":7867,"comment_status":"open","ping_status":"closed","template":"","meta":[],"product_brand":[],"product_cat":[],"product_tag":[248],"class_list":{"0":"post-19352","1":"product","2":"type-product","3":"status-publish","4":"has-post-thumbnail","6":"product_tag-provence-2","8":"first","9":"instock","10":"taxable","11":"shipping-taxable","12":"purchasable","13":"product-type-simple"},"yoast_head":"<!-- This site is optimized with the Yoast SEO plugin v27.5 - https:\/\/yoast.com\/product\/yoast-seo-wordpress\/ -->\n<title>Medium Wall Pot Provence 2 - Poterie de Crestet<\/title>\n<meta name=\"robots\" content=\"index, follow, max-snippet:-1, max-image-preview:large, max-video-preview:-1\" \/>\n<link rel=\"canonical\" href=\"https:\/\/poterie-de-crestet.com\/en\/ceramic\/medium-wall-pot-provence-2\/\" \/>\n<meta property=\"og:locale\" content=\"en_US\" \/>\n<meta property=\"og:type\" content=\"article\" \/>\n<meta property=\"og:title\" content=\"Medium Wall Pot Provence 2 - Poterie de Crestet\" \/>\n<meta property=\"og:description\" content=\"Add sunshine to your walls with this Provence 2 wall d\u00e9cor pot. Three formats to match. Dimensions: 20.5 \u00d7 17.2 \u00d7 14 cm\" \/>\n<meta property=\"og:url\" content=\"https:\/\/poterie-de-crestet.com\/en\/ceramic\/medium-wall-pot-provence-2\/\" \/>\n<meta property=\"og:site_name\" content=\"Poterie de Crestet\" \/>\n<meta property=\"og:image\" content=\"https:\/\/i0.wp.com\/poterie-de-crestet.com\/wp-content\/uploads\/2025\/04\/pot-mural-2-provence-2.jpg?fit=458%2C458&ssl=1\" \/>\n\t<meta property=\"og:image:width\" content=\"458\" \/>\n\t<meta property=\"og:image:height\" content=\"458\" \/>\n\t<meta property=\"og:image:type\" content=\"image\/jpeg\" \/>\n<meta name=\"twitter:card\" content=\"summary_large_image\" \/>\n<script type=\"application\/ld+json\" class=\"yoast-schema-graph\">{\"@context\":\"https:\\\/\\\/schema.org\",\"@graph\":[{\"@type\":\"WebPage\",\"@id\":\"https:\\\/\\\/poterie-de-crestet.com\\\/en\\\/ceramic\\\/medium-wall-pot-provence-2\\\/\",\"url\":\"https:\\\/\\\/poterie-de-crestet.com\\\/en\\\/ceramic\\\/medium-wall-pot-provence-2\\\/\",\"name\":\"Medium Wall Pot Provence 2 - Poterie de Crestet\",\"isPartOf\":{\"@id\":\"https:\\\/\\\/poterie-de-crestet.com\\\/en\\\/#website\"},\"primaryImageOfPage\":{\"@id\":\"https:\\\/\\\/poterie-de-crestet.com\\\/en\\\/ceramic\\\/medium-wall-pot-provence-2\\\/#primaryimage\"},\"image\":{\"@id\":\"https:\\\/\\\/poterie-de-crestet.com\\\/en\\\/ceramic\\\/medium-wall-pot-provence-2\\\/#primaryimage\"},\"thumbnailUrl\":\"https:\\\/\\\/i0.wp.com\\\/poterie-de-crestet.com\\\/wp-content\\\/uploads\\\/2025\\\/04\\\/pot-mural-2-provence-2.jpg?fit=458%2C458&ssl=1\",\"datePublished\":\"2025-04-10T13:08:25+00:00\",\"breadcrumb\":{\"@id\":\"https:\\\/\\\/poterie-de-crestet.com\\\/en\\\/ceramic\\\/medium-wall-pot-provence-2\\\/#breadcrumb\"},\"inLanguage\":\"en-US\",\"potentialAction\":[{\"@type\":\"ReadAction\",\"target\":[\"https:\\\/\\\/poterie-de-crestet.com\\\/en\\\/ceramic\\\/medium-wall-pot-provence-2\\\/\"]}]},{\"@type\":\"ImageObject\",\"inLanguage\":\"en-US\",\"@id\":\"https:\\\/\\\/poterie-de-crestet.com\\\/en\\\/ceramic\\\/medium-wall-pot-provence-2\\\/#primaryimage\",\"url\":\"https:\\\/\\\/i0.wp.com\\\/poterie-de-crestet.com\\\/wp-content\\\/uploads\\\/2025\\\/04\\\/pot-mural-2-provence-2.jpg?fit=458%2C458&ssl=1\",\"contentUrl\":\"https:\\\/\\\/i0.wp.com\\\/poterie-de-crestet.com\\\/wp-content\\\/uploads\\\/2025\\\/04\\\/pot-mural-2-provence-2.jpg?fit=458%2C458&ssl=1\",\"width\":458,\"height\":458},{\"@type\":\"BreadcrumbList\",\"@id\":\"https:\\\/\\\/poterie-de-crestet.com\\\/en\\\/ceramic\\\/medium-wall-pot-provence-2\\\/#breadcrumb\",\"itemListElement\":[{\"@type\":\"ListItem\",\"position\":1,\"name\":\"Accueil\",\"item\":\"https:\\\/\\\/poterie-de-crestet.com\\\/en\\\/accueil\\\/\"},{\"@type\":\"ListItem\",\"position\":2,\"name\":\"Boutique\",\"item\":\"https:\\\/\\\/poterie-de-crestet.com\\\/ceramiques\\\/\"},{\"@type\":\"ListItem\",\"position\":3,\"name\":\"Medium Wall Pot Provence 2\"}]},{\"@type\":\"WebSite\",\"@id\":\"https:\\\/\\\/poterie-de-crestet.com\\\/en\\\/#website\",\"url\":\"https:\\\/\\\/poterie-de-crestet.com\\\/en\\\/\",\"name\":\"Poterie de Crestet\",\"description\":\"Des milliers de poteries inpir\u00e9es de la Provence\",\"publisher\":{\"@id\":\"https:\\\/\\\/poterie-de-crestet.com\\\/en\\\/#organization\"},\"potentialAction\":[{\"@type\":\"SearchAction\",\"target\":{\"@type\":\"EntryPoint\",\"urlTemplate\":\"https:\\\/\\\/poterie-de-crestet.com\\\/en\\\/?s={search_term_string}\"},\"query-input\":{\"@type\":\"PropertyValueSpecification\",\"valueRequired\":true,\"valueName\":\"search_term_string\"}}],\"inLanguage\":\"en-US\"},{\"@type\":\"Organization\",\"@id\":\"https:\\\/\\\/poterie-de-crestet.com\\\/en\\\/#organization\",\"name\":\"Poterie de Crestet\",\"url\":\"https:\\\/\\\/poterie-de-crestet.com\\\/en\\\/\",\"logo\":{\"@type\":\"ImageObject\",\"inLanguage\":\"en-US\",\"@id\":\"https:\\\/\\\/poterie-de-crestet.com\\\/en\\\/#\\\/schema\\\/logo\\\/image\\\/\",\"url\":\"https:\\\/\\\/i0.wp.com\\\/poterie-de-crestet.com\\\/wp-content\\\/uploads\\\/2025\\\/03\\\/Propo-4.png?fit=1000%2C462&ssl=1\",\"contentUrl\":\"https:\\\/\\\/i0.wp.com\\\/poterie-de-crestet.com\\\/wp-content\\\/uploads\\\/2025\\\/03\\\/Propo-4.png?fit=1000%2C462&ssl=1\",\"width\":1000,\"height\":462,\"caption\":\"Poterie de Crestet\"},\"image\":{\"@id\":\"https:\\\/\\\/poterie-de-crestet.com\\\/en\\\/#\\\/schema\\\/logo\\\/image\\\/\"}}]}<\/script>\n<!-- \/ Yoast SEO plugin. -->","yoast_head_json":{"title":"Medium Wall Pot Provence 2 - Poterie de Crestet","robots":{"index":"index","follow":"follow","max-snippet":"max-snippet:-1","max-image-preview":"max-image-preview:large","max-video-preview":"max-video-preview:-1"},"canonical":"https:\/\/poterie-de-crestet.com\/en\/ceramic\/medium-wall-pot-provence-2\/","og_locale":"en_US","og_type":"article","og_title":"Medium Wall Pot Provence 2 - Poterie de Crestet","og_description":"Add sunshine to your walls with this Provence 2 wall d\u00e9cor pot. Three formats to match. Dimensions: 20.5 \u00d7 17.2 \u00d7 14 cm","og_url":"https:\/\/poterie-de-crestet.com\/en\/ceramic\/medium-wall-pot-provence-2\/","og_site_name":"Poterie de Crestet","og_image":[{"width":458,"height":458,"url":"https:\/\/i0.wp.com\/poterie-de-crestet.com\/wp-content\/uploads\/2025\/04\/pot-mural-2-provence-2.jpg?fit=458%2C458&ssl=1","type":"image\/jpeg"}],"twitter_card":"summary_large_image","schema":{"@context":"https:\/\/schema.org","@graph":[{"@type":"WebPage","@id":"https:\/\/poterie-de-crestet.com\/en\/ceramic\/medium-wall-pot-provence-2\/","url":"https:\/\/poterie-de-crestet.com\/en\/ceramic\/medium-wall-pot-provence-2\/","name":"Medium Wall Pot Provence 2 - Poterie de Crestet","isPartOf":{"@id":"https:\/\/poterie-de-crestet.com\/en\/#website"},"primaryImageOfPage":{"@id":"https:\/\/poterie-de-crestet.com\/en\/ceramic\/medium-wall-pot-provence-2\/#primaryimage"},"image":{"@id":"https:\/\/poterie-de-crestet.com\/en\/ceramic\/medium-wall-pot-provence-2\/#primaryimage"},"thumbnailUrl":"https:\/\/i0.wp.com\/poterie-de-crestet.com\/wp-content\/uploads\/2025\/04\/pot-mural-2-provence-2.jpg?fit=458%2C458&ssl=1","datePublished":"2025-04-10T13:08:25+00:00","breadcrumb":{"@id":"https:\/\/poterie-de-crestet.com\/en\/ceramic\/medium-wall-pot-provence-2\/#breadcrumb"},"inLanguage":"en-US","potentialAction":[{"@type":"ReadAction","target":["https:\/\/poterie-de-crestet.com\/en\/ceramic\/medium-wall-pot-provence-2\/"]}]},{"@type":"ImageObject","inLanguage":"en-US","@id":"https:\/\/poterie-de-crestet.com\/en\/ceramic\/medium-wall-pot-provence-2\/#primaryimage","url":"https:\/\/i0.wp.com\/poterie-de-crestet.com\/wp-content\/uploads\/2025\/04\/pot-mural-2-provence-2.jpg?fit=458%2C458&ssl=1","contentUrl":"https:\/\/i0.wp.com\/poterie-de-crestet.com\/wp-content\/uploads\/2025\/04\/pot-mural-2-provence-2.jpg?fit=458%2C458&ssl=1","width":458,"height":458},{"@type":"BreadcrumbList","@id":"https:\/\/poterie-de-crestet.com\/en\/ceramic\/medium-wall-pot-provence-2\/#breadcrumb","itemListElement":[{"@type":"ListItem","position":1,"name":"Accueil","item":"https:\/\/poterie-de-crestet.com\/en\/accueil\/"},{"@type":"ListItem","position":2,"name":"Boutique","item":"https:\/\/poterie-de-crestet.com\/ceramiques\/"},{"@type":"ListItem","position":3,"name":"Medium Wall Pot Provence 2"}]},{"@type":"WebSite","@id":"https:\/\/poterie-de-crestet.com\/en\/#website","url":"https:\/\/poterie-de-crestet.com\/en\/","name":"Poterie de Crestet","description":"Des milliers de poteries inpir\u00e9es de la Provence","publisher":{"@id":"https:\/\/poterie-de-crestet.com\/en\/#organization"},"potentialAction":[{"@type":"SearchAction","target":{"@type":"EntryPoint","urlTemplate":"https:\/\/poterie-de-crestet.com\/en\/?s={search_term_string}"},"query-input":{"@type":"PropertyValueSpecification","valueRequired":true,"valueName":"search_term_string"}}],"inLanguage":"en-US"},{"@type":"Organization","@id":"https:\/\/poterie-de-crestet.com\/en\/#organization","name":"Poterie de Crestet","url":"https:\/\/poterie-de-crestet.com\/en\/","logo":{"@type":"ImageObject","inLanguage":"en-US","@id":"https:\/\/poterie-de-crestet.com\/en\/#\/schema\/logo\/image\/","url":"https:\/\/i0.wp.com\/poterie-de-crestet.com\/wp-content\/uploads\/2025\/03\/Propo-4.png?fit=1000%2C462&ssl=1","contentUrl":"https:\/\/i0.wp.com\/poterie-de-crestet.com\/wp-content\/uploads\/2025\/03\/Propo-4.png?fit=1000%2C462&ssl=1","width":1000,"height":462,"caption":"Poterie de Crestet"},"image":{"@id":"https:\/\/poterie-de-crestet.com\/en\/#\/schema\/logo\/image\/"}}]}},"jetpack_sharing_enabled":true,"_links":{"self":[{"href":"https:\/\/poterie-de-crestet.com\/en\/wp-json\/wp\/v2\/product\/19352","targetHints":{"allow":["GET"]}}],"collection":[{"href":"https:\/\/poterie-de-crestet.com\/en\/wp-json\/wp\/v2\/product"}],"about":[{"href":"https:\/\/poterie-de-crestet.com\/en\/wp-json\/wp\/v2\/types\/product"}],"replies":[{"embeddable":true,"href":"https:\/\/poterie-de-crestet.com\/en\/wp-json\/wp\/v2\/comments?post=19352"}],"version-history":[{"count":0,"href":"https:\/\/poterie-de-crestet.com\/en\/wp-json\/wp\/v2\/product\/19352\/revisions"}],"wp:featuredmedia":[{"embeddable":true,"href":"https:\/\/poterie-de-crestet.com\/en\/wp-json\/wp\/v2\/media\/7867"}],"wp:attachment":[{"href":"https:\/\/poterie-de-crestet.com\/en\/wp-json\/wp\/v2\/media?parent=19352"}],"wp:term":[{"taxonomy":"product_brand","embeddable":true,"href":"https:\/\/poterie-de-crestet.com\/en\/wp-json\/wp\/v2\/product_brand?post=19352"},{"taxonomy":"product_cat","embeddable":true,"href":"https:\/\/poterie-de-crestet.com\/en\/wp-json\/wp\/v2\/product_cat?post=19352"},{"taxonomy":"product_tag","embeddable":true,"href":"https:\/\/poterie-de-crestet.com\/en\/wp-json\/wp\/v2\/product_tag?post=19352"}],"curies":[{"name":"wp","href":"https:\/\/api.w.org\/{rel}","templated":true}]}}