{"id":19206,"date":"2025-04-10T15:39:41","date_gmt":"2025-04-10T13:39:41","guid":{"rendered":"https:\/\/poterie-de-crestet.com\/ceramiques\/appetizer-dish-house\/"},"modified":"2025-04-10T15:39:41","modified_gmt":"2025-04-10T13:39:41","slug":"appetizer-dish-house","status":"publish","type":"product","link":"https:\/\/poterie-de-crestet.com\/en\/ceramic\/appetizer-dish-house\/","title":{"rendered":"Appetizer dish  <h5>House<\/h5>"},"content":{"rendered":"<p class=\"\" data-start=\"4679\" data-end=\"5176\">Simple and functional, the homemade aperitif dish is always useful. Trio of sauces, crunchy vegetables or small bites for the aperitif: everything is possible.<br data-start=\"4833\" data-end=\"4836\">It can also become a presentation tray for a gourmet coffee or brunch. <br data-start=\"4920\" data-end=\"4923\"><strong data-start=\"4923\" data-end=\"4965\">Microwave, dishwasher safe,<\/strong> food use guaranteed, and decorated by hand.<br data-start=\"5014\" data-end=\"5017\">Shipped with care and efficiency, even on market days.<br data-start=\"5075\" data-end=\"5078\">Pair with a <a class=\"\" href=\"#\" rel=\"noopener\" data-start=\"5095\" data-end=\"5114\">homemade mortar<\/a>, or contrast with a <a class=\"\" href=\"#\" rel=\"noopener\" data-start=\"5141\" data-end=\"5175\">red olive egg plate<\/a>.<\/p>\n<hr class=\"\" data-start=\"5178\" data-end=\"5181\">\n","protected":false},"excerpt":{"rendered":"<p>Compartmentalized appetizer dish with House d\u00e9cor. Perfect for olives, nuts or small appetizer biscuits. <br data-start=\"1552\" data-end=\"1555\"><strong data-start=\"1555\" data-end=\"1592\"><em data-start=\"1557\" data-end=\"1590\">Dimensions: 28.5 \u00d7 11 \u00d7 4.5 cm<\/em><\/strong><\/p>\n","protected":false},"featured_media":7449,"comment_status":"open","ping_status":"closed","template":"","meta":[],"product_brand":[],"product_cat":[331],"product_tag":[268],"class_list":{"0":"post-19206","1":"product","2":"type-product","3":"status-publish","4":"has-post-thumbnail","6":"product_cat-aperitif","7":"product_tag-house","9":"first","10":"instock","11":"taxable","12":"shipping-taxable","13":"purchasable","14":"product-type-simple"},"yoast_head":"<!-- This site is optimized with the Yoast SEO plugin v27.5 - https:\/\/yoast.com\/product\/yoast-seo-wordpress\/ -->\n<title>Appetizer dish House - Poterie de Crestet<\/title>\n<meta name=\"robots\" content=\"index, follow, max-snippet:-1, max-image-preview:large, max-video-preview:-1\" \/>\n<link rel=\"canonical\" href=\"https:\/\/poterie-de-crestet.com\/en\/ceramic\/appetizer-dish-house\/\" \/>\n<meta property=\"og:locale\" content=\"en_US\" \/>\n<meta property=\"og:type\" content=\"article\" \/>\n<meta property=\"og:title\" content=\"Appetizer dish House - Poterie de Crestet\" \/>\n<meta property=\"og:description\" content=\"Compartmentalized appetizer dish with House d\u00e9cor. Perfect for olives, nuts or small appetizer biscuits. Dimensions: 28.5 \u00d7 11 \u00d7 4.5 cm\" \/>\n<meta property=\"og:url\" content=\"https:\/\/poterie-de-crestet.com\/en\/ceramic\/appetizer-dish-house\/\" \/>\n<meta property=\"og:site_name\" content=\"Poterie de Crestet\" \/>\n<meta property=\"og:image\" content=\"https:\/\/i0.wp.com\/poterie-de-crestet.com\/wp-content\/uploads\/2025\/04\/plat-a-aperitif-maison.jpg?fit=458%2C458&ssl=1\" \/>\n\t<meta property=\"og:image:width\" content=\"458\" \/>\n\t<meta property=\"og:image:height\" content=\"458\" \/>\n\t<meta property=\"og:image:type\" content=\"image\/jpeg\" \/>\n<meta name=\"twitter:card\" content=\"summary_large_image\" \/>\n<script type=\"application\/ld+json\" class=\"yoast-schema-graph\">{\"@context\":\"https:\\\/\\\/schema.org\",\"@graph\":[{\"@type\":\"WebPage\",\"@id\":\"https:\\\/\\\/poterie-de-crestet.com\\\/en\\\/ceramic\\\/appetizer-dish-house\\\/\",\"url\":\"https:\\\/\\\/poterie-de-crestet.com\\\/en\\\/ceramic\\\/appetizer-dish-house\\\/\",\"name\":\"Appetizer dish House - Poterie de Crestet\",\"isPartOf\":{\"@id\":\"https:\\\/\\\/poterie-de-crestet.com\\\/en\\\/#website\"},\"primaryImageOfPage\":{\"@id\":\"https:\\\/\\\/poterie-de-crestet.com\\\/en\\\/ceramic\\\/appetizer-dish-house\\\/#primaryimage\"},\"image\":{\"@id\":\"https:\\\/\\\/poterie-de-crestet.com\\\/en\\\/ceramic\\\/appetizer-dish-house\\\/#primaryimage\"},\"thumbnailUrl\":\"https:\\\/\\\/i0.wp.com\\\/poterie-de-crestet.com\\\/wp-content\\\/uploads\\\/2025\\\/04\\\/plat-a-aperitif-maison.jpg?fit=458%2C458&ssl=1\",\"datePublished\":\"2025-04-10T13:39:41+00:00\",\"breadcrumb\":{\"@id\":\"https:\\\/\\\/poterie-de-crestet.com\\\/en\\\/ceramic\\\/appetizer-dish-house\\\/#breadcrumb\"},\"inLanguage\":\"en-US\",\"potentialAction\":[{\"@type\":\"ReadAction\",\"target\":[\"https:\\\/\\\/poterie-de-crestet.com\\\/en\\\/ceramic\\\/appetizer-dish-house\\\/\"]}]},{\"@type\":\"ImageObject\",\"inLanguage\":\"en-US\",\"@id\":\"https:\\\/\\\/poterie-de-crestet.com\\\/en\\\/ceramic\\\/appetizer-dish-house\\\/#primaryimage\",\"url\":\"https:\\\/\\\/i0.wp.com\\\/poterie-de-crestet.com\\\/wp-content\\\/uploads\\\/2025\\\/04\\\/plat-a-aperitif-maison.jpg?fit=458%2C458&ssl=1\",\"contentUrl\":\"https:\\\/\\\/i0.wp.com\\\/poterie-de-crestet.com\\\/wp-content\\\/uploads\\\/2025\\\/04\\\/plat-a-aperitif-maison.jpg?fit=458%2C458&ssl=1\",\"width\":458,\"height\":458},{\"@type\":\"BreadcrumbList\",\"@id\":\"https:\\\/\\\/poterie-de-crestet.com\\\/en\\\/ceramic\\\/appetizer-dish-house\\\/#breadcrumb\",\"itemListElement\":[{\"@type\":\"ListItem\",\"position\":1,\"name\":\"Accueil\",\"item\":\"https:\\\/\\\/poterie-de-crestet.com\\\/en\\\/accueil\\\/\"},{\"@type\":\"ListItem\",\"position\":2,\"name\":\"Boutique\",\"item\":\"https:\\\/\\\/poterie-de-crestet.com\\\/ceramiques\\\/\"},{\"@type\":\"ListItem\",\"position\":3,\"name\":\"Appetizer dish House\"}]},{\"@type\":\"WebSite\",\"@id\":\"https:\\\/\\\/poterie-de-crestet.com\\\/en\\\/#website\",\"url\":\"https:\\\/\\\/poterie-de-crestet.com\\\/en\\\/\",\"name\":\"Poterie de Crestet\",\"description\":\"Des milliers de poteries inpir\u00e9es de la Provence\",\"publisher\":{\"@id\":\"https:\\\/\\\/poterie-de-crestet.com\\\/en\\\/#organization\"},\"potentialAction\":[{\"@type\":\"SearchAction\",\"target\":{\"@type\":\"EntryPoint\",\"urlTemplate\":\"https:\\\/\\\/poterie-de-crestet.com\\\/en\\\/?s={search_term_string}\"},\"query-input\":{\"@type\":\"PropertyValueSpecification\",\"valueRequired\":true,\"valueName\":\"search_term_string\"}}],\"inLanguage\":\"en-US\"},{\"@type\":\"Organization\",\"@id\":\"https:\\\/\\\/poterie-de-crestet.com\\\/en\\\/#organization\",\"name\":\"Poterie de Crestet\",\"url\":\"https:\\\/\\\/poterie-de-crestet.com\\\/en\\\/\",\"logo\":{\"@type\":\"ImageObject\",\"inLanguage\":\"en-US\",\"@id\":\"https:\\\/\\\/poterie-de-crestet.com\\\/en\\\/#\\\/schema\\\/logo\\\/image\\\/\",\"url\":\"https:\\\/\\\/i0.wp.com\\\/poterie-de-crestet.com\\\/wp-content\\\/uploads\\\/2025\\\/03\\\/Propo-4.png?fit=1000%2C462&ssl=1\",\"contentUrl\":\"https:\\\/\\\/i0.wp.com\\\/poterie-de-crestet.com\\\/wp-content\\\/uploads\\\/2025\\\/03\\\/Propo-4.png?fit=1000%2C462&ssl=1\",\"width\":1000,\"height\":462,\"caption\":\"Poterie de Crestet\"},\"image\":{\"@id\":\"https:\\\/\\\/poterie-de-crestet.com\\\/en\\\/#\\\/schema\\\/logo\\\/image\\\/\"}}]}<\/script>\n<!-- \/ Yoast SEO plugin. -->","yoast_head_json":{"title":"Appetizer dish House - Poterie de Crestet","robots":{"index":"index","follow":"follow","max-snippet":"max-snippet:-1","max-image-preview":"max-image-preview:large","max-video-preview":"max-video-preview:-1"},"canonical":"https:\/\/poterie-de-crestet.com\/en\/ceramic\/appetizer-dish-house\/","og_locale":"en_US","og_type":"article","og_title":"Appetizer dish House - Poterie de Crestet","og_description":"Compartmentalized appetizer dish with House d\u00e9cor. Perfect for olives, nuts or small appetizer biscuits. Dimensions: 28.5 \u00d7 11 \u00d7 4.5 cm","og_url":"https:\/\/poterie-de-crestet.com\/en\/ceramic\/appetizer-dish-house\/","og_site_name":"Poterie de Crestet","og_image":[{"width":458,"height":458,"url":"https:\/\/i0.wp.com\/poterie-de-crestet.com\/wp-content\/uploads\/2025\/04\/plat-a-aperitif-maison.jpg?fit=458%2C458&ssl=1","type":"image\/jpeg"}],"twitter_card":"summary_large_image","schema":{"@context":"https:\/\/schema.org","@graph":[{"@type":"WebPage","@id":"https:\/\/poterie-de-crestet.com\/en\/ceramic\/appetizer-dish-house\/","url":"https:\/\/poterie-de-crestet.com\/en\/ceramic\/appetizer-dish-house\/","name":"Appetizer dish House - Poterie de Crestet","isPartOf":{"@id":"https:\/\/poterie-de-crestet.com\/en\/#website"},"primaryImageOfPage":{"@id":"https:\/\/poterie-de-crestet.com\/en\/ceramic\/appetizer-dish-house\/#primaryimage"},"image":{"@id":"https:\/\/poterie-de-crestet.com\/en\/ceramic\/appetizer-dish-house\/#primaryimage"},"thumbnailUrl":"https:\/\/i0.wp.com\/poterie-de-crestet.com\/wp-content\/uploads\/2025\/04\/plat-a-aperitif-maison.jpg?fit=458%2C458&ssl=1","datePublished":"2025-04-10T13:39:41+00:00","breadcrumb":{"@id":"https:\/\/poterie-de-crestet.com\/en\/ceramic\/appetizer-dish-house\/#breadcrumb"},"inLanguage":"en-US","potentialAction":[{"@type":"ReadAction","target":["https:\/\/poterie-de-crestet.com\/en\/ceramic\/appetizer-dish-house\/"]}]},{"@type":"ImageObject","inLanguage":"en-US","@id":"https:\/\/poterie-de-crestet.com\/en\/ceramic\/appetizer-dish-house\/#primaryimage","url":"https:\/\/i0.wp.com\/poterie-de-crestet.com\/wp-content\/uploads\/2025\/04\/plat-a-aperitif-maison.jpg?fit=458%2C458&ssl=1","contentUrl":"https:\/\/i0.wp.com\/poterie-de-crestet.com\/wp-content\/uploads\/2025\/04\/plat-a-aperitif-maison.jpg?fit=458%2C458&ssl=1","width":458,"height":458},{"@type":"BreadcrumbList","@id":"https:\/\/poterie-de-crestet.com\/en\/ceramic\/appetizer-dish-house\/#breadcrumb","itemListElement":[{"@type":"ListItem","position":1,"name":"Accueil","item":"https:\/\/poterie-de-crestet.com\/en\/accueil\/"},{"@type":"ListItem","position":2,"name":"Boutique","item":"https:\/\/poterie-de-crestet.com\/ceramiques\/"},{"@type":"ListItem","position":3,"name":"Appetizer dish House"}]},{"@type":"WebSite","@id":"https:\/\/poterie-de-crestet.com\/en\/#website","url":"https:\/\/poterie-de-crestet.com\/en\/","name":"Poterie de Crestet","description":"Des milliers de poteries inpir\u00e9es de la Provence","publisher":{"@id":"https:\/\/poterie-de-crestet.com\/en\/#organization"},"potentialAction":[{"@type":"SearchAction","target":{"@type":"EntryPoint","urlTemplate":"https:\/\/poterie-de-crestet.com\/en\/?s={search_term_string}"},"query-input":{"@type":"PropertyValueSpecification","valueRequired":true,"valueName":"search_term_string"}}],"inLanguage":"en-US"},{"@type":"Organization","@id":"https:\/\/poterie-de-crestet.com\/en\/#organization","name":"Poterie de Crestet","url":"https:\/\/poterie-de-crestet.com\/en\/","logo":{"@type":"ImageObject","inLanguage":"en-US","@id":"https:\/\/poterie-de-crestet.com\/en\/#\/schema\/logo\/image\/","url":"https:\/\/i0.wp.com\/poterie-de-crestet.com\/wp-content\/uploads\/2025\/03\/Propo-4.png?fit=1000%2C462&ssl=1","contentUrl":"https:\/\/i0.wp.com\/poterie-de-crestet.com\/wp-content\/uploads\/2025\/03\/Propo-4.png?fit=1000%2C462&ssl=1","width":1000,"height":462,"caption":"Poterie de Crestet"},"image":{"@id":"https:\/\/poterie-de-crestet.com\/en\/#\/schema\/logo\/image\/"}}]}},"jetpack_sharing_enabled":true,"_links":{"self":[{"href":"https:\/\/poterie-de-crestet.com\/en\/wp-json\/wp\/v2\/product\/19206","targetHints":{"allow":["GET"]}}],"collection":[{"href":"https:\/\/poterie-de-crestet.com\/en\/wp-json\/wp\/v2\/product"}],"about":[{"href":"https:\/\/poterie-de-crestet.com\/en\/wp-json\/wp\/v2\/types\/product"}],"replies":[{"embeddable":true,"href":"https:\/\/poterie-de-crestet.com\/en\/wp-json\/wp\/v2\/comments?post=19206"}],"version-history":[{"count":0,"href":"https:\/\/poterie-de-crestet.com\/en\/wp-json\/wp\/v2\/product\/19206\/revisions"}],"wp:featuredmedia":[{"embeddable":true,"href":"https:\/\/poterie-de-crestet.com\/en\/wp-json\/wp\/v2\/media\/7449"}],"wp:attachment":[{"href":"https:\/\/poterie-de-crestet.com\/en\/wp-json\/wp\/v2\/media?parent=19206"}],"wp:term":[{"taxonomy":"product_brand","embeddable":true,"href":"https:\/\/poterie-de-crestet.com\/en\/wp-json\/wp\/v2\/product_brand?post=19206"},{"taxonomy":"product_cat","embeddable":true,"href":"https:\/\/poterie-de-crestet.com\/en\/wp-json\/wp\/v2\/product_cat?post=19206"},{"taxonomy":"product_tag","embeddable":true,"href":"https:\/\/poterie-de-crestet.com\/en\/wp-json\/wp\/v2\/product_tag?post=19206"}],"curies":[{"name":"wp","href":"https:\/\/api.w.org\/{rel}","templated":true}]}}