{"id":19116,"date":"2025-04-10T10:14:19","date_gmt":"2025-04-10T08:14:19","guid":{"rendered":"https:\/\/poterie-de-crestet.com\/ceramiques\/absorbent-paper-holder-ocean\/"},"modified":"2025-04-10T10:14:19","modified_gmt":"2025-04-10T08:14:19","slug":"absorbent-paper-holder-ocean","status":"publish","type":"product","link":"https:\/\/poterie-de-crestet.com\/en\/ceramic\/absorbent-paper-holder-ocean\/","title":{"rendered":"Absorbent paper holder  <h5>Ocean<\/h5>"},"content":{"rendered":"<p>This Ocean d\u00e9cor paper holder evokes the sea air while keeping your paper towel roll securely in place.<br data-start=\"815\" data-end=\"818\">It slips easily onto a table or sideboard, and can even be diverted into a powder room as decorative storage.<br data-start=\"939\" data-end=\"942\"><strong data-start=\"942\" data-end=\"961\">Hand-painted<\/strong>, <strong data-start=\"972\" data-end=\"990\">dishwasher safe<\/strong>, <strong data-start=\"1005\" data-end=\"1028\">food compliant<\/strong>.<br data-start=\"1029\" data-end=\"1032\"><strong data-start=\"1032\" data-end=\"1053\">Secure payment<\/strong>, pick-up or fast shipping according to your preference.<br data-start=\"1107\" data-end=\"1110\">Pair with an <a class=\"\" href=\"#\" rel=\"noopener\" data-start=\"1127\" data-end=\"1155\">Ocean oil bottle<\/a>, or contrast with a <a class=\"\" href=\"#\" rel=\"noopener\" data-start=\"1182\" data-end=\"1204\">light Sol bowl<\/a>.<\/p>\n","protected":false},"excerpt":{"rendered":"<p>Bring a marine touch to your kitchen with this practical and stable Ocean d\u00e9cor paper holder.<br data-start=\"1969\" data-end=\"1972\"><strong data-start=\"1972\" data-end=\"2010\"><em data-start=\"1974\" data-end=\"2008\">Dimensions: 18.6 \u00d7 18.6 \u00d7 29 cm<\/em><\/strong><\/p>\n","protected":false},"featured_media":7589,"comment_status":"open","ping_status":"closed","template":"","meta":[],"product_brand":[],"product_cat":[295],"product_tag":[318],"class_list":{"0":"post-19116","1":"product","2":"type-product","3":"status-publish","4":"has-post-thumbnail","6":"product_cat-absorbent-paper-dispensers","7":"product_tag-ocean","9":"first","10":"instock","11":"taxable","12":"shipping-taxable","13":"purchasable","14":"product-type-simple"},"yoast_head":"<!-- This site is optimized with the Yoast SEO plugin v27.5 - https:\/\/yoast.com\/product\/yoast-seo-wordpress\/ -->\n<title>Absorbent paper holder Ocean - Poterie de Crestet<\/title>\n<meta name=\"robots\" content=\"index, follow, max-snippet:-1, max-image-preview:large, max-video-preview:-1\" \/>\n<link rel=\"canonical\" href=\"https:\/\/poterie-de-crestet.com\/en\/ceramic\/absorbent-paper-holder-ocean\/\" \/>\n<meta property=\"og:locale\" content=\"en_US\" \/>\n<meta property=\"og:type\" content=\"article\" \/>\n<meta property=\"og:title\" content=\"Absorbent paper holder Ocean - Poterie de Crestet\" \/>\n<meta property=\"og:description\" content=\"Bring a marine touch to your kitchen with this practical and stable Ocean d\u00e9cor paper holder.Dimensions: 18.6 \u00d7 18.6 \u00d7 29 cm\" \/>\n<meta property=\"og:url\" content=\"https:\/\/poterie-de-crestet.com\/en\/ceramic\/absorbent-paper-holder-ocean\/\" \/>\n<meta property=\"og:site_name\" content=\"Poterie de Crestet\" \/>\n<meta property=\"og:image\" content=\"https:\/\/i0.wp.com\/poterie-de-crestet.com\/wp-content\/uploads\/2025\/04\/Poterie-du-Crestet0928.jpg?fit=532%2C800&ssl=1\" \/>\n\t<meta property=\"og:image:width\" content=\"532\" \/>\n\t<meta property=\"og:image:height\" content=\"800\" \/>\n\t<meta property=\"og:image:type\" content=\"image\/jpeg\" \/>\n<meta name=\"twitter:card\" content=\"summary_large_image\" \/>\n<script type=\"application\/ld+json\" class=\"yoast-schema-graph\">{\"@context\":\"https:\\\/\\\/schema.org\",\"@graph\":[{\"@type\":\"WebPage\",\"@id\":\"https:\\\/\\\/poterie-de-crestet.com\\\/en\\\/ceramic\\\/absorbent-paper-holder-ocean\\\/\",\"url\":\"https:\\\/\\\/poterie-de-crestet.com\\\/en\\\/ceramic\\\/absorbent-paper-holder-ocean\\\/\",\"name\":\"Absorbent paper holder Ocean - Poterie de Crestet\",\"isPartOf\":{\"@id\":\"https:\\\/\\\/poterie-de-crestet.com\\\/en\\\/#website\"},\"primaryImageOfPage\":{\"@id\":\"https:\\\/\\\/poterie-de-crestet.com\\\/en\\\/ceramic\\\/absorbent-paper-holder-ocean\\\/#primaryimage\"},\"image\":{\"@id\":\"https:\\\/\\\/poterie-de-crestet.com\\\/en\\\/ceramic\\\/absorbent-paper-holder-ocean\\\/#primaryimage\"},\"thumbnailUrl\":\"https:\\\/\\\/i0.wp.com\\\/poterie-de-crestet.com\\\/wp-content\\\/uploads\\\/2025\\\/04\\\/Poterie-du-Crestet0928.jpg?fit=532%2C800&ssl=1\",\"datePublished\":\"2025-04-10T08:14:19+00:00\",\"breadcrumb\":{\"@id\":\"https:\\\/\\\/poterie-de-crestet.com\\\/en\\\/ceramic\\\/absorbent-paper-holder-ocean\\\/#breadcrumb\"},\"inLanguage\":\"en-US\",\"potentialAction\":[{\"@type\":\"ReadAction\",\"target\":[\"https:\\\/\\\/poterie-de-crestet.com\\\/en\\\/ceramic\\\/absorbent-paper-holder-ocean\\\/\"]}]},{\"@type\":\"ImageObject\",\"inLanguage\":\"en-US\",\"@id\":\"https:\\\/\\\/poterie-de-crestet.com\\\/en\\\/ceramic\\\/absorbent-paper-holder-ocean\\\/#primaryimage\",\"url\":\"https:\\\/\\\/i0.wp.com\\\/poterie-de-crestet.com\\\/wp-content\\\/uploads\\\/2025\\\/04\\\/Poterie-du-Crestet0928.jpg?fit=532%2C800&ssl=1\",\"contentUrl\":\"https:\\\/\\\/i0.wp.com\\\/poterie-de-crestet.com\\\/wp-content\\\/uploads\\\/2025\\\/04\\\/Poterie-du-Crestet0928.jpg?fit=532%2C800&ssl=1\",\"width\":532,\"height\":800},{\"@type\":\"BreadcrumbList\",\"@id\":\"https:\\\/\\\/poterie-de-crestet.com\\\/en\\\/ceramic\\\/absorbent-paper-holder-ocean\\\/#breadcrumb\",\"itemListElement\":[{\"@type\":\"ListItem\",\"position\":1,\"name\":\"Accueil\",\"item\":\"https:\\\/\\\/poterie-de-crestet.com\\\/en\\\/accueil\\\/\"},{\"@type\":\"ListItem\",\"position\":2,\"name\":\"Boutique\",\"item\":\"https:\\\/\\\/poterie-de-crestet.com\\\/ceramiques\\\/\"},{\"@type\":\"ListItem\",\"position\":3,\"name\":\"Absorbent paper holder Ocean\"}]},{\"@type\":\"WebSite\",\"@id\":\"https:\\\/\\\/poterie-de-crestet.com\\\/en\\\/#website\",\"url\":\"https:\\\/\\\/poterie-de-crestet.com\\\/en\\\/\",\"name\":\"Poterie de Crestet\",\"description\":\"Des milliers de poteries inpir\u00e9es de la Provence\",\"publisher\":{\"@id\":\"https:\\\/\\\/poterie-de-crestet.com\\\/en\\\/#organization\"},\"potentialAction\":[{\"@type\":\"SearchAction\",\"target\":{\"@type\":\"EntryPoint\",\"urlTemplate\":\"https:\\\/\\\/poterie-de-crestet.com\\\/en\\\/?s={search_term_string}\"},\"query-input\":{\"@type\":\"PropertyValueSpecification\",\"valueRequired\":true,\"valueName\":\"search_term_string\"}}],\"inLanguage\":\"en-US\"},{\"@type\":\"Organization\",\"@id\":\"https:\\\/\\\/poterie-de-crestet.com\\\/en\\\/#organization\",\"name\":\"Poterie de Crestet\",\"url\":\"https:\\\/\\\/poterie-de-crestet.com\\\/en\\\/\",\"logo\":{\"@type\":\"ImageObject\",\"inLanguage\":\"en-US\",\"@id\":\"https:\\\/\\\/poterie-de-crestet.com\\\/en\\\/#\\\/schema\\\/logo\\\/image\\\/\",\"url\":\"https:\\\/\\\/i0.wp.com\\\/poterie-de-crestet.com\\\/wp-content\\\/uploads\\\/2025\\\/03\\\/Propo-4.png?fit=1000%2C462&ssl=1\",\"contentUrl\":\"https:\\\/\\\/i0.wp.com\\\/poterie-de-crestet.com\\\/wp-content\\\/uploads\\\/2025\\\/03\\\/Propo-4.png?fit=1000%2C462&ssl=1\",\"width\":1000,\"height\":462,\"caption\":\"Poterie de Crestet\"},\"image\":{\"@id\":\"https:\\\/\\\/poterie-de-crestet.com\\\/en\\\/#\\\/schema\\\/logo\\\/image\\\/\"}}]}<\/script>\n<!-- \/ Yoast SEO plugin. -->","yoast_head_json":{"title":"Absorbent paper holder Ocean - Poterie de Crestet","robots":{"index":"index","follow":"follow","max-snippet":"max-snippet:-1","max-image-preview":"max-image-preview:large","max-video-preview":"max-video-preview:-1"},"canonical":"https:\/\/poterie-de-crestet.com\/en\/ceramic\/absorbent-paper-holder-ocean\/","og_locale":"en_US","og_type":"article","og_title":"Absorbent paper holder Ocean - Poterie de Crestet","og_description":"Bring a marine touch to your kitchen with this practical and stable Ocean d\u00e9cor paper holder.Dimensions: 18.6 \u00d7 18.6 \u00d7 29 cm","og_url":"https:\/\/poterie-de-crestet.com\/en\/ceramic\/absorbent-paper-holder-ocean\/","og_site_name":"Poterie de Crestet","og_image":[{"width":532,"height":800,"url":"https:\/\/i0.wp.com\/poterie-de-crestet.com\/wp-content\/uploads\/2025\/04\/Poterie-du-Crestet0928.jpg?fit=532%2C800&ssl=1","type":"image\/jpeg"}],"twitter_card":"summary_large_image","schema":{"@context":"https:\/\/schema.org","@graph":[{"@type":"WebPage","@id":"https:\/\/poterie-de-crestet.com\/en\/ceramic\/absorbent-paper-holder-ocean\/","url":"https:\/\/poterie-de-crestet.com\/en\/ceramic\/absorbent-paper-holder-ocean\/","name":"Absorbent paper holder Ocean - Poterie de Crestet","isPartOf":{"@id":"https:\/\/poterie-de-crestet.com\/en\/#website"},"primaryImageOfPage":{"@id":"https:\/\/poterie-de-crestet.com\/en\/ceramic\/absorbent-paper-holder-ocean\/#primaryimage"},"image":{"@id":"https:\/\/poterie-de-crestet.com\/en\/ceramic\/absorbent-paper-holder-ocean\/#primaryimage"},"thumbnailUrl":"https:\/\/i0.wp.com\/poterie-de-crestet.com\/wp-content\/uploads\/2025\/04\/Poterie-du-Crestet0928.jpg?fit=532%2C800&ssl=1","datePublished":"2025-04-10T08:14:19+00:00","breadcrumb":{"@id":"https:\/\/poterie-de-crestet.com\/en\/ceramic\/absorbent-paper-holder-ocean\/#breadcrumb"},"inLanguage":"en-US","potentialAction":[{"@type":"ReadAction","target":["https:\/\/poterie-de-crestet.com\/en\/ceramic\/absorbent-paper-holder-ocean\/"]}]},{"@type":"ImageObject","inLanguage":"en-US","@id":"https:\/\/poterie-de-crestet.com\/en\/ceramic\/absorbent-paper-holder-ocean\/#primaryimage","url":"https:\/\/i0.wp.com\/poterie-de-crestet.com\/wp-content\/uploads\/2025\/04\/Poterie-du-Crestet0928.jpg?fit=532%2C800&ssl=1","contentUrl":"https:\/\/i0.wp.com\/poterie-de-crestet.com\/wp-content\/uploads\/2025\/04\/Poterie-du-Crestet0928.jpg?fit=532%2C800&ssl=1","width":532,"height":800},{"@type":"BreadcrumbList","@id":"https:\/\/poterie-de-crestet.com\/en\/ceramic\/absorbent-paper-holder-ocean\/#breadcrumb","itemListElement":[{"@type":"ListItem","position":1,"name":"Accueil","item":"https:\/\/poterie-de-crestet.com\/en\/accueil\/"},{"@type":"ListItem","position":2,"name":"Boutique","item":"https:\/\/poterie-de-crestet.com\/ceramiques\/"},{"@type":"ListItem","position":3,"name":"Absorbent paper holder Ocean"}]},{"@type":"WebSite","@id":"https:\/\/poterie-de-crestet.com\/en\/#website","url":"https:\/\/poterie-de-crestet.com\/en\/","name":"Poterie de Crestet","description":"Des milliers de poteries inpir\u00e9es de la Provence","publisher":{"@id":"https:\/\/poterie-de-crestet.com\/en\/#organization"},"potentialAction":[{"@type":"SearchAction","target":{"@type":"EntryPoint","urlTemplate":"https:\/\/poterie-de-crestet.com\/en\/?s={search_term_string}"},"query-input":{"@type":"PropertyValueSpecification","valueRequired":true,"valueName":"search_term_string"}}],"inLanguage":"en-US"},{"@type":"Organization","@id":"https:\/\/poterie-de-crestet.com\/en\/#organization","name":"Poterie de Crestet","url":"https:\/\/poterie-de-crestet.com\/en\/","logo":{"@type":"ImageObject","inLanguage":"en-US","@id":"https:\/\/poterie-de-crestet.com\/en\/#\/schema\/logo\/image\/","url":"https:\/\/i0.wp.com\/poterie-de-crestet.com\/wp-content\/uploads\/2025\/03\/Propo-4.png?fit=1000%2C462&ssl=1","contentUrl":"https:\/\/i0.wp.com\/poterie-de-crestet.com\/wp-content\/uploads\/2025\/03\/Propo-4.png?fit=1000%2C462&ssl=1","width":1000,"height":462,"caption":"Poterie de Crestet"},"image":{"@id":"https:\/\/poterie-de-crestet.com\/en\/#\/schema\/logo\/image\/"}}]}},"jetpack_sharing_enabled":true,"_links":{"self":[{"href":"https:\/\/poterie-de-crestet.com\/en\/wp-json\/wp\/v2\/product\/19116","targetHints":{"allow":["GET"]}}],"collection":[{"href":"https:\/\/poterie-de-crestet.com\/en\/wp-json\/wp\/v2\/product"}],"about":[{"href":"https:\/\/poterie-de-crestet.com\/en\/wp-json\/wp\/v2\/types\/product"}],"replies":[{"embeddable":true,"href":"https:\/\/poterie-de-crestet.com\/en\/wp-json\/wp\/v2\/comments?post=19116"}],"version-history":[{"count":0,"href":"https:\/\/poterie-de-crestet.com\/en\/wp-json\/wp\/v2\/product\/19116\/revisions"}],"wp:featuredmedia":[{"embeddable":true,"href":"https:\/\/poterie-de-crestet.com\/en\/wp-json\/wp\/v2\/media\/7589"}],"wp:attachment":[{"href":"https:\/\/poterie-de-crestet.com\/en\/wp-json\/wp\/v2\/media?parent=19116"}],"wp:term":[{"taxonomy":"product_brand","embeddable":true,"href":"https:\/\/poterie-de-crestet.com\/en\/wp-json\/wp\/v2\/product_brand?post=19116"},{"taxonomy":"product_cat","embeddable":true,"href":"https:\/\/poterie-de-crestet.com\/en\/wp-json\/wp\/v2\/product_cat?post=19116"},{"taxonomy":"product_tag","embeddable":true,"href":"https:\/\/poterie-de-crestet.com\/en\/wp-json\/wp\/v2\/product_tag?post=19116"}],"curies":[{"name":"wp","href":"https:\/\/api.w.org\/{rel}","templated":true}]}}