{"id":22792,"date":"2025-04-11T08:46:29","date_gmt":"2025-04-11T06:46:29","guid":{"rendered":"https:\/\/poterie-de-crestet.com\/ceramiques\/saliere-poivriere-olivier-vert\/"},"modified":"2025-04-11T08:46:29","modified_gmt":"2025-04-11T06:46:29","slug":"saliere-poivriere-olivier-vert","status":"publish","type":"product","link":"https:\/\/poterie-de-crestet.com\/de\/keramik\/saliere-poivriere-olivier-vert\/","title":{"rendered":"Salz- und Pfefferstreuer  <h5>Gr\u00fcner Olivenbaum<\/h5>"},"content":{"rendered":"<p class=\"\" data-start=\"1551\" data-end=\"1887\">Das olivgr\u00fcne Salz- und Pfefferstreuer-Duo ist ein Muss f\u00fcr Liebhaber provenzalischen Geschirrs. Handbemalt mit Olivenzweigen mit gr\u00fcnen Bl\u00e4ttern, sind diese beiden kleinen T\u00f6pfe sowohl n\u00fctzlich als auch dekorativ. Ihr klassisches Design f\u00fcgt sich problemlos in jeden K\u00fcchenstil ein.  <\/p>\n<p class=\"\" data-start=\"1889\" data-end=\"2099\">Sie sind langlebig: sp\u00fclmaschinenfest, widerstandsf\u00e4hig gegen t\u00e4glichen Gebrauch und kompatibel mit allen Lebensmittelnormen. Ihr unauff\u00e4lliges Format st\u00f6rt den Tisch nicht und l\u00e4sst sich leicht verstauen. <\/p>\n<p class=\"\" data-start=\"2101\" data-end=\"2322\">Perfekt, um eine Sammlung zu vervollst\u00e4ndigen oder einem geliebten Menschen zu schenken, der sch\u00f6ne Alltagsgegenst\u00e4nde liebt. Kombinieren Sie sie mit dem <a class=\"\" href=\"https:\/\/poterie-de-crestet.com\/de\/keramik\/eierbecher-gruener-olivenbaum\/\" rel=\"noopener\" data-start=\"2223\" data-end=\"2250\">gr\u00fcnen Olivier-Eierbecher<\/a> oder probieren Sie eine grafische Kombination mit der <a class=\"\" href=\"https:\/\/poterie-de-crestet.com\/de\/keramik\/kaffeetasse-blauer-platz\/\" rel=\"noopener\" data-start=\"2293\" data-end=\"2321\">Carr\u00e9 bleu Kaffeetasse<\/a>. <\/p>\n","protected":false},"excerpt":{"rendered":"<p>Keramiksalz- und Pfefferstreuer-Duo mit gr\u00fcnem Olivenbaum-Dekor. Handgemaltes Muster, um es mit Schlichtheit und Nat\u00fcrlichkeit zu w\u00fcrzen. <br data-start=\"1515\" data-end=\"1518\"><strong data-start=\"1518\" data-end=\"1549\"><em data-start=\"1520\" data-end=\"1547\">Abmessungen: 4,7 \u00d7 7,6 cm<\/em><\/strong><\/p>\n","protected":false},"featured_media":8176,"comment_status":"open","ping_status":"closed","template":"","meta":[],"product_brand":[],"product_cat":[420],"product_tag":[189],"class_list":{"0":"post-22792","1":"product","2":"type-product","3":"status-publish","4":"has-post-thumbnail","6":"product_cat-salz-und-pfefferstreuer","7":"product_tag-gruner-olivenbaum","9":"first","10":"instock","11":"taxable","12":"shipping-taxable","13":"purchasable","14":"product-type-simple"},"yoast_head":"<!-- This site is optimized with the Yoast SEO plugin v27.5 - https:\/\/yoast.com\/product\/yoast-seo-wordpress\/ -->\n<title>Salz- und Pfefferstreuer Gr\u00fcner Olivenbaum - Poterie de Crestet<\/title>\n<meta name=\"description\" content=\"Salz- und Pfefferstreuer kombiniert mit gr\u00fcner Olivenbaumdekoration. Handbemalte, waschbare handgefertigte Keramik. F\u00fcr einen nat\u00fcrlichen, eleganten und praktischen Tisch.\" \/>\n<meta name=\"robots\" content=\"index, follow, max-snippet:-1, max-image-preview:large, max-video-preview:-1\" \/>\n<link rel=\"canonical\" href=\"https:\/\/poterie-de-crestet.com\/de\/keramik\/saliere-poivriere-olivier-vert\/\" \/>\n<meta property=\"og:locale\" content=\"de_DE\" \/>\n<meta property=\"og:type\" content=\"article\" \/>\n<meta property=\"og:title\" content=\"Salz- und Pfefferstreuer Gr\u00fcner Olivenbaum - Poterie de Crestet\" \/>\n<meta property=\"og:description\" content=\"Salz- und Pfefferstreuer kombiniert mit gr\u00fcner Olivenbaumdekoration. Handbemalte, waschbare handgefertigte Keramik. F\u00fcr einen nat\u00fcrlichen, eleganten und praktischen Tisch.\" \/>\n<meta property=\"og:url\" content=\"https:\/\/poterie-de-crestet.com\/de\/keramik\/saliere-poivriere-olivier-vert\/\" \/>\n<meta property=\"og:site_name\" content=\"Poterie de Crestet\" \/>\n<meta property=\"og:image\" content=\"https:\/\/i0.wp.com\/poterie-de-crestet.com\/wp-content\/uploads\/2025\/04\/saliere-et-poivrier-olivier-vert.jpg?fit=458%2C458&ssl=1\" \/>\n\t<meta property=\"og:image:width\" content=\"458\" \/>\n\t<meta property=\"og:image:height\" content=\"458\" \/>\n\t<meta property=\"og:image:type\" content=\"image\/jpeg\" \/>\n<meta name=\"twitter:card\" content=\"summary_large_image\" \/>\n<meta name=\"twitter:label1\" content=\"Gesch\u00e4tzte Lesezeit\" \/>\n\t<meta name=\"twitter:data1\" content=\"1\u00a0Minute\" \/>\n<script type=\"application\/ld+json\" class=\"yoast-schema-graph\">{\"@context\":\"https:\\\/\\\/schema.org\",\"@graph\":[{\"@type\":\"WebPage\",\"@id\":\"https:\\\/\\\/poterie-de-crestet.com\\\/de\\\/keramik\\\/saliere-poivriere-olivier-vert\\\/\",\"url\":\"https:\\\/\\\/poterie-de-crestet.com\\\/de\\\/keramik\\\/saliere-poivriere-olivier-vert\\\/\",\"name\":\"Salz- und Pfefferstreuer Gr\u00fcner Olivenbaum - Poterie de Crestet\",\"isPartOf\":{\"@id\":\"https:\\\/\\\/poterie-de-crestet.com\\\/de\\\/#website\"},\"primaryImageOfPage\":{\"@id\":\"https:\\\/\\\/poterie-de-crestet.com\\\/de\\\/keramik\\\/saliere-poivriere-olivier-vert\\\/#primaryimage\"},\"image\":{\"@id\":\"https:\\\/\\\/poterie-de-crestet.com\\\/de\\\/keramik\\\/saliere-poivriere-olivier-vert\\\/#primaryimage\"},\"thumbnailUrl\":\"https:\\\/\\\/i0.wp.com\\\/poterie-de-crestet.com\\\/wp-content\\\/uploads\\\/2025\\\/04\\\/saliere-et-poivrier-olivier-vert.jpg?fit=458%2C458&ssl=1\",\"datePublished\":\"2025-04-11T06:46:29+00:00\",\"description\":\"Salz- und Pfefferstreuer kombiniert mit gr\u00fcner Olivenbaumdekoration. Handbemalte, waschbare handgefertigte Keramik. F\u00fcr einen nat\u00fcrlichen, eleganten und praktischen Tisch.\",\"breadcrumb\":{\"@id\":\"https:\\\/\\\/poterie-de-crestet.com\\\/de\\\/keramik\\\/saliere-poivriere-olivier-vert\\\/#breadcrumb\"},\"inLanguage\":\"de\",\"potentialAction\":[{\"@type\":\"ReadAction\",\"target\":[\"https:\\\/\\\/poterie-de-crestet.com\\\/de\\\/keramik\\\/saliere-poivriere-olivier-vert\\\/\"]}]},{\"@type\":\"ImageObject\",\"inLanguage\":\"de\",\"@id\":\"https:\\\/\\\/poterie-de-crestet.com\\\/de\\\/keramik\\\/saliere-poivriere-olivier-vert\\\/#primaryimage\",\"url\":\"https:\\\/\\\/i0.wp.com\\\/poterie-de-crestet.com\\\/wp-content\\\/uploads\\\/2025\\\/04\\\/saliere-et-poivrier-olivier-vert.jpg?fit=458%2C458&ssl=1\",\"contentUrl\":\"https:\\\/\\\/i0.wp.com\\\/poterie-de-crestet.com\\\/wp-content\\\/uploads\\\/2025\\\/04\\\/saliere-et-poivrier-olivier-vert.jpg?fit=458%2C458&ssl=1\",\"width\":458,\"height\":458,\"caption\":\"Salz- und Pfefferstreuer Gr\u00fcne Olive\"},{\"@type\":\"BreadcrumbList\",\"@id\":\"https:\\\/\\\/poterie-de-crestet.com\\\/de\\\/keramik\\\/saliere-poivriere-olivier-vert\\\/#breadcrumb\",\"itemListElement\":[{\"@type\":\"ListItem\",\"position\":1,\"name\":\"Accueil\",\"item\":\"https:\\\/\\\/poterie-de-crestet.com\\\/de\\\/accueil\\\/\"},{\"@type\":\"ListItem\",\"position\":2,\"name\":\"Boutique\",\"item\":\"https:\\\/\\\/poterie-de-crestet.com\\\/ceramiques\\\/\"},{\"@type\":\"ListItem\",\"position\":3,\"name\":\"Salz- und Pfefferstreuer Gr\u00fcner Olivenbaum\"}]},{\"@type\":\"WebSite\",\"@id\":\"https:\\\/\\\/poterie-de-crestet.com\\\/de\\\/#website\",\"url\":\"https:\\\/\\\/poterie-de-crestet.com\\\/de\\\/\",\"name\":\"Poterie de Crestet\",\"description\":\"Des milliers de poteries inpir\u00e9es de la Provence\",\"publisher\":{\"@id\":\"https:\\\/\\\/poterie-de-crestet.com\\\/de\\\/#organization\"},\"potentialAction\":[{\"@type\":\"SearchAction\",\"target\":{\"@type\":\"EntryPoint\",\"urlTemplate\":\"https:\\\/\\\/poterie-de-crestet.com\\\/de\\\/?s={search_term_string}\"},\"query-input\":{\"@type\":\"PropertyValueSpecification\",\"valueRequired\":true,\"valueName\":\"search_term_string\"}}],\"inLanguage\":\"de\"},{\"@type\":\"Organization\",\"@id\":\"https:\\\/\\\/poterie-de-crestet.com\\\/de\\\/#organization\",\"name\":\"Poterie de Crestet\",\"url\":\"https:\\\/\\\/poterie-de-crestet.com\\\/de\\\/\",\"logo\":{\"@type\":\"ImageObject\",\"inLanguage\":\"de\",\"@id\":\"https:\\\/\\\/poterie-de-crestet.com\\\/de\\\/#\\\/schema\\\/logo\\\/image\\\/\",\"url\":\"https:\\\/\\\/i0.wp.com\\\/poterie-de-crestet.com\\\/wp-content\\\/uploads\\\/2025\\\/03\\\/Propo-4.png?fit=1000%2C462&ssl=1\",\"contentUrl\":\"https:\\\/\\\/i0.wp.com\\\/poterie-de-crestet.com\\\/wp-content\\\/uploads\\\/2025\\\/03\\\/Propo-4.png?fit=1000%2C462&ssl=1\",\"width\":1000,\"height\":462,\"caption\":\"Poterie de Crestet\"},\"image\":{\"@id\":\"https:\\\/\\\/poterie-de-crestet.com\\\/de\\\/#\\\/schema\\\/logo\\\/image\\\/\"}}]}<\/script>\n<!-- \/ Yoast SEO plugin. -->","yoast_head_json":{"title":"Salz- und Pfefferstreuer Gr\u00fcner Olivenbaum - Poterie de Crestet","description":"Salz- und Pfefferstreuer kombiniert mit gr\u00fcner Olivenbaumdekoration. Handbemalte, waschbare handgefertigte Keramik. F\u00fcr einen nat\u00fcrlichen, eleganten und praktischen Tisch.","robots":{"index":"index","follow":"follow","max-snippet":"max-snippet:-1","max-image-preview":"max-image-preview:large","max-video-preview":"max-video-preview:-1"},"canonical":"https:\/\/poterie-de-crestet.com\/de\/keramik\/saliere-poivriere-olivier-vert\/","og_locale":"de_DE","og_type":"article","og_title":"Salz- und Pfefferstreuer Gr\u00fcner Olivenbaum - Poterie de Crestet","og_description":"Salz- und Pfefferstreuer kombiniert mit gr\u00fcner Olivenbaumdekoration. Handbemalte, waschbare handgefertigte Keramik. F\u00fcr einen nat\u00fcrlichen, eleganten und praktischen Tisch.","og_url":"https:\/\/poterie-de-crestet.com\/de\/keramik\/saliere-poivriere-olivier-vert\/","og_site_name":"Poterie de Crestet","og_image":[{"width":458,"height":458,"url":"https:\/\/i0.wp.com\/poterie-de-crestet.com\/wp-content\/uploads\/2025\/04\/saliere-et-poivrier-olivier-vert.jpg?fit=458%2C458&ssl=1","type":"image\/jpeg"}],"twitter_card":"summary_large_image","twitter_misc":{"Gesch\u00e4tzte Lesezeit":"1\u00a0Minute"},"schema":{"@context":"https:\/\/schema.org","@graph":[{"@type":"WebPage","@id":"https:\/\/poterie-de-crestet.com\/de\/keramik\/saliere-poivriere-olivier-vert\/","url":"https:\/\/poterie-de-crestet.com\/de\/keramik\/saliere-poivriere-olivier-vert\/","name":"Salz- und Pfefferstreuer Gr\u00fcner Olivenbaum - Poterie de Crestet","isPartOf":{"@id":"https:\/\/poterie-de-crestet.com\/de\/#website"},"primaryImageOfPage":{"@id":"https:\/\/poterie-de-crestet.com\/de\/keramik\/saliere-poivriere-olivier-vert\/#primaryimage"},"image":{"@id":"https:\/\/poterie-de-crestet.com\/de\/keramik\/saliere-poivriere-olivier-vert\/#primaryimage"},"thumbnailUrl":"https:\/\/i0.wp.com\/poterie-de-crestet.com\/wp-content\/uploads\/2025\/04\/saliere-et-poivrier-olivier-vert.jpg?fit=458%2C458&ssl=1","datePublished":"2025-04-11T06:46:29+00:00","description":"Salz- und Pfefferstreuer kombiniert mit gr\u00fcner Olivenbaumdekoration. Handbemalte, waschbare handgefertigte Keramik. F\u00fcr einen nat\u00fcrlichen, eleganten und praktischen Tisch.","breadcrumb":{"@id":"https:\/\/poterie-de-crestet.com\/de\/keramik\/saliere-poivriere-olivier-vert\/#breadcrumb"},"inLanguage":"de","potentialAction":[{"@type":"ReadAction","target":["https:\/\/poterie-de-crestet.com\/de\/keramik\/saliere-poivriere-olivier-vert\/"]}]},{"@type":"ImageObject","inLanguage":"de","@id":"https:\/\/poterie-de-crestet.com\/de\/keramik\/saliere-poivriere-olivier-vert\/#primaryimage","url":"https:\/\/i0.wp.com\/poterie-de-crestet.com\/wp-content\/uploads\/2025\/04\/saliere-et-poivrier-olivier-vert.jpg?fit=458%2C458&ssl=1","contentUrl":"https:\/\/i0.wp.com\/poterie-de-crestet.com\/wp-content\/uploads\/2025\/04\/saliere-et-poivrier-olivier-vert.jpg?fit=458%2C458&ssl=1","width":458,"height":458,"caption":"Salz- und Pfefferstreuer Gr\u00fcne Olive"},{"@type":"BreadcrumbList","@id":"https:\/\/poterie-de-crestet.com\/de\/keramik\/saliere-poivriere-olivier-vert\/#breadcrumb","itemListElement":[{"@type":"ListItem","position":1,"name":"Accueil","item":"https:\/\/poterie-de-crestet.com\/de\/accueil\/"},{"@type":"ListItem","position":2,"name":"Boutique","item":"https:\/\/poterie-de-crestet.com\/ceramiques\/"},{"@type":"ListItem","position":3,"name":"Salz- und Pfefferstreuer Gr\u00fcner Olivenbaum"}]},{"@type":"WebSite","@id":"https:\/\/poterie-de-crestet.com\/de\/#website","url":"https:\/\/poterie-de-crestet.com\/de\/","name":"Poterie de Crestet","description":"Des milliers de poteries inpir\u00e9es de la Provence","publisher":{"@id":"https:\/\/poterie-de-crestet.com\/de\/#organization"},"potentialAction":[{"@type":"SearchAction","target":{"@type":"EntryPoint","urlTemplate":"https:\/\/poterie-de-crestet.com\/de\/?s={search_term_string}"},"query-input":{"@type":"PropertyValueSpecification","valueRequired":true,"valueName":"search_term_string"}}],"inLanguage":"de"},{"@type":"Organization","@id":"https:\/\/poterie-de-crestet.com\/de\/#organization","name":"Poterie de Crestet","url":"https:\/\/poterie-de-crestet.com\/de\/","logo":{"@type":"ImageObject","inLanguage":"de","@id":"https:\/\/poterie-de-crestet.com\/de\/#\/schema\/logo\/image\/","url":"https:\/\/i0.wp.com\/poterie-de-crestet.com\/wp-content\/uploads\/2025\/03\/Propo-4.png?fit=1000%2C462&ssl=1","contentUrl":"https:\/\/i0.wp.com\/poterie-de-crestet.com\/wp-content\/uploads\/2025\/03\/Propo-4.png?fit=1000%2C462&ssl=1","width":1000,"height":462,"caption":"Poterie de Crestet"},"image":{"@id":"https:\/\/poterie-de-crestet.com\/de\/#\/schema\/logo\/image\/"}}]}},"jetpack_sharing_enabled":true,"_links":{"self":[{"href":"https:\/\/poterie-de-crestet.com\/de\/wp-json\/wp\/v2\/product\/22792","targetHints":{"allow":["GET"]}}],"collection":[{"href":"https:\/\/poterie-de-crestet.com\/de\/wp-json\/wp\/v2\/product"}],"about":[{"href":"https:\/\/poterie-de-crestet.com\/de\/wp-json\/wp\/v2\/types\/product"}],"replies":[{"embeddable":true,"href":"https:\/\/poterie-de-crestet.com\/de\/wp-json\/wp\/v2\/comments?post=22792"}],"version-history":[{"count":0,"href":"https:\/\/poterie-de-crestet.com\/de\/wp-json\/wp\/v2\/product\/22792\/revisions"}],"wp:featuredmedia":[{"embeddable":true,"href":"https:\/\/poterie-de-crestet.com\/de\/wp-json\/wp\/v2\/media\/8176"}],"wp:attachment":[{"href":"https:\/\/poterie-de-crestet.com\/de\/wp-json\/wp\/v2\/media?parent=22792"}],"wp:term":[{"taxonomy":"product_brand","embeddable":true,"href":"https:\/\/poterie-de-crestet.com\/de\/wp-json\/wp\/v2\/product_brand?post=22792"},{"taxonomy":"product_cat","embeddable":true,"href":"https:\/\/poterie-de-crestet.com\/de\/wp-json\/wp\/v2\/product_cat?post=22792"},{"taxonomy":"product_tag","embeddable":true,"href":"https:\/\/poterie-de-crestet.com\/de\/wp-json\/wp\/v2\/product_tag?post=22792"}],"curies":[{"name":"wp","href":"https:\/\/api.w.org\/{rel}","templated":true}]}}