{"id":22791,"date":"2025-04-11T08:46:28","date_gmt":"2025-04-11T06:46:28","guid":{"rendered":"https:\/\/poterie-de-crestet.com\/ceramiques\/saliere-poivriere-sol-rose\/"},"modified":"2025-04-11T08:46:28","modified_gmt":"2025-04-11T06:46:28","slug":"saliere-poivriere-sol-rose","status":"publish","type":"product","link":"https:\/\/poterie-de-crestet.com\/de\/keramik\/saliere-poivriere-sol-rose\/","title":{"rendered":"Salz- und Pfefferstreuer  <h5>Rosa Erde<\/h5>"},"content":{"rendered":"<p data-start=\"2814\" data-end=\"3128\">Dieses Salz- und Pfefferstreuer-Duo mit Sol-Rosen-Dekoration verbindet Praktikabilit\u00e4t und Feinf\u00fchligkeit. Das geometrische Dekor ist von Hand in einem hellrosa, leicht pastellfarbenen Farbton aufgetragen, was eine feminine und moderne Note verleiht. Jedes St\u00fcck ist einzigartig, mit subtilen Farbt\u00f6nen und Kompositionen.  <\/p>\n<p data-start=\"3130\" data-end=\"3333\">Kompakt und funktional, sind sie einfach zu handhaben und sp\u00fclmaschinenfest. Sie eignen sich sowohl f\u00fcr einen Alltagstisch als auch f\u00fcr einen Brunchservice oder ein durchdachtes Geschenk. <\/p>\n<p data-start=\"3335\" data-end=\"3557\">Um mit hellem Tafelger\u00e4t abgestimmt oder in eine kontrastreichere Komposition integriert zu werden. Kombinieren Sie sie mit dem <a class=\"\" href=\"https:\/\/poterie-de-crestet.com\/de\/keramik\/mittagsbecher-rosa-erde\/\" rel=\"noopener\" data-start=\"3444\" data-end=\"3474\">Sol Rose Fr\u00fchst\u00fccksbecher<\/a> oder mischen Sie sie mit <a class=\"\" href=\"https:\/\/poterie-de-crestet.com\/de\/keramik\/moerser-gruene-blaetter\/\" rel=\"noopener\" data-start=\"3492\" data-end=\"3520\">dem Green Leaves M\u00f6rser<\/a> f\u00fcr eine weiche, pflanzliche Atmosph\u00e4re. <\/p>\n","protected":false},"excerpt":{"rendered":"<p>Duo-Dekoration: Sol Rose f\u00fcr Salz und Pfeffer. Ein weiches, geometrisches handgemalt Muster. F\u00fcr einen zarten und zeitgem\u00e4\u00dfen Tisch.  <br data-start=\"2778\" data-end=\"2781\"><strong data-start=\"2781\" data-end=\"2812\"><em data-start=\"2783\" data-end=\"2810\">Abmessungen: 4,7 \u00d7 7,6 cm<\/em><\/strong><\/p>\n","protected":false},"featured_media":8188,"comment_status":"open","ping_status":"closed","template":"","meta":[],"product_brand":[],"product_cat":[420],"product_tag":[232],"class_list":{"0":"post-22791","1":"product","2":"type-product","3":"status-publish","4":"has-post-thumbnail","6":"product_cat-salz-und-pfefferstreuer","7":"product_tag-rosa-erde","9":"first","10":"instock","11":"taxable","12":"shipping-taxable","13":"purchasable","14":"product-type-simple"},"yoast_head":"<!-- This site is optimized with the Yoast SEO plugin v27.5 - https:\/\/yoast.com\/product\/yoast-seo-wordpress\/ -->\n<title>Salz- und Pfefferstreuer Rosa Erde - Poterie de Crestet<\/title>\n<meta name=\"description\" content=\"Salz- und Pfefferstreuer kombiniert mit Sol-Rosen-Dekoration. Handbemalte, waschbare handgefertigte Keramik. Ein weiches, praktisches und leicht zu schenkendes Duo.\" \/>\n<meta name=\"robots\" content=\"index, follow, max-snippet:-1, max-image-preview:large, max-video-preview:-1\" \/>\n<link rel=\"canonical\" href=\"https:\/\/poterie-de-crestet.com\/de\/keramik\/saliere-poivriere-sol-rose\/\" \/>\n<meta property=\"og:locale\" content=\"de_DE\" \/>\n<meta property=\"og:type\" content=\"article\" \/>\n<meta property=\"og:title\" content=\"Salz- und Pfefferstreuer Rosa Erde - Poterie de Crestet\" \/>\n<meta property=\"og:description\" content=\"Salz- und Pfefferstreuer kombiniert mit Sol-Rosen-Dekoration. Handbemalte, waschbare handgefertigte Keramik. Ein weiches, praktisches und leicht zu schenkendes Duo.\" \/>\n<meta property=\"og:url\" content=\"https:\/\/poterie-de-crestet.com\/de\/keramik\/saliere-poivriere-sol-rose\/\" \/>\n<meta property=\"og:site_name\" content=\"Poterie de Crestet\" \/>\n<meta property=\"og:image\" content=\"https:\/\/i0.wp.com\/poterie-de-crestet.com\/wp-content\/uploads\/2025\/04\/saliere-et-poivrier-sol-rose.jpg?fit=458%2C458&ssl=1\" \/>\n\t<meta property=\"og:image:width\" content=\"458\" \/>\n\t<meta property=\"og:image:height\" content=\"458\" \/>\n\t<meta property=\"og:image:type\" content=\"image\/jpeg\" \/>\n<meta name=\"twitter:card\" content=\"summary_large_image\" \/>\n<meta name=\"twitter:label1\" content=\"Gesch\u00e4tzte Lesezeit\" \/>\n\t<meta name=\"twitter:data1\" content=\"1\u00a0Minute\" \/>\n<script type=\"application\/ld+json\" class=\"yoast-schema-graph\">{\"@context\":\"https:\\\/\\\/schema.org\",\"@graph\":[{\"@type\":\"WebPage\",\"@id\":\"https:\\\/\\\/poterie-de-crestet.com\\\/de\\\/keramik\\\/saliere-poivriere-sol-rose\\\/\",\"url\":\"https:\\\/\\\/poterie-de-crestet.com\\\/de\\\/keramik\\\/saliere-poivriere-sol-rose\\\/\",\"name\":\"Salz- und Pfefferstreuer Rosa Erde - Poterie de Crestet\",\"isPartOf\":{\"@id\":\"https:\\\/\\\/poterie-de-crestet.com\\\/de\\\/#website\"},\"primaryImageOfPage\":{\"@id\":\"https:\\\/\\\/poterie-de-crestet.com\\\/de\\\/keramik\\\/saliere-poivriere-sol-rose\\\/#primaryimage\"},\"image\":{\"@id\":\"https:\\\/\\\/poterie-de-crestet.com\\\/de\\\/keramik\\\/saliere-poivriere-sol-rose\\\/#primaryimage\"},\"thumbnailUrl\":\"https:\\\/\\\/i0.wp.com\\\/poterie-de-crestet.com\\\/wp-content\\\/uploads\\\/2025\\\/04\\\/saliere-et-poivrier-sol-rose.jpg?fit=458%2C458&ssl=1\",\"datePublished\":\"2025-04-11T06:46:28+00:00\",\"description\":\"Salz- und Pfefferstreuer kombiniert mit Sol-Rosen-Dekoration. Handbemalte, waschbare handgefertigte Keramik. Ein weiches, praktisches und leicht zu schenkendes Duo.\",\"breadcrumb\":{\"@id\":\"https:\\\/\\\/poterie-de-crestet.com\\\/de\\\/keramik\\\/saliere-poivriere-sol-rose\\\/#breadcrumb\"},\"inLanguage\":\"de\",\"potentialAction\":[{\"@type\":\"ReadAction\",\"target\":[\"https:\\\/\\\/poterie-de-crestet.com\\\/de\\\/keramik\\\/saliere-poivriere-sol-rose\\\/\"]}]},{\"@type\":\"ImageObject\",\"inLanguage\":\"de\",\"@id\":\"https:\\\/\\\/poterie-de-crestet.com\\\/de\\\/keramik\\\/saliere-poivriere-sol-rose\\\/#primaryimage\",\"url\":\"https:\\\/\\\/i0.wp.com\\\/poterie-de-crestet.com\\\/wp-content\\\/uploads\\\/2025\\\/04\\\/saliere-et-poivrier-sol-rose.jpg?fit=458%2C458&ssl=1\",\"contentUrl\":\"https:\\\/\\\/i0.wp.com\\\/poterie-de-crestet.com\\\/wp-content\\\/uploads\\\/2025\\\/04\\\/saliere-et-poivrier-sol-rose.jpg?fit=458%2C458&ssl=1\",\"width\":458,\"height\":458,\"caption\":\"Salz- und Pfefferstreuer Sol rose\"},{\"@type\":\"BreadcrumbList\",\"@id\":\"https:\\\/\\\/poterie-de-crestet.com\\\/de\\\/keramik\\\/saliere-poivriere-sol-rose\\\/#breadcrumb\",\"itemListElement\":[{\"@type\":\"ListItem\",\"position\":1,\"name\":\"Accueil\",\"item\":\"https:\\\/\\\/poterie-de-crestet.com\\\/de\\\/accueil\\\/\"},{\"@type\":\"ListItem\",\"position\":2,\"name\":\"Boutique\",\"item\":\"https:\\\/\\\/poterie-de-crestet.com\\\/ceramiques\\\/\"},{\"@type\":\"ListItem\",\"position\":3,\"name\":\"Salz- und Pfefferstreuer Rosa Erde\"}]},{\"@type\":\"WebSite\",\"@id\":\"https:\\\/\\\/poterie-de-crestet.com\\\/de\\\/#website\",\"url\":\"https:\\\/\\\/poterie-de-crestet.com\\\/de\\\/\",\"name\":\"Poterie de Crestet\",\"description\":\"Des milliers de poteries inpir\u00e9es de la Provence\",\"publisher\":{\"@id\":\"https:\\\/\\\/poterie-de-crestet.com\\\/de\\\/#organization\"},\"potentialAction\":[{\"@type\":\"SearchAction\",\"target\":{\"@type\":\"EntryPoint\",\"urlTemplate\":\"https:\\\/\\\/poterie-de-crestet.com\\\/de\\\/?s={search_term_string}\"},\"query-input\":{\"@type\":\"PropertyValueSpecification\",\"valueRequired\":true,\"valueName\":\"search_term_string\"}}],\"inLanguage\":\"de\"},{\"@type\":\"Organization\",\"@id\":\"https:\\\/\\\/poterie-de-crestet.com\\\/de\\\/#organization\",\"name\":\"Poterie de Crestet\",\"url\":\"https:\\\/\\\/poterie-de-crestet.com\\\/de\\\/\",\"logo\":{\"@type\":\"ImageObject\",\"inLanguage\":\"de\",\"@id\":\"https:\\\/\\\/poterie-de-crestet.com\\\/de\\\/#\\\/schema\\\/logo\\\/image\\\/\",\"url\":\"https:\\\/\\\/i0.wp.com\\\/poterie-de-crestet.com\\\/wp-content\\\/uploads\\\/2025\\\/03\\\/Propo-4.png?fit=1000%2C462&ssl=1\",\"contentUrl\":\"https:\\\/\\\/i0.wp.com\\\/poterie-de-crestet.com\\\/wp-content\\\/uploads\\\/2025\\\/03\\\/Propo-4.png?fit=1000%2C462&ssl=1\",\"width\":1000,\"height\":462,\"caption\":\"Poterie de Crestet\"},\"image\":{\"@id\":\"https:\\\/\\\/poterie-de-crestet.com\\\/de\\\/#\\\/schema\\\/logo\\\/image\\\/\"}}]}<\/script>\n<!-- \/ Yoast SEO plugin. -->","yoast_head_json":{"title":"Salz- und Pfefferstreuer Rosa Erde - Poterie de Crestet","description":"Salz- und Pfefferstreuer kombiniert mit Sol-Rosen-Dekoration. Handbemalte, waschbare handgefertigte Keramik. Ein weiches, praktisches und leicht zu schenkendes Duo.","robots":{"index":"index","follow":"follow","max-snippet":"max-snippet:-1","max-image-preview":"max-image-preview:large","max-video-preview":"max-video-preview:-1"},"canonical":"https:\/\/poterie-de-crestet.com\/de\/keramik\/saliere-poivriere-sol-rose\/","og_locale":"de_DE","og_type":"article","og_title":"Salz- und Pfefferstreuer Rosa Erde - Poterie de Crestet","og_description":"Salz- und Pfefferstreuer kombiniert mit Sol-Rosen-Dekoration. Handbemalte, waschbare handgefertigte Keramik. Ein weiches, praktisches und leicht zu schenkendes Duo.","og_url":"https:\/\/poterie-de-crestet.com\/de\/keramik\/saliere-poivriere-sol-rose\/","og_site_name":"Poterie de Crestet","og_image":[{"width":458,"height":458,"url":"https:\/\/i0.wp.com\/poterie-de-crestet.com\/wp-content\/uploads\/2025\/04\/saliere-et-poivrier-sol-rose.jpg?fit=458%2C458&ssl=1","type":"image\/jpeg"}],"twitter_card":"summary_large_image","twitter_misc":{"Gesch\u00e4tzte Lesezeit":"1\u00a0Minute"},"schema":{"@context":"https:\/\/schema.org","@graph":[{"@type":"WebPage","@id":"https:\/\/poterie-de-crestet.com\/de\/keramik\/saliere-poivriere-sol-rose\/","url":"https:\/\/poterie-de-crestet.com\/de\/keramik\/saliere-poivriere-sol-rose\/","name":"Salz- und Pfefferstreuer Rosa Erde - Poterie de Crestet","isPartOf":{"@id":"https:\/\/poterie-de-crestet.com\/de\/#website"},"primaryImageOfPage":{"@id":"https:\/\/poterie-de-crestet.com\/de\/keramik\/saliere-poivriere-sol-rose\/#primaryimage"},"image":{"@id":"https:\/\/poterie-de-crestet.com\/de\/keramik\/saliere-poivriere-sol-rose\/#primaryimage"},"thumbnailUrl":"https:\/\/i0.wp.com\/poterie-de-crestet.com\/wp-content\/uploads\/2025\/04\/saliere-et-poivrier-sol-rose.jpg?fit=458%2C458&ssl=1","datePublished":"2025-04-11T06:46:28+00:00","description":"Salz- und Pfefferstreuer kombiniert mit Sol-Rosen-Dekoration. Handbemalte, waschbare handgefertigte Keramik. Ein weiches, praktisches und leicht zu schenkendes Duo.","breadcrumb":{"@id":"https:\/\/poterie-de-crestet.com\/de\/keramik\/saliere-poivriere-sol-rose\/#breadcrumb"},"inLanguage":"de","potentialAction":[{"@type":"ReadAction","target":["https:\/\/poterie-de-crestet.com\/de\/keramik\/saliere-poivriere-sol-rose\/"]}]},{"@type":"ImageObject","inLanguage":"de","@id":"https:\/\/poterie-de-crestet.com\/de\/keramik\/saliere-poivriere-sol-rose\/#primaryimage","url":"https:\/\/i0.wp.com\/poterie-de-crestet.com\/wp-content\/uploads\/2025\/04\/saliere-et-poivrier-sol-rose.jpg?fit=458%2C458&ssl=1","contentUrl":"https:\/\/i0.wp.com\/poterie-de-crestet.com\/wp-content\/uploads\/2025\/04\/saliere-et-poivrier-sol-rose.jpg?fit=458%2C458&ssl=1","width":458,"height":458,"caption":"Salz- und Pfefferstreuer Sol rose"},{"@type":"BreadcrumbList","@id":"https:\/\/poterie-de-crestet.com\/de\/keramik\/saliere-poivriere-sol-rose\/#breadcrumb","itemListElement":[{"@type":"ListItem","position":1,"name":"Accueil","item":"https:\/\/poterie-de-crestet.com\/de\/accueil\/"},{"@type":"ListItem","position":2,"name":"Boutique","item":"https:\/\/poterie-de-crestet.com\/ceramiques\/"},{"@type":"ListItem","position":3,"name":"Salz- und Pfefferstreuer Rosa Erde"}]},{"@type":"WebSite","@id":"https:\/\/poterie-de-crestet.com\/de\/#website","url":"https:\/\/poterie-de-crestet.com\/de\/","name":"Poterie de Crestet","description":"Des milliers de poteries inpir\u00e9es de la Provence","publisher":{"@id":"https:\/\/poterie-de-crestet.com\/de\/#organization"},"potentialAction":[{"@type":"SearchAction","target":{"@type":"EntryPoint","urlTemplate":"https:\/\/poterie-de-crestet.com\/de\/?s={search_term_string}"},"query-input":{"@type":"PropertyValueSpecification","valueRequired":true,"valueName":"search_term_string"}}],"inLanguage":"de"},{"@type":"Organization","@id":"https:\/\/poterie-de-crestet.com\/de\/#organization","name":"Poterie de Crestet","url":"https:\/\/poterie-de-crestet.com\/de\/","logo":{"@type":"ImageObject","inLanguage":"de","@id":"https:\/\/poterie-de-crestet.com\/de\/#\/schema\/logo\/image\/","url":"https:\/\/i0.wp.com\/poterie-de-crestet.com\/wp-content\/uploads\/2025\/03\/Propo-4.png?fit=1000%2C462&ssl=1","contentUrl":"https:\/\/i0.wp.com\/poterie-de-crestet.com\/wp-content\/uploads\/2025\/03\/Propo-4.png?fit=1000%2C462&ssl=1","width":1000,"height":462,"caption":"Poterie de Crestet"},"image":{"@id":"https:\/\/poterie-de-crestet.com\/de\/#\/schema\/logo\/image\/"}}]}},"jetpack_sharing_enabled":true,"_links":{"self":[{"href":"https:\/\/poterie-de-crestet.com\/de\/wp-json\/wp\/v2\/product\/22791","targetHints":{"allow":["GET"]}}],"collection":[{"href":"https:\/\/poterie-de-crestet.com\/de\/wp-json\/wp\/v2\/product"}],"about":[{"href":"https:\/\/poterie-de-crestet.com\/de\/wp-json\/wp\/v2\/types\/product"}],"replies":[{"embeddable":true,"href":"https:\/\/poterie-de-crestet.com\/de\/wp-json\/wp\/v2\/comments?post=22791"}],"version-history":[{"count":0,"href":"https:\/\/poterie-de-crestet.com\/de\/wp-json\/wp\/v2\/product\/22791\/revisions"}],"wp:featuredmedia":[{"embeddable":true,"href":"https:\/\/poterie-de-crestet.com\/de\/wp-json\/wp\/v2\/media\/8188"}],"wp:attachment":[{"href":"https:\/\/poterie-de-crestet.com\/de\/wp-json\/wp\/v2\/media?parent=22791"}],"wp:term":[{"taxonomy":"product_brand","embeddable":true,"href":"https:\/\/poterie-de-crestet.com\/de\/wp-json\/wp\/v2\/product_brand?post=22791"},{"taxonomy":"product_cat","embeddable":true,"href":"https:\/\/poterie-de-crestet.com\/de\/wp-json\/wp\/v2\/product_cat?post=22791"},{"taxonomy":"product_tag","embeddable":true,"href":"https:\/\/poterie-de-crestet.com\/de\/wp-json\/wp\/v2\/product_tag?post=22791"}],"curies":[{"name":"wp","href":"https:\/\/api.w.org\/{rel}","templated":true}]}}