{"id":22789,"date":"2025-04-11T08:46:28","date_gmt":"2025-04-11T06:46:28","guid":{"rendered":"https:\/\/poterie-de-crestet.com\/ceramiques\/saliere-poivriere-olive-gris-turquoise\/"},"modified":"2025-04-11T08:46:28","modified_gmt":"2025-04-11T06:46:28","slug":"saliere-poivriere-olive-gris-turquoise","status":"publish","type":"product","link":"https:\/\/poterie-de-crestet.com\/de\/keramik\/saliere-poivriere-olive-gris-turquoise\/","title":{"rendered":"Salz- und Pfefferstreuer  <h5>Olivgrauer T\u00fcrkis<\/h5>"},"content":{"rendered":"<p class=\"\" data-start=\"5117\" data-end=\"5394\">Dieses Salz- und Pfefferstreuer-Duo mit einem olivgrauen t\u00fcrkisfarbenen Dekor vereint Frische und Eleganz. Das handbemalte Dekor vereint stilisiertes Laub und t\u00fcrkisfarbene Reflexionen. Es ist ein Set, das ebenso funktional wie \u00e4sthetisch ansprechend ist \u2013 perfekt f\u00fcr allt\u00e4gliche Mahlzeiten.  <\/p>\n<p class=\"\" data-start=\"5396\" data-end=\"5625\">Einfach zu handhaben, sp\u00fclmaschinenfest, diese Teile bestehen aus massiver Keramik, die den Lebensmittelstandards entspricht. Ihr unauff\u00e4lliges Format erm\u00f6glicht es, sie griffbereit zu halten, ohne den Tisch zu \u00fcberladen. <\/p>\n<p class=\"\" data-start=\"5627\" data-end=\"5811\">Ideal als Erg\u00e4nzung zu zeitgen\u00f6ssischem oder mediterranem Geschirr. Kombinieren Sie sie mit dem <a class=\"\" href=\"https:\/\/poterie-de-crestet.com\/de\/keramik\/moerser-olivgrauer-tuerkis\/\" rel=\"noopener\" data-start=\"5713\" data-end=\"5746\">Olive Gris Turquoise M\u00f6rser<\/a> oder probieren Sie eine Kombination mit der <a class=\"\" href=\"https:\/\/poterie-de-crestet.com\/de\/keramik\/kaffeetasse-nyons-pink\/\" rel=\"noopener\" data-start=\"5782\" data-end=\"5810\">Nyons Pink Coffee Cup<\/a>. <\/p>\n","protected":false},"excerpt":{"rendered":"<p>Duo-Dekoration: Olivgrau-T\u00fcrkis mit Salz und Pfeffer stilvoll. Handbemalt, waschbar. Eine kompakte Gr\u00f6\u00dfe f\u00fcr jeden Tisch.  <br data-start=\"5081\" data-end=\"5084\"><strong data-start=\"5084\" data-end=\"5115\"><em data-start=\"5086\" data-end=\"5113\">Abmessungen: 4,7 \u00d7 7,6 cm<\/em><\/strong><\/p>\n","protected":false},"featured_media":8172,"comment_status":"open","ping_status":"closed","template":"","meta":[],"product_brand":[],"product_cat":[420],"product_tag":[192],"class_list":{"0":"post-22789","1":"product","2":"type-product","3":"status-publish","4":"has-post-thumbnail","6":"product_cat-salz-und-pfefferstreuer","7":"product_tag-olivgrauer-turkis","9":"first","10":"instock","11":"taxable","12":"shipping-taxable","13":"purchasable","14":"product-type-simple"},"yoast_head":"<!-- This site is optimized with the Yoast SEO plugin v27.5 - https:\/\/yoast.com\/product\/yoast-seo-wordpress\/ -->\n<title>Salz- und Pfefferstreuer Olivgrauer T\u00fcrkis - Poterie de Crestet<\/title>\n<meta name=\"description\" content=\"Salz- und Pfefferstreuer kombinieren sich mit olivgrauem t\u00fcrkisfarbenem Dekor. Handbemalt, waschbar. F\u00fcr einen eleganten, farbenfrohen und praktischen Tisch f\u00fcr den Alltag.\" \/>\n<meta name=\"robots\" content=\"index, follow, max-snippet:-1, max-image-preview:large, max-video-preview:-1\" \/>\n<link rel=\"canonical\" href=\"https:\/\/poterie-de-crestet.com\/de\/keramik\/saliere-poivriere-olive-gris-turquoise\/\" \/>\n<meta property=\"og:locale\" content=\"de_DE\" \/>\n<meta property=\"og:type\" content=\"article\" \/>\n<meta property=\"og:title\" content=\"Salz- und Pfefferstreuer Olivgrauer T\u00fcrkis - Poterie de Crestet\" \/>\n<meta property=\"og:description\" content=\"Salz- und Pfefferstreuer kombinieren sich mit olivgrauem t\u00fcrkisfarbenem Dekor. Handbemalt, waschbar. F\u00fcr einen eleganten, farbenfrohen und praktischen Tisch f\u00fcr den Alltag.\" \/>\n<meta property=\"og:url\" content=\"https:\/\/poterie-de-crestet.com\/de\/keramik\/saliere-poivriere-olive-gris-turquoise\/\" \/>\n<meta property=\"og:site_name\" content=\"Poterie de Crestet\" \/>\n<meta property=\"og:image\" content=\"https:\/\/i0.wp.com\/poterie-de-crestet.com\/wp-content\/uploads\/2025\/04\/saliere-et-poivrier-olive-gris-turquoise.jpg?fit=458%2C458&ssl=1\" \/>\n\t<meta property=\"og:image:width\" content=\"458\" \/>\n\t<meta property=\"og:image:height\" content=\"458\" \/>\n\t<meta property=\"og:image:type\" content=\"image\/jpeg\" \/>\n<meta name=\"twitter:card\" content=\"summary_large_image\" \/>\n<meta name=\"twitter:label1\" content=\"Gesch\u00e4tzte Lesezeit\" \/>\n\t<meta name=\"twitter:data1\" content=\"1\u00a0Minute\" \/>\n<script type=\"application\/ld+json\" class=\"yoast-schema-graph\">{\"@context\":\"https:\\\/\\\/schema.org\",\"@graph\":[{\"@type\":\"WebPage\",\"@id\":\"https:\\\/\\\/poterie-de-crestet.com\\\/de\\\/keramik\\\/saliere-poivriere-olive-gris-turquoise\\\/\",\"url\":\"https:\\\/\\\/poterie-de-crestet.com\\\/de\\\/keramik\\\/saliere-poivriere-olive-gris-turquoise\\\/\",\"name\":\"Salz- und Pfefferstreuer Olivgrauer T\u00fcrkis - Poterie de Crestet\",\"isPartOf\":{\"@id\":\"https:\\\/\\\/poterie-de-crestet.com\\\/de\\\/#website\"},\"primaryImageOfPage\":{\"@id\":\"https:\\\/\\\/poterie-de-crestet.com\\\/de\\\/keramik\\\/saliere-poivriere-olive-gris-turquoise\\\/#primaryimage\"},\"image\":{\"@id\":\"https:\\\/\\\/poterie-de-crestet.com\\\/de\\\/keramik\\\/saliere-poivriere-olive-gris-turquoise\\\/#primaryimage\"},\"thumbnailUrl\":\"https:\\\/\\\/i0.wp.com\\\/poterie-de-crestet.com\\\/wp-content\\\/uploads\\\/2025\\\/04\\\/saliere-et-poivrier-olive-gris-turquoise.jpg?fit=458%2C458&ssl=1\",\"datePublished\":\"2025-04-11T06:46:28+00:00\",\"description\":\"Salz- und Pfefferstreuer kombinieren sich mit olivgrauem t\u00fcrkisfarbenem Dekor. Handbemalt, waschbar. F\u00fcr einen eleganten, farbenfrohen und praktischen Tisch f\u00fcr den Alltag.\",\"breadcrumb\":{\"@id\":\"https:\\\/\\\/poterie-de-crestet.com\\\/de\\\/keramik\\\/saliere-poivriere-olive-gris-turquoise\\\/#breadcrumb\"},\"inLanguage\":\"de\",\"potentialAction\":[{\"@type\":\"ReadAction\",\"target\":[\"https:\\\/\\\/poterie-de-crestet.com\\\/de\\\/keramik\\\/saliere-poivriere-olive-gris-turquoise\\\/\"]}]},{\"@type\":\"ImageObject\",\"inLanguage\":\"de\",\"@id\":\"https:\\\/\\\/poterie-de-crestet.com\\\/de\\\/keramik\\\/saliere-poivriere-olive-gris-turquoise\\\/#primaryimage\",\"url\":\"https:\\\/\\\/i0.wp.com\\\/poterie-de-crestet.com\\\/wp-content\\\/uploads\\\/2025\\\/04\\\/saliere-et-poivrier-olive-gris-turquoise.jpg?fit=458%2C458&ssl=1\",\"contentUrl\":\"https:\\\/\\\/i0.wp.com\\\/poterie-de-crestet.com\\\/wp-content\\\/uploads\\\/2025\\\/04\\\/saliere-et-poivrier-olive-gris-turquoise.jpg?fit=458%2C458&ssl=1\",\"width\":458,\"height\":458,\"caption\":\"Salz- und Pfefferstreuer Olivgrau-T\u00fcrkis\"},{\"@type\":\"BreadcrumbList\",\"@id\":\"https:\\\/\\\/poterie-de-crestet.com\\\/de\\\/keramik\\\/saliere-poivriere-olive-gris-turquoise\\\/#breadcrumb\",\"itemListElement\":[{\"@type\":\"ListItem\",\"position\":1,\"name\":\"Accueil\",\"item\":\"https:\\\/\\\/poterie-de-crestet.com\\\/de\\\/accueil\\\/\"},{\"@type\":\"ListItem\",\"position\":2,\"name\":\"Boutique\",\"item\":\"https:\\\/\\\/poterie-de-crestet.com\\\/ceramiques\\\/\"},{\"@type\":\"ListItem\",\"position\":3,\"name\":\"Salz- und Pfefferstreuer Olivgrauer T\u00fcrkis\"}]},{\"@type\":\"WebSite\",\"@id\":\"https:\\\/\\\/poterie-de-crestet.com\\\/de\\\/#website\",\"url\":\"https:\\\/\\\/poterie-de-crestet.com\\\/de\\\/\",\"name\":\"Poterie de Crestet\",\"description\":\"Des milliers de poteries inpir\u00e9es de la Provence\",\"publisher\":{\"@id\":\"https:\\\/\\\/poterie-de-crestet.com\\\/de\\\/#organization\"},\"potentialAction\":[{\"@type\":\"SearchAction\",\"target\":{\"@type\":\"EntryPoint\",\"urlTemplate\":\"https:\\\/\\\/poterie-de-crestet.com\\\/de\\\/?s={search_term_string}\"},\"query-input\":{\"@type\":\"PropertyValueSpecification\",\"valueRequired\":true,\"valueName\":\"search_term_string\"}}],\"inLanguage\":\"de\"},{\"@type\":\"Organization\",\"@id\":\"https:\\\/\\\/poterie-de-crestet.com\\\/de\\\/#organization\",\"name\":\"Poterie de Crestet\",\"url\":\"https:\\\/\\\/poterie-de-crestet.com\\\/de\\\/\",\"logo\":{\"@type\":\"ImageObject\",\"inLanguage\":\"de\",\"@id\":\"https:\\\/\\\/poterie-de-crestet.com\\\/de\\\/#\\\/schema\\\/logo\\\/image\\\/\",\"url\":\"https:\\\/\\\/i0.wp.com\\\/poterie-de-crestet.com\\\/wp-content\\\/uploads\\\/2025\\\/03\\\/Propo-4.png?fit=1000%2C462&ssl=1\",\"contentUrl\":\"https:\\\/\\\/i0.wp.com\\\/poterie-de-crestet.com\\\/wp-content\\\/uploads\\\/2025\\\/03\\\/Propo-4.png?fit=1000%2C462&ssl=1\",\"width\":1000,\"height\":462,\"caption\":\"Poterie de Crestet\"},\"image\":{\"@id\":\"https:\\\/\\\/poterie-de-crestet.com\\\/de\\\/#\\\/schema\\\/logo\\\/image\\\/\"}}]}<\/script>\n<!-- \/ Yoast SEO plugin. -->","yoast_head_json":{"title":"Salz- und Pfefferstreuer Olivgrauer T\u00fcrkis - Poterie de Crestet","description":"Salz- und Pfefferstreuer kombinieren sich mit olivgrauem t\u00fcrkisfarbenem Dekor. Handbemalt, waschbar. F\u00fcr einen eleganten, farbenfrohen und praktischen Tisch f\u00fcr den Alltag.","robots":{"index":"index","follow":"follow","max-snippet":"max-snippet:-1","max-image-preview":"max-image-preview:large","max-video-preview":"max-video-preview:-1"},"canonical":"https:\/\/poterie-de-crestet.com\/de\/keramik\/saliere-poivriere-olive-gris-turquoise\/","og_locale":"de_DE","og_type":"article","og_title":"Salz- und Pfefferstreuer Olivgrauer T\u00fcrkis - Poterie de Crestet","og_description":"Salz- und Pfefferstreuer kombinieren sich mit olivgrauem t\u00fcrkisfarbenem Dekor. Handbemalt, waschbar. F\u00fcr einen eleganten, farbenfrohen und praktischen Tisch f\u00fcr den Alltag.","og_url":"https:\/\/poterie-de-crestet.com\/de\/keramik\/saliere-poivriere-olive-gris-turquoise\/","og_site_name":"Poterie de Crestet","og_image":[{"width":458,"height":458,"url":"https:\/\/i0.wp.com\/poterie-de-crestet.com\/wp-content\/uploads\/2025\/04\/saliere-et-poivrier-olive-gris-turquoise.jpg?fit=458%2C458&ssl=1","type":"image\/jpeg"}],"twitter_card":"summary_large_image","twitter_misc":{"Gesch\u00e4tzte Lesezeit":"1\u00a0Minute"},"schema":{"@context":"https:\/\/schema.org","@graph":[{"@type":"WebPage","@id":"https:\/\/poterie-de-crestet.com\/de\/keramik\/saliere-poivriere-olive-gris-turquoise\/","url":"https:\/\/poterie-de-crestet.com\/de\/keramik\/saliere-poivriere-olive-gris-turquoise\/","name":"Salz- und Pfefferstreuer Olivgrauer T\u00fcrkis - Poterie de Crestet","isPartOf":{"@id":"https:\/\/poterie-de-crestet.com\/de\/#website"},"primaryImageOfPage":{"@id":"https:\/\/poterie-de-crestet.com\/de\/keramik\/saliere-poivriere-olive-gris-turquoise\/#primaryimage"},"image":{"@id":"https:\/\/poterie-de-crestet.com\/de\/keramik\/saliere-poivriere-olive-gris-turquoise\/#primaryimage"},"thumbnailUrl":"https:\/\/i0.wp.com\/poterie-de-crestet.com\/wp-content\/uploads\/2025\/04\/saliere-et-poivrier-olive-gris-turquoise.jpg?fit=458%2C458&ssl=1","datePublished":"2025-04-11T06:46:28+00:00","description":"Salz- und Pfefferstreuer kombinieren sich mit olivgrauem t\u00fcrkisfarbenem Dekor. Handbemalt, waschbar. F\u00fcr einen eleganten, farbenfrohen und praktischen Tisch f\u00fcr den Alltag.","breadcrumb":{"@id":"https:\/\/poterie-de-crestet.com\/de\/keramik\/saliere-poivriere-olive-gris-turquoise\/#breadcrumb"},"inLanguage":"de","potentialAction":[{"@type":"ReadAction","target":["https:\/\/poterie-de-crestet.com\/de\/keramik\/saliere-poivriere-olive-gris-turquoise\/"]}]},{"@type":"ImageObject","inLanguage":"de","@id":"https:\/\/poterie-de-crestet.com\/de\/keramik\/saliere-poivriere-olive-gris-turquoise\/#primaryimage","url":"https:\/\/i0.wp.com\/poterie-de-crestet.com\/wp-content\/uploads\/2025\/04\/saliere-et-poivrier-olive-gris-turquoise.jpg?fit=458%2C458&ssl=1","contentUrl":"https:\/\/i0.wp.com\/poterie-de-crestet.com\/wp-content\/uploads\/2025\/04\/saliere-et-poivrier-olive-gris-turquoise.jpg?fit=458%2C458&ssl=1","width":458,"height":458,"caption":"Salz- und Pfefferstreuer Olivgrau-T\u00fcrkis"},{"@type":"BreadcrumbList","@id":"https:\/\/poterie-de-crestet.com\/de\/keramik\/saliere-poivriere-olive-gris-turquoise\/#breadcrumb","itemListElement":[{"@type":"ListItem","position":1,"name":"Accueil","item":"https:\/\/poterie-de-crestet.com\/de\/accueil\/"},{"@type":"ListItem","position":2,"name":"Boutique","item":"https:\/\/poterie-de-crestet.com\/ceramiques\/"},{"@type":"ListItem","position":3,"name":"Salz- und Pfefferstreuer Olivgrauer T\u00fcrkis"}]},{"@type":"WebSite","@id":"https:\/\/poterie-de-crestet.com\/de\/#website","url":"https:\/\/poterie-de-crestet.com\/de\/","name":"Poterie de Crestet","description":"Des milliers de poteries inpir\u00e9es de la Provence","publisher":{"@id":"https:\/\/poterie-de-crestet.com\/de\/#organization"},"potentialAction":[{"@type":"SearchAction","target":{"@type":"EntryPoint","urlTemplate":"https:\/\/poterie-de-crestet.com\/de\/?s={search_term_string}"},"query-input":{"@type":"PropertyValueSpecification","valueRequired":true,"valueName":"search_term_string"}}],"inLanguage":"de"},{"@type":"Organization","@id":"https:\/\/poterie-de-crestet.com\/de\/#organization","name":"Poterie de Crestet","url":"https:\/\/poterie-de-crestet.com\/de\/","logo":{"@type":"ImageObject","inLanguage":"de","@id":"https:\/\/poterie-de-crestet.com\/de\/#\/schema\/logo\/image\/","url":"https:\/\/i0.wp.com\/poterie-de-crestet.com\/wp-content\/uploads\/2025\/03\/Propo-4.png?fit=1000%2C462&ssl=1","contentUrl":"https:\/\/i0.wp.com\/poterie-de-crestet.com\/wp-content\/uploads\/2025\/03\/Propo-4.png?fit=1000%2C462&ssl=1","width":1000,"height":462,"caption":"Poterie de Crestet"},"image":{"@id":"https:\/\/poterie-de-crestet.com\/de\/#\/schema\/logo\/image\/"}}]}},"jetpack_sharing_enabled":true,"_links":{"self":[{"href":"https:\/\/poterie-de-crestet.com\/de\/wp-json\/wp\/v2\/product\/22789","targetHints":{"allow":["GET"]}}],"collection":[{"href":"https:\/\/poterie-de-crestet.com\/de\/wp-json\/wp\/v2\/product"}],"about":[{"href":"https:\/\/poterie-de-crestet.com\/de\/wp-json\/wp\/v2\/types\/product"}],"replies":[{"embeddable":true,"href":"https:\/\/poterie-de-crestet.com\/de\/wp-json\/wp\/v2\/comments?post=22789"}],"version-history":[{"count":0,"href":"https:\/\/poterie-de-crestet.com\/de\/wp-json\/wp\/v2\/product\/22789\/revisions"}],"wp:featuredmedia":[{"embeddable":true,"href":"https:\/\/poterie-de-crestet.com\/de\/wp-json\/wp\/v2\/media\/8172"}],"wp:attachment":[{"href":"https:\/\/poterie-de-crestet.com\/de\/wp-json\/wp\/v2\/media?parent=22789"}],"wp:term":[{"taxonomy":"product_brand","embeddable":true,"href":"https:\/\/poterie-de-crestet.com\/de\/wp-json\/wp\/v2\/product_brand?post=22789"},{"taxonomy":"product_cat","embeddable":true,"href":"https:\/\/poterie-de-crestet.com\/de\/wp-json\/wp\/v2\/product_cat?post=22789"},{"taxonomy":"product_tag","embeddable":true,"href":"https:\/\/poterie-de-crestet.com\/de\/wp-json\/wp\/v2\/product_tag?post=22789"}],"curies":[{"name":"wp","href":"https:\/\/api.w.org\/{rel}","templated":true}]}}