{"id":22777,"date":"2025-04-11T08:46:29","date_gmt":"2025-04-11T06:46:29","guid":{"rendered":"https:\/\/poterie-de-crestet.com\/ceramiques\/saliere-poivriere-vert\/"},"modified":"2025-04-11T08:46:29","modified_gmt":"2025-04-11T06:46:29","slug":"saliere-poivriere-vert","status":"publish","type":"product","link":"https:\/\/poterie-de-crestet.com\/de\/keramik\/saliere-poivriere-vert\/","title":{"rendered":"Salz- und Pfefferstreuer  <h5>Gr\u00fcn<\/h5>"},"content":{"rendered":"<p data-start=\"5076\" data-end=\"5373\">Dieses gr\u00fcne Dekorations-Salz- und Pfefferstreuer-Duo ist n\u00fcchtern, nat\u00fcrlich und l\u00e4sst sich leicht in jede K\u00fcche integrieren. Handgemalt in einem sanften, leicht nuancierten Gr\u00fcn, passen sie zu jedem Geschirr. Ihre konische Form sorgt f\u00fcr guten Griff und eine sanfte Bedienung.  <\/p>\n<p data-start=\"5375\" data-end=\"5562\">Sie sind sp\u00fclmaschinenfest, nach Lebensmittelstandards entworfen und f\u00fcr Langlebigkeit gebaut. Ob feines Salz oder gemahlener Pfeffer \u2013 ihr Durchfluss bleibt konstant und gut kalibriert. <\/p>\n<p data-start=\"5564\" data-end=\"5728\">Ein funktionales Duo mit zeitlosem Stil, passend zur <a class=\"\" href=\"https:\/\/poterie-de-crestet.com\/de\/keramik\/tortenform-gruen\/\" rel=\"noopener\" data-start=\"5625\" data-end=\"5648\">gr\u00fcnen Tartform<\/a> oder als Kontrast zur <a class=\"\" href=\"https:\/\/poterie-de-crestet.com\/de\/keramik\/kaffeetasse-nyons-red\/\" rel=\"noopener\" data-start=\"5674\" data-end=\"5703\">roten Nyons-Kaffeetasse<\/a> f\u00fcr einen farbenfrohen Akzent.<\/p>\n","protected":false},"excerpt":{"rendered":"<p>Keramik-Duo mit gr\u00fcner Dekoration f\u00fcr Salz und Pfeffer. Handgemalter Einfarb, leicht zu kombinieren. Praktische Gr\u00f6\u00dfe, allt\u00e4glicher Gebrauch.  <br data-start=\"5040\" data-end=\"5043\"><strong data-start=\"5043\" data-end=\"5074\"><em data-start=\"5045\" data-end=\"5072\">Abmessungen: 4,7 \u00d7 7,6 cm<\/em><\/strong><\/p>\n","protected":false},"featured_media":8192,"comment_status":"open","ping_status":"closed","template":"","meta":[],"product_brand":[],"product_cat":[420],"product_tag":[208],"class_list":{"0":"post-22777","1":"product","2":"type-product","3":"status-publish","4":"has-post-thumbnail","6":"product_cat-salz-und-pfefferstreuer","7":"product_tag-grun","9":"first","10":"instock","11":"taxable","12":"shipping-taxable","13":"purchasable","14":"product-type-simple"},"yoast_head":"<!-- This site is optimized with the Yoast SEO plugin v27.5 - https:\/\/yoast.com\/product\/yoast-seo-wordpress\/ -->\n<title>Salz- und Pfefferstreuer Gr\u00fcn - Poterie de Crestet<\/title>\n<meta name=\"description\" content=\"Salz- und Pfefferstreuer-Duo mit gr\u00fcner Dekoration. Handbemalt, waschbare Keramik. Ein n\u00fcchternes und praktisches Duo f\u00fcr alle Tischatmosph\u00e4ren.\" \/>\n<meta name=\"robots\" content=\"index, follow, max-snippet:-1, max-image-preview:large, max-video-preview:-1\" \/>\n<link rel=\"canonical\" href=\"https:\/\/poterie-de-crestet.com\/de\/keramik\/saliere-poivriere-vert\/\" \/>\n<meta property=\"og:locale\" content=\"de_DE\" \/>\n<meta property=\"og:type\" content=\"article\" \/>\n<meta property=\"og:title\" content=\"Salz- und Pfefferstreuer Gr\u00fcn - Poterie de Crestet\" \/>\n<meta property=\"og:description\" content=\"Salz- und Pfefferstreuer-Duo mit gr\u00fcner Dekoration. Handbemalt, waschbare Keramik. Ein n\u00fcchternes und praktisches Duo f\u00fcr alle Tischatmosph\u00e4ren.\" \/>\n<meta property=\"og:url\" content=\"https:\/\/poterie-de-crestet.com\/de\/keramik\/saliere-poivriere-vert\/\" \/>\n<meta property=\"og:site_name\" content=\"Poterie de Crestet\" \/>\n<meta property=\"og:image\" content=\"https:\/\/i0.wp.com\/poterie-de-crestet.com\/wp-content\/uploads\/2025\/04\/saliere-et-poivrier-vert.jpg?fit=458%2C458&ssl=1\" \/>\n\t<meta property=\"og:image:width\" content=\"458\" \/>\n\t<meta property=\"og:image:height\" content=\"458\" \/>\n\t<meta property=\"og:image:type\" content=\"image\/jpeg\" \/>\n<meta name=\"twitter:card\" content=\"summary_large_image\" \/>\n<script type=\"application\/ld+json\" class=\"yoast-schema-graph\">{\"@context\":\"https:\\\/\\\/schema.org\",\"@graph\":[{\"@type\":\"WebPage\",\"@id\":\"https:\\\/\\\/poterie-de-crestet.com\\\/de\\\/keramik\\\/saliere-poivriere-vert\\\/\",\"url\":\"https:\\\/\\\/poterie-de-crestet.com\\\/de\\\/keramik\\\/saliere-poivriere-vert\\\/\",\"name\":\"Salz- und Pfefferstreuer Gr\u00fcn - Poterie de Crestet\",\"isPartOf\":{\"@id\":\"https:\\\/\\\/poterie-de-crestet.com\\\/de\\\/#website\"},\"primaryImageOfPage\":{\"@id\":\"https:\\\/\\\/poterie-de-crestet.com\\\/de\\\/keramik\\\/saliere-poivriere-vert\\\/#primaryimage\"},\"image\":{\"@id\":\"https:\\\/\\\/poterie-de-crestet.com\\\/de\\\/keramik\\\/saliere-poivriere-vert\\\/#primaryimage\"},\"thumbnailUrl\":\"https:\\\/\\\/i0.wp.com\\\/poterie-de-crestet.com\\\/wp-content\\\/uploads\\\/2025\\\/04\\\/saliere-et-poivrier-vert.jpg?fit=458%2C458&ssl=1\",\"datePublished\":\"2025-04-11T06:46:29+00:00\",\"description\":\"Salz- und Pfefferstreuer-Duo mit gr\u00fcner Dekoration. Handbemalt, waschbare Keramik. Ein n\u00fcchternes und praktisches Duo f\u00fcr alle Tischatmosph\u00e4ren.\",\"breadcrumb\":{\"@id\":\"https:\\\/\\\/poterie-de-crestet.com\\\/de\\\/keramik\\\/saliere-poivriere-vert\\\/#breadcrumb\"},\"inLanguage\":\"de\",\"potentialAction\":[{\"@type\":\"ReadAction\",\"target\":[\"https:\\\/\\\/poterie-de-crestet.com\\\/de\\\/keramik\\\/saliere-poivriere-vert\\\/\"]}]},{\"@type\":\"ImageObject\",\"inLanguage\":\"de\",\"@id\":\"https:\\\/\\\/poterie-de-crestet.com\\\/de\\\/keramik\\\/saliere-poivriere-vert\\\/#primaryimage\",\"url\":\"https:\\\/\\\/i0.wp.com\\\/poterie-de-crestet.com\\\/wp-content\\\/uploads\\\/2025\\\/04\\\/saliere-et-poivrier-vert.jpg?fit=458%2C458&ssl=1\",\"contentUrl\":\"https:\\\/\\\/i0.wp.com\\\/poterie-de-crestet.com\\\/wp-content\\\/uploads\\\/2025\\\/04\\\/saliere-et-poivrier-vert.jpg?fit=458%2C458&ssl=1\",\"width\":458,\"height\":458,\"caption\":\"Gr\u00fcne Salz- und Pfefferstreuer\"},{\"@type\":\"BreadcrumbList\",\"@id\":\"https:\\\/\\\/poterie-de-crestet.com\\\/de\\\/keramik\\\/saliere-poivriere-vert\\\/#breadcrumb\",\"itemListElement\":[{\"@type\":\"ListItem\",\"position\":1,\"name\":\"Accueil\",\"item\":\"https:\\\/\\\/poterie-de-crestet.com\\\/de\\\/accueil\\\/\"},{\"@type\":\"ListItem\",\"position\":2,\"name\":\"Boutique\",\"item\":\"https:\\\/\\\/poterie-de-crestet.com\\\/ceramiques\\\/\"},{\"@type\":\"ListItem\",\"position\":3,\"name\":\"Salz- und Pfefferstreuer Gr\u00fcn\"}]},{\"@type\":\"WebSite\",\"@id\":\"https:\\\/\\\/poterie-de-crestet.com\\\/de\\\/#website\",\"url\":\"https:\\\/\\\/poterie-de-crestet.com\\\/de\\\/\",\"name\":\"Poterie de Crestet\",\"description\":\"Des milliers de poteries inpir\u00e9es de la Provence\",\"publisher\":{\"@id\":\"https:\\\/\\\/poterie-de-crestet.com\\\/de\\\/#organization\"},\"potentialAction\":[{\"@type\":\"SearchAction\",\"target\":{\"@type\":\"EntryPoint\",\"urlTemplate\":\"https:\\\/\\\/poterie-de-crestet.com\\\/de\\\/?s={search_term_string}\"},\"query-input\":{\"@type\":\"PropertyValueSpecification\",\"valueRequired\":true,\"valueName\":\"search_term_string\"}}],\"inLanguage\":\"de\"},{\"@type\":\"Organization\",\"@id\":\"https:\\\/\\\/poterie-de-crestet.com\\\/de\\\/#organization\",\"name\":\"Poterie de Crestet\",\"url\":\"https:\\\/\\\/poterie-de-crestet.com\\\/de\\\/\",\"logo\":{\"@type\":\"ImageObject\",\"inLanguage\":\"de\",\"@id\":\"https:\\\/\\\/poterie-de-crestet.com\\\/de\\\/#\\\/schema\\\/logo\\\/image\\\/\",\"url\":\"https:\\\/\\\/i0.wp.com\\\/poterie-de-crestet.com\\\/wp-content\\\/uploads\\\/2025\\\/03\\\/Propo-4.png?fit=1000%2C462&ssl=1\",\"contentUrl\":\"https:\\\/\\\/i0.wp.com\\\/poterie-de-crestet.com\\\/wp-content\\\/uploads\\\/2025\\\/03\\\/Propo-4.png?fit=1000%2C462&ssl=1\",\"width\":1000,\"height\":462,\"caption\":\"Poterie de Crestet\"},\"image\":{\"@id\":\"https:\\\/\\\/poterie-de-crestet.com\\\/de\\\/#\\\/schema\\\/logo\\\/image\\\/\"}}]}<\/script>\n<!-- \/ Yoast SEO plugin. -->","yoast_head_json":{"title":"Salz- und Pfefferstreuer Gr\u00fcn - Poterie de Crestet","description":"Salz- und Pfefferstreuer-Duo mit gr\u00fcner Dekoration. Handbemalt, waschbare Keramik. Ein n\u00fcchternes und praktisches Duo f\u00fcr alle Tischatmosph\u00e4ren.","robots":{"index":"index","follow":"follow","max-snippet":"max-snippet:-1","max-image-preview":"max-image-preview:large","max-video-preview":"max-video-preview:-1"},"canonical":"https:\/\/poterie-de-crestet.com\/de\/keramik\/saliere-poivriere-vert\/","og_locale":"de_DE","og_type":"article","og_title":"Salz- und Pfefferstreuer Gr\u00fcn - Poterie de Crestet","og_description":"Salz- und Pfefferstreuer-Duo mit gr\u00fcner Dekoration. Handbemalt, waschbare Keramik. Ein n\u00fcchternes und praktisches Duo f\u00fcr alle Tischatmosph\u00e4ren.","og_url":"https:\/\/poterie-de-crestet.com\/de\/keramik\/saliere-poivriere-vert\/","og_site_name":"Poterie de Crestet","og_image":[{"width":458,"height":458,"url":"https:\/\/i0.wp.com\/poterie-de-crestet.com\/wp-content\/uploads\/2025\/04\/saliere-et-poivrier-vert.jpg?fit=458%2C458&ssl=1","type":"image\/jpeg"}],"twitter_card":"summary_large_image","schema":{"@context":"https:\/\/schema.org","@graph":[{"@type":"WebPage","@id":"https:\/\/poterie-de-crestet.com\/de\/keramik\/saliere-poivriere-vert\/","url":"https:\/\/poterie-de-crestet.com\/de\/keramik\/saliere-poivriere-vert\/","name":"Salz- und Pfefferstreuer Gr\u00fcn - Poterie de Crestet","isPartOf":{"@id":"https:\/\/poterie-de-crestet.com\/de\/#website"},"primaryImageOfPage":{"@id":"https:\/\/poterie-de-crestet.com\/de\/keramik\/saliere-poivriere-vert\/#primaryimage"},"image":{"@id":"https:\/\/poterie-de-crestet.com\/de\/keramik\/saliere-poivriere-vert\/#primaryimage"},"thumbnailUrl":"https:\/\/i0.wp.com\/poterie-de-crestet.com\/wp-content\/uploads\/2025\/04\/saliere-et-poivrier-vert.jpg?fit=458%2C458&ssl=1","datePublished":"2025-04-11T06:46:29+00:00","description":"Salz- und Pfefferstreuer-Duo mit gr\u00fcner Dekoration. Handbemalt, waschbare Keramik. Ein n\u00fcchternes und praktisches Duo f\u00fcr alle Tischatmosph\u00e4ren.","breadcrumb":{"@id":"https:\/\/poterie-de-crestet.com\/de\/keramik\/saliere-poivriere-vert\/#breadcrumb"},"inLanguage":"de","potentialAction":[{"@type":"ReadAction","target":["https:\/\/poterie-de-crestet.com\/de\/keramik\/saliere-poivriere-vert\/"]}]},{"@type":"ImageObject","inLanguage":"de","@id":"https:\/\/poterie-de-crestet.com\/de\/keramik\/saliere-poivriere-vert\/#primaryimage","url":"https:\/\/i0.wp.com\/poterie-de-crestet.com\/wp-content\/uploads\/2025\/04\/saliere-et-poivrier-vert.jpg?fit=458%2C458&ssl=1","contentUrl":"https:\/\/i0.wp.com\/poterie-de-crestet.com\/wp-content\/uploads\/2025\/04\/saliere-et-poivrier-vert.jpg?fit=458%2C458&ssl=1","width":458,"height":458,"caption":"Gr\u00fcne Salz- und Pfefferstreuer"},{"@type":"BreadcrumbList","@id":"https:\/\/poterie-de-crestet.com\/de\/keramik\/saliere-poivriere-vert\/#breadcrumb","itemListElement":[{"@type":"ListItem","position":1,"name":"Accueil","item":"https:\/\/poterie-de-crestet.com\/de\/accueil\/"},{"@type":"ListItem","position":2,"name":"Boutique","item":"https:\/\/poterie-de-crestet.com\/ceramiques\/"},{"@type":"ListItem","position":3,"name":"Salz- und Pfefferstreuer Gr\u00fcn"}]},{"@type":"WebSite","@id":"https:\/\/poterie-de-crestet.com\/de\/#website","url":"https:\/\/poterie-de-crestet.com\/de\/","name":"Poterie de Crestet","description":"Des milliers de poteries inpir\u00e9es de la Provence","publisher":{"@id":"https:\/\/poterie-de-crestet.com\/de\/#organization"},"potentialAction":[{"@type":"SearchAction","target":{"@type":"EntryPoint","urlTemplate":"https:\/\/poterie-de-crestet.com\/de\/?s={search_term_string}"},"query-input":{"@type":"PropertyValueSpecification","valueRequired":true,"valueName":"search_term_string"}}],"inLanguage":"de"},{"@type":"Organization","@id":"https:\/\/poterie-de-crestet.com\/de\/#organization","name":"Poterie de Crestet","url":"https:\/\/poterie-de-crestet.com\/de\/","logo":{"@type":"ImageObject","inLanguage":"de","@id":"https:\/\/poterie-de-crestet.com\/de\/#\/schema\/logo\/image\/","url":"https:\/\/i0.wp.com\/poterie-de-crestet.com\/wp-content\/uploads\/2025\/03\/Propo-4.png?fit=1000%2C462&ssl=1","contentUrl":"https:\/\/i0.wp.com\/poterie-de-crestet.com\/wp-content\/uploads\/2025\/03\/Propo-4.png?fit=1000%2C462&ssl=1","width":1000,"height":462,"caption":"Poterie de Crestet"},"image":{"@id":"https:\/\/poterie-de-crestet.com\/de\/#\/schema\/logo\/image\/"}}]}},"jetpack_sharing_enabled":true,"_links":{"self":[{"href":"https:\/\/poterie-de-crestet.com\/de\/wp-json\/wp\/v2\/product\/22777","targetHints":{"allow":["GET"]}}],"collection":[{"href":"https:\/\/poterie-de-crestet.com\/de\/wp-json\/wp\/v2\/product"}],"about":[{"href":"https:\/\/poterie-de-crestet.com\/de\/wp-json\/wp\/v2\/types\/product"}],"replies":[{"embeddable":true,"href":"https:\/\/poterie-de-crestet.com\/de\/wp-json\/wp\/v2\/comments?post=22777"}],"version-history":[{"count":0,"href":"https:\/\/poterie-de-crestet.com\/de\/wp-json\/wp\/v2\/product\/22777\/revisions"}],"wp:featuredmedia":[{"embeddable":true,"href":"https:\/\/poterie-de-crestet.com\/de\/wp-json\/wp\/v2\/media\/8192"}],"wp:attachment":[{"href":"https:\/\/poterie-de-crestet.com\/de\/wp-json\/wp\/v2\/media?parent=22777"}],"wp:term":[{"taxonomy":"product_brand","embeddable":true,"href":"https:\/\/poterie-de-crestet.com\/de\/wp-json\/wp\/v2\/product_brand?post=22777"},{"taxonomy":"product_cat","embeddable":true,"href":"https:\/\/poterie-de-crestet.com\/de\/wp-json\/wp\/v2\/product_cat?post=22777"},{"taxonomy":"product_tag","embeddable":true,"href":"https:\/\/poterie-de-crestet.com\/de\/wp-json\/wp\/v2\/product_tag?post=22777"}],"curies":[{"name":"wp","href":"https:\/\/api.w.org\/{rel}","templated":true}]}}