{"id":22773,"date":"2025-04-11T08:46:27","date_gmt":"2025-04-11T06:46:27","guid":{"rendered":"https:\/\/poterie-de-crestet.com\/ceramiques\/saliere-poivriere-gouttes-bleues\/"},"modified":"2025-04-11T08:46:27","modified_gmt":"2025-04-11T06:46:27","slug":"saliere-poivriere-gouttes-bleues","status":"publish","type":"product","link":"https:\/\/poterie-de-crestet.com\/de\/keramik\/saliere-poivriere-gouttes-bleues\/","title":{"rendered":"Salz- und Pfefferstreuer  <h5>Blue Drops<\/h5>"},"content":{"rendered":"<p class=\"\" data-start=\"432\" data-end=\"786\">Das Blue Drops Salz- und Pfefferstreuer-Duo ist perfekt zum sanften W\u00fcrzen. Ihr handbemaltes, sich zulaufendes Keramikdesign zeichnet sich durch Blaut\u00f6ne aus, die an die Wellen des Wassers oder die K\u00fchle eines Sommerregens erinnern. Jedes Exemplar weist kleine Unterschiede auf, ein Zeichen von Handwerkskunst.  <\/p>\n<p class=\"\" data-start=\"788\" data-end=\"1060\">Diese Tischaccessoires sind ebenso einfach zu bedienen wie zu pflegen: Sie sind sp\u00fclmaschinenfest, lebensmittelfest und nehmen wenig Platz ein. Ihr diskreter Deckel sorgt f\u00fcr eine gleichm\u00e4\u00dfige Dosierung, egal ob f\u00fcr feines Salz oder gemahlenen Pfeffer. <\/p>\n<p class=\"\" data-start=\"1062\" data-end=\"1298\">Dieses Duo passt in alle Tischatmosph\u00e4ren, von den traditionellsten bis zu den modernsten. Um den Effekt zu verl\u00e4ngern, kombinieren Sie ihn mit dem <a class=\"\" href=\"https:\/\/poterie-de-crestet.com\/de\/keramik\/moerser-blue-drops\/\" rel=\"noopener\" data-start=\"1195\" data-end=\"1222\">Blue Drops M\u00f6rser<\/a> oder genie\u00dfen Sie den Kontrast zur <a class=\"\" href=\"https:\/\/poterie-de-crestet.com\/de\/keramik\/kaffeetasse-roter-platz\/\" rel=\"noopener\" data-start=\"1268\" data-end=\"1297\">Red Square Coffee Cup<\/a>. <\/p>\n","protected":false},"excerpt":{"rendered":"<p><span class=\"_fadeIn_4f9by_7\">Duo  <\/span><span class=\"_fadeIn_4f9by_7\">Salz  <\/span><span class=\"_fadeIn_4f9by_7\">und  <\/span><span class=\"_fadeIn_4f9by_7\">Pfeffer  <\/span><span class=\"_fadeIn_4f9by_7\">in  <\/span><span class=\"_fadeIn_4f9by_7\">Keramik  <\/span><span class=\"_fadeIn_4f9by_7\">Dekoration  <\/span><span class=\"_fadeIn_4f9by_7\">Drops  <\/span><span class=\"_fadeIn_4f9by_7\">Blau.  <\/span><span class=\"_fadeIn_4f9by_7\">A  <\/span><span class=\"_fadeIn_4f9by_7\">Grund  <\/span><span class=\"_fadeIn_4f9by_7\">alle  <\/span><span class=\"_fadeIn_4f9by_7\">in  <\/span><span class=\"_fadeIn_4f9by_7\">Fluidit\u00e4t,  <\/span><span class=\"_fadeIn_4f9by_7\">Gemalt  <\/span><span class=\"_fadeIn_4f9by_7\">\u00e0  <\/span><span class=\"_fadeIn_4f9by_7\">Die  <\/span><span class=\"_fadeIn_4f9by_7\">Hand.  <\/span><span class=\"_fadeIn_4f9by_7\">Ideal  <\/span><span class=\"_fadeIn_4f9by_7\">f\u00fcr  <\/span><span class=\"_fadeIn_4f9by_7\">a  <\/span><span class=\"_fadeIn_4f9by_7\">Tabelle  <\/span><span class=\"_fadeIn_4f9by_7\">n\u00fcchtern  <\/span><span class=\"_fadeIn_4f9by_7\">und  <\/span><span class=\"_fadeIn_4f9by_7\">Handwerklich.<\/span><span class=\"_fadeIn_4f9by_7\"><br data-start=\"396\" data-end=\"399\"><\/span> <span class=\"_fadeIn_4f9by_7\"><strong data-start=\"399\" data-end=\"430\"><em data-start=\"401\" data-end=\"428\">Abmessungen: 4,7 \u00d7 7,6 cm<\/em><\/strong><\/span><\/p>\n","protected":false},"featured_media":8146,"comment_status":"open","ping_status":"closed","template":"","meta":[],"product_brand":[],"product_cat":[420],"product_tag":[323],"class_list":{"0":"post-22773","1":"product","2":"type-product","3":"status-publish","4":"has-post-thumbnail","6":"product_cat-salz-und-pfefferstreuer","7":"product_tag-blue-drops","9":"first","10":"instock","11":"taxable","12":"shipping-taxable","13":"purchasable","14":"product-type-simple"},"yoast_head":"<!-- This site is optimized with the Yoast SEO plugin v27.5 - https:\/\/yoast.com\/product\/yoast-seo-wordpress\/ -->\n<title>Salz- und Pfefferstreuer Blue Drops - Poterie de Crestet<\/title>\n<meta name=\"description\" content=\"Salz- und Pfefferstreuer mit Blue Drops Dekoration. Handgefertigte, waschbare, handbemalte Keramik. Ein elegantes Duo f\u00fcr das t\u00e4gliche W\u00fcrzen.\" \/>\n<meta name=\"robots\" content=\"index, follow, max-snippet:-1, max-image-preview:large, max-video-preview:-1\" \/>\n<link rel=\"canonical\" href=\"https:\/\/poterie-de-crestet.com\/de\/keramik\/saliere-poivriere-gouttes-bleues\/\" \/>\n<meta property=\"og:locale\" content=\"de_DE\" \/>\n<meta property=\"og:type\" content=\"article\" \/>\n<meta property=\"og:title\" content=\"Salz- und Pfefferstreuer Blue Drops - Poterie de Crestet\" \/>\n<meta property=\"og:description\" content=\"Salz- und Pfefferstreuer mit Blue Drops Dekoration. Handgefertigte, waschbare, handbemalte Keramik. Ein elegantes Duo f\u00fcr das t\u00e4gliche W\u00fcrzen.\" \/>\n<meta property=\"og:url\" content=\"https:\/\/poterie-de-crestet.com\/de\/keramik\/saliere-poivriere-gouttes-bleues\/\" \/>\n<meta property=\"og:site_name\" content=\"Poterie de Crestet\" \/>\n<meta property=\"og:image\" content=\"https:\/\/i0.wp.com\/poterie-de-crestet.com\/wp-content\/uploads\/2025\/04\/Poterie-du-Crestet0888-e1748525157346.jpg?fit=800%2C532&ssl=1\" \/>\n\t<meta property=\"og:image:width\" content=\"800\" \/>\n\t<meta property=\"og:image:height\" content=\"532\" \/>\n\t<meta property=\"og:image:type\" content=\"image\/jpeg\" \/>\n<meta name=\"twitter:card\" content=\"summary_large_image\" \/>\n<meta name=\"twitter:label1\" content=\"Gesch\u00e4tzte Lesezeit\" \/>\n\t<meta name=\"twitter:data1\" content=\"1\u00a0Minute\" \/>\n<script type=\"application\/ld+json\" class=\"yoast-schema-graph\">{\"@context\":\"https:\\\/\\\/schema.org\",\"@graph\":[{\"@type\":\"WebPage\",\"@id\":\"https:\\\/\\\/poterie-de-crestet.com\\\/de\\\/keramik\\\/saliere-poivriere-gouttes-bleues\\\/\",\"url\":\"https:\\\/\\\/poterie-de-crestet.com\\\/de\\\/keramik\\\/saliere-poivriere-gouttes-bleues\\\/\",\"name\":\"Salz- und Pfefferstreuer Blue Drops - Poterie de Crestet\",\"isPartOf\":{\"@id\":\"https:\\\/\\\/poterie-de-crestet.com\\\/de\\\/#website\"},\"primaryImageOfPage\":{\"@id\":\"https:\\\/\\\/poterie-de-crestet.com\\\/de\\\/keramik\\\/saliere-poivriere-gouttes-bleues\\\/#primaryimage\"},\"image\":{\"@id\":\"https:\\\/\\\/poterie-de-crestet.com\\\/de\\\/keramik\\\/saliere-poivriere-gouttes-bleues\\\/#primaryimage\"},\"thumbnailUrl\":\"https:\\\/\\\/i0.wp.com\\\/poterie-de-crestet.com\\\/wp-content\\\/uploads\\\/2025\\\/04\\\/Poterie-du-Crestet0888-e1748525157346.jpg?fit=800%2C532&ssl=1\",\"datePublished\":\"2025-04-11T06:46:27+00:00\",\"description\":\"Salz- und Pfefferstreuer mit Blue Drops Dekoration. Handgefertigte, waschbare, handbemalte Keramik. Ein elegantes Duo f\u00fcr das t\u00e4gliche W\u00fcrzen.\",\"breadcrumb\":{\"@id\":\"https:\\\/\\\/poterie-de-crestet.com\\\/de\\\/keramik\\\/saliere-poivriere-gouttes-bleues\\\/#breadcrumb\"},\"inLanguage\":\"de\",\"potentialAction\":[{\"@type\":\"ReadAction\",\"target\":[\"https:\\\/\\\/poterie-de-crestet.com\\\/de\\\/keramik\\\/saliere-poivriere-gouttes-bleues\\\/\"]}]},{\"@type\":\"ImageObject\",\"inLanguage\":\"de\",\"@id\":\"https:\\\/\\\/poterie-de-crestet.com\\\/de\\\/keramik\\\/saliere-poivriere-gouttes-bleues\\\/#primaryimage\",\"url\":\"https:\\\/\\\/i0.wp.com\\\/poterie-de-crestet.com\\\/wp-content\\\/uploads\\\/2025\\\/04\\\/Poterie-du-Crestet0888-e1748525157346.jpg?fit=800%2C532&ssl=1\",\"contentUrl\":\"https:\\\/\\\/i0.wp.com\\\/poterie-de-crestet.com\\\/wp-content\\\/uploads\\\/2025\\\/04\\\/Poterie-du-Crestet0888-e1748525157346.jpg?fit=800%2C532&ssl=1\",\"width\":800,\"height\":532,\"caption\":\"Salz- und Pfefferstreuer Blaue Tropfen\"},{\"@type\":\"BreadcrumbList\",\"@id\":\"https:\\\/\\\/poterie-de-crestet.com\\\/de\\\/keramik\\\/saliere-poivriere-gouttes-bleues\\\/#breadcrumb\",\"itemListElement\":[{\"@type\":\"ListItem\",\"position\":1,\"name\":\"Accueil\",\"item\":\"https:\\\/\\\/poterie-de-crestet.com\\\/de\\\/accueil\\\/\"},{\"@type\":\"ListItem\",\"position\":2,\"name\":\"Boutique\",\"item\":\"https:\\\/\\\/poterie-de-crestet.com\\\/ceramiques\\\/\"},{\"@type\":\"ListItem\",\"position\":3,\"name\":\"Salz- und Pfefferstreuer Blue Drops\"}]},{\"@type\":\"WebSite\",\"@id\":\"https:\\\/\\\/poterie-de-crestet.com\\\/de\\\/#website\",\"url\":\"https:\\\/\\\/poterie-de-crestet.com\\\/de\\\/\",\"name\":\"Poterie de Crestet\",\"description\":\"Des milliers de poteries inpir\u00e9es de la Provence\",\"publisher\":{\"@id\":\"https:\\\/\\\/poterie-de-crestet.com\\\/de\\\/#organization\"},\"potentialAction\":[{\"@type\":\"SearchAction\",\"target\":{\"@type\":\"EntryPoint\",\"urlTemplate\":\"https:\\\/\\\/poterie-de-crestet.com\\\/de\\\/?s={search_term_string}\"},\"query-input\":{\"@type\":\"PropertyValueSpecification\",\"valueRequired\":true,\"valueName\":\"search_term_string\"}}],\"inLanguage\":\"de\"},{\"@type\":\"Organization\",\"@id\":\"https:\\\/\\\/poterie-de-crestet.com\\\/de\\\/#organization\",\"name\":\"Poterie de Crestet\",\"url\":\"https:\\\/\\\/poterie-de-crestet.com\\\/de\\\/\",\"logo\":{\"@type\":\"ImageObject\",\"inLanguage\":\"de\",\"@id\":\"https:\\\/\\\/poterie-de-crestet.com\\\/de\\\/#\\\/schema\\\/logo\\\/image\\\/\",\"url\":\"https:\\\/\\\/i0.wp.com\\\/poterie-de-crestet.com\\\/wp-content\\\/uploads\\\/2025\\\/03\\\/Propo-4.png?fit=1000%2C462&ssl=1\",\"contentUrl\":\"https:\\\/\\\/i0.wp.com\\\/poterie-de-crestet.com\\\/wp-content\\\/uploads\\\/2025\\\/03\\\/Propo-4.png?fit=1000%2C462&ssl=1\",\"width\":1000,\"height\":462,\"caption\":\"Poterie de Crestet\"},\"image\":{\"@id\":\"https:\\\/\\\/poterie-de-crestet.com\\\/de\\\/#\\\/schema\\\/logo\\\/image\\\/\"}}]}<\/script>\n<!-- \/ Yoast SEO plugin. -->","yoast_head_json":{"title":"Salz- und Pfefferstreuer Blue Drops - Poterie de Crestet","description":"Salz- und Pfefferstreuer mit Blue Drops Dekoration. Handgefertigte, waschbare, handbemalte Keramik. Ein elegantes Duo f\u00fcr das t\u00e4gliche W\u00fcrzen.","robots":{"index":"index","follow":"follow","max-snippet":"max-snippet:-1","max-image-preview":"max-image-preview:large","max-video-preview":"max-video-preview:-1"},"canonical":"https:\/\/poterie-de-crestet.com\/de\/keramik\/saliere-poivriere-gouttes-bleues\/","og_locale":"de_DE","og_type":"article","og_title":"Salz- und Pfefferstreuer Blue Drops - Poterie de Crestet","og_description":"Salz- und Pfefferstreuer mit Blue Drops Dekoration. Handgefertigte, waschbare, handbemalte Keramik. Ein elegantes Duo f\u00fcr das t\u00e4gliche W\u00fcrzen.","og_url":"https:\/\/poterie-de-crestet.com\/de\/keramik\/saliere-poivriere-gouttes-bleues\/","og_site_name":"Poterie de Crestet","og_image":[{"width":800,"height":532,"url":"https:\/\/i0.wp.com\/poterie-de-crestet.com\/wp-content\/uploads\/2025\/04\/Poterie-du-Crestet0888-e1748525157346.jpg?fit=800%2C532&ssl=1","type":"image\/jpeg"}],"twitter_card":"summary_large_image","twitter_misc":{"Gesch\u00e4tzte Lesezeit":"1\u00a0Minute"},"schema":{"@context":"https:\/\/schema.org","@graph":[{"@type":"WebPage","@id":"https:\/\/poterie-de-crestet.com\/de\/keramik\/saliere-poivriere-gouttes-bleues\/","url":"https:\/\/poterie-de-crestet.com\/de\/keramik\/saliere-poivriere-gouttes-bleues\/","name":"Salz- und Pfefferstreuer Blue Drops - Poterie de Crestet","isPartOf":{"@id":"https:\/\/poterie-de-crestet.com\/de\/#website"},"primaryImageOfPage":{"@id":"https:\/\/poterie-de-crestet.com\/de\/keramik\/saliere-poivriere-gouttes-bleues\/#primaryimage"},"image":{"@id":"https:\/\/poterie-de-crestet.com\/de\/keramik\/saliere-poivriere-gouttes-bleues\/#primaryimage"},"thumbnailUrl":"https:\/\/i0.wp.com\/poterie-de-crestet.com\/wp-content\/uploads\/2025\/04\/Poterie-du-Crestet0888-e1748525157346.jpg?fit=800%2C532&ssl=1","datePublished":"2025-04-11T06:46:27+00:00","description":"Salz- und Pfefferstreuer mit Blue Drops Dekoration. Handgefertigte, waschbare, handbemalte Keramik. Ein elegantes Duo f\u00fcr das t\u00e4gliche W\u00fcrzen.","breadcrumb":{"@id":"https:\/\/poterie-de-crestet.com\/de\/keramik\/saliere-poivriere-gouttes-bleues\/#breadcrumb"},"inLanguage":"de","potentialAction":[{"@type":"ReadAction","target":["https:\/\/poterie-de-crestet.com\/de\/keramik\/saliere-poivriere-gouttes-bleues\/"]}]},{"@type":"ImageObject","inLanguage":"de","@id":"https:\/\/poterie-de-crestet.com\/de\/keramik\/saliere-poivriere-gouttes-bleues\/#primaryimage","url":"https:\/\/i0.wp.com\/poterie-de-crestet.com\/wp-content\/uploads\/2025\/04\/Poterie-du-Crestet0888-e1748525157346.jpg?fit=800%2C532&ssl=1","contentUrl":"https:\/\/i0.wp.com\/poterie-de-crestet.com\/wp-content\/uploads\/2025\/04\/Poterie-du-Crestet0888-e1748525157346.jpg?fit=800%2C532&ssl=1","width":800,"height":532,"caption":"Salz- und Pfefferstreuer Blaue Tropfen"},{"@type":"BreadcrumbList","@id":"https:\/\/poterie-de-crestet.com\/de\/keramik\/saliere-poivriere-gouttes-bleues\/#breadcrumb","itemListElement":[{"@type":"ListItem","position":1,"name":"Accueil","item":"https:\/\/poterie-de-crestet.com\/de\/accueil\/"},{"@type":"ListItem","position":2,"name":"Boutique","item":"https:\/\/poterie-de-crestet.com\/ceramiques\/"},{"@type":"ListItem","position":3,"name":"Salz- und Pfefferstreuer Blue Drops"}]},{"@type":"WebSite","@id":"https:\/\/poterie-de-crestet.com\/de\/#website","url":"https:\/\/poterie-de-crestet.com\/de\/","name":"Poterie de Crestet","description":"Des milliers de poteries inpir\u00e9es de la Provence","publisher":{"@id":"https:\/\/poterie-de-crestet.com\/de\/#organization"},"potentialAction":[{"@type":"SearchAction","target":{"@type":"EntryPoint","urlTemplate":"https:\/\/poterie-de-crestet.com\/de\/?s={search_term_string}"},"query-input":{"@type":"PropertyValueSpecification","valueRequired":true,"valueName":"search_term_string"}}],"inLanguage":"de"},{"@type":"Organization","@id":"https:\/\/poterie-de-crestet.com\/de\/#organization","name":"Poterie de Crestet","url":"https:\/\/poterie-de-crestet.com\/de\/","logo":{"@type":"ImageObject","inLanguage":"de","@id":"https:\/\/poterie-de-crestet.com\/de\/#\/schema\/logo\/image\/","url":"https:\/\/i0.wp.com\/poterie-de-crestet.com\/wp-content\/uploads\/2025\/03\/Propo-4.png?fit=1000%2C462&ssl=1","contentUrl":"https:\/\/i0.wp.com\/poterie-de-crestet.com\/wp-content\/uploads\/2025\/03\/Propo-4.png?fit=1000%2C462&ssl=1","width":1000,"height":462,"caption":"Poterie de Crestet"},"image":{"@id":"https:\/\/poterie-de-crestet.com\/de\/#\/schema\/logo\/image\/"}}]}},"jetpack_sharing_enabled":true,"_links":{"self":[{"href":"https:\/\/poterie-de-crestet.com\/de\/wp-json\/wp\/v2\/product\/22773","targetHints":{"allow":["GET"]}}],"collection":[{"href":"https:\/\/poterie-de-crestet.com\/de\/wp-json\/wp\/v2\/product"}],"about":[{"href":"https:\/\/poterie-de-crestet.com\/de\/wp-json\/wp\/v2\/types\/product"}],"replies":[{"embeddable":true,"href":"https:\/\/poterie-de-crestet.com\/de\/wp-json\/wp\/v2\/comments?post=22773"}],"version-history":[{"count":0,"href":"https:\/\/poterie-de-crestet.com\/de\/wp-json\/wp\/v2\/product\/22773\/revisions"}],"wp:featuredmedia":[{"embeddable":true,"href":"https:\/\/poterie-de-crestet.com\/de\/wp-json\/wp\/v2\/media\/8146"}],"wp:attachment":[{"href":"https:\/\/poterie-de-crestet.com\/de\/wp-json\/wp\/v2\/media?parent=22773"}],"wp:term":[{"taxonomy":"product_brand","embeddable":true,"href":"https:\/\/poterie-de-crestet.com\/de\/wp-json\/wp\/v2\/product_brand?post=22773"},{"taxonomy":"product_cat","embeddable":true,"href":"https:\/\/poterie-de-crestet.com\/de\/wp-json\/wp\/v2\/product_cat?post=22773"},{"taxonomy":"product_tag","embeddable":true,"href":"https:\/\/poterie-de-crestet.com\/de\/wp-json\/wp\/v2\/product_tag?post=22773"}],"curies":[{"name":"wp","href":"https:\/\/api.w.org\/{rel}","templated":true}]}}