{"id":22767,"date":"2025-04-11T08:46:27","date_gmt":"2025-04-11T06:46:27","guid":{"rendered":"https:\/\/poterie-de-crestet.com\/ceramiques\/saliere-poivriere-maison\/"},"modified":"2025-04-11T08:46:27","modified_gmt":"2025-04-11T06:46:27","slug":"saliere-poivriere-maison","status":"publish","type":"product","link":"https:\/\/poterie-de-crestet.com\/de\/keramik\/saliere-poivriere-maison\/","title":{"rendered":"Salz- und Pfefferstreuer  <h5>Haus<\/h5>"},"content":{"rendered":"<p class=\"\" data-start=\"2938\" data-end=\"3245\">Das Salz-und-Pfeffer-Streuer-Duo im Maison D\u00e9cor erinnert an rote D\u00e4cher, Zypressen und sonnige Gassen. Jedes St\u00fcck ist handdekoriert mit einer stilisierten Szene eines provenzalischen Dorfes, was jedes Duo einzigartig und warm macht. Es ist eine charmante Anspielung auf das Leben im S\u00fcden.  <\/p>\n<p class=\"\" data-start=\"3247\" data-end=\"3466\">Diese kompakten St\u00fccke sind einfach zu bedienen, sp\u00fclmaschinenfest und lebensmittelkonform. Die perforierte Kappe ist diskret, aber effektiv, und die stabile Form sorgt f\u00fcr angenehme t\u00e4gliche Nutzung. <\/p>\n<p class=\"\" data-start=\"3468\" data-end=\"3672\">Dieses Duo sitzt gerne an einem rustikalen, romantischen oder Landtisch. Um die Atmosph\u00e4re zu vervollst\u00e4ndigen, kombinieren Sie sie mit dem <a class=\"\" href=\"https:\/\/poterie-de-crestet.com\/de\/keramik\/schwammhalter-haus\/\" rel=\"noopener\" data-start=\"3587\" data-end=\"3611\">Homemade Sponge-Halter<\/a> oder probieren Sie ein cooles Duo mit der <a class=\"\" href=\"https:\/\/poterie-de-crestet.com\/de\/keramik\/kaffeetasse-leichter-boden\/\" rel=\"noopener\" data-start=\"3644\" data-end=\"3671\">Sol Clair Kaffeetasse<\/a>. <\/p>\n","protected":false},"excerpt":{"rendered":"<p>Keramik-Duo mit Wohnkultur, f\u00fcr Salz und Pfeffer am Tisch. Handbemalt mit provenzalischen Dorfmotiven. Perfekt f\u00fcr eine poetische Note.  <br data-start=\"2902\" data-end=\"2905\"><strong data-start=\"2905\" data-end=\"2936\"><em data-start=\"2907\" data-end=\"2934\">Abmessungen: 4,7 \u00d7 7,6 cm<\/em><\/strong><\/p>\n","protected":false},"featured_media":8162,"comment_status":"open","ping_status":"closed","template":"","meta":[],"product_brand":[],"product_cat":[420],"product_tag":[269],"class_list":{"0":"post-22767","1":"product","2":"type-product","3":"status-publish","4":"has-post-thumbnail","6":"product_cat-salz-und-pfefferstreuer","7":"product_tag-haus","9":"first","10":"instock","11":"taxable","12":"shipping-taxable","13":"purchasable","14":"product-type-simple"},"yoast_head":"<!-- This site is optimized with the Yoast SEO plugin v27.5 - https:\/\/yoast.com\/product\/yoast-seo-wordpress\/ -->\n<title>Salz- und Pfefferstreuer Haus - Poterie de Crestet<\/title>\n<meta name=\"description\" content=\"Salz- und Pfefferstreuer \u2013 Wohndekoration. Handgemalte, handgefertigte Keramik. Waschbares Duo mit provenzalischem Muster f\u00fcr dein t\u00e4gliches Salz und Pfeffer.\" \/>\n<meta name=\"robots\" content=\"index, follow, max-snippet:-1, max-image-preview:large, max-video-preview:-1\" \/>\n<link rel=\"canonical\" href=\"https:\/\/poterie-de-crestet.com\/de\/keramik\/saliere-poivriere-maison\/\" \/>\n<meta property=\"og:locale\" content=\"de_DE\" \/>\n<meta property=\"og:type\" content=\"article\" \/>\n<meta property=\"og:title\" content=\"Salz- und Pfefferstreuer Haus - Poterie de Crestet\" \/>\n<meta property=\"og:description\" content=\"Salz- und Pfefferstreuer \u2013 Wohndekoration. Handgemalte, handgefertigte Keramik. Waschbares Duo mit provenzalischem Muster f\u00fcr dein t\u00e4gliches Salz und Pfeffer.\" \/>\n<meta property=\"og:url\" content=\"https:\/\/poterie-de-crestet.com\/de\/keramik\/saliere-poivriere-maison\/\" \/>\n<meta property=\"og:site_name\" content=\"Poterie de Crestet\" \/>\n<meta property=\"og:image\" content=\"https:\/\/i0.wp.com\/poterie-de-crestet.com\/wp-content\/uploads\/2025\/04\/saliere-et-poivrier-maison.jpg?fit=458%2C458&ssl=1\" \/>\n\t<meta property=\"og:image:width\" content=\"458\" \/>\n\t<meta property=\"og:image:height\" content=\"458\" \/>\n\t<meta property=\"og:image:type\" content=\"image\/jpeg\" \/>\n<meta name=\"twitter:card\" content=\"summary_large_image\" \/>\n<meta name=\"twitter:label1\" content=\"Gesch\u00e4tzte Lesezeit\" \/>\n\t<meta name=\"twitter:data1\" content=\"1\u00a0Minute\" \/>\n<script type=\"application\/ld+json\" class=\"yoast-schema-graph\">{\"@context\":\"https:\\\/\\\/schema.org\",\"@graph\":[{\"@type\":\"WebPage\",\"@id\":\"https:\\\/\\\/poterie-de-crestet.com\\\/de\\\/keramik\\\/saliere-poivriere-maison\\\/\",\"url\":\"https:\\\/\\\/poterie-de-crestet.com\\\/de\\\/keramik\\\/saliere-poivriere-maison\\\/\",\"name\":\"Salz- und Pfefferstreuer Haus - Poterie de Crestet\",\"isPartOf\":{\"@id\":\"https:\\\/\\\/poterie-de-crestet.com\\\/de\\\/#website\"},\"primaryImageOfPage\":{\"@id\":\"https:\\\/\\\/poterie-de-crestet.com\\\/de\\\/keramik\\\/saliere-poivriere-maison\\\/#primaryimage\"},\"image\":{\"@id\":\"https:\\\/\\\/poterie-de-crestet.com\\\/de\\\/keramik\\\/saliere-poivriere-maison\\\/#primaryimage\"},\"thumbnailUrl\":\"https:\\\/\\\/i0.wp.com\\\/poterie-de-crestet.com\\\/wp-content\\\/uploads\\\/2025\\\/04\\\/saliere-et-poivrier-maison.jpg?fit=458%2C458&ssl=1\",\"datePublished\":\"2025-04-11T06:46:27+00:00\",\"description\":\"Salz- und Pfefferstreuer \u2013 Wohndekoration. Handgemalte, handgefertigte Keramik. Waschbares Duo mit provenzalischem Muster f\u00fcr dein t\u00e4gliches Salz und Pfeffer.\",\"breadcrumb\":{\"@id\":\"https:\\\/\\\/poterie-de-crestet.com\\\/de\\\/keramik\\\/saliere-poivriere-maison\\\/#breadcrumb\"},\"inLanguage\":\"de\",\"potentialAction\":[{\"@type\":\"ReadAction\",\"target\":[\"https:\\\/\\\/poterie-de-crestet.com\\\/de\\\/keramik\\\/saliere-poivriere-maison\\\/\"]}]},{\"@type\":\"ImageObject\",\"inLanguage\":\"de\",\"@id\":\"https:\\\/\\\/poterie-de-crestet.com\\\/de\\\/keramik\\\/saliere-poivriere-maison\\\/#primaryimage\",\"url\":\"https:\\\/\\\/i0.wp.com\\\/poterie-de-crestet.com\\\/wp-content\\\/uploads\\\/2025\\\/04\\\/saliere-et-poivrier-maison.jpg?fit=458%2C458&ssl=1\",\"contentUrl\":\"https:\\\/\\\/i0.wp.com\\\/poterie-de-crestet.com\\\/wp-content\\\/uploads\\\/2025\\\/04\\\/saliere-et-poivrier-maison.jpg?fit=458%2C458&ssl=1\",\"width\":458,\"height\":458,\"caption\":\"Salz- und Pfefferstreuer-Haus\"},{\"@type\":\"BreadcrumbList\",\"@id\":\"https:\\\/\\\/poterie-de-crestet.com\\\/de\\\/keramik\\\/saliere-poivriere-maison\\\/#breadcrumb\",\"itemListElement\":[{\"@type\":\"ListItem\",\"position\":1,\"name\":\"Accueil\",\"item\":\"https:\\\/\\\/poterie-de-crestet.com\\\/de\\\/accueil\\\/\"},{\"@type\":\"ListItem\",\"position\":2,\"name\":\"Boutique\",\"item\":\"https:\\\/\\\/poterie-de-crestet.com\\\/ceramiques\\\/\"},{\"@type\":\"ListItem\",\"position\":3,\"name\":\"Salz- und Pfefferstreuer Haus\"}]},{\"@type\":\"WebSite\",\"@id\":\"https:\\\/\\\/poterie-de-crestet.com\\\/de\\\/#website\",\"url\":\"https:\\\/\\\/poterie-de-crestet.com\\\/de\\\/\",\"name\":\"Poterie de Crestet\",\"description\":\"Des milliers de poteries inpir\u00e9es de la Provence\",\"publisher\":{\"@id\":\"https:\\\/\\\/poterie-de-crestet.com\\\/de\\\/#organization\"},\"potentialAction\":[{\"@type\":\"SearchAction\",\"target\":{\"@type\":\"EntryPoint\",\"urlTemplate\":\"https:\\\/\\\/poterie-de-crestet.com\\\/de\\\/?s={search_term_string}\"},\"query-input\":{\"@type\":\"PropertyValueSpecification\",\"valueRequired\":true,\"valueName\":\"search_term_string\"}}],\"inLanguage\":\"de\"},{\"@type\":\"Organization\",\"@id\":\"https:\\\/\\\/poterie-de-crestet.com\\\/de\\\/#organization\",\"name\":\"Poterie de Crestet\",\"url\":\"https:\\\/\\\/poterie-de-crestet.com\\\/de\\\/\",\"logo\":{\"@type\":\"ImageObject\",\"inLanguage\":\"de\",\"@id\":\"https:\\\/\\\/poterie-de-crestet.com\\\/de\\\/#\\\/schema\\\/logo\\\/image\\\/\",\"url\":\"https:\\\/\\\/i0.wp.com\\\/poterie-de-crestet.com\\\/wp-content\\\/uploads\\\/2025\\\/03\\\/Propo-4.png?fit=1000%2C462&ssl=1\",\"contentUrl\":\"https:\\\/\\\/i0.wp.com\\\/poterie-de-crestet.com\\\/wp-content\\\/uploads\\\/2025\\\/03\\\/Propo-4.png?fit=1000%2C462&ssl=1\",\"width\":1000,\"height\":462,\"caption\":\"Poterie de Crestet\"},\"image\":{\"@id\":\"https:\\\/\\\/poterie-de-crestet.com\\\/de\\\/#\\\/schema\\\/logo\\\/image\\\/\"}}]}<\/script>\n<!-- \/ Yoast SEO plugin. -->","yoast_head_json":{"title":"Salz- und Pfefferstreuer Haus - Poterie de Crestet","description":"Salz- und Pfefferstreuer \u2013 Wohndekoration. Handgemalte, handgefertigte Keramik. Waschbares Duo mit provenzalischem Muster f\u00fcr dein t\u00e4gliches Salz und Pfeffer.","robots":{"index":"index","follow":"follow","max-snippet":"max-snippet:-1","max-image-preview":"max-image-preview:large","max-video-preview":"max-video-preview:-1"},"canonical":"https:\/\/poterie-de-crestet.com\/de\/keramik\/saliere-poivriere-maison\/","og_locale":"de_DE","og_type":"article","og_title":"Salz- und Pfefferstreuer Haus - Poterie de Crestet","og_description":"Salz- und Pfefferstreuer \u2013 Wohndekoration. Handgemalte, handgefertigte Keramik. Waschbares Duo mit provenzalischem Muster f\u00fcr dein t\u00e4gliches Salz und Pfeffer.","og_url":"https:\/\/poterie-de-crestet.com\/de\/keramik\/saliere-poivriere-maison\/","og_site_name":"Poterie de Crestet","og_image":[{"width":458,"height":458,"url":"https:\/\/i0.wp.com\/poterie-de-crestet.com\/wp-content\/uploads\/2025\/04\/saliere-et-poivrier-maison.jpg?fit=458%2C458&ssl=1","type":"image\/jpeg"}],"twitter_card":"summary_large_image","twitter_misc":{"Gesch\u00e4tzte Lesezeit":"1\u00a0Minute"},"schema":{"@context":"https:\/\/schema.org","@graph":[{"@type":"WebPage","@id":"https:\/\/poterie-de-crestet.com\/de\/keramik\/saliere-poivriere-maison\/","url":"https:\/\/poterie-de-crestet.com\/de\/keramik\/saliere-poivriere-maison\/","name":"Salz- und Pfefferstreuer Haus - Poterie de Crestet","isPartOf":{"@id":"https:\/\/poterie-de-crestet.com\/de\/#website"},"primaryImageOfPage":{"@id":"https:\/\/poterie-de-crestet.com\/de\/keramik\/saliere-poivriere-maison\/#primaryimage"},"image":{"@id":"https:\/\/poterie-de-crestet.com\/de\/keramik\/saliere-poivriere-maison\/#primaryimage"},"thumbnailUrl":"https:\/\/i0.wp.com\/poterie-de-crestet.com\/wp-content\/uploads\/2025\/04\/saliere-et-poivrier-maison.jpg?fit=458%2C458&ssl=1","datePublished":"2025-04-11T06:46:27+00:00","description":"Salz- und Pfefferstreuer \u2013 Wohndekoration. Handgemalte, handgefertigte Keramik. Waschbares Duo mit provenzalischem Muster f\u00fcr dein t\u00e4gliches Salz und Pfeffer.","breadcrumb":{"@id":"https:\/\/poterie-de-crestet.com\/de\/keramik\/saliere-poivriere-maison\/#breadcrumb"},"inLanguage":"de","potentialAction":[{"@type":"ReadAction","target":["https:\/\/poterie-de-crestet.com\/de\/keramik\/saliere-poivriere-maison\/"]}]},{"@type":"ImageObject","inLanguage":"de","@id":"https:\/\/poterie-de-crestet.com\/de\/keramik\/saliere-poivriere-maison\/#primaryimage","url":"https:\/\/i0.wp.com\/poterie-de-crestet.com\/wp-content\/uploads\/2025\/04\/saliere-et-poivrier-maison.jpg?fit=458%2C458&ssl=1","contentUrl":"https:\/\/i0.wp.com\/poterie-de-crestet.com\/wp-content\/uploads\/2025\/04\/saliere-et-poivrier-maison.jpg?fit=458%2C458&ssl=1","width":458,"height":458,"caption":"Salz- und Pfefferstreuer-Haus"},{"@type":"BreadcrumbList","@id":"https:\/\/poterie-de-crestet.com\/de\/keramik\/saliere-poivriere-maison\/#breadcrumb","itemListElement":[{"@type":"ListItem","position":1,"name":"Accueil","item":"https:\/\/poterie-de-crestet.com\/de\/accueil\/"},{"@type":"ListItem","position":2,"name":"Boutique","item":"https:\/\/poterie-de-crestet.com\/ceramiques\/"},{"@type":"ListItem","position":3,"name":"Salz- und Pfefferstreuer Haus"}]},{"@type":"WebSite","@id":"https:\/\/poterie-de-crestet.com\/de\/#website","url":"https:\/\/poterie-de-crestet.com\/de\/","name":"Poterie de Crestet","description":"Des milliers de poteries inpir\u00e9es de la Provence","publisher":{"@id":"https:\/\/poterie-de-crestet.com\/de\/#organization"},"potentialAction":[{"@type":"SearchAction","target":{"@type":"EntryPoint","urlTemplate":"https:\/\/poterie-de-crestet.com\/de\/?s={search_term_string}"},"query-input":{"@type":"PropertyValueSpecification","valueRequired":true,"valueName":"search_term_string"}}],"inLanguage":"de"},{"@type":"Organization","@id":"https:\/\/poterie-de-crestet.com\/de\/#organization","name":"Poterie de Crestet","url":"https:\/\/poterie-de-crestet.com\/de\/","logo":{"@type":"ImageObject","inLanguage":"de","@id":"https:\/\/poterie-de-crestet.com\/de\/#\/schema\/logo\/image\/","url":"https:\/\/i0.wp.com\/poterie-de-crestet.com\/wp-content\/uploads\/2025\/03\/Propo-4.png?fit=1000%2C462&ssl=1","contentUrl":"https:\/\/i0.wp.com\/poterie-de-crestet.com\/wp-content\/uploads\/2025\/03\/Propo-4.png?fit=1000%2C462&ssl=1","width":1000,"height":462,"caption":"Poterie de Crestet"},"image":{"@id":"https:\/\/poterie-de-crestet.com\/de\/#\/schema\/logo\/image\/"}}]}},"jetpack_sharing_enabled":true,"_links":{"self":[{"href":"https:\/\/poterie-de-crestet.com\/de\/wp-json\/wp\/v2\/product\/22767","targetHints":{"allow":["GET"]}}],"collection":[{"href":"https:\/\/poterie-de-crestet.com\/de\/wp-json\/wp\/v2\/product"}],"about":[{"href":"https:\/\/poterie-de-crestet.com\/de\/wp-json\/wp\/v2\/types\/product"}],"replies":[{"embeddable":true,"href":"https:\/\/poterie-de-crestet.com\/de\/wp-json\/wp\/v2\/comments?post=22767"}],"version-history":[{"count":0,"href":"https:\/\/poterie-de-crestet.com\/de\/wp-json\/wp\/v2\/product\/22767\/revisions"}],"wp:featuredmedia":[{"embeddable":true,"href":"https:\/\/poterie-de-crestet.com\/de\/wp-json\/wp\/v2\/media\/8162"}],"wp:attachment":[{"href":"https:\/\/poterie-de-crestet.com\/de\/wp-json\/wp\/v2\/media?parent=22767"}],"wp:term":[{"taxonomy":"product_brand","embeddable":true,"href":"https:\/\/poterie-de-crestet.com\/de\/wp-json\/wp\/v2\/product_brand?post=22767"},{"taxonomy":"product_cat","embeddable":true,"href":"https:\/\/poterie-de-crestet.com\/de\/wp-json\/wp\/v2\/product_cat?post=22767"},{"taxonomy":"product_tag","embeddable":true,"href":"https:\/\/poterie-de-crestet.com\/de\/wp-json\/wp\/v2\/product_tag?post=22767"}],"curies":[{"name":"wp","href":"https:\/\/api.w.org\/{rel}","templated":true}]}}