{"id":22746,"date":"2025-04-11T12:14:03","date_gmt":"2025-04-11T10:14:03","guid":{"rendered":"https:\/\/poterie-de-crestet.com\/ceramiques\/porte-ustensile-olivier-vert\/"},"modified":"2025-04-11T12:14:03","modified_gmt":"2025-04-11T10:14:03","slug":"porte-ustensile-olivier-vert","status":"publish","type":"product","link":"https:\/\/poterie-de-crestet.com\/de\/keramik\/porte-ustensile-olivier-vert\/","title":{"rendered":"Besteckhalter  <h5>Gr\u00fcner Olivenbaum<\/h5>"},"content":{"rendered":"<p data-start=\"2939\" data-end=\"3324\">Suchen Sie einen praktischen und \u00e4sthetischen Topf f\u00fcr Ihre K\u00fcche? Der Besteckhalter mit <em data-start=\"3053\" data-end=\"3067\">gr\u00fcner Olivendekoration<\/em> ist f\u00fcr dich gemacht. Ideal, um die meistgenutzten Utensilien zu organisieren, erm\u00f6glicht es Ihnen, alles griffbereit zu haben: K\u00f6pfeln, Pfannenwender, Zangen, Schneebesen&#8230; Dank seines breiten und stabilen Bodens kippt er nicht um und bleibt auch bei guter F\u00fcllung perfekt an Ort und Stelle.   <\/p>\n<p data-start=\"3326\" data-end=\"3751\">Wir lieben die handwerkliche Seite seiner Pflanzenmotive, handgemalt mit Feinheit. Au\u00dferdem kann sie auch als rustikale Vase, als Stifttr\u00e4ger oder sogar als Aufbewahrungsfach am Eingang verwendet werden. Es passt sowohl in eine moderne K\u00fcche als auch in ein traditionelleres Interieur. F\u00fcr vollkommene Harmonie entdecken Sie die <a class=\"\" href=\"https:\/\/poterie-de-crestet.com\/de\/keramik\/salatschuessel-gruener-olivenbaum\/\" rel=\"noopener\" data-start=\"3648\" data-end=\"3676\"><em data-start=\"3658\" data-end=\"3672\">gr\u00fcne Olivensalatschale<\/em><\/a> oder schaffen Sie einen sch\u00f6nen Kontrast zum <a class=\"\" href=\"https:\/\/poterie-de-crestet.com\/de\/keramik\/trivet-blaugrauer-streifen\/\" rel=\"noopener\" data-start=\"3713\" data-end=\"3750\"><em data-start=\"3730\" data-end=\"3746\">blau-grau gestreiften<\/em> Unterglas<\/a>.   <\/p>\n","protected":false},"excerpt":{"rendered":"<p>Ein Besteckhalter, der ebenso stabil wie charmant ist. Die gr\u00fcne Olivenbaumdekoration verleiht der K\u00fcche eine pflanzliche Note. <br data-start=\"2900\" data-end=\"2903\"><strong data-start=\"2903\" data-end=\"2937\"><em data-start=\"2905\" data-end=\"2935\">Ma\u00dfe: 12 \u00d7 12 \u00d7 15 cm<\/em><\/strong><\/p>\n","protected":false},"featured_media":8620,"comment_status":"open","ping_status":"closed","template":"","meta":[],"product_brand":[],"product_cat":[359],"product_tag":[189],"class_list":{"0":"post-22746","1":"product","2":"type-product","3":"status-publish","4":"has-post-thumbnail","6":"product_cat-besteckhalter","7":"product_tag-gruner-olivenbaum","9":"first","10":"instock","11":"taxable","12":"shipping-taxable","13":"purchasable","14":"product-type-simple"},"yoast_head":"<!-- This site is optimized with the Yoast SEO plugin v27.5 - https:\/\/yoast.com\/product\/yoast-seo-wordpress\/ -->\n<title>Besteckhalter Gr\u00fcner Olivenbaum - Poterie de Crestet<\/title>\n<meta name=\"description\" content=\"Ein Halter f\u00fcr Keramikbesteck mit gr\u00fcner Olivverzierung. Ideal f\u00fcr eine organisierte und farbenfrohe K\u00fcche. Handbemalt, erh\u00e4ltlich in Marktvertiefung.\" \/>\n<meta name=\"robots\" content=\"index, follow, max-snippet:-1, max-image-preview:large, max-video-preview:-1\" \/>\n<link rel=\"canonical\" href=\"https:\/\/poterie-de-crestet.com\/de\/keramik\/porte-ustensile-olivier-vert\/\" \/>\n<meta property=\"og:locale\" content=\"de_DE\" \/>\n<meta property=\"og:type\" content=\"article\" \/>\n<meta property=\"og:title\" content=\"Besteckhalter Gr\u00fcner Olivenbaum - Poterie de Crestet\" \/>\n<meta property=\"og:description\" content=\"Ein Halter f\u00fcr Keramikbesteck mit gr\u00fcner Olivverzierung. Ideal f\u00fcr eine organisierte und farbenfrohe K\u00fcche. Handbemalt, erh\u00e4ltlich in Marktvertiefung.\" \/>\n<meta property=\"og:url\" content=\"https:\/\/poterie-de-crestet.com\/de\/keramik\/porte-ustensile-olivier-vert\/\" \/>\n<meta property=\"og:site_name\" content=\"Poterie de Crestet\" \/>\n<meta property=\"og:image\" content=\"https:\/\/i0.wp.com\/poterie-de-crestet.com\/wp-content\/uploads\/2025\/04\/ustensile-olivier-vert.jpg?fit=458%2C458&ssl=1\" \/>\n\t<meta property=\"og:image:width\" content=\"458\" \/>\n\t<meta property=\"og:image:height\" content=\"458\" \/>\n\t<meta property=\"og:image:type\" content=\"image\/jpeg\" \/>\n<meta name=\"twitter:card\" content=\"summary_large_image\" \/>\n<meta name=\"twitter:label1\" content=\"Gesch\u00e4tzte Lesezeit\" \/>\n\t<meta name=\"twitter:data1\" content=\"1\u00a0Minute\" \/>\n<script type=\"application\/ld+json\" class=\"yoast-schema-graph\">{\"@context\":\"https:\\\/\\\/schema.org\",\"@graph\":[{\"@type\":\"WebPage\",\"@id\":\"https:\\\/\\\/poterie-de-crestet.com\\\/de\\\/keramik\\\/porte-ustensile-olivier-vert\\\/\",\"url\":\"https:\\\/\\\/poterie-de-crestet.com\\\/de\\\/keramik\\\/porte-ustensile-olivier-vert\\\/\",\"name\":\"Besteckhalter Gr\u00fcner Olivenbaum - Poterie de Crestet\",\"isPartOf\":{\"@id\":\"https:\\\/\\\/poterie-de-crestet.com\\\/de\\\/#website\"},\"primaryImageOfPage\":{\"@id\":\"https:\\\/\\\/poterie-de-crestet.com\\\/de\\\/keramik\\\/porte-ustensile-olivier-vert\\\/#primaryimage\"},\"image\":{\"@id\":\"https:\\\/\\\/poterie-de-crestet.com\\\/de\\\/keramik\\\/porte-ustensile-olivier-vert\\\/#primaryimage\"},\"thumbnailUrl\":\"https:\\\/\\\/i0.wp.com\\\/poterie-de-crestet.com\\\/wp-content\\\/uploads\\\/2025\\\/04\\\/ustensile-olivier-vert.jpg?fit=458%2C458&ssl=1\",\"datePublished\":\"2025-04-11T10:14:03+00:00\",\"description\":\"Ein Halter f\u00fcr Keramikbesteck mit gr\u00fcner Olivverzierung. Ideal f\u00fcr eine organisierte und farbenfrohe K\u00fcche. Handbemalt, erh\u00e4ltlich in Marktvertiefung.\",\"breadcrumb\":{\"@id\":\"https:\\\/\\\/poterie-de-crestet.com\\\/de\\\/keramik\\\/porte-ustensile-olivier-vert\\\/#breadcrumb\"},\"inLanguage\":\"de\",\"potentialAction\":[{\"@type\":\"ReadAction\",\"target\":[\"https:\\\/\\\/poterie-de-crestet.com\\\/de\\\/keramik\\\/porte-ustensile-olivier-vert\\\/\"]}]},{\"@type\":\"ImageObject\",\"inLanguage\":\"de\",\"@id\":\"https:\\\/\\\/poterie-de-crestet.com\\\/de\\\/keramik\\\/porte-ustensile-olivier-vert\\\/#primaryimage\",\"url\":\"https:\\\/\\\/i0.wp.com\\\/poterie-de-crestet.com\\\/wp-content\\\/uploads\\\/2025\\\/04\\\/ustensile-olivier-vert.jpg?fit=458%2C458&ssl=1\",\"contentUrl\":\"https:\\\/\\\/i0.wp.com\\\/poterie-de-crestet.com\\\/wp-content\\\/uploads\\\/2025\\\/04\\\/ustensile-olivier-vert.jpg?fit=458%2C458&ssl=1\",\"width\":458,\"height\":458,\"caption\":\"Besteckhalter olivgr\u00fcn\"},{\"@type\":\"BreadcrumbList\",\"@id\":\"https:\\\/\\\/poterie-de-crestet.com\\\/de\\\/keramik\\\/porte-ustensile-olivier-vert\\\/#breadcrumb\",\"itemListElement\":[{\"@type\":\"ListItem\",\"position\":1,\"name\":\"Accueil\",\"item\":\"https:\\\/\\\/poterie-de-crestet.com\\\/de\\\/accueil\\\/\"},{\"@type\":\"ListItem\",\"position\":2,\"name\":\"Boutique\",\"item\":\"https:\\\/\\\/poterie-de-crestet.com\\\/ceramiques\\\/\"},{\"@type\":\"ListItem\",\"position\":3,\"name\":\"Besteckhalter Gr\u00fcner Olivenbaum\"}]},{\"@type\":\"WebSite\",\"@id\":\"https:\\\/\\\/poterie-de-crestet.com\\\/de\\\/#website\",\"url\":\"https:\\\/\\\/poterie-de-crestet.com\\\/de\\\/\",\"name\":\"Poterie de Crestet\",\"description\":\"Des milliers de poteries inpir\u00e9es de la Provence\",\"publisher\":{\"@id\":\"https:\\\/\\\/poterie-de-crestet.com\\\/de\\\/#organization\"},\"potentialAction\":[{\"@type\":\"SearchAction\",\"target\":{\"@type\":\"EntryPoint\",\"urlTemplate\":\"https:\\\/\\\/poterie-de-crestet.com\\\/de\\\/?s={search_term_string}\"},\"query-input\":{\"@type\":\"PropertyValueSpecification\",\"valueRequired\":true,\"valueName\":\"search_term_string\"}}],\"inLanguage\":\"de\"},{\"@type\":\"Organization\",\"@id\":\"https:\\\/\\\/poterie-de-crestet.com\\\/de\\\/#organization\",\"name\":\"Poterie de Crestet\",\"url\":\"https:\\\/\\\/poterie-de-crestet.com\\\/de\\\/\",\"logo\":{\"@type\":\"ImageObject\",\"inLanguage\":\"de\",\"@id\":\"https:\\\/\\\/poterie-de-crestet.com\\\/de\\\/#\\\/schema\\\/logo\\\/image\\\/\",\"url\":\"https:\\\/\\\/i0.wp.com\\\/poterie-de-crestet.com\\\/wp-content\\\/uploads\\\/2025\\\/03\\\/Propo-4.png?fit=1000%2C462&ssl=1\",\"contentUrl\":\"https:\\\/\\\/i0.wp.com\\\/poterie-de-crestet.com\\\/wp-content\\\/uploads\\\/2025\\\/03\\\/Propo-4.png?fit=1000%2C462&ssl=1\",\"width\":1000,\"height\":462,\"caption\":\"Poterie de Crestet\"},\"image\":{\"@id\":\"https:\\\/\\\/poterie-de-crestet.com\\\/de\\\/#\\\/schema\\\/logo\\\/image\\\/\"}}]}<\/script>\n<!-- \/ Yoast SEO plugin. -->","yoast_head_json":{"title":"Besteckhalter Gr\u00fcner Olivenbaum - Poterie de Crestet","description":"Ein Halter f\u00fcr Keramikbesteck mit gr\u00fcner Olivverzierung. Ideal f\u00fcr eine organisierte und farbenfrohe K\u00fcche. Handbemalt, erh\u00e4ltlich in Marktvertiefung.","robots":{"index":"index","follow":"follow","max-snippet":"max-snippet:-1","max-image-preview":"max-image-preview:large","max-video-preview":"max-video-preview:-1"},"canonical":"https:\/\/poterie-de-crestet.com\/de\/keramik\/porte-ustensile-olivier-vert\/","og_locale":"de_DE","og_type":"article","og_title":"Besteckhalter Gr\u00fcner Olivenbaum - Poterie de Crestet","og_description":"Ein Halter f\u00fcr Keramikbesteck mit gr\u00fcner Olivverzierung. Ideal f\u00fcr eine organisierte und farbenfrohe K\u00fcche. Handbemalt, erh\u00e4ltlich in Marktvertiefung.","og_url":"https:\/\/poterie-de-crestet.com\/de\/keramik\/porte-ustensile-olivier-vert\/","og_site_name":"Poterie de Crestet","og_image":[{"width":458,"height":458,"url":"https:\/\/i0.wp.com\/poterie-de-crestet.com\/wp-content\/uploads\/2025\/04\/ustensile-olivier-vert.jpg?fit=458%2C458&ssl=1","type":"image\/jpeg"}],"twitter_card":"summary_large_image","twitter_misc":{"Gesch\u00e4tzte Lesezeit":"1\u00a0Minute"},"schema":{"@context":"https:\/\/schema.org","@graph":[{"@type":"WebPage","@id":"https:\/\/poterie-de-crestet.com\/de\/keramik\/porte-ustensile-olivier-vert\/","url":"https:\/\/poterie-de-crestet.com\/de\/keramik\/porte-ustensile-olivier-vert\/","name":"Besteckhalter Gr\u00fcner Olivenbaum - Poterie de Crestet","isPartOf":{"@id":"https:\/\/poterie-de-crestet.com\/de\/#website"},"primaryImageOfPage":{"@id":"https:\/\/poterie-de-crestet.com\/de\/keramik\/porte-ustensile-olivier-vert\/#primaryimage"},"image":{"@id":"https:\/\/poterie-de-crestet.com\/de\/keramik\/porte-ustensile-olivier-vert\/#primaryimage"},"thumbnailUrl":"https:\/\/i0.wp.com\/poterie-de-crestet.com\/wp-content\/uploads\/2025\/04\/ustensile-olivier-vert.jpg?fit=458%2C458&ssl=1","datePublished":"2025-04-11T10:14:03+00:00","description":"Ein Halter f\u00fcr Keramikbesteck mit gr\u00fcner Olivverzierung. Ideal f\u00fcr eine organisierte und farbenfrohe K\u00fcche. Handbemalt, erh\u00e4ltlich in Marktvertiefung.","breadcrumb":{"@id":"https:\/\/poterie-de-crestet.com\/de\/keramik\/porte-ustensile-olivier-vert\/#breadcrumb"},"inLanguage":"de","potentialAction":[{"@type":"ReadAction","target":["https:\/\/poterie-de-crestet.com\/de\/keramik\/porte-ustensile-olivier-vert\/"]}]},{"@type":"ImageObject","inLanguage":"de","@id":"https:\/\/poterie-de-crestet.com\/de\/keramik\/porte-ustensile-olivier-vert\/#primaryimage","url":"https:\/\/i0.wp.com\/poterie-de-crestet.com\/wp-content\/uploads\/2025\/04\/ustensile-olivier-vert.jpg?fit=458%2C458&ssl=1","contentUrl":"https:\/\/i0.wp.com\/poterie-de-crestet.com\/wp-content\/uploads\/2025\/04\/ustensile-olivier-vert.jpg?fit=458%2C458&ssl=1","width":458,"height":458,"caption":"Besteckhalter olivgr\u00fcn"},{"@type":"BreadcrumbList","@id":"https:\/\/poterie-de-crestet.com\/de\/keramik\/porte-ustensile-olivier-vert\/#breadcrumb","itemListElement":[{"@type":"ListItem","position":1,"name":"Accueil","item":"https:\/\/poterie-de-crestet.com\/de\/accueil\/"},{"@type":"ListItem","position":2,"name":"Boutique","item":"https:\/\/poterie-de-crestet.com\/ceramiques\/"},{"@type":"ListItem","position":3,"name":"Besteckhalter Gr\u00fcner Olivenbaum"}]},{"@type":"WebSite","@id":"https:\/\/poterie-de-crestet.com\/de\/#website","url":"https:\/\/poterie-de-crestet.com\/de\/","name":"Poterie de Crestet","description":"Des milliers de poteries inpir\u00e9es de la Provence","publisher":{"@id":"https:\/\/poterie-de-crestet.com\/de\/#organization"},"potentialAction":[{"@type":"SearchAction","target":{"@type":"EntryPoint","urlTemplate":"https:\/\/poterie-de-crestet.com\/de\/?s={search_term_string}"},"query-input":{"@type":"PropertyValueSpecification","valueRequired":true,"valueName":"search_term_string"}}],"inLanguage":"de"},{"@type":"Organization","@id":"https:\/\/poterie-de-crestet.com\/de\/#organization","name":"Poterie de Crestet","url":"https:\/\/poterie-de-crestet.com\/de\/","logo":{"@type":"ImageObject","inLanguage":"de","@id":"https:\/\/poterie-de-crestet.com\/de\/#\/schema\/logo\/image\/","url":"https:\/\/i0.wp.com\/poterie-de-crestet.com\/wp-content\/uploads\/2025\/03\/Propo-4.png?fit=1000%2C462&ssl=1","contentUrl":"https:\/\/i0.wp.com\/poterie-de-crestet.com\/wp-content\/uploads\/2025\/03\/Propo-4.png?fit=1000%2C462&ssl=1","width":1000,"height":462,"caption":"Poterie de Crestet"},"image":{"@id":"https:\/\/poterie-de-crestet.com\/de\/#\/schema\/logo\/image\/"}}]}},"jetpack_sharing_enabled":true,"_links":{"self":[{"href":"https:\/\/poterie-de-crestet.com\/de\/wp-json\/wp\/v2\/product\/22746","targetHints":{"allow":["GET"]}}],"collection":[{"href":"https:\/\/poterie-de-crestet.com\/de\/wp-json\/wp\/v2\/product"}],"about":[{"href":"https:\/\/poterie-de-crestet.com\/de\/wp-json\/wp\/v2\/types\/product"}],"replies":[{"embeddable":true,"href":"https:\/\/poterie-de-crestet.com\/de\/wp-json\/wp\/v2\/comments?post=22746"}],"version-history":[{"count":0,"href":"https:\/\/poterie-de-crestet.com\/de\/wp-json\/wp\/v2\/product\/22746\/revisions"}],"wp:featuredmedia":[{"embeddable":true,"href":"https:\/\/poterie-de-crestet.com\/de\/wp-json\/wp\/v2\/media\/8620"}],"wp:attachment":[{"href":"https:\/\/poterie-de-crestet.com\/de\/wp-json\/wp\/v2\/media?parent=22746"}],"wp:term":[{"taxonomy":"product_brand","embeddable":true,"href":"https:\/\/poterie-de-crestet.com\/de\/wp-json\/wp\/v2\/product_brand?post=22746"},{"taxonomy":"product_cat","embeddable":true,"href":"https:\/\/poterie-de-crestet.com\/de\/wp-json\/wp\/v2\/product_cat?post=22746"},{"taxonomy":"product_tag","embeddable":true,"href":"https:\/\/poterie-de-crestet.com\/de\/wp-json\/wp\/v2\/product_tag?post=22746"}],"curies":[{"name":"wp","href":"https:\/\/api.w.org\/{rel}","templated":true}]}}