{"id":22738,"date":"2025-04-11T12:14:04","date_gmt":"2025-04-11T10:14:04","guid":{"rendered":"https:\/\/poterie-de-crestet.com\/ceramiques\/porte-ustensile-nyons-rouge\/"},"modified":"2025-04-11T12:14:04","modified_gmt":"2025-04-11T10:14:04","slug":"porte-ustensile-nyons-rouge","status":"publish","type":"product","link":"https:\/\/poterie-de-crestet.com\/de\/keramik\/porte-ustensile-nyons-rouge\/","title":{"rendered":"Besteckhalter  <h5>Nyons Red<\/h5>"},"content":{"rendered":"<p data-start=\"5489\" data-end=\"5799\">Das rote Nyons-Dekor zeigt die gro\u00dfen provenzalischen Klassiker: schwarze Oliven, bl\u00e4tterige Zweige und warme Farben. Dieser handbemalte Utensilienhalter h\u00e4lt Ihre K\u00fcchenutensilien zusammen und zug\u00e4nglich: L\u00f6ffeln, Zangen, L\u00f6ffel oder Schneebesen finden ihren Platz darin. <\/p>\n<p data-start=\"5801\" data-end=\"6036\">Seine ausgestellte Basis sorgt f\u00fcr gute Stabilit\u00e4t. Es ist sp\u00fclmaschinenfest, leicht t\u00e4glich zu warten und entspricht den Lebensmittelstandards. Es wird auch f\u00fcr seine dekorative Note gesch\u00e4tzt, die der K\u00fcche Charakter verleiht.  <\/p>\n<p data-start=\"6038\" data-end=\"6274\">Er kann auch als Bleistifthalter, Pinselbeh\u00e4lter oder Blumentopf verwendet werden.<br data-start=\"6121\" data-end=\"6124\">Kombinieren Sie ihn mit einem <a class=\"\" href=\"https:\/\/poterie-de-crestet.com\/de\/keramik\/gerader-pitcher-1l-nyons-red\/\" rel=\"noopener\" data-start=\"6141\" data-end=\"6174\">1L Nyons roten geraden Krug<\/a> als visuelle Erinnerung oder entscheiden Sie sich f\u00fcr eine mutige Kombination mit dem <a class=\"\" href=\"https:\/\/poterie-de-crestet.com\/de\/keramik\/loeffelauflage-gruener-olivenbaum\/\" rel=\"noopener\" data-start=\"6240\" data-end=\"6273\">gr\u00fcnen Olivier-L\u00f6ffelauflage<\/a>.<\/p>\n","protected":false},"excerpt":{"rendered":"<p>Ein praktischer Topf mit s\u00fcdlichen Akzenten, um all das Besteck zu sammeln. Das rote Nyons-Dekor erinnert an Olivenb\u00e4ume und Provence. Handbemalt, waschbar.  <br data-start=\"5450\" data-end=\"5453\"><strong data-start=\"5453\" data-end=\"5487\"><em data-start=\"5455\" data-end=\"5485\">Ma\u00dfe: 12 \u00d7 12 \u00d7 15 cm<\/em><\/strong><\/p>\n","protected":false},"featured_media":8608,"comment_status":"open","ping_status":"closed","template":"","meta":[],"product_brand":[],"product_cat":[359],"product_tag":[225],"class_list":{"0":"post-22738","1":"product","2":"type-product","3":"status-publish","4":"has-post-thumbnail","6":"product_cat-besteckhalter","7":"product_tag-nyons-red","9":"first","10":"instock","11":"taxable","12":"shipping-taxable","13":"purchasable","14":"product-type-simple"},"yoast_head":"<!-- This site is optimized with the Yoast SEO plugin v27.5 - https:\/\/yoast.com\/product\/yoast-seo-wordpress\/ -->\n<title>Besteckhalter Nyons Red - Poterie de Crestet<\/title>\n<meta name=\"description\" content=\"Nyons roter Besteckhalter: provenzalische Atmosph\u00e4re und W\u00e4rme in der K\u00fcche. Praktische Keramikaufbewahrung, ideal f\u00fcr den t\u00e4glichen Gebrauch.\" \/>\n<meta name=\"robots\" content=\"index, follow, max-snippet:-1, max-image-preview:large, max-video-preview:-1\" \/>\n<link rel=\"canonical\" href=\"https:\/\/poterie-de-crestet.com\/de\/keramik\/porte-ustensile-nyons-rouge\/\" \/>\n<meta property=\"og:locale\" content=\"de_DE\" \/>\n<meta property=\"og:type\" content=\"article\" \/>\n<meta property=\"og:title\" content=\"Besteckhalter Nyons Red - Poterie de Crestet\" \/>\n<meta property=\"og:description\" content=\"Nyons roter Besteckhalter: provenzalische Atmosph\u00e4re und W\u00e4rme in der K\u00fcche. Praktische Keramikaufbewahrung, ideal f\u00fcr den t\u00e4glichen Gebrauch.\" \/>\n<meta property=\"og:url\" content=\"https:\/\/poterie-de-crestet.com\/de\/keramik\/porte-ustensile-nyons-rouge\/\" \/>\n<meta property=\"og:site_name\" content=\"Poterie de Crestet\" \/>\n<meta property=\"og:image\" content=\"https:\/\/i0.wp.com\/poterie-de-crestet.com\/wp-content\/uploads\/2025\/04\/ustensile-nyons-rouge.jpg?fit=458%2C458&ssl=1\" \/>\n\t<meta property=\"og:image:width\" content=\"458\" \/>\n\t<meta property=\"og:image:height\" content=\"458\" \/>\n\t<meta property=\"og:image:type\" content=\"image\/jpeg\" \/>\n<meta name=\"twitter:card\" content=\"summary_large_image\" \/>\n<meta name=\"twitter:label1\" content=\"Gesch\u00e4tzte Lesezeit\" \/>\n\t<meta name=\"twitter:data1\" content=\"1\u00a0Minute\" \/>\n<script type=\"application\/ld+json\" class=\"yoast-schema-graph\">{\"@context\":\"https:\\\/\\\/schema.org\",\"@graph\":[{\"@type\":\"WebPage\",\"@id\":\"https:\\\/\\\/poterie-de-crestet.com\\\/de\\\/keramik\\\/porte-ustensile-nyons-rouge\\\/\",\"url\":\"https:\\\/\\\/poterie-de-crestet.com\\\/de\\\/keramik\\\/porte-ustensile-nyons-rouge\\\/\",\"name\":\"Besteckhalter Nyons Red - Poterie de Crestet\",\"isPartOf\":{\"@id\":\"https:\\\/\\\/poterie-de-crestet.com\\\/de\\\/#website\"},\"primaryImageOfPage\":{\"@id\":\"https:\\\/\\\/poterie-de-crestet.com\\\/de\\\/keramik\\\/porte-ustensile-nyons-rouge\\\/#primaryimage\"},\"image\":{\"@id\":\"https:\\\/\\\/poterie-de-crestet.com\\\/de\\\/keramik\\\/porte-ustensile-nyons-rouge\\\/#primaryimage\"},\"thumbnailUrl\":\"https:\\\/\\\/i0.wp.com\\\/poterie-de-crestet.com\\\/wp-content\\\/uploads\\\/2025\\\/04\\\/ustensile-nyons-rouge.jpg?fit=458%2C458&ssl=1\",\"datePublished\":\"2025-04-11T10:14:04+00:00\",\"description\":\"Nyons roter Besteckhalter: provenzalische Atmosph\u00e4re und W\u00e4rme in der K\u00fcche. Praktische Keramikaufbewahrung, ideal f\u00fcr den t\u00e4glichen Gebrauch.\",\"breadcrumb\":{\"@id\":\"https:\\\/\\\/poterie-de-crestet.com\\\/de\\\/keramik\\\/porte-ustensile-nyons-rouge\\\/#breadcrumb\"},\"inLanguage\":\"de\",\"potentialAction\":[{\"@type\":\"ReadAction\",\"target\":[\"https:\\\/\\\/poterie-de-crestet.com\\\/de\\\/keramik\\\/porte-ustensile-nyons-rouge\\\/\"]}]},{\"@type\":\"ImageObject\",\"inLanguage\":\"de\",\"@id\":\"https:\\\/\\\/poterie-de-crestet.com\\\/de\\\/keramik\\\/porte-ustensile-nyons-rouge\\\/#primaryimage\",\"url\":\"https:\\\/\\\/i0.wp.com\\\/poterie-de-crestet.com\\\/wp-content\\\/uploads\\\/2025\\\/04\\\/ustensile-nyons-rouge.jpg?fit=458%2C458&ssl=1\",\"contentUrl\":\"https:\\\/\\\/i0.wp.com\\\/poterie-de-crestet.com\\\/wp-content\\\/uploads\\\/2025\\\/04\\\/ustensile-nyons-rouge.jpg?fit=458%2C458&ssl=1\",\"width\":458,\"height\":458,\"caption\":\"Nyons Besteckhalter rot\"},{\"@type\":\"BreadcrumbList\",\"@id\":\"https:\\\/\\\/poterie-de-crestet.com\\\/de\\\/keramik\\\/porte-ustensile-nyons-rouge\\\/#breadcrumb\",\"itemListElement\":[{\"@type\":\"ListItem\",\"position\":1,\"name\":\"Accueil\",\"item\":\"https:\\\/\\\/poterie-de-crestet.com\\\/de\\\/accueil\\\/\"},{\"@type\":\"ListItem\",\"position\":2,\"name\":\"Boutique\",\"item\":\"https:\\\/\\\/poterie-de-crestet.com\\\/ceramiques\\\/\"},{\"@type\":\"ListItem\",\"position\":3,\"name\":\"Besteckhalter Nyons Red\"}]},{\"@type\":\"WebSite\",\"@id\":\"https:\\\/\\\/poterie-de-crestet.com\\\/de\\\/#website\",\"url\":\"https:\\\/\\\/poterie-de-crestet.com\\\/de\\\/\",\"name\":\"Poterie de Crestet\",\"description\":\"Des milliers de poteries inpir\u00e9es de la Provence\",\"publisher\":{\"@id\":\"https:\\\/\\\/poterie-de-crestet.com\\\/de\\\/#organization\"},\"potentialAction\":[{\"@type\":\"SearchAction\",\"target\":{\"@type\":\"EntryPoint\",\"urlTemplate\":\"https:\\\/\\\/poterie-de-crestet.com\\\/de\\\/?s={search_term_string}\"},\"query-input\":{\"@type\":\"PropertyValueSpecification\",\"valueRequired\":true,\"valueName\":\"search_term_string\"}}],\"inLanguage\":\"de\"},{\"@type\":\"Organization\",\"@id\":\"https:\\\/\\\/poterie-de-crestet.com\\\/de\\\/#organization\",\"name\":\"Poterie de Crestet\",\"url\":\"https:\\\/\\\/poterie-de-crestet.com\\\/de\\\/\",\"logo\":{\"@type\":\"ImageObject\",\"inLanguage\":\"de\",\"@id\":\"https:\\\/\\\/poterie-de-crestet.com\\\/de\\\/#\\\/schema\\\/logo\\\/image\\\/\",\"url\":\"https:\\\/\\\/i0.wp.com\\\/poterie-de-crestet.com\\\/wp-content\\\/uploads\\\/2025\\\/03\\\/Propo-4.png?fit=1000%2C462&ssl=1\",\"contentUrl\":\"https:\\\/\\\/i0.wp.com\\\/poterie-de-crestet.com\\\/wp-content\\\/uploads\\\/2025\\\/03\\\/Propo-4.png?fit=1000%2C462&ssl=1\",\"width\":1000,\"height\":462,\"caption\":\"Poterie de Crestet\"},\"image\":{\"@id\":\"https:\\\/\\\/poterie-de-crestet.com\\\/de\\\/#\\\/schema\\\/logo\\\/image\\\/\"}}]}<\/script>\n<!-- \/ Yoast SEO plugin. -->","yoast_head_json":{"title":"Besteckhalter Nyons Red - Poterie de Crestet","description":"Nyons roter Besteckhalter: provenzalische Atmosph\u00e4re und W\u00e4rme in der K\u00fcche. Praktische Keramikaufbewahrung, ideal f\u00fcr den t\u00e4glichen Gebrauch.","robots":{"index":"index","follow":"follow","max-snippet":"max-snippet:-1","max-image-preview":"max-image-preview:large","max-video-preview":"max-video-preview:-1"},"canonical":"https:\/\/poterie-de-crestet.com\/de\/keramik\/porte-ustensile-nyons-rouge\/","og_locale":"de_DE","og_type":"article","og_title":"Besteckhalter Nyons Red - Poterie de Crestet","og_description":"Nyons roter Besteckhalter: provenzalische Atmosph\u00e4re und W\u00e4rme in der K\u00fcche. Praktische Keramikaufbewahrung, ideal f\u00fcr den t\u00e4glichen Gebrauch.","og_url":"https:\/\/poterie-de-crestet.com\/de\/keramik\/porte-ustensile-nyons-rouge\/","og_site_name":"Poterie de Crestet","og_image":[{"width":458,"height":458,"url":"https:\/\/i0.wp.com\/poterie-de-crestet.com\/wp-content\/uploads\/2025\/04\/ustensile-nyons-rouge.jpg?fit=458%2C458&ssl=1","type":"image\/jpeg"}],"twitter_card":"summary_large_image","twitter_misc":{"Gesch\u00e4tzte Lesezeit":"1\u00a0Minute"},"schema":{"@context":"https:\/\/schema.org","@graph":[{"@type":"WebPage","@id":"https:\/\/poterie-de-crestet.com\/de\/keramik\/porte-ustensile-nyons-rouge\/","url":"https:\/\/poterie-de-crestet.com\/de\/keramik\/porte-ustensile-nyons-rouge\/","name":"Besteckhalter Nyons Red - Poterie de Crestet","isPartOf":{"@id":"https:\/\/poterie-de-crestet.com\/de\/#website"},"primaryImageOfPage":{"@id":"https:\/\/poterie-de-crestet.com\/de\/keramik\/porte-ustensile-nyons-rouge\/#primaryimage"},"image":{"@id":"https:\/\/poterie-de-crestet.com\/de\/keramik\/porte-ustensile-nyons-rouge\/#primaryimage"},"thumbnailUrl":"https:\/\/i0.wp.com\/poterie-de-crestet.com\/wp-content\/uploads\/2025\/04\/ustensile-nyons-rouge.jpg?fit=458%2C458&ssl=1","datePublished":"2025-04-11T10:14:04+00:00","description":"Nyons roter Besteckhalter: provenzalische Atmosph\u00e4re und W\u00e4rme in der K\u00fcche. Praktische Keramikaufbewahrung, ideal f\u00fcr den t\u00e4glichen Gebrauch.","breadcrumb":{"@id":"https:\/\/poterie-de-crestet.com\/de\/keramik\/porte-ustensile-nyons-rouge\/#breadcrumb"},"inLanguage":"de","potentialAction":[{"@type":"ReadAction","target":["https:\/\/poterie-de-crestet.com\/de\/keramik\/porte-ustensile-nyons-rouge\/"]}]},{"@type":"ImageObject","inLanguage":"de","@id":"https:\/\/poterie-de-crestet.com\/de\/keramik\/porte-ustensile-nyons-rouge\/#primaryimage","url":"https:\/\/i0.wp.com\/poterie-de-crestet.com\/wp-content\/uploads\/2025\/04\/ustensile-nyons-rouge.jpg?fit=458%2C458&ssl=1","contentUrl":"https:\/\/i0.wp.com\/poterie-de-crestet.com\/wp-content\/uploads\/2025\/04\/ustensile-nyons-rouge.jpg?fit=458%2C458&ssl=1","width":458,"height":458,"caption":"Nyons Besteckhalter rot"},{"@type":"BreadcrumbList","@id":"https:\/\/poterie-de-crestet.com\/de\/keramik\/porte-ustensile-nyons-rouge\/#breadcrumb","itemListElement":[{"@type":"ListItem","position":1,"name":"Accueil","item":"https:\/\/poterie-de-crestet.com\/de\/accueil\/"},{"@type":"ListItem","position":2,"name":"Boutique","item":"https:\/\/poterie-de-crestet.com\/ceramiques\/"},{"@type":"ListItem","position":3,"name":"Besteckhalter Nyons Red"}]},{"@type":"WebSite","@id":"https:\/\/poterie-de-crestet.com\/de\/#website","url":"https:\/\/poterie-de-crestet.com\/de\/","name":"Poterie de Crestet","description":"Des milliers de poteries inpir\u00e9es de la Provence","publisher":{"@id":"https:\/\/poterie-de-crestet.com\/de\/#organization"},"potentialAction":[{"@type":"SearchAction","target":{"@type":"EntryPoint","urlTemplate":"https:\/\/poterie-de-crestet.com\/de\/?s={search_term_string}"},"query-input":{"@type":"PropertyValueSpecification","valueRequired":true,"valueName":"search_term_string"}}],"inLanguage":"de"},{"@type":"Organization","@id":"https:\/\/poterie-de-crestet.com\/de\/#organization","name":"Poterie de Crestet","url":"https:\/\/poterie-de-crestet.com\/de\/","logo":{"@type":"ImageObject","inLanguage":"de","@id":"https:\/\/poterie-de-crestet.com\/de\/#\/schema\/logo\/image\/","url":"https:\/\/i0.wp.com\/poterie-de-crestet.com\/wp-content\/uploads\/2025\/03\/Propo-4.png?fit=1000%2C462&ssl=1","contentUrl":"https:\/\/i0.wp.com\/poterie-de-crestet.com\/wp-content\/uploads\/2025\/03\/Propo-4.png?fit=1000%2C462&ssl=1","width":1000,"height":462,"caption":"Poterie de Crestet"},"image":{"@id":"https:\/\/poterie-de-crestet.com\/de\/#\/schema\/logo\/image\/"}}]}},"jetpack_sharing_enabled":true,"_links":{"self":[{"href":"https:\/\/poterie-de-crestet.com\/de\/wp-json\/wp\/v2\/product\/22738","targetHints":{"allow":["GET"]}}],"collection":[{"href":"https:\/\/poterie-de-crestet.com\/de\/wp-json\/wp\/v2\/product"}],"about":[{"href":"https:\/\/poterie-de-crestet.com\/de\/wp-json\/wp\/v2\/types\/product"}],"replies":[{"embeddable":true,"href":"https:\/\/poterie-de-crestet.com\/de\/wp-json\/wp\/v2\/comments?post=22738"}],"version-history":[{"count":0,"href":"https:\/\/poterie-de-crestet.com\/de\/wp-json\/wp\/v2\/product\/22738\/revisions"}],"wp:featuredmedia":[{"embeddable":true,"href":"https:\/\/poterie-de-crestet.com\/de\/wp-json\/wp\/v2\/media\/8608"}],"wp:attachment":[{"href":"https:\/\/poterie-de-crestet.com\/de\/wp-json\/wp\/v2\/media?parent=22738"}],"wp:term":[{"taxonomy":"product_brand","embeddable":true,"href":"https:\/\/poterie-de-crestet.com\/de\/wp-json\/wp\/v2\/product_brand?post=22738"},{"taxonomy":"product_cat","embeddable":true,"href":"https:\/\/poterie-de-crestet.com\/de\/wp-json\/wp\/v2\/product_cat?post=22738"},{"taxonomy":"product_tag","embeddable":true,"href":"https:\/\/poterie-de-crestet.com\/de\/wp-json\/wp\/v2\/product_tag?post=22738"}],"curies":[{"name":"wp","href":"https:\/\/api.w.org\/{rel}","templated":true}]}}