{"id":22737,"date":"2025-04-11T12:14:05","date_gmt":"2025-04-11T10:14:05","guid":{"rendered":"https:\/\/poterie-de-crestet.com\/ceramiques\/porte-ustensile-bleu\/"},"modified":"2025-04-11T12:14:05","modified_gmt":"2025-04-11T10:14:05","slug":"porte-ustensile-bleu","status":"publish","type":"product","link":"https:\/\/poterie-de-crestet.com\/de\/keramik\/porte-ustensile-bleu\/","title":{"rendered":"Besteckhalter  <h5>Blau<\/h5>"},"content":{"rendered":"<p data-start=\"432\" data-end=\"792\">Der blaue dekorative Besteckhalter ist ein Muss f\u00fcr jede gut organisierte K\u00fcche. Er passt problemlos auf Ihre Schneebesen, Holzl\u00f6ffel, Pfannenwender oder K\u00f6ffel und verleiht Ihrer Arbeitsplatte eine elegante Note. Sein zylindrisches und stabiles Format erm\u00f6glicht es, ihn griffbereit zu halten, ohne zu viel Platz einzunehmen.  <\/p>\n<p data-start=\"794\" data-end=\"1068\">Die intensive und leicht nuancierte Blau-Dekoration ist handgemalt mit handwerklichen Techniken. Er kann daher leichte Variationen haben, was zu seinem Charme beitr\u00e4gt. Seine gl\u00e4nzende Oberfl\u00e4che und Robustheit machen ihn sowohl zu einem Alltagsobjekt als auch zu einem dekorativen Element.  <\/p>\n<p data-start=\"1070\" data-end=\"1289\">Leicht zu reinigen, sp\u00fclmaschinenfest und wie alle Produkte in der Kollektion ist es lebensmittelkonform. Du kannst es auch als kleine Vase oder Bestecktopf auf einem Au\u00dfentisch verwenden. <\/p>\n<p data-start=\"1291\" data-end=\"1474\">Kombinieren Sie es mit der <a class=\"\" href=\"https:\/\/poterie-de-crestet.com\/de\/keramik\/oelflasche-1-l-blau\/\" rel=\"noopener\" data-start=\"1308\" data-end=\"1335\">Blue Oil Bottle<\/a> f\u00fcr eine sch\u00f6ne Harmonie neben dem Herd oder mit einer <a class=\"\" href=\"https:\/\/poterie-de-crestet.com\/de\/keramik\/salt-hand-blue-drops\/\" rel=\"noopener\" data-start=\"1414\" data-end=\"1444\">Blue Drops Salt Hand<\/a> f\u00fcr herzhafte Zubereitungen.<\/p>\n","protected":false},"excerpt":{"rendered":"<p>Bequeme Aufbewahrung f\u00fcr L\u00f6ffel, Schneebesen und Pfannenwender. Dieser Keramikbesteckhalter ist handgemalt in einem tiefen Blau. Sie findet leicht ihren Platz in der N\u00e4he des Herdes.  <br data-start=\"393\" data-end=\"396\"><strong data-start=\"396\" data-end=\"430\"><em data-start=\"398\" data-end=\"428\">Ma\u00dfe: 12 \u00d7 12 \u00d7 15 cm<\/em><\/strong><\/p>\n","protected":false},"featured_media":8600,"comment_status":"open","ping_status":"closed","template":"","meta":[],"product_brand":[],"product_cat":[359],"product_tag":[203],"class_list":{"0":"post-22737","1":"product","2":"type-product","3":"status-publish","4":"has-post-thumbnail","6":"product_cat-besteckhalter","7":"product_tag-blau","9":"first","10":"instock","11":"taxable","12":"shipping-taxable","13":"purchasable","14":"product-type-simple"},"yoast_head":"<!-- This site is optimized with the Yoast SEO plugin v27.5 - https:\/\/yoast.com\/product\/yoast-seo-wordpress\/ -->\n<title>Besteckhalter Blau - Poterie de Crestet<\/title>\n<meta name=\"description\" content=\"Ein blauer Keramikbesteckhalter, praktisch und dekorativ. Einfache Aufbewahrung Ihrer K\u00fcchenutensilien. Handbemalt, schnell verschickt.\" \/>\n<meta name=\"robots\" content=\"index, follow, max-snippet:-1, max-image-preview:large, max-video-preview:-1\" \/>\n<link rel=\"canonical\" href=\"https:\/\/poterie-de-crestet.com\/de\/keramik\/porte-ustensile-bleu\/\" \/>\n<meta property=\"og:locale\" content=\"de_DE\" \/>\n<meta property=\"og:type\" content=\"article\" \/>\n<meta property=\"og:title\" content=\"Besteckhalter Blau - Poterie de Crestet\" \/>\n<meta property=\"og:description\" content=\"Ein blauer Keramikbesteckhalter, praktisch und dekorativ. Einfache Aufbewahrung Ihrer K\u00fcchenutensilien. Handbemalt, schnell verschickt.\" \/>\n<meta property=\"og:url\" content=\"https:\/\/poterie-de-crestet.com\/de\/keramik\/porte-ustensile-bleu\/\" \/>\n<meta property=\"og:site_name\" content=\"Poterie de Crestet\" \/>\n<meta property=\"og:image\" content=\"https:\/\/i0.wp.com\/poterie-de-crestet.com\/wp-content\/uploads\/2025\/04\/ustensile-bleu.jpg?fit=458%2C458&ssl=1\" \/>\n\t<meta property=\"og:image:width\" content=\"458\" \/>\n\t<meta property=\"og:image:height\" content=\"458\" \/>\n\t<meta property=\"og:image:type\" content=\"image\/jpeg\" \/>\n<meta name=\"twitter:card\" content=\"summary_large_image\" \/>\n<meta name=\"twitter:label1\" content=\"Gesch\u00e4tzte Lesezeit\" \/>\n\t<meta name=\"twitter:data1\" content=\"1\u00a0Minute\" \/>\n<script type=\"application\/ld+json\" class=\"yoast-schema-graph\">{\"@context\":\"https:\\\/\\\/schema.org\",\"@graph\":[{\"@type\":\"WebPage\",\"@id\":\"https:\\\/\\\/poterie-de-crestet.com\\\/de\\\/keramik\\\/porte-ustensile-bleu\\\/\",\"url\":\"https:\\\/\\\/poterie-de-crestet.com\\\/de\\\/keramik\\\/porte-ustensile-bleu\\\/\",\"name\":\"Besteckhalter Blau - Poterie de Crestet\",\"isPartOf\":{\"@id\":\"https:\\\/\\\/poterie-de-crestet.com\\\/de\\\/#website\"},\"primaryImageOfPage\":{\"@id\":\"https:\\\/\\\/poterie-de-crestet.com\\\/de\\\/keramik\\\/porte-ustensile-bleu\\\/#primaryimage\"},\"image\":{\"@id\":\"https:\\\/\\\/poterie-de-crestet.com\\\/de\\\/keramik\\\/porte-ustensile-bleu\\\/#primaryimage\"},\"thumbnailUrl\":\"https:\\\/\\\/i0.wp.com\\\/poterie-de-crestet.com\\\/wp-content\\\/uploads\\\/2025\\\/04\\\/ustensile-bleu.jpg?fit=458%2C458&ssl=1\",\"datePublished\":\"2025-04-11T10:14:05+00:00\",\"description\":\"Ein blauer Keramikbesteckhalter, praktisch und dekorativ. Einfache Aufbewahrung Ihrer K\u00fcchenutensilien. Handbemalt, schnell verschickt.\",\"breadcrumb\":{\"@id\":\"https:\\\/\\\/poterie-de-crestet.com\\\/de\\\/keramik\\\/porte-ustensile-bleu\\\/#breadcrumb\"},\"inLanguage\":\"de\",\"potentialAction\":[{\"@type\":\"ReadAction\",\"target\":[\"https:\\\/\\\/poterie-de-crestet.com\\\/de\\\/keramik\\\/porte-ustensile-bleu\\\/\"]}]},{\"@type\":\"ImageObject\",\"inLanguage\":\"de\",\"@id\":\"https:\\\/\\\/poterie-de-crestet.com\\\/de\\\/keramik\\\/porte-ustensile-bleu\\\/#primaryimage\",\"url\":\"https:\\\/\\\/i0.wp.com\\\/poterie-de-crestet.com\\\/wp-content\\\/uploads\\\/2025\\\/04\\\/ustensile-bleu.jpg?fit=458%2C458&ssl=1\",\"contentUrl\":\"https:\\\/\\\/i0.wp.com\\\/poterie-de-crestet.com\\\/wp-content\\\/uploads\\\/2025\\\/04\\\/ustensile-bleu.jpg?fit=458%2C458&ssl=1\",\"width\":458,\"height\":458,\"caption\":\"Halter f\u00fcr blaues Besteck\"},{\"@type\":\"BreadcrumbList\",\"@id\":\"https:\\\/\\\/poterie-de-crestet.com\\\/de\\\/keramik\\\/porte-ustensile-bleu\\\/#breadcrumb\",\"itemListElement\":[{\"@type\":\"ListItem\",\"position\":1,\"name\":\"Accueil\",\"item\":\"https:\\\/\\\/poterie-de-crestet.com\\\/de\\\/accueil\\\/\"},{\"@type\":\"ListItem\",\"position\":2,\"name\":\"Boutique\",\"item\":\"https:\\\/\\\/poterie-de-crestet.com\\\/ceramiques\\\/\"},{\"@type\":\"ListItem\",\"position\":3,\"name\":\"Besteckhalter Blau\"}]},{\"@type\":\"WebSite\",\"@id\":\"https:\\\/\\\/poterie-de-crestet.com\\\/de\\\/#website\",\"url\":\"https:\\\/\\\/poterie-de-crestet.com\\\/de\\\/\",\"name\":\"Poterie de Crestet\",\"description\":\"Des milliers de poteries inpir\u00e9es de la Provence\",\"publisher\":{\"@id\":\"https:\\\/\\\/poterie-de-crestet.com\\\/de\\\/#organization\"},\"potentialAction\":[{\"@type\":\"SearchAction\",\"target\":{\"@type\":\"EntryPoint\",\"urlTemplate\":\"https:\\\/\\\/poterie-de-crestet.com\\\/de\\\/?s={search_term_string}\"},\"query-input\":{\"@type\":\"PropertyValueSpecification\",\"valueRequired\":true,\"valueName\":\"search_term_string\"}}],\"inLanguage\":\"de\"},{\"@type\":\"Organization\",\"@id\":\"https:\\\/\\\/poterie-de-crestet.com\\\/de\\\/#organization\",\"name\":\"Poterie de Crestet\",\"url\":\"https:\\\/\\\/poterie-de-crestet.com\\\/de\\\/\",\"logo\":{\"@type\":\"ImageObject\",\"inLanguage\":\"de\",\"@id\":\"https:\\\/\\\/poterie-de-crestet.com\\\/de\\\/#\\\/schema\\\/logo\\\/image\\\/\",\"url\":\"https:\\\/\\\/i0.wp.com\\\/poterie-de-crestet.com\\\/wp-content\\\/uploads\\\/2025\\\/03\\\/Propo-4.png?fit=1000%2C462&ssl=1\",\"contentUrl\":\"https:\\\/\\\/i0.wp.com\\\/poterie-de-crestet.com\\\/wp-content\\\/uploads\\\/2025\\\/03\\\/Propo-4.png?fit=1000%2C462&ssl=1\",\"width\":1000,\"height\":462,\"caption\":\"Poterie de Crestet\"},\"image\":{\"@id\":\"https:\\\/\\\/poterie-de-crestet.com\\\/de\\\/#\\\/schema\\\/logo\\\/image\\\/\"}}]}<\/script>\n<!-- \/ Yoast SEO plugin. -->","yoast_head_json":{"title":"Besteckhalter Blau - Poterie de Crestet","description":"Ein blauer Keramikbesteckhalter, praktisch und dekorativ. Einfache Aufbewahrung Ihrer K\u00fcchenutensilien. Handbemalt, schnell verschickt.","robots":{"index":"index","follow":"follow","max-snippet":"max-snippet:-1","max-image-preview":"max-image-preview:large","max-video-preview":"max-video-preview:-1"},"canonical":"https:\/\/poterie-de-crestet.com\/de\/keramik\/porte-ustensile-bleu\/","og_locale":"de_DE","og_type":"article","og_title":"Besteckhalter Blau - Poterie de Crestet","og_description":"Ein blauer Keramikbesteckhalter, praktisch und dekorativ. Einfache Aufbewahrung Ihrer K\u00fcchenutensilien. Handbemalt, schnell verschickt.","og_url":"https:\/\/poterie-de-crestet.com\/de\/keramik\/porte-ustensile-bleu\/","og_site_name":"Poterie de Crestet","og_image":[{"width":458,"height":458,"url":"https:\/\/i0.wp.com\/poterie-de-crestet.com\/wp-content\/uploads\/2025\/04\/ustensile-bleu.jpg?fit=458%2C458&ssl=1","type":"image\/jpeg"}],"twitter_card":"summary_large_image","twitter_misc":{"Gesch\u00e4tzte Lesezeit":"1\u00a0Minute"},"schema":{"@context":"https:\/\/schema.org","@graph":[{"@type":"WebPage","@id":"https:\/\/poterie-de-crestet.com\/de\/keramik\/porte-ustensile-bleu\/","url":"https:\/\/poterie-de-crestet.com\/de\/keramik\/porte-ustensile-bleu\/","name":"Besteckhalter Blau - Poterie de Crestet","isPartOf":{"@id":"https:\/\/poterie-de-crestet.com\/de\/#website"},"primaryImageOfPage":{"@id":"https:\/\/poterie-de-crestet.com\/de\/keramik\/porte-ustensile-bleu\/#primaryimage"},"image":{"@id":"https:\/\/poterie-de-crestet.com\/de\/keramik\/porte-ustensile-bleu\/#primaryimage"},"thumbnailUrl":"https:\/\/i0.wp.com\/poterie-de-crestet.com\/wp-content\/uploads\/2025\/04\/ustensile-bleu.jpg?fit=458%2C458&ssl=1","datePublished":"2025-04-11T10:14:05+00:00","description":"Ein blauer Keramikbesteckhalter, praktisch und dekorativ. Einfache Aufbewahrung Ihrer K\u00fcchenutensilien. Handbemalt, schnell verschickt.","breadcrumb":{"@id":"https:\/\/poterie-de-crestet.com\/de\/keramik\/porte-ustensile-bleu\/#breadcrumb"},"inLanguage":"de","potentialAction":[{"@type":"ReadAction","target":["https:\/\/poterie-de-crestet.com\/de\/keramik\/porte-ustensile-bleu\/"]}]},{"@type":"ImageObject","inLanguage":"de","@id":"https:\/\/poterie-de-crestet.com\/de\/keramik\/porte-ustensile-bleu\/#primaryimage","url":"https:\/\/i0.wp.com\/poterie-de-crestet.com\/wp-content\/uploads\/2025\/04\/ustensile-bleu.jpg?fit=458%2C458&ssl=1","contentUrl":"https:\/\/i0.wp.com\/poterie-de-crestet.com\/wp-content\/uploads\/2025\/04\/ustensile-bleu.jpg?fit=458%2C458&ssl=1","width":458,"height":458,"caption":"Halter f\u00fcr blaues Besteck"},{"@type":"BreadcrumbList","@id":"https:\/\/poterie-de-crestet.com\/de\/keramik\/porte-ustensile-bleu\/#breadcrumb","itemListElement":[{"@type":"ListItem","position":1,"name":"Accueil","item":"https:\/\/poterie-de-crestet.com\/de\/accueil\/"},{"@type":"ListItem","position":2,"name":"Boutique","item":"https:\/\/poterie-de-crestet.com\/ceramiques\/"},{"@type":"ListItem","position":3,"name":"Besteckhalter Blau"}]},{"@type":"WebSite","@id":"https:\/\/poterie-de-crestet.com\/de\/#website","url":"https:\/\/poterie-de-crestet.com\/de\/","name":"Poterie de Crestet","description":"Des milliers de poteries inpir\u00e9es de la Provence","publisher":{"@id":"https:\/\/poterie-de-crestet.com\/de\/#organization"},"potentialAction":[{"@type":"SearchAction","target":{"@type":"EntryPoint","urlTemplate":"https:\/\/poterie-de-crestet.com\/de\/?s={search_term_string}"},"query-input":{"@type":"PropertyValueSpecification","valueRequired":true,"valueName":"search_term_string"}}],"inLanguage":"de"},{"@type":"Organization","@id":"https:\/\/poterie-de-crestet.com\/de\/#organization","name":"Poterie de Crestet","url":"https:\/\/poterie-de-crestet.com\/de\/","logo":{"@type":"ImageObject","inLanguage":"de","@id":"https:\/\/poterie-de-crestet.com\/de\/#\/schema\/logo\/image\/","url":"https:\/\/i0.wp.com\/poterie-de-crestet.com\/wp-content\/uploads\/2025\/03\/Propo-4.png?fit=1000%2C462&ssl=1","contentUrl":"https:\/\/i0.wp.com\/poterie-de-crestet.com\/wp-content\/uploads\/2025\/03\/Propo-4.png?fit=1000%2C462&ssl=1","width":1000,"height":462,"caption":"Poterie de Crestet"},"image":{"@id":"https:\/\/poterie-de-crestet.com\/de\/#\/schema\/logo\/image\/"}}]}},"jetpack_sharing_enabled":true,"_links":{"self":[{"href":"https:\/\/poterie-de-crestet.com\/de\/wp-json\/wp\/v2\/product\/22737","targetHints":{"allow":["GET"]}}],"collection":[{"href":"https:\/\/poterie-de-crestet.com\/de\/wp-json\/wp\/v2\/product"}],"about":[{"href":"https:\/\/poterie-de-crestet.com\/de\/wp-json\/wp\/v2\/types\/product"}],"replies":[{"embeddable":true,"href":"https:\/\/poterie-de-crestet.com\/de\/wp-json\/wp\/v2\/comments?post=22737"}],"version-history":[{"count":0,"href":"https:\/\/poterie-de-crestet.com\/de\/wp-json\/wp\/v2\/product\/22737\/revisions"}],"wp:featuredmedia":[{"embeddable":true,"href":"https:\/\/poterie-de-crestet.com\/de\/wp-json\/wp\/v2\/media\/8600"}],"wp:attachment":[{"href":"https:\/\/poterie-de-crestet.com\/de\/wp-json\/wp\/v2\/media?parent=22737"}],"wp:term":[{"taxonomy":"product_brand","embeddable":true,"href":"https:\/\/poterie-de-crestet.com\/de\/wp-json\/wp\/v2\/product_brand?post=22737"},{"taxonomy":"product_cat","embeddable":true,"href":"https:\/\/poterie-de-crestet.com\/de\/wp-json\/wp\/v2\/product_cat?post=22737"},{"taxonomy":"product_tag","embeddable":true,"href":"https:\/\/poterie-de-crestet.com\/de\/wp-json\/wp\/v2\/product_tag?post=22737"}],"curies":[{"name":"wp","href":"https:\/\/api.w.org\/{rel}","templated":true}]}}