{"id":22730,"date":"2025-04-11T12:14:04","date_gmt":"2025-04-11T10:14:04","guid":{"rendered":"https:\/\/poterie-de-crestet.com\/ceramiques\/porte-ustensile-gouttes-colorees\/"},"modified":"2025-04-11T12:14:04","modified_gmt":"2025-04-11T10:14:04","slug":"porte-ustensile-gouttes-colorees","status":"publish","type":"product","link":"https:\/\/poterie-de-crestet.com\/de\/keramik\/porte-ustensile-gouttes-colorees\/","title":{"rendered":"Besteckhalter  <h5>Farbige Tropfen<\/h5>"},"content":{"rendered":"<p data-start=\"1685\" data-end=\"2009\">Die Dekoration der Gouttes Color\u00e9es ist ein echter Sonnenstrahl in der K\u00fcche. Jedes Muster wird von Hand aufgetragen, mit leuchtenden Farben, die die Arbeitsplatte zum Leben erwecken. Dieser Besteckhalter bietet bequeme Aufbewahrung von L\u00f6ffeln, Schneebesen, Zangen und anderen Werkzeugen, die wir gerne griffbereit haben.  <\/p>\n<p data-start=\"2011\" data-end=\"2236\">Die breite Basis und die hohe Form sorgen f\u00fcr gute Stabilit\u00e4t, selbst wenn sie gut gef\u00fcllt ist. Er ist sp\u00fclmaschinenfest und w\u00e4rmebest\u00e4ndig in der Mikrowelle. Wie immer entspricht die Produktion den Lebensmittelnormen.  <\/p>\n<p data-start=\"2238\" data-end=\"2488\">Dieser Topf kann auch zu einer Vase f\u00fcr einen Landstrau\u00df oder einen originalen Pflanzgef\u00e4\u00df verarbeitet werden.<br data-start=\"2329\" data-end=\"2332\">Kombinieren Sie es mit einer <a class=\"\" href=\"https:\/\/poterie-de-crestet.com\/de\/keramik\/butterschale-farbige-tropfen\/\" rel=\"noopener\" data-start=\"2349\" data-end=\"2379\">Butterschale mit Coloured Drops<\/a> f\u00fcr eine abgestimmte Note oder mischen Sie sie mit einer <a class=\"\" href=\"https:\/\/poterie-de-crestet.com\/de\/keramik\/kaffeetasse-zitrone\/\" rel=\"noopener\" data-start=\"2428\" data-end=\"2452\">Zitronen-Kaffeetasse<\/a> f\u00fcr eine energiegeladene Atmosph\u00e4re.<\/p>\n","protected":false},"excerpt":{"rendered":"<p>Ein Konzentrat guten Humors in einem Allround-Topf. Die Dekoration der Gouttes color\u00e9es belebt den K\u00fcchenbereich. Perfekt f\u00fcr deine Alltagsl\u00f6ffel und Pfannenwender.  <br data-start=\"1646\" data-end=\"1649\"><strong data-start=\"1649\" data-end=\"1683\"><em data-start=\"1651\" data-end=\"1681\">Ma\u00dfe: 12 \u00d7 12 \u00d7 15 cm<\/em><\/strong><\/p>\n","protected":false},"featured_media":8588,"comment_status":"open","ping_status":"closed","template":"","meta":[],"product_brand":[],"product_cat":[359],"product_tag":[325],"class_list":{"0":"post-22730","1":"product","2":"type-product","3":"status-publish","4":"has-post-thumbnail","6":"product_cat-besteckhalter","7":"product_tag-farbige-tropfen","9":"first","10":"instock","11":"taxable","12":"shipping-taxable","13":"purchasable","14":"product-type-simple"},"yoast_head":"<!-- This site is optimized with the Yoast SEO plugin v27.5 - https:\/\/yoast.com\/product\/yoast-seo-wordpress\/ -->\n<title>Besteckhalter Farbige Tropfen - Poterie de Crestet<\/title>\n<meta name=\"description\" content=\"Dieser bunte Besteckhalter hellt die Arbeitsplatte auf. Bequeme Aufbewahrung f\u00fcr K\u00fcchenzubeh\u00f6r. Handbemalt, langlebige Keramik.\" \/>\n<meta name=\"robots\" content=\"index, follow, max-snippet:-1, max-image-preview:large, max-video-preview:-1\" \/>\n<link rel=\"canonical\" href=\"https:\/\/poterie-de-crestet.com\/de\/keramik\/porte-ustensile-gouttes-colorees\/\" \/>\n<meta property=\"og:locale\" content=\"de_DE\" \/>\n<meta property=\"og:type\" content=\"article\" \/>\n<meta property=\"og:title\" content=\"Besteckhalter Farbige Tropfen - Poterie de Crestet\" \/>\n<meta property=\"og:description\" content=\"Dieser bunte Besteckhalter hellt die Arbeitsplatte auf. Bequeme Aufbewahrung f\u00fcr K\u00fcchenzubeh\u00f6r. Handbemalt, langlebige Keramik.\" \/>\n<meta property=\"og:url\" content=\"https:\/\/poterie-de-crestet.com\/de\/keramik\/porte-ustensile-gouttes-colorees\/\" \/>\n<meta property=\"og:site_name\" content=\"Poterie de Crestet\" \/>\n<meta property=\"og:image\" content=\"https:\/\/i0.wp.com\/poterie-de-crestet.com\/wp-content\/uploads\/2025\/04\/Poterie-du-Crestet0788-e1748528607379.jpg?fit=800%2C532&ssl=1\" \/>\n\t<meta property=\"og:image:width\" content=\"800\" \/>\n\t<meta property=\"og:image:height\" content=\"532\" \/>\n\t<meta property=\"og:image:type\" content=\"image\/jpeg\" \/>\n<meta name=\"twitter:card\" content=\"summary_large_image\" \/>\n<meta name=\"twitter:label1\" content=\"Gesch\u00e4tzte Lesezeit\" \/>\n\t<meta name=\"twitter:data1\" content=\"1\u00a0Minute\" \/>\n<script type=\"application\/ld+json\" class=\"yoast-schema-graph\">{\"@context\":\"https:\\\/\\\/schema.org\",\"@graph\":[{\"@type\":\"WebPage\",\"@id\":\"https:\\\/\\\/poterie-de-crestet.com\\\/de\\\/keramik\\\/porte-ustensile-gouttes-colorees\\\/\",\"url\":\"https:\\\/\\\/poterie-de-crestet.com\\\/de\\\/keramik\\\/porte-ustensile-gouttes-colorees\\\/\",\"name\":\"Besteckhalter Farbige Tropfen - Poterie de Crestet\",\"isPartOf\":{\"@id\":\"https:\\\/\\\/poterie-de-crestet.com\\\/de\\\/#website\"},\"primaryImageOfPage\":{\"@id\":\"https:\\\/\\\/poterie-de-crestet.com\\\/de\\\/keramik\\\/porte-ustensile-gouttes-colorees\\\/#primaryimage\"},\"image\":{\"@id\":\"https:\\\/\\\/poterie-de-crestet.com\\\/de\\\/keramik\\\/porte-ustensile-gouttes-colorees\\\/#primaryimage\"},\"thumbnailUrl\":\"https:\\\/\\\/i0.wp.com\\\/poterie-de-crestet.com\\\/wp-content\\\/uploads\\\/2025\\\/04\\\/Poterie-du-Crestet0788-e1748528607379.jpg?fit=800%2C532&ssl=1\",\"datePublished\":\"2025-04-11T10:14:04+00:00\",\"description\":\"Dieser bunte Besteckhalter hellt die Arbeitsplatte auf. Bequeme Aufbewahrung f\u00fcr K\u00fcchenzubeh\u00f6r. Handbemalt, langlebige Keramik.\",\"breadcrumb\":{\"@id\":\"https:\\\/\\\/poterie-de-crestet.com\\\/de\\\/keramik\\\/porte-ustensile-gouttes-colorees\\\/#breadcrumb\"},\"inLanguage\":\"de\",\"potentialAction\":[{\"@type\":\"ReadAction\",\"target\":[\"https:\\\/\\\/poterie-de-crestet.com\\\/de\\\/keramik\\\/porte-ustensile-gouttes-colorees\\\/\"]}]},{\"@type\":\"ImageObject\",\"inLanguage\":\"de\",\"@id\":\"https:\\\/\\\/poterie-de-crestet.com\\\/de\\\/keramik\\\/porte-ustensile-gouttes-colorees\\\/#primaryimage\",\"url\":\"https:\\\/\\\/i0.wp.com\\\/poterie-de-crestet.com\\\/wp-content\\\/uploads\\\/2025\\\/04\\\/Poterie-du-Crestet0788-e1748528607379.jpg?fit=800%2C532&ssl=1\",\"contentUrl\":\"https:\\\/\\\/i0.wp.com\\\/poterie-de-crestet.com\\\/wp-content\\\/uploads\\\/2025\\\/04\\\/Poterie-du-Crestet0788-e1748528607379.jpg?fit=800%2C532&ssl=1\",\"width\":800,\"height\":532,\"caption\":\"mehrfarbiger Besteckhalter\"},{\"@type\":\"BreadcrumbList\",\"@id\":\"https:\\\/\\\/poterie-de-crestet.com\\\/de\\\/keramik\\\/porte-ustensile-gouttes-colorees\\\/#breadcrumb\",\"itemListElement\":[{\"@type\":\"ListItem\",\"position\":1,\"name\":\"Accueil\",\"item\":\"https:\\\/\\\/poterie-de-crestet.com\\\/de\\\/accueil\\\/\"},{\"@type\":\"ListItem\",\"position\":2,\"name\":\"Boutique\",\"item\":\"https:\\\/\\\/poterie-de-crestet.com\\\/ceramiques\\\/\"},{\"@type\":\"ListItem\",\"position\":3,\"name\":\"Besteckhalter Farbige Tropfen\"}]},{\"@type\":\"WebSite\",\"@id\":\"https:\\\/\\\/poterie-de-crestet.com\\\/de\\\/#website\",\"url\":\"https:\\\/\\\/poterie-de-crestet.com\\\/de\\\/\",\"name\":\"Poterie de Crestet\",\"description\":\"Des milliers de poteries inpir\u00e9es de la Provence\",\"publisher\":{\"@id\":\"https:\\\/\\\/poterie-de-crestet.com\\\/de\\\/#organization\"},\"potentialAction\":[{\"@type\":\"SearchAction\",\"target\":{\"@type\":\"EntryPoint\",\"urlTemplate\":\"https:\\\/\\\/poterie-de-crestet.com\\\/de\\\/?s={search_term_string}\"},\"query-input\":{\"@type\":\"PropertyValueSpecification\",\"valueRequired\":true,\"valueName\":\"search_term_string\"}}],\"inLanguage\":\"de\"},{\"@type\":\"Organization\",\"@id\":\"https:\\\/\\\/poterie-de-crestet.com\\\/de\\\/#organization\",\"name\":\"Poterie de Crestet\",\"url\":\"https:\\\/\\\/poterie-de-crestet.com\\\/de\\\/\",\"logo\":{\"@type\":\"ImageObject\",\"inLanguage\":\"de\",\"@id\":\"https:\\\/\\\/poterie-de-crestet.com\\\/de\\\/#\\\/schema\\\/logo\\\/image\\\/\",\"url\":\"https:\\\/\\\/i0.wp.com\\\/poterie-de-crestet.com\\\/wp-content\\\/uploads\\\/2025\\\/03\\\/Propo-4.png?fit=1000%2C462&ssl=1\",\"contentUrl\":\"https:\\\/\\\/i0.wp.com\\\/poterie-de-crestet.com\\\/wp-content\\\/uploads\\\/2025\\\/03\\\/Propo-4.png?fit=1000%2C462&ssl=1\",\"width\":1000,\"height\":462,\"caption\":\"Poterie de Crestet\"},\"image\":{\"@id\":\"https:\\\/\\\/poterie-de-crestet.com\\\/de\\\/#\\\/schema\\\/logo\\\/image\\\/\"}}]}<\/script>\n<!-- \/ Yoast SEO plugin. -->","yoast_head_json":{"title":"Besteckhalter Farbige Tropfen - Poterie de Crestet","description":"Dieser bunte Besteckhalter hellt die Arbeitsplatte auf. Bequeme Aufbewahrung f\u00fcr K\u00fcchenzubeh\u00f6r. Handbemalt, langlebige Keramik.","robots":{"index":"index","follow":"follow","max-snippet":"max-snippet:-1","max-image-preview":"max-image-preview:large","max-video-preview":"max-video-preview:-1"},"canonical":"https:\/\/poterie-de-crestet.com\/de\/keramik\/porte-ustensile-gouttes-colorees\/","og_locale":"de_DE","og_type":"article","og_title":"Besteckhalter Farbige Tropfen - Poterie de Crestet","og_description":"Dieser bunte Besteckhalter hellt die Arbeitsplatte auf. Bequeme Aufbewahrung f\u00fcr K\u00fcchenzubeh\u00f6r. Handbemalt, langlebige Keramik.","og_url":"https:\/\/poterie-de-crestet.com\/de\/keramik\/porte-ustensile-gouttes-colorees\/","og_site_name":"Poterie de Crestet","og_image":[{"width":800,"height":532,"url":"https:\/\/i0.wp.com\/poterie-de-crestet.com\/wp-content\/uploads\/2025\/04\/Poterie-du-Crestet0788-e1748528607379.jpg?fit=800%2C532&ssl=1","type":"image\/jpeg"}],"twitter_card":"summary_large_image","twitter_misc":{"Gesch\u00e4tzte Lesezeit":"1\u00a0Minute"},"schema":{"@context":"https:\/\/schema.org","@graph":[{"@type":"WebPage","@id":"https:\/\/poterie-de-crestet.com\/de\/keramik\/porte-ustensile-gouttes-colorees\/","url":"https:\/\/poterie-de-crestet.com\/de\/keramik\/porte-ustensile-gouttes-colorees\/","name":"Besteckhalter Farbige Tropfen - Poterie de Crestet","isPartOf":{"@id":"https:\/\/poterie-de-crestet.com\/de\/#website"},"primaryImageOfPage":{"@id":"https:\/\/poterie-de-crestet.com\/de\/keramik\/porte-ustensile-gouttes-colorees\/#primaryimage"},"image":{"@id":"https:\/\/poterie-de-crestet.com\/de\/keramik\/porte-ustensile-gouttes-colorees\/#primaryimage"},"thumbnailUrl":"https:\/\/i0.wp.com\/poterie-de-crestet.com\/wp-content\/uploads\/2025\/04\/Poterie-du-Crestet0788-e1748528607379.jpg?fit=800%2C532&ssl=1","datePublished":"2025-04-11T10:14:04+00:00","description":"Dieser bunte Besteckhalter hellt die Arbeitsplatte auf. Bequeme Aufbewahrung f\u00fcr K\u00fcchenzubeh\u00f6r. Handbemalt, langlebige Keramik.","breadcrumb":{"@id":"https:\/\/poterie-de-crestet.com\/de\/keramik\/porte-ustensile-gouttes-colorees\/#breadcrumb"},"inLanguage":"de","potentialAction":[{"@type":"ReadAction","target":["https:\/\/poterie-de-crestet.com\/de\/keramik\/porte-ustensile-gouttes-colorees\/"]}]},{"@type":"ImageObject","inLanguage":"de","@id":"https:\/\/poterie-de-crestet.com\/de\/keramik\/porte-ustensile-gouttes-colorees\/#primaryimage","url":"https:\/\/i0.wp.com\/poterie-de-crestet.com\/wp-content\/uploads\/2025\/04\/Poterie-du-Crestet0788-e1748528607379.jpg?fit=800%2C532&ssl=1","contentUrl":"https:\/\/i0.wp.com\/poterie-de-crestet.com\/wp-content\/uploads\/2025\/04\/Poterie-du-Crestet0788-e1748528607379.jpg?fit=800%2C532&ssl=1","width":800,"height":532,"caption":"mehrfarbiger Besteckhalter"},{"@type":"BreadcrumbList","@id":"https:\/\/poterie-de-crestet.com\/de\/keramik\/porte-ustensile-gouttes-colorees\/#breadcrumb","itemListElement":[{"@type":"ListItem","position":1,"name":"Accueil","item":"https:\/\/poterie-de-crestet.com\/de\/accueil\/"},{"@type":"ListItem","position":2,"name":"Boutique","item":"https:\/\/poterie-de-crestet.com\/ceramiques\/"},{"@type":"ListItem","position":3,"name":"Besteckhalter Farbige Tropfen"}]},{"@type":"WebSite","@id":"https:\/\/poterie-de-crestet.com\/de\/#website","url":"https:\/\/poterie-de-crestet.com\/de\/","name":"Poterie de Crestet","description":"Des milliers de poteries inpir\u00e9es de la Provence","publisher":{"@id":"https:\/\/poterie-de-crestet.com\/de\/#organization"},"potentialAction":[{"@type":"SearchAction","target":{"@type":"EntryPoint","urlTemplate":"https:\/\/poterie-de-crestet.com\/de\/?s={search_term_string}"},"query-input":{"@type":"PropertyValueSpecification","valueRequired":true,"valueName":"search_term_string"}}],"inLanguage":"de"},{"@type":"Organization","@id":"https:\/\/poterie-de-crestet.com\/de\/#organization","name":"Poterie de Crestet","url":"https:\/\/poterie-de-crestet.com\/de\/","logo":{"@type":"ImageObject","inLanguage":"de","@id":"https:\/\/poterie-de-crestet.com\/de\/#\/schema\/logo\/image\/","url":"https:\/\/i0.wp.com\/poterie-de-crestet.com\/wp-content\/uploads\/2025\/03\/Propo-4.png?fit=1000%2C462&ssl=1","contentUrl":"https:\/\/i0.wp.com\/poterie-de-crestet.com\/wp-content\/uploads\/2025\/03\/Propo-4.png?fit=1000%2C462&ssl=1","width":1000,"height":462,"caption":"Poterie de Crestet"},"image":{"@id":"https:\/\/poterie-de-crestet.com\/de\/#\/schema\/logo\/image\/"}}]}},"jetpack_sharing_enabled":true,"_links":{"self":[{"href":"https:\/\/poterie-de-crestet.com\/de\/wp-json\/wp\/v2\/product\/22730","targetHints":{"allow":["GET"]}}],"collection":[{"href":"https:\/\/poterie-de-crestet.com\/de\/wp-json\/wp\/v2\/product"}],"about":[{"href":"https:\/\/poterie-de-crestet.com\/de\/wp-json\/wp\/v2\/types\/product"}],"replies":[{"embeddable":true,"href":"https:\/\/poterie-de-crestet.com\/de\/wp-json\/wp\/v2\/comments?post=22730"}],"version-history":[{"count":0,"href":"https:\/\/poterie-de-crestet.com\/de\/wp-json\/wp\/v2\/product\/22730\/revisions"}],"wp:featuredmedia":[{"embeddable":true,"href":"https:\/\/poterie-de-crestet.com\/de\/wp-json\/wp\/v2\/media\/8588"}],"wp:attachment":[{"href":"https:\/\/poterie-de-crestet.com\/de\/wp-json\/wp\/v2\/media?parent=22730"}],"wp:term":[{"taxonomy":"product_brand","embeddable":true,"href":"https:\/\/poterie-de-crestet.com\/de\/wp-json\/wp\/v2\/product_brand?post=22730"},{"taxonomy":"product_cat","embeddable":true,"href":"https:\/\/poterie-de-crestet.com\/de\/wp-json\/wp\/v2\/product_cat?post=22730"},{"taxonomy":"product_tag","embeddable":true,"href":"https:\/\/poterie-de-crestet.com\/de\/wp-json\/wp\/v2\/product_tag?post=22730"}],"curies":[{"name":"wp","href":"https:\/\/api.w.org\/{rel}","templated":true}]}}