{"id":22721,"date":"2025-04-11T12:14:02","date_gmt":"2025-04-11T10:14:02","guid":{"rendered":"https:\/\/poterie-de-crestet.com\/ceramiques\/sac-patates-carre-rouge\/"},"modified":"2025-04-11T12:14:02","modified_gmt":"2025-04-11T10:14:02","slug":"sac-patates-carre-rouge","status":"publish","type":"product","link":"https:\/\/poterie-de-crestet.com\/de\/keramik\/sac-patates-carre-rouge\/","title":{"rendered":"Kartoffelt\u00fcte  <h5>Roter Platz<\/h5>"},"content":{"rendered":"<p data-start=\"2936\" data-end=\"3266\">Mit ihren leuchtend roten Akzenten und dem geometrischen Muster fehlt diese rote quadratische Kartoffelt\u00fcte nicht an Charakter. Die Form des keramischen Beutels h\u00e4lt die Kartoffeln vom Licht fern und sorgt dank der L\u00f6cher an der Basis f\u00fcr eine gute Bel\u00fcftung. Es ist so h\u00fcbsch wie praktisch.  <\/p>\n<p data-start=\"3268\" data-end=\"3456\">Der Deckel l\u00e4sst sich leicht entfernen und seine Kapazit\u00e4t ist perfekt f\u00fcr den Heimgebrauch. Handbemalt hat jedes Modell unterschiedliche Farbt\u00f6ne, was seine Einzigartigkeit unterstreicht. <\/p>\n<p data-start=\"3458\" data-end=\"3651\">Er passt sowohl an moderne K\u00fcchen als auch an w\u00e4rmere Atmosph\u00e4ren. Kombinieren Sie ihn mit der <a class=\"\" href=\"https:\/\/poterie-de-crestet.com\/de\/keramik\/salatschuessel-roter-platz\/\" rel=\"noopener\" data-start=\"3550\" data-end=\"3576\">Carr\u00e9 Rouge Salatsch\u00fcssel<\/a> oder schaffen Sie mit der <a class=\"\" href=\"https:\/\/poterie-de-crestet.com\/de\/keramik\/kaffeetasse-tropisch\/\" rel=\"noopener\" data-start=\"3624\" data-end=\"3650\">tropischen Kaffeetasse<\/a> eine mediterrane Atmosph\u00e4re. <\/p>\n","protected":false},"excerpt":{"rendered":"<p>Eine clevere Aufbewahrung f\u00fcr Kartoffeln, mit einer handgemalten roten quadratischen Dekoration. Bel\u00fcftet und fest bleibt es an seinem Platz. Ideal f\u00fcr farbenfrohe K\u00fcchen.  <br data-start=\"2893\" data-end=\"2896\"><strong data-start=\"2896\" data-end=\"2934\"><em data-start=\"2898\" data-end=\"2932\">Abmessungen: 28,9 \u00d7 19 \u00d7 33,5 cm<\/em><\/strong><\/p>\n","protected":false},"featured_media":8654,"comment_status":"open","ping_status":"closed","template":"","meta":[],"product_brand":[],"product_cat":[353],"product_tag":[200],"class_list":{"0":"post-22721","1":"product","2":"type-product","3":"status-publish","4":"has-post-thumbnail","6":"product_cat-kartoffeltute","7":"product_tag-roter-platz","9":"first","10":"instock","11":"taxable","12":"shipping-taxable","13":"purchasable","14":"product-type-simple"},"yoast_head":"<!-- This site is optimized with the Yoast SEO plugin v27.5 - https:\/\/yoast.com\/product\/yoast-seo-wordpress\/ -->\n<title>Kartoffelt\u00fcte Roter Platz - Poterie de Crestet<\/title>\n<meta name=\"description\" content=\"Roter Quadrat-Kartoffelbeutel. Luftige, waschbare Keramik, handgemalte Dekoration. Eine grafische und praktische Note f\u00fcr die K\u00fcche.\" \/>\n<meta name=\"robots\" content=\"index, follow, max-snippet:-1, max-image-preview:large, max-video-preview:-1\" \/>\n<link rel=\"canonical\" href=\"https:\/\/poterie-de-crestet.com\/de\/keramik\/sac-patates-carre-rouge\/\" \/>\n<meta property=\"og:locale\" content=\"de_DE\" \/>\n<meta property=\"og:type\" content=\"article\" \/>\n<meta property=\"og:title\" content=\"Kartoffelt\u00fcte Roter Platz - Poterie de Crestet\" \/>\n<meta property=\"og:description\" content=\"Roter Quadrat-Kartoffelbeutel. Luftige, waschbare Keramik, handgemalte Dekoration. Eine grafische und praktische Note f\u00fcr die K\u00fcche.\" \/>\n<meta property=\"og:url\" content=\"https:\/\/poterie-de-crestet.com\/de\/keramik\/sac-patates-carre-rouge\/\" \/>\n<meta property=\"og:site_name\" content=\"Poterie de Crestet\" \/>\n<meta property=\"og:image\" content=\"https:\/\/i0.wp.com\/poterie-de-crestet.com\/wp-content\/uploads\/2025\/04\/sac-a-patate-carre-rouge.jpg?fit=458%2C458&ssl=1\" \/>\n\t<meta property=\"og:image:width\" content=\"458\" \/>\n\t<meta property=\"og:image:height\" content=\"458\" \/>\n\t<meta property=\"og:image:type\" content=\"image\/jpeg\" \/>\n<meta name=\"twitter:card\" content=\"summary_large_image\" \/>\n<meta name=\"twitter:label1\" content=\"Gesch\u00e4tzte Lesezeit\" \/>\n\t<meta name=\"twitter:data1\" content=\"1\u00a0Minute\" \/>\n<script type=\"application\/ld+json\" class=\"yoast-schema-graph\">{\"@context\":\"https:\\\/\\\/schema.org\",\"@graph\":[{\"@type\":\"WebPage\",\"@id\":\"https:\\\/\\\/poterie-de-crestet.com\\\/de\\\/keramik\\\/sac-patates-carre-rouge\\\/\",\"url\":\"https:\\\/\\\/poterie-de-crestet.com\\\/de\\\/keramik\\\/sac-patates-carre-rouge\\\/\",\"name\":\"Kartoffelt\u00fcte Roter Platz - Poterie de Crestet\",\"isPartOf\":{\"@id\":\"https:\\\/\\\/poterie-de-crestet.com\\\/de\\\/#website\"},\"primaryImageOfPage\":{\"@id\":\"https:\\\/\\\/poterie-de-crestet.com\\\/de\\\/keramik\\\/sac-patates-carre-rouge\\\/#primaryimage\"},\"image\":{\"@id\":\"https:\\\/\\\/poterie-de-crestet.com\\\/de\\\/keramik\\\/sac-patates-carre-rouge\\\/#primaryimage\"},\"thumbnailUrl\":\"https:\\\/\\\/i0.wp.com\\\/poterie-de-crestet.com\\\/wp-content\\\/uploads\\\/2025\\\/04\\\/sac-a-patate-carre-rouge.jpg?fit=458%2C458&ssl=1\",\"datePublished\":\"2025-04-11T10:14:02+00:00\",\"description\":\"Roter Quadrat-Kartoffelbeutel. Luftige, waschbare Keramik, handgemalte Dekoration. Eine grafische und praktische Note f\u00fcr die K\u00fcche.\",\"breadcrumb\":{\"@id\":\"https:\\\/\\\/poterie-de-crestet.com\\\/de\\\/keramik\\\/sac-patates-carre-rouge\\\/#breadcrumb\"},\"inLanguage\":\"de\",\"potentialAction\":[{\"@type\":\"ReadAction\",\"target\":[\"https:\\\/\\\/poterie-de-crestet.com\\\/de\\\/keramik\\\/sac-patates-carre-rouge\\\/\"]}]},{\"@type\":\"ImageObject\",\"inLanguage\":\"de\",\"@id\":\"https:\\\/\\\/poterie-de-crestet.com\\\/de\\\/keramik\\\/sac-patates-carre-rouge\\\/#primaryimage\",\"url\":\"https:\\\/\\\/i0.wp.com\\\/poterie-de-crestet.com\\\/wp-content\\\/uploads\\\/2025\\\/04\\\/sac-a-patate-carre-rouge.jpg?fit=458%2C458&ssl=1\",\"contentUrl\":\"https:\\\/\\\/i0.wp.com\\\/poterie-de-crestet.com\\\/wp-content\\\/uploads\\\/2025\\\/04\\\/sac-a-patate-carre-rouge.jpg?fit=458%2C458&ssl=1\",\"width\":458,\"height\":458,\"caption\":\"Red Square Kartoffelt\u00fcte\"},{\"@type\":\"BreadcrumbList\",\"@id\":\"https:\\\/\\\/poterie-de-crestet.com\\\/de\\\/keramik\\\/sac-patates-carre-rouge\\\/#breadcrumb\",\"itemListElement\":[{\"@type\":\"ListItem\",\"position\":1,\"name\":\"Accueil\",\"item\":\"https:\\\/\\\/poterie-de-crestet.com\\\/de\\\/accueil\\\/\"},{\"@type\":\"ListItem\",\"position\":2,\"name\":\"Boutique\",\"item\":\"https:\\\/\\\/poterie-de-crestet.com\\\/ceramiques\\\/\"},{\"@type\":\"ListItem\",\"position\":3,\"name\":\"Kartoffelt\u00fcte Roter Platz\"}]},{\"@type\":\"WebSite\",\"@id\":\"https:\\\/\\\/poterie-de-crestet.com\\\/de\\\/#website\",\"url\":\"https:\\\/\\\/poterie-de-crestet.com\\\/de\\\/\",\"name\":\"Poterie de Crestet\",\"description\":\"Des milliers de poteries inpir\u00e9es de la Provence\",\"publisher\":{\"@id\":\"https:\\\/\\\/poterie-de-crestet.com\\\/de\\\/#organization\"},\"potentialAction\":[{\"@type\":\"SearchAction\",\"target\":{\"@type\":\"EntryPoint\",\"urlTemplate\":\"https:\\\/\\\/poterie-de-crestet.com\\\/de\\\/?s={search_term_string}\"},\"query-input\":{\"@type\":\"PropertyValueSpecification\",\"valueRequired\":true,\"valueName\":\"search_term_string\"}}],\"inLanguage\":\"de\"},{\"@type\":\"Organization\",\"@id\":\"https:\\\/\\\/poterie-de-crestet.com\\\/de\\\/#organization\",\"name\":\"Poterie de Crestet\",\"url\":\"https:\\\/\\\/poterie-de-crestet.com\\\/de\\\/\",\"logo\":{\"@type\":\"ImageObject\",\"inLanguage\":\"de\",\"@id\":\"https:\\\/\\\/poterie-de-crestet.com\\\/de\\\/#\\\/schema\\\/logo\\\/image\\\/\",\"url\":\"https:\\\/\\\/i0.wp.com\\\/poterie-de-crestet.com\\\/wp-content\\\/uploads\\\/2025\\\/03\\\/Propo-4.png?fit=1000%2C462&ssl=1\",\"contentUrl\":\"https:\\\/\\\/i0.wp.com\\\/poterie-de-crestet.com\\\/wp-content\\\/uploads\\\/2025\\\/03\\\/Propo-4.png?fit=1000%2C462&ssl=1\",\"width\":1000,\"height\":462,\"caption\":\"Poterie de Crestet\"},\"image\":{\"@id\":\"https:\\\/\\\/poterie-de-crestet.com\\\/de\\\/#\\\/schema\\\/logo\\\/image\\\/\"}}]}<\/script>\n<!-- \/ Yoast SEO plugin. -->","yoast_head_json":{"title":"Kartoffelt\u00fcte Roter Platz - Poterie de Crestet","description":"Roter Quadrat-Kartoffelbeutel. Luftige, waschbare Keramik, handgemalte Dekoration. Eine grafische und praktische Note f\u00fcr die K\u00fcche.","robots":{"index":"index","follow":"follow","max-snippet":"max-snippet:-1","max-image-preview":"max-image-preview:large","max-video-preview":"max-video-preview:-1"},"canonical":"https:\/\/poterie-de-crestet.com\/de\/keramik\/sac-patates-carre-rouge\/","og_locale":"de_DE","og_type":"article","og_title":"Kartoffelt\u00fcte Roter Platz - Poterie de Crestet","og_description":"Roter Quadrat-Kartoffelbeutel. Luftige, waschbare Keramik, handgemalte Dekoration. Eine grafische und praktische Note f\u00fcr die K\u00fcche.","og_url":"https:\/\/poterie-de-crestet.com\/de\/keramik\/sac-patates-carre-rouge\/","og_site_name":"Poterie de Crestet","og_image":[{"width":458,"height":458,"url":"https:\/\/i0.wp.com\/poterie-de-crestet.com\/wp-content\/uploads\/2025\/04\/sac-a-patate-carre-rouge.jpg?fit=458%2C458&ssl=1","type":"image\/jpeg"}],"twitter_card":"summary_large_image","twitter_misc":{"Gesch\u00e4tzte Lesezeit":"1\u00a0Minute"},"schema":{"@context":"https:\/\/schema.org","@graph":[{"@type":"WebPage","@id":"https:\/\/poterie-de-crestet.com\/de\/keramik\/sac-patates-carre-rouge\/","url":"https:\/\/poterie-de-crestet.com\/de\/keramik\/sac-patates-carre-rouge\/","name":"Kartoffelt\u00fcte Roter Platz - Poterie de Crestet","isPartOf":{"@id":"https:\/\/poterie-de-crestet.com\/de\/#website"},"primaryImageOfPage":{"@id":"https:\/\/poterie-de-crestet.com\/de\/keramik\/sac-patates-carre-rouge\/#primaryimage"},"image":{"@id":"https:\/\/poterie-de-crestet.com\/de\/keramik\/sac-patates-carre-rouge\/#primaryimage"},"thumbnailUrl":"https:\/\/i0.wp.com\/poterie-de-crestet.com\/wp-content\/uploads\/2025\/04\/sac-a-patate-carre-rouge.jpg?fit=458%2C458&ssl=1","datePublished":"2025-04-11T10:14:02+00:00","description":"Roter Quadrat-Kartoffelbeutel. Luftige, waschbare Keramik, handgemalte Dekoration. Eine grafische und praktische Note f\u00fcr die K\u00fcche.","breadcrumb":{"@id":"https:\/\/poterie-de-crestet.com\/de\/keramik\/sac-patates-carre-rouge\/#breadcrumb"},"inLanguage":"de","potentialAction":[{"@type":"ReadAction","target":["https:\/\/poterie-de-crestet.com\/de\/keramik\/sac-patates-carre-rouge\/"]}]},{"@type":"ImageObject","inLanguage":"de","@id":"https:\/\/poterie-de-crestet.com\/de\/keramik\/sac-patates-carre-rouge\/#primaryimage","url":"https:\/\/i0.wp.com\/poterie-de-crestet.com\/wp-content\/uploads\/2025\/04\/sac-a-patate-carre-rouge.jpg?fit=458%2C458&ssl=1","contentUrl":"https:\/\/i0.wp.com\/poterie-de-crestet.com\/wp-content\/uploads\/2025\/04\/sac-a-patate-carre-rouge.jpg?fit=458%2C458&ssl=1","width":458,"height":458,"caption":"Red Square Kartoffelt\u00fcte"},{"@type":"BreadcrumbList","@id":"https:\/\/poterie-de-crestet.com\/de\/keramik\/sac-patates-carre-rouge\/#breadcrumb","itemListElement":[{"@type":"ListItem","position":1,"name":"Accueil","item":"https:\/\/poterie-de-crestet.com\/de\/accueil\/"},{"@type":"ListItem","position":2,"name":"Boutique","item":"https:\/\/poterie-de-crestet.com\/ceramiques\/"},{"@type":"ListItem","position":3,"name":"Kartoffelt\u00fcte Roter Platz"}]},{"@type":"WebSite","@id":"https:\/\/poterie-de-crestet.com\/de\/#website","url":"https:\/\/poterie-de-crestet.com\/de\/","name":"Poterie de Crestet","description":"Des milliers de poteries inpir\u00e9es de la Provence","publisher":{"@id":"https:\/\/poterie-de-crestet.com\/de\/#organization"},"potentialAction":[{"@type":"SearchAction","target":{"@type":"EntryPoint","urlTemplate":"https:\/\/poterie-de-crestet.com\/de\/?s={search_term_string}"},"query-input":{"@type":"PropertyValueSpecification","valueRequired":true,"valueName":"search_term_string"}}],"inLanguage":"de"},{"@type":"Organization","@id":"https:\/\/poterie-de-crestet.com\/de\/#organization","name":"Poterie de Crestet","url":"https:\/\/poterie-de-crestet.com\/de\/","logo":{"@type":"ImageObject","inLanguage":"de","@id":"https:\/\/poterie-de-crestet.com\/de\/#\/schema\/logo\/image\/","url":"https:\/\/i0.wp.com\/poterie-de-crestet.com\/wp-content\/uploads\/2025\/03\/Propo-4.png?fit=1000%2C462&ssl=1","contentUrl":"https:\/\/i0.wp.com\/poterie-de-crestet.com\/wp-content\/uploads\/2025\/03\/Propo-4.png?fit=1000%2C462&ssl=1","width":1000,"height":462,"caption":"Poterie de Crestet"},"image":{"@id":"https:\/\/poterie-de-crestet.com\/de\/#\/schema\/logo\/image\/"}}]}},"jetpack_sharing_enabled":true,"_links":{"self":[{"href":"https:\/\/poterie-de-crestet.com\/de\/wp-json\/wp\/v2\/product\/22721","targetHints":{"allow":["GET"]}}],"collection":[{"href":"https:\/\/poterie-de-crestet.com\/de\/wp-json\/wp\/v2\/product"}],"about":[{"href":"https:\/\/poterie-de-crestet.com\/de\/wp-json\/wp\/v2\/types\/product"}],"replies":[{"embeddable":true,"href":"https:\/\/poterie-de-crestet.com\/de\/wp-json\/wp\/v2\/comments?post=22721"}],"version-history":[{"count":0,"href":"https:\/\/poterie-de-crestet.com\/de\/wp-json\/wp\/v2\/product\/22721\/revisions"}],"wp:featuredmedia":[{"embeddable":true,"href":"https:\/\/poterie-de-crestet.com\/de\/wp-json\/wp\/v2\/media\/8654"}],"wp:attachment":[{"href":"https:\/\/poterie-de-crestet.com\/de\/wp-json\/wp\/v2\/media?parent=22721"}],"wp:term":[{"taxonomy":"product_brand","embeddable":true,"href":"https:\/\/poterie-de-crestet.com\/de\/wp-json\/wp\/v2\/product_brand?post=22721"},{"taxonomy":"product_cat","embeddable":true,"href":"https:\/\/poterie-de-crestet.com\/de\/wp-json\/wp\/v2\/product_cat?post=22721"},{"taxonomy":"product_tag","embeddable":true,"href":"https:\/\/poterie-de-crestet.com\/de\/wp-json\/wp\/v2\/product_tag?post=22721"}],"curies":[{"name":"wp","href":"https:\/\/api.w.org\/{rel}","templated":true}]}}