{"id":22692,"date":"2025-04-11T12:14:00","date_gmt":"2025-04-11T10:14:00","guid":{"rendered":"https:\/\/poterie-de-crestet.com\/ceramiques\/sac-patates-sol-clair\/"},"modified":"2025-04-11T12:14:00","modified_gmt":"2025-04-11T10:14:00","slug":"sac-patates-sol-clair","status":"publish","type":"product","link":"https:\/\/poterie-de-crestet.com\/de\/keramik\/sac-patates-sol-clair\/","title":{"rendered":"Kartoffelt\u00fcte  <h5>Leichter Boden<\/h5>"},"content":{"rendered":"<p data-start=\"425\" data-end=\"690\">Mit seinen geometrischen Formen in sanften Farbt\u00f6nen f\u00fcgt sich das Sol Clair-Dekor elegant in eine moderne K\u00fcche ein. Diese Kartoffelt\u00fcte konserviert Ihr Gem\u00fcse dank ihrer dicken Keramik und kleinen L\u00fcftungen, die \u00fcberm\u00e4\u00dfige Feuchtigkeit verhindern. <\/p>\n<p data-start=\"692\" data-end=\"862\">Die verknotete Form der Tasche verleiht ihr einen ganz besonderen Charme, w\u00e4hrend der Deckel mit Griff eine reibungslose Bedienung erm\u00f6glicht. Es ist au\u00dferdem maschinenwaschbar. <\/p>\n<p data-start=\"864\" data-end=\"957\">Zu einer <a class=\"\" href=\"https:\/\/poterie-de-crestet.com\/de\/keramik\/vorspeise-leichter-boden\/\" rel=\"noopener\" data-start=\"880\" data-end=\"908\">Sol-Clair-Aperitifschale<\/a> zu kombinieren oder mit der <a class=\"\" href=\"https:\/\/poterie-de-crestet.com\/de\/keramik\/butterschale-roter-platz\/\" rel=\"noopener\" data-start=\"931\" data-end=\"956\">roten Carr\u00e9-Butterschale<\/a> zu kombinieren.<\/p>\n","protected":false},"excerpt":{"rendered":"<p>Keramik-Kartoffelt\u00fcte mit Licht-Sol-Dekoration. Sanftes und n\u00fcchternes geometrisches Muster. Optimale t\u00e4gliche Konservierung.  <br data-start=\"382\" data-end=\"385\"><strong data-start=\"385\" data-end=\"423\"><em data-start=\"387\" data-end=\"421\">Abmessungen: 28,9 \u00d7 19 \u00d7 33,5 cm<\/em><\/strong><\/p>\n","protected":false},"featured_media":8678,"comment_status":"open","ping_status":"closed","template":"","meta":[],"product_brand":[],"product_cat":[353],"product_tag":[234],"class_list":{"0":"post-22692","1":"product","2":"type-product","3":"status-publish","4":"has-post-thumbnail","6":"product_cat-kartoffeltute","7":"product_tag-leichter-boden","9":"first","10":"instock","11":"taxable","12":"shipping-taxable","13":"purchasable","14":"product-type-simple"},"yoast_head":"<!-- This site is optimized with the Yoast SEO plugin v27.5 - https:\/\/yoast.com\/product\/yoast-seo-wordpress\/ -->\n<title>Kartoffelt\u00fcte Leichter Boden - Poterie de Crestet<\/title>\n<meta name=\"description\" content=\"Kartoffelt\u00fcte mit Licht-Sol-Dekoration. Luftige und waschbare Keramik, handbemalt. Grafische Eleganz, um Ihr Gem\u00fcse zu konservieren.\" \/>\n<meta name=\"robots\" content=\"index, follow, max-snippet:-1, max-image-preview:large, max-video-preview:-1\" \/>\n<link rel=\"canonical\" href=\"https:\/\/poterie-de-crestet.com\/de\/keramik\/sac-patates-sol-clair\/\" \/>\n<meta property=\"og:locale\" content=\"de_DE\" \/>\n<meta property=\"og:type\" content=\"article\" \/>\n<meta property=\"og:title\" content=\"Kartoffelt\u00fcte Leichter Boden - Poterie de Crestet\" \/>\n<meta property=\"og:description\" content=\"Kartoffelt\u00fcte mit Licht-Sol-Dekoration. Luftige und waschbare Keramik, handbemalt. Grafische Eleganz, um Ihr Gem\u00fcse zu konservieren.\" \/>\n<meta property=\"og:url\" content=\"https:\/\/poterie-de-crestet.com\/de\/keramik\/sac-patates-sol-clair\/\" \/>\n<meta property=\"og:site_name\" content=\"Poterie de Crestet\" \/>\n<meta property=\"og:image\" content=\"https:\/\/i0.wp.com\/poterie-de-crestet.com\/wp-content\/uploads\/2025\/04\/sac-a-patate-sol-clair.jpg?fit=458%2C458&ssl=1\" \/>\n\t<meta property=\"og:image:width\" content=\"458\" \/>\n\t<meta property=\"og:image:height\" content=\"458\" \/>\n\t<meta property=\"og:image:type\" content=\"image\/jpeg\" \/>\n<meta name=\"twitter:card\" content=\"summary_large_image\" \/>\n<script type=\"application\/ld+json\" class=\"yoast-schema-graph\">{\"@context\":\"https:\\\/\\\/schema.org\",\"@graph\":[{\"@type\":\"WebPage\",\"@id\":\"https:\\\/\\\/poterie-de-crestet.com\\\/de\\\/keramik\\\/sac-patates-sol-clair\\\/\",\"url\":\"https:\\\/\\\/poterie-de-crestet.com\\\/de\\\/keramik\\\/sac-patates-sol-clair\\\/\",\"name\":\"Kartoffelt\u00fcte Leichter Boden - Poterie de Crestet\",\"isPartOf\":{\"@id\":\"https:\\\/\\\/poterie-de-crestet.com\\\/de\\\/#website\"},\"primaryImageOfPage\":{\"@id\":\"https:\\\/\\\/poterie-de-crestet.com\\\/de\\\/keramik\\\/sac-patates-sol-clair\\\/#primaryimage\"},\"image\":{\"@id\":\"https:\\\/\\\/poterie-de-crestet.com\\\/de\\\/keramik\\\/sac-patates-sol-clair\\\/#primaryimage\"},\"thumbnailUrl\":\"https:\\\/\\\/i0.wp.com\\\/poterie-de-crestet.com\\\/wp-content\\\/uploads\\\/2025\\\/04\\\/sac-a-patate-sol-clair.jpg?fit=458%2C458&ssl=1\",\"datePublished\":\"2025-04-11T10:14:00+00:00\",\"description\":\"Kartoffelt\u00fcte mit Licht-Sol-Dekoration. Luftige und waschbare Keramik, handbemalt. Grafische Eleganz, um Ihr Gem\u00fcse zu konservieren.\",\"breadcrumb\":{\"@id\":\"https:\\\/\\\/poterie-de-crestet.com\\\/de\\\/keramik\\\/sac-patates-sol-clair\\\/#breadcrumb\"},\"inLanguage\":\"de\",\"potentialAction\":[{\"@type\":\"ReadAction\",\"target\":[\"https:\\\/\\\/poterie-de-crestet.com\\\/de\\\/keramik\\\/sac-patates-sol-clair\\\/\"]}]},{\"@type\":\"ImageObject\",\"inLanguage\":\"de\",\"@id\":\"https:\\\/\\\/poterie-de-crestet.com\\\/de\\\/keramik\\\/sac-patates-sol-clair\\\/#primaryimage\",\"url\":\"https:\\\/\\\/i0.wp.com\\\/poterie-de-crestet.com\\\/wp-content\\\/uploads\\\/2025\\\/04\\\/sac-a-patate-sol-clair.jpg?fit=458%2C458&ssl=1\",\"contentUrl\":\"https:\\\/\\\/i0.wp.com\\\/poterie-de-crestet.com\\\/wp-content\\\/uploads\\\/2025\\\/04\\\/sac-a-patate-sol-clair.jpg?fit=458%2C458&ssl=1\",\"width\":458,\"height\":458,\"caption\":\"Kartoffelsack Light Sol\"},{\"@type\":\"BreadcrumbList\",\"@id\":\"https:\\\/\\\/poterie-de-crestet.com\\\/de\\\/keramik\\\/sac-patates-sol-clair\\\/#breadcrumb\",\"itemListElement\":[{\"@type\":\"ListItem\",\"position\":1,\"name\":\"Accueil\",\"item\":\"https:\\\/\\\/poterie-de-crestet.com\\\/de\\\/accueil\\\/\"},{\"@type\":\"ListItem\",\"position\":2,\"name\":\"Boutique\",\"item\":\"https:\\\/\\\/poterie-de-crestet.com\\\/ceramiques\\\/\"},{\"@type\":\"ListItem\",\"position\":3,\"name\":\"Kartoffelt\u00fcte Leichter Boden\"}]},{\"@type\":\"WebSite\",\"@id\":\"https:\\\/\\\/poterie-de-crestet.com\\\/de\\\/#website\",\"url\":\"https:\\\/\\\/poterie-de-crestet.com\\\/de\\\/\",\"name\":\"Poterie de Crestet\",\"description\":\"Des milliers de poteries inpir\u00e9es de la Provence\",\"publisher\":{\"@id\":\"https:\\\/\\\/poterie-de-crestet.com\\\/de\\\/#organization\"},\"potentialAction\":[{\"@type\":\"SearchAction\",\"target\":{\"@type\":\"EntryPoint\",\"urlTemplate\":\"https:\\\/\\\/poterie-de-crestet.com\\\/de\\\/?s={search_term_string}\"},\"query-input\":{\"@type\":\"PropertyValueSpecification\",\"valueRequired\":true,\"valueName\":\"search_term_string\"}}],\"inLanguage\":\"de\"},{\"@type\":\"Organization\",\"@id\":\"https:\\\/\\\/poterie-de-crestet.com\\\/de\\\/#organization\",\"name\":\"Poterie de Crestet\",\"url\":\"https:\\\/\\\/poterie-de-crestet.com\\\/de\\\/\",\"logo\":{\"@type\":\"ImageObject\",\"inLanguage\":\"de\",\"@id\":\"https:\\\/\\\/poterie-de-crestet.com\\\/de\\\/#\\\/schema\\\/logo\\\/image\\\/\",\"url\":\"https:\\\/\\\/i0.wp.com\\\/poterie-de-crestet.com\\\/wp-content\\\/uploads\\\/2025\\\/03\\\/Propo-4.png?fit=1000%2C462&ssl=1\",\"contentUrl\":\"https:\\\/\\\/i0.wp.com\\\/poterie-de-crestet.com\\\/wp-content\\\/uploads\\\/2025\\\/03\\\/Propo-4.png?fit=1000%2C462&ssl=1\",\"width\":1000,\"height\":462,\"caption\":\"Poterie de Crestet\"},\"image\":{\"@id\":\"https:\\\/\\\/poterie-de-crestet.com\\\/de\\\/#\\\/schema\\\/logo\\\/image\\\/\"}}]}<\/script>\n<!-- \/ Yoast SEO plugin. -->","yoast_head_json":{"title":"Kartoffelt\u00fcte Leichter Boden - Poterie de Crestet","description":"Kartoffelt\u00fcte mit Licht-Sol-Dekoration. Luftige und waschbare Keramik, handbemalt. Grafische Eleganz, um Ihr Gem\u00fcse zu konservieren.","robots":{"index":"index","follow":"follow","max-snippet":"max-snippet:-1","max-image-preview":"max-image-preview:large","max-video-preview":"max-video-preview:-1"},"canonical":"https:\/\/poterie-de-crestet.com\/de\/keramik\/sac-patates-sol-clair\/","og_locale":"de_DE","og_type":"article","og_title":"Kartoffelt\u00fcte Leichter Boden - Poterie de Crestet","og_description":"Kartoffelt\u00fcte mit Licht-Sol-Dekoration. Luftige und waschbare Keramik, handbemalt. Grafische Eleganz, um Ihr Gem\u00fcse zu konservieren.","og_url":"https:\/\/poterie-de-crestet.com\/de\/keramik\/sac-patates-sol-clair\/","og_site_name":"Poterie de Crestet","og_image":[{"width":458,"height":458,"url":"https:\/\/i0.wp.com\/poterie-de-crestet.com\/wp-content\/uploads\/2025\/04\/sac-a-patate-sol-clair.jpg?fit=458%2C458&ssl=1","type":"image\/jpeg"}],"twitter_card":"summary_large_image","schema":{"@context":"https:\/\/schema.org","@graph":[{"@type":"WebPage","@id":"https:\/\/poterie-de-crestet.com\/de\/keramik\/sac-patates-sol-clair\/","url":"https:\/\/poterie-de-crestet.com\/de\/keramik\/sac-patates-sol-clair\/","name":"Kartoffelt\u00fcte Leichter Boden - Poterie de Crestet","isPartOf":{"@id":"https:\/\/poterie-de-crestet.com\/de\/#website"},"primaryImageOfPage":{"@id":"https:\/\/poterie-de-crestet.com\/de\/keramik\/sac-patates-sol-clair\/#primaryimage"},"image":{"@id":"https:\/\/poterie-de-crestet.com\/de\/keramik\/sac-patates-sol-clair\/#primaryimage"},"thumbnailUrl":"https:\/\/i0.wp.com\/poterie-de-crestet.com\/wp-content\/uploads\/2025\/04\/sac-a-patate-sol-clair.jpg?fit=458%2C458&ssl=1","datePublished":"2025-04-11T10:14:00+00:00","description":"Kartoffelt\u00fcte mit Licht-Sol-Dekoration. Luftige und waschbare Keramik, handbemalt. Grafische Eleganz, um Ihr Gem\u00fcse zu konservieren.","breadcrumb":{"@id":"https:\/\/poterie-de-crestet.com\/de\/keramik\/sac-patates-sol-clair\/#breadcrumb"},"inLanguage":"de","potentialAction":[{"@type":"ReadAction","target":["https:\/\/poterie-de-crestet.com\/de\/keramik\/sac-patates-sol-clair\/"]}]},{"@type":"ImageObject","inLanguage":"de","@id":"https:\/\/poterie-de-crestet.com\/de\/keramik\/sac-patates-sol-clair\/#primaryimage","url":"https:\/\/i0.wp.com\/poterie-de-crestet.com\/wp-content\/uploads\/2025\/04\/sac-a-patate-sol-clair.jpg?fit=458%2C458&ssl=1","contentUrl":"https:\/\/i0.wp.com\/poterie-de-crestet.com\/wp-content\/uploads\/2025\/04\/sac-a-patate-sol-clair.jpg?fit=458%2C458&ssl=1","width":458,"height":458,"caption":"Kartoffelsack Light Sol"},{"@type":"BreadcrumbList","@id":"https:\/\/poterie-de-crestet.com\/de\/keramik\/sac-patates-sol-clair\/#breadcrumb","itemListElement":[{"@type":"ListItem","position":1,"name":"Accueil","item":"https:\/\/poterie-de-crestet.com\/de\/accueil\/"},{"@type":"ListItem","position":2,"name":"Boutique","item":"https:\/\/poterie-de-crestet.com\/ceramiques\/"},{"@type":"ListItem","position":3,"name":"Kartoffelt\u00fcte Leichter Boden"}]},{"@type":"WebSite","@id":"https:\/\/poterie-de-crestet.com\/de\/#website","url":"https:\/\/poterie-de-crestet.com\/de\/","name":"Poterie de Crestet","description":"Des milliers de poteries inpir\u00e9es de la Provence","publisher":{"@id":"https:\/\/poterie-de-crestet.com\/de\/#organization"},"potentialAction":[{"@type":"SearchAction","target":{"@type":"EntryPoint","urlTemplate":"https:\/\/poterie-de-crestet.com\/de\/?s={search_term_string}"},"query-input":{"@type":"PropertyValueSpecification","valueRequired":true,"valueName":"search_term_string"}}],"inLanguage":"de"},{"@type":"Organization","@id":"https:\/\/poterie-de-crestet.com\/de\/#organization","name":"Poterie de Crestet","url":"https:\/\/poterie-de-crestet.com\/de\/","logo":{"@type":"ImageObject","inLanguage":"de","@id":"https:\/\/poterie-de-crestet.com\/de\/#\/schema\/logo\/image\/","url":"https:\/\/i0.wp.com\/poterie-de-crestet.com\/wp-content\/uploads\/2025\/03\/Propo-4.png?fit=1000%2C462&ssl=1","contentUrl":"https:\/\/i0.wp.com\/poterie-de-crestet.com\/wp-content\/uploads\/2025\/03\/Propo-4.png?fit=1000%2C462&ssl=1","width":1000,"height":462,"caption":"Poterie de Crestet"},"image":{"@id":"https:\/\/poterie-de-crestet.com\/de\/#\/schema\/logo\/image\/"}}]}},"jetpack_sharing_enabled":true,"_links":{"self":[{"href":"https:\/\/poterie-de-crestet.com\/de\/wp-json\/wp\/v2\/product\/22692","targetHints":{"allow":["GET"]}}],"collection":[{"href":"https:\/\/poterie-de-crestet.com\/de\/wp-json\/wp\/v2\/product"}],"about":[{"href":"https:\/\/poterie-de-crestet.com\/de\/wp-json\/wp\/v2\/types\/product"}],"replies":[{"embeddable":true,"href":"https:\/\/poterie-de-crestet.com\/de\/wp-json\/wp\/v2\/comments?post=22692"}],"version-history":[{"count":0,"href":"https:\/\/poterie-de-crestet.com\/de\/wp-json\/wp\/v2\/product\/22692\/revisions"}],"wp:featuredmedia":[{"embeddable":true,"href":"https:\/\/poterie-de-crestet.com\/de\/wp-json\/wp\/v2\/media\/8678"}],"wp:attachment":[{"href":"https:\/\/poterie-de-crestet.com\/de\/wp-json\/wp\/v2\/media?parent=22692"}],"wp:term":[{"taxonomy":"product_brand","embeddable":true,"href":"https:\/\/poterie-de-crestet.com\/de\/wp-json\/wp\/v2\/product_brand?post=22692"},{"taxonomy":"product_cat","embeddable":true,"href":"https:\/\/poterie-de-crestet.com\/de\/wp-json\/wp\/v2\/product_cat?post=22692"},{"taxonomy":"product_tag","embeddable":true,"href":"https:\/\/poterie-de-crestet.com\/de\/wp-json\/wp\/v2\/product_tag?post=22692"}],"curies":[{"name":"wp","href":"https:\/\/api.w.org\/{rel}","templated":true}]}}