{"id":22683,"date":"2025-04-11T12:14:00","date_gmt":"2025-04-11T10:14:00","guid":{"rendered":"https:\/\/poterie-de-crestet.com\/ceramiques\/sac-patates-olivier-rouge\/"},"modified":"2025-04-11T12:14:00","modified_gmt":"2025-04-11T10:14:00","slug":"sac-patates-olivier-rouge","status":"publish","type":"product","link":"https:\/\/poterie-de-crestet.com\/de\/keramik\/sac-patates-olivier-rouge\/","title":{"rendered":"Kartoffelt\u00fcte  <h5>Roter Olivenbaum<\/h5>"},"content":{"rendered":"<p data-start=\"523\" data-end=\"821\">Das rote Olivenbaumdekor ruft mit seinen leuchtenden T\u00f6nen und dem typischen Pflanzenmotiv die Atmosph\u00e4ren des S\u00fcdens hervor. Dieser Kartoffelbeutel ist ideal, um Ihre Kartoffeln unter guten Bedingungen zu lagern, gesch\u00fctzt vor Licht und dank Perforationen an der Basis gut bel\u00fcftet. <\/p>\n<p data-start=\"823\" data-end=\"1018\">Der integrierte Griff am Deckel macht es auch mit einer Hand leicht zu \u00f6ffnen. Seine dicke Keramik garantiert Stabilit\u00e4t und Langlebigkeit und sorgt gleichzeitig f\u00fcr eine echte Pr\u00e4senz auf der Arbeitsplatte. <\/p>\n<p data-start=\"1020\" data-end=\"1124\">Passen Sie mit dem <a class=\"\" href=\"https:\/\/poterie-de-crestet.com\/de\/keramik\/pichet-droit-olivier-rouge\/\" rel=\"noopener\" data-start=\"1039\" data-end=\"1070\">rot-olivfarbenen geraden Krug<\/a> oder kontrastieren Sie mit dem <a class=\"\" href=\"https:\/\/poterie-de-crestet.com\/de\/keramik\/moerser-blaugrauer-streifen\/\" rel=\"noopener\" data-start=\"1096\" data-end=\"1123\">blau-grau gestreiften M\u00f6rtel<\/a>.<\/p>\n","protected":false},"excerpt":{"rendered":"<p>Keramik-Kartoffelt\u00fcte mit rotem Olivenbaum-Dekor. Traditionelles handgemaltes Muster. Ein Hauch von Charakter in einer warmen K\u00fcche.  <br data-start=\"480\" data-end=\"483\"><strong data-start=\"483\" data-end=\"521\"><em data-start=\"485\" data-end=\"519\">Abmessungen: 28,9 \u00d7 19 \u00d7 33,5 cm<\/em><\/strong><\/p>\n","protected":false},"featured_media":8668,"comment_status":"open","ping_status":"closed","template":"","meta":[],"product_brand":[],"product_cat":[353],"product_tag":[185],"class_list":{"0":"post-22683","1":"product","2":"type-product","3":"status-publish","4":"has-post-thumbnail","6":"product_cat-kartoffeltute","7":"product_tag-roter-olivenbaum","9":"first","10":"instock","11":"taxable","12":"shipping-taxable","13":"purchasable","14":"product-type-simple"},"yoast_head":"<!-- This site is optimized with the Yoast SEO plugin v27.5 - https:\/\/yoast.com\/product\/yoast-seo-wordpress\/ -->\n<title>Kartoffelt\u00fcte Roter Olivenbaum - Poterie de Crestet<\/title>\n<meta name=\"description\" content=\"Kartoffelsack mit rotem Olivenbaum-Dekor. Bel\u00fcftete und waschbare Keramik. Ideal, um Ihr Gem\u00fcse in einer warmen K\u00fcche zu lagern.\" \/>\n<meta name=\"robots\" content=\"index, follow, max-snippet:-1, max-image-preview:large, max-video-preview:-1\" \/>\n<link rel=\"canonical\" href=\"https:\/\/poterie-de-crestet.com\/de\/keramik\/sac-patates-olivier-rouge\/\" \/>\n<meta property=\"og:locale\" content=\"de_DE\" \/>\n<meta property=\"og:type\" content=\"article\" \/>\n<meta property=\"og:title\" content=\"Kartoffelt\u00fcte Roter Olivenbaum - Poterie de Crestet\" \/>\n<meta property=\"og:description\" content=\"Kartoffelsack mit rotem Olivenbaum-Dekor. Bel\u00fcftete und waschbare Keramik. Ideal, um Ihr Gem\u00fcse in einer warmen K\u00fcche zu lagern.\" \/>\n<meta property=\"og:url\" content=\"https:\/\/poterie-de-crestet.com\/de\/keramik\/sac-patates-olivier-rouge\/\" \/>\n<meta property=\"og:site_name\" content=\"Poterie de Crestet\" \/>\n<meta property=\"og:image\" content=\"https:\/\/i0.wp.com\/poterie-de-crestet.com\/wp-content\/uploads\/2025\/04\/sac-a-patate-olivier-rouge.jpg?fit=458%2C458&ssl=1\" \/>\n\t<meta property=\"og:image:width\" content=\"458\" \/>\n\t<meta property=\"og:image:height\" content=\"458\" \/>\n\t<meta property=\"og:image:type\" content=\"image\/jpeg\" \/>\n<meta name=\"twitter:card\" content=\"summary_large_image\" \/>\n<script type=\"application\/ld+json\" class=\"yoast-schema-graph\">{\"@context\":\"https:\\\/\\\/schema.org\",\"@graph\":[{\"@type\":\"WebPage\",\"@id\":\"https:\\\/\\\/poterie-de-crestet.com\\\/de\\\/keramik\\\/sac-patates-olivier-rouge\\\/\",\"url\":\"https:\\\/\\\/poterie-de-crestet.com\\\/de\\\/keramik\\\/sac-patates-olivier-rouge\\\/\",\"name\":\"Kartoffelt\u00fcte Roter Olivenbaum - Poterie de Crestet\",\"isPartOf\":{\"@id\":\"https:\\\/\\\/poterie-de-crestet.com\\\/de\\\/#website\"},\"primaryImageOfPage\":{\"@id\":\"https:\\\/\\\/poterie-de-crestet.com\\\/de\\\/keramik\\\/sac-patates-olivier-rouge\\\/#primaryimage\"},\"image\":{\"@id\":\"https:\\\/\\\/poterie-de-crestet.com\\\/de\\\/keramik\\\/sac-patates-olivier-rouge\\\/#primaryimage\"},\"thumbnailUrl\":\"https:\\\/\\\/i0.wp.com\\\/poterie-de-crestet.com\\\/wp-content\\\/uploads\\\/2025\\\/04\\\/sac-a-patate-olivier-rouge.jpg?fit=458%2C458&ssl=1\",\"datePublished\":\"2025-04-11T10:14:00+00:00\",\"description\":\"Kartoffelsack mit rotem Olivenbaum-Dekor. Bel\u00fcftete und waschbare Keramik. Ideal, um Ihr Gem\u00fcse in einer warmen K\u00fcche zu lagern.\",\"breadcrumb\":{\"@id\":\"https:\\\/\\\/poterie-de-crestet.com\\\/de\\\/keramik\\\/sac-patates-olivier-rouge\\\/#breadcrumb\"},\"inLanguage\":\"de\",\"potentialAction\":[{\"@type\":\"ReadAction\",\"target\":[\"https:\\\/\\\/poterie-de-crestet.com\\\/de\\\/keramik\\\/sac-patates-olivier-rouge\\\/\"]}]},{\"@type\":\"ImageObject\",\"inLanguage\":\"de\",\"@id\":\"https:\\\/\\\/poterie-de-crestet.com\\\/de\\\/keramik\\\/sac-patates-olivier-rouge\\\/#primaryimage\",\"url\":\"https:\\\/\\\/i0.wp.com\\\/poterie-de-crestet.com\\\/wp-content\\\/uploads\\\/2025\\\/04\\\/sac-a-patate-olivier-rouge.jpg?fit=458%2C458&ssl=1\",\"contentUrl\":\"https:\\\/\\\/i0.wp.com\\\/poterie-de-crestet.com\\\/wp-content\\\/uploads\\\/2025\\\/04\\\/sac-a-patate-olivier-rouge.jpg?fit=458%2C458&ssl=1\",\"width\":458,\"height\":458,\"caption\":\"Rote Oliven-Kartoffelt\u00fcte\"},{\"@type\":\"BreadcrumbList\",\"@id\":\"https:\\\/\\\/poterie-de-crestet.com\\\/de\\\/keramik\\\/sac-patates-olivier-rouge\\\/#breadcrumb\",\"itemListElement\":[{\"@type\":\"ListItem\",\"position\":1,\"name\":\"Accueil\",\"item\":\"https:\\\/\\\/poterie-de-crestet.com\\\/de\\\/accueil\\\/\"},{\"@type\":\"ListItem\",\"position\":2,\"name\":\"Boutique\",\"item\":\"https:\\\/\\\/poterie-de-crestet.com\\\/ceramiques\\\/\"},{\"@type\":\"ListItem\",\"position\":3,\"name\":\"Kartoffelt\u00fcte Roter Olivenbaum\"}]},{\"@type\":\"WebSite\",\"@id\":\"https:\\\/\\\/poterie-de-crestet.com\\\/de\\\/#website\",\"url\":\"https:\\\/\\\/poterie-de-crestet.com\\\/de\\\/\",\"name\":\"Poterie de Crestet\",\"description\":\"Des milliers de poteries inpir\u00e9es de la Provence\",\"publisher\":{\"@id\":\"https:\\\/\\\/poterie-de-crestet.com\\\/de\\\/#organization\"},\"potentialAction\":[{\"@type\":\"SearchAction\",\"target\":{\"@type\":\"EntryPoint\",\"urlTemplate\":\"https:\\\/\\\/poterie-de-crestet.com\\\/de\\\/?s={search_term_string}\"},\"query-input\":{\"@type\":\"PropertyValueSpecification\",\"valueRequired\":true,\"valueName\":\"search_term_string\"}}],\"inLanguage\":\"de\"},{\"@type\":\"Organization\",\"@id\":\"https:\\\/\\\/poterie-de-crestet.com\\\/de\\\/#organization\",\"name\":\"Poterie de Crestet\",\"url\":\"https:\\\/\\\/poterie-de-crestet.com\\\/de\\\/\",\"logo\":{\"@type\":\"ImageObject\",\"inLanguage\":\"de\",\"@id\":\"https:\\\/\\\/poterie-de-crestet.com\\\/de\\\/#\\\/schema\\\/logo\\\/image\\\/\",\"url\":\"https:\\\/\\\/i0.wp.com\\\/poterie-de-crestet.com\\\/wp-content\\\/uploads\\\/2025\\\/03\\\/Propo-4.png?fit=1000%2C462&ssl=1\",\"contentUrl\":\"https:\\\/\\\/i0.wp.com\\\/poterie-de-crestet.com\\\/wp-content\\\/uploads\\\/2025\\\/03\\\/Propo-4.png?fit=1000%2C462&ssl=1\",\"width\":1000,\"height\":462,\"caption\":\"Poterie de Crestet\"},\"image\":{\"@id\":\"https:\\\/\\\/poterie-de-crestet.com\\\/de\\\/#\\\/schema\\\/logo\\\/image\\\/\"}}]}<\/script>\n<!-- \/ Yoast SEO plugin. -->","yoast_head_json":{"title":"Kartoffelt\u00fcte Roter Olivenbaum - Poterie de Crestet","description":"Kartoffelsack mit rotem Olivenbaum-Dekor. Bel\u00fcftete und waschbare Keramik. Ideal, um Ihr Gem\u00fcse in einer warmen K\u00fcche zu lagern.","robots":{"index":"index","follow":"follow","max-snippet":"max-snippet:-1","max-image-preview":"max-image-preview:large","max-video-preview":"max-video-preview:-1"},"canonical":"https:\/\/poterie-de-crestet.com\/de\/keramik\/sac-patates-olivier-rouge\/","og_locale":"de_DE","og_type":"article","og_title":"Kartoffelt\u00fcte Roter Olivenbaum - Poterie de Crestet","og_description":"Kartoffelsack mit rotem Olivenbaum-Dekor. Bel\u00fcftete und waschbare Keramik. Ideal, um Ihr Gem\u00fcse in einer warmen K\u00fcche zu lagern.","og_url":"https:\/\/poterie-de-crestet.com\/de\/keramik\/sac-patates-olivier-rouge\/","og_site_name":"Poterie de Crestet","og_image":[{"width":458,"height":458,"url":"https:\/\/i0.wp.com\/poterie-de-crestet.com\/wp-content\/uploads\/2025\/04\/sac-a-patate-olivier-rouge.jpg?fit=458%2C458&ssl=1","type":"image\/jpeg"}],"twitter_card":"summary_large_image","schema":{"@context":"https:\/\/schema.org","@graph":[{"@type":"WebPage","@id":"https:\/\/poterie-de-crestet.com\/de\/keramik\/sac-patates-olivier-rouge\/","url":"https:\/\/poterie-de-crestet.com\/de\/keramik\/sac-patates-olivier-rouge\/","name":"Kartoffelt\u00fcte Roter Olivenbaum - Poterie de Crestet","isPartOf":{"@id":"https:\/\/poterie-de-crestet.com\/de\/#website"},"primaryImageOfPage":{"@id":"https:\/\/poterie-de-crestet.com\/de\/keramik\/sac-patates-olivier-rouge\/#primaryimage"},"image":{"@id":"https:\/\/poterie-de-crestet.com\/de\/keramik\/sac-patates-olivier-rouge\/#primaryimage"},"thumbnailUrl":"https:\/\/i0.wp.com\/poterie-de-crestet.com\/wp-content\/uploads\/2025\/04\/sac-a-patate-olivier-rouge.jpg?fit=458%2C458&ssl=1","datePublished":"2025-04-11T10:14:00+00:00","description":"Kartoffelsack mit rotem Olivenbaum-Dekor. Bel\u00fcftete und waschbare Keramik. Ideal, um Ihr Gem\u00fcse in einer warmen K\u00fcche zu lagern.","breadcrumb":{"@id":"https:\/\/poterie-de-crestet.com\/de\/keramik\/sac-patates-olivier-rouge\/#breadcrumb"},"inLanguage":"de","potentialAction":[{"@type":"ReadAction","target":["https:\/\/poterie-de-crestet.com\/de\/keramik\/sac-patates-olivier-rouge\/"]}]},{"@type":"ImageObject","inLanguage":"de","@id":"https:\/\/poterie-de-crestet.com\/de\/keramik\/sac-patates-olivier-rouge\/#primaryimage","url":"https:\/\/i0.wp.com\/poterie-de-crestet.com\/wp-content\/uploads\/2025\/04\/sac-a-patate-olivier-rouge.jpg?fit=458%2C458&ssl=1","contentUrl":"https:\/\/i0.wp.com\/poterie-de-crestet.com\/wp-content\/uploads\/2025\/04\/sac-a-patate-olivier-rouge.jpg?fit=458%2C458&ssl=1","width":458,"height":458,"caption":"Rote Oliven-Kartoffelt\u00fcte"},{"@type":"BreadcrumbList","@id":"https:\/\/poterie-de-crestet.com\/de\/keramik\/sac-patates-olivier-rouge\/#breadcrumb","itemListElement":[{"@type":"ListItem","position":1,"name":"Accueil","item":"https:\/\/poterie-de-crestet.com\/de\/accueil\/"},{"@type":"ListItem","position":2,"name":"Boutique","item":"https:\/\/poterie-de-crestet.com\/ceramiques\/"},{"@type":"ListItem","position":3,"name":"Kartoffelt\u00fcte Roter Olivenbaum"}]},{"@type":"WebSite","@id":"https:\/\/poterie-de-crestet.com\/de\/#website","url":"https:\/\/poterie-de-crestet.com\/de\/","name":"Poterie de Crestet","description":"Des milliers de poteries inpir\u00e9es de la Provence","publisher":{"@id":"https:\/\/poterie-de-crestet.com\/de\/#organization"},"potentialAction":[{"@type":"SearchAction","target":{"@type":"EntryPoint","urlTemplate":"https:\/\/poterie-de-crestet.com\/de\/?s={search_term_string}"},"query-input":{"@type":"PropertyValueSpecification","valueRequired":true,"valueName":"search_term_string"}}],"inLanguage":"de"},{"@type":"Organization","@id":"https:\/\/poterie-de-crestet.com\/de\/#organization","name":"Poterie de Crestet","url":"https:\/\/poterie-de-crestet.com\/de\/","logo":{"@type":"ImageObject","inLanguage":"de","@id":"https:\/\/poterie-de-crestet.com\/de\/#\/schema\/logo\/image\/","url":"https:\/\/i0.wp.com\/poterie-de-crestet.com\/wp-content\/uploads\/2025\/03\/Propo-4.png?fit=1000%2C462&ssl=1","contentUrl":"https:\/\/i0.wp.com\/poterie-de-crestet.com\/wp-content\/uploads\/2025\/03\/Propo-4.png?fit=1000%2C462&ssl=1","width":1000,"height":462,"caption":"Poterie de Crestet"},"image":{"@id":"https:\/\/poterie-de-crestet.com\/de\/#\/schema\/logo\/image\/"}}]}},"jetpack_sharing_enabled":true,"_links":{"self":[{"href":"https:\/\/poterie-de-crestet.com\/de\/wp-json\/wp\/v2\/product\/22683","targetHints":{"allow":["GET"]}}],"collection":[{"href":"https:\/\/poterie-de-crestet.com\/de\/wp-json\/wp\/v2\/product"}],"about":[{"href":"https:\/\/poterie-de-crestet.com\/de\/wp-json\/wp\/v2\/types\/product"}],"replies":[{"embeddable":true,"href":"https:\/\/poterie-de-crestet.com\/de\/wp-json\/wp\/v2\/comments?post=22683"}],"version-history":[{"count":0,"href":"https:\/\/poterie-de-crestet.com\/de\/wp-json\/wp\/v2\/product\/22683\/revisions"}],"wp:featuredmedia":[{"embeddable":true,"href":"https:\/\/poterie-de-crestet.com\/de\/wp-json\/wp\/v2\/media\/8668"}],"wp:attachment":[{"href":"https:\/\/poterie-de-crestet.com\/de\/wp-json\/wp\/v2\/media?parent=22683"}],"wp:term":[{"taxonomy":"product_brand","embeddable":true,"href":"https:\/\/poterie-de-crestet.com\/de\/wp-json\/wp\/v2\/product_brand?post=22683"},{"taxonomy":"product_cat","embeddable":true,"href":"https:\/\/poterie-de-crestet.com\/de\/wp-json\/wp\/v2\/product_cat?post=22683"},{"taxonomy":"product_tag","embeddable":true,"href":"https:\/\/poterie-de-crestet.com\/de\/wp-json\/wp\/v2\/product_tag?post=22683"}],"curies":[{"name":"wp","href":"https:\/\/api.w.org\/{rel}","templated":true}]}}