{"id":22421,"date":"2025-04-11T12:14:04","date_gmt":"2025-04-11T10:14:04","guid":{"rendered":"https:\/\/poterie-de-crestet.com\/ceramiques\/porte-ustensile-maison\/"},"modified":"2025-04-11T12:14:04","modified_gmt":"2025-04-11T10:14:04","slug":"porte-ustensile-maison","status":"publish","type":"product","link":"https:\/\/poterie-de-crestet.com\/de\/keramik\/porte-ustensile-maison\/","title":{"rendered":"Selbstgemachter Besteckhalter <h5>"},"content":{"rendered":"<p data-start=\"2949\" data-end=\"3263\">Das Maison D\u00e9cor ist ein kleiner visueller Ausflug zu den sonnigen H\u00fcgeln des Vaucluse. Dieser Keramikbesteckhalter ist handverziert mit farbenfrohen Dorfmotiven. Damit k\u00f6nnen Sie alle wichtigen Utensilien sammeln: L\u00f6ffeln, Pfannenwender, Essl\u00f6ffel oder Schneebesen.  <\/p>\n<p data-start=\"3265\" data-end=\"3539\">Stabil, funktional und stabil \u2013 au\u00dferdem sp\u00fclmaschinenfest. Seine emaillierte Oberfl\u00e4che l\u00e4sst sich t\u00e4glich leicht reinigen und entspricht allen Lebensmittelnormen. Es ist die Art von Topf, die man das ganze Jahr \u00fcber auf der Arbeitsplatte stehen l\u00e4sst, ohne jemals m\u00fcde davon zu werden.  <\/p>\n<p data-start=\"3541\" data-end=\"3810\">Es kann auch in anderen R\u00e4umen des Hauses verwendet werden: B\u00fcrstentopf in einer Werkstatt, Beh\u00e4lter f\u00fcr Gartenger\u00e4te oder dekorativen Blumentopf.<br data-start=\"3686\" data-end=\"3689\">Kombinieren Sie es mit einem <a class=\"\" href=\"https:\/\/poterie-de-crestet.com\/de\/keramik\/moerser-haus\/\" rel=\"noopener\" data-start=\"3705\" data-end=\"3724\">selbstgemachten M\u00f6rser<\/a> oder einem <a class=\"\" href=\"https:\/\/poterie-de-crestet.com\/de\/keramik\/olivengericht-nyons-red\/\" rel=\"noopener\" data-start=\"3745\" data-end=\"3775\">roten Nyons-Olivengericht<\/a> f\u00fcr einen kompletten provenzalischen Service.<\/p>\n","protected":false},"excerpt":{"rendered":"<p>Dieser Ger\u00e4thalter mit seiner naiven Dekoration erinnert an provenzalische D\u00f6rfer. Es ordnet deine K\u00fcchenutensilien mit Charme. Handbemalt ist es auch ein wundersch\u00f6nes dekoratives Objekt.  <br data-start=\"2910\" data-end=\"2913\"><strong data-start=\"2913\" data-end=\"2947\"><em data-start=\"2915\" data-end=\"2945\">Ma\u00dfe: 12 \u00d7 12 \u00d7 15 cm<\/em><\/strong><\/p>\n","protected":false},"featured_media":8606,"comment_status":"open","ping_status":"closed","template":"","meta":[],"product_brand":[],"product_cat":[359],"product_tag":[269],"class_list":{"0":"post-22421","1":"product","2":"type-product","3":"status-publish","4":"has-post-thumbnail","6":"product_cat-besteckhalter","7":"product_tag-haus","9":"first","10":"outofstock","11":"taxable","12":"shipping-taxable","13":"purchasable","14":"product-type-simple"},"yoast_head":"<!-- This site is optimized with the Yoast SEO plugin v27.5 - https:\/\/yoast.com\/product\/yoast-seo-wordpress\/ -->\n<title>Selbstgemachter Besteckhalter  - Poterie de Crestet<\/title>\n<meta name=\"description\" content=\"Besteckhalter mit Wohnaccessoire, weich und l\u00e4ndlich. Praktisch, um Ihre Werkzeuge stilvoll aufzubewahren. Feine Verarbeitung, schneller Versand oder Abholung.\" \/>\n<meta name=\"robots\" content=\"index, follow, max-snippet:-1, max-image-preview:large, max-video-preview:-1\" \/>\n<link rel=\"canonical\" href=\"https:\/\/poterie-de-crestet.com\/de\/keramik\/porte-ustensile-maison\/\" \/>\n<meta property=\"og:locale\" content=\"de_DE\" \/>\n<meta property=\"og:type\" content=\"article\" \/>\n<meta property=\"og:title\" content=\"Selbstgemachter Besteckhalter  - Poterie de Crestet\" \/>\n<meta property=\"og:description\" content=\"Besteckhalter mit Wohnaccessoire, weich und l\u00e4ndlich. Praktisch, um Ihre Werkzeuge stilvoll aufzubewahren. Feine Verarbeitung, schneller Versand oder Abholung.\" \/>\n<meta property=\"og:url\" content=\"https:\/\/poterie-de-crestet.com\/de\/keramik\/porte-ustensile-maison\/\" \/>\n<meta property=\"og:site_name\" content=\"Poterie de Crestet\" \/>\n<meta property=\"og:image\" content=\"https:\/\/i0.wp.com\/poterie-de-crestet.com\/wp-content\/uploads\/2025\/04\/ustensile-maison.jpg?fit=458%2C458&ssl=1\" \/>\n\t<meta property=\"og:image:width\" content=\"458\" \/>\n\t<meta property=\"og:image:height\" content=\"458\" \/>\n\t<meta property=\"og:image:type\" content=\"image\/jpeg\" \/>\n<meta name=\"twitter:card\" content=\"summary_large_image\" \/>\n<meta name=\"twitter:label1\" content=\"Gesch\u00e4tzte Lesezeit\" \/>\n\t<meta name=\"twitter:data1\" content=\"1\u00a0Minute\" \/>\n<script type=\"application\/ld+json\" class=\"yoast-schema-graph\">{\"@context\":\"https:\\\/\\\/schema.org\",\"@graph\":[{\"@type\":\"WebPage\",\"@id\":\"https:\\\/\\\/poterie-de-crestet.com\\\/de\\\/keramik\\\/porte-ustensile-maison\\\/\",\"url\":\"https:\\\/\\\/poterie-de-crestet.com\\\/de\\\/keramik\\\/porte-ustensile-maison\\\/\",\"name\":\"Selbstgemachter Besteckhalter - Poterie de Crestet\",\"isPartOf\":{\"@id\":\"https:\\\/\\\/poterie-de-crestet.com\\\/de\\\/#website\"},\"primaryImageOfPage\":{\"@id\":\"https:\\\/\\\/poterie-de-crestet.com\\\/de\\\/keramik\\\/porte-ustensile-maison\\\/#primaryimage\"},\"image\":{\"@id\":\"https:\\\/\\\/poterie-de-crestet.com\\\/de\\\/keramik\\\/porte-ustensile-maison\\\/#primaryimage\"},\"thumbnailUrl\":\"https:\\\/\\\/i0.wp.com\\\/poterie-de-crestet.com\\\/wp-content\\\/uploads\\\/2025\\\/04\\\/ustensile-maison.jpg?fit=458%2C458&ssl=1\",\"datePublished\":\"2025-04-11T10:14:04+00:00\",\"description\":\"Besteckhalter mit Wohnaccessoire, weich und l\u00e4ndlich. Praktisch, um Ihre Werkzeuge stilvoll aufzubewahren. Feine Verarbeitung, schneller Versand oder Abholung.\",\"breadcrumb\":{\"@id\":\"https:\\\/\\\/poterie-de-crestet.com\\\/de\\\/keramik\\\/porte-ustensile-maison\\\/#breadcrumb\"},\"inLanguage\":\"de\",\"potentialAction\":[{\"@type\":\"ReadAction\",\"target\":[\"https:\\\/\\\/poterie-de-crestet.com\\\/de\\\/keramik\\\/porte-ustensile-maison\\\/\"]}]},{\"@type\":\"ImageObject\",\"inLanguage\":\"de\",\"@id\":\"https:\\\/\\\/poterie-de-crestet.com\\\/de\\\/keramik\\\/porte-ustensile-maison\\\/#primaryimage\",\"url\":\"https:\\\/\\\/i0.wp.com\\\/poterie-de-crestet.com\\\/wp-content\\\/uploads\\\/2025\\\/04\\\/ustensile-maison.jpg?fit=458%2C458&ssl=1\",\"contentUrl\":\"https:\\\/\\\/i0.wp.com\\\/poterie-de-crestet.com\\\/wp-content\\\/uploads\\\/2025\\\/04\\\/ustensile-maison.jpg?fit=458%2C458&ssl=1\",\"width\":458,\"height\":458,\"caption\":\"Selbstgemachter Besteckhalter\"},{\"@type\":\"BreadcrumbList\",\"@id\":\"https:\\\/\\\/poterie-de-crestet.com\\\/de\\\/keramik\\\/porte-ustensile-maison\\\/#breadcrumb\",\"itemListElement\":[{\"@type\":\"ListItem\",\"position\":1,\"name\":\"Accueil\",\"item\":\"https:\\\/\\\/poterie-de-crestet.com\\\/de\\\/accueil\\\/\"},{\"@type\":\"ListItem\",\"position\":2,\"name\":\"Boutique\",\"item\":\"https:\\\/\\\/poterie-de-crestet.com\\\/ceramiques\\\/\"},{\"@type\":\"ListItem\",\"position\":3,\"name\":\"Selbstgemachter Besteckhalter\"}]},{\"@type\":\"WebSite\",\"@id\":\"https:\\\/\\\/poterie-de-crestet.com\\\/de\\\/#website\",\"url\":\"https:\\\/\\\/poterie-de-crestet.com\\\/de\\\/\",\"name\":\"Poterie de Crestet\",\"description\":\"Des milliers de poteries inpir\u00e9es de la Provence\",\"publisher\":{\"@id\":\"https:\\\/\\\/poterie-de-crestet.com\\\/de\\\/#organization\"},\"potentialAction\":[{\"@type\":\"SearchAction\",\"target\":{\"@type\":\"EntryPoint\",\"urlTemplate\":\"https:\\\/\\\/poterie-de-crestet.com\\\/de\\\/?s={search_term_string}\"},\"query-input\":{\"@type\":\"PropertyValueSpecification\",\"valueRequired\":true,\"valueName\":\"search_term_string\"}}],\"inLanguage\":\"de\"},{\"@type\":\"Organization\",\"@id\":\"https:\\\/\\\/poterie-de-crestet.com\\\/de\\\/#organization\",\"name\":\"Poterie de Crestet\",\"url\":\"https:\\\/\\\/poterie-de-crestet.com\\\/de\\\/\",\"logo\":{\"@type\":\"ImageObject\",\"inLanguage\":\"de\",\"@id\":\"https:\\\/\\\/poterie-de-crestet.com\\\/de\\\/#\\\/schema\\\/logo\\\/image\\\/\",\"url\":\"https:\\\/\\\/i0.wp.com\\\/poterie-de-crestet.com\\\/wp-content\\\/uploads\\\/2025\\\/03\\\/Propo-4.png?fit=1000%2C462&ssl=1\",\"contentUrl\":\"https:\\\/\\\/i0.wp.com\\\/poterie-de-crestet.com\\\/wp-content\\\/uploads\\\/2025\\\/03\\\/Propo-4.png?fit=1000%2C462&ssl=1\",\"width\":1000,\"height\":462,\"caption\":\"Poterie de Crestet\"},\"image\":{\"@id\":\"https:\\\/\\\/poterie-de-crestet.com\\\/de\\\/#\\\/schema\\\/logo\\\/image\\\/\"}}]}<\/script>\n<!-- \/ Yoast SEO plugin. -->","yoast_head_json":{"title":"Selbstgemachter Besteckhalter  - Poterie de Crestet","description":"Besteckhalter mit Wohnaccessoire, weich und l\u00e4ndlich. Praktisch, um Ihre Werkzeuge stilvoll aufzubewahren. Feine Verarbeitung, schneller Versand oder Abholung.","robots":{"index":"index","follow":"follow","max-snippet":"max-snippet:-1","max-image-preview":"max-image-preview:large","max-video-preview":"max-video-preview:-1"},"canonical":"https:\/\/poterie-de-crestet.com\/de\/keramik\/porte-ustensile-maison\/","og_locale":"de_DE","og_type":"article","og_title":"Selbstgemachter Besteckhalter  - Poterie de Crestet","og_description":"Besteckhalter mit Wohnaccessoire, weich und l\u00e4ndlich. Praktisch, um Ihre Werkzeuge stilvoll aufzubewahren. Feine Verarbeitung, schneller Versand oder Abholung.","og_url":"https:\/\/poterie-de-crestet.com\/de\/keramik\/porte-ustensile-maison\/","og_site_name":"Poterie de Crestet","og_image":[{"width":458,"height":458,"url":"https:\/\/i0.wp.com\/poterie-de-crestet.com\/wp-content\/uploads\/2025\/04\/ustensile-maison.jpg?fit=458%2C458&ssl=1","type":"image\/jpeg"}],"twitter_card":"summary_large_image","twitter_misc":{"Gesch\u00e4tzte Lesezeit":"1\u00a0Minute"},"schema":{"@context":"https:\/\/schema.org","@graph":[{"@type":"WebPage","@id":"https:\/\/poterie-de-crestet.com\/de\/keramik\/porte-ustensile-maison\/","url":"https:\/\/poterie-de-crestet.com\/de\/keramik\/porte-ustensile-maison\/","name":"Selbstgemachter Besteckhalter - Poterie de Crestet","isPartOf":{"@id":"https:\/\/poterie-de-crestet.com\/de\/#website"},"primaryImageOfPage":{"@id":"https:\/\/poterie-de-crestet.com\/de\/keramik\/porte-ustensile-maison\/#primaryimage"},"image":{"@id":"https:\/\/poterie-de-crestet.com\/de\/keramik\/porte-ustensile-maison\/#primaryimage"},"thumbnailUrl":"https:\/\/i0.wp.com\/poterie-de-crestet.com\/wp-content\/uploads\/2025\/04\/ustensile-maison.jpg?fit=458%2C458&ssl=1","datePublished":"2025-04-11T10:14:04+00:00","description":"Besteckhalter mit Wohnaccessoire, weich und l\u00e4ndlich. Praktisch, um Ihre Werkzeuge stilvoll aufzubewahren. Feine Verarbeitung, schneller Versand oder Abholung.","breadcrumb":{"@id":"https:\/\/poterie-de-crestet.com\/de\/keramik\/porte-ustensile-maison\/#breadcrumb"},"inLanguage":"de","potentialAction":[{"@type":"ReadAction","target":["https:\/\/poterie-de-crestet.com\/de\/keramik\/porte-ustensile-maison\/"]}]},{"@type":"ImageObject","inLanguage":"de","@id":"https:\/\/poterie-de-crestet.com\/de\/keramik\/porte-ustensile-maison\/#primaryimage","url":"https:\/\/i0.wp.com\/poterie-de-crestet.com\/wp-content\/uploads\/2025\/04\/ustensile-maison.jpg?fit=458%2C458&ssl=1","contentUrl":"https:\/\/i0.wp.com\/poterie-de-crestet.com\/wp-content\/uploads\/2025\/04\/ustensile-maison.jpg?fit=458%2C458&ssl=1","width":458,"height":458,"caption":"Selbstgemachter Besteckhalter"},{"@type":"BreadcrumbList","@id":"https:\/\/poterie-de-crestet.com\/de\/keramik\/porte-ustensile-maison\/#breadcrumb","itemListElement":[{"@type":"ListItem","position":1,"name":"Accueil","item":"https:\/\/poterie-de-crestet.com\/de\/accueil\/"},{"@type":"ListItem","position":2,"name":"Boutique","item":"https:\/\/poterie-de-crestet.com\/ceramiques\/"},{"@type":"ListItem","position":3,"name":"Selbstgemachter Besteckhalter"}]},{"@type":"WebSite","@id":"https:\/\/poterie-de-crestet.com\/de\/#website","url":"https:\/\/poterie-de-crestet.com\/de\/","name":"Poterie de Crestet","description":"Des milliers de poteries inpir\u00e9es de la Provence","publisher":{"@id":"https:\/\/poterie-de-crestet.com\/de\/#organization"},"potentialAction":[{"@type":"SearchAction","target":{"@type":"EntryPoint","urlTemplate":"https:\/\/poterie-de-crestet.com\/de\/?s={search_term_string}"},"query-input":{"@type":"PropertyValueSpecification","valueRequired":true,"valueName":"search_term_string"}}],"inLanguage":"de"},{"@type":"Organization","@id":"https:\/\/poterie-de-crestet.com\/de\/#organization","name":"Poterie de Crestet","url":"https:\/\/poterie-de-crestet.com\/de\/","logo":{"@type":"ImageObject","inLanguage":"de","@id":"https:\/\/poterie-de-crestet.com\/de\/#\/schema\/logo\/image\/","url":"https:\/\/i0.wp.com\/poterie-de-crestet.com\/wp-content\/uploads\/2025\/03\/Propo-4.png?fit=1000%2C462&ssl=1","contentUrl":"https:\/\/i0.wp.com\/poterie-de-crestet.com\/wp-content\/uploads\/2025\/03\/Propo-4.png?fit=1000%2C462&ssl=1","width":1000,"height":462,"caption":"Poterie de Crestet"},"image":{"@id":"https:\/\/poterie-de-crestet.com\/de\/#\/schema\/logo\/image\/"}}]}},"jetpack_sharing_enabled":true,"_links":{"self":[{"href":"https:\/\/poterie-de-crestet.com\/de\/wp-json\/wp\/v2\/product\/22421","targetHints":{"allow":["GET"]}}],"collection":[{"href":"https:\/\/poterie-de-crestet.com\/de\/wp-json\/wp\/v2\/product"}],"about":[{"href":"https:\/\/poterie-de-crestet.com\/de\/wp-json\/wp\/v2\/types\/product"}],"replies":[{"embeddable":true,"href":"https:\/\/poterie-de-crestet.com\/de\/wp-json\/wp\/v2\/comments?post=22421"}],"version-history":[{"count":0,"href":"https:\/\/poterie-de-crestet.com\/de\/wp-json\/wp\/v2\/product\/22421\/revisions"}],"wp:featuredmedia":[{"embeddable":true,"href":"https:\/\/poterie-de-crestet.com\/de\/wp-json\/wp\/v2\/media\/8606"}],"wp:attachment":[{"href":"https:\/\/poterie-de-crestet.com\/de\/wp-json\/wp\/v2\/media?parent=22421"}],"wp:term":[{"taxonomy":"product_brand","embeddable":true,"href":"https:\/\/poterie-de-crestet.com\/de\/wp-json\/wp\/v2\/product_brand?post=22421"},{"taxonomy":"product_cat","embeddable":true,"href":"https:\/\/poterie-de-crestet.com\/de\/wp-json\/wp\/v2\/product_cat?post=22421"},{"taxonomy":"product_tag","embeddable":true,"href":"https:\/\/poterie-de-crestet.com\/de\/wp-json\/wp\/v2\/product_tag?post=22421"}],"curies":[{"name":"wp","href":"https:\/\/api.w.org\/{rel}","templated":true}]}}