{"id":22245,"date":"2025-04-06T21:17:32","date_gmt":"2025-04-06T19:17:32","guid":{"rendered":"https:\/\/poterie-de-crestet.com\/ceramiques\/salt-hand-gruene-blaetter\/"},"modified":"2025-04-06T21:17:32","modified_gmt":"2025-04-06T19:17:32","slug":"salt-hand-gruene-blaetter","status":"publish","type":"product","link":"https:\/\/poterie-de-crestet.com\/de\/keramik\/salt-hand-gruene-blaetter\/","title":{"rendered":"Salt Hand  <h5>Gr\u00fcne Bl\u00e4tter<\/h5>"},"content":{"rendered":"<p>Mit seinem stilisierten, weichgr\u00fcnen Laub ist diese Salzhand direkt von der umliegenden Natur inspiriert, insbesondere von den Olivenhaine und aromatischen Pflanzen der Provence. Jedes St\u00fcck wird von Hand dekoriert, was ihm einen einzigartigen Charakter verleiht. <\/p>\n<p><br data-start=\"705\" data-end=\"708\">Perfekt zur Aufbewahrung von Speisesalz und wird dank seiner ausbreitenden und leicht zug\u00e4nglichen Form oft als <strong data-start=\"789\" data-end=\"805\">Schwammhalter<\/strong> verwendet.<\/p>\n<p><br data-start=\"848\" data-end=\"851\">Diese Dekoration passt perfekt zu unseren <strong data-start=\"889\" data-end=\"922\">gr\u00fcnen Blattbesteckhaltern<\/strong> oder dem <strong data-start=\"936\" data-end=\"955\">passenden M\u00f6rtel<\/strong> und sorgt f\u00fcr eine K\u00fcche voller Frische und Eleganz. Online erh\u00e4ltlich oder auf den M\u00e4rkten von Buis-les-Baronnies und Vaison. <\/p>\n","protected":false},"excerpt":{"rendered":"<p>Eine frische Pflanzendekoration f\u00fcr diesen praktischen und handdekorierten Salzhand.<\/p>\n","protected":false},"featured_media":5690,"comment_status":"open","ping_status":"closed","template":"","meta":[],"product_brand":[],"product_cat":[416],"product_tag":[315],"class_list":{"0":"post-22245","1":"product","2":"type-product","3":"status-publish","4":"has-post-thumbnail","6":"product_cat-salzhande","7":"product_tag-grune-blatter","9":"first","10":"instock","11":"taxable","12":"shipping-taxable","13":"purchasable","14":"product-type-simple"},"yoast_head":"<!-- This site is optimized with the Yoast SEO plugin v27.5 - https:\/\/yoast.com\/product\/yoast-seo-wordpress\/ -->\n<title>Salt Hand Gr\u00fcne Bl\u00e4tter - Poterie de Crestet<\/title>\n<meta name=\"description\" content=\"Erhellen Sie Ihre K\u00fcche mit einer gr\u00fcnen Blattsalz-Hand. Er kann auch in eine Zuckerschale, einen Schwammdeckel oder sogar ein Taschentablett verwandelt werden.\" \/>\n<meta name=\"robots\" content=\"index, follow, max-snippet:-1, max-image-preview:large, max-video-preview:-1\" \/>\n<link rel=\"canonical\" href=\"https:\/\/poterie-de-crestet.com\/de\/keramik\/salt-hand-gruene-blaetter\/\" \/>\n<meta property=\"og:locale\" content=\"de_DE\" \/>\n<meta property=\"og:type\" content=\"article\" \/>\n<meta property=\"og:title\" content=\"Salt Hand Gr\u00fcne Bl\u00e4tter - Poterie de Crestet\" \/>\n<meta property=\"og:description\" content=\"Erhellen Sie Ihre K\u00fcche mit einer gr\u00fcnen Blattsalz-Hand. Er kann auch in eine Zuckerschale, einen Schwammdeckel oder sogar ein Taschentablett verwandelt werden.\" \/>\n<meta property=\"og:url\" content=\"https:\/\/poterie-de-crestet.com\/de\/keramik\/salt-hand-gruene-blaetter\/\" \/>\n<meta property=\"og:site_name\" content=\"Poterie de Crestet\" \/>\n<meta property=\"og:image\" content=\"https:\/\/i0.wp.com\/poterie-de-crestet.com\/wp-content\/uploads\/2025\/03\/main-sel-olive-provence.jpg?fit=800%2C532&ssl=1\" \/>\n\t<meta property=\"og:image:width\" content=\"800\" \/>\n\t<meta property=\"og:image:height\" content=\"532\" \/>\n\t<meta property=\"og:image:type\" content=\"image\/jpeg\" \/>\n<meta name=\"twitter:card\" content=\"summary_large_image\" \/>\n<script type=\"application\/ld+json\" class=\"yoast-schema-graph\">{\"@context\":\"https:\\\/\\\/schema.org\",\"@graph\":[{\"@type\":\"WebPage\",\"@id\":\"https:\\\/\\\/poterie-de-crestet.com\\\/de\\\/keramik\\\/salt-hand-gruene-blaetter\\\/\",\"url\":\"https:\\\/\\\/poterie-de-crestet.com\\\/de\\\/keramik\\\/salt-hand-gruene-blaetter\\\/\",\"name\":\"Salt Hand Gr\u00fcne Bl\u00e4tter - Poterie de Crestet\",\"isPartOf\":{\"@id\":\"https:\\\/\\\/poterie-de-crestet.com\\\/de\\\/#website\"},\"primaryImageOfPage\":{\"@id\":\"https:\\\/\\\/poterie-de-crestet.com\\\/de\\\/keramik\\\/salt-hand-gruene-blaetter\\\/#primaryimage\"},\"image\":{\"@id\":\"https:\\\/\\\/poterie-de-crestet.com\\\/de\\\/keramik\\\/salt-hand-gruene-blaetter\\\/#primaryimage\"},\"thumbnailUrl\":\"https:\\\/\\\/i0.wp.com\\\/poterie-de-crestet.com\\\/wp-content\\\/uploads\\\/2025\\\/03\\\/main-sel-olive-provence.jpg?fit=800%2C532&ssl=1\",\"datePublished\":\"2025-04-06T19:17:32+00:00\",\"description\":\"Erhellen Sie Ihre K\u00fcche mit einer gr\u00fcnen Blattsalz-Hand. Er kann auch in eine Zuckerschale, einen Schwammdeckel oder sogar ein Taschentablett verwandelt werden.\",\"breadcrumb\":{\"@id\":\"https:\\\/\\\/poterie-de-crestet.com\\\/de\\\/keramik\\\/salt-hand-gruene-blaetter\\\/#breadcrumb\"},\"inLanguage\":\"de\",\"potentialAction\":[{\"@type\":\"ReadAction\",\"target\":[\"https:\\\/\\\/poterie-de-crestet.com\\\/de\\\/keramik\\\/salt-hand-gruene-blaetter\\\/\"]}]},{\"@type\":\"ImageObject\",\"inLanguage\":\"de\",\"@id\":\"https:\\\/\\\/poterie-de-crestet.com\\\/de\\\/keramik\\\/salt-hand-gruene-blaetter\\\/#primaryimage\",\"url\":\"https:\\\/\\\/i0.wp.com\\\/poterie-de-crestet.com\\\/wp-content\\\/uploads\\\/2025\\\/03\\\/main-sel-olive-provence.jpg?fit=800%2C532&ssl=1\",\"contentUrl\":\"https:\\\/\\\/i0.wp.com\\\/poterie-de-crestet.com\\\/wp-content\\\/uploads\\\/2025\\\/03\\\/main-sel-olive-provence.jpg?fit=800%2C532&ssl=1\",\"width\":800,\"height\":532,\"caption\":\"Hand Salt Green Leaf \u2013 Schwammhalter mit Seiten\"},{\"@type\":\"BreadcrumbList\",\"@id\":\"https:\\\/\\\/poterie-de-crestet.com\\\/de\\\/keramik\\\/salt-hand-gruene-blaetter\\\/#breadcrumb\",\"itemListElement\":[{\"@type\":\"ListItem\",\"position\":1,\"name\":\"Accueil\",\"item\":\"https:\\\/\\\/poterie-de-crestet.com\\\/de\\\/accueil\\\/\"},{\"@type\":\"ListItem\",\"position\":2,\"name\":\"Boutique\",\"item\":\"https:\\\/\\\/poterie-de-crestet.com\\\/ceramiques\\\/\"},{\"@type\":\"ListItem\",\"position\":3,\"name\":\"Salt Hand Gr\u00fcne Bl\u00e4tter\"}]},{\"@type\":\"WebSite\",\"@id\":\"https:\\\/\\\/poterie-de-crestet.com\\\/de\\\/#website\",\"url\":\"https:\\\/\\\/poterie-de-crestet.com\\\/de\\\/\",\"name\":\"Poterie de Crestet\",\"description\":\"Des milliers de poteries inpir\u00e9es de la Provence\",\"publisher\":{\"@id\":\"https:\\\/\\\/poterie-de-crestet.com\\\/de\\\/#organization\"},\"potentialAction\":[{\"@type\":\"SearchAction\",\"target\":{\"@type\":\"EntryPoint\",\"urlTemplate\":\"https:\\\/\\\/poterie-de-crestet.com\\\/de\\\/?s={search_term_string}\"},\"query-input\":{\"@type\":\"PropertyValueSpecification\",\"valueRequired\":true,\"valueName\":\"search_term_string\"}}],\"inLanguage\":\"de\"},{\"@type\":\"Organization\",\"@id\":\"https:\\\/\\\/poterie-de-crestet.com\\\/de\\\/#organization\",\"name\":\"Poterie de Crestet\",\"url\":\"https:\\\/\\\/poterie-de-crestet.com\\\/de\\\/\",\"logo\":{\"@type\":\"ImageObject\",\"inLanguage\":\"de\",\"@id\":\"https:\\\/\\\/poterie-de-crestet.com\\\/de\\\/#\\\/schema\\\/logo\\\/image\\\/\",\"url\":\"https:\\\/\\\/i0.wp.com\\\/poterie-de-crestet.com\\\/wp-content\\\/uploads\\\/2025\\\/03\\\/Propo-4.png?fit=1000%2C462&ssl=1\",\"contentUrl\":\"https:\\\/\\\/i0.wp.com\\\/poterie-de-crestet.com\\\/wp-content\\\/uploads\\\/2025\\\/03\\\/Propo-4.png?fit=1000%2C462&ssl=1\",\"width\":1000,\"height\":462,\"caption\":\"Poterie de Crestet\"},\"image\":{\"@id\":\"https:\\\/\\\/poterie-de-crestet.com\\\/de\\\/#\\\/schema\\\/logo\\\/image\\\/\"}}]}<\/script>\n<!-- \/ Yoast SEO plugin. -->","yoast_head_json":{"title":"Salt Hand Gr\u00fcne Bl\u00e4tter - Poterie de Crestet","description":"Erhellen Sie Ihre K\u00fcche mit einer gr\u00fcnen Blattsalz-Hand. Er kann auch in eine Zuckerschale, einen Schwammdeckel oder sogar ein Taschentablett verwandelt werden.","robots":{"index":"index","follow":"follow","max-snippet":"max-snippet:-1","max-image-preview":"max-image-preview:large","max-video-preview":"max-video-preview:-1"},"canonical":"https:\/\/poterie-de-crestet.com\/de\/keramik\/salt-hand-gruene-blaetter\/","og_locale":"de_DE","og_type":"article","og_title":"Salt Hand Gr\u00fcne Bl\u00e4tter - Poterie de Crestet","og_description":"Erhellen Sie Ihre K\u00fcche mit einer gr\u00fcnen Blattsalz-Hand. Er kann auch in eine Zuckerschale, einen Schwammdeckel oder sogar ein Taschentablett verwandelt werden.","og_url":"https:\/\/poterie-de-crestet.com\/de\/keramik\/salt-hand-gruene-blaetter\/","og_site_name":"Poterie de Crestet","og_image":[{"width":800,"height":532,"url":"https:\/\/i0.wp.com\/poterie-de-crestet.com\/wp-content\/uploads\/2025\/03\/main-sel-olive-provence.jpg?fit=800%2C532&ssl=1","type":"image\/jpeg"}],"twitter_card":"summary_large_image","schema":{"@context":"https:\/\/schema.org","@graph":[{"@type":"WebPage","@id":"https:\/\/poterie-de-crestet.com\/de\/keramik\/salt-hand-gruene-blaetter\/","url":"https:\/\/poterie-de-crestet.com\/de\/keramik\/salt-hand-gruene-blaetter\/","name":"Salt Hand Gr\u00fcne Bl\u00e4tter - Poterie de Crestet","isPartOf":{"@id":"https:\/\/poterie-de-crestet.com\/de\/#website"},"primaryImageOfPage":{"@id":"https:\/\/poterie-de-crestet.com\/de\/keramik\/salt-hand-gruene-blaetter\/#primaryimage"},"image":{"@id":"https:\/\/poterie-de-crestet.com\/de\/keramik\/salt-hand-gruene-blaetter\/#primaryimage"},"thumbnailUrl":"https:\/\/i0.wp.com\/poterie-de-crestet.com\/wp-content\/uploads\/2025\/03\/main-sel-olive-provence.jpg?fit=800%2C532&ssl=1","datePublished":"2025-04-06T19:17:32+00:00","description":"Erhellen Sie Ihre K\u00fcche mit einer gr\u00fcnen Blattsalz-Hand. Er kann auch in eine Zuckerschale, einen Schwammdeckel oder sogar ein Taschentablett verwandelt werden.","breadcrumb":{"@id":"https:\/\/poterie-de-crestet.com\/de\/keramik\/salt-hand-gruene-blaetter\/#breadcrumb"},"inLanguage":"de","potentialAction":[{"@type":"ReadAction","target":["https:\/\/poterie-de-crestet.com\/de\/keramik\/salt-hand-gruene-blaetter\/"]}]},{"@type":"ImageObject","inLanguage":"de","@id":"https:\/\/poterie-de-crestet.com\/de\/keramik\/salt-hand-gruene-blaetter\/#primaryimage","url":"https:\/\/i0.wp.com\/poterie-de-crestet.com\/wp-content\/uploads\/2025\/03\/main-sel-olive-provence.jpg?fit=800%2C532&ssl=1","contentUrl":"https:\/\/i0.wp.com\/poterie-de-crestet.com\/wp-content\/uploads\/2025\/03\/main-sel-olive-provence.jpg?fit=800%2C532&ssl=1","width":800,"height":532,"caption":"Hand Salt Green Leaf \u2013 Schwammhalter mit Seiten"},{"@type":"BreadcrumbList","@id":"https:\/\/poterie-de-crestet.com\/de\/keramik\/salt-hand-gruene-blaetter\/#breadcrumb","itemListElement":[{"@type":"ListItem","position":1,"name":"Accueil","item":"https:\/\/poterie-de-crestet.com\/de\/accueil\/"},{"@type":"ListItem","position":2,"name":"Boutique","item":"https:\/\/poterie-de-crestet.com\/ceramiques\/"},{"@type":"ListItem","position":3,"name":"Salt Hand Gr\u00fcne Bl\u00e4tter"}]},{"@type":"WebSite","@id":"https:\/\/poterie-de-crestet.com\/de\/#website","url":"https:\/\/poterie-de-crestet.com\/de\/","name":"Poterie de Crestet","description":"Des milliers de poteries inpir\u00e9es de la Provence","publisher":{"@id":"https:\/\/poterie-de-crestet.com\/de\/#organization"},"potentialAction":[{"@type":"SearchAction","target":{"@type":"EntryPoint","urlTemplate":"https:\/\/poterie-de-crestet.com\/de\/?s={search_term_string}"},"query-input":{"@type":"PropertyValueSpecification","valueRequired":true,"valueName":"search_term_string"}}],"inLanguage":"de"},{"@type":"Organization","@id":"https:\/\/poterie-de-crestet.com\/de\/#organization","name":"Poterie de Crestet","url":"https:\/\/poterie-de-crestet.com\/de\/","logo":{"@type":"ImageObject","inLanguage":"de","@id":"https:\/\/poterie-de-crestet.com\/de\/#\/schema\/logo\/image\/","url":"https:\/\/i0.wp.com\/poterie-de-crestet.com\/wp-content\/uploads\/2025\/03\/Propo-4.png?fit=1000%2C462&ssl=1","contentUrl":"https:\/\/i0.wp.com\/poterie-de-crestet.com\/wp-content\/uploads\/2025\/03\/Propo-4.png?fit=1000%2C462&ssl=1","width":1000,"height":462,"caption":"Poterie de Crestet"},"image":{"@id":"https:\/\/poterie-de-crestet.com\/de\/#\/schema\/logo\/image\/"}}]}},"jetpack_sharing_enabled":true,"_links":{"self":[{"href":"https:\/\/poterie-de-crestet.com\/de\/wp-json\/wp\/v2\/product\/22245","targetHints":{"allow":["GET"]}}],"collection":[{"href":"https:\/\/poterie-de-crestet.com\/de\/wp-json\/wp\/v2\/product"}],"about":[{"href":"https:\/\/poterie-de-crestet.com\/de\/wp-json\/wp\/v2\/types\/product"}],"replies":[{"embeddable":true,"href":"https:\/\/poterie-de-crestet.com\/de\/wp-json\/wp\/v2\/comments?post=22245"}],"version-history":[{"count":0,"href":"https:\/\/poterie-de-crestet.com\/de\/wp-json\/wp\/v2\/product\/22245\/revisions"}],"wp:featuredmedia":[{"embeddable":true,"href":"https:\/\/poterie-de-crestet.com\/de\/wp-json\/wp\/v2\/media\/5690"}],"wp:attachment":[{"href":"https:\/\/poterie-de-crestet.com\/de\/wp-json\/wp\/v2\/media?parent=22245"}],"wp:term":[{"taxonomy":"product_brand","embeddable":true,"href":"https:\/\/poterie-de-crestet.com\/de\/wp-json\/wp\/v2\/product_brand?post=22245"},{"taxonomy":"product_cat","embeddable":true,"href":"https:\/\/poterie-de-crestet.com\/de\/wp-json\/wp\/v2\/product_cat?post=22245"},{"taxonomy":"product_tag","embeddable":true,"href":"https:\/\/poterie-de-crestet.com\/de\/wp-json\/wp\/v2\/product_tag?post=22245"}],"curies":[{"name":"wp","href":"https:\/\/api.w.org\/{rel}","templated":true}]}}