{"id":22150,"date":"2025-04-11T12:14:09","date_gmt":"2025-04-11T10:14:09","guid":{"rendered":"https:\/\/poterie-de-crestet.com\/ceramiques\/mittagsbecher-ozean\/"},"modified":"2025-04-11T12:14:09","modified_gmt":"2025-04-11T10:14:09","slug":"mittagsbecher-ozean","status":"publish","type":"product","link":"https:\/\/poterie-de-crestet.com\/de\/keramik\/mittagsbecher-ozean\/","title":{"rendered":"Mittagsbecher  <h5>Ozean<\/h5>"},"content":{"rendered":"<h4 class=\"\" data-start=\"1950\" data-end=\"1989\">Ein Hauch Meeresluft, wenn du aufwachst<\/h4>\n<p class=\"\" data-start=\"1990\" data-end=\"2264\">Dieser ozeanverzierte Fr\u00fchst\u00fccksbecher macht seinem Namen alle Ehre: Seine tiefen, handgemalten Spiegelungen erinnern an raues Meer, bl\u00e4uliche K\u00fcsten und Urlaube am Wasser. Er ist perfekt, um einen hohen schwarzen Tee, dicke Schokolade oder gro\u00dfz\u00fcgigen Morgenkaffee zu halten. <\/p>\n<h4 class=\"\" data-start=\"2266\" data-end=\"2306\">Robust, praktisch, allt\u00e4glich<\/h4>\n<p class=\"\" data-start=\"2307\" data-end=\"2578\">Mit der passenden Untertasse l\u00e4sst sich diese Tasse leicht auf den Tisch stellen, ohne das Risiko von Flecken. Sp\u00fclmaschinenfest, mikrowellenfest, es ist f\u00fcr den zuverl\u00e4ssigen t\u00e4glichen Gebrauch konzipiert. Sie kann auch als leichte Suppe oder Suppe zur Mittagspause verwendet werden.  <\/p>\n<h4 class=\"\" data-start=\"2580\" data-end=\"2619\">Eine einzigartige Tiefe von Blau<\/h4>\n<p class=\"\" data-start=\"2620\" data-end=\"2781\">Jedes Werk ist handgemalt und hat einen leicht variierenden &#8222;marmorierten&#8220; Effekt. Es ist eine beliebte Dekoration f\u00fcr maskuline Geschenke oder moderne K\u00fcchen. <\/p>\n<h4 class=\"\" data-start=\"2783\" data-end=\"2819\">Um den Meereseffekt zu verl\u00e4ngern<\/h4>\n<p class=\"\" data-start=\"2820\" data-end=\"2930\">Kombinieren Sie es mit der <a class=\"\" href=\"https:\/\/poterie-de-crestet.com\/de\/keramik\/tortenform-ozean\/\" rel=\"noopener\" data-start=\"2835\" data-end=\"2859\">Ocean Pie Form<\/a> oder schaffen Sie eine kontrastreiche Atmosph\u00e4re mit dem <a class=\"\" href=\"https:\/\/poterie-de-crestet.com\/de\/keramik\/schwammhalter-leichter-boden\/\" rel=\"noopener\" data-start=\"2902\" data-end=\"2929\">Sol Clair Schwammhalter<\/a>.<\/p>\n","protected":false},"excerpt":{"rendered":"<p>Ocean Decor Lunchtasse. Gro\u00dfformat und passende Untertasse, f\u00fcr iodisierte hei\u00dfe Getr\u00e4nke. <br data-start=\"1878\" data-end=\"1881\"><strong data-start=\"1881\" data-end=\"1919\"><em data-start=\"1883\" data-end=\"1917\">Abmessungen: 13,2 \u00d7 17 \u00d7 11,2 cm<\/em><\/strong><\/p>\n","protected":false},"featured_media":8446,"comment_status":"open","ping_status":"closed","template":"","meta":[],"product_brand":[],"product_cat":[418,380],"product_tag":[319],"class_list":{"0":"post-22150","1":"product","2":"type-product","3":"status-publish","4":"has-post-thumbnail","6":"product_cat-fruhstucksschussel","7":"product_cat-pokalen","8":"product_tag-ozean","10":"first","11":"instock","12":"taxable","13":"shipping-taxable","14":"purchasable","15":"product-type-simple"},"yoast_head":"<!-- This site is optimized with the Yoast SEO plugin v27.5 - https:\/\/yoast.com\/product\/yoast-seo-wordpress\/ -->\n<title>Mittagsbecher Ozean - Poterie de Crestet<\/title>\n<meta name=\"description\" content=\"Keramik-Ozean-Dekoration-Mittagsbecher. Handbemalt, waschbar, Gro\u00dfformat mit Untertasse. Perfekt f\u00fcr Morgentee oder Schokolade.\" \/>\n<meta name=\"robots\" content=\"index, follow, max-snippet:-1, max-image-preview:large, max-video-preview:-1\" \/>\n<link rel=\"canonical\" href=\"https:\/\/poterie-de-crestet.com\/de\/keramik\/mittagsbecher-ozean\/\" \/>\n<meta property=\"og:locale\" content=\"de_DE\" \/>\n<meta property=\"og:type\" content=\"article\" \/>\n<meta property=\"og:title\" content=\"Mittagsbecher Ozean - Poterie de Crestet\" \/>\n<meta property=\"og:description\" content=\"Keramik-Ozean-Dekoration-Mittagsbecher. Handbemalt, waschbar, Gro\u00dfformat mit Untertasse. Perfekt f\u00fcr Morgentee oder Schokolade.\" \/>\n<meta property=\"og:url\" content=\"https:\/\/poterie-de-crestet.com\/de\/keramik\/mittagsbecher-ozean\/\" \/>\n<meta property=\"og:site_name\" content=\"Poterie de Crestet\" \/>\n<meta property=\"og:image\" content=\"https:\/\/i0.wp.com\/poterie-de-crestet.com\/wp-content\/uploads\/2025\/04\/Poterie-du-Crestet1074.jpg?fit=800%2C532&ssl=1\" \/>\n\t<meta property=\"og:image:width\" content=\"800\" \/>\n\t<meta property=\"og:image:height\" content=\"532\" \/>\n\t<meta property=\"og:image:type\" content=\"image\/jpeg\" \/>\n<meta name=\"twitter:card\" content=\"summary_large_image\" \/>\n<meta name=\"twitter:label1\" content=\"Gesch\u00e4tzte Lesezeit\" \/>\n\t<meta name=\"twitter:data1\" content=\"1\u00a0Minute\" \/>\n<script type=\"application\/ld+json\" class=\"yoast-schema-graph\">{\"@context\":\"https:\\\/\\\/schema.org\",\"@graph\":[{\"@type\":\"WebPage\",\"@id\":\"https:\\\/\\\/poterie-de-crestet.com\\\/de\\\/keramik\\\/mittagsbecher-ozean\\\/\",\"url\":\"https:\\\/\\\/poterie-de-crestet.com\\\/de\\\/keramik\\\/mittagsbecher-ozean\\\/\",\"name\":\"Mittagsbecher Ozean - Poterie de Crestet\",\"isPartOf\":{\"@id\":\"https:\\\/\\\/poterie-de-crestet.com\\\/de\\\/#website\"},\"primaryImageOfPage\":{\"@id\":\"https:\\\/\\\/poterie-de-crestet.com\\\/de\\\/keramik\\\/mittagsbecher-ozean\\\/#primaryimage\"},\"image\":{\"@id\":\"https:\\\/\\\/poterie-de-crestet.com\\\/de\\\/keramik\\\/mittagsbecher-ozean\\\/#primaryimage\"},\"thumbnailUrl\":\"https:\\\/\\\/i0.wp.com\\\/poterie-de-crestet.com\\\/wp-content\\\/uploads\\\/2025\\\/04\\\/Poterie-du-Crestet1074.jpg?fit=800%2C532&ssl=1\",\"datePublished\":\"2025-04-11T10:14:09+00:00\",\"description\":\"Keramik-Ozean-Dekoration-Mittagsbecher. Handbemalt, waschbar, Gro\u00dfformat mit Untertasse. Perfekt f\u00fcr Morgentee oder Schokolade.\",\"breadcrumb\":{\"@id\":\"https:\\\/\\\/poterie-de-crestet.com\\\/de\\\/keramik\\\/mittagsbecher-ozean\\\/#breadcrumb\"},\"inLanguage\":\"de\",\"potentialAction\":[{\"@type\":\"ReadAction\",\"target\":[\"https:\\\/\\\/poterie-de-crestet.com\\\/de\\\/keramik\\\/mittagsbecher-ozean\\\/\"]}]},{\"@type\":\"ImageObject\",\"inLanguage\":\"de\",\"@id\":\"https:\\\/\\\/poterie-de-crestet.com\\\/de\\\/keramik\\\/mittagsbecher-ozean\\\/#primaryimage\",\"url\":\"https:\\\/\\\/i0.wp.com\\\/poterie-de-crestet.com\\\/wp-content\\\/uploads\\\/2025\\\/04\\\/Poterie-du-Crestet1074.jpg?fit=800%2C532&ssl=1\",\"contentUrl\":\"https:\\\/\\\/i0.wp.com\\\/poterie-de-crestet.com\\\/wp-content\\\/uploads\\\/2025\\\/04\\\/Poterie-du-Crestet1074.jpg?fit=800%2C532&ssl=1\",\"width\":800,\"height\":532,\"caption\":\"Ozean-Mittagsbecher\"},{\"@type\":\"BreadcrumbList\",\"@id\":\"https:\\\/\\\/poterie-de-crestet.com\\\/de\\\/keramik\\\/mittagsbecher-ozean\\\/#breadcrumb\",\"itemListElement\":[{\"@type\":\"ListItem\",\"position\":1,\"name\":\"Accueil\",\"item\":\"https:\\\/\\\/poterie-de-crestet.com\\\/de\\\/accueil\\\/\"},{\"@type\":\"ListItem\",\"position\":2,\"name\":\"Boutique\",\"item\":\"https:\\\/\\\/poterie-de-crestet.com\\\/ceramiques\\\/\"},{\"@type\":\"ListItem\",\"position\":3,\"name\":\"Mittagsbecher Ozean\"}]},{\"@type\":\"WebSite\",\"@id\":\"https:\\\/\\\/poterie-de-crestet.com\\\/de\\\/#website\",\"url\":\"https:\\\/\\\/poterie-de-crestet.com\\\/de\\\/\",\"name\":\"Poterie de Crestet\",\"description\":\"Des milliers de poteries inpir\u00e9es de la Provence\",\"publisher\":{\"@id\":\"https:\\\/\\\/poterie-de-crestet.com\\\/de\\\/#organization\"},\"potentialAction\":[{\"@type\":\"SearchAction\",\"target\":{\"@type\":\"EntryPoint\",\"urlTemplate\":\"https:\\\/\\\/poterie-de-crestet.com\\\/de\\\/?s={search_term_string}\"},\"query-input\":{\"@type\":\"PropertyValueSpecification\",\"valueRequired\":true,\"valueName\":\"search_term_string\"}}],\"inLanguage\":\"de\"},{\"@type\":\"Organization\",\"@id\":\"https:\\\/\\\/poterie-de-crestet.com\\\/de\\\/#organization\",\"name\":\"Poterie de Crestet\",\"url\":\"https:\\\/\\\/poterie-de-crestet.com\\\/de\\\/\",\"logo\":{\"@type\":\"ImageObject\",\"inLanguage\":\"de\",\"@id\":\"https:\\\/\\\/poterie-de-crestet.com\\\/de\\\/#\\\/schema\\\/logo\\\/image\\\/\",\"url\":\"https:\\\/\\\/i0.wp.com\\\/poterie-de-crestet.com\\\/wp-content\\\/uploads\\\/2025\\\/03\\\/Propo-4.png?fit=1000%2C462&ssl=1\",\"contentUrl\":\"https:\\\/\\\/i0.wp.com\\\/poterie-de-crestet.com\\\/wp-content\\\/uploads\\\/2025\\\/03\\\/Propo-4.png?fit=1000%2C462&ssl=1\",\"width\":1000,\"height\":462,\"caption\":\"Poterie de Crestet\"},\"image\":{\"@id\":\"https:\\\/\\\/poterie-de-crestet.com\\\/de\\\/#\\\/schema\\\/logo\\\/image\\\/\"}}]}<\/script>\n<!-- \/ Yoast SEO plugin. -->","yoast_head_json":{"title":"Mittagsbecher Ozean - Poterie de Crestet","description":"Keramik-Ozean-Dekoration-Mittagsbecher. Handbemalt, waschbar, Gro\u00dfformat mit Untertasse. Perfekt f\u00fcr Morgentee oder Schokolade.","robots":{"index":"index","follow":"follow","max-snippet":"max-snippet:-1","max-image-preview":"max-image-preview:large","max-video-preview":"max-video-preview:-1"},"canonical":"https:\/\/poterie-de-crestet.com\/de\/keramik\/mittagsbecher-ozean\/","og_locale":"de_DE","og_type":"article","og_title":"Mittagsbecher Ozean - Poterie de Crestet","og_description":"Keramik-Ozean-Dekoration-Mittagsbecher. Handbemalt, waschbar, Gro\u00dfformat mit Untertasse. Perfekt f\u00fcr Morgentee oder Schokolade.","og_url":"https:\/\/poterie-de-crestet.com\/de\/keramik\/mittagsbecher-ozean\/","og_site_name":"Poterie de Crestet","og_image":[{"width":800,"height":532,"url":"https:\/\/i0.wp.com\/poterie-de-crestet.com\/wp-content\/uploads\/2025\/04\/Poterie-du-Crestet1074.jpg?fit=800%2C532&ssl=1","type":"image\/jpeg"}],"twitter_card":"summary_large_image","twitter_misc":{"Gesch\u00e4tzte Lesezeit":"1\u00a0Minute"},"schema":{"@context":"https:\/\/schema.org","@graph":[{"@type":"WebPage","@id":"https:\/\/poterie-de-crestet.com\/de\/keramik\/mittagsbecher-ozean\/","url":"https:\/\/poterie-de-crestet.com\/de\/keramik\/mittagsbecher-ozean\/","name":"Mittagsbecher Ozean - Poterie de Crestet","isPartOf":{"@id":"https:\/\/poterie-de-crestet.com\/de\/#website"},"primaryImageOfPage":{"@id":"https:\/\/poterie-de-crestet.com\/de\/keramik\/mittagsbecher-ozean\/#primaryimage"},"image":{"@id":"https:\/\/poterie-de-crestet.com\/de\/keramik\/mittagsbecher-ozean\/#primaryimage"},"thumbnailUrl":"https:\/\/i0.wp.com\/poterie-de-crestet.com\/wp-content\/uploads\/2025\/04\/Poterie-du-Crestet1074.jpg?fit=800%2C532&ssl=1","datePublished":"2025-04-11T10:14:09+00:00","description":"Keramik-Ozean-Dekoration-Mittagsbecher. Handbemalt, waschbar, Gro\u00dfformat mit Untertasse. Perfekt f\u00fcr Morgentee oder Schokolade.","breadcrumb":{"@id":"https:\/\/poterie-de-crestet.com\/de\/keramik\/mittagsbecher-ozean\/#breadcrumb"},"inLanguage":"de","potentialAction":[{"@type":"ReadAction","target":["https:\/\/poterie-de-crestet.com\/de\/keramik\/mittagsbecher-ozean\/"]}]},{"@type":"ImageObject","inLanguage":"de","@id":"https:\/\/poterie-de-crestet.com\/de\/keramik\/mittagsbecher-ozean\/#primaryimage","url":"https:\/\/i0.wp.com\/poterie-de-crestet.com\/wp-content\/uploads\/2025\/04\/Poterie-du-Crestet1074.jpg?fit=800%2C532&ssl=1","contentUrl":"https:\/\/i0.wp.com\/poterie-de-crestet.com\/wp-content\/uploads\/2025\/04\/Poterie-du-Crestet1074.jpg?fit=800%2C532&ssl=1","width":800,"height":532,"caption":"Ozean-Mittagsbecher"},{"@type":"BreadcrumbList","@id":"https:\/\/poterie-de-crestet.com\/de\/keramik\/mittagsbecher-ozean\/#breadcrumb","itemListElement":[{"@type":"ListItem","position":1,"name":"Accueil","item":"https:\/\/poterie-de-crestet.com\/de\/accueil\/"},{"@type":"ListItem","position":2,"name":"Boutique","item":"https:\/\/poterie-de-crestet.com\/ceramiques\/"},{"@type":"ListItem","position":3,"name":"Mittagsbecher Ozean"}]},{"@type":"WebSite","@id":"https:\/\/poterie-de-crestet.com\/de\/#website","url":"https:\/\/poterie-de-crestet.com\/de\/","name":"Poterie de Crestet","description":"Des milliers de poteries inpir\u00e9es de la Provence","publisher":{"@id":"https:\/\/poterie-de-crestet.com\/de\/#organization"},"potentialAction":[{"@type":"SearchAction","target":{"@type":"EntryPoint","urlTemplate":"https:\/\/poterie-de-crestet.com\/de\/?s={search_term_string}"},"query-input":{"@type":"PropertyValueSpecification","valueRequired":true,"valueName":"search_term_string"}}],"inLanguage":"de"},{"@type":"Organization","@id":"https:\/\/poterie-de-crestet.com\/de\/#organization","name":"Poterie de Crestet","url":"https:\/\/poterie-de-crestet.com\/de\/","logo":{"@type":"ImageObject","inLanguage":"de","@id":"https:\/\/poterie-de-crestet.com\/de\/#\/schema\/logo\/image\/","url":"https:\/\/i0.wp.com\/poterie-de-crestet.com\/wp-content\/uploads\/2025\/03\/Propo-4.png?fit=1000%2C462&ssl=1","contentUrl":"https:\/\/i0.wp.com\/poterie-de-crestet.com\/wp-content\/uploads\/2025\/03\/Propo-4.png?fit=1000%2C462&ssl=1","width":1000,"height":462,"caption":"Poterie de Crestet"},"image":{"@id":"https:\/\/poterie-de-crestet.com\/de\/#\/schema\/logo\/image\/"}}]}},"jetpack_sharing_enabled":true,"_links":{"self":[{"href":"https:\/\/poterie-de-crestet.com\/de\/wp-json\/wp\/v2\/product\/22150","targetHints":{"allow":["GET"]}}],"collection":[{"href":"https:\/\/poterie-de-crestet.com\/de\/wp-json\/wp\/v2\/product"}],"about":[{"href":"https:\/\/poterie-de-crestet.com\/de\/wp-json\/wp\/v2\/types\/product"}],"replies":[{"embeddable":true,"href":"https:\/\/poterie-de-crestet.com\/de\/wp-json\/wp\/v2\/comments?post=22150"}],"version-history":[{"count":0,"href":"https:\/\/poterie-de-crestet.com\/de\/wp-json\/wp\/v2\/product\/22150\/revisions"}],"wp:featuredmedia":[{"embeddable":true,"href":"https:\/\/poterie-de-crestet.com\/de\/wp-json\/wp\/v2\/media\/8446"}],"wp:attachment":[{"href":"https:\/\/poterie-de-crestet.com\/de\/wp-json\/wp\/v2\/media?parent=22150"}],"wp:term":[{"taxonomy":"product_brand","embeddable":true,"href":"https:\/\/poterie-de-crestet.com\/de\/wp-json\/wp\/v2\/product_brand?post=22150"},{"taxonomy":"product_cat","embeddable":true,"href":"https:\/\/poterie-de-crestet.com\/de\/wp-json\/wp\/v2\/product_cat?post=22150"},{"taxonomy":"product_tag","embeddable":true,"href":"https:\/\/poterie-de-crestet.com\/de\/wp-json\/wp\/v2\/product_tag?post=22150"}],"curies":[{"name":"wp","href":"https:\/\/api.w.org\/{rel}","templated":true}]}}