{"id":22125,"date":"2025-04-11T12:14:02","date_gmt":"2025-04-11T10:14:02","guid":{"rendered":"https:\/\/poterie-de-crestet.com\/ceramiques\/besteckhalter-tropisch\/"},"modified":"2025-04-11T12:14:02","modified_gmt":"2025-04-11T10:14:02","slug":"besteckhalter-tropisch","status":"publish","type":"product","link":"https:\/\/poterie-de-crestet.com\/de\/keramik\/besteckhalter-tropisch\/","title":{"rendered":"Besteckhalter  <h5>Tropisch<\/h5>"},"content":{"rendered":"<p data-start=\"3823\" data-end=\"4113\">Mit seinem stilisierten Laub und den leuchtenden Farben l\u00e4dt das tropische Dekor dazu ein, direkt in die K\u00fcche zu gehen. Dieser Keramikbesteckhalter passt problemlos L\u00f6ffel, K\u00f6ffel und Schneebesen und sorgt gleichzeitig f\u00fcr eine warme Atmosph\u00e4re im Inneren. <\/p>\n<p data-start=\"4115\" data-end=\"4351\">Wie all unsere Keramik ist sie handbemalt, sp\u00fclmaschinenfest und Lebensmittelkonform. Es kann auch umgeleitet werden: Warum pflanzt man nicht frische Kr\u00e4uter darin oder macht daraus ein farbenfrohes B\u00fcro? <\/p>\n<p data-start=\"4353\" data-end=\"4502\">Kombinieren Sie ihn mit dem Kartoffelbeutel aus demselben Dekor, um eine sch\u00f6ne visuelle Einheit zu schaffen, oder spielen Sie mit Kontrasten mit einem <a href=\"https:\/\/poterie-de-crestet.com\/de\/keramik\/saliere-poivriere-gouttes-bleues\/\">Blue Drops Salz- und Pfefferstreuer.<\/a><\/p>\n","protected":false},"excerpt":{"rendered":"<p>Ein tropisches Design, das Sonnenschein auf Ihre Arbeitsplatte bringt. Perfekt f\u00fcr Besteck, L\u00f6ffel oder frische Kr\u00e4uter. <br data-start=\"3784\" data-end=\"3787\"><strong data-start=\"3787\" data-end=\"3821\"><em data-start=\"3789\" data-end=\"3819\">Ma\u00dfe: 12 \u00d7 12 \u00d7 15 cm<\/em><\/strong><\/p>\n","protected":false},"featured_media":8634,"comment_status":"open","ping_status":"closed","template":"","meta":[],"product_brand":[],"product_cat":[359],"product_tag":[227],"class_list":{"0":"post-22125","1":"product","2":"type-product","3":"status-publish","4":"has-post-thumbnail","6":"product_cat-besteckhalter","7":"product_tag-tropisch","9":"first","10":"instock","11":"taxable","12":"shipping-taxable","13":"purchasable","14":"product-type-simple"},"yoast_head":"<!-- This site is optimized with the Yoast SEO plugin v27.5 - https:\/\/yoast.com\/product\/yoast-seo-wordpress\/ -->\n<title>Besteckhalter Tropisch - Poterie de Crestet<\/title>\n<meta name=\"description\" content=\"Ein Utensilhalter in tropischer Dekoration, um Ihre K\u00fcchenaccessoires stilvoll aufzubewahren. Praktisch, leuchtend, handbemalt.\" \/>\n<meta name=\"robots\" content=\"index, follow, max-snippet:-1, max-image-preview:large, max-video-preview:-1\" \/>\n<link rel=\"canonical\" href=\"https:\/\/poterie-de-crestet.com\/de\/keramik\/besteckhalter-tropisch\/\" \/>\n<meta property=\"og:locale\" content=\"de_DE\" \/>\n<meta property=\"og:type\" content=\"article\" \/>\n<meta property=\"og:title\" content=\"Besteckhalter Tropisch - Poterie de Crestet\" \/>\n<meta property=\"og:description\" content=\"Ein Utensilhalter in tropischer Dekoration, um Ihre K\u00fcchenaccessoires stilvoll aufzubewahren. Praktisch, leuchtend, handbemalt.\" \/>\n<meta property=\"og:url\" content=\"https:\/\/poterie-de-crestet.com\/de\/keramik\/besteckhalter-tropisch\/\" \/>\n<meta property=\"og:site_name\" content=\"Poterie de Crestet\" \/>\n<meta property=\"og:image\" content=\"https:\/\/i0.wp.com\/poterie-de-crestet.com\/wp-content\/uploads\/2025\/04\/ustensile-tropical.jpg?fit=458%2C458&ssl=1\" \/>\n\t<meta property=\"og:image:width\" content=\"458\" \/>\n\t<meta property=\"og:image:height\" content=\"458\" \/>\n\t<meta property=\"og:image:type\" content=\"image\/jpeg\" \/>\n<meta name=\"twitter:card\" content=\"summary_large_image\" \/>\n<meta name=\"twitter:label1\" content=\"Gesch\u00e4tzte Lesezeit\" \/>\n\t<meta name=\"twitter:data1\" content=\"1\u00a0Minute\" \/>\n<script type=\"application\/ld+json\" class=\"yoast-schema-graph\">{\"@context\":\"https:\\\/\\\/schema.org\",\"@graph\":[{\"@type\":\"WebPage\",\"@id\":\"https:\\\/\\\/poterie-de-crestet.com\\\/de\\\/keramik\\\/besteckhalter-tropisch\\\/\",\"url\":\"https:\\\/\\\/poterie-de-crestet.com\\\/de\\\/keramik\\\/besteckhalter-tropisch\\\/\",\"name\":\"Besteckhalter Tropisch - Poterie de Crestet\",\"isPartOf\":{\"@id\":\"https:\\\/\\\/poterie-de-crestet.com\\\/de\\\/#website\"},\"primaryImageOfPage\":{\"@id\":\"https:\\\/\\\/poterie-de-crestet.com\\\/de\\\/keramik\\\/besteckhalter-tropisch\\\/#primaryimage\"},\"image\":{\"@id\":\"https:\\\/\\\/poterie-de-crestet.com\\\/de\\\/keramik\\\/besteckhalter-tropisch\\\/#primaryimage\"},\"thumbnailUrl\":\"https:\\\/\\\/i0.wp.com\\\/poterie-de-crestet.com\\\/wp-content\\\/uploads\\\/2025\\\/04\\\/ustensile-tropical.jpg?fit=458%2C458&ssl=1\",\"datePublished\":\"2025-04-11T10:14:02+00:00\",\"description\":\"Ein Utensilhalter in tropischer Dekoration, um Ihre K\u00fcchenaccessoires stilvoll aufzubewahren. Praktisch, leuchtend, handbemalt.\",\"breadcrumb\":{\"@id\":\"https:\\\/\\\/poterie-de-crestet.com\\\/de\\\/keramik\\\/besteckhalter-tropisch\\\/#breadcrumb\"},\"inLanguage\":\"de\",\"potentialAction\":[{\"@type\":\"ReadAction\",\"target\":[\"https:\\\/\\\/poterie-de-crestet.com\\\/de\\\/keramik\\\/besteckhalter-tropisch\\\/\"]}]},{\"@type\":\"ImageObject\",\"inLanguage\":\"de\",\"@id\":\"https:\\\/\\\/poterie-de-crestet.com\\\/de\\\/keramik\\\/besteckhalter-tropisch\\\/#primaryimage\",\"url\":\"https:\\\/\\\/i0.wp.com\\\/poterie-de-crestet.com\\\/wp-content\\\/uploads\\\/2025\\\/04\\\/ustensile-tropical.jpg?fit=458%2C458&ssl=1\",\"contentUrl\":\"https:\\\/\\\/i0.wp.com\\\/poterie-de-crestet.com\\\/wp-content\\\/uploads\\\/2025\\\/04\\\/ustensile-tropical.jpg?fit=458%2C458&ssl=1\",\"width\":458,\"height\":458,\"caption\":\"Tropenbesteckhalter\"},{\"@type\":\"BreadcrumbList\",\"@id\":\"https:\\\/\\\/poterie-de-crestet.com\\\/de\\\/keramik\\\/besteckhalter-tropisch\\\/#breadcrumb\",\"itemListElement\":[{\"@type\":\"ListItem\",\"position\":1,\"name\":\"Accueil\",\"item\":\"https:\\\/\\\/poterie-de-crestet.com\\\/de\\\/accueil\\\/\"},{\"@type\":\"ListItem\",\"position\":2,\"name\":\"Boutique\",\"item\":\"https:\\\/\\\/poterie-de-crestet.com\\\/ceramiques\\\/\"},{\"@type\":\"ListItem\",\"position\":3,\"name\":\"Besteckhalter Tropisch\"}]},{\"@type\":\"WebSite\",\"@id\":\"https:\\\/\\\/poterie-de-crestet.com\\\/de\\\/#website\",\"url\":\"https:\\\/\\\/poterie-de-crestet.com\\\/de\\\/\",\"name\":\"Poterie de Crestet\",\"description\":\"Des milliers de poteries inpir\u00e9es de la Provence\",\"publisher\":{\"@id\":\"https:\\\/\\\/poterie-de-crestet.com\\\/de\\\/#organization\"},\"potentialAction\":[{\"@type\":\"SearchAction\",\"target\":{\"@type\":\"EntryPoint\",\"urlTemplate\":\"https:\\\/\\\/poterie-de-crestet.com\\\/de\\\/?s={search_term_string}\"},\"query-input\":{\"@type\":\"PropertyValueSpecification\",\"valueRequired\":true,\"valueName\":\"search_term_string\"}}],\"inLanguage\":\"de\"},{\"@type\":\"Organization\",\"@id\":\"https:\\\/\\\/poterie-de-crestet.com\\\/de\\\/#organization\",\"name\":\"Poterie de Crestet\",\"url\":\"https:\\\/\\\/poterie-de-crestet.com\\\/de\\\/\",\"logo\":{\"@type\":\"ImageObject\",\"inLanguage\":\"de\",\"@id\":\"https:\\\/\\\/poterie-de-crestet.com\\\/de\\\/#\\\/schema\\\/logo\\\/image\\\/\",\"url\":\"https:\\\/\\\/i0.wp.com\\\/poterie-de-crestet.com\\\/wp-content\\\/uploads\\\/2025\\\/03\\\/Propo-4.png?fit=1000%2C462&ssl=1\",\"contentUrl\":\"https:\\\/\\\/i0.wp.com\\\/poterie-de-crestet.com\\\/wp-content\\\/uploads\\\/2025\\\/03\\\/Propo-4.png?fit=1000%2C462&ssl=1\",\"width\":1000,\"height\":462,\"caption\":\"Poterie de Crestet\"},\"image\":{\"@id\":\"https:\\\/\\\/poterie-de-crestet.com\\\/de\\\/#\\\/schema\\\/logo\\\/image\\\/\"}}]}<\/script>\n<!-- \/ Yoast SEO plugin. -->","yoast_head_json":{"title":"Besteckhalter Tropisch - Poterie de Crestet","description":"Ein Utensilhalter in tropischer Dekoration, um Ihre K\u00fcchenaccessoires stilvoll aufzubewahren. Praktisch, leuchtend, handbemalt.","robots":{"index":"index","follow":"follow","max-snippet":"max-snippet:-1","max-image-preview":"max-image-preview:large","max-video-preview":"max-video-preview:-1"},"canonical":"https:\/\/poterie-de-crestet.com\/de\/keramik\/besteckhalter-tropisch\/","og_locale":"de_DE","og_type":"article","og_title":"Besteckhalter Tropisch - Poterie de Crestet","og_description":"Ein Utensilhalter in tropischer Dekoration, um Ihre K\u00fcchenaccessoires stilvoll aufzubewahren. Praktisch, leuchtend, handbemalt.","og_url":"https:\/\/poterie-de-crestet.com\/de\/keramik\/besteckhalter-tropisch\/","og_site_name":"Poterie de Crestet","og_image":[{"width":458,"height":458,"url":"https:\/\/i0.wp.com\/poterie-de-crestet.com\/wp-content\/uploads\/2025\/04\/ustensile-tropical.jpg?fit=458%2C458&ssl=1","type":"image\/jpeg"}],"twitter_card":"summary_large_image","twitter_misc":{"Gesch\u00e4tzte Lesezeit":"1\u00a0Minute"},"schema":{"@context":"https:\/\/schema.org","@graph":[{"@type":"WebPage","@id":"https:\/\/poterie-de-crestet.com\/de\/keramik\/besteckhalter-tropisch\/","url":"https:\/\/poterie-de-crestet.com\/de\/keramik\/besteckhalter-tropisch\/","name":"Besteckhalter Tropisch - Poterie de Crestet","isPartOf":{"@id":"https:\/\/poterie-de-crestet.com\/de\/#website"},"primaryImageOfPage":{"@id":"https:\/\/poterie-de-crestet.com\/de\/keramik\/besteckhalter-tropisch\/#primaryimage"},"image":{"@id":"https:\/\/poterie-de-crestet.com\/de\/keramik\/besteckhalter-tropisch\/#primaryimage"},"thumbnailUrl":"https:\/\/i0.wp.com\/poterie-de-crestet.com\/wp-content\/uploads\/2025\/04\/ustensile-tropical.jpg?fit=458%2C458&ssl=1","datePublished":"2025-04-11T10:14:02+00:00","description":"Ein Utensilhalter in tropischer Dekoration, um Ihre K\u00fcchenaccessoires stilvoll aufzubewahren. Praktisch, leuchtend, handbemalt.","breadcrumb":{"@id":"https:\/\/poterie-de-crestet.com\/de\/keramik\/besteckhalter-tropisch\/#breadcrumb"},"inLanguage":"de","potentialAction":[{"@type":"ReadAction","target":["https:\/\/poterie-de-crestet.com\/de\/keramik\/besteckhalter-tropisch\/"]}]},{"@type":"ImageObject","inLanguage":"de","@id":"https:\/\/poterie-de-crestet.com\/de\/keramik\/besteckhalter-tropisch\/#primaryimage","url":"https:\/\/i0.wp.com\/poterie-de-crestet.com\/wp-content\/uploads\/2025\/04\/ustensile-tropical.jpg?fit=458%2C458&ssl=1","contentUrl":"https:\/\/i0.wp.com\/poterie-de-crestet.com\/wp-content\/uploads\/2025\/04\/ustensile-tropical.jpg?fit=458%2C458&ssl=1","width":458,"height":458,"caption":"Tropenbesteckhalter"},{"@type":"BreadcrumbList","@id":"https:\/\/poterie-de-crestet.com\/de\/keramik\/besteckhalter-tropisch\/#breadcrumb","itemListElement":[{"@type":"ListItem","position":1,"name":"Accueil","item":"https:\/\/poterie-de-crestet.com\/de\/accueil\/"},{"@type":"ListItem","position":2,"name":"Boutique","item":"https:\/\/poterie-de-crestet.com\/ceramiques\/"},{"@type":"ListItem","position":3,"name":"Besteckhalter Tropisch"}]},{"@type":"WebSite","@id":"https:\/\/poterie-de-crestet.com\/de\/#website","url":"https:\/\/poterie-de-crestet.com\/de\/","name":"Poterie de Crestet","description":"Des milliers de poteries inpir\u00e9es de la Provence","publisher":{"@id":"https:\/\/poterie-de-crestet.com\/de\/#organization"},"potentialAction":[{"@type":"SearchAction","target":{"@type":"EntryPoint","urlTemplate":"https:\/\/poterie-de-crestet.com\/de\/?s={search_term_string}"},"query-input":{"@type":"PropertyValueSpecification","valueRequired":true,"valueName":"search_term_string"}}],"inLanguage":"de"},{"@type":"Organization","@id":"https:\/\/poterie-de-crestet.com\/de\/#organization","name":"Poterie de Crestet","url":"https:\/\/poterie-de-crestet.com\/de\/","logo":{"@type":"ImageObject","inLanguage":"de","@id":"https:\/\/poterie-de-crestet.com\/de\/#\/schema\/logo\/image\/","url":"https:\/\/i0.wp.com\/poterie-de-crestet.com\/wp-content\/uploads\/2025\/03\/Propo-4.png?fit=1000%2C462&ssl=1","contentUrl":"https:\/\/i0.wp.com\/poterie-de-crestet.com\/wp-content\/uploads\/2025\/03\/Propo-4.png?fit=1000%2C462&ssl=1","width":1000,"height":462,"caption":"Poterie de Crestet"},"image":{"@id":"https:\/\/poterie-de-crestet.com\/de\/#\/schema\/logo\/image\/"}}]}},"jetpack_sharing_enabled":true,"_links":{"self":[{"href":"https:\/\/poterie-de-crestet.com\/de\/wp-json\/wp\/v2\/product\/22125","targetHints":{"allow":["GET"]}}],"collection":[{"href":"https:\/\/poterie-de-crestet.com\/de\/wp-json\/wp\/v2\/product"}],"about":[{"href":"https:\/\/poterie-de-crestet.com\/de\/wp-json\/wp\/v2\/types\/product"}],"replies":[{"embeddable":true,"href":"https:\/\/poterie-de-crestet.com\/de\/wp-json\/wp\/v2\/comments?post=22125"}],"version-history":[{"count":0,"href":"https:\/\/poterie-de-crestet.com\/de\/wp-json\/wp\/v2\/product\/22125\/revisions"}],"wp:featuredmedia":[{"embeddable":true,"href":"https:\/\/poterie-de-crestet.com\/de\/wp-json\/wp\/v2\/media\/8634"}],"wp:attachment":[{"href":"https:\/\/poterie-de-crestet.com\/de\/wp-json\/wp\/v2\/media?parent=22125"}],"wp:term":[{"taxonomy":"product_brand","embeddable":true,"href":"https:\/\/poterie-de-crestet.com\/de\/wp-json\/wp\/v2\/product_brand?post=22125"},{"taxonomy":"product_cat","embeddable":true,"href":"https:\/\/poterie-de-crestet.com\/de\/wp-json\/wp\/v2\/product_cat?post=22125"},{"taxonomy":"product_tag","embeddable":true,"href":"https:\/\/poterie-de-crestet.com\/de\/wp-json\/wp\/v2\/product_tag?post=22125"}],"curies":[{"name":"wp","href":"https:\/\/api.w.org\/{rel}","templated":true}]}}