{"id":21891,"date":"2025-04-11T12:14:19","date_gmt":"2025-04-11T10:14:19","guid":{"rendered":"https:\/\/poterie-de-crestet.com\/ceramiques\/abtropfen-leichter-boden\/"},"modified":"2025-04-11T12:14:19","modified_gmt":"2025-04-11T10:14:19","slug":"abtropfen-leichter-boden","status":"publish","type":"product","link":"https:\/\/poterie-de-crestet.com\/de\/keramik\/abtropfen-leichter-boden\/","title":{"rendered":"Abtropfen  <h5>Leichter Boden<\/h5>"},"content":{"rendered":"<p class=\"\" data-start=\"456\" data-end=\"771\">Schlicht, praktisch und hell \u2013 der Sol Clair dekorative Abfluss ist ein allt\u00e4gliches Muss. Man sp\u00fclt ein paar Erdbeeren, Kirschtomaten, Trauben oder ein kleines B\u00fcndel Petersilie ab, und voil\u00e0: auf den Weg zum Tisch! Kein Umkippen n\u00f6tig, du servierst direkt in diesem h\u00fcbschen Beh\u00e4lter.  <\/p>\n<p class=\"\" data-start=\"773\" data-end=\"1072\">Die L\u00f6cher am Boden erm\u00f6glichen einen schnellen Wasserabfluss, und die Gr\u00f6\u00dfe ist perfekt f\u00fcr kleine Mengen. Sp\u00fclmaschinenfest, handbemalt und lebensmittelfest, kann es auch verwendet werden, um Fetaw\u00fcrfel oder vorgewaschenes Obst abzutropfen, um sich k\u00fchl zu halten. <\/p>\n<p class=\"\" data-start=\"1074\" data-end=\"1221\">Kombinieren Sie ihn mit der <a class=\"\" href=\"https:\/\/poterie-de-crestet.com\/de\/keramik\/aperitif-schale-3-gm-leichter-boden\/\" rel=\"noopener\" data-start=\"1089\" data-end=\"1133\">Sol Clair 3-F\u00e4cher-Aperitifschale<\/a> f\u00fcr einen abgestimmten Tisch oder mit einem <a class=\"\" href=\"https:\/\/poterie-de-crestet.com\/de\/keramik\/eierbecher-blauer-platz\/\" rel=\"noopener\" data-start=\"1169\" data-end=\"1195\">blauen Carr\u00e9-Eierbecher<\/a> f\u00fcr eine kontrastreiche Note.<\/p>\n","protected":false},"excerpt":{"rendered":"<p>Dekorativer Abfluss mit leichtem Boden. Ideal, um Erdbeeren, Tomaten oder Trauben auszusp\u00fclen und direkt auf dem Tisch zu servieren. <br data-start=\"418\" data-end=\"421\"><strong data-start=\"421\" data-end=\"454\"><em data-start=\"423\" data-end=\"452\">Ma\u00dfe: 17 \u00d7 17 \u00d7 7 cm<\/em><\/strong><\/p>\n","protected":false},"featured_media":8300,"comment_status":"open","ping_status":"closed","template":"","meta":[],"product_brand":[],"product_cat":[412],"product_tag":[234],"class_list":{"0":"post-21891","1":"product","2":"type-product","3":"status-publish","4":"has-post-thumbnail","6":"product_cat-abtropfen","7":"product_tag-leichter-boden","9":"first","10":"instock","11":"taxable","12":"shipping-taxable","13":"purchasable","14":"product-type-simple"},"yoast_head":"<!-- This site is optimized with the Yoast SEO plugin v27.5 - https:\/\/yoast.com\/product\/yoast-seo-wordpress\/ -->\n<title>Abtropfen Leichter Boden - Poterie de Crestet<\/title>\n<meta name=\"description\" content=\"Dekorativer Abfluss mit leichtem Boden. Perfekt, um Erdbeeren, Kr\u00e4uter oder Tomaten auszusp\u00fclen und sch\u00f6n zu servieren. Waschbar, t\u00e4glich zu verwenden, handbemalt.\" \/>\n<meta name=\"robots\" content=\"index, follow, max-snippet:-1, max-image-preview:large, max-video-preview:-1\" \/>\n<link rel=\"canonical\" href=\"https:\/\/poterie-de-crestet.com\/de\/keramik\/abtropfen-leichter-boden\/\" \/>\n<meta property=\"og:locale\" content=\"de_DE\" \/>\n<meta property=\"og:type\" content=\"article\" \/>\n<meta property=\"og:title\" content=\"Abtropfen Leichter Boden - Poterie de Crestet\" \/>\n<meta property=\"og:description\" content=\"Dekorativer Abfluss mit leichtem Boden. Perfekt, um Erdbeeren, Kr\u00e4uter oder Tomaten auszusp\u00fclen und sch\u00f6n zu servieren. Waschbar, t\u00e4glich zu verwenden, handbemalt.\" \/>\n<meta property=\"og:url\" content=\"https:\/\/poterie-de-crestet.com\/de\/keramik\/abtropfen-leichter-boden\/\" \/>\n<meta property=\"og:site_name\" content=\"Poterie de Crestet\" \/>\n<meta property=\"og:image\" content=\"https:\/\/i0.wp.com\/poterie-de-crestet.com\/wp-content\/uploads\/2025\/04\/Poterie-du-Crestet1160.jpg?fit=800%2C532&ssl=1\" \/>\n\t<meta property=\"og:image:width\" content=\"800\" \/>\n\t<meta property=\"og:image:height\" content=\"532\" \/>\n\t<meta property=\"og:image:type\" content=\"image\/jpeg\" \/>\n<meta name=\"twitter:card\" content=\"summary_large_image\" \/>\n<meta name=\"twitter:label1\" content=\"Gesch\u00e4tzte Lesezeit\" \/>\n\t<meta name=\"twitter:data1\" content=\"1\u00a0Minute\" \/>\n<script type=\"application\/ld+json\" class=\"yoast-schema-graph\">{\"@context\":\"https:\\\/\\\/schema.org\",\"@graph\":[{\"@type\":\"WebPage\",\"@id\":\"https:\\\/\\\/poterie-de-crestet.com\\\/de\\\/keramik\\\/abtropfen-leichter-boden\\\/\",\"url\":\"https:\\\/\\\/poterie-de-crestet.com\\\/de\\\/keramik\\\/abtropfen-leichter-boden\\\/\",\"name\":\"Abtropfen Leichter Boden - Poterie de Crestet\",\"isPartOf\":{\"@id\":\"https:\\\/\\\/poterie-de-crestet.com\\\/de\\\/#website\"},\"primaryImageOfPage\":{\"@id\":\"https:\\\/\\\/poterie-de-crestet.com\\\/de\\\/keramik\\\/abtropfen-leichter-boden\\\/#primaryimage\"},\"image\":{\"@id\":\"https:\\\/\\\/poterie-de-crestet.com\\\/de\\\/keramik\\\/abtropfen-leichter-boden\\\/#primaryimage\"},\"thumbnailUrl\":\"https:\\\/\\\/i0.wp.com\\\/poterie-de-crestet.com\\\/wp-content\\\/uploads\\\/2025\\\/04\\\/Poterie-du-Crestet1160.jpg?fit=800%2C532&ssl=1\",\"datePublished\":\"2025-04-11T10:14:19+00:00\",\"description\":\"Dekorativer Abfluss mit leichtem Boden. Perfekt, um Erdbeeren, Kr\u00e4uter oder Tomaten auszusp\u00fclen und sch\u00f6n zu servieren. Waschbar, t\u00e4glich zu verwenden, handbemalt.\",\"breadcrumb\":{\"@id\":\"https:\\\/\\\/poterie-de-crestet.com\\\/de\\\/keramik\\\/abtropfen-leichter-boden\\\/#breadcrumb\"},\"inLanguage\":\"de\",\"potentialAction\":[{\"@type\":\"ReadAction\",\"target\":[\"https:\\\/\\\/poterie-de-crestet.com\\\/de\\\/keramik\\\/abtropfen-leichter-boden\\\/\"]}]},{\"@type\":\"ImageObject\",\"inLanguage\":\"de\",\"@id\":\"https:\\\/\\\/poterie-de-crestet.com\\\/de\\\/keramik\\\/abtropfen-leichter-boden\\\/#primaryimage\",\"url\":\"https:\\\/\\\/i0.wp.com\\\/poterie-de-crestet.com\\\/wp-content\\\/uploads\\\/2025\\\/04\\\/Poterie-du-Crestet1160.jpg?fit=800%2C532&ssl=1\",\"contentUrl\":\"https:\\\/\\\/i0.wp.com\\\/poterie-de-crestet.com\\\/wp-content\\\/uploads\\\/2025\\\/04\\\/Poterie-du-Crestet1160.jpg?fit=800%2C532&ssl=1\",\"width\":800,\"height\":532,\"caption\":\"Dekorativer Drainer Leichter Boden\"},{\"@type\":\"BreadcrumbList\",\"@id\":\"https:\\\/\\\/poterie-de-crestet.com\\\/de\\\/keramik\\\/abtropfen-leichter-boden\\\/#breadcrumb\",\"itemListElement\":[{\"@type\":\"ListItem\",\"position\":1,\"name\":\"Accueil\",\"item\":\"https:\\\/\\\/poterie-de-crestet.com\\\/de\\\/accueil\\\/\"},{\"@type\":\"ListItem\",\"position\":2,\"name\":\"Boutique\",\"item\":\"https:\\\/\\\/poterie-de-crestet.com\\\/ceramiques\\\/\"},{\"@type\":\"ListItem\",\"position\":3,\"name\":\"Abtropfen Leichter Boden\"}]},{\"@type\":\"WebSite\",\"@id\":\"https:\\\/\\\/poterie-de-crestet.com\\\/de\\\/#website\",\"url\":\"https:\\\/\\\/poterie-de-crestet.com\\\/de\\\/\",\"name\":\"Poterie de Crestet\",\"description\":\"Des milliers de poteries inpir\u00e9es de la Provence\",\"publisher\":{\"@id\":\"https:\\\/\\\/poterie-de-crestet.com\\\/de\\\/#organization\"},\"potentialAction\":[{\"@type\":\"SearchAction\",\"target\":{\"@type\":\"EntryPoint\",\"urlTemplate\":\"https:\\\/\\\/poterie-de-crestet.com\\\/de\\\/?s={search_term_string}\"},\"query-input\":{\"@type\":\"PropertyValueSpecification\",\"valueRequired\":true,\"valueName\":\"search_term_string\"}}],\"inLanguage\":\"de\"},{\"@type\":\"Organization\",\"@id\":\"https:\\\/\\\/poterie-de-crestet.com\\\/de\\\/#organization\",\"name\":\"Poterie de Crestet\",\"url\":\"https:\\\/\\\/poterie-de-crestet.com\\\/de\\\/\",\"logo\":{\"@type\":\"ImageObject\",\"inLanguage\":\"de\",\"@id\":\"https:\\\/\\\/poterie-de-crestet.com\\\/de\\\/#\\\/schema\\\/logo\\\/image\\\/\",\"url\":\"https:\\\/\\\/i0.wp.com\\\/poterie-de-crestet.com\\\/wp-content\\\/uploads\\\/2025\\\/03\\\/Propo-4.png?fit=1000%2C462&ssl=1\",\"contentUrl\":\"https:\\\/\\\/i0.wp.com\\\/poterie-de-crestet.com\\\/wp-content\\\/uploads\\\/2025\\\/03\\\/Propo-4.png?fit=1000%2C462&ssl=1\",\"width\":1000,\"height\":462,\"caption\":\"Poterie de Crestet\"},\"image\":{\"@id\":\"https:\\\/\\\/poterie-de-crestet.com\\\/de\\\/#\\\/schema\\\/logo\\\/image\\\/\"}}]}<\/script>\n<!-- \/ Yoast SEO plugin. -->","yoast_head_json":{"title":"Abtropfen Leichter Boden - Poterie de Crestet","description":"Dekorativer Abfluss mit leichtem Boden. Perfekt, um Erdbeeren, Kr\u00e4uter oder Tomaten auszusp\u00fclen und sch\u00f6n zu servieren. Waschbar, t\u00e4glich zu verwenden, handbemalt.","robots":{"index":"index","follow":"follow","max-snippet":"max-snippet:-1","max-image-preview":"max-image-preview:large","max-video-preview":"max-video-preview:-1"},"canonical":"https:\/\/poterie-de-crestet.com\/de\/keramik\/abtropfen-leichter-boden\/","og_locale":"de_DE","og_type":"article","og_title":"Abtropfen Leichter Boden - Poterie de Crestet","og_description":"Dekorativer Abfluss mit leichtem Boden. Perfekt, um Erdbeeren, Kr\u00e4uter oder Tomaten auszusp\u00fclen und sch\u00f6n zu servieren. Waschbar, t\u00e4glich zu verwenden, handbemalt.","og_url":"https:\/\/poterie-de-crestet.com\/de\/keramik\/abtropfen-leichter-boden\/","og_site_name":"Poterie de Crestet","og_image":[{"width":800,"height":532,"url":"https:\/\/i0.wp.com\/poterie-de-crestet.com\/wp-content\/uploads\/2025\/04\/Poterie-du-Crestet1160.jpg?fit=800%2C532&ssl=1","type":"image\/jpeg"}],"twitter_card":"summary_large_image","twitter_misc":{"Gesch\u00e4tzte Lesezeit":"1\u00a0Minute"},"schema":{"@context":"https:\/\/schema.org","@graph":[{"@type":"WebPage","@id":"https:\/\/poterie-de-crestet.com\/de\/keramik\/abtropfen-leichter-boden\/","url":"https:\/\/poterie-de-crestet.com\/de\/keramik\/abtropfen-leichter-boden\/","name":"Abtropfen Leichter Boden - Poterie de Crestet","isPartOf":{"@id":"https:\/\/poterie-de-crestet.com\/de\/#website"},"primaryImageOfPage":{"@id":"https:\/\/poterie-de-crestet.com\/de\/keramik\/abtropfen-leichter-boden\/#primaryimage"},"image":{"@id":"https:\/\/poterie-de-crestet.com\/de\/keramik\/abtropfen-leichter-boden\/#primaryimage"},"thumbnailUrl":"https:\/\/i0.wp.com\/poterie-de-crestet.com\/wp-content\/uploads\/2025\/04\/Poterie-du-Crestet1160.jpg?fit=800%2C532&ssl=1","datePublished":"2025-04-11T10:14:19+00:00","description":"Dekorativer Abfluss mit leichtem Boden. Perfekt, um Erdbeeren, Kr\u00e4uter oder Tomaten auszusp\u00fclen und sch\u00f6n zu servieren. Waschbar, t\u00e4glich zu verwenden, handbemalt.","breadcrumb":{"@id":"https:\/\/poterie-de-crestet.com\/de\/keramik\/abtropfen-leichter-boden\/#breadcrumb"},"inLanguage":"de","potentialAction":[{"@type":"ReadAction","target":["https:\/\/poterie-de-crestet.com\/de\/keramik\/abtropfen-leichter-boden\/"]}]},{"@type":"ImageObject","inLanguage":"de","@id":"https:\/\/poterie-de-crestet.com\/de\/keramik\/abtropfen-leichter-boden\/#primaryimage","url":"https:\/\/i0.wp.com\/poterie-de-crestet.com\/wp-content\/uploads\/2025\/04\/Poterie-du-Crestet1160.jpg?fit=800%2C532&ssl=1","contentUrl":"https:\/\/i0.wp.com\/poterie-de-crestet.com\/wp-content\/uploads\/2025\/04\/Poterie-du-Crestet1160.jpg?fit=800%2C532&ssl=1","width":800,"height":532,"caption":"Dekorativer Drainer Leichter Boden"},{"@type":"BreadcrumbList","@id":"https:\/\/poterie-de-crestet.com\/de\/keramik\/abtropfen-leichter-boden\/#breadcrumb","itemListElement":[{"@type":"ListItem","position":1,"name":"Accueil","item":"https:\/\/poterie-de-crestet.com\/de\/accueil\/"},{"@type":"ListItem","position":2,"name":"Boutique","item":"https:\/\/poterie-de-crestet.com\/ceramiques\/"},{"@type":"ListItem","position":3,"name":"Abtropfen Leichter Boden"}]},{"@type":"WebSite","@id":"https:\/\/poterie-de-crestet.com\/de\/#website","url":"https:\/\/poterie-de-crestet.com\/de\/","name":"Poterie de Crestet","description":"Des milliers de poteries inpir\u00e9es de la Provence","publisher":{"@id":"https:\/\/poterie-de-crestet.com\/de\/#organization"},"potentialAction":[{"@type":"SearchAction","target":{"@type":"EntryPoint","urlTemplate":"https:\/\/poterie-de-crestet.com\/de\/?s={search_term_string}"},"query-input":{"@type":"PropertyValueSpecification","valueRequired":true,"valueName":"search_term_string"}}],"inLanguage":"de"},{"@type":"Organization","@id":"https:\/\/poterie-de-crestet.com\/de\/#organization","name":"Poterie de Crestet","url":"https:\/\/poterie-de-crestet.com\/de\/","logo":{"@type":"ImageObject","inLanguage":"de","@id":"https:\/\/poterie-de-crestet.com\/de\/#\/schema\/logo\/image\/","url":"https:\/\/i0.wp.com\/poterie-de-crestet.com\/wp-content\/uploads\/2025\/03\/Propo-4.png?fit=1000%2C462&ssl=1","contentUrl":"https:\/\/i0.wp.com\/poterie-de-crestet.com\/wp-content\/uploads\/2025\/03\/Propo-4.png?fit=1000%2C462&ssl=1","width":1000,"height":462,"caption":"Poterie de Crestet"},"image":{"@id":"https:\/\/poterie-de-crestet.com\/de\/#\/schema\/logo\/image\/"}}]}},"jetpack_sharing_enabled":true,"_links":{"self":[{"href":"https:\/\/poterie-de-crestet.com\/de\/wp-json\/wp\/v2\/product\/21891","targetHints":{"allow":["GET"]}}],"collection":[{"href":"https:\/\/poterie-de-crestet.com\/de\/wp-json\/wp\/v2\/product"}],"about":[{"href":"https:\/\/poterie-de-crestet.com\/de\/wp-json\/wp\/v2\/types\/product"}],"replies":[{"embeddable":true,"href":"https:\/\/poterie-de-crestet.com\/de\/wp-json\/wp\/v2\/comments?post=21891"}],"version-history":[{"count":0,"href":"https:\/\/poterie-de-crestet.com\/de\/wp-json\/wp\/v2\/product\/21891\/revisions"}],"wp:featuredmedia":[{"embeddable":true,"href":"https:\/\/poterie-de-crestet.com\/de\/wp-json\/wp\/v2\/media\/8300"}],"wp:attachment":[{"href":"https:\/\/poterie-de-crestet.com\/de\/wp-json\/wp\/v2\/media?parent=21891"}],"wp:term":[{"taxonomy":"product_brand","embeddable":true,"href":"https:\/\/poterie-de-crestet.com\/de\/wp-json\/wp\/v2\/product_brand?post=21891"},{"taxonomy":"product_cat","embeddable":true,"href":"https:\/\/poterie-de-crestet.com\/de\/wp-json\/wp\/v2\/product_cat?post=21891"},{"taxonomy":"product_tag","embeddable":true,"href":"https:\/\/poterie-de-crestet.com\/de\/wp-json\/wp\/v2\/product_tag?post=21891"}],"curies":[{"name":"wp","href":"https:\/\/api.w.org\/{rel}","templated":true}]}}