{"id":21753,"date":"2025-08-22T14:55:18","date_gmt":"2025-08-22T12:55:18","guid":{"rendered":"https:\/\/poterie-de-crestet.com\/ceramiques\/mittelhohe-schuessel-mit-hohem-rand-blau\/"},"modified":"2025-08-22T14:55:18","modified_gmt":"2025-08-22T12:55:18","slug":"mittelhohe-schuessel-mit-hohem-rand-blau","status":"publish","type":"product","link":"https:\/\/poterie-de-crestet.com\/de\/keramik\/mittelhohe-schuessel-mit-hohem-rand-blau\/","title":{"rendered":"Mittelhohe Sch\u00fcssel mit hohem Rand  <h5>Blau<\/h5>"},"content":{"rendered":"<p>Dieses keramische Hochgericht in <strong data-start=\"503\" data-end=\"511\">blauer Dekoration<\/strong> ist Ihr t\u00e4glicher Servicepartner: <strong data-start=\"552\" data-end=\"571\">Servierschale<\/strong>, <strong data-start=\"573\" data-end=\"597\">Pr\u00e4sentationsgericht<\/strong> oder <strong data-start=\"601\" data-end=\"620\">Teilgericht<\/strong> f\u00fcr gro\u00dfz\u00fcgige Salate, ger\u00f6stetes Gem\u00fcse, sonniges Tabbouleh oder Sommerfr\u00fcchte. Seine hohe Form (\u00d8 23 cm, H 9 cm) verleiht ihm eine sch\u00f6ne Kapazit\u00e4t, ohne zu viel Platz auf dem Tisch einzunehmen: praktisch f\u00fcr Familienger\u00e4te, gro\u00dfe Tische oder das improvisierte Sonntagsbuffet. Er wird oft als <strong data-start=\"929\" data-end=\"946\">hohe Sch\u00fcssel<\/strong> verwendet, um die Zubereitungen im K\u00fchlschrank k\u00fchl zu halten; Und als es soweit ist, bewegt er sich mit derselben Eleganz von der K\u00fcche zum Tisch.<br data-start=\"1089\" data-end=\"1092\">Die <strong data-start=\"1101\" data-end=\"1109\">Blue-Dekoration<\/strong> verleiht eine frische und zeitlose Note: Sie l\u00e4sst sich leicht mit Ihrem bestehenden <strong data-start=\"1181\" data-end=\"1194\">Geschirr<\/strong> kombinieren und passt zu wei\u00dfen Tischdecken, hellem Holz oder farbenfroheren Atmosph\u00e4ren. Im Alltag lieben wir seine Widerstandsf\u00e4higkeit und Pflege ohne Kopfschmerzen: <strong data-start=\"1367\" data-end=\"1411\">Sp\u00fclmaschinen- und Mikrowellen-kompatibel<\/strong>, sie folgt dem Rhythmus des Hauses. Um Ihre Leistungen zu optimieren, ist das Gericht <strong data-start=\"1489\" data-end=\"1515\">auch in einem Set von 2 oder 3 erh\u00e4ltlich<\/strong> : perfekt f\u00fcr die Zusammenstellung eines Trios aus Vorspeisen mit Hauptgericht oder zum Wechsel zwischen Schalen im Service und einem in der Sp\u00fclmaschine. Nutzen Sie unser <g id=\"gid_9\"><g id=\"gid_10\">Sonderangebot in Chargen<\/g><\/g> , um die Sammlung zu vervollst\u00e4ndigen.<br data-start=\"1763\" data-end=\"1766\">Willst du eine Farberinnerung auf dem Tisch? Denken Sie an die <a href=\"https:\/\/poterie-de-crestet.com\/de\/keramik\/bowl-3-waehlt-klein-blau\/\"><strong data-start=\"1820\" data-end=\"1839\">Blue 3 Picks Bowl<\/strong><\/a>, ideal f\u00fcr Oliven, So\u00dfen oder Croutons: Die Kombination ist sofort und sorgt f\u00fcr harmonischer Atmosph\u00e4re. Tipp: Mische ein gro\u00dfes, buntes Gericht mit n\u00fcchternen Tellern, damit die Dekoration gl\u00e4nzt, ohne den Tisch zu \u00fcberladen. Und wenn du gerne Pr\u00e4sentationen teilst, h\u00e4lt dieses Gericht perfekt die geschichteten Zusammensetzungen (rohes Gem\u00fcse, M\u00fcsli, Kr\u00e4uter), die dank der hohen Kanten an Ort und Stelle bleiben&#8230; Hoch genug, um die Menge deiner Rezepte zu fassen, kompakt genug, um problemlos auf die Sp\u00fclmaschine zu passen.        <\/p>\n","protected":false},"excerpt":{"rendered":"<p>Dish Series High Medium Blue Dekor: einfacher t\u00e4glicher Service, Salate und Gerichte zum Teilen. Sp\u00fclmaschinen- und Mikrowellenfest. Auch in <strong data-start=\"2594\" data-end=\"2611\">einem Set von 2 oder 3<\/strong> erh\u00e4ltlich.  <br data-start=\"2629\" data-end=\"2632\"><em data-start=\"2632\" data-end=\"2660\"><strong data-start=\"2633\" data-end=\"2659\">Abmessungen: 23 \u00d7 9 cm<\/strong><\/em><\/p>\n","protected":false},"featured_media":14046,"comment_status":"open","ping_status":"closed","template":"","meta":[],"product_brand":[],"product_cat":[404],"product_tag":[203],"class_list":{"0":"post-21753","1":"product","2":"type-product","3":"status-publish","4":"has-post-thumbnail","6":"product_cat-mittelhohe-schussel-mit-hohem-rand","7":"product_tag-blau","9":"first","10":"instock","11":"taxable","12":"shipping-taxable","13":"purchasable","14":"product-type-simple"},"yoast_head":"<!-- This site is optimized with the Yoast SEO plugin v27.5 - https:\/\/yoast.com\/product\/yoast-seo-wordpress\/ -->\n<title>Mittelhohe Sch\u00fcssel mit hohem Rand Blau - Poterie de Crestet<\/title>\n<meta name=\"description\" content=\"Medium High Series Dish Blue: vielseitige Keramik zum Teilen. Sp\u00fclmaschinen- und Mikrowellenfest. Nutzen Sie unser Bundle-Angebot.\" \/>\n<meta name=\"robots\" content=\"index, follow, max-snippet:-1, max-image-preview:large, max-video-preview:-1\" \/>\n<link rel=\"canonical\" href=\"https:\/\/poterie-de-crestet.com\/de\/keramik\/mittelhohe-schuessel-mit-hohem-rand-blau\/\" \/>\n<meta property=\"og:locale\" content=\"de_DE\" \/>\n<meta property=\"og:type\" content=\"article\" \/>\n<meta property=\"og:title\" content=\"Mittelhohe Sch\u00fcssel mit hohem Rand Blau - Poterie de Crestet\" \/>\n<meta property=\"og:description\" content=\"Medium High Series Dish Blue: vielseitige Keramik zum Teilen. Sp\u00fclmaschinen- und Mikrowellenfest. Nutzen Sie unser Bundle-Angebot.\" \/>\n<meta property=\"og:url\" content=\"https:\/\/poterie-de-crestet.com\/de\/keramik\/mittelhohe-schuessel-mit-hohem-rand-blau\/\" \/>\n<meta property=\"og:site_name\" content=\"Poterie de Crestet\" \/>\n<meta property=\"og:image\" content=\"https:\/\/i0.wp.com\/poterie-de-crestet.com\/wp-content\/uploads\/2025\/08\/plat-rebord-haut-46.jpg?fit=800%2C532&ssl=1\" \/>\n\t<meta property=\"og:image:width\" content=\"800\" \/>\n\t<meta property=\"og:image:height\" content=\"532\" \/>\n\t<meta property=\"og:image:type\" content=\"image\/jpeg\" \/>\n<meta name=\"twitter:card\" content=\"summary_large_image\" \/>\n<meta name=\"twitter:label1\" content=\"Gesch\u00e4tzte Lesezeit\" \/>\n\t<meta name=\"twitter:data1\" content=\"2\u00a0Minute\" \/>\n<script type=\"application\/ld+json\" class=\"yoast-schema-graph\">{\"@context\":\"https:\\\/\\\/schema.org\",\"@graph\":[{\"@type\":\"WebPage\",\"@id\":\"https:\\\/\\\/poterie-de-crestet.com\\\/de\\\/keramik\\\/mittelhohe-schuessel-mit-hohem-rand-blau\\\/\",\"url\":\"https:\\\/\\\/poterie-de-crestet.com\\\/de\\\/keramik\\\/mittelhohe-schuessel-mit-hohem-rand-blau\\\/\",\"name\":\"Mittelhohe Sch\u00fcssel mit hohem Rand Blau - Poterie de Crestet\",\"isPartOf\":{\"@id\":\"https:\\\/\\\/poterie-de-crestet.com\\\/de\\\/#website\"},\"primaryImageOfPage\":{\"@id\":\"https:\\\/\\\/poterie-de-crestet.com\\\/de\\\/keramik\\\/mittelhohe-schuessel-mit-hohem-rand-blau\\\/#primaryimage\"},\"image\":{\"@id\":\"https:\\\/\\\/poterie-de-crestet.com\\\/de\\\/keramik\\\/mittelhohe-schuessel-mit-hohem-rand-blau\\\/#primaryimage\"},\"thumbnailUrl\":\"https:\\\/\\\/i0.wp.com\\\/poterie-de-crestet.com\\\/wp-content\\\/uploads\\\/2025\\\/08\\\/plat-rebord-haut-46.jpg?fit=800%2C532&ssl=1\",\"datePublished\":\"2025-08-22T12:55:18+00:00\",\"description\":\"Medium High Series Dish Blue: vielseitige Keramik zum Teilen. Sp\u00fclmaschinen- und Mikrowellenfest. Nutzen Sie unser Bundle-Angebot.\",\"breadcrumb\":{\"@id\":\"https:\\\/\\\/poterie-de-crestet.com\\\/de\\\/keramik\\\/mittelhohe-schuessel-mit-hohem-rand-blau\\\/#breadcrumb\"},\"inLanguage\":\"de\",\"potentialAction\":[{\"@type\":\"ReadAction\",\"target\":[\"https:\\\/\\\/poterie-de-crestet.com\\\/de\\\/keramik\\\/mittelhohe-schuessel-mit-hohem-rand-blau\\\/\"]}]},{\"@type\":\"ImageObject\",\"inLanguage\":\"de\",\"@id\":\"https:\\\/\\\/poterie-de-crestet.com\\\/de\\\/keramik\\\/mittelhohe-schuessel-mit-hohem-rand-blau\\\/#primaryimage\",\"url\":\"https:\\\/\\\/i0.wp.com\\\/poterie-de-crestet.com\\\/wp-content\\\/uploads\\\/2025\\\/08\\\/plat-rebord-haut-46.jpg?fit=800%2C532&ssl=1\",\"contentUrl\":\"https:\\\/\\\/i0.wp.com\\\/poterie-de-crestet.com\\\/wp-content\\\/uploads\\\/2025\\\/08\\\/plat-rebord-haut-46.jpg?fit=800%2C532&ssl=1\",\"width\":800,\"height\":532,\"caption\":\"Blaue Hohe Randsch\u00fcssel\"},{\"@type\":\"BreadcrumbList\",\"@id\":\"https:\\\/\\\/poterie-de-crestet.com\\\/de\\\/keramik\\\/mittelhohe-schuessel-mit-hohem-rand-blau\\\/#breadcrumb\",\"itemListElement\":[{\"@type\":\"ListItem\",\"position\":1,\"name\":\"Accueil\",\"item\":\"https:\\\/\\\/poterie-de-crestet.com\\\/de\\\/accueil\\\/\"},{\"@type\":\"ListItem\",\"position\":2,\"name\":\"Boutique\",\"item\":\"https:\\\/\\\/poterie-de-crestet.com\\\/ceramiques\\\/\"},{\"@type\":\"ListItem\",\"position\":3,\"name\":\"Mittelhohe Sch\u00fcssel mit hohem Rand Blau\"}]},{\"@type\":\"WebSite\",\"@id\":\"https:\\\/\\\/poterie-de-crestet.com\\\/de\\\/#website\",\"url\":\"https:\\\/\\\/poterie-de-crestet.com\\\/de\\\/\",\"name\":\"Poterie de Crestet\",\"description\":\"Des milliers de poteries inpir\u00e9es de la Provence\",\"publisher\":{\"@id\":\"https:\\\/\\\/poterie-de-crestet.com\\\/de\\\/#organization\"},\"potentialAction\":[{\"@type\":\"SearchAction\",\"target\":{\"@type\":\"EntryPoint\",\"urlTemplate\":\"https:\\\/\\\/poterie-de-crestet.com\\\/de\\\/?s={search_term_string}\"},\"query-input\":{\"@type\":\"PropertyValueSpecification\",\"valueRequired\":true,\"valueName\":\"search_term_string\"}}],\"inLanguage\":\"de\"},{\"@type\":\"Organization\",\"@id\":\"https:\\\/\\\/poterie-de-crestet.com\\\/de\\\/#organization\",\"name\":\"Poterie de Crestet\",\"url\":\"https:\\\/\\\/poterie-de-crestet.com\\\/de\\\/\",\"logo\":{\"@type\":\"ImageObject\",\"inLanguage\":\"de\",\"@id\":\"https:\\\/\\\/poterie-de-crestet.com\\\/de\\\/#\\\/schema\\\/logo\\\/image\\\/\",\"url\":\"https:\\\/\\\/i0.wp.com\\\/poterie-de-crestet.com\\\/wp-content\\\/uploads\\\/2025\\\/03\\\/Propo-4.png?fit=1000%2C462&ssl=1\",\"contentUrl\":\"https:\\\/\\\/i0.wp.com\\\/poterie-de-crestet.com\\\/wp-content\\\/uploads\\\/2025\\\/03\\\/Propo-4.png?fit=1000%2C462&ssl=1\",\"width\":1000,\"height\":462,\"caption\":\"Poterie de Crestet\"},\"image\":{\"@id\":\"https:\\\/\\\/poterie-de-crestet.com\\\/de\\\/#\\\/schema\\\/logo\\\/image\\\/\"}}]}<\/script>\n<!-- \/ Yoast SEO plugin. -->","yoast_head_json":{"title":"Mittelhohe Sch\u00fcssel mit hohem Rand Blau - Poterie de Crestet","description":"Medium High Series Dish Blue: vielseitige Keramik zum Teilen. Sp\u00fclmaschinen- und Mikrowellenfest. Nutzen Sie unser Bundle-Angebot.","robots":{"index":"index","follow":"follow","max-snippet":"max-snippet:-1","max-image-preview":"max-image-preview:large","max-video-preview":"max-video-preview:-1"},"canonical":"https:\/\/poterie-de-crestet.com\/de\/keramik\/mittelhohe-schuessel-mit-hohem-rand-blau\/","og_locale":"de_DE","og_type":"article","og_title":"Mittelhohe Sch\u00fcssel mit hohem Rand Blau - Poterie de Crestet","og_description":"Medium High Series Dish Blue: vielseitige Keramik zum Teilen. Sp\u00fclmaschinen- und Mikrowellenfest. Nutzen Sie unser Bundle-Angebot.","og_url":"https:\/\/poterie-de-crestet.com\/de\/keramik\/mittelhohe-schuessel-mit-hohem-rand-blau\/","og_site_name":"Poterie de Crestet","og_image":[{"width":800,"height":532,"url":"https:\/\/i0.wp.com\/poterie-de-crestet.com\/wp-content\/uploads\/2025\/08\/plat-rebord-haut-46.jpg?fit=800%2C532&ssl=1","type":"image\/jpeg"}],"twitter_card":"summary_large_image","twitter_misc":{"Gesch\u00e4tzte Lesezeit":"2\u00a0Minute"},"schema":{"@context":"https:\/\/schema.org","@graph":[{"@type":"WebPage","@id":"https:\/\/poterie-de-crestet.com\/de\/keramik\/mittelhohe-schuessel-mit-hohem-rand-blau\/","url":"https:\/\/poterie-de-crestet.com\/de\/keramik\/mittelhohe-schuessel-mit-hohem-rand-blau\/","name":"Mittelhohe Sch\u00fcssel mit hohem Rand Blau - Poterie de Crestet","isPartOf":{"@id":"https:\/\/poterie-de-crestet.com\/de\/#website"},"primaryImageOfPage":{"@id":"https:\/\/poterie-de-crestet.com\/de\/keramik\/mittelhohe-schuessel-mit-hohem-rand-blau\/#primaryimage"},"image":{"@id":"https:\/\/poterie-de-crestet.com\/de\/keramik\/mittelhohe-schuessel-mit-hohem-rand-blau\/#primaryimage"},"thumbnailUrl":"https:\/\/i0.wp.com\/poterie-de-crestet.com\/wp-content\/uploads\/2025\/08\/plat-rebord-haut-46.jpg?fit=800%2C532&ssl=1","datePublished":"2025-08-22T12:55:18+00:00","description":"Medium High Series Dish Blue: vielseitige Keramik zum Teilen. Sp\u00fclmaschinen- und Mikrowellenfest. Nutzen Sie unser Bundle-Angebot.","breadcrumb":{"@id":"https:\/\/poterie-de-crestet.com\/de\/keramik\/mittelhohe-schuessel-mit-hohem-rand-blau\/#breadcrumb"},"inLanguage":"de","potentialAction":[{"@type":"ReadAction","target":["https:\/\/poterie-de-crestet.com\/de\/keramik\/mittelhohe-schuessel-mit-hohem-rand-blau\/"]}]},{"@type":"ImageObject","inLanguage":"de","@id":"https:\/\/poterie-de-crestet.com\/de\/keramik\/mittelhohe-schuessel-mit-hohem-rand-blau\/#primaryimage","url":"https:\/\/i0.wp.com\/poterie-de-crestet.com\/wp-content\/uploads\/2025\/08\/plat-rebord-haut-46.jpg?fit=800%2C532&ssl=1","contentUrl":"https:\/\/i0.wp.com\/poterie-de-crestet.com\/wp-content\/uploads\/2025\/08\/plat-rebord-haut-46.jpg?fit=800%2C532&ssl=1","width":800,"height":532,"caption":"Blaue Hohe Randsch\u00fcssel"},{"@type":"BreadcrumbList","@id":"https:\/\/poterie-de-crestet.com\/de\/keramik\/mittelhohe-schuessel-mit-hohem-rand-blau\/#breadcrumb","itemListElement":[{"@type":"ListItem","position":1,"name":"Accueil","item":"https:\/\/poterie-de-crestet.com\/de\/accueil\/"},{"@type":"ListItem","position":2,"name":"Boutique","item":"https:\/\/poterie-de-crestet.com\/ceramiques\/"},{"@type":"ListItem","position":3,"name":"Mittelhohe Sch\u00fcssel mit hohem Rand Blau"}]},{"@type":"WebSite","@id":"https:\/\/poterie-de-crestet.com\/de\/#website","url":"https:\/\/poterie-de-crestet.com\/de\/","name":"Poterie de Crestet","description":"Des milliers de poteries inpir\u00e9es de la Provence","publisher":{"@id":"https:\/\/poterie-de-crestet.com\/de\/#organization"},"potentialAction":[{"@type":"SearchAction","target":{"@type":"EntryPoint","urlTemplate":"https:\/\/poterie-de-crestet.com\/de\/?s={search_term_string}"},"query-input":{"@type":"PropertyValueSpecification","valueRequired":true,"valueName":"search_term_string"}}],"inLanguage":"de"},{"@type":"Organization","@id":"https:\/\/poterie-de-crestet.com\/de\/#organization","name":"Poterie de Crestet","url":"https:\/\/poterie-de-crestet.com\/de\/","logo":{"@type":"ImageObject","inLanguage":"de","@id":"https:\/\/poterie-de-crestet.com\/de\/#\/schema\/logo\/image\/","url":"https:\/\/i0.wp.com\/poterie-de-crestet.com\/wp-content\/uploads\/2025\/03\/Propo-4.png?fit=1000%2C462&ssl=1","contentUrl":"https:\/\/i0.wp.com\/poterie-de-crestet.com\/wp-content\/uploads\/2025\/03\/Propo-4.png?fit=1000%2C462&ssl=1","width":1000,"height":462,"caption":"Poterie de Crestet"},"image":{"@id":"https:\/\/poterie-de-crestet.com\/de\/#\/schema\/logo\/image\/"}}]}},"jetpack_sharing_enabled":true,"_links":{"self":[{"href":"https:\/\/poterie-de-crestet.com\/de\/wp-json\/wp\/v2\/product\/21753","targetHints":{"allow":["GET"]}}],"collection":[{"href":"https:\/\/poterie-de-crestet.com\/de\/wp-json\/wp\/v2\/product"}],"about":[{"href":"https:\/\/poterie-de-crestet.com\/de\/wp-json\/wp\/v2\/types\/product"}],"replies":[{"embeddable":true,"href":"https:\/\/poterie-de-crestet.com\/de\/wp-json\/wp\/v2\/comments?post=21753"}],"version-history":[{"count":0,"href":"https:\/\/poterie-de-crestet.com\/de\/wp-json\/wp\/v2\/product\/21753\/revisions"}],"wp:featuredmedia":[{"embeddable":true,"href":"https:\/\/poterie-de-crestet.com\/de\/wp-json\/wp\/v2\/media\/14046"}],"wp:attachment":[{"href":"https:\/\/poterie-de-crestet.com\/de\/wp-json\/wp\/v2\/media?parent=21753"}],"wp:term":[{"taxonomy":"product_brand","embeddable":true,"href":"https:\/\/poterie-de-crestet.com\/de\/wp-json\/wp\/v2\/product_brand?post=21753"},{"taxonomy":"product_cat","embeddable":true,"href":"https:\/\/poterie-de-crestet.com\/de\/wp-json\/wp\/v2\/product_cat?post=21753"},{"taxonomy":"product_tag","embeddable":true,"href":"https:\/\/poterie-de-crestet.com\/de\/wp-json\/wp\/v2\/product_tag?post=21753"}],"curies":[{"name":"wp","href":"https:\/\/api.w.org\/{rel}","templated":true}]}}