{"id":21722,"date":"2025-08-22T14:55:06","date_gmt":"2025-08-22T12:55:06","guid":{"rendered":"https:\/\/poterie-de-crestet.com\/ceramiques\/mittelhohe-schuessel-mit-hohem-rand-olivgrauer-tuerkis\/"},"modified":"2025-08-22T14:55:06","modified_gmt":"2025-08-22T12:55:06","slug":"mittelhohe-schuessel-mit-hohem-rand-olivgrauer-tuerkis","status":"publish","type":"product","link":"https:\/\/poterie-de-crestet.com\/de\/keramik\/mittelhohe-schuessel-mit-hohem-rand-olivgrauer-tuerkis\/","title":{"rendered":"Mittelhohe Sch\u00fcssel mit hohem Rand  <h5>Olivgrauer T\u00fcrkis<\/h5>"},"content":{"rendered":"<p>Mit seinen ruhigen <strong data-start=\"8663\" data-end=\"8687\">Farbt\u00f6nen sorgt Olive Gris Turquoise<\/strong> f\u00fcr eine beruhigende Dekoration, die die Farben der Rezepte hervorhebt. Dieses Gericht mit hohem Rand (\u00d8 23 cm, H 9 cm) kann \u00fcberall verwendet werden: <g id=\"gid_1\">Servierschale<\/g> f\u00fcr Gem\u00fcse und St\u00e4rke, <g id=\"gid_2\">Pr\u00e4sentationsgericht<\/g> f\u00fcr gemischte Salate, <g id=\"gid_3\">hohe Salatschale<\/g> f\u00fcr Obst und geteilte Desserts. Der 9 cm gro\u00dfe Rand enth\u00e4lt So\u00dfen und Dressings und bietet echten Komfort beim Mischen und Servieren.<br data-start=\"9070\" data-end=\"9073\">F\u00fcr den t\u00e4glichen Gebrauch konzipiert, ist er <g id=\"gid_4\">sp\u00fclmaschinen- und mikrowellenfest.<\/g> <g id=\"gid_5\">Keramik garantiert<\/g> eine gute Stabilit\u00e4t am Tisch, selbst beim Wechsel zwischen K\u00fcche und Terrasse. Das <g id=\"gid_6\">t\u00fcrkisgraue Oliv-Dekor<\/g> passt gut zu nat\u00fcrlichen Tischdecken, schlichten Tellern und einfachen Gl\u00e4sern; Es sublimiert rohes Gem\u00fcse, Zitrusfr\u00fcchte und frische Kr\u00e4uter.<br data-start=\"9418\" data-end=\"9421\">Um die Kombination abzurunden, k\u00fcmmert sich die <g id=\"gid_7\"><g id=\"gid_8\">Olive Grey Turquoise Bowl von 3 Picks<\/g><\/g> um die Gew\u00fcrze und Belage. Und wenn Sie gerne G\u00e4ste unterhalten, vereinfacht die Variation <g id=\"gid_9\">der Sets zu 2 oder 3<\/g> die Organisation des Services, mit einem <g id=\"gid_10\"><g id=\"gid_11\">Budgetvorteil dank des Sonderangebots pro Los.<\/g><\/g> Tipp: Einen Salat in farbigen Schichten komponieren, mit Frischhaltefolie abdecken und beiseitelegen; Wenn Sie bereit zum Servieren sind, mischen Sie am Tisch \u2013 die H\u00f6he h\u00e4lt alles an seinem Platz und die Pr\u00e4sentation bleibt ordentlich.<br data-start=\"9899\" data-end=\"9902\">Vielseitig, stabil und unkompliziert erf\u00fcllt <strong data-start=\"9940\" data-end=\"9964\">Olive Gris Turquoise<\/strong> alle Kriterien: ein <strong data-start=\"9993\" data-end=\"10012\">teilbares Gericht<\/strong> , das dich Tag f\u00fcr Tag von der K\u00fcche bis in den Garten begleitet.      <\/p>\n","protected":false},"excerpt":{"rendered":"<p>Oliv-t\u00fcrkisgraues hochgerahmtes Gericht: visuelle Weichheit und einfach zu servieren. Sp\u00fclmaschinen- und Mikrowellenfest. Auch in <strong data-start=\"10232\" data-end=\"10249\">einem Set von 2 oder 3<\/strong> erh\u00e4ltlich.  <br data-start=\"10250\" data-end=\"10253\"><em data-start=\"10253\" data-end=\"10281\"><strong data-start=\"10254\" data-end=\"10280\">Abmessungen: 23 \u00d7 9 cm<\/strong><\/em><\/p>\n","protected":false},"featured_media":13911,"comment_status":"open","ping_status":"closed","template":"","meta":[],"product_brand":[],"product_cat":[404],"product_tag":[192],"class_list":{"0":"post-21722","1":"product","2":"type-product","3":"status-publish","4":"has-post-thumbnail","6":"product_cat-mittelhohe-schussel-mit-hohem-rand","7":"product_tag-olivgrauer-turkis","9":"first","10":"instock","11":"taxable","12":"shipping-taxable","13":"purchasable","14":"product-type-simple"},"yoast_head":"<!-- This site is optimized with the Yoast SEO plugin v27.5 - https:\/\/yoast.com\/product\/yoast-seo-wordpress\/ -->\n<title>Mittelhohe Sch\u00fcssel mit hohem Rand Olivgrauer T\u00fcrkis - Poterie de Crestet<\/title>\n<meta name=\"description\" content=\"T\u00fcrkisgraue Olive High Rimmed Dish: weiche und vielseitige Keramik f\u00fcr Salate und Teilgef\u00e4\u00dfe. Sp\u00fclmaschinen- und Mikrowellenfest.\" \/>\n<meta name=\"robots\" content=\"index, follow, max-snippet:-1, max-image-preview:large, max-video-preview:-1\" \/>\n<link rel=\"canonical\" href=\"https:\/\/poterie-de-crestet.com\/de\/keramik\/mittelhohe-schuessel-mit-hohem-rand-olivgrauer-tuerkis\/\" \/>\n<meta property=\"og:locale\" content=\"de_DE\" \/>\n<meta property=\"og:type\" content=\"article\" \/>\n<meta property=\"og:title\" content=\"Mittelhohe Sch\u00fcssel mit hohem Rand Olivgrauer T\u00fcrkis - Poterie de Crestet\" \/>\n<meta property=\"og:description\" content=\"T\u00fcrkisgraue Olive High Rimmed Dish: weiche und vielseitige Keramik f\u00fcr Salate und Teilgef\u00e4\u00dfe. Sp\u00fclmaschinen- und Mikrowellenfest.\" \/>\n<meta property=\"og:url\" content=\"https:\/\/poterie-de-crestet.com\/de\/keramik\/mittelhohe-schuessel-mit-hohem-rand-olivgrauer-tuerkis\/\" \/>\n<meta property=\"og:site_name\" content=\"Poterie de Crestet\" \/>\n<meta property=\"og:image\" content=\"https:\/\/i0.wp.com\/poterie-de-crestet.com\/wp-content\/uploads\/2025\/08\/plat-rebord-haut-01.jpg?fit=800%2C532&ssl=1\" \/>\n\t<meta property=\"og:image:width\" content=\"800\" \/>\n\t<meta property=\"og:image:height\" content=\"532\" \/>\n\t<meta property=\"og:image:type\" content=\"image\/jpeg\" \/>\n<meta name=\"twitter:card\" content=\"summary_large_image\" \/>\n<meta name=\"twitter:label1\" content=\"Gesch\u00e4tzte Lesezeit\" \/>\n\t<meta name=\"twitter:data1\" content=\"1\u00a0Minute\" \/>\n<script type=\"application\/ld+json\" class=\"yoast-schema-graph\">{\"@context\":\"https:\\\/\\\/schema.org\",\"@graph\":[{\"@type\":\"WebPage\",\"@id\":\"https:\\\/\\\/poterie-de-crestet.com\\\/de\\\/keramik\\\/mittelhohe-schuessel-mit-hohem-rand-olivgrauer-tuerkis\\\/\",\"url\":\"https:\\\/\\\/poterie-de-crestet.com\\\/de\\\/keramik\\\/mittelhohe-schuessel-mit-hohem-rand-olivgrauer-tuerkis\\\/\",\"name\":\"Mittelhohe Sch\u00fcssel mit hohem Rand Olivgrauer T\u00fcrkis - Poterie de Crestet\",\"isPartOf\":{\"@id\":\"https:\\\/\\\/poterie-de-crestet.com\\\/de\\\/#website\"},\"primaryImageOfPage\":{\"@id\":\"https:\\\/\\\/poterie-de-crestet.com\\\/de\\\/keramik\\\/mittelhohe-schuessel-mit-hohem-rand-olivgrauer-tuerkis\\\/#primaryimage\"},\"image\":{\"@id\":\"https:\\\/\\\/poterie-de-crestet.com\\\/de\\\/keramik\\\/mittelhohe-schuessel-mit-hohem-rand-olivgrauer-tuerkis\\\/#primaryimage\"},\"thumbnailUrl\":\"https:\\\/\\\/i0.wp.com\\\/poterie-de-crestet.com\\\/wp-content\\\/uploads\\\/2025\\\/08\\\/plat-rebord-haut-01.jpg?fit=800%2C532&ssl=1\",\"datePublished\":\"2025-08-22T12:55:06+00:00\",\"description\":\"T\u00fcrkisgraue Olive High Rimmed Dish: weiche und vielseitige Keramik f\u00fcr Salate und Teilgef\u00e4\u00dfe. Sp\u00fclmaschinen- und Mikrowellenfest.\",\"breadcrumb\":{\"@id\":\"https:\\\/\\\/poterie-de-crestet.com\\\/de\\\/keramik\\\/mittelhohe-schuessel-mit-hohem-rand-olivgrauer-tuerkis\\\/#breadcrumb\"},\"inLanguage\":\"de\",\"potentialAction\":[{\"@type\":\"ReadAction\",\"target\":[\"https:\\\/\\\/poterie-de-crestet.com\\\/de\\\/keramik\\\/mittelhohe-schuessel-mit-hohem-rand-olivgrauer-tuerkis\\\/\"]}]},{\"@type\":\"ImageObject\",\"inLanguage\":\"de\",\"@id\":\"https:\\\/\\\/poterie-de-crestet.com\\\/de\\\/keramik\\\/mittelhohe-schuessel-mit-hohem-rand-olivgrauer-tuerkis\\\/#primaryimage\",\"url\":\"https:\\\/\\\/i0.wp.com\\\/poterie-de-crestet.com\\\/wp-content\\\/uploads\\\/2025\\\/08\\\/plat-rebord-haut-01.jpg?fit=800%2C532&ssl=1\",\"contentUrl\":\"https:\\\/\\\/i0.wp.com\\\/poterie-de-crestet.com\\\/wp-content\\\/uploads\\\/2025\\\/08\\\/plat-rebord-haut-01.jpg?fit=800%2C532&ssl=1\",\"width\":800,\"height\":532,\"caption\":\"Kleines Top-Serie-Gericht \u2013 Olivgrauer T\u00fcrkis\"},{\"@type\":\"BreadcrumbList\",\"@id\":\"https:\\\/\\\/poterie-de-crestet.com\\\/de\\\/keramik\\\/mittelhohe-schuessel-mit-hohem-rand-olivgrauer-tuerkis\\\/#breadcrumb\",\"itemListElement\":[{\"@type\":\"ListItem\",\"position\":1,\"name\":\"Accueil\",\"item\":\"https:\\\/\\\/poterie-de-crestet.com\\\/de\\\/accueil\\\/\"},{\"@type\":\"ListItem\",\"position\":2,\"name\":\"Boutique\",\"item\":\"https:\\\/\\\/poterie-de-crestet.com\\\/ceramiques\\\/\"},{\"@type\":\"ListItem\",\"position\":3,\"name\":\"Mittelhohe Sch\u00fcssel mit hohem Rand Olivgrauer T\u00fcrkis\"}]},{\"@type\":\"WebSite\",\"@id\":\"https:\\\/\\\/poterie-de-crestet.com\\\/de\\\/#website\",\"url\":\"https:\\\/\\\/poterie-de-crestet.com\\\/de\\\/\",\"name\":\"Poterie de Crestet\",\"description\":\"Des milliers de poteries inpir\u00e9es de la Provence\",\"publisher\":{\"@id\":\"https:\\\/\\\/poterie-de-crestet.com\\\/de\\\/#organization\"},\"potentialAction\":[{\"@type\":\"SearchAction\",\"target\":{\"@type\":\"EntryPoint\",\"urlTemplate\":\"https:\\\/\\\/poterie-de-crestet.com\\\/de\\\/?s={search_term_string}\"},\"query-input\":{\"@type\":\"PropertyValueSpecification\",\"valueRequired\":true,\"valueName\":\"search_term_string\"}}],\"inLanguage\":\"de\"},{\"@type\":\"Organization\",\"@id\":\"https:\\\/\\\/poterie-de-crestet.com\\\/de\\\/#organization\",\"name\":\"Poterie de Crestet\",\"url\":\"https:\\\/\\\/poterie-de-crestet.com\\\/de\\\/\",\"logo\":{\"@type\":\"ImageObject\",\"inLanguage\":\"de\",\"@id\":\"https:\\\/\\\/poterie-de-crestet.com\\\/de\\\/#\\\/schema\\\/logo\\\/image\\\/\",\"url\":\"https:\\\/\\\/i0.wp.com\\\/poterie-de-crestet.com\\\/wp-content\\\/uploads\\\/2025\\\/03\\\/Propo-4.png?fit=1000%2C462&ssl=1\",\"contentUrl\":\"https:\\\/\\\/i0.wp.com\\\/poterie-de-crestet.com\\\/wp-content\\\/uploads\\\/2025\\\/03\\\/Propo-4.png?fit=1000%2C462&ssl=1\",\"width\":1000,\"height\":462,\"caption\":\"Poterie de Crestet\"},\"image\":{\"@id\":\"https:\\\/\\\/poterie-de-crestet.com\\\/de\\\/#\\\/schema\\\/logo\\\/image\\\/\"}}]}<\/script>\n<!-- \/ Yoast SEO plugin. -->","yoast_head_json":{"title":"Mittelhohe Sch\u00fcssel mit hohem Rand Olivgrauer T\u00fcrkis - Poterie de Crestet","description":"T\u00fcrkisgraue Olive High Rimmed Dish: weiche und vielseitige Keramik f\u00fcr Salate und Teilgef\u00e4\u00dfe. Sp\u00fclmaschinen- und Mikrowellenfest.","robots":{"index":"index","follow":"follow","max-snippet":"max-snippet:-1","max-image-preview":"max-image-preview:large","max-video-preview":"max-video-preview:-1"},"canonical":"https:\/\/poterie-de-crestet.com\/de\/keramik\/mittelhohe-schuessel-mit-hohem-rand-olivgrauer-tuerkis\/","og_locale":"de_DE","og_type":"article","og_title":"Mittelhohe Sch\u00fcssel mit hohem Rand Olivgrauer T\u00fcrkis - Poterie de Crestet","og_description":"T\u00fcrkisgraue Olive High Rimmed Dish: weiche und vielseitige Keramik f\u00fcr Salate und Teilgef\u00e4\u00dfe. Sp\u00fclmaschinen- und Mikrowellenfest.","og_url":"https:\/\/poterie-de-crestet.com\/de\/keramik\/mittelhohe-schuessel-mit-hohem-rand-olivgrauer-tuerkis\/","og_site_name":"Poterie de Crestet","og_image":[{"width":800,"height":532,"url":"https:\/\/i0.wp.com\/poterie-de-crestet.com\/wp-content\/uploads\/2025\/08\/plat-rebord-haut-01.jpg?fit=800%2C532&ssl=1","type":"image\/jpeg"}],"twitter_card":"summary_large_image","twitter_misc":{"Gesch\u00e4tzte Lesezeit":"1\u00a0Minute"},"schema":{"@context":"https:\/\/schema.org","@graph":[{"@type":"WebPage","@id":"https:\/\/poterie-de-crestet.com\/de\/keramik\/mittelhohe-schuessel-mit-hohem-rand-olivgrauer-tuerkis\/","url":"https:\/\/poterie-de-crestet.com\/de\/keramik\/mittelhohe-schuessel-mit-hohem-rand-olivgrauer-tuerkis\/","name":"Mittelhohe Sch\u00fcssel mit hohem Rand Olivgrauer T\u00fcrkis - Poterie de Crestet","isPartOf":{"@id":"https:\/\/poterie-de-crestet.com\/de\/#website"},"primaryImageOfPage":{"@id":"https:\/\/poterie-de-crestet.com\/de\/keramik\/mittelhohe-schuessel-mit-hohem-rand-olivgrauer-tuerkis\/#primaryimage"},"image":{"@id":"https:\/\/poterie-de-crestet.com\/de\/keramik\/mittelhohe-schuessel-mit-hohem-rand-olivgrauer-tuerkis\/#primaryimage"},"thumbnailUrl":"https:\/\/i0.wp.com\/poterie-de-crestet.com\/wp-content\/uploads\/2025\/08\/plat-rebord-haut-01.jpg?fit=800%2C532&ssl=1","datePublished":"2025-08-22T12:55:06+00:00","description":"T\u00fcrkisgraue Olive High Rimmed Dish: weiche und vielseitige Keramik f\u00fcr Salate und Teilgef\u00e4\u00dfe. Sp\u00fclmaschinen- und Mikrowellenfest.","breadcrumb":{"@id":"https:\/\/poterie-de-crestet.com\/de\/keramik\/mittelhohe-schuessel-mit-hohem-rand-olivgrauer-tuerkis\/#breadcrumb"},"inLanguage":"de","potentialAction":[{"@type":"ReadAction","target":["https:\/\/poterie-de-crestet.com\/de\/keramik\/mittelhohe-schuessel-mit-hohem-rand-olivgrauer-tuerkis\/"]}]},{"@type":"ImageObject","inLanguage":"de","@id":"https:\/\/poterie-de-crestet.com\/de\/keramik\/mittelhohe-schuessel-mit-hohem-rand-olivgrauer-tuerkis\/#primaryimage","url":"https:\/\/i0.wp.com\/poterie-de-crestet.com\/wp-content\/uploads\/2025\/08\/plat-rebord-haut-01.jpg?fit=800%2C532&ssl=1","contentUrl":"https:\/\/i0.wp.com\/poterie-de-crestet.com\/wp-content\/uploads\/2025\/08\/plat-rebord-haut-01.jpg?fit=800%2C532&ssl=1","width":800,"height":532,"caption":"Kleines Top-Serie-Gericht \u2013 Olivgrauer T\u00fcrkis"},{"@type":"BreadcrumbList","@id":"https:\/\/poterie-de-crestet.com\/de\/keramik\/mittelhohe-schuessel-mit-hohem-rand-olivgrauer-tuerkis\/#breadcrumb","itemListElement":[{"@type":"ListItem","position":1,"name":"Accueil","item":"https:\/\/poterie-de-crestet.com\/de\/accueil\/"},{"@type":"ListItem","position":2,"name":"Boutique","item":"https:\/\/poterie-de-crestet.com\/ceramiques\/"},{"@type":"ListItem","position":3,"name":"Mittelhohe Sch\u00fcssel mit hohem Rand Olivgrauer T\u00fcrkis"}]},{"@type":"WebSite","@id":"https:\/\/poterie-de-crestet.com\/de\/#website","url":"https:\/\/poterie-de-crestet.com\/de\/","name":"Poterie de Crestet","description":"Des milliers de poteries inpir\u00e9es de la Provence","publisher":{"@id":"https:\/\/poterie-de-crestet.com\/de\/#organization"},"potentialAction":[{"@type":"SearchAction","target":{"@type":"EntryPoint","urlTemplate":"https:\/\/poterie-de-crestet.com\/de\/?s={search_term_string}"},"query-input":{"@type":"PropertyValueSpecification","valueRequired":true,"valueName":"search_term_string"}}],"inLanguage":"de"},{"@type":"Organization","@id":"https:\/\/poterie-de-crestet.com\/de\/#organization","name":"Poterie de Crestet","url":"https:\/\/poterie-de-crestet.com\/de\/","logo":{"@type":"ImageObject","inLanguage":"de","@id":"https:\/\/poterie-de-crestet.com\/de\/#\/schema\/logo\/image\/","url":"https:\/\/i0.wp.com\/poterie-de-crestet.com\/wp-content\/uploads\/2025\/03\/Propo-4.png?fit=1000%2C462&ssl=1","contentUrl":"https:\/\/i0.wp.com\/poterie-de-crestet.com\/wp-content\/uploads\/2025\/03\/Propo-4.png?fit=1000%2C462&ssl=1","width":1000,"height":462,"caption":"Poterie de Crestet"},"image":{"@id":"https:\/\/poterie-de-crestet.com\/de\/#\/schema\/logo\/image\/"}}]}},"jetpack_sharing_enabled":true,"_links":{"self":[{"href":"https:\/\/poterie-de-crestet.com\/de\/wp-json\/wp\/v2\/product\/21722","targetHints":{"allow":["GET"]}}],"collection":[{"href":"https:\/\/poterie-de-crestet.com\/de\/wp-json\/wp\/v2\/product"}],"about":[{"href":"https:\/\/poterie-de-crestet.com\/de\/wp-json\/wp\/v2\/types\/product"}],"replies":[{"embeddable":true,"href":"https:\/\/poterie-de-crestet.com\/de\/wp-json\/wp\/v2\/comments?post=21722"}],"version-history":[{"count":0,"href":"https:\/\/poterie-de-crestet.com\/de\/wp-json\/wp\/v2\/product\/21722\/revisions"}],"wp:featuredmedia":[{"embeddable":true,"href":"https:\/\/poterie-de-crestet.com\/de\/wp-json\/wp\/v2\/media\/13911"}],"wp:attachment":[{"href":"https:\/\/poterie-de-crestet.com\/de\/wp-json\/wp\/v2\/media?parent=21722"}],"wp:term":[{"taxonomy":"product_brand","embeddable":true,"href":"https:\/\/poterie-de-crestet.com\/de\/wp-json\/wp\/v2\/product_brand?post=21722"},{"taxonomy":"product_cat","embeddable":true,"href":"https:\/\/poterie-de-crestet.com\/de\/wp-json\/wp\/v2\/product_cat?post=21722"},{"taxonomy":"product_tag","embeddable":true,"href":"https:\/\/poterie-de-crestet.com\/de\/wp-json\/wp\/v2\/product_tag?post=21722"}],"curies":[{"name":"wp","href":"https:\/\/api.w.org\/{rel}","templated":true}]}}