{"id":21714,"date":"2025-08-22T14:55:05","date_gmt":"2025-08-22T12:55:05","guid":{"rendered":"https:\/\/poterie-de-crestet.com\/ceramiques\/mittelhohe-schuessel-mit-hohem-rand-provence-2\/"},"modified":"2025-08-22T14:55:05","modified_gmt":"2025-08-22T12:55:05","slug":"mittelhohe-schuessel-mit-hohem-rand-provence-2","status":"publish","type":"product","link":"https:\/\/poterie-de-crestet.com\/de\/keramik\/mittelhohe-schuessel-mit-hohem-rand-provence-2\/","title":{"rendered":"Mittelhohe Sch\u00fcssel mit hohem Rand  <h5>Provence 2<\/h5>"},"content":{"rendered":"<p>Farbenfroh und sonnig erhellt das <strong data-start=\"4238\" data-end=\"4252\">Provence-2-Dekor<\/strong> (Rot und Gelb) den Tisch, sobald das Gericht abgestellt wird. Dieses hochgerahmte Gericht \u2013 mittelgro\u00df (\u00d8 23 cm, H 9 cm) \u2013 ist als <strong data-start=\"4394\" data-end=\"4413\">Servierschale<\/strong>, <strong data-start=\"4415\" data-end=\"4439\">Pr\u00e4sentationsgericht<\/strong> oder <strong data-start=\"4443\" data-end=\"4460\">hohe Salatsch\u00fcssel<\/strong> unverzichtbar. Gemischte Salate, ger\u00f6stetes Gem\u00fcse, Tabbouleh, frisches Obst oder Familiendesserts finden in ihrem gro\u00dfz\u00fcgigen Umfang leicht ihren Platz. Die 9 cm langen R\u00e4nder erm\u00f6glichen ein spritzfreies Vermischen und sorgen f\u00fcr eine bequemere Portionierung.<br data-start=\"4698\" data-end=\"4701\">Im Alltag sch\u00e4tzen wir die Einfachheit: Die <g id=\"gid_4\">Keramik ist<\/g> <g id=\"gid_5\">sp\u00fclmaschinen- und mikrowellenfest,<\/g> was die t\u00e4gliche Anwendung erleichtert. Das <g id=\"gid_6\">Dekor von Provence 2<\/g> passt nat\u00fcrlich zu schlichtem Geschirr und nat\u00fcrlichen Materialien wie Leinen oder Holz. Er verleiht der Pr\u00e4sentation sofort eine festliche und provenzalische Note.<br data-start=\"5051\" data-end=\"5054\">Kombinieren Sie ihn mit der <g id=\"gid_7\"><g id=\"gid_8\">Provence 3 Picks Bowl 2<\/g><\/g> , um Gew\u00fcrze, So\u00dfen oder kleine Bel\u00e4ge zu servieren. Und um Ihre Mahlzeiten zu optimieren, denken Sie an Sets <strong data-start=\"5199\" data-end=\"5219\">von 2 oder 3<\/strong>, die es Ihnen erm\u00f6glichen, die Zubereitungen zu variieren und gleichzeitig visuelle Koh\u00e4renz zu schaffen. Das <g id=\"gid_10\"><g id=\"gid_11\">spezielle Bundle-Angebot<\/g><\/g> erm\u00f6glicht es dir, den Tisch g\u00fcnstig auszustatten.<br data-start=\"5417\" data-end=\"5420\">Tipp: Serviere kontrastreiche Rezepte (buntes rohes Gem\u00fcse, rote Fr\u00fcchte, frische Kr\u00e4uter), damit die lebendige Dekoration zu einer echten Kulisse wird. Das Ergebnis: ein fr\u00f6hlicher, gourmetischer und praktischer Tisch zum Genie\u00dfen.        <\/p>\n","protected":false},"excerpt":{"rendered":"<p>Provence 2 Schale mit hohem Rand: hell, praktisch und freundlich. Sp\u00fclmaschinen- und Mikrowellenfest. Auch in <strong data-start=\"5782\" data-end=\"5799\">einem Set von 2 oder 3<\/strong> erh\u00e4ltlich.  <br data-start=\"5800\" data-end=\"5803\"><em data-start=\"5803\" data-end=\"5831\"><strong data-start=\"5804\" data-end=\"5830\">Abmessungen: 23 \u00d7 9 cm<\/strong><\/em><\/p>\n","protected":false},"featured_media":14010,"comment_status":"open","ping_status":"closed","template":"","meta":[],"product_brand":[],"product_cat":[404],"product_tag":[249],"class_list":{"0":"post-21714","1":"product","2":"type-product","3":"status-publish","4":"has-post-thumbnail","6":"product_cat-mittelhohe-schussel-mit-hohem-rand","7":"product_tag-provence-2","9":"first","10":"instock","11":"taxable","12":"shipping-taxable","13":"purchasable","14":"product-type-simple"},"yoast_head":"<!-- This site is optimized with the Yoast SEO plugin v27.5 - https:\/\/yoast.com\/product\/yoast-seo-wordpress\/ -->\n<title>Mittelhohe Sch\u00fcssel mit hohem Rand Provence 2 - Poterie de Crestet<\/title>\n<meta name=\"description\" content=\"Provence 2 Hochr\u00e4nder-Gericht: farbige Keramik f\u00fcr Salate, Sommergerichte und Familiendesserts. Sp\u00fclmaschinen- und Mikrowellenfest.\" \/>\n<meta name=\"robots\" content=\"index, follow, max-snippet:-1, max-image-preview:large, max-video-preview:-1\" \/>\n<link rel=\"canonical\" href=\"https:\/\/poterie-de-crestet.com\/de\/keramik\/mittelhohe-schuessel-mit-hohem-rand-provence-2\/\" \/>\n<meta property=\"og:locale\" content=\"de_DE\" \/>\n<meta property=\"og:type\" content=\"article\" \/>\n<meta property=\"og:title\" content=\"Mittelhohe Sch\u00fcssel mit hohem Rand Provence 2 - Poterie de Crestet\" \/>\n<meta property=\"og:description\" content=\"Provence 2 Hochr\u00e4nder-Gericht: farbige Keramik f\u00fcr Salate, Sommergerichte und Familiendesserts. Sp\u00fclmaschinen- und Mikrowellenfest.\" \/>\n<meta property=\"og:url\" content=\"https:\/\/poterie-de-crestet.com\/de\/keramik\/mittelhohe-schuessel-mit-hohem-rand-provence-2\/\" \/>\n<meta property=\"og:site_name\" content=\"Poterie de Crestet\" \/>\n<meta property=\"og:image\" content=\"https:\/\/i0.wp.com\/poterie-de-crestet.com\/wp-content\/uploads\/2025\/08\/plat-rebord-haut-34.jpg?fit=800%2C532&ssl=1\" \/>\n\t<meta property=\"og:image:width\" content=\"800\" \/>\n\t<meta property=\"og:image:height\" content=\"532\" \/>\n\t<meta property=\"og:image:type\" content=\"image\/jpeg\" \/>\n<meta name=\"twitter:card\" content=\"summary_large_image\" \/>\n<meta name=\"twitter:label1\" content=\"Gesch\u00e4tzte Lesezeit\" \/>\n\t<meta name=\"twitter:data1\" content=\"1\u00a0Minute\" \/>\n<script type=\"application\/ld+json\" class=\"yoast-schema-graph\">{\"@context\":\"https:\\\/\\\/schema.org\",\"@graph\":[{\"@type\":\"WebPage\",\"@id\":\"https:\\\/\\\/poterie-de-crestet.com\\\/de\\\/keramik\\\/mittelhohe-schuessel-mit-hohem-rand-provence-2\\\/\",\"url\":\"https:\\\/\\\/poterie-de-crestet.com\\\/de\\\/keramik\\\/mittelhohe-schuessel-mit-hohem-rand-provence-2\\\/\",\"name\":\"Mittelhohe Sch\u00fcssel mit hohem Rand Provence 2 - Poterie de Crestet\",\"isPartOf\":{\"@id\":\"https:\\\/\\\/poterie-de-crestet.com\\\/de\\\/#website\"},\"primaryImageOfPage\":{\"@id\":\"https:\\\/\\\/poterie-de-crestet.com\\\/de\\\/keramik\\\/mittelhohe-schuessel-mit-hohem-rand-provence-2\\\/#primaryimage\"},\"image\":{\"@id\":\"https:\\\/\\\/poterie-de-crestet.com\\\/de\\\/keramik\\\/mittelhohe-schuessel-mit-hohem-rand-provence-2\\\/#primaryimage\"},\"thumbnailUrl\":\"https:\\\/\\\/i0.wp.com\\\/poterie-de-crestet.com\\\/wp-content\\\/uploads\\\/2025\\\/08\\\/plat-rebord-haut-34.jpg?fit=800%2C532&ssl=1\",\"datePublished\":\"2025-08-22T12:55:05+00:00\",\"description\":\"Provence 2 Hochr\u00e4nder-Gericht: farbige Keramik f\u00fcr Salate, Sommergerichte und Familiendesserts. Sp\u00fclmaschinen- und Mikrowellenfest.\",\"breadcrumb\":{\"@id\":\"https:\\\/\\\/poterie-de-crestet.com\\\/de\\\/keramik\\\/mittelhohe-schuessel-mit-hohem-rand-provence-2\\\/#breadcrumb\"},\"inLanguage\":\"de\",\"potentialAction\":[{\"@type\":\"ReadAction\",\"target\":[\"https:\\\/\\\/poterie-de-crestet.com\\\/de\\\/keramik\\\/mittelhohe-schuessel-mit-hohem-rand-provence-2\\\/\"]}]},{\"@type\":\"ImageObject\",\"inLanguage\":\"de\",\"@id\":\"https:\\\/\\\/poterie-de-crestet.com\\\/de\\\/keramik\\\/mittelhohe-schuessel-mit-hohem-rand-provence-2\\\/#primaryimage\",\"url\":\"https:\\\/\\\/i0.wp.com\\\/poterie-de-crestet.com\\\/wp-content\\\/uploads\\\/2025\\\/08\\\/plat-rebord-haut-34.jpg?fit=800%2C532&ssl=1\",\"contentUrl\":\"https:\\\/\\\/i0.wp.com\\\/poterie-de-crestet.com\\\/wp-content\\\/uploads\\\/2025\\\/08\\\/plat-rebord-haut-34.jpg?fit=800%2C532&ssl=1\",\"width\":800,\"height\":532,\"caption\":\"Flachserien-Top-Kleinmodell \u2013 Provence 2\"},{\"@type\":\"BreadcrumbList\",\"@id\":\"https:\\\/\\\/poterie-de-crestet.com\\\/de\\\/keramik\\\/mittelhohe-schuessel-mit-hohem-rand-provence-2\\\/#breadcrumb\",\"itemListElement\":[{\"@type\":\"ListItem\",\"position\":1,\"name\":\"Accueil\",\"item\":\"https:\\\/\\\/poterie-de-crestet.com\\\/de\\\/accueil\\\/\"},{\"@type\":\"ListItem\",\"position\":2,\"name\":\"Boutique\",\"item\":\"https:\\\/\\\/poterie-de-crestet.com\\\/ceramiques\\\/\"},{\"@type\":\"ListItem\",\"position\":3,\"name\":\"Mittelhohe Sch\u00fcssel mit hohem Rand Provence 2\"}]},{\"@type\":\"WebSite\",\"@id\":\"https:\\\/\\\/poterie-de-crestet.com\\\/de\\\/#website\",\"url\":\"https:\\\/\\\/poterie-de-crestet.com\\\/de\\\/\",\"name\":\"Poterie de Crestet\",\"description\":\"Des milliers de poteries inpir\u00e9es de la Provence\",\"publisher\":{\"@id\":\"https:\\\/\\\/poterie-de-crestet.com\\\/de\\\/#organization\"},\"potentialAction\":[{\"@type\":\"SearchAction\",\"target\":{\"@type\":\"EntryPoint\",\"urlTemplate\":\"https:\\\/\\\/poterie-de-crestet.com\\\/de\\\/?s={search_term_string}\"},\"query-input\":{\"@type\":\"PropertyValueSpecification\",\"valueRequired\":true,\"valueName\":\"search_term_string\"}}],\"inLanguage\":\"de\"},{\"@type\":\"Organization\",\"@id\":\"https:\\\/\\\/poterie-de-crestet.com\\\/de\\\/#organization\",\"name\":\"Poterie de Crestet\",\"url\":\"https:\\\/\\\/poterie-de-crestet.com\\\/de\\\/\",\"logo\":{\"@type\":\"ImageObject\",\"inLanguage\":\"de\",\"@id\":\"https:\\\/\\\/poterie-de-crestet.com\\\/de\\\/#\\\/schema\\\/logo\\\/image\\\/\",\"url\":\"https:\\\/\\\/i0.wp.com\\\/poterie-de-crestet.com\\\/wp-content\\\/uploads\\\/2025\\\/03\\\/Propo-4.png?fit=1000%2C462&ssl=1\",\"contentUrl\":\"https:\\\/\\\/i0.wp.com\\\/poterie-de-crestet.com\\\/wp-content\\\/uploads\\\/2025\\\/03\\\/Propo-4.png?fit=1000%2C462&ssl=1\",\"width\":1000,\"height\":462,\"caption\":\"Poterie de Crestet\"},\"image\":{\"@id\":\"https:\\\/\\\/poterie-de-crestet.com\\\/de\\\/#\\\/schema\\\/logo\\\/image\\\/\"}}]}<\/script>\n<!-- \/ Yoast SEO plugin. -->","yoast_head_json":{"title":"Mittelhohe Sch\u00fcssel mit hohem Rand Provence 2 - Poterie de Crestet","description":"Provence 2 Hochr\u00e4nder-Gericht: farbige Keramik f\u00fcr Salate, Sommergerichte und Familiendesserts. Sp\u00fclmaschinen- und Mikrowellenfest.","robots":{"index":"index","follow":"follow","max-snippet":"max-snippet:-1","max-image-preview":"max-image-preview:large","max-video-preview":"max-video-preview:-1"},"canonical":"https:\/\/poterie-de-crestet.com\/de\/keramik\/mittelhohe-schuessel-mit-hohem-rand-provence-2\/","og_locale":"de_DE","og_type":"article","og_title":"Mittelhohe Sch\u00fcssel mit hohem Rand Provence 2 - Poterie de Crestet","og_description":"Provence 2 Hochr\u00e4nder-Gericht: farbige Keramik f\u00fcr Salate, Sommergerichte und Familiendesserts. Sp\u00fclmaschinen- und Mikrowellenfest.","og_url":"https:\/\/poterie-de-crestet.com\/de\/keramik\/mittelhohe-schuessel-mit-hohem-rand-provence-2\/","og_site_name":"Poterie de Crestet","og_image":[{"width":800,"height":532,"url":"https:\/\/i0.wp.com\/poterie-de-crestet.com\/wp-content\/uploads\/2025\/08\/plat-rebord-haut-34.jpg?fit=800%2C532&ssl=1","type":"image\/jpeg"}],"twitter_card":"summary_large_image","twitter_misc":{"Gesch\u00e4tzte Lesezeit":"1\u00a0Minute"},"schema":{"@context":"https:\/\/schema.org","@graph":[{"@type":"WebPage","@id":"https:\/\/poterie-de-crestet.com\/de\/keramik\/mittelhohe-schuessel-mit-hohem-rand-provence-2\/","url":"https:\/\/poterie-de-crestet.com\/de\/keramik\/mittelhohe-schuessel-mit-hohem-rand-provence-2\/","name":"Mittelhohe Sch\u00fcssel mit hohem Rand Provence 2 - Poterie de Crestet","isPartOf":{"@id":"https:\/\/poterie-de-crestet.com\/de\/#website"},"primaryImageOfPage":{"@id":"https:\/\/poterie-de-crestet.com\/de\/keramik\/mittelhohe-schuessel-mit-hohem-rand-provence-2\/#primaryimage"},"image":{"@id":"https:\/\/poterie-de-crestet.com\/de\/keramik\/mittelhohe-schuessel-mit-hohem-rand-provence-2\/#primaryimage"},"thumbnailUrl":"https:\/\/i0.wp.com\/poterie-de-crestet.com\/wp-content\/uploads\/2025\/08\/plat-rebord-haut-34.jpg?fit=800%2C532&ssl=1","datePublished":"2025-08-22T12:55:05+00:00","description":"Provence 2 Hochr\u00e4nder-Gericht: farbige Keramik f\u00fcr Salate, Sommergerichte und Familiendesserts. Sp\u00fclmaschinen- und Mikrowellenfest.","breadcrumb":{"@id":"https:\/\/poterie-de-crestet.com\/de\/keramik\/mittelhohe-schuessel-mit-hohem-rand-provence-2\/#breadcrumb"},"inLanguage":"de","potentialAction":[{"@type":"ReadAction","target":["https:\/\/poterie-de-crestet.com\/de\/keramik\/mittelhohe-schuessel-mit-hohem-rand-provence-2\/"]}]},{"@type":"ImageObject","inLanguage":"de","@id":"https:\/\/poterie-de-crestet.com\/de\/keramik\/mittelhohe-schuessel-mit-hohem-rand-provence-2\/#primaryimage","url":"https:\/\/i0.wp.com\/poterie-de-crestet.com\/wp-content\/uploads\/2025\/08\/plat-rebord-haut-34.jpg?fit=800%2C532&ssl=1","contentUrl":"https:\/\/i0.wp.com\/poterie-de-crestet.com\/wp-content\/uploads\/2025\/08\/plat-rebord-haut-34.jpg?fit=800%2C532&ssl=1","width":800,"height":532,"caption":"Flachserien-Top-Kleinmodell \u2013 Provence 2"},{"@type":"BreadcrumbList","@id":"https:\/\/poterie-de-crestet.com\/de\/keramik\/mittelhohe-schuessel-mit-hohem-rand-provence-2\/#breadcrumb","itemListElement":[{"@type":"ListItem","position":1,"name":"Accueil","item":"https:\/\/poterie-de-crestet.com\/de\/accueil\/"},{"@type":"ListItem","position":2,"name":"Boutique","item":"https:\/\/poterie-de-crestet.com\/ceramiques\/"},{"@type":"ListItem","position":3,"name":"Mittelhohe Sch\u00fcssel mit hohem Rand Provence 2"}]},{"@type":"WebSite","@id":"https:\/\/poterie-de-crestet.com\/de\/#website","url":"https:\/\/poterie-de-crestet.com\/de\/","name":"Poterie de Crestet","description":"Des milliers de poteries inpir\u00e9es de la Provence","publisher":{"@id":"https:\/\/poterie-de-crestet.com\/de\/#organization"},"potentialAction":[{"@type":"SearchAction","target":{"@type":"EntryPoint","urlTemplate":"https:\/\/poterie-de-crestet.com\/de\/?s={search_term_string}"},"query-input":{"@type":"PropertyValueSpecification","valueRequired":true,"valueName":"search_term_string"}}],"inLanguage":"de"},{"@type":"Organization","@id":"https:\/\/poterie-de-crestet.com\/de\/#organization","name":"Poterie de Crestet","url":"https:\/\/poterie-de-crestet.com\/de\/","logo":{"@type":"ImageObject","inLanguage":"de","@id":"https:\/\/poterie-de-crestet.com\/de\/#\/schema\/logo\/image\/","url":"https:\/\/i0.wp.com\/poterie-de-crestet.com\/wp-content\/uploads\/2025\/03\/Propo-4.png?fit=1000%2C462&ssl=1","contentUrl":"https:\/\/i0.wp.com\/poterie-de-crestet.com\/wp-content\/uploads\/2025\/03\/Propo-4.png?fit=1000%2C462&ssl=1","width":1000,"height":462,"caption":"Poterie de Crestet"},"image":{"@id":"https:\/\/poterie-de-crestet.com\/de\/#\/schema\/logo\/image\/"}}]}},"jetpack_sharing_enabled":true,"_links":{"self":[{"href":"https:\/\/poterie-de-crestet.com\/de\/wp-json\/wp\/v2\/product\/21714","targetHints":{"allow":["GET"]}}],"collection":[{"href":"https:\/\/poterie-de-crestet.com\/de\/wp-json\/wp\/v2\/product"}],"about":[{"href":"https:\/\/poterie-de-crestet.com\/de\/wp-json\/wp\/v2\/types\/product"}],"replies":[{"embeddable":true,"href":"https:\/\/poterie-de-crestet.com\/de\/wp-json\/wp\/v2\/comments?post=21714"}],"version-history":[{"count":0,"href":"https:\/\/poterie-de-crestet.com\/de\/wp-json\/wp\/v2\/product\/21714\/revisions"}],"wp:featuredmedia":[{"embeddable":true,"href":"https:\/\/poterie-de-crestet.com\/de\/wp-json\/wp\/v2\/media\/14010"}],"wp:attachment":[{"href":"https:\/\/poterie-de-crestet.com\/de\/wp-json\/wp\/v2\/media?parent=21714"}],"wp:term":[{"taxonomy":"product_brand","embeddable":true,"href":"https:\/\/poterie-de-crestet.com\/de\/wp-json\/wp\/v2\/product_brand?post=21714"},{"taxonomy":"product_cat","embeddable":true,"href":"https:\/\/poterie-de-crestet.com\/de\/wp-json\/wp\/v2\/product_cat?post=21714"},{"taxonomy":"product_tag","embeddable":true,"href":"https:\/\/poterie-de-crestet.com\/de\/wp-json\/wp\/v2\/product_tag?post=21714"}],"curies":[{"name":"wp","href":"https:\/\/api.w.org\/{rel}","templated":true}]}}