{"id":21694,"date":"2025-08-22T14:55:09","date_gmt":"2025-08-22T12:55:09","guid":{"rendered":"https:\/\/poterie-de-crestet.com\/ceramiques\/mittelhohe-schuessel-mit-hohem-rand-gruene-nyons\/"},"modified":"2025-08-22T14:55:09","modified_gmt":"2025-08-22T12:55:09","slug":"mittelhohe-schuessel-mit-hohem-rand-gruene-nyons","status":"publish","type":"product","link":"https:\/\/poterie-de-crestet.com\/de\/keramik\/mittelhohe-schuessel-mit-hohem-rand-gruene-nyons\/","title":{"rendered":"Mittelhohe Sch\u00fcssel mit hohem Rand  <h5>Gr\u00fcne Nyons<\/h5>"},"content":{"rendered":"<p>Frisch und leuchtend weckt die <strong data-start=\"298\" data-end=\"312\">Nyons-Gr\u00fcnpalette den Tisch<\/strong> sofort auf. Diese hochgerahmte Schale, mittelgro\u00df (\u00d8 23 cm, H 9 cm), kann f\u00fcr alle Aufgaben verwendet werden: <strong data-start=\"431\" data-end=\"450\">Servierschale<\/strong> f\u00fcr ger\u00f6stetes Gem\u00fcse, <strong data-start=\"471\" data-end=\"495\">Pr\u00e4sentationsgericht<\/strong> f\u00fcr knusprige Salate <strong data-start=\"521\" data-end=\"540\">, Teilgericht<\/strong> f\u00fcr Pasta, Getreide oder Obstsalate. Seine H\u00f6he verhindert \u00dcberlaufen beim Mischen und h\u00e4lt die Gew\u00fcrze im Zentrum der Zubereitungen. <g id=\"gid_4\">Keramik bringt<\/g> Halt und Stabilit\u00e4t in den Service, von der Arbeitsplatte bis zum Tisch, ohne Risiken einzugehen, wenn der Tisch gro\u00df ist.<br data-start=\"827\" data-end=\"830\">F\u00fcr den Alltag konzipiert, ist er <g id=\"gid_5\">sp\u00fclmaschinen- und mikrowellenfest:<\/g> praktisch, um eine Beilage aufzuw\u00e4rmen und nach dem Essen das Geschirr anzusetzen. Das <g id=\"gid_6\">gr\u00fcne Nyons-Dekor<\/g> passt gut zu schlichtem Keramik, Naturfasern (Leinen, Jute) und hellem Holz; Es hebt Tomaten, Kr\u00e4uter und bunte Fr\u00fcchte hervor. F\u00fcr einen passenden Tisch werden die <g id=\"gid_7\"><g id=\"gid_8\">Bol 3 Pics Nyons vert<\/g><\/g> Vinaigrette, Croutons, Samen oder Gew\u00fcrze aufnehmen und gleichzeitig eine diskrete Erinnerung schaffen.<br data-start=\"1323\" data-end=\"1326\">Empfangen Sie oft? W\u00e4hlen Sie ein <g id=\"gid_9\">Set von 2 oder 3<\/g> , um Ihre Angebote (Salat, Beilage, Dessert) einfach zu strukturieren und das <g id=\"gid_10\"><g id=\"gid_11\">Sonderangebot in Chargen<\/g><\/g> zu nutzen. Tipp: Bereite deine &#8222;geschichteten&#8220; Salate vor (Basis + Gem\u00fcse + Proteine + Belage) und r\u00fchre sie in letzter Minute; Die hohe Wand h\u00e4lt das Volumen und sorgt f\u00fcr eine scharfe Pr\u00e4sentation. Stapelbar und leicht zu lagern, wird diese <strong data-start=\"1772\" data-end=\"1789\">hohe Salatsch\u00fcssel<\/strong> schnell zum Verb\u00fcndeten, den man ohne nachzudenken herausnimmt&#8230; und das freuen wir uns bei jeder Mahlzeit.        <\/p>\n","protected":false},"excerpt":{"rendered":"<p>Green Nyons High-Rim-Gericht: frisch, stabil und gro\u00dfz\u00fcgig f\u00fcr Salate und Teilgerichte. Sp\u00fclmaschinen- und Mikrowellenfest. Auch in <strong data-start=\"2065\" data-end=\"2082\">einem Set von 2 oder 3<\/strong> erh\u00e4ltlich.  <br data-start=\"2083\" data-end=\"2086\"><em data-start=\"2086\" data-end=\"2114\"><strong data-start=\"2087\" data-end=\"2113\">Abmessungen: 23 \u00d7 9 cm<\/strong><\/em><\/p>\n","protected":false},"featured_media":14034,"comment_status":"open","ping_status":"closed","template":"","meta":[],"product_brand":[],"product_cat":[404],"product_tag":[245],"class_list":{"0":"post-21694","1":"product","2":"type-product","3":"status-publish","4":"has-post-thumbnail","6":"product_cat-mittelhohe-schussel-mit-hohem-rand","7":"product_tag-grune-nyons","9":"first","10":"instock","11":"taxable","12":"shipping-taxable","13":"purchasable","14":"product-type-simple"},"yoast_head":"<!-- This site is optimized with the Yoast SEO plugin v27.5 - https:\/\/yoast.com\/product\/yoast-seo-wordpress\/ -->\n<title>Mittelhohe Sch\u00fcssel mit hohem Rand Gr\u00fcne Nyons - Poterie de Crestet<\/title>\n<meta name=\"description\" content=\"Green Nyons High-Rim-Gericht: praktisch f\u00fcr Salate und Gerichte zum Teilen. Sp\u00fclmaschinen- und Mikrowellenfest. Nutzen Sie unser Bundle-Angebot.\" \/>\n<meta name=\"robots\" content=\"index, follow, max-snippet:-1, max-image-preview:large, max-video-preview:-1\" \/>\n<link rel=\"canonical\" href=\"https:\/\/poterie-de-crestet.com\/de\/keramik\/mittelhohe-schuessel-mit-hohem-rand-gruene-nyons\/\" \/>\n<meta property=\"og:locale\" content=\"de_DE\" \/>\n<meta property=\"og:type\" content=\"article\" \/>\n<meta property=\"og:title\" content=\"Mittelhohe Sch\u00fcssel mit hohem Rand Gr\u00fcne Nyons - Poterie de Crestet\" \/>\n<meta property=\"og:description\" content=\"Green Nyons High-Rim-Gericht: praktisch f\u00fcr Salate und Gerichte zum Teilen. Sp\u00fclmaschinen- und Mikrowellenfest. Nutzen Sie unser Bundle-Angebot.\" \/>\n<meta property=\"og:url\" content=\"https:\/\/poterie-de-crestet.com\/de\/keramik\/mittelhohe-schuessel-mit-hohem-rand-gruene-nyons\/\" \/>\n<meta property=\"og:site_name\" content=\"Poterie de Crestet\" \/>\n<meta property=\"og:image\" content=\"https:\/\/i0.wp.com\/poterie-de-crestet.com\/wp-content\/uploads\/2025\/08\/plat-rebord-haut-42.jpg?fit=800%2C532&ssl=1\" \/>\n\t<meta property=\"og:image:width\" content=\"800\" \/>\n\t<meta property=\"og:image:height\" content=\"532\" \/>\n\t<meta property=\"og:image:type\" content=\"image\/jpeg\" \/>\n<meta name=\"twitter:card\" content=\"summary_large_image\" \/>\n<meta name=\"twitter:label1\" content=\"Gesch\u00e4tzte Lesezeit\" \/>\n\t<meta name=\"twitter:data1\" content=\"1\u00a0Minute\" \/>\n<script type=\"application\/ld+json\" class=\"yoast-schema-graph\">{\"@context\":\"https:\\\/\\\/schema.org\",\"@graph\":[{\"@type\":\"WebPage\",\"@id\":\"https:\\\/\\\/poterie-de-crestet.com\\\/de\\\/keramik\\\/mittelhohe-schuessel-mit-hohem-rand-gruene-nyons\\\/\",\"url\":\"https:\\\/\\\/poterie-de-crestet.com\\\/de\\\/keramik\\\/mittelhohe-schuessel-mit-hohem-rand-gruene-nyons\\\/\",\"name\":\"Mittelhohe Sch\u00fcssel mit hohem Rand Gr\u00fcne Nyons - Poterie de Crestet\",\"isPartOf\":{\"@id\":\"https:\\\/\\\/poterie-de-crestet.com\\\/de\\\/#website\"},\"primaryImageOfPage\":{\"@id\":\"https:\\\/\\\/poterie-de-crestet.com\\\/de\\\/keramik\\\/mittelhohe-schuessel-mit-hohem-rand-gruene-nyons\\\/#primaryimage\"},\"image\":{\"@id\":\"https:\\\/\\\/poterie-de-crestet.com\\\/de\\\/keramik\\\/mittelhohe-schuessel-mit-hohem-rand-gruene-nyons\\\/#primaryimage\"},\"thumbnailUrl\":\"https:\\\/\\\/i0.wp.com\\\/poterie-de-crestet.com\\\/wp-content\\\/uploads\\\/2025\\\/08\\\/plat-rebord-haut-42.jpg?fit=800%2C532&ssl=1\",\"datePublished\":\"2025-08-22T12:55:09+00:00\",\"description\":\"Green Nyons High-Rim-Gericht: praktisch f\u00fcr Salate und Gerichte zum Teilen. Sp\u00fclmaschinen- und Mikrowellenfest. Nutzen Sie unser Bundle-Angebot.\",\"breadcrumb\":{\"@id\":\"https:\\\/\\\/poterie-de-crestet.com\\\/de\\\/keramik\\\/mittelhohe-schuessel-mit-hohem-rand-gruene-nyons\\\/#breadcrumb\"},\"inLanguage\":\"de\",\"potentialAction\":[{\"@type\":\"ReadAction\",\"target\":[\"https:\\\/\\\/poterie-de-crestet.com\\\/de\\\/keramik\\\/mittelhohe-schuessel-mit-hohem-rand-gruene-nyons\\\/\"]}]},{\"@type\":\"ImageObject\",\"inLanguage\":\"de\",\"@id\":\"https:\\\/\\\/poterie-de-crestet.com\\\/de\\\/keramik\\\/mittelhohe-schuessel-mit-hohem-rand-gruene-nyons\\\/#primaryimage\",\"url\":\"https:\\\/\\\/i0.wp.com\\\/poterie-de-crestet.com\\\/wp-content\\\/uploads\\\/2025\\\/08\\\/plat-rebord-haut-42.jpg?fit=800%2C532&ssl=1\",\"contentUrl\":\"https:\\\/\\\/i0.wp.com\\\/poterie-de-crestet.com\\\/wp-content\\\/uploads\\\/2025\\\/08\\\/plat-rebord-haut-42.jpg?fit=800%2C532&ssl=1\",\"width\":800,\"height\":532,\"caption\":\"Flachserien-Top-Kleinmodell \u2013 Nyons gr\u00fcn\"},{\"@type\":\"BreadcrumbList\",\"@id\":\"https:\\\/\\\/poterie-de-crestet.com\\\/de\\\/keramik\\\/mittelhohe-schuessel-mit-hohem-rand-gruene-nyons\\\/#breadcrumb\",\"itemListElement\":[{\"@type\":\"ListItem\",\"position\":1,\"name\":\"Accueil\",\"item\":\"https:\\\/\\\/poterie-de-crestet.com\\\/de\\\/accueil\\\/\"},{\"@type\":\"ListItem\",\"position\":2,\"name\":\"Boutique\",\"item\":\"https:\\\/\\\/poterie-de-crestet.com\\\/ceramiques\\\/\"},{\"@type\":\"ListItem\",\"position\":3,\"name\":\"Mittelhohe Sch\u00fcssel mit hohem Rand Gr\u00fcne Nyons\"}]},{\"@type\":\"WebSite\",\"@id\":\"https:\\\/\\\/poterie-de-crestet.com\\\/de\\\/#website\",\"url\":\"https:\\\/\\\/poterie-de-crestet.com\\\/de\\\/\",\"name\":\"Poterie de Crestet\",\"description\":\"Des milliers de poteries inpir\u00e9es de la Provence\",\"publisher\":{\"@id\":\"https:\\\/\\\/poterie-de-crestet.com\\\/de\\\/#organization\"},\"potentialAction\":[{\"@type\":\"SearchAction\",\"target\":{\"@type\":\"EntryPoint\",\"urlTemplate\":\"https:\\\/\\\/poterie-de-crestet.com\\\/de\\\/?s={search_term_string}\"},\"query-input\":{\"@type\":\"PropertyValueSpecification\",\"valueRequired\":true,\"valueName\":\"search_term_string\"}}],\"inLanguage\":\"de\"},{\"@type\":\"Organization\",\"@id\":\"https:\\\/\\\/poterie-de-crestet.com\\\/de\\\/#organization\",\"name\":\"Poterie de Crestet\",\"url\":\"https:\\\/\\\/poterie-de-crestet.com\\\/de\\\/\",\"logo\":{\"@type\":\"ImageObject\",\"inLanguage\":\"de\",\"@id\":\"https:\\\/\\\/poterie-de-crestet.com\\\/de\\\/#\\\/schema\\\/logo\\\/image\\\/\",\"url\":\"https:\\\/\\\/i0.wp.com\\\/poterie-de-crestet.com\\\/wp-content\\\/uploads\\\/2025\\\/03\\\/Propo-4.png?fit=1000%2C462&ssl=1\",\"contentUrl\":\"https:\\\/\\\/i0.wp.com\\\/poterie-de-crestet.com\\\/wp-content\\\/uploads\\\/2025\\\/03\\\/Propo-4.png?fit=1000%2C462&ssl=1\",\"width\":1000,\"height\":462,\"caption\":\"Poterie de Crestet\"},\"image\":{\"@id\":\"https:\\\/\\\/poterie-de-crestet.com\\\/de\\\/#\\\/schema\\\/logo\\\/image\\\/\"}}]}<\/script>\n<!-- \/ Yoast SEO plugin. -->","yoast_head_json":{"title":"Mittelhohe Sch\u00fcssel mit hohem Rand Gr\u00fcne Nyons - Poterie de Crestet","description":"Green Nyons High-Rim-Gericht: praktisch f\u00fcr Salate und Gerichte zum Teilen. Sp\u00fclmaschinen- und Mikrowellenfest. Nutzen Sie unser Bundle-Angebot.","robots":{"index":"index","follow":"follow","max-snippet":"max-snippet:-1","max-image-preview":"max-image-preview:large","max-video-preview":"max-video-preview:-1"},"canonical":"https:\/\/poterie-de-crestet.com\/de\/keramik\/mittelhohe-schuessel-mit-hohem-rand-gruene-nyons\/","og_locale":"de_DE","og_type":"article","og_title":"Mittelhohe Sch\u00fcssel mit hohem Rand Gr\u00fcne Nyons - Poterie de Crestet","og_description":"Green Nyons High-Rim-Gericht: praktisch f\u00fcr Salate und Gerichte zum Teilen. Sp\u00fclmaschinen- und Mikrowellenfest. Nutzen Sie unser Bundle-Angebot.","og_url":"https:\/\/poterie-de-crestet.com\/de\/keramik\/mittelhohe-schuessel-mit-hohem-rand-gruene-nyons\/","og_site_name":"Poterie de Crestet","og_image":[{"width":800,"height":532,"url":"https:\/\/i0.wp.com\/poterie-de-crestet.com\/wp-content\/uploads\/2025\/08\/plat-rebord-haut-42.jpg?fit=800%2C532&ssl=1","type":"image\/jpeg"}],"twitter_card":"summary_large_image","twitter_misc":{"Gesch\u00e4tzte Lesezeit":"1\u00a0Minute"},"schema":{"@context":"https:\/\/schema.org","@graph":[{"@type":"WebPage","@id":"https:\/\/poterie-de-crestet.com\/de\/keramik\/mittelhohe-schuessel-mit-hohem-rand-gruene-nyons\/","url":"https:\/\/poterie-de-crestet.com\/de\/keramik\/mittelhohe-schuessel-mit-hohem-rand-gruene-nyons\/","name":"Mittelhohe Sch\u00fcssel mit hohem Rand Gr\u00fcne Nyons - Poterie de Crestet","isPartOf":{"@id":"https:\/\/poterie-de-crestet.com\/de\/#website"},"primaryImageOfPage":{"@id":"https:\/\/poterie-de-crestet.com\/de\/keramik\/mittelhohe-schuessel-mit-hohem-rand-gruene-nyons\/#primaryimage"},"image":{"@id":"https:\/\/poterie-de-crestet.com\/de\/keramik\/mittelhohe-schuessel-mit-hohem-rand-gruene-nyons\/#primaryimage"},"thumbnailUrl":"https:\/\/i0.wp.com\/poterie-de-crestet.com\/wp-content\/uploads\/2025\/08\/plat-rebord-haut-42.jpg?fit=800%2C532&ssl=1","datePublished":"2025-08-22T12:55:09+00:00","description":"Green Nyons High-Rim-Gericht: praktisch f\u00fcr Salate und Gerichte zum Teilen. Sp\u00fclmaschinen- und Mikrowellenfest. Nutzen Sie unser Bundle-Angebot.","breadcrumb":{"@id":"https:\/\/poterie-de-crestet.com\/de\/keramik\/mittelhohe-schuessel-mit-hohem-rand-gruene-nyons\/#breadcrumb"},"inLanguage":"de","potentialAction":[{"@type":"ReadAction","target":["https:\/\/poterie-de-crestet.com\/de\/keramik\/mittelhohe-schuessel-mit-hohem-rand-gruene-nyons\/"]}]},{"@type":"ImageObject","inLanguage":"de","@id":"https:\/\/poterie-de-crestet.com\/de\/keramik\/mittelhohe-schuessel-mit-hohem-rand-gruene-nyons\/#primaryimage","url":"https:\/\/i0.wp.com\/poterie-de-crestet.com\/wp-content\/uploads\/2025\/08\/plat-rebord-haut-42.jpg?fit=800%2C532&ssl=1","contentUrl":"https:\/\/i0.wp.com\/poterie-de-crestet.com\/wp-content\/uploads\/2025\/08\/plat-rebord-haut-42.jpg?fit=800%2C532&ssl=1","width":800,"height":532,"caption":"Flachserien-Top-Kleinmodell \u2013 Nyons gr\u00fcn"},{"@type":"BreadcrumbList","@id":"https:\/\/poterie-de-crestet.com\/de\/keramik\/mittelhohe-schuessel-mit-hohem-rand-gruene-nyons\/#breadcrumb","itemListElement":[{"@type":"ListItem","position":1,"name":"Accueil","item":"https:\/\/poterie-de-crestet.com\/de\/accueil\/"},{"@type":"ListItem","position":2,"name":"Boutique","item":"https:\/\/poterie-de-crestet.com\/ceramiques\/"},{"@type":"ListItem","position":3,"name":"Mittelhohe Sch\u00fcssel mit hohem Rand Gr\u00fcne Nyons"}]},{"@type":"WebSite","@id":"https:\/\/poterie-de-crestet.com\/de\/#website","url":"https:\/\/poterie-de-crestet.com\/de\/","name":"Poterie de Crestet","description":"Des milliers de poteries inpir\u00e9es de la Provence","publisher":{"@id":"https:\/\/poterie-de-crestet.com\/de\/#organization"},"potentialAction":[{"@type":"SearchAction","target":{"@type":"EntryPoint","urlTemplate":"https:\/\/poterie-de-crestet.com\/de\/?s={search_term_string}"},"query-input":{"@type":"PropertyValueSpecification","valueRequired":true,"valueName":"search_term_string"}}],"inLanguage":"de"},{"@type":"Organization","@id":"https:\/\/poterie-de-crestet.com\/de\/#organization","name":"Poterie de Crestet","url":"https:\/\/poterie-de-crestet.com\/de\/","logo":{"@type":"ImageObject","inLanguage":"de","@id":"https:\/\/poterie-de-crestet.com\/de\/#\/schema\/logo\/image\/","url":"https:\/\/i0.wp.com\/poterie-de-crestet.com\/wp-content\/uploads\/2025\/03\/Propo-4.png?fit=1000%2C462&ssl=1","contentUrl":"https:\/\/i0.wp.com\/poterie-de-crestet.com\/wp-content\/uploads\/2025\/03\/Propo-4.png?fit=1000%2C462&ssl=1","width":1000,"height":462,"caption":"Poterie de Crestet"},"image":{"@id":"https:\/\/poterie-de-crestet.com\/de\/#\/schema\/logo\/image\/"}}]}},"jetpack_sharing_enabled":true,"_links":{"self":[{"href":"https:\/\/poterie-de-crestet.com\/de\/wp-json\/wp\/v2\/product\/21694","targetHints":{"allow":["GET"]}}],"collection":[{"href":"https:\/\/poterie-de-crestet.com\/de\/wp-json\/wp\/v2\/product"}],"about":[{"href":"https:\/\/poterie-de-crestet.com\/de\/wp-json\/wp\/v2\/types\/product"}],"replies":[{"embeddable":true,"href":"https:\/\/poterie-de-crestet.com\/de\/wp-json\/wp\/v2\/comments?post=21694"}],"version-history":[{"count":0,"href":"https:\/\/poterie-de-crestet.com\/de\/wp-json\/wp\/v2\/product\/21694\/revisions"}],"wp:featuredmedia":[{"embeddable":true,"href":"https:\/\/poterie-de-crestet.com\/de\/wp-json\/wp\/v2\/media\/14034"}],"wp:attachment":[{"href":"https:\/\/poterie-de-crestet.com\/de\/wp-json\/wp\/v2\/media?parent=21694"}],"wp:term":[{"taxonomy":"product_brand","embeddable":true,"href":"https:\/\/poterie-de-crestet.com\/de\/wp-json\/wp\/v2\/product_brand?post=21694"},{"taxonomy":"product_cat","embeddable":true,"href":"https:\/\/poterie-de-crestet.com\/de\/wp-json\/wp\/v2\/product_cat?post=21694"},{"taxonomy":"product_tag","embeddable":true,"href":"https:\/\/poterie-de-crestet.com\/de\/wp-json\/wp\/v2\/product_tag?post=21694"}],"curies":[{"name":"wp","href":"https:\/\/api.w.org\/{rel}","templated":true}]}}