{"id":21678,"date":"2025-08-09T19:23:10","date_gmt":"2025-08-09T17:23:10","guid":{"rendered":"https:\/\/poterie-de-crestet.com\/ceramiques\/flache-serie-low-large-leichter-boden\/"},"modified":"2025-08-09T19:23:10","modified_gmt":"2025-08-09T17:23:10","slug":"flache-serie-low-large-leichter-boden","status":"publish","type":"product","link":"https:\/\/poterie-de-crestet.com\/de\/keramik\/flache-serie-low-large-leichter-boden\/","title":{"rendered":"Flache Serie Low Large  <h5>Leichter Boden<\/h5>"},"content":{"rendered":"<p>Die gro\u00dfe Bodenserie mit hellem Bodendekor vereint Eleganz und Weichheit. Mit einem Durchmesser von 30 cm und einer H\u00f6he von 7,5 cm kann er als Servierschale, Pr\u00e4sentationsgericht oder als Teilgericht verwendet werden. Seine niedrige, breite Form erg\u00e4nzt gemischte Salate, gebratenes Fleisch, gegrilltes Gem\u00fcse oder Familiendesserts.<br data-start=\"706\" data-end=\"709\">Hergestellt aus hochwertiger Keramik und handbemalt f\u00fcr sein Dekor, vereint er Robustheit und Raffinesse. Die helle Bodendekoration mit neutralen und leuchtenden Farbt\u00f6nen f\u00fcgt sich m\u00fchelos in jeden Tisch ein, vom Alltag bis zu festlichen Anl\u00e4ssen. Geschirrsp\u00fcler- und Mikrowellenfest, bietet es Praktikabilit\u00e4t und Stil.<br data-start=\"1016\" data-end=\"1019\">Kombinieren Sie ihn mit einer<g id=\"gid_0\"> riesigen Light Sol Salatsch\u00fcssel <\/g>f\u00fcr perfekte Harmonie oder kombinieren Sie ihn mit anderen Dekorationen f\u00fcr einen originellen Gottesdienst. Auch in kleinen und mittleren Modellen erh\u00e4ltlich, profitiert es von unserem <a class=\"\" href=\"https:\/\/poterie-de-crestet.com\/de\/befoerderungen\/\" target=\"_new\" rel=\"noopener\" data-start=\"1294\" data-end=\"1358\">Sonderangebot in Sets<\/a> , um ein elegantes Set zu einem tollen Preis zusammenzustellen.<br data-start=\"1411\" data-end=\"1414\">Stapelbar und leicht zu handhaben, wurde er schnell zu einem Muss.     <\/p>\n","protected":false},"excerpt":{"rendered":"<p>Flachgrund, gro\u00dfes Modell-Dekor, leichter Boden, Keramik. Elegant und hell, ideal f\u00fcr Pr\u00e4sentation oder Teilen. <br data-start=\"1626\" data-end=\"1629\"><strong data-start=\"1629\" data-end=\"1659\"><em data-start=\"1631\" data-end=\"1657\">Ma\u00dfe: 30 \u00d7 7,5 cm<\/em><\/strong><\/p>\n","protected":false},"featured_media":13124,"comment_status":"open","ping_status":"closed","template":"","meta":[],"product_brand":[],"product_cat":[385],"product_tag":[234],"class_list":{"0":"post-21678","1":"product","2":"type-product","3":"status-publish","4":"has-post-thumbnail","6":"product_cat-grose-platten-mit-niedrigem-rand","7":"product_tag-leichter-boden","9":"first","10":"instock","11":"taxable","12":"shipping-taxable","13":"purchasable","14":"product-type-simple"},"yoast_head":"<!-- This site is optimized with the Yoast SEO plugin v27.5 - https:\/\/yoast.com\/product\/yoast-seo-wordpress\/ -->\n<title>Flache Serie Low Large Leichter Boden - Poterie de Crestet<\/title>\n<meta name=\"description\" content=\"Flachgrund, gro\u00dfes Modell, klar, eleganter und heller Boden. Ideal f\u00fcr Salate, Familiengerichte oder Buffets. Keramikgeschirrsp\u00fcler und Mikrowelle.\" \/>\n<meta name=\"robots\" content=\"index, follow, max-snippet:-1, max-image-preview:large, max-video-preview:-1\" \/>\n<link rel=\"canonical\" href=\"https:\/\/poterie-de-crestet.com\/de\/keramik\/flache-serie-low-large-leichter-boden\/\" \/>\n<meta property=\"og:locale\" content=\"de_DE\" \/>\n<meta property=\"og:type\" content=\"article\" \/>\n<meta property=\"og:title\" content=\"Flache Serie Low Large Leichter Boden - Poterie de Crestet\" \/>\n<meta property=\"og:description\" content=\"Flachgrund, gro\u00dfes Modell, klar, eleganter und heller Boden. Ideal f\u00fcr Salate, Familiengerichte oder Buffets. Keramikgeschirrsp\u00fcler und Mikrowelle.\" \/>\n<meta property=\"og:url\" content=\"https:\/\/poterie-de-crestet.com\/de\/keramik\/flache-serie-low-large-leichter-boden\/\" \/>\n<meta property=\"og:site_name\" content=\"Poterie de Crestet\" \/>\n<meta property=\"og:image\" content=\"https:\/\/i0.wp.com\/poterie-de-crestet.com\/wp-content\/uploads\/2025\/08\/plat-service-rebord-bas-15.jpg?fit=800%2C532&ssl=1\" \/>\n\t<meta property=\"og:image:width\" content=\"800\" \/>\n\t<meta property=\"og:image:height\" content=\"532\" \/>\n\t<meta property=\"og:image:type\" content=\"image\/jpeg\" \/>\n<meta name=\"twitter:card\" content=\"summary_large_image\" \/>\n<meta name=\"twitter:label1\" content=\"Gesch\u00e4tzte Lesezeit\" \/>\n\t<meta name=\"twitter:data1\" content=\"1\u00a0Minute\" \/>\n<script type=\"application\/ld+json\" class=\"yoast-schema-graph\">{\"@context\":\"https:\\\/\\\/schema.org\",\"@graph\":[{\"@type\":\"WebPage\",\"@id\":\"https:\\\/\\\/poterie-de-crestet.com\\\/de\\\/keramik\\\/flache-serie-low-large-leichter-boden\\\/\",\"url\":\"https:\\\/\\\/poterie-de-crestet.com\\\/de\\\/keramik\\\/flache-serie-low-large-leichter-boden\\\/\",\"name\":\"Flache Serie Low Large Leichter Boden - Poterie de Crestet\",\"isPartOf\":{\"@id\":\"https:\\\/\\\/poterie-de-crestet.com\\\/de\\\/#website\"},\"primaryImageOfPage\":{\"@id\":\"https:\\\/\\\/poterie-de-crestet.com\\\/de\\\/keramik\\\/flache-serie-low-large-leichter-boden\\\/#primaryimage\"},\"image\":{\"@id\":\"https:\\\/\\\/poterie-de-crestet.com\\\/de\\\/keramik\\\/flache-serie-low-large-leichter-boden\\\/#primaryimage\"},\"thumbnailUrl\":\"https:\\\/\\\/i0.wp.com\\\/poterie-de-crestet.com\\\/wp-content\\\/uploads\\\/2025\\\/08\\\/plat-service-rebord-bas-15.jpg?fit=800%2C532&ssl=1\",\"datePublished\":\"2025-08-09T17:23:10+00:00\",\"description\":\"Flachgrund, gro\u00dfes Modell, klar, eleganter und heller Boden. Ideal f\u00fcr Salate, Familiengerichte oder Buffets. Keramikgeschirrsp\u00fcler und Mikrowelle.\",\"breadcrumb\":{\"@id\":\"https:\\\/\\\/poterie-de-crestet.com\\\/de\\\/keramik\\\/flache-serie-low-large-leichter-boden\\\/#breadcrumb\"},\"inLanguage\":\"de\",\"potentialAction\":[{\"@type\":\"ReadAction\",\"target\":[\"https:\\\/\\\/poterie-de-crestet.com\\\/de\\\/keramik\\\/flache-serie-low-large-leichter-boden\\\/\"]}]},{\"@type\":\"ImageObject\",\"inLanguage\":\"de\",\"@id\":\"https:\\\/\\\/poterie-de-crestet.com\\\/de\\\/keramik\\\/flache-serie-low-large-leichter-boden\\\/#primaryimage\",\"url\":\"https:\\\/\\\/i0.wp.com\\\/poterie-de-crestet.com\\\/wp-content\\\/uploads\\\/2025\\\/08\\\/plat-service-rebord-bas-15.jpg?fit=800%2C532&ssl=1\",\"contentUrl\":\"https:\\\/\\\/i0.wp.com\\\/poterie-de-crestet.com\\\/wp-content\\\/uploads\\\/2025\\\/08\\\/plat-service-rebord-bas-15.jpg?fit=800%2C532&ssl=1\",\"width\":800,\"height\":532,\"caption\":\"Servierplatte mit niedrig beleuchteten Bodenr\u00e4ndern\"},{\"@type\":\"BreadcrumbList\",\"@id\":\"https:\\\/\\\/poterie-de-crestet.com\\\/de\\\/keramik\\\/flache-serie-low-large-leichter-boden\\\/#breadcrumb\",\"itemListElement\":[{\"@type\":\"ListItem\",\"position\":1,\"name\":\"Accueil\",\"item\":\"https:\\\/\\\/poterie-de-crestet.com\\\/de\\\/accueil\\\/\"},{\"@type\":\"ListItem\",\"position\":2,\"name\":\"Boutique\",\"item\":\"https:\\\/\\\/poterie-de-crestet.com\\\/ceramiques\\\/\"},{\"@type\":\"ListItem\",\"position\":3,\"name\":\"Flache Serie Low Large Leichter Boden\"}]},{\"@type\":\"WebSite\",\"@id\":\"https:\\\/\\\/poterie-de-crestet.com\\\/de\\\/#website\",\"url\":\"https:\\\/\\\/poterie-de-crestet.com\\\/de\\\/\",\"name\":\"Poterie de Crestet\",\"description\":\"Des milliers de poteries inpir\u00e9es de la Provence\",\"publisher\":{\"@id\":\"https:\\\/\\\/poterie-de-crestet.com\\\/de\\\/#organization\"},\"potentialAction\":[{\"@type\":\"SearchAction\",\"target\":{\"@type\":\"EntryPoint\",\"urlTemplate\":\"https:\\\/\\\/poterie-de-crestet.com\\\/de\\\/?s={search_term_string}\"},\"query-input\":{\"@type\":\"PropertyValueSpecification\",\"valueRequired\":true,\"valueName\":\"search_term_string\"}}],\"inLanguage\":\"de\"},{\"@type\":\"Organization\",\"@id\":\"https:\\\/\\\/poterie-de-crestet.com\\\/de\\\/#organization\",\"name\":\"Poterie de Crestet\",\"url\":\"https:\\\/\\\/poterie-de-crestet.com\\\/de\\\/\",\"logo\":{\"@type\":\"ImageObject\",\"inLanguage\":\"de\",\"@id\":\"https:\\\/\\\/poterie-de-crestet.com\\\/de\\\/#\\\/schema\\\/logo\\\/image\\\/\",\"url\":\"https:\\\/\\\/i0.wp.com\\\/poterie-de-crestet.com\\\/wp-content\\\/uploads\\\/2025\\\/03\\\/Propo-4.png?fit=1000%2C462&ssl=1\",\"contentUrl\":\"https:\\\/\\\/i0.wp.com\\\/poterie-de-crestet.com\\\/wp-content\\\/uploads\\\/2025\\\/03\\\/Propo-4.png?fit=1000%2C462&ssl=1\",\"width\":1000,\"height\":462,\"caption\":\"Poterie de Crestet\"},\"image\":{\"@id\":\"https:\\\/\\\/poterie-de-crestet.com\\\/de\\\/#\\\/schema\\\/logo\\\/image\\\/\"}}]}<\/script>\n<!-- \/ Yoast SEO plugin. -->","yoast_head_json":{"title":"Flache Serie Low Large Leichter Boden - Poterie de Crestet","description":"Flachgrund, gro\u00dfes Modell, klar, eleganter und heller Boden. Ideal f\u00fcr Salate, Familiengerichte oder Buffets. Keramikgeschirrsp\u00fcler und Mikrowelle.","robots":{"index":"index","follow":"follow","max-snippet":"max-snippet:-1","max-image-preview":"max-image-preview:large","max-video-preview":"max-video-preview:-1"},"canonical":"https:\/\/poterie-de-crestet.com\/de\/keramik\/flache-serie-low-large-leichter-boden\/","og_locale":"de_DE","og_type":"article","og_title":"Flache Serie Low Large Leichter Boden - Poterie de Crestet","og_description":"Flachgrund, gro\u00dfes Modell, klar, eleganter und heller Boden. Ideal f\u00fcr Salate, Familiengerichte oder Buffets. Keramikgeschirrsp\u00fcler und Mikrowelle.","og_url":"https:\/\/poterie-de-crestet.com\/de\/keramik\/flache-serie-low-large-leichter-boden\/","og_site_name":"Poterie de Crestet","og_image":[{"width":800,"height":532,"url":"https:\/\/i0.wp.com\/poterie-de-crestet.com\/wp-content\/uploads\/2025\/08\/plat-service-rebord-bas-15.jpg?fit=800%2C532&ssl=1","type":"image\/jpeg"}],"twitter_card":"summary_large_image","twitter_misc":{"Gesch\u00e4tzte Lesezeit":"1\u00a0Minute"},"schema":{"@context":"https:\/\/schema.org","@graph":[{"@type":"WebPage","@id":"https:\/\/poterie-de-crestet.com\/de\/keramik\/flache-serie-low-large-leichter-boden\/","url":"https:\/\/poterie-de-crestet.com\/de\/keramik\/flache-serie-low-large-leichter-boden\/","name":"Flache Serie Low Large Leichter Boden - Poterie de Crestet","isPartOf":{"@id":"https:\/\/poterie-de-crestet.com\/de\/#website"},"primaryImageOfPage":{"@id":"https:\/\/poterie-de-crestet.com\/de\/keramik\/flache-serie-low-large-leichter-boden\/#primaryimage"},"image":{"@id":"https:\/\/poterie-de-crestet.com\/de\/keramik\/flache-serie-low-large-leichter-boden\/#primaryimage"},"thumbnailUrl":"https:\/\/i0.wp.com\/poterie-de-crestet.com\/wp-content\/uploads\/2025\/08\/plat-service-rebord-bas-15.jpg?fit=800%2C532&ssl=1","datePublished":"2025-08-09T17:23:10+00:00","description":"Flachgrund, gro\u00dfes Modell, klar, eleganter und heller Boden. Ideal f\u00fcr Salate, Familiengerichte oder Buffets. Keramikgeschirrsp\u00fcler und Mikrowelle.","breadcrumb":{"@id":"https:\/\/poterie-de-crestet.com\/de\/keramik\/flache-serie-low-large-leichter-boden\/#breadcrumb"},"inLanguage":"de","potentialAction":[{"@type":"ReadAction","target":["https:\/\/poterie-de-crestet.com\/de\/keramik\/flache-serie-low-large-leichter-boden\/"]}]},{"@type":"ImageObject","inLanguage":"de","@id":"https:\/\/poterie-de-crestet.com\/de\/keramik\/flache-serie-low-large-leichter-boden\/#primaryimage","url":"https:\/\/i0.wp.com\/poterie-de-crestet.com\/wp-content\/uploads\/2025\/08\/plat-service-rebord-bas-15.jpg?fit=800%2C532&ssl=1","contentUrl":"https:\/\/i0.wp.com\/poterie-de-crestet.com\/wp-content\/uploads\/2025\/08\/plat-service-rebord-bas-15.jpg?fit=800%2C532&ssl=1","width":800,"height":532,"caption":"Servierplatte mit niedrig beleuchteten Bodenr\u00e4ndern"},{"@type":"BreadcrumbList","@id":"https:\/\/poterie-de-crestet.com\/de\/keramik\/flache-serie-low-large-leichter-boden\/#breadcrumb","itemListElement":[{"@type":"ListItem","position":1,"name":"Accueil","item":"https:\/\/poterie-de-crestet.com\/de\/accueil\/"},{"@type":"ListItem","position":2,"name":"Boutique","item":"https:\/\/poterie-de-crestet.com\/ceramiques\/"},{"@type":"ListItem","position":3,"name":"Flache Serie Low Large Leichter Boden"}]},{"@type":"WebSite","@id":"https:\/\/poterie-de-crestet.com\/de\/#website","url":"https:\/\/poterie-de-crestet.com\/de\/","name":"Poterie de Crestet","description":"Des milliers de poteries inpir\u00e9es de la Provence","publisher":{"@id":"https:\/\/poterie-de-crestet.com\/de\/#organization"},"potentialAction":[{"@type":"SearchAction","target":{"@type":"EntryPoint","urlTemplate":"https:\/\/poterie-de-crestet.com\/de\/?s={search_term_string}"},"query-input":{"@type":"PropertyValueSpecification","valueRequired":true,"valueName":"search_term_string"}}],"inLanguage":"de"},{"@type":"Organization","@id":"https:\/\/poterie-de-crestet.com\/de\/#organization","name":"Poterie de Crestet","url":"https:\/\/poterie-de-crestet.com\/de\/","logo":{"@type":"ImageObject","inLanguage":"de","@id":"https:\/\/poterie-de-crestet.com\/de\/#\/schema\/logo\/image\/","url":"https:\/\/i0.wp.com\/poterie-de-crestet.com\/wp-content\/uploads\/2025\/03\/Propo-4.png?fit=1000%2C462&ssl=1","contentUrl":"https:\/\/i0.wp.com\/poterie-de-crestet.com\/wp-content\/uploads\/2025\/03\/Propo-4.png?fit=1000%2C462&ssl=1","width":1000,"height":462,"caption":"Poterie de Crestet"},"image":{"@id":"https:\/\/poterie-de-crestet.com\/de\/#\/schema\/logo\/image\/"}}]}},"jetpack_sharing_enabled":true,"_links":{"self":[{"href":"https:\/\/poterie-de-crestet.com\/de\/wp-json\/wp\/v2\/product\/21678","targetHints":{"allow":["GET"]}}],"collection":[{"href":"https:\/\/poterie-de-crestet.com\/de\/wp-json\/wp\/v2\/product"}],"about":[{"href":"https:\/\/poterie-de-crestet.com\/de\/wp-json\/wp\/v2\/types\/product"}],"replies":[{"embeddable":true,"href":"https:\/\/poterie-de-crestet.com\/de\/wp-json\/wp\/v2\/comments?post=21678"}],"version-history":[{"count":0,"href":"https:\/\/poterie-de-crestet.com\/de\/wp-json\/wp\/v2\/product\/21678\/revisions"}],"wp:featuredmedia":[{"embeddable":true,"href":"https:\/\/poterie-de-crestet.com\/de\/wp-json\/wp\/v2\/media\/13124"}],"wp:attachment":[{"href":"https:\/\/poterie-de-crestet.com\/de\/wp-json\/wp\/v2\/media?parent=21678"}],"wp:term":[{"taxonomy":"product_brand","embeddable":true,"href":"https:\/\/poterie-de-crestet.com\/de\/wp-json\/wp\/v2\/product_brand?post=21678"},{"taxonomy":"product_cat","embeddable":true,"href":"https:\/\/poterie-de-crestet.com\/de\/wp-json\/wp\/v2\/product_cat?post=21678"},{"taxonomy":"product_tag","embeddable":true,"href":"https:\/\/poterie-de-crestet.com\/de\/wp-json\/wp\/v2\/product_tag?post=21678"}],"curies":[{"name":"wp","href":"https:\/\/api.w.org\/{rel}","templated":true}]}}