{"id":21599,"date":"2025-08-22T13:54:59","date_gmt":"2025-08-22T11:54:59","guid":{"rendered":"https:\/\/poterie-de-crestet.com\/ceramiques\/kleines-hochgerandetes-gericht-leichter-boden\/"},"modified":"2025-08-22T13:54:59","modified_gmt":"2025-08-22T11:54:59","slug":"kleines-hochgerandetes-gericht-leichter-boden","status":"publish","type":"product","link":"https:\/\/poterie-de-crestet.com\/de\/keramik\/kleines-hochgerandetes-gericht-leichter-boden\/","title":{"rendered":"Kleines hochgerandetes Gericht  <h5>Leichter Boden<\/h5>"},"content":{"rendered":"<p>Die kleine, hohe Portion mit leichter Bodendekoration vereint N\u00fcchternheit und Praktikabilit\u00e4t. Mit seinen Ma\u00dfen (18 cm Durchmesser, 8 cm H\u00f6he) eignet er sich perfekt f\u00fcr Salat, Gem\u00fcse, Obst oder ein geselliges Dessert. Seine Tiefe erleichtert es auch, Gerichte in So\u00dfe oder gro\u00dfz\u00fcgigeren Zubereitungen zu servieren.<br data-start=\"3788\" data-end=\"3791\">Aus langlebiger Keramik gefertigt und von Hand dekoriert, begleitet dieses robuste Gericht all Ihre t\u00e4glichen Vorbereitungen. Die helle Bodendekoration mit ihren n\u00fcchternen und nat\u00fcrlichen Farbt\u00f6nen passt problemlos zu verschiedenen Tischatmosph\u00e4ren. Kompatibel mit Mikrowelle und Geschirrsp\u00fcler, vereinfacht es den Alltag.<br data-start=\"4106\" data-end=\"4109\">Dieses Modell ist auch in mittelgro\u00dfen und gro\u00dfen Versionen erh\u00e4ltlich. Mit unserem <g id=\"gid_0\">speziellen Bundle-Angebot<\/g> k\u00f6nnen Sie attraktive Rabatte f\u00fcr 2 oder 3 Gerichte derselben Serie genie\u00dfen. F\u00fcr einen harmonischen Tisch kombinieren Sie ihn mit einer <a class=\"decorated-link cursor-pointer\" href=\"https:\/\/poterie-de-crestet.com\/de\/keramik\/riesige-salatschuessel-leichter-boden\/\" target=\"_new\" rel=\"noopener\" data-start=\"4364\" data-end=\"4466\">riesigen Sol-Clair-Salatsch\u00fcssel<\/a>.<br data-start=\"4467\" data-end=\"4470\">Ein einfaches, elegantes und praktisches Gericht, das jeden Tag n\u00fctzlich sein wird.      <\/p>\n","protected":false},"excerpt":{"rendered":"<p>Flaches Decken, kleines Modell, Dekor mit leichtem Boden. N\u00fcchtern und solide, ideal f\u00fcr rohes Gem\u00fcse, Obst, Gem\u00fcse oder Desserts. <br data-start=\"4680\" data-end=\"4683\"><strong data-start=\"4683\" data-end=\"4711\"><em data-start=\"4685\" data-end=\"4709\">Abmessungen: 18 \u00d7 8 cm<\/em><\/strong><\/p>\n","protected":false},"featured_media":14001,"comment_status":"open","ping_status":"closed","template":"","meta":[],"product_brand":[],"product_cat":[410],"product_tag":[234],"class_list":{"0":"post-21599","1":"product","2":"type-product","3":"status-publish","4":"has-post-thumbnail","6":"product_cat-kleines-hochgerandetes-gericht","7":"product_tag-leichter-boden","9":"first","10":"instock","11":"taxable","12":"shipping-taxable","13":"purchasable","14":"product-type-simple"},"yoast_head":"<!-- This site is optimized with the Yoast SEO plugin v27.5 - https:\/\/yoast.com\/product\/yoast-seo-wordpress\/ -->\n<title>Kleines hochgerandetes Gericht Leichter Boden - Poterie de Crestet<\/title>\n<meta name=\"description\" content=\"Flacher Boden mit kleiner Modellleuchte aus Keramik. N\u00fcchtern und solide, perfekt f\u00fcr rohes Gem\u00fcse, Obst oder Salate. Erh\u00e4ltlich in einem Set von 2 oder 3 verschiedenen Gerichten.\" \/>\n<meta name=\"robots\" content=\"index, follow, max-snippet:-1, max-image-preview:large, max-video-preview:-1\" \/>\n<link rel=\"canonical\" href=\"https:\/\/poterie-de-crestet.com\/de\/keramik\/kleines-hochgerandetes-gericht-leichter-boden\/\" \/>\n<meta property=\"og:locale\" content=\"de_DE\" \/>\n<meta property=\"og:type\" content=\"article\" \/>\n<meta property=\"og:title\" content=\"Kleines hochgerandetes Gericht Leichter Boden - Poterie de Crestet\" \/>\n<meta property=\"og:description\" content=\"Flacher Boden mit kleiner Modellleuchte aus Keramik. N\u00fcchtern und solide, perfekt f\u00fcr rohes Gem\u00fcse, Obst oder Salate. Erh\u00e4ltlich in einem Set von 2 oder 3 verschiedenen Gerichten.\" \/>\n<meta property=\"og:url\" content=\"https:\/\/poterie-de-crestet.com\/de\/keramik\/kleines-hochgerandetes-gericht-leichter-boden\/\" \/>\n<meta property=\"og:site_name\" content=\"Poterie de Crestet\" \/>\n<meta property=\"og:image\" content=\"https:\/\/i0.wp.com\/poterie-de-crestet.com\/wp-content\/uploads\/2025\/08\/plat-rebord-haut-31.jpg?fit=800%2C532&ssl=1\" \/>\n\t<meta property=\"og:image:width\" content=\"800\" \/>\n\t<meta property=\"og:image:height\" content=\"532\" \/>\n\t<meta property=\"og:image:type\" content=\"image\/jpeg\" \/>\n<meta name=\"twitter:card\" content=\"summary_large_image\" \/>\n<meta name=\"twitter:label1\" content=\"Gesch\u00e4tzte Lesezeit\" \/>\n\t<meta name=\"twitter:data1\" content=\"1\u00a0Minute\" \/>\n<script type=\"application\/ld+json\" class=\"yoast-schema-graph\">{\"@context\":\"https:\\\/\\\/schema.org\",\"@graph\":[{\"@type\":\"WebPage\",\"@id\":\"https:\\\/\\\/poterie-de-crestet.com\\\/de\\\/keramik\\\/kleines-hochgerandetes-gericht-leichter-boden\\\/\",\"url\":\"https:\\\/\\\/poterie-de-crestet.com\\\/de\\\/keramik\\\/kleines-hochgerandetes-gericht-leichter-boden\\\/\",\"name\":\"Kleines hochgerandetes Gericht Leichter Boden - Poterie de Crestet\",\"isPartOf\":{\"@id\":\"https:\\\/\\\/poterie-de-crestet.com\\\/de\\\/#website\"},\"primaryImageOfPage\":{\"@id\":\"https:\\\/\\\/poterie-de-crestet.com\\\/de\\\/keramik\\\/kleines-hochgerandetes-gericht-leichter-boden\\\/#primaryimage\"},\"image\":{\"@id\":\"https:\\\/\\\/poterie-de-crestet.com\\\/de\\\/keramik\\\/kleines-hochgerandetes-gericht-leichter-boden\\\/#primaryimage\"},\"thumbnailUrl\":\"https:\\\/\\\/i0.wp.com\\\/poterie-de-crestet.com\\\/wp-content\\\/uploads\\\/2025\\\/08\\\/plat-rebord-haut-31.jpg?fit=800%2C532&ssl=1\",\"datePublished\":\"2025-08-22T11:54:59+00:00\",\"description\":\"Flacher Boden mit kleiner Modellleuchte aus Keramik. N\u00fcchtern und solide, perfekt f\u00fcr rohes Gem\u00fcse, Obst oder Salate. Erh\u00e4ltlich in einem Set von 2 oder 3 verschiedenen Gerichten.\",\"breadcrumb\":{\"@id\":\"https:\\\/\\\/poterie-de-crestet.com\\\/de\\\/keramik\\\/kleines-hochgerandetes-gericht-leichter-boden\\\/#breadcrumb\"},\"inLanguage\":\"de\",\"potentialAction\":[{\"@type\":\"ReadAction\",\"target\":[\"https:\\\/\\\/poterie-de-crestet.com\\\/de\\\/keramik\\\/kleines-hochgerandetes-gericht-leichter-boden\\\/\"]}]},{\"@type\":\"ImageObject\",\"inLanguage\":\"de\",\"@id\":\"https:\\\/\\\/poterie-de-crestet.com\\\/de\\\/keramik\\\/kleines-hochgerandetes-gericht-leichter-boden\\\/#primaryimage\",\"url\":\"https:\\\/\\\/i0.wp.com\\\/poterie-de-crestet.com\\\/wp-content\\\/uploads\\\/2025\\\/08\\\/plat-rebord-haut-31.jpg?fit=800%2C532&ssl=1\",\"contentUrl\":\"https:\\\/\\\/i0.wp.com\\\/poterie-de-crestet.com\\\/wp-content\\\/uploads\\\/2025\\\/08\\\/plat-rebord-haut-31.jpg?fit=800%2C532&ssl=1\",\"width\":800,\"height\":532,\"caption\":\"Flachserienmodell mit hohem Kleinbau \u2013 Leichter Boden\"},{\"@type\":\"BreadcrumbList\",\"@id\":\"https:\\\/\\\/poterie-de-crestet.com\\\/de\\\/keramik\\\/kleines-hochgerandetes-gericht-leichter-boden\\\/#breadcrumb\",\"itemListElement\":[{\"@type\":\"ListItem\",\"position\":1,\"name\":\"Accueil\",\"item\":\"https:\\\/\\\/poterie-de-crestet.com\\\/de\\\/accueil\\\/\"},{\"@type\":\"ListItem\",\"position\":2,\"name\":\"Boutique\",\"item\":\"https:\\\/\\\/poterie-de-crestet.com\\\/ceramiques\\\/\"},{\"@type\":\"ListItem\",\"position\":3,\"name\":\"Kleines hochgerandetes Gericht Leichter Boden\"}]},{\"@type\":\"WebSite\",\"@id\":\"https:\\\/\\\/poterie-de-crestet.com\\\/de\\\/#website\",\"url\":\"https:\\\/\\\/poterie-de-crestet.com\\\/de\\\/\",\"name\":\"Poterie de Crestet\",\"description\":\"Des milliers de poteries inpir\u00e9es de la Provence\",\"publisher\":{\"@id\":\"https:\\\/\\\/poterie-de-crestet.com\\\/de\\\/#organization\"},\"potentialAction\":[{\"@type\":\"SearchAction\",\"target\":{\"@type\":\"EntryPoint\",\"urlTemplate\":\"https:\\\/\\\/poterie-de-crestet.com\\\/de\\\/?s={search_term_string}\"},\"query-input\":{\"@type\":\"PropertyValueSpecification\",\"valueRequired\":true,\"valueName\":\"search_term_string\"}}],\"inLanguage\":\"de\"},{\"@type\":\"Organization\",\"@id\":\"https:\\\/\\\/poterie-de-crestet.com\\\/de\\\/#organization\",\"name\":\"Poterie de Crestet\",\"url\":\"https:\\\/\\\/poterie-de-crestet.com\\\/de\\\/\",\"logo\":{\"@type\":\"ImageObject\",\"inLanguage\":\"de\",\"@id\":\"https:\\\/\\\/poterie-de-crestet.com\\\/de\\\/#\\\/schema\\\/logo\\\/image\\\/\",\"url\":\"https:\\\/\\\/i0.wp.com\\\/poterie-de-crestet.com\\\/wp-content\\\/uploads\\\/2025\\\/03\\\/Propo-4.png?fit=1000%2C462&ssl=1\",\"contentUrl\":\"https:\\\/\\\/i0.wp.com\\\/poterie-de-crestet.com\\\/wp-content\\\/uploads\\\/2025\\\/03\\\/Propo-4.png?fit=1000%2C462&ssl=1\",\"width\":1000,\"height\":462,\"caption\":\"Poterie de Crestet\"},\"image\":{\"@id\":\"https:\\\/\\\/poterie-de-crestet.com\\\/de\\\/#\\\/schema\\\/logo\\\/image\\\/\"}}]}<\/script>\n<!-- \/ Yoast SEO plugin. -->","yoast_head_json":{"title":"Kleines hochgerandetes Gericht Leichter Boden - Poterie de Crestet","description":"Flacher Boden mit kleiner Modellleuchte aus Keramik. N\u00fcchtern und solide, perfekt f\u00fcr rohes Gem\u00fcse, Obst oder Salate. Erh\u00e4ltlich in einem Set von 2 oder 3 verschiedenen Gerichten.","robots":{"index":"index","follow":"follow","max-snippet":"max-snippet:-1","max-image-preview":"max-image-preview:large","max-video-preview":"max-video-preview:-1"},"canonical":"https:\/\/poterie-de-crestet.com\/de\/keramik\/kleines-hochgerandetes-gericht-leichter-boden\/","og_locale":"de_DE","og_type":"article","og_title":"Kleines hochgerandetes Gericht Leichter Boden - Poterie de Crestet","og_description":"Flacher Boden mit kleiner Modellleuchte aus Keramik. N\u00fcchtern und solide, perfekt f\u00fcr rohes Gem\u00fcse, Obst oder Salate. Erh\u00e4ltlich in einem Set von 2 oder 3 verschiedenen Gerichten.","og_url":"https:\/\/poterie-de-crestet.com\/de\/keramik\/kleines-hochgerandetes-gericht-leichter-boden\/","og_site_name":"Poterie de Crestet","og_image":[{"width":800,"height":532,"url":"https:\/\/i0.wp.com\/poterie-de-crestet.com\/wp-content\/uploads\/2025\/08\/plat-rebord-haut-31.jpg?fit=800%2C532&ssl=1","type":"image\/jpeg"}],"twitter_card":"summary_large_image","twitter_misc":{"Gesch\u00e4tzte Lesezeit":"1\u00a0Minute"},"schema":{"@context":"https:\/\/schema.org","@graph":[{"@type":"WebPage","@id":"https:\/\/poterie-de-crestet.com\/de\/keramik\/kleines-hochgerandetes-gericht-leichter-boden\/","url":"https:\/\/poterie-de-crestet.com\/de\/keramik\/kleines-hochgerandetes-gericht-leichter-boden\/","name":"Kleines hochgerandetes Gericht Leichter Boden - Poterie de Crestet","isPartOf":{"@id":"https:\/\/poterie-de-crestet.com\/de\/#website"},"primaryImageOfPage":{"@id":"https:\/\/poterie-de-crestet.com\/de\/keramik\/kleines-hochgerandetes-gericht-leichter-boden\/#primaryimage"},"image":{"@id":"https:\/\/poterie-de-crestet.com\/de\/keramik\/kleines-hochgerandetes-gericht-leichter-boden\/#primaryimage"},"thumbnailUrl":"https:\/\/i0.wp.com\/poterie-de-crestet.com\/wp-content\/uploads\/2025\/08\/plat-rebord-haut-31.jpg?fit=800%2C532&ssl=1","datePublished":"2025-08-22T11:54:59+00:00","description":"Flacher Boden mit kleiner Modellleuchte aus Keramik. N\u00fcchtern und solide, perfekt f\u00fcr rohes Gem\u00fcse, Obst oder Salate. Erh\u00e4ltlich in einem Set von 2 oder 3 verschiedenen Gerichten.","breadcrumb":{"@id":"https:\/\/poterie-de-crestet.com\/de\/keramik\/kleines-hochgerandetes-gericht-leichter-boden\/#breadcrumb"},"inLanguage":"de","potentialAction":[{"@type":"ReadAction","target":["https:\/\/poterie-de-crestet.com\/de\/keramik\/kleines-hochgerandetes-gericht-leichter-boden\/"]}]},{"@type":"ImageObject","inLanguage":"de","@id":"https:\/\/poterie-de-crestet.com\/de\/keramik\/kleines-hochgerandetes-gericht-leichter-boden\/#primaryimage","url":"https:\/\/i0.wp.com\/poterie-de-crestet.com\/wp-content\/uploads\/2025\/08\/plat-rebord-haut-31.jpg?fit=800%2C532&ssl=1","contentUrl":"https:\/\/i0.wp.com\/poterie-de-crestet.com\/wp-content\/uploads\/2025\/08\/plat-rebord-haut-31.jpg?fit=800%2C532&ssl=1","width":800,"height":532,"caption":"Flachserienmodell mit hohem Kleinbau \u2013 Leichter Boden"},{"@type":"BreadcrumbList","@id":"https:\/\/poterie-de-crestet.com\/de\/keramik\/kleines-hochgerandetes-gericht-leichter-boden\/#breadcrumb","itemListElement":[{"@type":"ListItem","position":1,"name":"Accueil","item":"https:\/\/poterie-de-crestet.com\/de\/accueil\/"},{"@type":"ListItem","position":2,"name":"Boutique","item":"https:\/\/poterie-de-crestet.com\/ceramiques\/"},{"@type":"ListItem","position":3,"name":"Kleines hochgerandetes Gericht Leichter Boden"}]},{"@type":"WebSite","@id":"https:\/\/poterie-de-crestet.com\/de\/#website","url":"https:\/\/poterie-de-crestet.com\/de\/","name":"Poterie de Crestet","description":"Des milliers de poteries inpir\u00e9es de la Provence","publisher":{"@id":"https:\/\/poterie-de-crestet.com\/de\/#organization"},"potentialAction":[{"@type":"SearchAction","target":{"@type":"EntryPoint","urlTemplate":"https:\/\/poterie-de-crestet.com\/de\/?s={search_term_string}"},"query-input":{"@type":"PropertyValueSpecification","valueRequired":true,"valueName":"search_term_string"}}],"inLanguage":"de"},{"@type":"Organization","@id":"https:\/\/poterie-de-crestet.com\/de\/#organization","name":"Poterie de Crestet","url":"https:\/\/poterie-de-crestet.com\/de\/","logo":{"@type":"ImageObject","inLanguage":"de","@id":"https:\/\/poterie-de-crestet.com\/de\/#\/schema\/logo\/image\/","url":"https:\/\/i0.wp.com\/poterie-de-crestet.com\/wp-content\/uploads\/2025\/03\/Propo-4.png?fit=1000%2C462&ssl=1","contentUrl":"https:\/\/i0.wp.com\/poterie-de-crestet.com\/wp-content\/uploads\/2025\/03\/Propo-4.png?fit=1000%2C462&ssl=1","width":1000,"height":462,"caption":"Poterie de Crestet"},"image":{"@id":"https:\/\/poterie-de-crestet.com\/de\/#\/schema\/logo\/image\/"}}]}},"jetpack_sharing_enabled":true,"_links":{"self":[{"href":"https:\/\/poterie-de-crestet.com\/de\/wp-json\/wp\/v2\/product\/21599","targetHints":{"allow":["GET"]}}],"collection":[{"href":"https:\/\/poterie-de-crestet.com\/de\/wp-json\/wp\/v2\/product"}],"about":[{"href":"https:\/\/poterie-de-crestet.com\/de\/wp-json\/wp\/v2\/types\/product"}],"replies":[{"embeddable":true,"href":"https:\/\/poterie-de-crestet.com\/de\/wp-json\/wp\/v2\/comments?post=21599"}],"version-history":[{"count":0,"href":"https:\/\/poterie-de-crestet.com\/de\/wp-json\/wp\/v2\/product\/21599\/revisions"}],"wp:featuredmedia":[{"embeddable":true,"href":"https:\/\/poterie-de-crestet.com\/de\/wp-json\/wp\/v2\/media\/14001"}],"wp:attachment":[{"href":"https:\/\/poterie-de-crestet.com\/de\/wp-json\/wp\/v2\/media?parent=21599"}],"wp:term":[{"taxonomy":"product_brand","embeddable":true,"href":"https:\/\/poterie-de-crestet.com\/de\/wp-json\/wp\/v2\/product_brand?post=21599"},{"taxonomy":"product_cat","embeddable":true,"href":"https:\/\/poterie-de-crestet.com\/de\/wp-json\/wp\/v2\/product_cat?post=21599"},{"taxonomy":"product_tag","embeddable":true,"href":"https:\/\/poterie-de-crestet.com\/de\/wp-json\/wp\/v2\/product_tag?post=21599"}],"curies":[{"name":"wp","href":"https:\/\/api.w.org\/{rel}","templated":true}]}}