{"id":21583,"date":"2025-08-22T13:55:02","date_gmt":"2025-08-22T11:55:02","guid":{"rendered":"https:\/\/poterie-de-crestet.com\/ceramiques\/kleines-hochgerandetes-gericht-olivgrauer-tuerkis\/"},"modified":"2025-08-22T13:55:02","modified_gmt":"2025-08-22T11:55:02","slug":"kleines-hochgerandetes-gericht-olivgrauer-tuerkis","status":"publish","type":"product","link":"https:\/\/poterie-de-crestet.com\/de\/keramik\/kleines-hochgerandetes-gericht-olivgrauer-tuerkis\/","title":{"rendered":"Kleines hochgerandetes Gericht  <h5>Olivgrauer T\u00fcrkis<\/h5>"},"content":{"rendered":"<p data-start=\"213\" data-end=\"1488\">Die kleine Tall Series Dish mit olivgrauem T\u00fcrkis-Dekor ist ideal f\u00fcr all Ihre t\u00e4glichen Vorbereitungen. Mit seinen praktischen Abmessungen (18 cm Durchmesser, 8 cm H\u00f6he) kann er Salate, rohes Gem\u00fcse, frisches Obst, aber auch eingekochtes Gem\u00fcse oder Desserts zum Teilen aufnehmen. Seine hohe Form h\u00e4lt So\u00dfen, Dressings und herzhafte Bel\u00e4ge problemlos auf.<br data-start=\"632\" data-end=\"635\">Aus massiver Keramik gefertigt und von Hand dekoriert, bietet er eine sch\u00f6ne Widerstandsf\u00e4higkeit gegen den t\u00e4glichen Gebrauch. Die Olive Gris Turquoise Dekoration zeichnet sich durch moderne und leuchtende Farbt\u00f6ne aus, die Ihren Mahlzeiten eine raffinierte Note verleihen. Einfach zu warten, es ist ohne Sorgen sp\u00fclmaschinen- und mikrowellenfest.<br data-start=\"944\" data-end=\"947\">Dieses Modell ist auch im mittleren und gro\u00dfen Format erh\u00e4ltlich, um einen harmonischen Service zu schaffen. Dank unseres <g id=\"gid_0\">Sonderangebots pro Partie<\/g> k\u00f6nnen Sie von einem Sonderpreis profitieren, indem Sie 2 oder 3 Gerichte derselben Serie kaufen. Um Ihre Tische noch aufzuwerten, kombinieren Sie ihn mit einer <a class=\"decorated-link cursor-pointer\" href=\"https:\/\/poterie-de-crestet.com\/de\/keramik\/riesige-salatschuessel-olivgrauer-tuerkis\/\" target=\"_new\" rel=\"noopener\" data-start=\"1262\" data-end=\"1375\">riesigen olivgrauen t\u00fcrkisfarbenen Salatschale<\/a>.<br data-start=\"1376\" data-end=\"1379\">Praktisch, \u00e4sthetisch und vielseitig \u2013 es wird schnell zu einem Muss f\u00fcr Ihre Gerichte.      <\/p>\n<p data-start=\"1490\" data-end=\"1675\">\n","protected":false},"excerpt":{"rendered":"<p>Flaches Oberteil, kleines Muster, olivgrau t\u00fcrkisfarbenes Dekor. Elegant und praktisch, ideal f\u00fcr Salate, rohes Gem\u00fcse, Obst oder Gerichte in So\u00dfe. <br data-start=\"1642\" data-end=\"1645\"><strong data-start=\"1645\" data-end=\"1673\"><em data-start=\"1647\" data-end=\"1671\">Abmessungen: 18 \u00d7 8 cm<\/em><\/strong><\/p>\n","protected":false},"featured_media":13911,"comment_status":"open","ping_status":"closed","template":"","meta":[],"product_brand":[],"product_cat":[410],"product_tag":[192],"class_list":{"0":"post-21583","1":"product","2":"type-product","3":"status-publish","4":"has-post-thumbnail","6":"product_cat-kleines-hochgerandetes-gericht","7":"product_tag-olivgrauer-turkis","9":"first","10":"instock","11":"taxable","12":"shipping-taxable","13":"purchasable","14":"product-type-simple"},"yoast_head":"<!-- This site is optimized with the Yoast SEO plugin v27.5 - https:\/\/yoast.com\/product\/yoast-seo-wordpress\/ -->\n<title>Kleines hochgerandetes Gericht Olivgrauer T\u00fcrkis - Poterie de Crestet<\/title>\n<meta name=\"description\" content=\"Flach, hohe, kleines Muster, olivgrau, t\u00fcrkis-Keramik. Elegant und praktisch, perfekt f\u00fcr Salate, Gem\u00fcse oder Desserts. Erh\u00e4ltlich in einem Set von 2 oder 3 Gerichten.\" \/>\n<meta name=\"robots\" content=\"index, follow, max-snippet:-1, max-image-preview:large, max-video-preview:-1\" \/>\n<link rel=\"canonical\" href=\"https:\/\/poterie-de-crestet.com\/de\/keramik\/kleines-hochgerandetes-gericht-olivgrauer-tuerkis\/\" \/>\n<meta property=\"og:locale\" content=\"de_DE\" \/>\n<meta property=\"og:type\" content=\"article\" \/>\n<meta property=\"og:title\" content=\"Kleines hochgerandetes Gericht Olivgrauer T\u00fcrkis - Poterie de Crestet\" \/>\n<meta property=\"og:description\" content=\"Flach, hohe, kleines Muster, olivgrau, t\u00fcrkis-Keramik. Elegant und praktisch, perfekt f\u00fcr Salate, Gem\u00fcse oder Desserts. Erh\u00e4ltlich in einem Set von 2 oder 3 Gerichten.\" \/>\n<meta property=\"og:url\" content=\"https:\/\/poterie-de-crestet.com\/de\/keramik\/kleines-hochgerandetes-gericht-olivgrauer-tuerkis\/\" \/>\n<meta property=\"og:site_name\" content=\"Poterie de Crestet\" \/>\n<meta property=\"og:image\" content=\"https:\/\/i0.wp.com\/poterie-de-crestet.com\/wp-content\/uploads\/2025\/08\/plat-rebord-haut-01.jpg?fit=800%2C532&ssl=1\" \/>\n\t<meta property=\"og:image:width\" content=\"800\" \/>\n\t<meta property=\"og:image:height\" content=\"532\" \/>\n\t<meta property=\"og:image:type\" content=\"image\/jpeg\" \/>\n<meta name=\"twitter:card\" content=\"summary_large_image\" \/>\n<meta name=\"twitter:label1\" content=\"Gesch\u00e4tzte Lesezeit\" \/>\n\t<meta name=\"twitter:data1\" content=\"1\u00a0Minute\" \/>\n<script type=\"application\/ld+json\" class=\"yoast-schema-graph\">{\"@context\":\"https:\\\/\\\/schema.org\",\"@graph\":[{\"@type\":\"WebPage\",\"@id\":\"https:\\\/\\\/poterie-de-crestet.com\\\/de\\\/keramik\\\/kleines-hochgerandetes-gericht-olivgrauer-tuerkis\\\/\",\"url\":\"https:\\\/\\\/poterie-de-crestet.com\\\/de\\\/keramik\\\/kleines-hochgerandetes-gericht-olivgrauer-tuerkis\\\/\",\"name\":\"Kleines hochgerandetes Gericht Olivgrauer T\u00fcrkis - Poterie de Crestet\",\"isPartOf\":{\"@id\":\"https:\\\/\\\/poterie-de-crestet.com\\\/de\\\/#website\"},\"primaryImageOfPage\":{\"@id\":\"https:\\\/\\\/poterie-de-crestet.com\\\/de\\\/keramik\\\/kleines-hochgerandetes-gericht-olivgrauer-tuerkis\\\/#primaryimage\"},\"image\":{\"@id\":\"https:\\\/\\\/poterie-de-crestet.com\\\/de\\\/keramik\\\/kleines-hochgerandetes-gericht-olivgrauer-tuerkis\\\/#primaryimage\"},\"thumbnailUrl\":\"https:\\\/\\\/i0.wp.com\\\/poterie-de-crestet.com\\\/wp-content\\\/uploads\\\/2025\\\/08\\\/plat-rebord-haut-01.jpg?fit=800%2C532&ssl=1\",\"datePublished\":\"2025-08-22T11:55:02+00:00\",\"description\":\"Flach, hohe, kleines Muster, olivgrau, t\u00fcrkis-Keramik. Elegant und praktisch, perfekt f\u00fcr Salate, Gem\u00fcse oder Desserts. Erh\u00e4ltlich in einem Set von 2 oder 3 Gerichten.\",\"breadcrumb\":{\"@id\":\"https:\\\/\\\/poterie-de-crestet.com\\\/de\\\/keramik\\\/kleines-hochgerandetes-gericht-olivgrauer-tuerkis\\\/#breadcrumb\"},\"inLanguage\":\"de\",\"potentialAction\":[{\"@type\":\"ReadAction\",\"target\":[\"https:\\\/\\\/poterie-de-crestet.com\\\/de\\\/keramik\\\/kleines-hochgerandetes-gericht-olivgrauer-tuerkis\\\/\"]}]},{\"@type\":\"ImageObject\",\"inLanguage\":\"de\",\"@id\":\"https:\\\/\\\/poterie-de-crestet.com\\\/de\\\/keramik\\\/kleines-hochgerandetes-gericht-olivgrauer-tuerkis\\\/#primaryimage\",\"url\":\"https:\\\/\\\/i0.wp.com\\\/poterie-de-crestet.com\\\/wp-content\\\/uploads\\\/2025\\\/08\\\/plat-rebord-haut-01.jpg?fit=800%2C532&ssl=1\",\"contentUrl\":\"https:\\\/\\\/i0.wp.com\\\/poterie-de-crestet.com\\\/wp-content\\\/uploads\\\/2025\\\/08\\\/plat-rebord-haut-01.jpg?fit=800%2C532&ssl=1\",\"width\":800,\"height\":532,\"caption\":\"Kleines Top-Serie-Gericht \u2013 Olivgrauer T\u00fcrkis\"},{\"@type\":\"BreadcrumbList\",\"@id\":\"https:\\\/\\\/poterie-de-crestet.com\\\/de\\\/keramik\\\/kleines-hochgerandetes-gericht-olivgrauer-tuerkis\\\/#breadcrumb\",\"itemListElement\":[{\"@type\":\"ListItem\",\"position\":1,\"name\":\"Accueil\",\"item\":\"https:\\\/\\\/poterie-de-crestet.com\\\/de\\\/accueil\\\/\"},{\"@type\":\"ListItem\",\"position\":2,\"name\":\"Boutique\",\"item\":\"https:\\\/\\\/poterie-de-crestet.com\\\/ceramiques\\\/\"},{\"@type\":\"ListItem\",\"position\":3,\"name\":\"Kleines hochgerandetes Gericht Olivgrauer T\u00fcrkis\"}]},{\"@type\":\"WebSite\",\"@id\":\"https:\\\/\\\/poterie-de-crestet.com\\\/de\\\/#website\",\"url\":\"https:\\\/\\\/poterie-de-crestet.com\\\/de\\\/\",\"name\":\"Poterie de Crestet\",\"description\":\"Des milliers de poteries inpir\u00e9es de la Provence\",\"publisher\":{\"@id\":\"https:\\\/\\\/poterie-de-crestet.com\\\/de\\\/#organization\"},\"potentialAction\":[{\"@type\":\"SearchAction\",\"target\":{\"@type\":\"EntryPoint\",\"urlTemplate\":\"https:\\\/\\\/poterie-de-crestet.com\\\/de\\\/?s={search_term_string}\"},\"query-input\":{\"@type\":\"PropertyValueSpecification\",\"valueRequired\":true,\"valueName\":\"search_term_string\"}}],\"inLanguage\":\"de\"},{\"@type\":\"Organization\",\"@id\":\"https:\\\/\\\/poterie-de-crestet.com\\\/de\\\/#organization\",\"name\":\"Poterie de Crestet\",\"url\":\"https:\\\/\\\/poterie-de-crestet.com\\\/de\\\/\",\"logo\":{\"@type\":\"ImageObject\",\"inLanguage\":\"de\",\"@id\":\"https:\\\/\\\/poterie-de-crestet.com\\\/de\\\/#\\\/schema\\\/logo\\\/image\\\/\",\"url\":\"https:\\\/\\\/i0.wp.com\\\/poterie-de-crestet.com\\\/wp-content\\\/uploads\\\/2025\\\/03\\\/Propo-4.png?fit=1000%2C462&ssl=1\",\"contentUrl\":\"https:\\\/\\\/i0.wp.com\\\/poterie-de-crestet.com\\\/wp-content\\\/uploads\\\/2025\\\/03\\\/Propo-4.png?fit=1000%2C462&ssl=1\",\"width\":1000,\"height\":462,\"caption\":\"Poterie de Crestet\"},\"image\":{\"@id\":\"https:\\\/\\\/poterie-de-crestet.com\\\/de\\\/#\\\/schema\\\/logo\\\/image\\\/\"}}]}<\/script>\n<!-- \/ Yoast SEO plugin. -->","yoast_head_json":{"title":"Kleines hochgerandetes Gericht Olivgrauer T\u00fcrkis - Poterie de Crestet","description":"Flach, hohe, kleines Muster, olivgrau, t\u00fcrkis-Keramik. Elegant und praktisch, perfekt f\u00fcr Salate, Gem\u00fcse oder Desserts. Erh\u00e4ltlich in einem Set von 2 oder 3 Gerichten.","robots":{"index":"index","follow":"follow","max-snippet":"max-snippet:-1","max-image-preview":"max-image-preview:large","max-video-preview":"max-video-preview:-1"},"canonical":"https:\/\/poterie-de-crestet.com\/de\/keramik\/kleines-hochgerandetes-gericht-olivgrauer-tuerkis\/","og_locale":"de_DE","og_type":"article","og_title":"Kleines hochgerandetes Gericht Olivgrauer T\u00fcrkis - Poterie de Crestet","og_description":"Flach, hohe, kleines Muster, olivgrau, t\u00fcrkis-Keramik. Elegant und praktisch, perfekt f\u00fcr Salate, Gem\u00fcse oder Desserts. Erh\u00e4ltlich in einem Set von 2 oder 3 Gerichten.","og_url":"https:\/\/poterie-de-crestet.com\/de\/keramik\/kleines-hochgerandetes-gericht-olivgrauer-tuerkis\/","og_site_name":"Poterie de Crestet","og_image":[{"width":800,"height":532,"url":"https:\/\/i0.wp.com\/poterie-de-crestet.com\/wp-content\/uploads\/2025\/08\/plat-rebord-haut-01.jpg?fit=800%2C532&ssl=1","type":"image\/jpeg"}],"twitter_card":"summary_large_image","twitter_misc":{"Gesch\u00e4tzte Lesezeit":"1\u00a0Minute"},"schema":{"@context":"https:\/\/schema.org","@graph":[{"@type":"WebPage","@id":"https:\/\/poterie-de-crestet.com\/de\/keramik\/kleines-hochgerandetes-gericht-olivgrauer-tuerkis\/","url":"https:\/\/poterie-de-crestet.com\/de\/keramik\/kleines-hochgerandetes-gericht-olivgrauer-tuerkis\/","name":"Kleines hochgerandetes Gericht Olivgrauer T\u00fcrkis - Poterie de Crestet","isPartOf":{"@id":"https:\/\/poterie-de-crestet.com\/de\/#website"},"primaryImageOfPage":{"@id":"https:\/\/poterie-de-crestet.com\/de\/keramik\/kleines-hochgerandetes-gericht-olivgrauer-tuerkis\/#primaryimage"},"image":{"@id":"https:\/\/poterie-de-crestet.com\/de\/keramik\/kleines-hochgerandetes-gericht-olivgrauer-tuerkis\/#primaryimage"},"thumbnailUrl":"https:\/\/i0.wp.com\/poterie-de-crestet.com\/wp-content\/uploads\/2025\/08\/plat-rebord-haut-01.jpg?fit=800%2C532&ssl=1","datePublished":"2025-08-22T11:55:02+00:00","description":"Flach, hohe, kleines Muster, olivgrau, t\u00fcrkis-Keramik. Elegant und praktisch, perfekt f\u00fcr Salate, Gem\u00fcse oder Desserts. Erh\u00e4ltlich in einem Set von 2 oder 3 Gerichten.","breadcrumb":{"@id":"https:\/\/poterie-de-crestet.com\/de\/keramik\/kleines-hochgerandetes-gericht-olivgrauer-tuerkis\/#breadcrumb"},"inLanguage":"de","potentialAction":[{"@type":"ReadAction","target":["https:\/\/poterie-de-crestet.com\/de\/keramik\/kleines-hochgerandetes-gericht-olivgrauer-tuerkis\/"]}]},{"@type":"ImageObject","inLanguage":"de","@id":"https:\/\/poterie-de-crestet.com\/de\/keramik\/kleines-hochgerandetes-gericht-olivgrauer-tuerkis\/#primaryimage","url":"https:\/\/i0.wp.com\/poterie-de-crestet.com\/wp-content\/uploads\/2025\/08\/plat-rebord-haut-01.jpg?fit=800%2C532&ssl=1","contentUrl":"https:\/\/i0.wp.com\/poterie-de-crestet.com\/wp-content\/uploads\/2025\/08\/plat-rebord-haut-01.jpg?fit=800%2C532&ssl=1","width":800,"height":532,"caption":"Kleines Top-Serie-Gericht \u2013 Olivgrauer T\u00fcrkis"},{"@type":"BreadcrumbList","@id":"https:\/\/poterie-de-crestet.com\/de\/keramik\/kleines-hochgerandetes-gericht-olivgrauer-tuerkis\/#breadcrumb","itemListElement":[{"@type":"ListItem","position":1,"name":"Accueil","item":"https:\/\/poterie-de-crestet.com\/de\/accueil\/"},{"@type":"ListItem","position":2,"name":"Boutique","item":"https:\/\/poterie-de-crestet.com\/ceramiques\/"},{"@type":"ListItem","position":3,"name":"Kleines hochgerandetes Gericht Olivgrauer T\u00fcrkis"}]},{"@type":"WebSite","@id":"https:\/\/poterie-de-crestet.com\/de\/#website","url":"https:\/\/poterie-de-crestet.com\/de\/","name":"Poterie de Crestet","description":"Des milliers de poteries inpir\u00e9es de la Provence","publisher":{"@id":"https:\/\/poterie-de-crestet.com\/de\/#organization"},"potentialAction":[{"@type":"SearchAction","target":{"@type":"EntryPoint","urlTemplate":"https:\/\/poterie-de-crestet.com\/de\/?s={search_term_string}"},"query-input":{"@type":"PropertyValueSpecification","valueRequired":true,"valueName":"search_term_string"}}],"inLanguage":"de"},{"@type":"Organization","@id":"https:\/\/poterie-de-crestet.com\/de\/#organization","name":"Poterie de Crestet","url":"https:\/\/poterie-de-crestet.com\/de\/","logo":{"@type":"ImageObject","inLanguage":"de","@id":"https:\/\/poterie-de-crestet.com\/de\/#\/schema\/logo\/image\/","url":"https:\/\/i0.wp.com\/poterie-de-crestet.com\/wp-content\/uploads\/2025\/03\/Propo-4.png?fit=1000%2C462&ssl=1","contentUrl":"https:\/\/i0.wp.com\/poterie-de-crestet.com\/wp-content\/uploads\/2025\/03\/Propo-4.png?fit=1000%2C462&ssl=1","width":1000,"height":462,"caption":"Poterie de Crestet"},"image":{"@id":"https:\/\/poterie-de-crestet.com\/de\/#\/schema\/logo\/image\/"}}]}},"jetpack_sharing_enabled":true,"_links":{"self":[{"href":"https:\/\/poterie-de-crestet.com\/de\/wp-json\/wp\/v2\/product\/21583","targetHints":{"allow":["GET"]}}],"collection":[{"href":"https:\/\/poterie-de-crestet.com\/de\/wp-json\/wp\/v2\/product"}],"about":[{"href":"https:\/\/poterie-de-crestet.com\/de\/wp-json\/wp\/v2\/types\/product"}],"replies":[{"embeddable":true,"href":"https:\/\/poterie-de-crestet.com\/de\/wp-json\/wp\/v2\/comments?post=21583"}],"version-history":[{"count":0,"href":"https:\/\/poterie-de-crestet.com\/de\/wp-json\/wp\/v2\/product\/21583\/revisions"}],"wp:featuredmedia":[{"embeddable":true,"href":"https:\/\/poterie-de-crestet.com\/de\/wp-json\/wp\/v2\/media\/13911"}],"wp:attachment":[{"href":"https:\/\/poterie-de-crestet.com\/de\/wp-json\/wp\/v2\/media?parent=21583"}],"wp:term":[{"taxonomy":"product_brand","embeddable":true,"href":"https:\/\/poterie-de-crestet.com\/de\/wp-json\/wp\/v2\/product_brand?post=21583"},{"taxonomy":"product_cat","embeddable":true,"href":"https:\/\/poterie-de-crestet.com\/de\/wp-json\/wp\/v2\/product_cat?post=21583"},{"taxonomy":"product_tag","embeddable":true,"href":"https:\/\/poterie-de-crestet.com\/de\/wp-json\/wp\/v2\/product_tag?post=21583"}],"curies":[{"name":"wp","href":"https:\/\/api.w.org\/{rel}","templated":true}]}}