{"id":21578,"date":"2025-08-22T13:55:02","date_gmt":"2025-08-22T11:55:02","guid":{"rendered":"https:\/\/poterie-de-crestet.com\/ceramiques\/kleines-hochgerandetes-gericht-pistaziegrauoliven\/"},"modified":"2025-08-22T13:55:02","modified_gmt":"2025-08-22T11:55:02","slug":"kleines-hochgerandetes-gericht-pistaziegrauoliven","status":"publish","type":"product","link":"https:\/\/poterie-de-crestet.com\/de\/keramik\/kleines-hochgerandetes-gericht-pistaziegrauoliven\/","title":{"rendered":"Kleines hochgerandetes Gericht  <h5>Pistaziegrauoliven<\/h5>"},"content":{"rendered":"<p>Das kleine Haustier mit olivgrauer Dekoration ist ein frisches St\u00fcck f\u00fcr Ihre Mahlzeiten. Mit einem Durchmesser von 18 cm und einer H\u00f6he von 8 cm ist er perfekt f\u00fcr einen Salat, gebratenes Gem\u00fcse, frisches Obst oder ein gem\u00fctliches Dessert. Seine hohen Kanten garantieren eine spritzfreie Nutzung, selbst f\u00fcr Zubereitungen in So\u00dfe.<br data-start=\"5354\" data-end=\"5357\">Aus robuster Keramik gefertigt und von Hand dekoriert, bietet er eine wundersch\u00f6ne Kombination aus Widerstand und Design. Das Pistachio Grey Oliv-Dekor verf\u00fchrt mit seinen sanften und nat\u00fcrlichen Farbt\u00f6nen und ist ideal, um eine freundliche Atmosph\u00e4re zu schaffen. Einfach zu warten, er ist mikrowellen- und sp\u00fclmaschinenfest.    <br data-start=\"5652\" data-end=\"5655\">Auch in mittleren und gro\u00dfen Modellen erh\u00e4ltlich, kann dieses Gericht einen kompletten Service darstellen. Nutzen Sie unser <g id=\"gid_0\">Sonderangebot in Sets<\/g> , um 2 oder 3 verschiedene Gerichte zu einem tollen Preis zu erwerben. Um Ihren Tisch zu vervollst\u00e4ndigen, kombinieren Sie ihn mit einer<a href=\"https:\/\/poterie-de-crestet.com\/de\/keramik\/riesige-salatschuessel-pistaziegrauoliven\/\"> riesigen olivgrauen Pistaziensch\u00fcssel.<\/a><br data-start=\"6038\" data-end=\"6041\">Praktisch, stapelbar und \u00e4sthetisch, wird er schnell zu einem unverzichtbaren Erg\u00e4nzungspartner f\u00fcr Ihre Mahlzeiten.  <\/p>\n","protected":false},"excerpt":{"rendered":"<p>Flaches Muster mit unlivgrauem Pistazien-Keramikdekor. Frisch und praktisch, perfekt f\u00fcr Salate, Obst oder Gerichte in So\u00dfe. <br data-start=\"6289\" data-end=\"6292\"><strong data-start=\"6292\" data-end=\"6320\"><em data-start=\"6294\" data-end=\"6318\">Abmessungen: 18 \u00d7 8 cm<\/em><\/strong><\/p>\n","protected":false},"featured_media":13920,"comment_status":"open","ping_status":"closed","template":"","meta":[],"product_brand":[],"product_cat":[410],"product_tag":[243],"class_list":{"0":"post-21578","1":"product","2":"type-product","3":"status-publish","4":"has-post-thumbnail","6":"product_cat-kleines-hochgerandetes-gericht","7":"product_tag-pistaziegrauoliven","9":"first","10":"instock","11":"taxable","12":"shipping-taxable","13":"purchasable","14":"product-type-simple"},"yoast_head":"<!-- This site is optimized with the Yoast SEO plugin v27.5 - https:\/\/yoast.com\/product\/yoast-seo-wordpress\/ -->\n<title>Kleines hochgerandetes Gericht Pistaziegrauoliven - Poterie de Crestet<\/title>\n<meta name=\"description\" content=\"Flach, hohe, kleines Muster, olivgraue Pistazien-Keramik. Frisch und praktisch, ideal f\u00fcr Salate, Obst oder Gem\u00fcse. Erh\u00e4ltlich in einem Set von 2 oder 3 verschiedenen Gerichten.\" \/>\n<meta name=\"robots\" content=\"index, follow, max-snippet:-1, max-image-preview:large, max-video-preview:-1\" \/>\n<link rel=\"canonical\" href=\"https:\/\/poterie-de-crestet.com\/de\/keramik\/kleines-hochgerandetes-gericht-pistaziegrauoliven\/\" \/>\n<meta property=\"og:locale\" content=\"de_DE\" \/>\n<meta property=\"og:type\" content=\"article\" \/>\n<meta property=\"og:title\" content=\"Kleines hochgerandetes Gericht Pistaziegrauoliven - Poterie de Crestet\" \/>\n<meta property=\"og:description\" content=\"Flach, hohe, kleines Muster, olivgraue Pistazien-Keramik. Frisch und praktisch, ideal f\u00fcr Salate, Obst oder Gem\u00fcse. Erh\u00e4ltlich in einem Set von 2 oder 3 verschiedenen Gerichten.\" \/>\n<meta property=\"og:url\" content=\"https:\/\/poterie-de-crestet.com\/de\/keramik\/kleines-hochgerandetes-gericht-pistaziegrauoliven\/\" \/>\n<meta property=\"og:site_name\" content=\"Poterie de Crestet\" \/>\n<meta property=\"og:image\" content=\"https:\/\/i0.wp.com\/poterie-de-crestet.com\/wp-content\/uploads\/2025\/08\/plat-rebord-haut-04.jpg?fit=800%2C532&ssl=1\" \/>\n\t<meta property=\"og:image:width\" content=\"800\" \/>\n\t<meta property=\"og:image:height\" content=\"532\" \/>\n\t<meta property=\"og:image:type\" content=\"image\/jpeg\" \/>\n<meta name=\"twitter:card\" content=\"summary_large_image\" \/>\n<meta name=\"twitter:label1\" content=\"Gesch\u00e4tzte Lesezeit\" \/>\n\t<meta name=\"twitter:data1\" content=\"1\u00a0Minute\" \/>\n<script type=\"application\/ld+json\" class=\"yoast-schema-graph\">{\"@context\":\"https:\\\/\\\/schema.org\",\"@graph\":[{\"@type\":\"WebPage\",\"@id\":\"https:\\\/\\\/poterie-de-crestet.com\\\/de\\\/keramik\\\/kleines-hochgerandetes-gericht-pistaziegrauoliven\\\/\",\"url\":\"https:\\\/\\\/poterie-de-crestet.com\\\/de\\\/keramik\\\/kleines-hochgerandetes-gericht-pistaziegrauoliven\\\/\",\"name\":\"Kleines hochgerandetes Gericht Pistaziegrauoliven - Poterie de Crestet\",\"isPartOf\":{\"@id\":\"https:\\\/\\\/poterie-de-crestet.com\\\/de\\\/#website\"},\"primaryImageOfPage\":{\"@id\":\"https:\\\/\\\/poterie-de-crestet.com\\\/de\\\/keramik\\\/kleines-hochgerandetes-gericht-pistaziegrauoliven\\\/#primaryimage\"},\"image\":{\"@id\":\"https:\\\/\\\/poterie-de-crestet.com\\\/de\\\/keramik\\\/kleines-hochgerandetes-gericht-pistaziegrauoliven\\\/#primaryimage\"},\"thumbnailUrl\":\"https:\\\/\\\/i0.wp.com\\\/poterie-de-crestet.com\\\/wp-content\\\/uploads\\\/2025\\\/08\\\/plat-rebord-haut-04.jpg?fit=800%2C532&ssl=1\",\"datePublished\":\"2025-08-22T11:55:02+00:00\",\"description\":\"Flach, hohe, kleines Muster, olivgraue Pistazien-Keramik. Frisch und praktisch, ideal f\u00fcr Salate, Obst oder Gem\u00fcse. Erh\u00e4ltlich in einem Set von 2 oder 3 verschiedenen Gerichten.\",\"breadcrumb\":{\"@id\":\"https:\\\/\\\/poterie-de-crestet.com\\\/de\\\/keramik\\\/kleines-hochgerandetes-gericht-pistaziegrauoliven\\\/#breadcrumb\"},\"inLanguage\":\"de\",\"potentialAction\":[{\"@type\":\"ReadAction\",\"target\":[\"https:\\\/\\\/poterie-de-crestet.com\\\/de\\\/keramik\\\/kleines-hochgerandetes-gericht-pistaziegrauoliven\\\/\"]}]},{\"@type\":\"ImageObject\",\"inLanguage\":\"de\",\"@id\":\"https:\\\/\\\/poterie-de-crestet.com\\\/de\\\/keramik\\\/kleines-hochgerandetes-gericht-pistaziegrauoliven\\\/#primaryimage\",\"url\":\"https:\\\/\\\/i0.wp.com\\\/poterie-de-crestet.com\\\/wp-content\\\/uploads\\\/2025\\\/08\\\/plat-rebord-haut-04.jpg?fit=800%2C532&ssl=1\",\"contentUrl\":\"https:\\\/\\\/i0.wp.com\\\/poterie-de-crestet.com\\\/wp-content\\\/uploads\\\/2025\\\/08\\\/plat-rebord-haut-04.jpg?fit=800%2C532&ssl=1\",\"width\":800,\"height\":532,\"caption\":\"Kleines, hochreihiges Gericht \u2013 Olivgraue Pistazie\"},{\"@type\":\"BreadcrumbList\",\"@id\":\"https:\\\/\\\/poterie-de-crestet.com\\\/de\\\/keramik\\\/kleines-hochgerandetes-gericht-pistaziegrauoliven\\\/#breadcrumb\",\"itemListElement\":[{\"@type\":\"ListItem\",\"position\":1,\"name\":\"Accueil\",\"item\":\"https:\\\/\\\/poterie-de-crestet.com\\\/de\\\/accueil\\\/\"},{\"@type\":\"ListItem\",\"position\":2,\"name\":\"Boutique\",\"item\":\"https:\\\/\\\/poterie-de-crestet.com\\\/ceramiques\\\/\"},{\"@type\":\"ListItem\",\"position\":3,\"name\":\"Kleines hochgerandetes Gericht Pistaziegrauoliven\"}]},{\"@type\":\"WebSite\",\"@id\":\"https:\\\/\\\/poterie-de-crestet.com\\\/de\\\/#website\",\"url\":\"https:\\\/\\\/poterie-de-crestet.com\\\/de\\\/\",\"name\":\"Poterie de Crestet\",\"description\":\"Des milliers de poteries inpir\u00e9es de la Provence\",\"publisher\":{\"@id\":\"https:\\\/\\\/poterie-de-crestet.com\\\/de\\\/#organization\"},\"potentialAction\":[{\"@type\":\"SearchAction\",\"target\":{\"@type\":\"EntryPoint\",\"urlTemplate\":\"https:\\\/\\\/poterie-de-crestet.com\\\/de\\\/?s={search_term_string}\"},\"query-input\":{\"@type\":\"PropertyValueSpecification\",\"valueRequired\":true,\"valueName\":\"search_term_string\"}}],\"inLanguage\":\"de\"},{\"@type\":\"Organization\",\"@id\":\"https:\\\/\\\/poterie-de-crestet.com\\\/de\\\/#organization\",\"name\":\"Poterie de Crestet\",\"url\":\"https:\\\/\\\/poterie-de-crestet.com\\\/de\\\/\",\"logo\":{\"@type\":\"ImageObject\",\"inLanguage\":\"de\",\"@id\":\"https:\\\/\\\/poterie-de-crestet.com\\\/de\\\/#\\\/schema\\\/logo\\\/image\\\/\",\"url\":\"https:\\\/\\\/i0.wp.com\\\/poterie-de-crestet.com\\\/wp-content\\\/uploads\\\/2025\\\/03\\\/Propo-4.png?fit=1000%2C462&ssl=1\",\"contentUrl\":\"https:\\\/\\\/i0.wp.com\\\/poterie-de-crestet.com\\\/wp-content\\\/uploads\\\/2025\\\/03\\\/Propo-4.png?fit=1000%2C462&ssl=1\",\"width\":1000,\"height\":462,\"caption\":\"Poterie de Crestet\"},\"image\":{\"@id\":\"https:\\\/\\\/poterie-de-crestet.com\\\/de\\\/#\\\/schema\\\/logo\\\/image\\\/\"}}]}<\/script>\n<!-- \/ Yoast SEO plugin. -->","yoast_head_json":{"title":"Kleines hochgerandetes Gericht Pistaziegrauoliven - Poterie de Crestet","description":"Flach, hohe, kleines Muster, olivgraue Pistazien-Keramik. Frisch und praktisch, ideal f\u00fcr Salate, Obst oder Gem\u00fcse. Erh\u00e4ltlich in einem Set von 2 oder 3 verschiedenen Gerichten.","robots":{"index":"index","follow":"follow","max-snippet":"max-snippet:-1","max-image-preview":"max-image-preview:large","max-video-preview":"max-video-preview:-1"},"canonical":"https:\/\/poterie-de-crestet.com\/de\/keramik\/kleines-hochgerandetes-gericht-pistaziegrauoliven\/","og_locale":"de_DE","og_type":"article","og_title":"Kleines hochgerandetes Gericht Pistaziegrauoliven - Poterie de Crestet","og_description":"Flach, hohe, kleines Muster, olivgraue Pistazien-Keramik. Frisch und praktisch, ideal f\u00fcr Salate, Obst oder Gem\u00fcse. Erh\u00e4ltlich in einem Set von 2 oder 3 verschiedenen Gerichten.","og_url":"https:\/\/poterie-de-crestet.com\/de\/keramik\/kleines-hochgerandetes-gericht-pistaziegrauoliven\/","og_site_name":"Poterie de Crestet","og_image":[{"width":800,"height":532,"url":"https:\/\/i0.wp.com\/poterie-de-crestet.com\/wp-content\/uploads\/2025\/08\/plat-rebord-haut-04.jpg?fit=800%2C532&ssl=1","type":"image\/jpeg"}],"twitter_card":"summary_large_image","twitter_misc":{"Gesch\u00e4tzte Lesezeit":"1\u00a0Minute"},"schema":{"@context":"https:\/\/schema.org","@graph":[{"@type":"WebPage","@id":"https:\/\/poterie-de-crestet.com\/de\/keramik\/kleines-hochgerandetes-gericht-pistaziegrauoliven\/","url":"https:\/\/poterie-de-crestet.com\/de\/keramik\/kleines-hochgerandetes-gericht-pistaziegrauoliven\/","name":"Kleines hochgerandetes Gericht Pistaziegrauoliven - Poterie de Crestet","isPartOf":{"@id":"https:\/\/poterie-de-crestet.com\/de\/#website"},"primaryImageOfPage":{"@id":"https:\/\/poterie-de-crestet.com\/de\/keramik\/kleines-hochgerandetes-gericht-pistaziegrauoliven\/#primaryimage"},"image":{"@id":"https:\/\/poterie-de-crestet.com\/de\/keramik\/kleines-hochgerandetes-gericht-pistaziegrauoliven\/#primaryimage"},"thumbnailUrl":"https:\/\/i0.wp.com\/poterie-de-crestet.com\/wp-content\/uploads\/2025\/08\/plat-rebord-haut-04.jpg?fit=800%2C532&ssl=1","datePublished":"2025-08-22T11:55:02+00:00","description":"Flach, hohe, kleines Muster, olivgraue Pistazien-Keramik. Frisch und praktisch, ideal f\u00fcr Salate, Obst oder Gem\u00fcse. Erh\u00e4ltlich in einem Set von 2 oder 3 verschiedenen Gerichten.","breadcrumb":{"@id":"https:\/\/poterie-de-crestet.com\/de\/keramik\/kleines-hochgerandetes-gericht-pistaziegrauoliven\/#breadcrumb"},"inLanguage":"de","potentialAction":[{"@type":"ReadAction","target":["https:\/\/poterie-de-crestet.com\/de\/keramik\/kleines-hochgerandetes-gericht-pistaziegrauoliven\/"]}]},{"@type":"ImageObject","inLanguage":"de","@id":"https:\/\/poterie-de-crestet.com\/de\/keramik\/kleines-hochgerandetes-gericht-pistaziegrauoliven\/#primaryimage","url":"https:\/\/i0.wp.com\/poterie-de-crestet.com\/wp-content\/uploads\/2025\/08\/plat-rebord-haut-04.jpg?fit=800%2C532&ssl=1","contentUrl":"https:\/\/i0.wp.com\/poterie-de-crestet.com\/wp-content\/uploads\/2025\/08\/plat-rebord-haut-04.jpg?fit=800%2C532&ssl=1","width":800,"height":532,"caption":"Kleines, hochreihiges Gericht \u2013 Olivgraue Pistazie"},{"@type":"BreadcrumbList","@id":"https:\/\/poterie-de-crestet.com\/de\/keramik\/kleines-hochgerandetes-gericht-pistaziegrauoliven\/#breadcrumb","itemListElement":[{"@type":"ListItem","position":1,"name":"Accueil","item":"https:\/\/poterie-de-crestet.com\/de\/accueil\/"},{"@type":"ListItem","position":2,"name":"Boutique","item":"https:\/\/poterie-de-crestet.com\/ceramiques\/"},{"@type":"ListItem","position":3,"name":"Kleines hochgerandetes Gericht Pistaziegrauoliven"}]},{"@type":"WebSite","@id":"https:\/\/poterie-de-crestet.com\/de\/#website","url":"https:\/\/poterie-de-crestet.com\/de\/","name":"Poterie de Crestet","description":"Des milliers de poteries inpir\u00e9es de la Provence","publisher":{"@id":"https:\/\/poterie-de-crestet.com\/de\/#organization"},"potentialAction":[{"@type":"SearchAction","target":{"@type":"EntryPoint","urlTemplate":"https:\/\/poterie-de-crestet.com\/de\/?s={search_term_string}"},"query-input":{"@type":"PropertyValueSpecification","valueRequired":true,"valueName":"search_term_string"}}],"inLanguage":"de"},{"@type":"Organization","@id":"https:\/\/poterie-de-crestet.com\/de\/#organization","name":"Poterie de Crestet","url":"https:\/\/poterie-de-crestet.com\/de\/","logo":{"@type":"ImageObject","inLanguage":"de","@id":"https:\/\/poterie-de-crestet.com\/de\/#\/schema\/logo\/image\/","url":"https:\/\/i0.wp.com\/poterie-de-crestet.com\/wp-content\/uploads\/2025\/03\/Propo-4.png?fit=1000%2C462&ssl=1","contentUrl":"https:\/\/i0.wp.com\/poterie-de-crestet.com\/wp-content\/uploads\/2025\/03\/Propo-4.png?fit=1000%2C462&ssl=1","width":1000,"height":462,"caption":"Poterie de Crestet"},"image":{"@id":"https:\/\/poterie-de-crestet.com\/de\/#\/schema\/logo\/image\/"}}]}},"jetpack_sharing_enabled":true,"_links":{"self":[{"href":"https:\/\/poterie-de-crestet.com\/de\/wp-json\/wp\/v2\/product\/21578","targetHints":{"allow":["GET"]}}],"collection":[{"href":"https:\/\/poterie-de-crestet.com\/de\/wp-json\/wp\/v2\/product"}],"about":[{"href":"https:\/\/poterie-de-crestet.com\/de\/wp-json\/wp\/v2\/types\/product"}],"replies":[{"embeddable":true,"href":"https:\/\/poterie-de-crestet.com\/de\/wp-json\/wp\/v2\/comments?post=21578"}],"version-history":[{"count":0,"href":"https:\/\/poterie-de-crestet.com\/de\/wp-json\/wp\/v2\/product\/21578\/revisions"}],"wp:featuredmedia":[{"embeddable":true,"href":"https:\/\/poterie-de-crestet.com\/de\/wp-json\/wp\/v2\/media\/13920"}],"wp:attachment":[{"href":"https:\/\/poterie-de-crestet.com\/de\/wp-json\/wp\/v2\/media?parent=21578"}],"wp:term":[{"taxonomy":"product_brand","embeddable":true,"href":"https:\/\/poterie-de-crestet.com\/de\/wp-json\/wp\/v2\/product_brand?post=21578"},{"taxonomy":"product_cat","embeddable":true,"href":"https:\/\/poterie-de-crestet.com\/de\/wp-json\/wp\/v2\/product_cat?post=21578"},{"taxonomy":"product_tag","embeddable":true,"href":"https:\/\/poterie-de-crestet.com\/de\/wp-json\/wp\/v2\/product_tag?post=21578"}],"curies":[{"name":"wp","href":"https:\/\/api.w.org\/{rel}","templated":true}]}}