{"id":21573,"date":"2025-08-22T13:55:02","date_gmt":"2025-08-22T11:55:02","guid":{"rendered":"https:\/\/poterie-de-crestet.com\/ceramiques\/kleines-hochgerandetes-gericht-nyons-red\/"},"modified":"2025-08-22T13:55:02","modified_gmt":"2025-08-22T11:55:02","slug":"kleines-hochgerandetes-gericht-nyons-red","status":"publish","type":"product","link":"https:\/\/poterie-de-crestet.com\/de\/keramik\/kleines-hochgerandetes-gericht-nyons-red\/","title":{"rendered":"Kleines hochgerandetes Gericht  <h5>Nyons Red<\/h5>"},"content":{"rendered":"<p>Die Nyons Red Decoration Top Dish ist ein St\u00fcck voller Charakter und perfekt, um Ihre Mahlzeiten aufzuhellen. Mit einem Durchmesser von 18 cm und einer H\u00f6he von 8 cm eignet er sich problemlos f\u00fcr gemischte Salate, eingemortes Gem\u00fcse, saisonale Fr\u00fcchte oder Gourmet-Desserts. Seine gro\u00dfz\u00fcgige H\u00f6he erm\u00f6glicht es auch, Gerichte mit So\u00dfe oder herzhafter Sauce zu servieren.<br data-start=\"7015\" data-end=\"7018\">Aus massiver Keramik gefertigt und f\u00fcr die Dekoration handbemalt, vereint er Haltbarkeit und \u00c4sthetik. Das leuchtend und warme rote Nyons-Dekor verleiht Ihrem Tisch eine einzigartige Pers\u00f6nlichkeit. Sp\u00fclmaschinen- und Mikrowellenfest, es vereint Praktikabilit\u00e4t und Eleganz.<br data-start=\"7286\" data-end=\"7289\">Er ist auch in mittelgro\u00dfen und gro\u00dfen Modellen f\u00fcr den passenden Service erh\u00e4ltlich. Mit unserem <g id=\"gid_0\">speziellen Bundle-Angebot<\/g> k\u00f6nnen Sie 2 oder 3 Gerichte zu einem tollen Preis w\u00e4hlen. Um Ihren Tisch zu vervollst\u00e4ndigen, kombinieren Sie ihn mit einer <a href=\"https:\/\/poterie-de-crestet.com\/de\/keramik\/riesige-salatschuessel-nyons-red\/\">riesigen roten Nyons-Salatsch\u00fcssel.<\/a><br data-start=\"7644\" data-end=\"7647\">Vielseitig, stapelbar und dekorativ wird es schnell zu einem unverzichtbaren Bestandteil Ihres Geschirrs.      <\/p>\n","protected":false},"excerpt":{"rendered":"<p>Flachkopf-Kleinmodell Nyons rot, farbenfroh und praktisch. Ideal f\u00fcr Salate, Obst oder Gem\u00fcse. Erh\u00e4ltlich in einem Set von 2 oder 3 Gerichten. Langlebig und einfach zu warten.   <\/p>\n","protected":false},"featured_media":13974,"comment_status":"open","ping_status":"closed","template":"","meta":[],"product_brand":[],"product_cat":[410],"product_tag":[225],"class_list":{"0":"post-21573","1":"product","2":"type-product","3":"status-publish","4":"has-post-thumbnail","6":"product_cat-kleines-hochgerandetes-gericht","7":"product_tag-nyons-red","9":"first","10":"instock","11":"taxable","12":"shipping-taxable","13":"purchasable","14":"product-type-simple"},"yoast_head":"<!-- This site is optimized with the Yoast SEO plugin v27.5 - https:\/\/yoast.com\/product\/yoast-seo-wordpress\/ -->\n<title>Kleines hochgerandetes Gericht Nyons Red - Poterie de Crestet<\/title>\n<meta name=\"description\" content=\"Flaches kleines Modell mit rotem Nyons-Dekor, Keramik. Warm und praktisch, ideal f\u00fcr Salate, Obst oder Familiengerichte. Abmessungen: 18 \u00d7 8 cm\" \/>\n<meta name=\"robots\" content=\"index, follow, max-snippet:-1, max-image-preview:large, max-video-preview:-1\" \/>\n<link rel=\"canonical\" href=\"https:\/\/poterie-de-crestet.com\/de\/keramik\/kleines-hochgerandetes-gericht-nyons-red\/\" \/>\n<meta property=\"og:locale\" content=\"de_DE\" \/>\n<meta property=\"og:type\" content=\"article\" \/>\n<meta property=\"og:title\" content=\"Kleines hochgerandetes Gericht Nyons Red - Poterie de Crestet\" \/>\n<meta property=\"og:description\" content=\"Flaches kleines Modell mit rotem Nyons-Dekor, Keramik. Warm und praktisch, ideal f\u00fcr Salate, Obst oder Familiengerichte. Abmessungen: 18 \u00d7 8 cm\" \/>\n<meta property=\"og:url\" content=\"https:\/\/poterie-de-crestet.com\/de\/keramik\/kleines-hochgerandetes-gericht-nyons-red\/\" \/>\n<meta property=\"og:site_name\" content=\"Poterie de Crestet\" \/>\n<meta property=\"og:image\" content=\"https:\/\/i0.wp.com\/poterie-de-crestet.com\/wp-content\/uploads\/2025\/08\/plat-rebord-haut-22.jpg?fit=800%2C532&ssl=1\" \/>\n\t<meta property=\"og:image:width\" content=\"800\" \/>\n\t<meta property=\"og:image:height\" content=\"532\" \/>\n\t<meta property=\"og:image:type\" content=\"image\/jpeg\" \/>\n<meta name=\"twitter:card\" content=\"summary_large_image\" \/>\n<meta name=\"twitter:label1\" content=\"Gesch\u00e4tzte Lesezeit\" \/>\n\t<meta name=\"twitter:data1\" content=\"1\u00a0Minute\" \/>\n<script type=\"application\/ld+json\" class=\"yoast-schema-graph\">{\"@context\":\"https:\\\/\\\/schema.org\",\"@graph\":[{\"@type\":\"WebPage\",\"@id\":\"https:\\\/\\\/poterie-de-crestet.com\\\/de\\\/keramik\\\/kleines-hochgerandetes-gericht-nyons-red\\\/\",\"url\":\"https:\\\/\\\/poterie-de-crestet.com\\\/de\\\/keramik\\\/kleines-hochgerandetes-gericht-nyons-red\\\/\",\"name\":\"Kleines hochgerandetes Gericht Nyons Red - Poterie de Crestet\",\"isPartOf\":{\"@id\":\"https:\\\/\\\/poterie-de-crestet.com\\\/de\\\/#website\"},\"primaryImageOfPage\":{\"@id\":\"https:\\\/\\\/poterie-de-crestet.com\\\/de\\\/keramik\\\/kleines-hochgerandetes-gericht-nyons-red\\\/#primaryimage\"},\"image\":{\"@id\":\"https:\\\/\\\/poterie-de-crestet.com\\\/de\\\/keramik\\\/kleines-hochgerandetes-gericht-nyons-red\\\/#primaryimage\"},\"thumbnailUrl\":\"https:\\\/\\\/i0.wp.com\\\/poterie-de-crestet.com\\\/wp-content\\\/uploads\\\/2025\\\/08\\\/plat-rebord-haut-22.jpg?fit=800%2C532&ssl=1\",\"datePublished\":\"2025-08-22T11:55:02+00:00\",\"description\":\"Flaches kleines Modell mit rotem Nyons-Dekor, Keramik. Warm und praktisch, ideal f\u00fcr Salate, Obst oder Familiengerichte. Abmessungen: 18 \u00d7 8 cm\",\"breadcrumb\":{\"@id\":\"https:\\\/\\\/poterie-de-crestet.com\\\/de\\\/keramik\\\/kleines-hochgerandetes-gericht-nyons-red\\\/#breadcrumb\"},\"inLanguage\":\"de\",\"potentialAction\":[{\"@type\":\"ReadAction\",\"target\":[\"https:\\\/\\\/poterie-de-crestet.com\\\/de\\\/keramik\\\/kleines-hochgerandetes-gericht-nyons-red\\\/\"]}]},{\"@type\":\"ImageObject\",\"inLanguage\":\"de\",\"@id\":\"https:\\\/\\\/poterie-de-crestet.com\\\/de\\\/keramik\\\/kleines-hochgerandetes-gericht-nyons-red\\\/#primaryimage\",\"url\":\"https:\\\/\\\/i0.wp.com\\\/poterie-de-crestet.com\\\/wp-content\\\/uploads\\\/2025\\\/08\\\/plat-rebord-haut-22.jpg?fit=800%2C532&ssl=1\",\"contentUrl\":\"https:\\\/\\\/i0.wp.com\\\/poterie-de-crestet.com\\\/wp-content\\\/uploads\\\/2025\\\/08\\\/plat-rebord-haut-22.jpg?fit=800%2C532&ssl=1\",\"width\":800,\"height\":532,\"caption\":\"Flachserien-Deckel-Kleinmodell \u2013 Nyons rot\"},{\"@type\":\"BreadcrumbList\",\"@id\":\"https:\\\/\\\/poterie-de-crestet.com\\\/de\\\/keramik\\\/kleines-hochgerandetes-gericht-nyons-red\\\/#breadcrumb\",\"itemListElement\":[{\"@type\":\"ListItem\",\"position\":1,\"name\":\"Accueil\",\"item\":\"https:\\\/\\\/poterie-de-crestet.com\\\/de\\\/accueil\\\/\"},{\"@type\":\"ListItem\",\"position\":2,\"name\":\"Boutique\",\"item\":\"https:\\\/\\\/poterie-de-crestet.com\\\/ceramiques\\\/\"},{\"@type\":\"ListItem\",\"position\":3,\"name\":\"Kleines hochgerandetes Gericht Nyons Red\"}]},{\"@type\":\"WebSite\",\"@id\":\"https:\\\/\\\/poterie-de-crestet.com\\\/de\\\/#website\",\"url\":\"https:\\\/\\\/poterie-de-crestet.com\\\/de\\\/\",\"name\":\"Poterie de Crestet\",\"description\":\"Des milliers de poteries inpir\u00e9es de la Provence\",\"publisher\":{\"@id\":\"https:\\\/\\\/poterie-de-crestet.com\\\/de\\\/#organization\"},\"potentialAction\":[{\"@type\":\"SearchAction\",\"target\":{\"@type\":\"EntryPoint\",\"urlTemplate\":\"https:\\\/\\\/poterie-de-crestet.com\\\/de\\\/?s={search_term_string}\"},\"query-input\":{\"@type\":\"PropertyValueSpecification\",\"valueRequired\":true,\"valueName\":\"search_term_string\"}}],\"inLanguage\":\"de\"},{\"@type\":\"Organization\",\"@id\":\"https:\\\/\\\/poterie-de-crestet.com\\\/de\\\/#organization\",\"name\":\"Poterie de Crestet\",\"url\":\"https:\\\/\\\/poterie-de-crestet.com\\\/de\\\/\",\"logo\":{\"@type\":\"ImageObject\",\"inLanguage\":\"de\",\"@id\":\"https:\\\/\\\/poterie-de-crestet.com\\\/de\\\/#\\\/schema\\\/logo\\\/image\\\/\",\"url\":\"https:\\\/\\\/i0.wp.com\\\/poterie-de-crestet.com\\\/wp-content\\\/uploads\\\/2025\\\/03\\\/Propo-4.png?fit=1000%2C462&ssl=1\",\"contentUrl\":\"https:\\\/\\\/i0.wp.com\\\/poterie-de-crestet.com\\\/wp-content\\\/uploads\\\/2025\\\/03\\\/Propo-4.png?fit=1000%2C462&ssl=1\",\"width\":1000,\"height\":462,\"caption\":\"Poterie de Crestet\"},\"image\":{\"@id\":\"https:\\\/\\\/poterie-de-crestet.com\\\/de\\\/#\\\/schema\\\/logo\\\/image\\\/\"}}]}<\/script>\n<!-- \/ Yoast SEO plugin. -->","yoast_head_json":{"title":"Kleines hochgerandetes Gericht Nyons Red - Poterie de Crestet","description":"Flaches kleines Modell mit rotem Nyons-Dekor, Keramik. Warm und praktisch, ideal f\u00fcr Salate, Obst oder Familiengerichte. Abmessungen: 18 \u00d7 8 cm","robots":{"index":"index","follow":"follow","max-snippet":"max-snippet:-1","max-image-preview":"max-image-preview:large","max-video-preview":"max-video-preview:-1"},"canonical":"https:\/\/poterie-de-crestet.com\/de\/keramik\/kleines-hochgerandetes-gericht-nyons-red\/","og_locale":"de_DE","og_type":"article","og_title":"Kleines hochgerandetes Gericht Nyons Red - Poterie de Crestet","og_description":"Flaches kleines Modell mit rotem Nyons-Dekor, Keramik. Warm und praktisch, ideal f\u00fcr Salate, Obst oder Familiengerichte. Abmessungen: 18 \u00d7 8 cm","og_url":"https:\/\/poterie-de-crestet.com\/de\/keramik\/kleines-hochgerandetes-gericht-nyons-red\/","og_site_name":"Poterie de Crestet","og_image":[{"width":800,"height":532,"url":"https:\/\/i0.wp.com\/poterie-de-crestet.com\/wp-content\/uploads\/2025\/08\/plat-rebord-haut-22.jpg?fit=800%2C532&ssl=1","type":"image\/jpeg"}],"twitter_card":"summary_large_image","twitter_misc":{"Gesch\u00e4tzte Lesezeit":"1\u00a0Minute"},"schema":{"@context":"https:\/\/schema.org","@graph":[{"@type":"WebPage","@id":"https:\/\/poterie-de-crestet.com\/de\/keramik\/kleines-hochgerandetes-gericht-nyons-red\/","url":"https:\/\/poterie-de-crestet.com\/de\/keramik\/kleines-hochgerandetes-gericht-nyons-red\/","name":"Kleines hochgerandetes Gericht Nyons Red - Poterie de Crestet","isPartOf":{"@id":"https:\/\/poterie-de-crestet.com\/de\/#website"},"primaryImageOfPage":{"@id":"https:\/\/poterie-de-crestet.com\/de\/keramik\/kleines-hochgerandetes-gericht-nyons-red\/#primaryimage"},"image":{"@id":"https:\/\/poterie-de-crestet.com\/de\/keramik\/kleines-hochgerandetes-gericht-nyons-red\/#primaryimage"},"thumbnailUrl":"https:\/\/i0.wp.com\/poterie-de-crestet.com\/wp-content\/uploads\/2025\/08\/plat-rebord-haut-22.jpg?fit=800%2C532&ssl=1","datePublished":"2025-08-22T11:55:02+00:00","description":"Flaches kleines Modell mit rotem Nyons-Dekor, Keramik. Warm und praktisch, ideal f\u00fcr Salate, Obst oder Familiengerichte. Abmessungen: 18 \u00d7 8 cm","breadcrumb":{"@id":"https:\/\/poterie-de-crestet.com\/de\/keramik\/kleines-hochgerandetes-gericht-nyons-red\/#breadcrumb"},"inLanguage":"de","potentialAction":[{"@type":"ReadAction","target":["https:\/\/poterie-de-crestet.com\/de\/keramik\/kleines-hochgerandetes-gericht-nyons-red\/"]}]},{"@type":"ImageObject","inLanguage":"de","@id":"https:\/\/poterie-de-crestet.com\/de\/keramik\/kleines-hochgerandetes-gericht-nyons-red\/#primaryimage","url":"https:\/\/i0.wp.com\/poterie-de-crestet.com\/wp-content\/uploads\/2025\/08\/plat-rebord-haut-22.jpg?fit=800%2C532&ssl=1","contentUrl":"https:\/\/i0.wp.com\/poterie-de-crestet.com\/wp-content\/uploads\/2025\/08\/plat-rebord-haut-22.jpg?fit=800%2C532&ssl=1","width":800,"height":532,"caption":"Flachserien-Deckel-Kleinmodell \u2013 Nyons rot"},{"@type":"BreadcrumbList","@id":"https:\/\/poterie-de-crestet.com\/de\/keramik\/kleines-hochgerandetes-gericht-nyons-red\/#breadcrumb","itemListElement":[{"@type":"ListItem","position":1,"name":"Accueil","item":"https:\/\/poterie-de-crestet.com\/de\/accueil\/"},{"@type":"ListItem","position":2,"name":"Boutique","item":"https:\/\/poterie-de-crestet.com\/ceramiques\/"},{"@type":"ListItem","position":3,"name":"Kleines hochgerandetes Gericht Nyons Red"}]},{"@type":"WebSite","@id":"https:\/\/poterie-de-crestet.com\/de\/#website","url":"https:\/\/poterie-de-crestet.com\/de\/","name":"Poterie de Crestet","description":"Des milliers de poteries inpir\u00e9es de la Provence","publisher":{"@id":"https:\/\/poterie-de-crestet.com\/de\/#organization"},"potentialAction":[{"@type":"SearchAction","target":{"@type":"EntryPoint","urlTemplate":"https:\/\/poterie-de-crestet.com\/de\/?s={search_term_string}"},"query-input":{"@type":"PropertyValueSpecification","valueRequired":true,"valueName":"search_term_string"}}],"inLanguage":"de"},{"@type":"Organization","@id":"https:\/\/poterie-de-crestet.com\/de\/#organization","name":"Poterie de Crestet","url":"https:\/\/poterie-de-crestet.com\/de\/","logo":{"@type":"ImageObject","inLanguage":"de","@id":"https:\/\/poterie-de-crestet.com\/de\/#\/schema\/logo\/image\/","url":"https:\/\/i0.wp.com\/poterie-de-crestet.com\/wp-content\/uploads\/2025\/03\/Propo-4.png?fit=1000%2C462&ssl=1","contentUrl":"https:\/\/i0.wp.com\/poterie-de-crestet.com\/wp-content\/uploads\/2025\/03\/Propo-4.png?fit=1000%2C462&ssl=1","width":1000,"height":462,"caption":"Poterie de Crestet"},"image":{"@id":"https:\/\/poterie-de-crestet.com\/de\/#\/schema\/logo\/image\/"}}]}},"jetpack_sharing_enabled":true,"_links":{"self":[{"href":"https:\/\/poterie-de-crestet.com\/de\/wp-json\/wp\/v2\/product\/21573","targetHints":{"allow":["GET"]}}],"collection":[{"href":"https:\/\/poterie-de-crestet.com\/de\/wp-json\/wp\/v2\/product"}],"about":[{"href":"https:\/\/poterie-de-crestet.com\/de\/wp-json\/wp\/v2\/types\/product"}],"replies":[{"embeddable":true,"href":"https:\/\/poterie-de-crestet.com\/de\/wp-json\/wp\/v2\/comments?post=21573"}],"version-history":[{"count":0,"href":"https:\/\/poterie-de-crestet.com\/de\/wp-json\/wp\/v2\/product\/21573\/revisions"}],"wp:featuredmedia":[{"embeddable":true,"href":"https:\/\/poterie-de-crestet.com\/de\/wp-json\/wp\/v2\/media\/13974"}],"wp:attachment":[{"href":"https:\/\/poterie-de-crestet.com\/de\/wp-json\/wp\/v2\/media?parent=21573"}],"wp:term":[{"taxonomy":"product_brand","embeddable":true,"href":"https:\/\/poterie-de-crestet.com\/de\/wp-json\/wp\/v2\/product_brand?post=21573"},{"taxonomy":"product_cat","embeddable":true,"href":"https:\/\/poterie-de-crestet.com\/de\/wp-json\/wp\/v2\/product_cat?post=21573"},{"taxonomy":"product_tag","embeddable":true,"href":"https:\/\/poterie-de-crestet.com\/de\/wp-json\/wp\/v2\/product_tag?post=21573"}],"curies":[{"name":"wp","href":"https:\/\/api.w.org\/{rel}","templated":true}]}}