{"id":21566,"date":"2025-08-22T13:55:03","date_gmt":"2025-08-22T11:55:03","guid":{"rendered":"https:\/\/poterie-de-crestet.com\/ceramiques\/flachrandige-oberkante-kleine-bunte-tropfen\/"},"modified":"2025-08-22T13:55:03","modified_gmt":"2025-08-22T11:55:03","slug":"flachrandige-oberkante-kleine-bunte-tropfen","status":"publish","type":"product","link":"https:\/\/poterie-de-crestet.com\/de\/keramik\/flachrandige-oberkante-kleine-bunte-tropfen\/","title":{"rendered":"Flachrandige Oberkante, kleine <h5>bunte Tropfen"},"content":{"rendered":"<p>Die kleine High-Series-Dekoration von Coloured Drops ist das perfekte St\u00fcck, um Ihren Mahlzeiten eine lebendige und spritzige Note zu verleihen. Mit einem Durchmesser von 18 cm und einer H\u00f6he von 8 cm kann er Salate, gekochtes Gem\u00fcse, bunte Fr\u00fcchte oder ein Dessert zum Teilen aufnehmen. Seine hohen Kanten erm\u00f6glichen es ihm, Gerichte in So\u00dfe und gro\u00dfz\u00fcgigen Zubereitungen zu halten.<br data-start=\"2361\" data-end=\"2364\">Aus massiver Keramik gefertigt und von Hand dekoriert, ist dieses Gericht sowohl widerstandsf\u00e4hig als auch \u00e4sthetisch. Das Coloured Drops-Muster verf\u00fchrt mit seiner Energie und festlichen Seite \u2013 perfekt, um einen geselligen Tisch aufzuhellen. Die Wartung ist einfach: Sie ist sp\u00fclmaschinen- oder mikrowellenfest.<br data-start=\"2638\" data-end=\"2641\">Dieses Modell ist auch im Mittel- und Gro\u00dfformat erh\u00e4ltlich, um einen passenden Service zu erstellen. Nutzen Sie unser <a class=\"decorated-link\" href=\"https:\/\/poterie-de-crestet.com\/de\/befoerderungen\/\" target=\"_new\" rel=\"noopener\" data-start=\"2746\" data-end=\"2810\">Sonderangebot in gro\u00dfen Mengen<\/a> , um 2 oder 3 Gerichte gleichzeitig zu einem reduzierten Preis zu erwerben. F\u00fcr noch mehr Harmonie kombinieren Sie es mit einer <a class=\"decorated-link cursor-pointer\" href=\"https:\/\/poterie-de-crestet.com\/de\/keramik\/riesige-salatschuessel-farbige-tropfen\/\" target=\"_new\" rel=\"noopener\" data-start=\"2915\" data-end=\"3024\">riesigen Coloured Drops Salatsch\u00fcssel<\/a>.<br data-start=\"3025\" data-end=\"3028\">Vielseitig, stapelbar und dekorativ \u2013 dieses Gericht ist ein praktischer und fr\u00f6hlicher Verb\u00fcndeter f\u00fcr jeden Anlass.      <\/p>\n","protected":false},"excerpt":{"rendered":"<p>Flachtop, kleines Modell, bunte Tropfen, Keramik. Festlich und praktisch, ideal f\u00fcr Salate, Obst oder geteilte Desserts. <br data-start=\"3288\" data-end=\"3291\"><strong data-start=\"3291\" data-end=\"3319\"><em data-start=\"3293\" data-end=\"3317\">Abmessungen: 18 \u00d7 8 cm<\/em><\/strong><\/p>\n","protected":false},"featured_media":13965,"comment_status":"open","ping_status":"closed","template":"","meta":[],"product_brand":[],"product_cat":[410],"product_tag":[325],"class_list":{"0":"post-21566","1":"product","2":"type-product","3":"status-publish","4":"has-post-thumbnail","6":"product_cat-kleines-hochgerandetes-gericht","7":"product_tag-farbige-tropfen","9":"first","10":"outofstock","11":"taxable","12":"shipping-taxable","13":"purchasable","14":"product-type-simple"},"yoast_head":"<!-- This site is optimized with the Yoast SEO plugin v27.5 - https:\/\/yoast.com\/product\/yoast-seo-wordpress\/ -->\n<title>Flachrandige Oberkante, kleine bunte Tropfen - Poterie de Crestet<\/title>\n<meta name=\"description\" content=\"Flaches kleines Modell, bunte Drops, praktisch und festlich. Ideal f\u00fcr Salate, Obst oder Gem\u00fcse. Erh\u00e4ltlich in einem Set von 2 oder 3. Widerstandsf\u00e4hige Keramik.\" \/>\n<meta name=\"robots\" content=\"index, follow, max-snippet:-1, max-image-preview:large, max-video-preview:-1\" \/>\n<link rel=\"canonical\" href=\"https:\/\/poterie-de-crestet.com\/de\/keramik\/flachrandige-oberkante-kleine-bunte-tropfen\/\" \/>\n<meta property=\"og:locale\" content=\"de_DE\" \/>\n<meta property=\"og:type\" content=\"article\" \/>\n<meta property=\"og:title\" content=\"Flachrandige Oberkante, kleine bunte Tropfen - Poterie de Crestet\" \/>\n<meta property=\"og:description\" content=\"Flaches kleines Modell, bunte Drops, praktisch und festlich. Ideal f\u00fcr Salate, Obst oder Gem\u00fcse. Erh\u00e4ltlich in einem Set von 2 oder 3. Widerstandsf\u00e4hige Keramik.\" \/>\n<meta property=\"og:url\" content=\"https:\/\/poterie-de-crestet.com\/de\/keramik\/flachrandige-oberkante-kleine-bunte-tropfen\/\" \/>\n<meta property=\"og:site_name\" content=\"Poterie de Crestet\" \/>\n<meta property=\"og:image\" content=\"https:\/\/i0.wp.com\/poterie-de-crestet.com\/wp-content\/uploads\/2025\/08\/plat-rebord-haut-19.jpg?fit=800%2C532&ssl=1\" \/>\n\t<meta property=\"og:image:width\" content=\"800\" \/>\n\t<meta property=\"og:image:height\" content=\"532\" \/>\n\t<meta property=\"og:image:type\" content=\"image\/jpeg\" \/>\n<meta name=\"twitter:card\" content=\"summary_large_image\" \/>\n<meta name=\"twitter:label1\" content=\"Gesch\u00e4tzte Lesezeit\" \/>\n\t<meta name=\"twitter:data1\" content=\"1\u00a0Minute\" \/>\n<script type=\"application\/ld+json\" class=\"yoast-schema-graph\">{\"@context\":\"https:\\\/\\\/schema.org\",\"@graph\":[{\"@type\":\"WebPage\",\"@id\":\"https:\\\/\\\/poterie-de-crestet.com\\\/de\\\/keramik\\\/flachrandige-oberkante-kleine-bunte-tropfen\\\/\",\"url\":\"https:\\\/\\\/poterie-de-crestet.com\\\/de\\\/keramik\\\/flachrandige-oberkante-kleine-bunte-tropfen\\\/\",\"name\":\"Flachrandige Oberkante, kleine bunte Tropfen - Poterie de Crestet\",\"isPartOf\":{\"@id\":\"https:\\\/\\\/poterie-de-crestet.com\\\/de\\\/#website\"},\"primaryImageOfPage\":{\"@id\":\"https:\\\/\\\/poterie-de-crestet.com\\\/de\\\/keramik\\\/flachrandige-oberkante-kleine-bunte-tropfen\\\/#primaryimage\"},\"image\":{\"@id\":\"https:\\\/\\\/poterie-de-crestet.com\\\/de\\\/keramik\\\/flachrandige-oberkante-kleine-bunte-tropfen\\\/#primaryimage\"},\"thumbnailUrl\":\"https:\\\/\\\/i0.wp.com\\\/poterie-de-crestet.com\\\/wp-content\\\/uploads\\\/2025\\\/08\\\/plat-rebord-haut-19.jpg?fit=800%2C532&ssl=1\",\"datePublished\":\"2025-08-22T11:55:03+00:00\",\"description\":\"Flaches kleines Modell, bunte Drops, praktisch und festlich. Ideal f\u00fcr Salate, Obst oder Gem\u00fcse. Erh\u00e4ltlich in einem Set von 2 oder 3. Widerstandsf\u00e4hige Keramik.\",\"breadcrumb\":{\"@id\":\"https:\\\/\\\/poterie-de-crestet.com\\\/de\\\/keramik\\\/flachrandige-oberkante-kleine-bunte-tropfen\\\/#breadcrumb\"},\"inLanguage\":\"de\",\"potentialAction\":[{\"@type\":\"ReadAction\",\"target\":[\"https:\\\/\\\/poterie-de-crestet.com\\\/de\\\/keramik\\\/flachrandige-oberkante-kleine-bunte-tropfen\\\/\"]}]},{\"@type\":\"ImageObject\",\"inLanguage\":\"de\",\"@id\":\"https:\\\/\\\/poterie-de-crestet.com\\\/de\\\/keramik\\\/flachrandige-oberkante-kleine-bunte-tropfen\\\/#primaryimage\",\"url\":\"https:\\\/\\\/i0.wp.com\\\/poterie-de-crestet.com\\\/wp-content\\\/uploads\\\/2025\\\/08\\\/plat-rebord-haut-19.jpg?fit=800%2C532&ssl=1\",\"contentUrl\":\"https:\\\/\\\/i0.wp.com\\\/poterie-de-crestet.com\\\/wp-content\\\/uploads\\\/2025\\\/08\\\/plat-rebord-haut-19.jpg?fit=800%2C532&ssl=1\",\"width\":800,\"height\":532,\"caption\":\"Flache Serie Top-Kleinmodell \u2013 Farbige Drops\"},{\"@type\":\"BreadcrumbList\",\"@id\":\"https:\\\/\\\/poterie-de-crestet.com\\\/de\\\/keramik\\\/flachrandige-oberkante-kleine-bunte-tropfen\\\/#breadcrumb\",\"itemListElement\":[{\"@type\":\"ListItem\",\"position\":1,\"name\":\"Accueil\",\"item\":\"https:\\\/\\\/poterie-de-crestet.com\\\/de\\\/accueil\\\/\"},{\"@type\":\"ListItem\",\"position\":2,\"name\":\"Boutique\",\"item\":\"https:\\\/\\\/poterie-de-crestet.com\\\/ceramiques\\\/\"},{\"@type\":\"ListItem\",\"position\":3,\"name\":\"Flachrandige Oberkante, kleine bunte Tropfen\"}]},{\"@type\":\"WebSite\",\"@id\":\"https:\\\/\\\/poterie-de-crestet.com\\\/de\\\/#website\",\"url\":\"https:\\\/\\\/poterie-de-crestet.com\\\/de\\\/\",\"name\":\"Poterie de Crestet\",\"description\":\"Des milliers de poteries inpir\u00e9es de la Provence\",\"publisher\":{\"@id\":\"https:\\\/\\\/poterie-de-crestet.com\\\/de\\\/#organization\"},\"potentialAction\":[{\"@type\":\"SearchAction\",\"target\":{\"@type\":\"EntryPoint\",\"urlTemplate\":\"https:\\\/\\\/poterie-de-crestet.com\\\/de\\\/?s={search_term_string}\"},\"query-input\":{\"@type\":\"PropertyValueSpecification\",\"valueRequired\":true,\"valueName\":\"search_term_string\"}}],\"inLanguage\":\"de\"},{\"@type\":\"Organization\",\"@id\":\"https:\\\/\\\/poterie-de-crestet.com\\\/de\\\/#organization\",\"name\":\"Poterie de Crestet\",\"url\":\"https:\\\/\\\/poterie-de-crestet.com\\\/de\\\/\",\"logo\":{\"@type\":\"ImageObject\",\"inLanguage\":\"de\",\"@id\":\"https:\\\/\\\/poterie-de-crestet.com\\\/de\\\/#\\\/schema\\\/logo\\\/image\\\/\",\"url\":\"https:\\\/\\\/i0.wp.com\\\/poterie-de-crestet.com\\\/wp-content\\\/uploads\\\/2025\\\/03\\\/Propo-4.png?fit=1000%2C462&ssl=1\",\"contentUrl\":\"https:\\\/\\\/i0.wp.com\\\/poterie-de-crestet.com\\\/wp-content\\\/uploads\\\/2025\\\/03\\\/Propo-4.png?fit=1000%2C462&ssl=1\",\"width\":1000,\"height\":462,\"caption\":\"Poterie de Crestet\"},\"image\":{\"@id\":\"https:\\\/\\\/poterie-de-crestet.com\\\/de\\\/#\\\/schema\\\/logo\\\/image\\\/\"}}]}<\/script>\n<!-- \/ Yoast SEO plugin. -->","yoast_head_json":{"title":"Flachrandige Oberkante, kleine bunte Tropfen - Poterie de Crestet","description":"Flaches kleines Modell, bunte Drops, praktisch und festlich. Ideal f\u00fcr Salate, Obst oder Gem\u00fcse. Erh\u00e4ltlich in einem Set von 2 oder 3. Widerstandsf\u00e4hige Keramik.","robots":{"index":"index","follow":"follow","max-snippet":"max-snippet:-1","max-image-preview":"max-image-preview:large","max-video-preview":"max-video-preview:-1"},"canonical":"https:\/\/poterie-de-crestet.com\/de\/keramik\/flachrandige-oberkante-kleine-bunte-tropfen\/","og_locale":"de_DE","og_type":"article","og_title":"Flachrandige Oberkante, kleine bunte Tropfen - Poterie de Crestet","og_description":"Flaches kleines Modell, bunte Drops, praktisch und festlich. Ideal f\u00fcr Salate, Obst oder Gem\u00fcse. Erh\u00e4ltlich in einem Set von 2 oder 3. Widerstandsf\u00e4hige Keramik.","og_url":"https:\/\/poterie-de-crestet.com\/de\/keramik\/flachrandige-oberkante-kleine-bunte-tropfen\/","og_site_name":"Poterie de Crestet","og_image":[{"width":800,"height":532,"url":"https:\/\/i0.wp.com\/poterie-de-crestet.com\/wp-content\/uploads\/2025\/08\/plat-rebord-haut-19.jpg?fit=800%2C532&ssl=1","type":"image\/jpeg"}],"twitter_card":"summary_large_image","twitter_misc":{"Gesch\u00e4tzte Lesezeit":"1\u00a0Minute"},"schema":{"@context":"https:\/\/schema.org","@graph":[{"@type":"WebPage","@id":"https:\/\/poterie-de-crestet.com\/de\/keramik\/flachrandige-oberkante-kleine-bunte-tropfen\/","url":"https:\/\/poterie-de-crestet.com\/de\/keramik\/flachrandige-oberkante-kleine-bunte-tropfen\/","name":"Flachrandige Oberkante, kleine bunte Tropfen - Poterie de Crestet","isPartOf":{"@id":"https:\/\/poterie-de-crestet.com\/de\/#website"},"primaryImageOfPage":{"@id":"https:\/\/poterie-de-crestet.com\/de\/keramik\/flachrandige-oberkante-kleine-bunte-tropfen\/#primaryimage"},"image":{"@id":"https:\/\/poterie-de-crestet.com\/de\/keramik\/flachrandige-oberkante-kleine-bunte-tropfen\/#primaryimage"},"thumbnailUrl":"https:\/\/i0.wp.com\/poterie-de-crestet.com\/wp-content\/uploads\/2025\/08\/plat-rebord-haut-19.jpg?fit=800%2C532&ssl=1","datePublished":"2025-08-22T11:55:03+00:00","description":"Flaches kleines Modell, bunte Drops, praktisch und festlich. Ideal f\u00fcr Salate, Obst oder Gem\u00fcse. Erh\u00e4ltlich in einem Set von 2 oder 3. Widerstandsf\u00e4hige Keramik.","breadcrumb":{"@id":"https:\/\/poterie-de-crestet.com\/de\/keramik\/flachrandige-oberkante-kleine-bunte-tropfen\/#breadcrumb"},"inLanguage":"de","potentialAction":[{"@type":"ReadAction","target":["https:\/\/poterie-de-crestet.com\/de\/keramik\/flachrandige-oberkante-kleine-bunte-tropfen\/"]}]},{"@type":"ImageObject","inLanguage":"de","@id":"https:\/\/poterie-de-crestet.com\/de\/keramik\/flachrandige-oberkante-kleine-bunte-tropfen\/#primaryimage","url":"https:\/\/i0.wp.com\/poterie-de-crestet.com\/wp-content\/uploads\/2025\/08\/plat-rebord-haut-19.jpg?fit=800%2C532&ssl=1","contentUrl":"https:\/\/i0.wp.com\/poterie-de-crestet.com\/wp-content\/uploads\/2025\/08\/plat-rebord-haut-19.jpg?fit=800%2C532&ssl=1","width":800,"height":532,"caption":"Flache Serie Top-Kleinmodell \u2013 Farbige Drops"},{"@type":"BreadcrumbList","@id":"https:\/\/poterie-de-crestet.com\/de\/keramik\/flachrandige-oberkante-kleine-bunte-tropfen\/#breadcrumb","itemListElement":[{"@type":"ListItem","position":1,"name":"Accueil","item":"https:\/\/poterie-de-crestet.com\/de\/accueil\/"},{"@type":"ListItem","position":2,"name":"Boutique","item":"https:\/\/poterie-de-crestet.com\/ceramiques\/"},{"@type":"ListItem","position":3,"name":"Flachrandige Oberkante, kleine bunte Tropfen"}]},{"@type":"WebSite","@id":"https:\/\/poterie-de-crestet.com\/de\/#website","url":"https:\/\/poterie-de-crestet.com\/de\/","name":"Poterie de Crestet","description":"Des milliers de poteries inpir\u00e9es de la Provence","publisher":{"@id":"https:\/\/poterie-de-crestet.com\/de\/#organization"},"potentialAction":[{"@type":"SearchAction","target":{"@type":"EntryPoint","urlTemplate":"https:\/\/poterie-de-crestet.com\/de\/?s={search_term_string}"},"query-input":{"@type":"PropertyValueSpecification","valueRequired":true,"valueName":"search_term_string"}}],"inLanguage":"de"},{"@type":"Organization","@id":"https:\/\/poterie-de-crestet.com\/de\/#organization","name":"Poterie de Crestet","url":"https:\/\/poterie-de-crestet.com\/de\/","logo":{"@type":"ImageObject","inLanguage":"de","@id":"https:\/\/poterie-de-crestet.com\/de\/#\/schema\/logo\/image\/","url":"https:\/\/i0.wp.com\/poterie-de-crestet.com\/wp-content\/uploads\/2025\/03\/Propo-4.png?fit=1000%2C462&ssl=1","contentUrl":"https:\/\/i0.wp.com\/poterie-de-crestet.com\/wp-content\/uploads\/2025\/03\/Propo-4.png?fit=1000%2C462&ssl=1","width":1000,"height":462,"caption":"Poterie de Crestet"},"image":{"@id":"https:\/\/poterie-de-crestet.com\/de\/#\/schema\/logo\/image\/"}}]}},"jetpack_sharing_enabled":true,"_links":{"self":[{"href":"https:\/\/poterie-de-crestet.com\/de\/wp-json\/wp\/v2\/product\/21566","targetHints":{"allow":["GET"]}}],"collection":[{"href":"https:\/\/poterie-de-crestet.com\/de\/wp-json\/wp\/v2\/product"}],"about":[{"href":"https:\/\/poterie-de-crestet.com\/de\/wp-json\/wp\/v2\/types\/product"}],"replies":[{"embeddable":true,"href":"https:\/\/poterie-de-crestet.com\/de\/wp-json\/wp\/v2\/comments?post=21566"}],"version-history":[{"count":0,"href":"https:\/\/poterie-de-crestet.com\/de\/wp-json\/wp\/v2\/product\/21566\/revisions"}],"wp:featuredmedia":[{"embeddable":true,"href":"https:\/\/poterie-de-crestet.com\/de\/wp-json\/wp\/v2\/media\/13965"}],"wp:attachment":[{"href":"https:\/\/poterie-de-crestet.com\/de\/wp-json\/wp\/v2\/media?parent=21566"}],"wp:term":[{"taxonomy":"product_brand","embeddable":true,"href":"https:\/\/poterie-de-crestet.com\/de\/wp-json\/wp\/v2\/product_brand?post=21566"},{"taxonomy":"product_cat","embeddable":true,"href":"https:\/\/poterie-de-crestet.com\/de\/wp-json\/wp\/v2\/product_cat?post=21566"},{"taxonomy":"product_tag","embeddable":true,"href":"https:\/\/poterie-de-crestet.com\/de\/wp-json\/wp\/v2\/product_tag?post=21566"}],"curies":[{"name":"wp","href":"https:\/\/api.w.org\/{rel}","templated":true}]}}