{"id":21540,"date":"2025-08-22T13:55:04","date_gmt":"2025-08-22T11:55:04","guid":{"rendered":"https:\/\/poterie-de-crestet.com\/ceramiques\/kleines-hochgerandetes-gericht-blau\/"},"modified":"2025-08-22T13:55:04","modified_gmt":"2025-08-22T11:55:04","slug":"kleines-hochgerandetes-gericht-blau","status":"publish","type":"product","link":"https:\/\/poterie-de-crestet.com\/de\/keramik\/kleines-hochgerandetes-gericht-blau\/","title":{"rendered":"Kleines hochgerandetes Gericht  <h5>Blau<\/h5>"},"content":{"rendered":"<p>Das Seriengericht mit einem kleinen Modell mit hohem Rand und blauer Dekoration ist ein Muss f\u00fcr Ihre t\u00e4glichen Mahlzeiten sowie f\u00fcr besondere Anl\u00e4sse. Mit einem Durchmesser von 18 cm und einer H\u00f6he von 8 cm ist er ideal, um frische Salate zu servieren, gekochtes Gem\u00fcse zu pr\u00e4sentieren, Obst anzubieten oder sogar ein Gourmet-Dessert zum Teilen zu arrangieren. Dank ihrer h\u00f6heren Kanten als niedrigen Sch\u00fcsseln h\u00e4lt sie die Zubereitungen mit So\u00dfen, S\u00e4ften oder gro\u00dfz\u00fcgigen Garnituren leicht.<br data-start=\"1138\" data-end=\"1141\">Aus massiver Keramik gefertigt und als Dekoration handbemalt, verbindet er \u00c4sthetik und Widerstandsf\u00e4higkeit. Das schlichte und elegante blaue Dekor passt zu allen Tischen. Geschirrsp\u00fcler- und Mikrowellenfest \u2013 dieses Gericht macht Ihren Alltag einfacher.<br data-start=\"1384\" data-end=\"1387\">Es gibt sie auch in mittelgro\u00dfen und gro\u00dfen Modellen, sodass Sie eine komplette Serie f\u00fcr Ihre Bed\u00fcrfnisse zusammenstellen k\u00f6nnen. Sie k\u00f6nnen auch unser<g id=\"gid_0\"> <g id=\"gid_1\">spezielles Angebot in Sets<\/g><\/g> (2 oder 3 G\u00e4nge) nutzen, um Ihren Service zu einem tollen Preis zu bereichern. Kombinieren Sie ihn mit einer <a class=\"decorated-link cursor-pointer\" href=\"https:\/\/poterie-de-crestet.com\/de\/keramik\/riesige-salatschuessel-blau\/\" target=\"_new\" rel=\"noopener\" data-start=\"1648\" data-end=\"1745\">riesigen blauen Salatsch\u00fcssel<\/a> f\u00fcr einen abgestimmten visuellen Effekt w\u00e4hrend Ihrer geselligen Mahlzeiten.<br data-start=\"1806\" data-end=\"1809\">Stapelbar, leicht zu lagern und praktisch zu handhaben, wird es schnell zu einem Muss f\u00fcr Ihr Geschirr.      <\/p>\n","protected":false},"excerpt":{"rendered":"<p>Flaches Deckel, kleines blaues Dekorationsmuster, Keramik. Elegant und praktisch, ideal f\u00fcr Salate, Obst oder Familiengerichte. <br data-start=\"2061\" data-end=\"2064\"><strong data-start=\"2064\" data-end=\"2092\"><em data-start=\"2066\" data-end=\"2090\">Abmessungen: 18 \u00d7 8 cm<\/em><\/strong><\/p>\n","protected":false},"featured_media":14046,"comment_status":"open","ping_status":"closed","template":"","meta":[],"product_brand":[],"product_cat":[410],"product_tag":[203],"class_list":{"0":"post-21540","1":"product","2":"type-product","3":"status-publish","4":"has-post-thumbnail","6":"product_cat-kleines-hochgerandetes-gericht","7":"product_tag-blau","9":"first","10":"instock","11":"taxable","12":"shipping-taxable","13":"purchasable","14":"product-type-simple"},"yoast_head":"<!-- This site is optimized with the Yoast SEO plugin v27.5 - https:\/\/yoast.com\/product\/yoast-seo-wordpress\/ -->\n<title>Kleines hochgerandetes Gericht Blau - Poterie de Crestet<\/title>\n<meta name=\"description\" content=\"Kleine blaue Keramikschale mit hohem R\u00e4ndertum. Ideal f\u00fcr Salate, Obst oder Desserts. Erh\u00e4ltlich in einem Set von 2 oder 3 Gerichten. Sp\u00fclmaschinen- und Mikrowellenfest.\" \/>\n<meta name=\"robots\" content=\"index, follow, max-snippet:-1, max-image-preview:large, max-video-preview:-1\" \/>\n<link rel=\"canonical\" href=\"https:\/\/poterie-de-crestet.com\/de\/keramik\/kleines-hochgerandetes-gericht-blau\/\" \/>\n<meta property=\"og:locale\" content=\"de_DE\" \/>\n<meta property=\"og:type\" content=\"article\" \/>\n<meta property=\"og:title\" content=\"Kleines hochgerandetes Gericht Blau - Poterie de Crestet\" \/>\n<meta property=\"og:description\" content=\"Kleine blaue Keramikschale mit hohem R\u00e4ndertum. Ideal f\u00fcr Salate, Obst oder Desserts. Erh\u00e4ltlich in einem Set von 2 oder 3 Gerichten. Sp\u00fclmaschinen- und Mikrowellenfest.\" \/>\n<meta property=\"og:url\" content=\"https:\/\/poterie-de-crestet.com\/de\/keramik\/kleines-hochgerandetes-gericht-blau\/\" \/>\n<meta property=\"og:site_name\" content=\"Poterie de Crestet\" \/>\n<meta property=\"og:image\" content=\"https:\/\/i0.wp.com\/poterie-de-crestet.com\/wp-content\/uploads\/2025\/08\/plat-rebord-haut-46.jpg?fit=800%2C532&ssl=1\" \/>\n\t<meta property=\"og:image:width\" content=\"800\" \/>\n\t<meta property=\"og:image:height\" content=\"532\" \/>\n\t<meta property=\"og:image:type\" content=\"image\/jpeg\" \/>\n<meta name=\"twitter:card\" content=\"summary_large_image\" \/>\n<meta name=\"twitter:label1\" content=\"Gesch\u00e4tzte Lesezeit\" \/>\n\t<meta name=\"twitter:data1\" content=\"1\u00a0Minute\" \/>\n<script type=\"application\/ld+json\" class=\"yoast-schema-graph\">{\"@context\":\"https:\\\/\\\/schema.org\",\"@graph\":[{\"@type\":\"WebPage\",\"@id\":\"https:\\\/\\\/poterie-de-crestet.com\\\/de\\\/keramik\\\/kleines-hochgerandetes-gericht-blau\\\/\",\"url\":\"https:\\\/\\\/poterie-de-crestet.com\\\/de\\\/keramik\\\/kleines-hochgerandetes-gericht-blau\\\/\",\"name\":\"Kleines hochgerandetes Gericht Blau - Poterie de Crestet\",\"isPartOf\":{\"@id\":\"https:\\\/\\\/poterie-de-crestet.com\\\/de\\\/#website\"},\"primaryImageOfPage\":{\"@id\":\"https:\\\/\\\/poterie-de-crestet.com\\\/de\\\/keramik\\\/kleines-hochgerandetes-gericht-blau\\\/#primaryimage\"},\"image\":{\"@id\":\"https:\\\/\\\/poterie-de-crestet.com\\\/de\\\/keramik\\\/kleines-hochgerandetes-gericht-blau\\\/#primaryimage\"},\"thumbnailUrl\":\"https:\\\/\\\/i0.wp.com\\\/poterie-de-crestet.com\\\/wp-content\\\/uploads\\\/2025\\\/08\\\/plat-rebord-haut-46.jpg?fit=800%2C532&ssl=1\",\"datePublished\":\"2025-08-22T11:55:04+00:00\",\"description\":\"Kleine blaue Keramikschale mit hohem R\u00e4ndertum. Ideal f\u00fcr Salate, Obst oder Desserts. Erh\u00e4ltlich in einem Set von 2 oder 3 Gerichten. Sp\u00fclmaschinen- und Mikrowellenfest.\",\"breadcrumb\":{\"@id\":\"https:\\\/\\\/poterie-de-crestet.com\\\/de\\\/keramik\\\/kleines-hochgerandetes-gericht-blau\\\/#breadcrumb\"},\"inLanguage\":\"de\",\"potentialAction\":[{\"@type\":\"ReadAction\",\"target\":[\"https:\\\/\\\/poterie-de-crestet.com\\\/de\\\/keramik\\\/kleines-hochgerandetes-gericht-blau\\\/\"]}]},{\"@type\":\"ImageObject\",\"inLanguage\":\"de\",\"@id\":\"https:\\\/\\\/poterie-de-crestet.com\\\/de\\\/keramik\\\/kleines-hochgerandetes-gericht-blau\\\/#primaryimage\",\"url\":\"https:\\\/\\\/i0.wp.com\\\/poterie-de-crestet.com\\\/wp-content\\\/uploads\\\/2025\\\/08\\\/plat-rebord-haut-46.jpg?fit=800%2C532&ssl=1\",\"contentUrl\":\"https:\\\/\\\/i0.wp.com\\\/poterie-de-crestet.com\\\/wp-content\\\/uploads\\\/2025\\\/08\\\/plat-rebord-haut-46.jpg?fit=800%2C532&ssl=1\",\"width\":800,\"height\":532,\"caption\":\"Blaue Hohe Randsch\u00fcssel\"},{\"@type\":\"BreadcrumbList\",\"@id\":\"https:\\\/\\\/poterie-de-crestet.com\\\/de\\\/keramik\\\/kleines-hochgerandetes-gericht-blau\\\/#breadcrumb\",\"itemListElement\":[{\"@type\":\"ListItem\",\"position\":1,\"name\":\"Accueil\",\"item\":\"https:\\\/\\\/poterie-de-crestet.com\\\/de\\\/accueil\\\/\"},{\"@type\":\"ListItem\",\"position\":2,\"name\":\"Boutique\",\"item\":\"https:\\\/\\\/poterie-de-crestet.com\\\/ceramiques\\\/\"},{\"@type\":\"ListItem\",\"position\":3,\"name\":\"Kleines hochgerandetes Gericht Blau\"}]},{\"@type\":\"WebSite\",\"@id\":\"https:\\\/\\\/poterie-de-crestet.com\\\/de\\\/#website\",\"url\":\"https:\\\/\\\/poterie-de-crestet.com\\\/de\\\/\",\"name\":\"Poterie de Crestet\",\"description\":\"Des milliers de poteries inpir\u00e9es de la Provence\",\"publisher\":{\"@id\":\"https:\\\/\\\/poterie-de-crestet.com\\\/de\\\/#organization\"},\"potentialAction\":[{\"@type\":\"SearchAction\",\"target\":{\"@type\":\"EntryPoint\",\"urlTemplate\":\"https:\\\/\\\/poterie-de-crestet.com\\\/de\\\/?s={search_term_string}\"},\"query-input\":{\"@type\":\"PropertyValueSpecification\",\"valueRequired\":true,\"valueName\":\"search_term_string\"}}],\"inLanguage\":\"de\"},{\"@type\":\"Organization\",\"@id\":\"https:\\\/\\\/poterie-de-crestet.com\\\/de\\\/#organization\",\"name\":\"Poterie de Crestet\",\"url\":\"https:\\\/\\\/poterie-de-crestet.com\\\/de\\\/\",\"logo\":{\"@type\":\"ImageObject\",\"inLanguage\":\"de\",\"@id\":\"https:\\\/\\\/poterie-de-crestet.com\\\/de\\\/#\\\/schema\\\/logo\\\/image\\\/\",\"url\":\"https:\\\/\\\/i0.wp.com\\\/poterie-de-crestet.com\\\/wp-content\\\/uploads\\\/2025\\\/03\\\/Propo-4.png?fit=1000%2C462&ssl=1\",\"contentUrl\":\"https:\\\/\\\/i0.wp.com\\\/poterie-de-crestet.com\\\/wp-content\\\/uploads\\\/2025\\\/03\\\/Propo-4.png?fit=1000%2C462&ssl=1\",\"width\":1000,\"height\":462,\"caption\":\"Poterie de Crestet\"},\"image\":{\"@id\":\"https:\\\/\\\/poterie-de-crestet.com\\\/de\\\/#\\\/schema\\\/logo\\\/image\\\/\"}}]}<\/script>\n<!-- \/ Yoast SEO plugin. -->","yoast_head_json":{"title":"Kleines hochgerandetes Gericht Blau - Poterie de Crestet","description":"Kleine blaue Keramikschale mit hohem R\u00e4ndertum. Ideal f\u00fcr Salate, Obst oder Desserts. Erh\u00e4ltlich in einem Set von 2 oder 3 Gerichten. Sp\u00fclmaschinen- und Mikrowellenfest.","robots":{"index":"index","follow":"follow","max-snippet":"max-snippet:-1","max-image-preview":"max-image-preview:large","max-video-preview":"max-video-preview:-1"},"canonical":"https:\/\/poterie-de-crestet.com\/de\/keramik\/kleines-hochgerandetes-gericht-blau\/","og_locale":"de_DE","og_type":"article","og_title":"Kleines hochgerandetes Gericht Blau - Poterie de Crestet","og_description":"Kleine blaue Keramikschale mit hohem R\u00e4ndertum. Ideal f\u00fcr Salate, Obst oder Desserts. Erh\u00e4ltlich in einem Set von 2 oder 3 Gerichten. Sp\u00fclmaschinen- und Mikrowellenfest.","og_url":"https:\/\/poterie-de-crestet.com\/de\/keramik\/kleines-hochgerandetes-gericht-blau\/","og_site_name":"Poterie de Crestet","og_image":[{"width":800,"height":532,"url":"https:\/\/i0.wp.com\/poterie-de-crestet.com\/wp-content\/uploads\/2025\/08\/plat-rebord-haut-46.jpg?fit=800%2C532&ssl=1","type":"image\/jpeg"}],"twitter_card":"summary_large_image","twitter_misc":{"Gesch\u00e4tzte Lesezeit":"1\u00a0Minute"},"schema":{"@context":"https:\/\/schema.org","@graph":[{"@type":"WebPage","@id":"https:\/\/poterie-de-crestet.com\/de\/keramik\/kleines-hochgerandetes-gericht-blau\/","url":"https:\/\/poterie-de-crestet.com\/de\/keramik\/kleines-hochgerandetes-gericht-blau\/","name":"Kleines hochgerandetes Gericht Blau - Poterie de Crestet","isPartOf":{"@id":"https:\/\/poterie-de-crestet.com\/de\/#website"},"primaryImageOfPage":{"@id":"https:\/\/poterie-de-crestet.com\/de\/keramik\/kleines-hochgerandetes-gericht-blau\/#primaryimage"},"image":{"@id":"https:\/\/poterie-de-crestet.com\/de\/keramik\/kleines-hochgerandetes-gericht-blau\/#primaryimage"},"thumbnailUrl":"https:\/\/i0.wp.com\/poterie-de-crestet.com\/wp-content\/uploads\/2025\/08\/plat-rebord-haut-46.jpg?fit=800%2C532&ssl=1","datePublished":"2025-08-22T11:55:04+00:00","description":"Kleine blaue Keramikschale mit hohem R\u00e4ndertum. Ideal f\u00fcr Salate, Obst oder Desserts. Erh\u00e4ltlich in einem Set von 2 oder 3 Gerichten. Sp\u00fclmaschinen- und Mikrowellenfest.","breadcrumb":{"@id":"https:\/\/poterie-de-crestet.com\/de\/keramik\/kleines-hochgerandetes-gericht-blau\/#breadcrumb"},"inLanguage":"de","potentialAction":[{"@type":"ReadAction","target":["https:\/\/poterie-de-crestet.com\/de\/keramik\/kleines-hochgerandetes-gericht-blau\/"]}]},{"@type":"ImageObject","inLanguage":"de","@id":"https:\/\/poterie-de-crestet.com\/de\/keramik\/kleines-hochgerandetes-gericht-blau\/#primaryimage","url":"https:\/\/i0.wp.com\/poterie-de-crestet.com\/wp-content\/uploads\/2025\/08\/plat-rebord-haut-46.jpg?fit=800%2C532&ssl=1","contentUrl":"https:\/\/i0.wp.com\/poterie-de-crestet.com\/wp-content\/uploads\/2025\/08\/plat-rebord-haut-46.jpg?fit=800%2C532&ssl=1","width":800,"height":532,"caption":"Blaue Hohe Randsch\u00fcssel"},{"@type":"BreadcrumbList","@id":"https:\/\/poterie-de-crestet.com\/de\/keramik\/kleines-hochgerandetes-gericht-blau\/#breadcrumb","itemListElement":[{"@type":"ListItem","position":1,"name":"Accueil","item":"https:\/\/poterie-de-crestet.com\/de\/accueil\/"},{"@type":"ListItem","position":2,"name":"Boutique","item":"https:\/\/poterie-de-crestet.com\/ceramiques\/"},{"@type":"ListItem","position":3,"name":"Kleines hochgerandetes Gericht Blau"}]},{"@type":"WebSite","@id":"https:\/\/poterie-de-crestet.com\/de\/#website","url":"https:\/\/poterie-de-crestet.com\/de\/","name":"Poterie de Crestet","description":"Des milliers de poteries inpir\u00e9es de la Provence","publisher":{"@id":"https:\/\/poterie-de-crestet.com\/de\/#organization"},"potentialAction":[{"@type":"SearchAction","target":{"@type":"EntryPoint","urlTemplate":"https:\/\/poterie-de-crestet.com\/de\/?s={search_term_string}"},"query-input":{"@type":"PropertyValueSpecification","valueRequired":true,"valueName":"search_term_string"}}],"inLanguage":"de"},{"@type":"Organization","@id":"https:\/\/poterie-de-crestet.com\/de\/#organization","name":"Poterie de Crestet","url":"https:\/\/poterie-de-crestet.com\/de\/","logo":{"@type":"ImageObject","inLanguage":"de","@id":"https:\/\/poterie-de-crestet.com\/de\/#\/schema\/logo\/image\/","url":"https:\/\/i0.wp.com\/poterie-de-crestet.com\/wp-content\/uploads\/2025\/03\/Propo-4.png?fit=1000%2C462&ssl=1","contentUrl":"https:\/\/i0.wp.com\/poterie-de-crestet.com\/wp-content\/uploads\/2025\/03\/Propo-4.png?fit=1000%2C462&ssl=1","width":1000,"height":462,"caption":"Poterie de Crestet"},"image":{"@id":"https:\/\/poterie-de-crestet.com\/de\/#\/schema\/logo\/image\/"}}]}},"jetpack_sharing_enabled":true,"_links":{"self":[{"href":"https:\/\/poterie-de-crestet.com\/de\/wp-json\/wp\/v2\/product\/21540","targetHints":{"allow":["GET"]}}],"collection":[{"href":"https:\/\/poterie-de-crestet.com\/de\/wp-json\/wp\/v2\/product"}],"about":[{"href":"https:\/\/poterie-de-crestet.com\/de\/wp-json\/wp\/v2\/types\/product"}],"replies":[{"embeddable":true,"href":"https:\/\/poterie-de-crestet.com\/de\/wp-json\/wp\/v2\/comments?post=21540"}],"version-history":[{"count":0,"href":"https:\/\/poterie-de-crestet.com\/de\/wp-json\/wp\/v2\/product\/21540\/revisions"}],"wp:featuredmedia":[{"embeddable":true,"href":"https:\/\/poterie-de-crestet.com\/de\/wp-json\/wp\/v2\/media\/14046"}],"wp:attachment":[{"href":"https:\/\/poterie-de-crestet.com\/de\/wp-json\/wp\/v2\/media?parent=21540"}],"wp:term":[{"taxonomy":"product_brand","embeddable":true,"href":"https:\/\/poterie-de-crestet.com\/de\/wp-json\/wp\/v2\/product_brand?post=21540"},{"taxonomy":"product_cat","embeddable":true,"href":"https:\/\/poterie-de-crestet.com\/de\/wp-json\/wp\/v2\/product_cat?post=21540"},{"taxonomy":"product_tag","embeddable":true,"href":"https:\/\/poterie-de-crestet.com\/de\/wp-json\/wp\/v2\/product_tag?post=21540"}],"curies":[{"name":"wp","href":"https:\/\/api.w.org\/{rel}","templated":true}]}}