{"id":21537,"date":"2025-08-22T14:54:39","date_gmt":"2025-08-22T12:54:39","guid":{"rendered":"https:\/\/poterie-de-crestet.com\/ceramiques\/grosse-schuessel-mit-hohem-rand-tropisch\/"},"modified":"2025-08-22T14:54:39","modified_gmt":"2025-08-22T12:54:39","slug":"grosse-schuessel-mit-hohem-rand-tropisch","status":"publish","type":"product","link":"https:\/\/poterie-de-crestet.com\/de\/keramik\/grosse-schuessel-mit-hohem-rand-tropisch\/","title":{"rendered":"Gro\u00dfe Sch\u00fcssel mit hohem Rand  <h5>Tropisch<\/h5>"},"content":{"rendered":"<p>Das <strong data-start=\"5663\" data-end=\"5675\">tropische Dekor<\/strong> bringt Sonnenschein und Farbe in Ihre Mahlzeiten. Dieses gro\u00dfe, hochgerahmte Gericht (\u00d8 29 cm, H 10 cm) eignet sich perfekt f\u00fcr exotische Salate, gegrilltes Gem\u00fcse, gro\u00dfz\u00fcgige Nudelgerichte oder fruchtige Desserts. Dank der hohen R\u00e4nder bleiben Saucen und Gew\u00fcrze gut gehalten, was das R\u00fchren immer leichter macht. Es ist ein freundliches <g id=\"gid_1\">Serviergericht<\/g> und <g id=\"gid_2\">ein Pr\u00e4sentationsgericht<\/g> , das sofort auff\u00e4llt.<br data-start=\"6122\" data-end=\"6125\">Praktisch f\u00fcr den t\u00e4glichen Gebrauch, ist er <g id=\"gid_3\">sp\u00fclmaschinen- und mikrowellenfest.<\/g> Die robuste <strong data-start=\"6204\" data-end=\"6217\">Keramik<\/strong> bewahrt die Frische und sorgt f\u00fcr Stabilit\u00e4t, selbst bei gro\u00dfen Mengen. Das <strong data-start=\"6315\" data-end=\"6327\">tropische Dekor<\/strong> hebt rohes Gem\u00fcse, exotische Fr\u00fcchte und farbenfrohe Zubereitungen hervor und kombiniert sich mit einfachen Tischdecken f\u00fcr einen festlichen Effekt.<br data-start=\"6453\" data-end=\"6456\">F\u00fcr einen koordinierten Service kombinieren Sie ihn mit dem<a href=\"https:\/\/poterie-de-crestet.com\/de\/keramik\/runder-pitcher-tropisch\/\"> <strong data-start=\"6498\" data-end=\"6526\">Tropical 1L Round Pitcher<\/strong><\/a>, ideal f\u00fcr kalte Getr\u00e4nke. Und f\u00fcr mehr Flexibilit\u00e4t w\u00e4hlen Sie <strong data-start=\"6615\" data-end=\"6635\">die Variationen in Sets zu 2 oder 3<\/strong>, was dank des <strong data-start=\"6660\" data-end=\"6728\"><a class=\"decorated-link\" href=\"https:\/\/poterie-de-crestet.com\/de\/befoerderungen\/\" target=\"_new\" rel=\"noopener\" data-start=\"6662\" data-end=\"6726\">Sonderangebots pro Set<\/a><\/strong> von Vorteil ist.<br data-start=\"6729\" data-end=\"6732\">Tipp: Verwenden Sie dieses Gericht f\u00fcr Ihre Sommersalate mit Mango, Avocado oder Garnelen: Das tropische Dekor verst\u00e4rkt das Gef\u00fchl von Frische und Exotik.      <\/p>\n","protected":false},"excerpt":{"rendered":"<p>Gro\u00dfes tropisches Schalengericht mit hohem R\u00e4ndertum: Farbenfroh und praktisch f\u00fcr gro\u00dfz\u00fcgige Gerichte. Sp\u00fclmaschinen- und Mikrowellenfest. Auch in <strong data-start=\"7056\" data-end=\"7073\">einem Set von 2 oder 3<\/strong> erh\u00e4ltlich.  <br data-start=\"7074\" data-end=\"7077\"><em data-start=\"7077\" data-end=\"7106\"><strong data-start=\"7078\" data-end=\"7105\">Abmessungen: 29 \u00d7 10 cm<\/strong><\/em><\/p>\n","protected":false},"featured_media":13971,"comment_status":"open","ping_status":"closed","template":"","meta":[],"product_brand":[],"product_cat":[408],"product_tag":[227],"class_list":{"0":"post-21537","1":"product","2":"type-product","3":"status-publish","4":"has-post-thumbnail","6":"product_cat-grose-schussel-mit-hohem-rand","7":"product_tag-tropisch","9":"first","10":"instock","11":"taxable","12":"shipping-taxable","13":"purchasable","14":"product-type-simple"},"yoast_head":"<!-- This site is optimized with the Yoast SEO plugin v27.5 - https:\/\/yoast.com\/product\/yoast-seo-wordpress\/ -->\n<title>Gro\u00dfe Sch\u00fcssel mit hohem Rand Tropisch - Poterie de Crestet<\/title>\n<meta name=\"description\" content=\"Tropisches gro\u00dfes hochgerahmtes Gericht: Helle und praktische Keramik f\u00fcr Salate, herzhafte Gerichte und Desserts. Sp\u00fclmaschinen- und Mikrowellenfest.\" \/>\n<meta name=\"robots\" content=\"index, follow, max-snippet:-1, max-image-preview:large, max-video-preview:-1\" \/>\n<link rel=\"canonical\" href=\"https:\/\/poterie-de-crestet.com\/de\/keramik\/grosse-schuessel-mit-hohem-rand-tropisch\/\" \/>\n<meta property=\"og:locale\" content=\"de_DE\" \/>\n<meta property=\"og:type\" content=\"article\" \/>\n<meta property=\"og:title\" content=\"Gro\u00dfe Sch\u00fcssel mit hohem Rand Tropisch - Poterie de Crestet\" \/>\n<meta property=\"og:description\" content=\"Tropisches gro\u00dfes hochgerahmtes Gericht: Helle und praktische Keramik f\u00fcr Salate, herzhafte Gerichte und Desserts. Sp\u00fclmaschinen- und Mikrowellenfest.\" \/>\n<meta property=\"og:url\" content=\"https:\/\/poterie-de-crestet.com\/de\/keramik\/grosse-schuessel-mit-hohem-rand-tropisch\/\" \/>\n<meta property=\"og:site_name\" content=\"Poterie de Crestet\" \/>\n<meta property=\"og:image\" content=\"https:\/\/i0.wp.com\/poterie-de-crestet.com\/wp-content\/uploads\/2025\/08\/plat-rebord-haut-21.jpg?fit=800%2C532&ssl=1\" \/>\n\t<meta property=\"og:image:width\" content=\"800\" \/>\n\t<meta property=\"og:image:height\" content=\"532\" \/>\n\t<meta property=\"og:image:type\" content=\"image\/jpeg\" \/>\n<meta name=\"twitter:card\" content=\"summary_large_image\" \/>\n<meta name=\"twitter:label1\" content=\"Gesch\u00e4tzte Lesezeit\" \/>\n\t<meta name=\"twitter:data1\" content=\"1\u00a0Minute\" \/>\n<script type=\"application\/ld+json\" class=\"yoast-schema-graph\">{\"@context\":\"https:\\\/\\\/schema.org\",\"@graph\":[{\"@type\":\"WebPage\",\"@id\":\"https:\\\/\\\/poterie-de-crestet.com\\\/de\\\/keramik\\\/grosse-schuessel-mit-hohem-rand-tropisch\\\/\",\"url\":\"https:\\\/\\\/poterie-de-crestet.com\\\/de\\\/keramik\\\/grosse-schuessel-mit-hohem-rand-tropisch\\\/\",\"name\":\"Gro\u00dfe Sch\u00fcssel mit hohem Rand Tropisch - Poterie de Crestet\",\"isPartOf\":{\"@id\":\"https:\\\/\\\/poterie-de-crestet.com\\\/de\\\/#website\"},\"primaryImageOfPage\":{\"@id\":\"https:\\\/\\\/poterie-de-crestet.com\\\/de\\\/keramik\\\/grosse-schuessel-mit-hohem-rand-tropisch\\\/#primaryimage\"},\"image\":{\"@id\":\"https:\\\/\\\/poterie-de-crestet.com\\\/de\\\/keramik\\\/grosse-schuessel-mit-hohem-rand-tropisch\\\/#primaryimage\"},\"thumbnailUrl\":\"https:\\\/\\\/i0.wp.com\\\/poterie-de-crestet.com\\\/wp-content\\\/uploads\\\/2025\\\/08\\\/plat-rebord-haut-21.jpg?fit=800%2C532&ssl=1\",\"datePublished\":\"2025-08-22T12:54:39+00:00\",\"description\":\"Tropisches gro\u00dfes hochgerahmtes Gericht: Helle und praktische Keramik f\u00fcr Salate, herzhafte Gerichte und Desserts. Sp\u00fclmaschinen- und Mikrowellenfest.\",\"breadcrumb\":{\"@id\":\"https:\\\/\\\/poterie-de-crestet.com\\\/de\\\/keramik\\\/grosse-schuessel-mit-hohem-rand-tropisch\\\/#breadcrumb\"},\"inLanguage\":\"de\",\"potentialAction\":[{\"@type\":\"ReadAction\",\"target\":[\"https:\\\/\\\/poterie-de-crestet.com\\\/de\\\/keramik\\\/grosse-schuessel-mit-hohem-rand-tropisch\\\/\"]}]},{\"@type\":\"ImageObject\",\"inLanguage\":\"de\",\"@id\":\"https:\\\/\\\/poterie-de-crestet.com\\\/de\\\/keramik\\\/grosse-schuessel-mit-hohem-rand-tropisch\\\/#primaryimage\",\"url\":\"https:\\\/\\\/i0.wp.com\\\/poterie-de-crestet.com\\\/wp-content\\\/uploads\\\/2025\\\/08\\\/plat-rebord-haut-21.jpg?fit=800%2C532&ssl=1\",\"contentUrl\":\"https:\\\/\\\/i0.wp.com\\\/poterie-de-crestet.com\\\/wp-content\\\/uploads\\\/2025\\\/08\\\/plat-rebord-haut-21.jpg?fit=800%2C532&ssl=1\",\"width\":800,\"height\":532,\"caption\":\"Flachserien-Top-Kleinmodell \u2013 Tropisch\"},{\"@type\":\"BreadcrumbList\",\"@id\":\"https:\\\/\\\/poterie-de-crestet.com\\\/de\\\/keramik\\\/grosse-schuessel-mit-hohem-rand-tropisch\\\/#breadcrumb\",\"itemListElement\":[{\"@type\":\"ListItem\",\"position\":1,\"name\":\"Accueil\",\"item\":\"https:\\\/\\\/poterie-de-crestet.com\\\/de\\\/accueil\\\/\"},{\"@type\":\"ListItem\",\"position\":2,\"name\":\"Boutique\",\"item\":\"https:\\\/\\\/poterie-de-crestet.com\\\/ceramiques\\\/\"},{\"@type\":\"ListItem\",\"position\":3,\"name\":\"Gro\u00dfe Sch\u00fcssel mit hohem Rand Tropisch\"}]},{\"@type\":\"WebSite\",\"@id\":\"https:\\\/\\\/poterie-de-crestet.com\\\/de\\\/#website\",\"url\":\"https:\\\/\\\/poterie-de-crestet.com\\\/de\\\/\",\"name\":\"Poterie de Crestet\",\"description\":\"Des milliers de poteries inpir\u00e9es de la Provence\",\"publisher\":{\"@id\":\"https:\\\/\\\/poterie-de-crestet.com\\\/de\\\/#organization\"},\"potentialAction\":[{\"@type\":\"SearchAction\",\"target\":{\"@type\":\"EntryPoint\",\"urlTemplate\":\"https:\\\/\\\/poterie-de-crestet.com\\\/de\\\/?s={search_term_string}\"},\"query-input\":{\"@type\":\"PropertyValueSpecification\",\"valueRequired\":true,\"valueName\":\"search_term_string\"}}],\"inLanguage\":\"de\"},{\"@type\":\"Organization\",\"@id\":\"https:\\\/\\\/poterie-de-crestet.com\\\/de\\\/#organization\",\"name\":\"Poterie de Crestet\",\"url\":\"https:\\\/\\\/poterie-de-crestet.com\\\/de\\\/\",\"logo\":{\"@type\":\"ImageObject\",\"inLanguage\":\"de\",\"@id\":\"https:\\\/\\\/poterie-de-crestet.com\\\/de\\\/#\\\/schema\\\/logo\\\/image\\\/\",\"url\":\"https:\\\/\\\/i0.wp.com\\\/poterie-de-crestet.com\\\/wp-content\\\/uploads\\\/2025\\\/03\\\/Propo-4.png?fit=1000%2C462&ssl=1\",\"contentUrl\":\"https:\\\/\\\/i0.wp.com\\\/poterie-de-crestet.com\\\/wp-content\\\/uploads\\\/2025\\\/03\\\/Propo-4.png?fit=1000%2C462&ssl=1\",\"width\":1000,\"height\":462,\"caption\":\"Poterie de Crestet\"},\"image\":{\"@id\":\"https:\\\/\\\/poterie-de-crestet.com\\\/de\\\/#\\\/schema\\\/logo\\\/image\\\/\"}}]}<\/script>\n<!-- \/ Yoast SEO plugin. -->","yoast_head_json":{"title":"Gro\u00dfe Sch\u00fcssel mit hohem Rand Tropisch - Poterie de Crestet","description":"Tropisches gro\u00dfes hochgerahmtes Gericht: Helle und praktische Keramik f\u00fcr Salate, herzhafte Gerichte und Desserts. Sp\u00fclmaschinen- und Mikrowellenfest.","robots":{"index":"index","follow":"follow","max-snippet":"max-snippet:-1","max-image-preview":"max-image-preview:large","max-video-preview":"max-video-preview:-1"},"canonical":"https:\/\/poterie-de-crestet.com\/de\/keramik\/grosse-schuessel-mit-hohem-rand-tropisch\/","og_locale":"de_DE","og_type":"article","og_title":"Gro\u00dfe Sch\u00fcssel mit hohem Rand Tropisch - Poterie de Crestet","og_description":"Tropisches gro\u00dfes hochgerahmtes Gericht: Helle und praktische Keramik f\u00fcr Salate, herzhafte Gerichte und Desserts. Sp\u00fclmaschinen- und Mikrowellenfest.","og_url":"https:\/\/poterie-de-crestet.com\/de\/keramik\/grosse-schuessel-mit-hohem-rand-tropisch\/","og_site_name":"Poterie de Crestet","og_image":[{"width":800,"height":532,"url":"https:\/\/i0.wp.com\/poterie-de-crestet.com\/wp-content\/uploads\/2025\/08\/plat-rebord-haut-21.jpg?fit=800%2C532&ssl=1","type":"image\/jpeg"}],"twitter_card":"summary_large_image","twitter_misc":{"Gesch\u00e4tzte Lesezeit":"1\u00a0Minute"},"schema":{"@context":"https:\/\/schema.org","@graph":[{"@type":"WebPage","@id":"https:\/\/poterie-de-crestet.com\/de\/keramik\/grosse-schuessel-mit-hohem-rand-tropisch\/","url":"https:\/\/poterie-de-crestet.com\/de\/keramik\/grosse-schuessel-mit-hohem-rand-tropisch\/","name":"Gro\u00dfe Sch\u00fcssel mit hohem Rand Tropisch - Poterie de Crestet","isPartOf":{"@id":"https:\/\/poterie-de-crestet.com\/de\/#website"},"primaryImageOfPage":{"@id":"https:\/\/poterie-de-crestet.com\/de\/keramik\/grosse-schuessel-mit-hohem-rand-tropisch\/#primaryimage"},"image":{"@id":"https:\/\/poterie-de-crestet.com\/de\/keramik\/grosse-schuessel-mit-hohem-rand-tropisch\/#primaryimage"},"thumbnailUrl":"https:\/\/i0.wp.com\/poterie-de-crestet.com\/wp-content\/uploads\/2025\/08\/plat-rebord-haut-21.jpg?fit=800%2C532&ssl=1","datePublished":"2025-08-22T12:54:39+00:00","description":"Tropisches gro\u00dfes hochgerahmtes Gericht: Helle und praktische Keramik f\u00fcr Salate, herzhafte Gerichte und Desserts. Sp\u00fclmaschinen- und Mikrowellenfest.","breadcrumb":{"@id":"https:\/\/poterie-de-crestet.com\/de\/keramik\/grosse-schuessel-mit-hohem-rand-tropisch\/#breadcrumb"},"inLanguage":"de","potentialAction":[{"@type":"ReadAction","target":["https:\/\/poterie-de-crestet.com\/de\/keramik\/grosse-schuessel-mit-hohem-rand-tropisch\/"]}]},{"@type":"ImageObject","inLanguage":"de","@id":"https:\/\/poterie-de-crestet.com\/de\/keramik\/grosse-schuessel-mit-hohem-rand-tropisch\/#primaryimage","url":"https:\/\/i0.wp.com\/poterie-de-crestet.com\/wp-content\/uploads\/2025\/08\/plat-rebord-haut-21.jpg?fit=800%2C532&ssl=1","contentUrl":"https:\/\/i0.wp.com\/poterie-de-crestet.com\/wp-content\/uploads\/2025\/08\/plat-rebord-haut-21.jpg?fit=800%2C532&ssl=1","width":800,"height":532,"caption":"Flachserien-Top-Kleinmodell \u2013 Tropisch"},{"@type":"BreadcrumbList","@id":"https:\/\/poterie-de-crestet.com\/de\/keramik\/grosse-schuessel-mit-hohem-rand-tropisch\/#breadcrumb","itemListElement":[{"@type":"ListItem","position":1,"name":"Accueil","item":"https:\/\/poterie-de-crestet.com\/de\/accueil\/"},{"@type":"ListItem","position":2,"name":"Boutique","item":"https:\/\/poterie-de-crestet.com\/ceramiques\/"},{"@type":"ListItem","position":3,"name":"Gro\u00dfe Sch\u00fcssel mit hohem Rand Tropisch"}]},{"@type":"WebSite","@id":"https:\/\/poterie-de-crestet.com\/de\/#website","url":"https:\/\/poterie-de-crestet.com\/de\/","name":"Poterie de Crestet","description":"Des milliers de poteries inpir\u00e9es de la Provence","publisher":{"@id":"https:\/\/poterie-de-crestet.com\/de\/#organization"},"potentialAction":[{"@type":"SearchAction","target":{"@type":"EntryPoint","urlTemplate":"https:\/\/poterie-de-crestet.com\/de\/?s={search_term_string}"},"query-input":{"@type":"PropertyValueSpecification","valueRequired":true,"valueName":"search_term_string"}}],"inLanguage":"de"},{"@type":"Organization","@id":"https:\/\/poterie-de-crestet.com\/de\/#organization","name":"Poterie de Crestet","url":"https:\/\/poterie-de-crestet.com\/de\/","logo":{"@type":"ImageObject","inLanguage":"de","@id":"https:\/\/poterie-de-crestet.com\/de\/#\/schema\/logo\/image\/","url":"https:\/\/i0.wp.com\/poterie-de-crestet.com\/wp-content\/uploads\/2025\/03\/Propo-4.png?fit=1000%2C462&ssl=1","contentUrl":"https:\/\/i0.wp.com\/poterie-de-crestet.com\/wp-content\/uploads\/2025\/03\/Propo-4.png?fit=1000%2C462&ssl=1","width":1000,"height":462,"caption":"Poterie de Crestet"},"image":{"@id":"https:\/\/poterie-de-crestet.com\/de\/#\/schema\/logo\/image\/"}}]}},"jetpack_sharing_enabled":true,"_links":{"self":[{"href":"https:\/\/poterie-de-crestet.com\/de\/wp-json\/wp\/v2\/product\/21537","targetHints":{"allow":["GET"]}}],"collection":[{"href":"https:\/\/poterie-de-crestet.com\/de\/wp-json\/wp\/v2\/product"}],"about":[{"href":"https:\/\/poterie-de-crestet.com\/de\/wp-json\/wp\/v2\/types\/product"}],"replies":[{"embeddable":true,"href":"https:\/\/poterie-de-crestet.com\/de\/wp-json\/wp\/v2\/comments?post=21537"}],"version-history":[{"count":0,"href":"https:\/\/poterie-de-crestet.com\/de\/wp-json\/wp\/v2\/product\/21537\/revisions"}],"wp:featuredmedia":[{"embeddable":true,"href":"https:\/\/poterie-de-crestet.com\/de\/wp-json\/wp\/v2\/media\/13971"}],"wp:attachment":[{"href":"https:\/\/poterie-de-crestet.com\/de\/wp-json\/wp\/v2\/media?parent=21537"}],"wp:term":[{"taxonomy":"product_brand","embeddable":true,"href":"https:\/\/poterie-de-crestet.com\/de\/wp-json\/wp\/v2\/product_brand?post=21537"},{"taxonomy":"product_cat","embeddable":true,"href":"https:\/\/poterie-de-crestet.com\/de\/wp-json\/wp\/v2\/product_cat?post=21537"},{"taxonomy":"product_tag","embeddable":true,"href":"https:\/\/poterie-de-crestet.com\/de\/wp-json\/wp\/v2\/product_tag?post=21537"}],"curies":[{"name":"wp","href":"https:\/\/api.w.org\/{rel}","templated":true}]}}