{"id":21528,"date":"2025-08-22T14:54:43","date_gmt":"2025-08-22T12:54:43","guid":{"rendered":"https:\/\/poterie-de-crestet.com\/ceramiques\/grosse-schuessel-mit-hohem-rand-leichter-boden\/"},"modified":"2025-08-22T14:54:43","modified_gmt":"2025-08-22T12:54:43","slug":"grosse-schuessel-mit-hohem-rand-leichter-boden","status":"publish","type":"product","link":"https:\/\/poterie-de-crestet.com\/de\/keramik\/grosse-schuessel-mit-hohem-rand-leichter-boden\/","title":{"rendered":"Gro\u00dfe Sch\u00fcssel mit hohem Rand  <h5>Leichter Boden<\/h5>"},"content":{"rendered":"<p>Die <strong data-start=\"334\" data-end=\"347\">helle Bodendekoration<\/strong> verleiht Ihren Mahlzeiten eine helle und beruhigende Note. Dieses gro\u00dfe Gericht mit hohem Rand (\u00d8 29 cm, H 10 cm) ist f\u00fcr gro\u00dfe Tische und gro\u00dfz\u00fcgige Zubereitungen konzipiert: Vollkornsalate, duftendes Gem\u00fcse, Pastagerichte oder Familiendesserts. Seine 10 cm hohen R\u00e4nder halten So\u00dfen und Gew\u00fcrze sicher an ihrem Platz und machen das Mixen und Servieren bequem. Es ist sowohl ein robustes <g id=\"gid_1\">Serviergericht<\/g> als auch ein elegantes <g id=\"gid_2\">Pr\u00e4sentationsgericht<\/g> .<br data-start=\"808\" data-end=\"811\">Im Alltag vereinfacht es das Leben: <g id=\"gid_3\">Sp\u00fclmaschinen- und Mikrowellenfest,<\/g> es geht vom K\u00fchlschrank zum Service und dann zur Waschmaschine. <g id=\"gid_4\">Keramik<\/g> sorgt f\u00fcr Festigkeit, Stabilit\u00e4t und die Erhaltung der Frische. Die <strong data-start=\"1035\" data-end=\"1048\">helle Bodendekoration<\/strong> passt perfekt zu neutralen Tischdecken, n\u00fcchternen Tellern und nat\u00fcrlichen Accessoires und schafft eine sanfte und freundliche Atmosph\u00e4re.<br data-start=\"1189\" data-end=\"1192\">Um den Tisch zusammenzubinden, \u00fcberlegen Sie den <a href=\"https:\/\/poterie-de-crestet.com\/de\/keramik\/runder-pitcher-leichter-boden\/\"><strong data-start=\"1228\" data-end=\"1257\">1 L Round Pitcher Clear Floor<\/strong><\/a>, ideal f\u00fcr Wasser, Saft oder Wein als Begleitung Ihrer Mahlzeiten. Und f\u00fcr mehr Flexibilit\u00e4t erlauben die <strong data-start=\"1356\" data-end=\"1376\">Versionen in Packs zu je 2 oder 3 St\u00fccken<\/strong> , die Services zu variieren und gleichzeitig das <strong data-start=\"1434\" data-end=\"1502\"><a class=\"decorated-link\" href=\"https:\/\/poterie-de-crestet.com\/de\/befoerderungen\/\" target=\"_new\" rel=\"noopener\" data-start=\"1436\" data-end=\"1500\">Sonderangebot in Chargen<\/a><\/strong> zu nutzen.<br data-start=\"1503\" data-end=\"1506\">Tipp: Verwenden Sie dieses Gericht als dekorative Obstschale zwischen den Mahlzeiten: Seine Gr\u00f6\u00dfe und Dekoration bringen ebenso viel Praktikabilit\u00e4t wie Eleganz in den Alltag.      <\/p>\n","protected":false},"excerpt":{"rendered":"<p>Gro\u00dfe Schale mit einem hohen Randboden: hell und praktisch f\u00fcr Ihre Mahlzeiten. Sp\u00fclmaschinen- und Mikrowellenfest. Auch in <strong data-start=\"1826\" data-end=\"1843\">einem Set von 2 oder 3<\/strong> erh\u00e4ltlich.  <br data-start=\"1844\" data-end=\"1847\"><em data-start=\"1847\" data-end=\"1876\"><strong data-start=\"1848\" data-end=\"1875\">Abmessungen: 29 \u00d7 10 cm<\/strong><\/em><\/p>\n","protected":false},"featured_media":14001,"comment_status":"open","ping_status":"closed","template":"","meta":[],"product_brand":[],"product_cat":[408],"product_tag":[234],"class_list":{"0":"post-21528","1":"product","2":"type-product","3":"status-publish","4":"has-post-thumbnail","6":"product_cat-grose-schussel-mit-hohem-rand","7":"product_tag-leichter-boden","9":"first","10":"instock","11":"taxable","12":"shipping-taxable","13":"purchasable","14":"product-type-simple"},"yoast_head":"<!-- This site is optimized with the Yoast SEO plugin v27.5 - https:\/\/yoast.com\/product\/yoast-seo-wordpress\/ -->\n<title>Gro\u00dfe Sch\u00fcssel mit hohem Rand Leichter Boden - Poterie de Crestet<\/title>\n<meta name=\"description\" content=\"Gro\u00dfes Gericht mit hohem Randboden: helle und praktische Keramik f\u00fcr Salate, Familiengerichte und Desserts. Sp\u00fclmaschinen- und Mikrowellenfest.\" \/>\n<meta name=\"robots\" content=\"index, follow, max-snippet:-1, max-image-preview:large, max-video-preview:-1\" \/>\n<link rel=\"canonical\" href=\"https:\/\/poterie-de-crestet.com\/de\/keramik\/grosse-schuessel-mit-hohem-rand-leichter-boden\/\" \/>\n<meta property=\"og:locale\" content=\"de_DE\" \/>\n<meta property=\"og:type\" content=\"article\" \/>\n<meta property=\"og:title\" content=\"Gro\u00dfe Sch\u00fcssel mit hohem Rand Leichter Boden - Poterie de Crestet\" \/>\n<meta property=\"og:description\" content=\"Gro\u00dfes Gericht mit hohem Randboden: helle und praktische Keramik f\u00fcr Salate, Familiengerichte und Desserts. Sp\u00fclmaschinen- und Mikrowellenfest.\" \/>\n<meta property=\"og:url\" content=\"https:\/\/poterie-de-crestet.com\/de\/keramik\/grosse-schuessel-mit-hohem-rand-leichter-boden\/\" \/>\n<meta property=\"og:site_name\" content=\"Poterie de Crestet\" \/>\n<meta property=\"og:image\" content=\"https:\/\/i0.wp.com\/poterie-de-crestet.com\/wp-content\/uploads\/2025\/08\/plat-rebord-haut-31.jpg?fit=800%2C532&ssl=1\" \/>\n\t<meta property=\"og:image:width\" content=\"800\" \/>\n\t<meta property=\"og:image:height\" content=\"532\" \/>\n\t<meta property=\"og:image:type\" content=\"image\/jpeg\" \/>\n<meta name=\"twitter:card\" content=\"summary_large_image\" \/>\n<meta name=\"twitter:label1\" content=\"Gesch\u00e4tzte Lesezeit\" \/>\n\t<meta name=\"twitter:data1\" content=\"1\u00a0Minute\" \/>\n<script type=\"application\/ld+json\" class=\"yoast-schema-graph\">{\"@context\":\"https:\\\/\\\/schema.org\",\"@graph\":[{\"@type\":\"WebPage\",\"@id\":\"https:\\\/\\\/poterie-de-crestet.com\\\/de\\\/keramik\\\/grosse-schuessel-mit-hohem-rand-leichter-boden\\\/\",\"url\":\"https:\\\/\\\/poterie-de-crestet.com\\\/de\\\/keramik\\\/grosse-schuessel-mit-hohem-rand-leichter-boden\\\/\",\"name\":\"Gro\u00dfe Sch\u00fcssel mit hohem Rand Leichter Boden - Poterie de Crestet\",\"isPartOf\":{\"@id\":\"https:\\\/\\\/poterie-de-crestet.com\\\/de\\\/#website\"},\"primaryImageOfPage\":{\"@id\":\"https:\\\/\\\/poterie-de-crestet.com\\\/de\\\/keramik\\\/grosse-schuessel-mit-hohem-rand-leichter-boden\\\/#primaryimage\"},\"image\":{\"@id\":\"https:\\\/\\\/poterie-de-crestet.com\\\/de\\\/keramik\\\/grosse-schuessel-mit-hohem-rand-leichter-boden\\\/#primaryimage\"},\"thumbnailUrl\":\"https:\\\/\\\/i0.wp.com\\\/poterie-de-crestet.com\\\/wp-content\\\/uploads\\\/2025\\\/08\\\/plat-rebord-haut-31.jpg?fit=800%2C532&ssl=1\",\"datePublished\":\"2025-08-22T12:54:43+00:00\",\"description\":\"Gro\u00dfes Gericht mit hohem Randboden: helle und praktische Keramik f\u00fcr Salate, Familiengerichte und Desserts. Sp\u00fclmaschinen- und Mikrowellenfest.\",\"breadcrumb\":{\"@id\":\"https:\\\/\\\/poterie-de-crestet.com\\\/de\\\/keramik\\\/grosse-schuessel-mit-hohem-rand-leichter-boden\\\/#breadcrumb\"},\"inLanguage\":\"de\",\"potentialAction\":[{\"@type\":\"ReadAction\",\"target\":[\"https:\\\/\\\/poterie-de-crestet.com\\\/de\\\/keramik\\\/grosse-schuessel-mit-hohem-rand-leichter-boden\\\/\"]}]},{\"@type\":\"ImageObject\",\"inLanguage\":\"de\",\"@id\":\"https:\\\/\\\/poterie-de-crestet.com\\\/de\\\/keramik\\\/grosse-schuessel-mit-hohem-rand-leichter-boden\\\/#primaryimage\",\"url\":\"https:\\\/\\\/i0.wp.com\\\/poterie-de-crestet.com\\\/wp-content\\\/uploads\\\/2025\\\/08\\\/plat-rebord-haut-31.jpg?fit=800%2C532&ssl=1\",\"contentUrl\":\"https:\\\/\\\/i0.wp.com\\\/poterie-de-crestet.com\\\/wp-content\\\/uploads\\\/2025\\\/08\\\/plat-rebord-haut-31.jpg?fit=800%2C532&ssl=1\",\"width\":800,\"height\":532,\"caption\":\"Flachserienmodell mit hohem Kleinbau \u2013 Leichter Boden\"},{\"@type\":\"BreadcrumbList\",\"@id\":\"https:\\\/\\\/poterie-de-crestet.com\\\/de\\\/keramik\\\/grosse-schuessel-mit-hohem-rand-leichter-boden\\\/#breadcrumb\",\"itemListElement\":[{\"@type\":\"ListItem\",\"position\":1,\"name\":\"Accueil\",\"item\":\"https:\\\/\\\/poterie-de-crestet.com\\\/de\\\/accueil\\\/\"},{\"@type\":\"ListItem\",\"position\":2,\"name\":\"Boutique\",\"item\":\"https:\\\/\\\/poterie-de-crestet.com\\\/ceramiques\\\/\"},{\"@type\":\"ListItem\",\"position\":3,\"name\":\"Gro\u00dfe Sch\u00fcssel mit hohem Rand Leichter Boden\"}]},{\"@type\":\"WebSite\",\"@id\":\"https:\\\/\\\/poterie-de-crestet.com\\\/de\\\/#website\",\"url\":\"https:\\\/\\\/poterie-de-crestet.com\\\/de\\\/\",\"name\":\"Poterie de Crestet\",\"description\":\"Des milliers de poteries inpir\u00e9es de la Provence\",\"publisher\":{\"@id\":\"https:\\\/\\\/poterie-de-crestet.com\\\/de\\\/#organization\"},\"potentialAction\":[{\"@type\":\"SearchAction\",\"target\":{\"@type\":\"EntryPoint\",\"urlTemplate\":\"https:\\\/\\\/poterie-de-crestet.com\\\/de\\\/?s={search_term_string}\"},\"query-input\":{\"@type\":\"PropertyValueSpecification\",\"valueRequired\":true,\"valueName\":\"search_term_string\"}}],\"inLanguage\":\"de\"},{\"@type\":\"Organization\",\"@id\":\"https:\\\/\\\/poterie-de-crestet.com\\\/de\\\/#organization\",\"name\":\"Poterie de Crestet\",\"url\":\"https:\\\/\\\/poterie-de-crestet.com\\\/de\\\/\",\"logo\":{\"@type\":\"ImageObject\",\"inLanguage\":\"de\",\"@id\":\"https:\\\/\\\/poterie-de-crestet.com\\\/de\\\/#\\\/schema\\\/logo\\\/image\\\/\",\"url\":\"https:\\\/\\\/i0.wp.com\\\/poterie-de-crestet.com\\\/wp-content\\\/uploads\\\/2025\\\/03\\\/Propo-4.png?fit=1000%2C462&ssl=1\",\"contentUrl\":\"https:\\\/\\\/i0.wp.com\\\/poterie-de-crestet.com\\\/wp-content\\\/uploads\\\/2025\\\/03\\\/Propo-4.png?fit=1000%2C462&ssl=1\",\"width\":1000,\"height\":462,\"caption\":\"Poterie de Crestet\"},\"image\":{\"@id\":\"https:\\\/\\\/poterie-de-crestet.com\\\/de\\\/#\\\/schema\\\/logo\\\/image\\\/\"}}]}<\/script>\n<!-- \/ Yoast SEO plugin. -->","yoast_head_json":{"title":"Gro\u00dfe Sch\u00fcssel mit hohem Rand Leichter Boden - Poterie de Crestet","description":"Gro\u00dfes Gericht mit hohem Randboden: helle und praktische Keramik f\u00fcr Salate, Familiengerichte und Desserts. Sp\u00fclmaschinen- und Mikrowellenfest.","robots":{"index":"index","follow":"follow","max-snippet":"max-snippet:-1","max-image-preview":"max-image-preview:large","max-video-preview":"max-video-preview:-1"},"canonical":"https:\/\/poterie-de-crestet.com\/de\/keramik\/grosse-schuessel-mit-hohem-rand-leichter-boden\/","og_locale":"de_DE","og_type":"article","og_title":"Gro\u00dfe Sch\u00fcssel mit hohem Rand Leichter Boden - Poterie de Crestet","og_description":"Gro\u00dfes Gericht mit hohem Randboden: helle und praktische Keramik f\u00fcr Salate, Familiengerichte und Desserts. Sp\u00fclmaschinen- und Mikrowellenfest.","og_url":"https:\/\/poterie-de-crestet.com\/de\/keramik\/grosse-schuessel-mit-hohem-rand-leichter-boden\/","og_site_name":"Poterie de Crestet","og_image":[{"width":800,"height":532,"url":"https:\/\/i0.wp.com\/poterie-de-crestet.com\/wp-content\/uploads\/2025\/08\/plat-rebord-haut-31.jpg?fit=800%2C532&ssl=1","type":"image\/jpeg"}],"twitter_card":"summary_large_image","twitter_misc":{"Gesch\u00e4tzte Lesezeit":"1\u00a0Minute"},"schema":{"@context":"https:\/\/schema.org","@graph":[{"@type":"WebPage","@id":"https:\/\/poterie-de-crestet.com\/de\/keramik\/grosse-schuessel-mit-hohem-rand-leichter-boden\/","url":"https:\/\/poterie-de-crestet.com\/de\/keramik\/grosse-schuessel-mit-hohem-rand-leichter-boden\/","name":"Gro\u00dfe Sch\u00fcssel mit hohem Rand Leichter Boden - Poterie de Crestet","isPartOf":{"@id":"https:\/\/poterie-de-crestet.com\/de\/#website"},"primaryImageOfPage":{"@id":"https:\/\/poterie-de-crestet.com\/de\/keramik\/grosse-schuessel-mit-hohem-rand-leichter-boden\/#primaryimage"},"image":{"@id":"https:\/\/poterie-de-crestet.com\/de\/keramik\/grosse-schuessel-mit-hohem-rand-leichter-boden\/#primaryimage"},"thumbnailUrl":"https:\/\/i0.wp.com\/poterie-de-crestet.com\/wp-content\/uploads\/2025\/08\/plat-rebord-haut-31.jpg?fit=800%2C532&ssl=1","datePublished":"2025-08-22T12:54:43+00:00","description":"Gro\u00dfes Gericht mit hohem Randboden: helle und praktische Keramik f\u00fcr Salate, Familiengerichte und Desserts. Sp\u00fclmaschinen- und Mikrowellenfest.","breadcrumb":{"@id":"https:\/\/poterie-de-crestet.com\/de\/keramik\/grosse-schuessel-mit-hohem-rand-leichter-boden\/#breadcrumb"},"inLanguage":"de","potentialAction":[{"@type":"ReadAction","target":["https:\/\/poterie-de-crestet.com\/de\/keramik\/grosse-schuessel-mit-hohem-rand-leichter-boden\/"]}]},{"@type":"ImageObject","inLanguage":"de","@id":"https:\/\/poterie-de-crestet.com\/de\/keramik\/grosse-schuessel-mit-hohem-rand-leichter-boden\/#primaryimage","url":"https:\/\/i0.wp.com\/poterie-de-crestet.com\/wp-content\/uploads\/2025\/08\/plat-rebord-haut-31.jpg?fit=800%2C532&ssl=1","contentUrl":"https:\/\/i0.wp.com\/poterie-de-crestet.com\/wp-content\/uploads\/2025\/08\/plat-rebord-haut-31.jpg?fit=800%2C532&ssl=1","width":800,"height":532,"caption":"Flachserienmodell mit hohem Kleinbau \u2013 Leichter Boden"},{"@type":"BreadcrumbList","@id":"https:\/\/poterie-de-crestet.com\/de\/keramik\/grosse-schuessel-mit-hohem-rand-leichter-boden\/#breadcrumb","itemListElement":[{"@type":"ListItem","position":1,"name":"Accueil","item":"https:\/\/poterie-de-crestet.com\/de\/accueil\/"},{"@type":"ListItem","position":2,"name":"Boutique","item":"https:\/\/poterie-de-crestet.com\/ceramiques\/"},{"@type":"ListItem","position":3,"name":"Gro\u00dfe Sch\u00fcssel mit hohem Rand Leichter Boden"}]},{"@type":"WebSite","@id":"https:\/\/poterie-de-crestet.com\/de\/#website","url":"https:\/\/poterie-de-crestet.com\/de\/","name":"Poterie de Crestet","description":"Des milliers de poteries inpir\u00e9es de la Provence","publisher":{"@id":"https:\/\/poterie-de-crestet.com\/de\/#organization"},"potentialAction":[{"@type":"SearchAction","target":{"@type":"EntryPoint","urlTemplate":"https:\/\/poterie-de-crestet.com\/de\/?s={search_term_string}"},"query-input":{"@type":"PropertyValueSpecification","valueRequired":true,"valueName":"search_term_string"}}],"inLanguage":"de"},{"@type":"Organization","@id":"https:\/\/poterie-de-crestet.com\/de\/#organization","name":"Poterie de Crestet","url":"https:\/\/poterie-de-crestet.com\/de\/","logo":{"@type":"ImageObject","inLanguage":"de","@id":"https:\/\/poterie-de-crestet.com\/de\/#\/schema\/logo\/image\/","url":"https:\/\/i0.wp.com\/poterie-de-crestet.com\/wp-content\/uploads\/2025\/03\/Propo-4.png?fit=1000%2C462&ssl=1","contentUrl":"https:\/\/i0.wp.com\/poterie-de-crestet.com\/wp-content\/uploads\/2025\/03\/Propo-4.png?fit=1000%2C462&ssl=1","width":1000,"height":462,"caption":"Poterie de Crestet"},"image":{"@id":"https:\/\/poterie-de-crestet.com\/de\/#\/schema\/logo\/image\/"}}]}},"jetpack_sharing_enabled":true,"_links":{"self":[{"href":"https:\/\/poterie-de-crestet.com\/de\/wp-json\/wp\/v2\/product\/21528","targetHints":{"allow":["GET"]}}],"collection":[{"href":"https:\/\/poterie-de-crestet.com\/de\/wp-json\/wp\/v2\/product"}],"about":[{"href":"https:\/\/poterie-de-crestet.com\/de\/wp-json\/wp\/v2\/types\/product"}],"replies":[{"embeddable":true,"href":"https:\/\/poterie-de-crestet.com\/de\/wp-json\/wp\/v2\/comments?post=21528"}],"version-history":[{"count":0,"href":"https:\/\/poterie-de-crestet.com\/de\/wp-json\/wp\/v2\/product\/21528\/revisions"}],"wp:featuredmedia":[{"embeddable":true,"href":"https:\/\/poterie-de-crestet.com\/de\/wp-json\/wp\/v2\/media\/14001"}],"wp:attachment":[{"href":"https:\/\/poterie-de-crestet.com\/de\/wp-json\/wp\/v2\/media?parent=21528"}],"wp:term":[{"taxonomy":"product_brand","embeddable":true,"href":"https:\/\/poterie-de-crestet.com\/de\/wp-json\/wp\/v2\/product_brand?post=21528"},{"taxonomy":"product_cat","embeddable":true,"href":"https:\/\/poterie-de-crestet.com\/de\/wp-json\/wp\/v2\/product_cat?post=21528"},{"taxonomy":"product_tag","embeddable":true,"href":"https:\/\/poterie-de-crestet.com\/de\/wp-json\/wp\/v2\/product_tag?post=21528"}],"curies":[{"name":"wp","href":"https:\/\/api.w.org\/{rel}","templated":true}]}}