{"id":21456,"date":"2025-04-15T15:32:42","date_gmt":"2025-04-15T13:32:42","guid":{"rendered":"https:\/\/poterie-de-crestet.com\/ceramiques\/riesige-salatschuessel-blue-drops\/"},"modified":"2025-04-15T15:32:42","modified_gmt":"2025-04-15T13:32:42","slug":"riesige-salatschuessel-blue-drops","status":"publish","type":"product","link":"https:\/\/poterie-de-crestet.com\/de\/keramik\/riesige-salatschuessel-blue-drops\/","title":{"rendered":"Riesige Salatsch\u00fcssel  <h5>Blue Drops<\/h5>"},"content":{"rendered":"<p data-start=\"348\" data-end=\"663\">Diese riesige Salatsch\u00fcssel mit einer Blue Drops-Dekoration vereint grafische Leichtigkeit und ein praktisches Format f\u00fcr gro\u00dfe Tische. Ideal f\u00fcr herzhafte Salate, einen Obstberg oder ein Familiendessert, findet es auch seinen Platz als Mittelpunkt mit Brot, rohem Gem\u00fcse oder sogar als Gem\u00fcsedekoration. <\/p>\n<p data-start=\"665\" data-end=\"906\">Das Design ist handbemalt, mit sorgf\u00e4ltig verteilten Tropfen, aber nie perfekt identisch \u2013 genau das macht es handgefertigt. Er ist sp\u00fclmaschinen- und mikrowellenfest und erf\u00fcllt alle Lebensmittelvorschriften. <\/p>\n<p data-start=\"908\" data-end=\"1217\">Kombinieren Sie ihn mit dem <a href=\"https:\/\/poterie-de-crestet.com\/de\/keramik\/abtropfen-blue-drops\/\">Blue Drops Drainer<\/a> f\u00fcr eine weiche, abgestimmte Note oder <a class=\"cursor-pointer\" href=\"https:\/\/poterie-de-crestet.com\/de\/keramik\/salt-hand-zitrone\/\" target=\"_new\" rel=\"noopener\" data-start=\"1066\" data-end=\"1144\">mit der Lemon Salt Hand<\/a> f\u00fcr einen hellen, kontrastreichen Akzent.<\/p>\n","protected":false},"excerpt":{"rendered":"<p>Riesige Salatsch\u00fcssel mit Blue Drops Dekoration, perfekt f\u00fcr gro\u00dfz\u00fcgige Rezepte. Handbemalt, zwischen Frische und Eleganz. <br data-start=\"309\" data-end=\"312\"><strong data-start=\"312\" data-end=\"346\"><em data-start=\"314\" data-end=\"344\">Ma\u00dfe: 32 \u00d7 32 \u00d7 13 cm<\/em><\/strong><\/p>\n","protected":false},"featured_media":10335,"comment_status":"open","ping_status":"closed","template":"","meta":[],"product_brand":[],"product_cat":[378],"product_tag":[323],"class_list":{"0":"post-21456","1":"product","2":"type-product","3":"status-publish","4":"has-post-thumbnail","6":"product_cat-riesige-salatschalen","7":"product_tag-blue-drops","9":"first","10":"instock","11":"taxable","12":"shipping-taxable","13":"purchasable","14":"product-type-simple"},"yoast_head":"<!-- This site is optimized with the Yoast SEO plugin v27.5 - https:\/\/yoast.com\/product\/yoast-seo-wordpress\/ -->\n<title>Riesige Salatsch\u00fcssel Blue Drops - Poterie de Crestet<\/title>\n<meta name=\"description\" content=\"Riesige Salatsch\u00fcssel Blue Drops in Keramik. Frisches, handgemalt Muster, f\u00fcr herzhafte Salate oder gro\u00dfe selbstgemachte Kompositionen.\" \/>\n<meta name=\"robots\" content=\"index, follow, max-snippet:-1, max-image-preview:large, max-video-preview:-1\" \/>\n<link rel=\"canonical\" href=\"https:\/\/poterie-de-crestet.com\/de\/keramik\/riesige-salatschuessel-blue-drops\/\" \/>\n<meta property=\"og:locale\" content=\"de_DE\" \/>\n<meta property=\"og:type\" content=\"article\" \/>\n<meta property=\"og:title\" content=\"Riesige Salatsch\u00fcssel Blue Drops - Poterie de Crestet\" \/>\n<meta property=\"og:description\" content=\"Riesige Salatsch\u00fcssel Blue Drops in Keramik. Frisches, handgemalt Muster, f\u00fcr herzhafte Salate oder gro\u00dfe selbstgemachte Kompositionen.\" \/>\n<meta property=\"og:url\" content=\"https:\/\/poterie-de-crestet.com\/de\/keramik\/riesige-salatschuessel-blue-drops\/\" \/>\n<meta property=\"og:site_name\" content=\"Poterie de Crestet\" \/>\n<meta property=\"og:image\" content=\"https:\/\/i0.wp.com\/poterie-de-crestet.com\/wp-content\/uploads\/2025\/06\/Poterie-du-Crestet1509.jpg?fit=800%2C532&ssl=1\" \/>\n\t<meta property=\"og:image:width\" content=\"800\" \/>\n\t<meta property=\"og:image:height\" content=\"532\" \/>\n\t<meta property=\"og:image:type\" content=\"image\/jpeg\" \/>\n<meta name=\"twitter:card\" content=\"summary_large_image\" \/>\n<meta name=\"twitter:label1\" content=\"Gesch\u00e4tzte Lesezeit\" \/>\n\t<meta name=\"twitter:data1\" content=\"1\u00a0Minute\" \/>\n<script type=\"application\/ld+json\" class=\"yoast-schema-graph\">{\"@context\":\"https:\\\/\\\/schema.org\",\"@graph\":[{\"@type\":\"WebPage\",\"@id\":\"https:\\\/\\\/poterie-de-crestet.com\\\/de\\\/keramik\\\/riesige-salatschuessel-blue-drops\\\/\",\"url\":\"https:\\\/\\\/poterie-de-crestet.com\\\/de\\\/keramik\\\/riesige-salatschuessel-blue-drops\\\/\",\"name\":\"Riesige Salatsch\u00fcssel Blue Drops - Poterie de Crestet\",\"isPartOf\":{\"@id\":\"https:\\\/\\\/poterie-de-crestet.com\\\/de\\\/#website\"},\"primaryImageOfPage\":{\"@id\":\"https:\\\/\\\/poterie-de-crestet.com\\\/de\\\/keramik\\\/riesige-salatschuessel-blue-drops\\\/#primaryimage\"},\"image\":{\"@id\":\"https:\\\/\\\/poterie-de-crestet.com\\\/de\\\/keramik\\\/riesige-salatschuessel-blue-drops\\\/#primaryimage\"},\"thumbnailUrl\":\"https:\\\/\\\/i0.wp.com\\\/poterie-de-crestet.com\\\/wp-content\\\/uploads\\\/2025\\\/06\\\/Poterie-du-Crestet1509.jpg?fit=800%2C532&ssl=1\",\"datePublished\":\"2025-04-15T13:32:42+00:00\",\"description\":\"Riesige Salatsch\u00fcssel Blue Drops in Keramik. Frisches, handgemalt Muster, f\u00fcr herzhafte Salate oder gro\u00dfe selbstgemachte Kompositionen.\",\"breadcrumb\":{\"@id\":\"https:\\\/\\\/poterie-de-crestet.com\\\/de\\\/keramik\\\/riesige-salatschuessel-blue-drops\\\/#breadcrumb\"},\"inLanguage\":\"de\",\"potentialAction\":[{\"@type\":\"ReadAction\",\"target\":[\"https:\\\/\\\/poterie-de-crestet.com\\\/de\\\/keramik\\\/riesige-salatschuessel-blue-drops\\\/\"]}]},{\"@type\":\"ImageObject\",\"inLanguage\":\"de\",\"@id\":\"https:\\\/\\\/poterie-de-crestet.com\\\/de\\\/keramik\\\/riesige-salatschuessel-blue-drops\\\/#primaryimage\",\"url\":\"https:\\\/\\\/i0.wp.com\\\/poterie-de-crestet.com\\\/wp-content\\\/uploads\\\/2025\\\/06\\\/Poterie-du-Crestet1509.jpg?fit=800%2C532&ssl=1\",\"contentUrl\":\"https:\\\/\\\/i0.wp.com\\\/poterie-de-crestet.com\\\/wp-content\\\/uploads\\\/2025\\\/06\\\/Poterie-du-Crestet1509.jpg?fit=800%2C532&ssl=1\",\"width\":800,\"height\":532,\"caption\":\"Riesige Salatsch\u00fcssel Blaue Tropfen\"},{\"@type\":\"BreadcrumbList\",\"@id\":\"https:\\\/\\\/poterie-de-crestet.com\\\/de\\\/keramik\\\/riesige-salatschuessel-blue-drops\\\/#breadcrumb\",\"itemListElement\":[{\"@type\":\"ListItem\",\"position\":1,\"name\":\"Accueil\",\"item\":\"https:\\\/\\\/poterie-de-crestet.com\\\/de\\\/accueil\\\/\"},{\"@type\":\"ListItem\",\"position\":2,\"name\":\"Boutique\",\"item\":\"https:\\\/\\\/poterie-de-crestet.com\\\/ceramiques\\\/\"},{\"@type\":\"ListItem\",\"position\":3,\"name\":\"Riesige Salatsch\u00fcssel Blue Drops\"}]},{\"@type\":\"WebSite\",\"@id\":\"https:\\\/\\\/poterie-de-crestet.com\\\/de\\\/#website\",\"url\":\"https:\\\/\\\/poterie-de-crestet.com\\\/de\\\/\",\"name\":\"Poterie de Crestet\",\"description\":\"Des milliers de poteries inpir\u00e9es de la Provence\",\"publisher\":{\"@id\":\"https:\\\/\\\/poterie-de-crestet.com\\\/de\\\/#organization\"},\"potentialAction\":[{\"@type\":\"SearchAction\",\"target\":{\"@type\":\"EntryPoint\",\"urlTemplate\":\"https:\\\/\\\/poterie-de-crestet.com\\\/de\\\/?s={search_term_string}\"},\"query-input\":{\"@type\":\"PropertyValueSpecification\",\"valueRequired\":true,\"valueName\":\"search_term_string\"}}],\"inLanguage\":\"de\"},{\"@type\":\"Organization\",\"@id\":\"https:\\\/\\\/poterie-de-crestet.com\\\/de\\\/#organization\",\"name\":\"Poterie de Crestet\",\"url\":\"https:\\\/\\\/poterie-de-crestet.com\\\/de\\\/\",\"logo\":{\"@type\":\"ImageObject\",\"inLanguage\":\"de\",\"@id\":\"https:\\\/\\\/poterie-de-crestet.com\\\/de\\\/#\\\/schema\\\/logo\\\/image\\\/\",\"url\":\"https:\\\/\\\/i0.wp.com\\\/poterie-de-crestet.com\\\/wp-content\\\/uploads\\\/2025\\\/03\\\/Propo-4.png?fit=1000%2C462&ssl=1\",\"contentUrl\":\"https:\\\/\\\/i0.wp.com\\\/poterie-de-crestet.com\\\/wp-content\\\/uploads\\\/2025\\\/03\\\/Propo-4.png?fit=1000%2C462&ssl=1\",\"width\":1000,\"height\":462,\"caption\":\"Poterie de Crestet\"},\"image\":{\"@id\":\"https:\\\/\\\/poterie-de-crestet.com\\\/de\\\/#\\\/schema\\\/logo\\\/image\\\/\"}}]}<\/script>\n<!-- \/ Yoast SEO plugin. -->","yoast_head_json":{"title":"Riesige Salatsch\u00fcssel Blue Drops - Poterie de Crestet","description":"Riesige Salatsch\u00fcssel Blue Drops in Keramik. Frisches, handgemalt Muster, f\u00fcr herzhafte Salate oder gro\u00dfe selbstgemachte Kompositionen.","robots":{"index":"index","follow":"follow","max-snippet":"max-snippet:-1","max-image-preview":"max-image-preview:large","max-video-preview":"max-video-preview:-1"},"canonical":"https:\/\/poterie-de-crestet.com\/de\/keramik\/riesige-salatschuessel-blue-drops\/","og_locale":"de_DE","og_type":"article","og_title":"Riesige Salatsch\u00fcssel Blue Drops - Poterie de Crestet","og_description":"Riesige Salatsch\u00fcssel Blue Drops in Keramik. Frisches, handgemalt Muster, f\u00fcr herzhafte Salate oder gro\u00dfe selbstgemachte Kompositionen.","og_url":"https:\/\/poterie-de-crestet.com\/de\/keramik\/riesige-salatschuessel-blue-drops\/","og_site_name":"Poterie de Crestet","og_image":[{"width":800,"height":532,"url":"https:\/\/i0.wp.com\/poterie-de-crestet.com\/wp-content\/uploads\/2025\/06\/Poterie-du-Crestet1509.jpg?fit=800%2C532&ssl=1","type":"image\/jpeg"}],"twitter_card":"summary_large_image","twitter_misc":{"Gesch\u00e4tzte Lesezeit":"1\u00a0Minute"},"schema":{"@context":"https:\/\/schema.org","@graph":[{"@type":"WebPage","@id":"https:\/\/poterie-de-crestet.com\/de\/keramik\/riesige-salatschuessel-blue-drops\/","url":"https:\/\/poterie-de-crestet.com\/de\/keramik\/riesige-salatschuessel-blue-drops\/","name":"Riesige Salatsch\u00fcssel Blue Drops - Poterie de Crestet","isPartOf":{"@id":"https:\/\/poterie-de-crestet.com\/de\/#website"},"primaryImageOfPage":{"@id":"https:\/\/poterie-de-crestet.com\/de\/keramik\/riesige-salatschuessel-blue-drops\/#primaryimage"},"image":{"@id":"https:\/\/poterie-de-crestet.com\/de\/keramik\/riesige-salatschuessel-blue-drops\/#primaryimage"},"thumbnailUrl":"https:\/\/i0.wp.com\/poterie-de-crestet.com\/wp-content\/uploads\/2025\/06\/Poterie-du-Crestet1509.jpg?fit=800%2C532&ssl=1","datePublished":"2025-04-15T13:32:42+00:00","description":"Riesige Salatsch\u00fcssel Blue Drops in Keramik. Frisches, handgemalt Muster, f\u00fcr herzhafte Salate oder gro\u00dfe selbstgemachte Kompositionen.","breadcrumb":{"@id":"https:\/\/poterie-de-crestet.com\/de\/keramik\/riesige-salatschuessel-blue-drops\/#breadcrumb"},"inLanguage":"de","potentialAction":[{"@type":"ReadAction","target":["https:\/\/poterie-de-crestet.com\/de\/keramik\/riesige-salatschuessel-blue-drops\/"]}]},{"@type":"ImageObject","inLanguage":"de","@id":"https:\/\/poterie-de-crestet.com\/de\/keramik\/riesige-salatschuessel-blue-drops\/#primaryimage","url":"https:\/\/i0.wp.com\/poterie-de-crestet.com\/wp-content\/uploads\/2025\/06\/Poterie-du-Crestet1509.jpg?fit=800%2C532&ssl=1","contentUrl":"https:\/\/i0.wp.com\/poterie-de-crestet.com\/wp-content\/uploads\/2025\/06\/Poterie-du-Crestet1509.jpg?fit=800%2C532&ssl=1","width":800,"height":532,"caption":"Riesige Salatsch\u00fcssel Blaue Tropfen"},{"@type":"BreadcrumbList","@id":"https:\/\/poterie-de-crestet.com\/de\/keramik\/riesige-salatschuessel-blue-drops\/#breadcrumb","itemListElement":[{"@type":"ListItem","position":1,"name":"Accueil","item":"https:\/\/poterie-de-crestet.com\/de\/accueil\/"},{"@type":"ListItem","position":2,"name":"Boutique","item":"https:\/\/poterie-de-crestet.com\/ceramiques\/"},{"@type":"ListItem","position":3,"name":"Riesige Salatsch\u00fcssel Blue Drops"}]},{"@type":"WebSite","@id":"https:\/\/poterie-de-crestet.com\/de\/#website","url":"https:\/\/poterie-de-crestet.com\/de\/","name":"Poterie de Crestet","description":"Des milliers de poteries inpir\u00e9es de la Provence","publisher":{"@id":"https:\/\/poterie-de-crestet.com\/de\/#organization"},"potentialAction":[{"@type":"SearchAction","target":{"@type":"EntryPoint","urlTemplate":"https:\/\/poterie-de-crestet.com\/de\/?s={search_term_string}"},"query-input":{"@type":"PropertyValueSpecification","valueRequired":true,"valueName":"search_term_string"}}],"inLanguage":"de"},{"@type":"Organization","@id":"https:\/\/poterie-de-crestet.com\/de\/#organization","name":"Poterie de Crestet","url":"https:\/\/poterie-de-crestet.com\/de\/","logo":{"@type":"ImageObject","inLanguage":"de","@id":"https:\/\/poterie-de-crestet.com\/de\/#\/schema\/logo\/image\/","url":"https:\/\/i0.wp.com\/poterie-de-crestet.com\/wp-content\/uploads\/2025\/03\/Propo-4.png?fit=1000%2C462&ssl=1","contentUrl":"https:\/\/i0.wp.com\/poterie-de-crestet.com\/wp-content\/uploads\/2025\/03\/Propo-4.png?fit=1000%2C462&ssl=1","width":1000,"height":462,"caption":"Poterie de Crestet"},"image":{"@id":"https:\/\/poterie-de-crestet.com\/de\/#\/schema\/logo\/image\/"}}]}},"jetpack_sharing_enabled":true,"_links":{"self":[{"href":"https:\/\/poterie-de-crestet.com\/de\/wp-json\/wp\/v2\/product\/21456","targetHints":{"allow":["GET"]}}],"collection":[{"href":"https:\/\/poterie-de-crestet.com\/de\/wp-json\/wp\/v2\/product"}],"about":[{"href":"https:\/\/poterie-de-crestet.com\/de\/wp-json\/wp\/v2\/types\/product"}],"replies":[{"embeddable":true,"href":"https:\/\/poterie-de-crestet.com\/de\/wp-json\/wp\/v2\/comments?post=21456"}],"version-history":[{"count":0,"href":"https:\/\/poterie-de-crestet.com\/de\/wp-json\/wp\/v2\/product\/21456\/revisions"}],"wp:featuredmedia":[{"embeddable":true,"href":"https:\/\/poterie-de-crestet.com\/de\/wp-json\/wp\/v2\/media\/10335"}],"wp:attachment":[{"href":"https:\/\/poterie-de-crestet.com\/de\/wp-json\/wp\/v2\/media?parent=21456"}],"wp:term":[{"taxonomy":"product_brand","embeddable":true,"href":"https:\/\/poterie-de-crestet.com\/de\/wp-json\/wp\/v2\/product_brand?post=21456"},{"taxonomy":"product_cat","embeddable":true,"href":"https:\/\/poterie-de-crestet.com\/de\/wp-json\/wp\/v2\/product_cat?post=21456"},{"taxonomy":"product_tag","embeddable":true,"href":"https:\/\/poterie-de-crestet.com\/de\/wp-json\/wp\/v2\/product_tag?post=21456"}],"curies":[{"name":"wp","href":"https:\/\/api.w.org\/{rel}","templated":true}]}}