{"id":21455,"date":"2025-04-15T15:32:41","date_gmt":"2025-04-15T13:32:41","guid":{"rendered":"https:\/\/poterie-de-crestet.com\/ceramiques\/riesige-salatschuessel-roter-platz\/"},"modified":"2025-04-15T15:32:41","modified_gmt":"2025-04-15T13:32:41","slug":"riesige-salatschuessel-roter-platz","status":"publish","type":"product","link":"https:\/\/poterie-de-crestet.com\/de\/keramik\/riesige-salatschuessel-roter-platz\/","title":{"rendered":"Riesige Salatsch\u00fcssel  <h5>Roter Platz<\/h5>"},"content":{"rendered":"<p data-start=\"1435\" data-end=\"1722\">Mit seinem geometrischen Muster und der leuchtenden roten Farbe bleibt diese riesige Keramiksalatschale nicht unbemerkt. Es ist so konzipiert, dass gro\u00dfz\u00fcgige Salate, frisches Obst oder Gerichte in der Tischmitte serviert werden k\u00f6nnen, in einem Format, das f\u00fcr gro\u00dfe Mengen angepasst ist. <\/p>\n<p data-start=\"1724\" data-end=\"2016\">Die Dekoration ist handgemalt mit der Sorgfalt einer handwerklichen Geste, w\u00e4hrend das Muster eine sch\u00f6ne Regelm\u00e4\u00dfigkeit beibeh\u00e4lt. Diese Sch\u00fcssel ist mikrowellen- und sp\u00fclmaschinenfest und entspricht den Lebensmittelstandards. Sie kann auch als Obstschale oder zentraler Beh\u00e4lter bei einem Buffet verwendet werden.  <\/p>\n<p data-start=\"2018\" data-end=\"2317\">Um den Tisch zu vervollst\u00e4ndigen, sollten Sie die <a class=\"cursor-pointer\" href=\"https:\/\/poterie-de-crestet.com\/de\/keramik\/tortenform-roter-platz\/\" target=\"_new\" rel=\"noopener\" data-start=\"2053\" data-end=\"2147\">Carr\u00e9 Rouge Tarteform<\/a> in Betracht ziehen oder sie mit dem <a class=\"cursor-pointer\" href=\"https:\/\/poterie-de-crestet.com\/de\/keramik\/moerser-zitrone\/\" target=\"_new\" rel=\"noopener\" data-start=\"2167\" data-end=\"2241\">Zitronenm\u00f6rser<\/a> kombinieren, um einen frischen, kontrastreichen Akzent zu erzielen.<\/p>\n","protected":false},"excerpt":{"rendered":"<p>Diese riesige Salatsch\u00fcssel mit roter quadratischer Dekoration ist ein echter Blickfang. Perfekt f\u00fcr Gerichte, die man mit Familie oder Freunden teilen kann. <br data-start=\"1396\" data-end=\"1399\"><strong data-start=\"1399\" data-end=\"1433\"><em data-start=\"1401\" data-end=\"1431\">Ma\u00dfe: 32 \u00d7 32 \u00d7 13 cm<\/em><\/strong><\/p>\n","protected":false},"featured_media":10413,"comment_status":"open","ping_status":"closed","template":"","meta":[],"product_brand":[],"product_cat":[378],"product_tag":[200],"class_list":{"0":"post-21455","1":"product","2":"type-product","3":"status-publish","4":"has-post-thumbnail","6":"product_cat-riesige-salatschalen","7":"product_tag-roter-platz","9":"first","10":"instock","11":"taxable","12":"shipping-taxable","13":"purchasable","14":"product-type-simple"},"yoast_head":"<!-- This site is optimized with the Yoast SEO plugin v27.5 - https:\/\/yoast.com\/product\/yoast-seo-wordpress\/ -->\n<title>Riesige Salatsch\u00fcssel Roter Platz - Poterie de Crestet<\/title>\n<meta name=\"description\" content=\"Riesige rote, quadratische Keramiksalatschale. Handbemalt, f\u00fcr einen geselligen und lebhaften Tisch. Ideal f\u00fcr Familienessen oder Buffets.\" \/>\n<meta name=\"robots\" content=\"index, follow, max-snippet:-1, max-image-preview:large, max-video-preview:-1\" \/>\n<link rel=\"canonical\" href=\"https:\/\/poterie-de-crestet.com\/de\/keramik\/riesige-salatschuessel-roter-platz\/\" \/>\n<meta property=\"og:locale\" content=\"de_DE\" \/>\n<meta property=\"og:type\" content=\"article\" \/>\n<meta property=\"og:title\" content=\"Riesige Salatsch\u00fcssel Roter Platz - Poterie de Crestet\" \/>\n<meta property=\"og:description\" content=\"Riesige rote, quadratische Keramiksalatschale. Handbemalt, f\u00fcr einen geselligen und lebhaften Tisch. Ideal f\u00fcr Familienessen oder Buffets.\" \/>\n<meta property=\"og:url\" content=\"https:\/\/poterie-de-crestet.com\/de\/keramik\/riesige-salatschuessel-roter-platz\/\" \/>\n<meta property=\"og:site_name\" content=\"Poterie de Crestet\" \/>\n<meta property=\"og:image\" content=\"https:\/\/i0.wp.com\/poterie-de-crestet.com\/wp-content\/uploads\/2025\/06\/saladier-geant-2-carre-rouge.jpg?fit=458%2C458&ssl=1\" \/>\n\t<meta property=\"og:image:width\" content=\"458\" \/>\n\t<meta property=\"og:image:height\" content=\"458\" \/>\n\t<meta property=\"og:image:type\" content=\"image\/jpeg\" \/>\n<meta name=\"twitter:card\" content=\"summary_large_image\" \/>\n<meta name=\"twitter:label1\" content=\"Gesch\u00e4tzte Lesezeit\" \/>\n\t<meta name=\"twitter:data1\" content=\"1\u00a0Minute\" \/>\n<script type=\"application\/ld+json\" class=\"yoast-schema-graph\">{\"@context\":\"https:\\\/\\\/schema.org\",\"@graph\":[{\"@type\":\"WebPage\",\"@id\":\"https:\\\/\\\/poterie-de-crestet.com\\\/de\\\/keramik\\\/riesige-salatschuessel-roter-platz\\\/\",\"url\":\"https:\\\/\\\/poterie-de-crestet.com\\\/de\\\/keramik\\\/riesige-salatschuessel-roter-platz\\\/\",\"name\":\"Riesige Salatsch\u00fcssel Roter Platz - Poterie de Crestet\",\"isPartOf\":{\"@id\":\"https:\\\/\\\/poterie-de-crestet.com\\\/de\\\/#website\"},\"primaryImageOfPage\":{\"@id\":\"https:\\\/\\\/poterie-de-crestet.com\\\/de\\\/keramik\\\/riesige-salatschuessel-roter-platz\\\/#primaryimage\"},\"image\":{\"@id\":\"https:\\\/\\\/poterie-de-crestet.com\\\/de\\\/keramik\\\/riesige-salatschuessel-roter-platz\\\/#primaryimage\"},\"thumbnailUrl\":\"https:\\\/\\\/i0.wp.com\\\/poterie-de-crestet.com\\\/wp-content\\\/uploads\\\/2025\\\/06\\\/saladier-geant-2-carre-rouge.jpg?fit=458%2C458&ssl=1\",\"datePublished\":\"2025-04-15T13:32:41+00:00\",\"description\":\"Riesige rote, quadratische Keramiksalatschale. Handbemalt, f\u00fcr einen geselligen und lebhaften Tisch. Ideal f\u00fcr Familienessen oder Buffets.\",\"breadcrumb\":{\"@id\":\"https:\\\/\\\/poterie-de-crestet.com\\\/de\\\/keramik\\\/riesige-salatschuessel-roter-platz\\\/#breadcrumb\"},\"inLanguage\":\"de\",\"potentialAction\":[{\"@type\":\"ReadAction\",\"target\":[\"https:\\\/\\\/poterie-de-crestet.com\\\/de\\\/keramik\\\/riesige-salatschuessel-roter-platz\\\/\"]}]},{\"@type\":\"ImageObject\",\"inLanguage\":\"de\",\"@id\":\"https:\\\/\\\/poterie-de-crestet.com\\\/de\\\/keramik\\\/riesige-salatschuessel-roter-platz\\\/#primaryimage\",\"url\":\"https:\\\/\\\/i0.wp.com\\\/poterie-de-crestet.com\\\/wp-content\\\/uploads\\\/2025\\\/06\\\/saladier-geant-2-carre-rouge.jpg?fit=458%2C458&ssl=1\",\"contentUrl\":\"https:\\\/\\\/i0.wp.com\\\/poterie-de-crestet.com\\\/wp-content\\\/uploads\\\/2025\\\/06\\\/saladier-geant-2-carre-rouge.jpg?fit=458%2C458&ssl=1\",\"width\":458,\"height\":458,\"caption\":\"Riesige Salatschale Roter Platz\"},{\"@type\":\"BreadcrumbList\",\"@id\":\"https:\\\/\\\/poterie-de-crestet.com\\\/de\\\/keramik\\\/riesige-salatschuessel-roter-platz\\\/#breadcrumb\",\"itemListElement\":[{\"@type\":\"ListItem\",\"position\":1,\"name\":\"Accueil\",\"item\":\"https:\\\/\\\/poterie-de-crestet.com\\\/de\\\/accueil\\\/\"},{\"@type\":\"ListItem\",\"position\":2,\"name\":\"Boutique\",\"item\":\"https:\\\/\\\/poterie-de-crestet.com\\\/ceramiques\\\/\"},{\"@type\":\"ListItem\",\"position\":3,\"name\":\"Riesige Salatsch\u00fcssel Roter Platz\"}]},{\"@type\":\"WebSite\",\"@id\":\"https:\\\/\\\/poterie-de-crestet.com\\\/de\\\/#website\",\"url\":\"https:\\\/\\\/poterie-de-crestet.com\\\/de\\\/\",\"name\":\"Poterie de Crestet\",\"description\":\"Des milliers de poteries inpir\u00e9es de la Provence\",\"publisher\":{\"@id\":\"https:\\\/\\\/poterie-de-crestet.com\\\/de\\\/#organization\"},\"potentialAction\":[{\"@type\":\"SearchAction\",\"target\":{\"@type\":\"EntryPoint\",\"urlTemplate\":\"https:\\\/\\\/poterie-de-crestet.com\\\/de\\\/?s={search_term_string}\"},\"query-input\":{\"@type\":\"PropertyValueSpecification\",\"valueRequired\":true,\"valueName\":\"search_term_string\"}}],\"inLanguage\":\"de\"},{\"@type\":\"Organization\",\"@id\":\"https:\\\/\\\/poterie-de-crestet.com\\\/de\\\/#organization\",\"name\":\"Poterie de Crestet\",\"url\":\"https:\\\/\\\/poterie-de-crestet.com\\\/de\\\/\",\"logo\":{\"@type\":\"ImageObject\",\"inLanguage\":\"de\",\"@id\":\"https:\\\/\\\/poterie-de-crestet.com\\\/de\\\/#\\\/schema\\\/logo\\\/image\\\/\",\"url\":\"https:\\\/\\\/i0.wp.com\\\/poterie-de-crestet.com\\\/wp-content\\\/uploads\\\/2025\\\/03\\\/Propo-4.png?fit=1000%2C462&ssl=1\",\"contentUrl\":\"https:\\\/\\\/i0.wp.com\\\/poterie-de-crestet.com\\\/wp-content\\\/uploads\\\/2025\\\/03\\\/Propo-4.png?fit=1000%2C462&ssl=1\",\"width\":1000,\"height\":462,\"caption\":\"Poterie de Crestet\"},\"image\":{\"@id\":\"https:\\\/\\\/poterie-de-crestet.com\\\/de\\\/#\\\/schema\\\/logo\\\/image\\\/\"}}]}<\/script>\n<!-- \/ Yoast SEO plugin. -->","yoast_head_json":{"title":"Riesige Salatsch\u00fcssel Roter Platz - Poterie de Crestet","description":"Riesige rote, quadratische Keramiksalatschale. Handbemalt, f\u00fcr einen geselligen und lebhaften Tisch. Ideal f\u00fcr Familienessen oder Buffets.","robots":{"index":"index","follow":"follow","max-snippet":"max-snippet:-1","max-image-preview":"max-image-preview:large","max-video-preview":"max-video-preview:-1"},"canonical":"https:\/\/poterie-de-crestet.com\/de\/keramik\/riesige-salatschuessel-roter-platz\/","og_locale":"de_DE","og_type":"article","og_title":"Riesige Salatsch\u00fcssel Roter Platz - Poterie de Crestet","og_description":"Riesige rote, quadratische Keramiksalatschale. Handbemalt, f\u00fcr einen geselligen und lebhaften Tisch. Ideal f\u00fcr Familienessen oder Buffets.","og_url":"https:\/\/poterie-de-crestet.com\/de\/keramik\/riesige-salatschuessel-roter-platz\/","og_site_name":"Poterie de Crestet","og_image":[{"width":458,"height":458,"url":"https:\/\/i0.wp.com\/poterie-de-crestet.com\/wp-content\/uploads\/2025\/06\/saladier-geant-2-carre-rouge.jpg?fit=458%2C458&ssl=1","type":"image\/jpeg"}],"twitter_card":"summary_large_image","twitter_misc":{"Gesch\u00e4tzte Lesezeit":"1\u00a0Minute"},"schema":{"@context":"https:\/\/schema.org","@graph":[{"@type":"WebPage","@id":"https:\/\/poterie-de-crestet.com\/de\/keramik\/riesige-salatschuessel-roter-platz\/","url":"https:\/\/poterie-de-crestet.com\/de\/keramik\/riesige-salatschuessel-roter-platz\/","name":"Riesige Salatsch\u00fcssel Roter Platz - Poterie de Crestet","isPartOf":{"@id":"https:\/\/poterie-de-crestet.com\/de\/#website"},"primaryImageOfPage":{"@id":"https:\/\/poterie-de-crestet.com\/de\/keramik\/riesige-salatschuessel-roter-platz\/#primaryimage"},"image":{"@id":"https:\/\/poterie-de-crestet.com\/de\/keramik\/riesige-salatschuessel-roter-platz\/#primaryimage"},"thumbnailUrl":"https:\/\/i0.wp.com\/poterie-de-crestet.com\/wp-content\/uploads\/2025\/06\/saladier-geant-2-carre-rouge.jpg?fit=458%2C458&ssl=1","datePublished":"2025-04-15T13:32:41+00:00","description":"Riesige rote, quadratische Keramiksalatschale. Handbemalt, f\u00fcr einen geselligen und lebhaften Tisch. Ideal f\u00fcr Familienessen oder Buffets.","breadcrumb":{"@id":"https:\/\/poterie-de-crestet.com\/de\/keramik\/riesige-salatschuessel-roter-platz\/#breadcrumb"},"inLanguage":"de","potentialAction":[{"@type":"ReadAction","target":["https:\/\/poterie-de-crestet.com\/de\/keramik\/riesige-salatschuessel-roter-platz\/"]}]},{"@type":"ImageObject","inLanguage":"de","@id":"https:\/\/poterie-de-crestet.com\/de\/keramik\/riesige-salatschuessel-roter-platz\/#primaryimage","url":"https:\/\/i0.wp.com\/poterie-de-crestet.com\/wp-content\/uploads\/2025\/06\/saladier-geant-2-carre-rouge.jpg?fit=458%2C458&ssl=1","contentUrl":"https:\/\/i0.wp.com\/poterie-de-crestet.com\/wp-content\/uploads\/2025\/06\/saladier-geant-2-carre-rouge.jpg?fit=458%2C458&ssl=1","width":458,"height":458,"caption":"Riesige Salatschale Roter Platz"},{"@type":"BreadcrumbList","@id":"https:\/\/poterie-de-crestet.com\/de\/keramik\/riesige-salatschuessel-roter-platz\/#breadcrumb","itemListElement":[{"@type":"ListItem","position":1,"name":"Accueil","item":"https:\/\/poterie-de-crestet.com\/de\/accueil\/"},{"@type":"ListItem","position":2,"name":"Boutique","item":"https:\/\/poterie-de-crestet.com\/ceramiques\/"},{"@type":"ListItem","position":3,"name":"Riesige Salatsch\u00fcssel Roter Platz"}]},{"@type":"WebSite","@id":"https:\/\/poterie-de-crestet.com\/de\/#website","url":"https:\/\/poterie-de-crestet.com\/de\/","name":"Poterie de Crestet","description":"Des milliers de poteries inpir\u00e9es de la Provence","publisher":{"@id":"https:\/\/poterie-de-crestet.com\/de\/#organization"},"potentialAction":[{"@type":"SearchAction","target":{"@type":"EntryPoint","urlTemplate":"https:\/\/poterie-de-crestet.com\/de\/?s={search_term_string}"},"query-input":{"@type":"PropertyValueSpecification","valueRequired":true,"valueName":"search_term_string"}}],"inLanguage":"de"},{"@type":"Organization","@id":"https:\/\/poterie-de-crestet.com\/de\/#organization","name":"Poterie de Crestet","url":"https:\/\/poterie-de-crestet.com\/de\/","logo":{"@type":"ImageObject","inLanguage":"de","@id":"https:\/\/poterie-de-crestet.com\/de\/#\/schema\/logo\/image\/","url":"https:\/\/i0.wp.com\/poterie-de-crestet.com\/wp-content\/uploads\/2025\/03\/Propo-4.png?fit=1000%2C462&ssl=1","contentUrl":"https:\/\/i0.wp.com\/poterie-de-crestet.com\/wp-content\/uploads\/2025\/03\/Propo-4.png?fit=1000%2C462&ssl=1","width":1000,"height":462,"caption":"Poterie de Crestet"},"image":{"@id":"https:\/\/poterie-de-crestet.com\/de\/#\/schema\/logo\/image\/"}}]}},"jetpack_sharing_enabled":true,"_links":{"self":[{"href":"https:\/\/poterie-de-crestet.com\/de\/wp-json\/wp\/v2\/product\/21455","targetHints":{"allow":["GET"]}}],"collection":[{"href":"https:\/\/poterie-de-crestet.com\/de\/wp-json\/wp\/v2\/product"}],"about":[{"href":"https:\/\/poterie-de-crestet.com\/de\/wp-json\/wp\/v2\/types\/product"}],"replies":[{"embeddable":true,"href":"https:\/\/poterie-de-crestet.com\/de\/wp-json\/wp\/v2\/comments?post=21455"}],"version-history":[{"count":0,"href":"https:\/\/poterie-de-crestet.com\/de\/wp-json\/wp\/v2\/product\/21455\/revisions"}],"wp:featuredmedia":[{"embeddable":true,"href":"https:\/\/poterie-de-crestet.com\/de\/wp-json\/wp\/v2\/media\/10413"}],"wp:attachment":[{"href":"https:\/\/poterie-de-crestet.com\/de\/wp-json\/wp\/v2\/media?parent=21455"}],"wp:term":[{"taxonomy":"product_brand","embeddable":true,"href":"https:\/\/poterie-de-crestet.com\/de\/wp-json\/wp\/v2\/product_brand?post=21455"},{"taxonomy":"product_cat","embeddable":true,"href":"https:\/\/poterie-de-crestet.com\/de\/wp-json\/wp\/v2\/product_cat?post=21455"},{"taxonomy":"product_tag","embeddable":true,"href":"https:\/\/poterie-de-crestet.com\/de\/wp-json\/wp\/v2\/product_tag?post=21455"}],"curies":[{"name":"wp","href":"https:\/\/api.w.org\/{rel}","templated":true}]}}