{"id":21356,"date":"2025-08-22T14:54:53","date_gmt":"2025-08-22T12:54:53","guid":{"rendered":"https:\/\/poterie-de-crestet.com\/ceramiques\/grosse-schuessel-mit-hohem-rand-farbige-tropfen\/"},"modified":"2025-08-22T14:54:53","modified_gmt":"2025-08-22T12:54:53","slug":"grosse-schuessel-mit-hohem-rand-farbige-tropfen","status":"publish","type":"product","link":"https:\/\/poterie-de-crestet.com\/de\/keramik\/grosse-schuessel-mit-hohem-rand-farbige-tropfen\/","title":{"rendered":"Gro\u00dfe Sch\u00fcssel mit hohem Rand  <h5>Farbige Tropfen<\/h5>"},"content":{"rendered":"<p>Lebhaft und fr\u00f6hlich sorgt die <strong data-start=\"2257\" data-end=\"2277\">Dekoration der Gouttes color\u00e9es<\/strong> f\u00fcr eine gute Stimmung bei den Familienmahlzeiten. Dieses gro\u00dfe Gericht mit hohem Rand (\u00d8 29 cm, H 10 cm) kann verwendet werden, um mehrfarbige Salate, duftende Gem\u00fcse, gro\u00dfz\u00fcgige Tabbouleh oder geteilte Desserts zu servieren. Seine 10 cm langen Kanten verhindern \u00dcberlaufen beim Mischen und machen das Servieren auch dann fl\u00fcssiger, selbst wenn der Tisch gut gef\u00fcllt ist. Dieses Format macht es zu einem idealen <strong data-start=\"2627\" data-end=\"2646\">Serviergericht<\/strong> und zu einem farbenfrohen <strong data-start=\"2659\" data-end=\"2683\">Pr\u00e4sentationsgericht<\/strong> f\u00fcr das Zentrum.<br data-start=\"2706\" data-end=\"2709\">Im Alltag gibt es keine Einschr\u00e4nkungen: <strong data-start=\"2743\" data-end=\"2787\">Sp\u00fclmaschine und Mikrowelle sind kompatibel<\/strong>, es folgt dem Rhythmus von Mahlzeiten und Wartung. <g id=\"gid_4\">Keramik<\/g> sorgt f\u00fcr Stabilit\u00e4t und bewahrt die Frische der Sommervorbereitungen gut. Die <strong data-start=\"2942\" data-end=\"2962\">Dekoration der Gouttes color\u00e9es<\/strong> passt nat\u00fcrlich zu schlichtem Tafelger\u00e4t und n\u00fcchternen Tischdecken und hebt besonders rohes Gem\u00fcse und leuchtendes Obst hervor.<br data-start=\"3099\" data-end=\"3102\">F\u00fcr die perfekte Kombination kombinieren Sie sie mit den <a href=\"https:\/\/poterie-de-crestet.com\/de\/keramik\/runde-kanne-bunte-tropfen\/\"><strong data-start=\"3141\" data-end=\"3177\">1 L Round Pitcher Coloured Drops<\/strong><\/a> : ein lebhaftes Set zu Ihren Mahlzeiten. Und wenn du einen harmonischen Tisch decken m\u00f6chtest, w\u00e4hle die Versionen <strong data-start=\"3307\" data-end=\"3327\">in Sets zu 2 oder 3<\/strong>, die dank des <strong data-start=\"3352\" data-end=\"3420\"><a class=\"decorated-link\" href=\"https:\/\/poterie-de-crestet.com\/de\/befoerderungen\/\" target=\"_new\" rel=\"noopener\" data-start=\"3354\" data-end=\"3418\">Sonderangebots pro Set<\/a><\/strong> vorteilhaft sind.<br data-start=\"3421\" data-end=\"3424\">Tipp: Einen gemischten Salat in bunten Schichten zubereiten und dann kurz vor dem Servieren verr\u00fchren; Die H\u00f6he des Gerichts erh\u00e4lt die Struktur und verbessert die Pr\u00e4sentation.      <\/p>\n","protected":false},"excerpt":{"rendered":"<p>Gro\u00dfes Gericht mit hohem Rand \u2013 farbige Tropfen: leuchtend und gro\u00dfz\u00fcgig f\u00fcr Ihre Mahlzeiten. Sp\u00fclmaschinen- und Mikrowellenfest. Auch in <strong data-start=\"3758\" data-end=\"3775\">einem Set von 2 oder 3<\/strong> erh\u00e4ltlich.  <br data-start=\"3776\" data-end=\"3779\"><em data-start=\"3779\" data-end=\"3808\"><strong data-start=\"3780\" data-end=\"3807\">Abmessungen: 29 \u00d7 10 cm<\/strong><\/em><\/p>\n","protected":false},"featured_media":13965,"comment_status":"open","ping_status":"closed","template":"","meta":[],"product_brand":[],"product_cat":[408],"product_tag":[325],"class_list":{"0":"post-21356","1":"product","2":"type-product","3":"status-publish","4":"has-post-thumbnail","6":"product_cat-grose-schussel-mit-hohem-rand","7":"product_tag-farbige-tropfen","9":"first","10":"instock","11":"taxable","12":"shipping-taxable","13":"purchasable","14":"product-type-simple"},"yoast_head":"<!-- This site is optimized with the Yoast SEO plugin v27.5 - https:\/\/yoast.com\/product\/yoast-seo-wordpress\/ -->\n<title>Gro\u00dfe Sch\u00fcssel mit hohem Rand Farbige Tropfen - Poterie de Crestet<\/title>\n<meta name=\"description\" content=\"Gro\u00dfes Gericht mit hohem Rand Farbige Tropfen: leuchtend und praktische Keramik f\u00fcr Salate, Beilagen und Desserts. Sp\u00fclmaschinen- und Mikrowellenfest.\" \/>\n<meta name=\"robots\" content=\"index, follow, max-snippet:-1, max-image-preview:large, max-video-preview:-1\" \/>\n<link rel=\"canonical\" href=\"https:\/\/poterie-de-crestet.com\/de\/keramik\/grosse-schuessel-mit-hohem-rand-farbige-tropfen\/\" \/>\n<meta property=\"og:locale\" content=\"de_DE\" \/>\n<meta property=\"og:type\" content=\"article\" \/>\n<meta property=\"og:title\" content=\"Gro\u00dfe Sch\u00fcssel mit hohem Rand Farbige Tropfen - Poterie de Crestet\" \/>\n<meta property=\"og:description\" content=\"Gro\u00dfes Gericht mit hohem Rand Farbige Tropfen: leuchtend und praktische Keramik f\u00fcr Salate, Beilagen und Desserts. Sp\u00fclmaschinen- und Mikrowellenfest.\" \/>\n<meta property=\"og:url\" content=\"https:\/\/poterie-de-crestet.com\/de\/keramik\/grosse-schuessel-mit-hohem-rand-farbige-tropfen\/\" \/>\n<meta property=\"og:site_name\" content=\"Poterie de Crestet\" \/>\n<meta property=\"og:image\" content=\"https:\/\/i0.wp.com\/poterie-de-crestet.com\/wp-content\/uploads\/2025\/08\/plat-rebord-haut-19.jpg?fit=800%2C532&ssl=1\" \/>\n\t<meta property=\"og:image:width\" content=\"800\" \/>\n\t<meta property=\"og:image:height\" content=\"532\" \/>\n\t<meta property=\"og:image:type\" content=\"image\/jpeg\" \/>\n<meta name=\"twitter:card\" content=\"summary_large_image\" \/>\n<meta name=\"twitter:label1\" content=\"Gesch\u00e4tzte Lesezeit\" \/>\n\t<meta name=\"twitter:data1\" content=\"1\u00a0Minute\" \/>\n<script type=\"application\/ld+json\" class=\"yoast-schema-graph\">{\"@context\":\"https:\\\/\\\/schema.org\",\"@graph\":[{\"@type\":\"WebPage\",\"@id\":\"https:\\\/\\\/poterie-de-crestet.com\\\/de\\\/keramik\\\/grosse-schuessel-mit-hohem-rand-farbige-tropfen\\\/\",\"url\":\"https:\\\/\\\/poterie-de-crestet.com\\\/de\\\/keramik\\\/grosse-schuessel-mit-hohem-rand-farbige-tropfen\\\/\",\"name\":\"Gro\u00dfe Sch\u00fcssel mit hohem Rand Farbige Tropfen - Poterie de Crestet\",\"isPartOf\":{\"@id\":\"https:\\\/\\\/poterie-de-crestet.com\\\/de\\\/#website\"},\"primaryImageOfPage\":{\"@id\":\"https:\\\/\\\/poterie-de-crestet.com\\\/de\\\/keramik\\\/grosse-schuessel-mit-hohem-rand-farbige-tropfen\\\/#primaryimage\"},\"image\":{\"@id\":\"https:\\\/\\\/poterie-de-crestet.com\\\/de\\\/keramik\\\/grosse-schuessel-mit-hohem-rand-farbige-tropfen\\\/#primaryimage\"},\"thumbnailUrl\":\"https:\\\/\\\/i0.wp.com\\\/poterie-de-crestet.com\\\/wp-content\\\/uploads\\\/2025\\\/08\\\/plat-rebord-haut-19.jpg?fit=800%2C532&ssl=1\",\"datePublished\":\"2025-08-22T12:54:53+00:00\",\"description\":\"Gro\u00dfes Gericht mit hohem Rand Farbige Tropfen: leuchtend und praktische Keramik f\u00fcr Salate, Beilagen und Desserts. Sp\u00fclmaschinen- und Mikrowellenfest.\",\"breadcrumb\":{\"@id\":\"https:\\\/\\\/poterie-de-crestet.com\\\/de\\\/keramik\\\/grosse-schuessel-mit-hohem-rand-farbige-tropfen\\\/#breadcrumb\"},\"inLanguage\":\"de\",\"potentialAction\":[{\"@type\":\"ReadAction\",\"target\":[\"https:\\\/\\\/poterie-de-crestet.com\\\/de\\\/keramik\\\/grosse-schuessel-mit-hohem-rand-farbige-tropfen\\\/\"]}]},{\"@type\":\"ImageObject\",\"inLanguage\":\"de\",\"@id\":\"https:\\\/\\\/poterie-de-crestet.com\\\/de\\\/keramik\\\/grosse-schuessel-mit-hohem-rand-farbige-tropfen\\\/#primaryimage\",\"url\":\"https:\\\/\\\/i0.wp.com\\\/poterie-de-crestet.com\\\/wp-content\\\/uploads\\\/2025\\\/08\\\/plat-rebord-haut-19.jpg?fit=800%2C532&ssl=1\",\"contentUrl\":\"https:\\\/\\\/i0.wp.com\\\/poterie-de-crestet.com\\\/wp-content\\\/uploads\\\/2025\\\/08\\\/plat-rebord-haut-19.jpg?fit=800%2C532&ssl=1\",\"width\":800,\"height\":532,\"caption\":\"Flache Serie Top-Kleinmodell \u2013 Farbige Drops\"},{\"@type\":\"BreadcrumbList\",\"@id\":\"https:\\\/\\\/poterie-de-crestet.com\\\/de\\\/keramik\\\/grosse-schuessel-mit-hohem-rand-farbige-tropfen\\\/#breadcrumb\",\"itemListElement\":[{\"@type\":\"ListItem\",\"position\":1,\"name\":\"Accueil\",\"item\":\"https:\\\/\\\/poterie-de-crestet.com\\\/de\\\/accueil\\\/\"},{\"@type\":\"ListItem\",\"position\":2,\"name\":\"Boutique\",\"item\":\"https:\\\/\\\/poterie-de-crestet.com\\\/ceramiques\\\/\"},{\"@type\":\"ListItem\",\"position\":3,\"name\":\"Gro\u00dfe Sch\u00fcssel mit hohem Rand Farbige Tropfen\"}]},{\"@type\":\"WebSite\",\"@id\":\"https:\\\/\\\/poterie-de-crestet.com\\\/de\\\/#website\",\"url\":\"https:\\\/\\\/poterie-de-crestet.com\\\/de\\\/\",\"name\":\"Poterie de Crestet\",\"description\":\"Des milliers de poteries inpir\u00e9es de la Provence\",\"publisher\":{\"@id\":\"https:\\\/\\\/poterie-de-crestet.com\\\/de\\\/#organization\"},\"potentialAction\":[{\"@type\":\"SearchAction\",\"target\":{\"@type\":\"EntryPoint\",\"urlTemplate\":\"https:\\\/\\\/poterie-de-crestet.com\\\/de\\\/?s={search_term_string}\"},\"query-input\":{\"@type\":\"PropertyValueSpecification\",\"valueRequired\":true,\"valueName\":\"search_term_string\"}}],\"inLanguage\":\"de\"},{\"@type\":\"Organization\",\"@id\":\"https:\\\/\\\/poterie-de-crestet.com\\\/de\\\/#organization\",\"name\":\"Poterie de Crestet\",\"url\":\"https:\\\/\\\/poterie-de-crestet.com\\\/de\\\/\",\"logo\":{\"@type\":\"ImageObject\",\"inLanguage\":\"de\",\"@id\":\"https:\\\/\\\/poterie-de-crestet.com\\\/de\\\/#\\\/schema\\\/logo\\\/image\\\/\",\"url\":\"https:\\\/\\\/i0.wp.com\\\/poterie-de-crestet.com\\\/wp-content\\\/uploads\\\/2025\\\/03\\\/Propo-4.png?fit=1000%2C462&ssl=1\",\"contentUrl\":\"https:\\\/\\\/i0.wp.com\\\/poterie-de-crestet.com\\\/wp-content\\\/uploads\\\/2025\\\/03\\\/Propo-4.png?fit=1000%2C462&ssl=1\",\"width\":1000,\"height\":462,\"caption\":\"Poterie de Crestet\"},\"image\":{\"@id\":\"https:\\\/\\\/poterie-de-crestet.com\\\/de\\\/#\\\/schema\\\/logo\\\/image\\\/\"}}]}<\/script>\n<!-- \/ Yoast SEO plugin. -->","yoast_head_json":{"title":"Gro\u00dfe Sch\u00fcssel mit hohem Rand Farbige Tropfen - Poterie de Crestet","description":"Gro\u00dfes Gericht mit hohem Rand Farbige Tropfen: leuchtend und praktische Keramik f\u00fcr Salate, Beilagen und Desserts. Sp\u00fclmaschinen- und Mikrowellenfest.","robots":{"index":"index","follow":"follow","max-snippet":"max-snippet:-1","max-image-preview":"max-image-preview:large","max-video-preview":"max-video-preview:-1"},"canonical":"https:\/\/poterie-de-crestet.com\/de\/keramik\/grosse-schuessel-mit-hohem-rand-farbige-tropfen\/","og_locale":"de_DE","og_type":"article","og_title":"Gro\u00dfe Sch\u00fcssel mit hohem Rand Farbige Tropfen - Poterie de Crestet","og_description":"Gro\u00dfes Gericht mit hohem Rand Farbige Tropfen: leuchtend und praktische Keramik f\u00fcr Salate, Beilagen und Desserts. Sp\u00fclmaschinen- und Mikrowellenfest.","og_url":"https:\/\/poterie-de-crestet.com\/de\/keramik\/grosse-schuessel-mit-hohem-rand-farbige-tropfen\/","og_site_name":"Poterie de Crestet","og_image":[{"width":800,"height":532,"url":"https:\/\/i0.wp.com\/poterie-de-crestet.com\/wp-content\/uploads\/2025\/08\/plat-rebord-haut-19.jpg?fit=800%2C532&ssl=1","type":"image\/jpeg"}],"twitter_card":"summary_large_image","twitter_misc":{"Gesch\u00e4tzte Lesezeit":"1\u00a0Minute"},"schema":{"@context":"https:\/\/schema.org","@graph":[{"@type":"WebPage","@id":"https:\/\/poterie-de-crestet.com\/de\/keramik\/grosse-schuessel-mit-hohem-rand-farbige-tropfen\/","url":"https:\/\/poterie-de-crestet.com\/de\/keramik\/grosse-schuessel-mit-hohem-rand-farbige-tropfen\/","name":"Gro\u00dfe Sch\u00fcssel mit hohem Rand Farbige Tropfen - Poterie de Crestet","isPartOf":{"@id":"https:\/\/poterie-de-crestet.com\/de\/#website"},"primaryImageOfPage":{"@id":"https:\/\/poterie-de-crestet.com\/de\/keramik\/grosse-schuessel-mit-hohem-rand-farbige-tropfen\/#primaryimage"},"image":{"@id":"https:\/\/poterie-de-crestet.com\/de\/keramik\/grosse-schuessel-mit-hohem-rand-farbige-tropfen\/#primaryimage"},"thumbnailUrl":"https:\/\/i0.wp.com\/poterie-de-crestet.com\/wp-content\/uploads\/2025\/08\/plat-rebord-haut-19.jpg?fit=800%2C532&ssl=1","datePublished":"2025-08-22T12:54:53+00:00","description":"Gro\u00dfes Gericht mit hohem Rand Farbige Tropfen: leuchtend und praktische Keramik f\u00fcr Salate, Beilagen und Desserts. Sp\u00fclmaschinen- und Mikrowellenfest.","breadcrumb":{"@id":"https:\/\/poterie-de-crestet.com\/de\/keramik\/grosse-schuessel-mit-hohem-rand-farbige-tropfen\/#breadcrumb"},"inLanguage":"de","potentialAction":[{"@type":"ReadAction","target":["https:\/\/poterie-de-crestet.com\/de\/keramik\/grosse-schuessel-mit-hohem-rand-farbige-tropfen\/"]}]},{"@type":"ImageObject","inLanguage":"de","@id":"https:\/\/poterie-de-crestet.com\/de\/keramik\/grosse-schuessel-mit-hohem-rand-farbige-tropfen\/#primaryimage","url":"https:\/\/i0.wp.com\/poterie-de-crestet.com\/wp-content\/uploads\/2025\/08\/plat-rebord-haut-19.jpg?fit=800%2C532&ssl=1","contentUrl":"https:\/\/i0.wp.com\/poterie-de-crestet.com\/wp-content\/uploads\/2025\/08\/plat-rebord-haut-19.jpg?fit=800%2C532&ssl=1","width":800,"height":532,"caption":"Flache Serie Top-Kleinmodell \u2013 Farbige Drops"},{"@type":"BreadcrumbList","@id":"https:\/\/poterie-de-crestet.com\/de\/keramik\/grosse-schuessel-mit-hohem-rand-farbige-tropfen\/#breadcrumb","itemListElement":[{"@type":"ListItem","position":1,"name":"Accueil","item":"https:\/\/poterie-de-crestet.com\/de\/accueil\/"},{"@type":"ListItem","position":2,"name":"Boutique","item":"https:\/\/poterie-de-crestet.com\/ceramiques\/"},{"@type":"ListItem","position":3,"name":"Gro\u00dfe Sch\u00fcssel mit hohem Rand Farbige Tropfen"}]},{"@type":"WebSite","@id":"https:\/\/poterie-de-crestet.com\/de\/#website","url":"https:\/\/poterie-de-crestet.com\/de\/","name":"Poterie de Crestet","description":"Des milliers de poteries inpir\u00e9es de la Provence","publisher":{"@id":"https:\/\/poterie-de-crestet.com\/de\/#organization"},"potentialAction":[{"@type":"SearchAction","target":{"@type":"EntryPoint","urlTemplate":"https:\/\/poterie-de-crestet.com\/de\/?s={search_term_string}"},"query-input":{"@type":"PropertyValueSpecification","valueRequired":true,"valueName":"search_term_string"}}],"inLanguage":"de"},{"@type":"Organization","@id":"https:\/\/poterie-de-crestet.com\/de\/#organization","name":"Poterie de Crestet","url":"https:\/\/poterie-de-crestet.com\/de\/","logo":{"@type":"ImageObject","inLanguage":"de","@id":"https:\/\/poterie-de-crestet.com\/de\/#\/schema\/logo\/image\/","url":"https:\/\/i0.wp.com\/poterie-de-crestet.com\/wp-content\/uploads\/2025\/03\/Propo-4.png?fit=1000%2C462&ssl=1","contentUrl":"https:\/\/i0.wp.com\/poterie-de-crestet.com\/wp-content\/uploads\/2025\/03\/Propo-4.png?fit=1000%2C462&ssl=1","width":1000,"height":462,"caption":"Poterie de Crestet"},"image":{"@id":"https:\/\/poterie-de-crestet.com\/de\/#\/schema\/logo\/image\/"}}]}},"jetpack_sharing_enabled":true,"_links":{"self":[{"href":"https:\/\/poterie-de-crestet.com\/de\/wp-json\/wp\/v2\/product\/21356","targetHints":{"allow":["GET"]}}],"collection":[{"href":"https:\/\/poterie-de-crestet.com\/de\/wp-json\/wp\/v2\/product"}],"about":[{"href":"https:\/\/poterie-de-crestet.com\/de\/wp-json\/wp\/v2\/types\/product"}],"replies":[{"embeddable":true,"href":"https:\/\/poterie-de-crestet.com\/de\/wp-json\/wp\/v2\/comments?post=21356"}],"version-history":[{"count":0,"href":"https:\/\/poterie-de-crestet.com\/de\/wp-json\/wp\/v2\/product\/21356\/revisions"}],"wp:featuredmedia":[{"embeddable":true,"href":"https:\/\/poterie-de-crestet.com\/de\/wp-json\/wp\/v2\/media\/13965"}],"wp:attachment":[{"href":"https:\/\/poterie-de-crestet.com\/de\/wp-json\/wp\/v2\/media?parent=21356"}],"wp:term":[{"taxonomy":"product_brand","embeddable":true,"href":"https:\/\/poterie-de-crestet.com\/de\/wp-json\/wp\/v2\/product_brand?post=21356"},{"taxonomy":"product_cat","embeddable":true,"href":"https:\/\/poterie-de-crestet.com\/de\/wp-json\/wp\/v2\/product_cat?post=21356"},{"taxonomy":"product_tag","embeddable":true,"href":"https:\/\/poterie-de-crestet.com\/de\/wp-json\/wp\/v2\/product_tag?post=21356"}],"curies":[{"name":"wp","href":"https:\/\/api.w.org\/{rel}","templated":true}]}}