{"id":21350,"date":"2025-08-22T14:54:54","date_gmt":"2025-08-22T12:54:54","guid":{"rendered":"https:\/\/poterie-de-crestet.com\/ceramiques\/grosse-schuessel-mit-hohem-rand-gruene-blaetter\/"},"modified":"2025-08-22T14:54:54","modified_gmt":"2025-08-22T12:54:54","slug":"grosse-schuessel-mit-hohem-rand-gruene-blaetter","status":"publish","type":"product","link":"https:\/\/poterie-de-crestet.com\/de\/keramik\/grosse-schuessel-mit-hohem-rand-gruene-blaetter\/","title":{"rendered":"Gro\u00dfe Sch\u00fcssel mit hohem Rand  <h5>Gr\u00fcne Bl\u00e4tter<\/h5>"},"content":{"rendered":"<p>Die <strong data-start=\"8398\" data-end=\"8417\">Green Leaves-Dekoration<\/strong> verleiht der Pr\u00e4sentation eine frische und pflanzliche Note. Dieses gro\u00dfe Gericht mit hohem Rand (\u00d8 29 cm, H 10 cm) bietet eine sch\u00f6ne Kapazit\u00e4t f\u00fcr Familiensalate, Pastagerichte, ger\u00f6stetes Gem\u00fcse oder geteilte Desserts. Die hohen Kanten enthalten So\u00dfen und Gew\u00fcrze, was das Mischen und eine saubere Portion erleichtert. Als <g id=\"gid_1\">Servierschale<\/g>, <g id=\"gid_2\">hohe Salatschale<\/g> oder <g id=\"gid_3\">Pr\u00e4sentationsgericht<\/g> verwendet, wird sie schnell zum Mittelpunkt des Tisches.<br data-start=\"8862\" data-end=\"8865\">Es ist einfach zu tragen, es ist <g id=\"gid_4\">sp\u00fclmaschinen- und mikrowellenfest.<\/g> <g id=\"gid_5\">Keramik sorgt f\u00fcr<\/g> Stabilit\u00e4t und h\u00e4lt es k\u00fchl, was es ebenso praktisch wie attraktiv macht. Die <g id=\"gid_6\">Green Leaves-Dekoration<\/g> passt sehr gut zu Leinentischdecken, schlichtem Geschirr und Holzbesteck: Sie hebt die frischen und farbenfrohen Zutaten hervor.<br data-start=\"9199\" data-end=\"9202\">Zum Abschluss sorgt der <g id=\"gid_7\"><g id=\"gid_8\">1-Liter-Green Leaf Round-Pitcher<\/g><\/g> f\u00fcr eine abgestimmte Note, um Getr\u00e4nke oder fl\u00fcssige So\u00dfen zu servieren. Und f\u00fcr gro\u00dfe Tische w\u00e4hlen Sie die <g id=\"gid_9\">Sets in Sets zu je 2 oder 3<\/g> \u2013 perfekt f\u00fcr Vorspeise, Hauptgericht und Dessert \u2013 und nutzen Sie das <g id=\"gid_10\"><g id=\"gid_11\">Sonderangebot in Chargen<\/g><\/g>.<br data-start=\"9546\" data-end=\"9549\">Tipp: Bereite deine Rezepte in Schichten vor (M\u00fcsli, Gem\u00fcse, Kr\u00e4uter) und vermische am Tisch: Die hohen Kanten bewahren die Struktur und begrenzen das Spritzen. Das Ergebnis: eine praktische, saubere und benutzerfreundliche Pr\u00e4sentation.       <\/p>\n","protected":false},"excerpt":{"rendered":"<p>Gro\u00dfe Schale mit hohem Rand gr\u00fcne Bl\u00e4tter: praktisch, stabil und pflanzlich. Sp\u00fclmaschinen- und Mikrowellenfest. Auch in <strong data-start=\"9927\" data-end=\"9944\">einem Set von 2 oder 3<\/strong> erh\u00e4ltlich.  <br data-start=\"9945\" data-end=\"9948\"><em data-start=\"9948\" data-end=\"9977\"><strong data-start=\"9949\" data-end=\"9976\">Abmessungen: 29 \u00d7 10 cm<\/strong><\/em><\/p>\n","protected":false},"featured_media":13941,"comment_status":"open","ping_status":"closed","template":"","meta":[],"product_brand":[],"product_cat":[408],"product_tag":[315],"class_list":{"0":"post-21350","1":"product","2":"type-product","3":"status-publish","4":"has-post-thumbnail","6":"product_cat-grose-schussel-mit-hohem-rand","7":"product_tag-grune-blatter","9":"first","10":"instock","11":"taxable","12":"shipping-taxable","13":"purchasable","14":"product-type-simple"},"yoast_head":"<!-- This site is optimized with the Yoast SEO plugin v27.5 - https:\/\/yoast.com\/product\/yoast-seo-wordpress\/ -->\n<title>Gro\u00dfe Sch\u00fcssel mit hohem Rand Gr\u00fcne Bl\u00e4tter - Poterie de Crestet<\/title>\n<meta name=\"description\" content=\"Gro\u00dfes Gericht mit hohem Rand gr\u00fcner Bl\u00e4tter: Gem\u00fcsekeramik f\u00fcr Salate, herzhafte Gerichte und Familiendesserts. Sp\u00fclmaschinen- und Mikrowellenfest.\" \/>\n<meta name=\"robots\" content=\"index, follow, max-snippet:-1, max-image-preview:large, max-video-preview:-1\" \/>\n<link rel=\"canonical\" href=\"https:\/\/poterie-de-crestet.com\/de\/keramik\/grosse-schuessel-mit-hohem-rand-gruene-blaetter\/\" \/>\n<meta property=\"og:locale\" content=\"de_DE\" \/>\n<meta property=\"og:type\" content=\"article\" \/>\n<meta property=\"og:title\" content=\"Gro\u00dfe Sch\u00fcssel mit hohem Rand Gr\u00fcne Bl\u00e4tter - Poterie de Crestet\" \/>\n<meta property=\"og:description\" content=\"Gro\u00dfes Gericht mit hohem Rand gr\u00fcner Bl\u00e4tter: Gem\u00fcsekeramik f\u00fcr Salate, herzhafte Gerichte und Familiendesserts. Sp\u00fclmaschinen- und Mikrowellenfest.\" \/>\n<meta property=\"og:url\" content=\"https:\/\/poterie-de-crestet.com\/de\/keramik\/grosse-schuessel-mit-hohem-rand-gruene-blaetter\/\" \/>\n<meta property=\"og:site_name\" content=\"Poterie de Crestet\" \/>\n<meta property=\"og:image\" content=\"https:\/\/i0.wp.com\/poterie-de-crestet.com\/wp-content\/uploads\/2025\/08\/plat-rebord-haut-11.jpg?fit=800%2C532&ssl=1\" \/>\n\t<meta property=\"og:image:width\" content=\"800\" \/>\n\t<meta property=\"og:image:height\" content=\"532\" \/>\n\t<meta property=\"og:image:type\" content=\"image\/jpeg\" \/>\n<meta name=\"twitter:card\" content=\"summary_large_image\" \/>\n<meta name=\"twitter:label1\" content=\"Gesch\u00e4tzte Lesezeit\" \/>\n\t<meta name=\"twitter:data1\" content=\"1\u00a0Minute\" \/>\n<script type=\"application\/ld+json\" class=\"yoast-schema-graph\">{\"@context\":\"https:\\\/\\\/schema.org\",\"@graph\":[{\"@type\":\"WebPage\",\"@id\":\"https:\\\/\\\/poterie-de-crestet.com\\\/de\\\/keramik\\\/grosse-schuessel-mit-hohem-rand-gruene-blaetter\\\/\",\"url\":\"https:\\\/\\\/poterie-de-crestet.com\\\/de\\\/keramik\\\/grosse-schuessel-mit-hohem-rand-gruene-blaetter\\\/\",\"name\":\"Gro\u00dfe Sch\u00fcssel mit hohem Rand Gr\u00fcne Bl\u00e4tter - Poterie de Crestet\",\"isPartOf\":{\"@id\":\"https:\\\/\\\/poterie-de-crestet.com\\\/de\\\/#website\"},\"primaryImageOfPage\":{\"@id\":\"https:\\\/\\\/poterie-de-crestet.com\\\/de\\\/keramik\\\/grosse-schuessel-mit-hohem-rand-gruene-blaetter\\\/#primaryimage\"},\"image\":{\"@id\":\"https:\\\/\\\/poterie-de-crestet.com\\\/de\\\/keramik\\\/grosse-schuessel-mit-hohem-rand-gruene-blaetter\\\/#primaryimage\"},\"thumbnailUrl\":\"https:\\\/\\\/i0.wp.com\\\/poterie-de-crestet.com\\\/wp-content\\\/uploads\\\/2025\\\/08\\\/plat-rebord-haut-11.jpg?fit=800%2C532&ssl=1\",\"datePublished\":\"2025-08-22T12:54:54+00:00\",\"description\":\"Gro\u00dfes Gericht mit hohem Rand gr\u00fcner Bl\u00e4tter: Gem\u00fcsekeramik f\u00fcr Salate, herzhafte Gerichte und Familiendesserts. Sp\u00fclmaschinen- und Mikrowellenfest.\",\"breadcrumb\":{\"@id\":\"https:\\\/\\\/poterie-de-crestet.com\\\/de\\\/keramik\\\/grosse-schuessel-mit-hohem-rand-gruene-blaetter\\\/#breadcrumb\"},\"inLanguage\":\"de\",\"potentialAction\":[{\"@type\":\"ReadAction\",\"target\":[\"https:\\\/\\\/poterie-de-crestet.com\\\/de\\\/keramik\\\/grosse-schuessel-mit-hohem-rand-gruene-blaetter\\\/\"]}]},{\"@type\":\"ImageObject\",\"inLanguage\":\"de\",\"@id\":\"https:\\\/\\\/poterie-de-crestet.com\\\/de\\\/keramik\\\/grosse-schuessel-mit-hohem-rand-gruene-blaetter\\\/#primaryimage\",\"url\":\"https:\\\/\\\/i0.wp.com\\\/poterie-de-crestet.com\\\/wp-content\\\/uploads\\\/2025\\\/08\\\/plat-rebord-haut-11.jpg?fit=800%2C532&ssl=1\",\"contentUrl\":\"https:\\\/\\\/i0.wp.com\\\/poterie-de-crestet.com\\\/wp-content\\\/uploads\\\/2025\\\/08\\\/plat-rebord-haut-11.jpg?fit=800%2C532&ssl=1\",\"width\":800,\"height\":532,\"caption\":\"Kleine Salatsch\u00fcssel mit hohem Rand und gr\u00fcnen Bl\u00e4ttern\"},{\"@type\":\"BreadcrumbList\",\"@id\":\"https:\\\/\\\/poterie-de-crestet.com\\\/de\\\/keramik\\\/grosse-schuessel-mit-hohem-rand-gruene-blaetter\\\/#breadcrumb\",\"itemListElement\":[{\"@type\":\"ListItem\",\"position\":1,\"name\":\"Accueil\",\"item\":\"https:\\\/\\\/poterie-de-crestet.com\\\/de\\\/accueil\\\/\"},{\"@type\":\"ListItem\",\"position\":2,\"name\":\"Boutique\",\"item\":\"https:\\\/\\\/poterie-de-crestet.com\\\/ceramiques\\\/\"},{\"@type\":\"ListItem\",\"position\":3,\"name\":\"Gro\u00dfe Sch\u00fcssel mit hohem Rand Gr\u00fcne Bl\u00e4tter\"}]},{\"@type\":\"WebSite\",\"@id\":\"https:\\\/\\\/poterie-de-crestet.com\\\/de\\\/#website\",\"url\":\"https:\\\/\\\/poterie-de-crestet.com\\\/de\\\/\",\"name\":\"Poterie de Crestet\",\"description\":\"Des milliers de poteries inpir\u00e9es de la Provence\",\"publisher\":{\"@id\":\"https:\\\/\\\/poterie-de-crestet.com\\\/de\\\/#organization\"},\"potentialAction\":[{\"@type\":\"SearchAction\",\"target\":{\"@type\":\"EntryPoint\",\"urlTemplate\":\"https:\\\/\\\/poterie-de-crestet.com\\\/de\\\/?s={search_term_string}\"},\"query-input\":{\"@type\":\"PropertyValueSpecification\",\"valueRequired\":true,\"valueName\":\"search_term_string\"}}],\"inLanguage\":\"de\"},{\"@type\":\"Organization\",\"@id\":\"https:\\\/\\\/poterie-de-crestet.com\\\/de\\\/#organization\",\"name\":\"Poterie de Crestet\",\"url\":\"https:\\\/\\\/poterie-de-crestet.com\\\/de\\\/\",\"logo\":{\"@type\":\"ImageObject\",\"inLanguage\":\"de\",\"@id\":\"https:\\\/\\\/poterie-de-crestet.com\\\/de\\\/#\\\/schema\\\/logo\\\/image\\\/\",\"url\":\"https:\\\/\\\/i0.wp.com\\\/poterie-de-crestet.com\\\/wp-content\\\/uploads\\\/2025\\\/03\\\/Propo-4.png?fit=1000%2C462&ssl=1\",\"contentUrl\":\"https:\\\/\\\/i0.wp.com\\\/poterie-de-crestet.com\\\/wp-content\\\/uploads\\\/2025\\\/03\\\/Propo-4.png?fit=1000%2C462&ssl=1\",\"width\":1000,\"height\":462,\"caption\":\"Poterie de Crestet\"},\"image\":{\"@id\":\"https:\\\/\\\/poterie-de-crestet.com\\\/de\\\/#\\\/schema\\\/logo\\\/image\\\/\"}}]}<\/script>\n<!-- \/ Yoast SEO plugin. -->","yoast_head_json":{"title":"Gro\u00dfe Sch\u00fcssel mit hohem Rand Gr\u00fcne Bl\u00e4tter - Poterie de Crestet","description":"Gro\u00dfes Gericht mit hohem Rand gr\u00fcner Bl\u00e4tter: Gem\u00fcsekeramik f\u00fcr Salate, herzhafte Gerichte und Familiendesserts. Sp\u00fclmaschinen- und Mikrowellenfest.","robots":{"index":"index","follow":"follow","max-snippet":"max-snippet:-1","max-image-preview":"max-image-preview:large","max-video-preview":"max-video-preview:-1"},"canonical":"https:\/\/poterie-de-crestet.com\/de\/keramik\/grosse-schuessel-mit-hohem-rand-gruene-blaetter\/","og_locale":"de_DE","og_type":"article","og_title":"Gro\u00dfe Sch\u00fcssel mit hohem Rand Gr\u00fcne Bl\u00e4tter - Poterie de Crestet","og_description":"Gro\u00dfes Gericht mit hohem Rand gr\u00fcner Bl\u00e4tter: Gem\u00fcsekeramik f\u00fcr Salate, herzhafte Gerichte und Familiendesserts. Sp\u00fclmaschinen- und Mikrowellenfest.","og_url":"https:\/\/poterie-de-crestet.com\/de\/keramik\/grosse-schuessel-mit-hohem-rand-gruene-blaetter\/","og_site_name":"Poterie de Crestet","og_image":[{"width":800,"height":532,"url":"https:\/\/i0.wp.com\/poterie-de-crestet.com\/wp-content\/uploads\/2025\/08\/plat-rebord-haut-11.jpg?fit=800%2C532&ssl=1","type":"image\/jpeg"}],"twitter_card":"summary_large_image","twitter_misc":{"Gesch\u00e4tzte Lesezeit":"1\u00a0Minute"},"schema":{"@context":"https:\/\/schema.org","@graph":[{"@type":"WebPage","@id":"https:\/\/poterie-de-crestet.com\/de\/keramik\/grosse-schuessel-mit-hohem-rand-gruene-blaetter\/","url":"https:\/\/poterie-de-crestet.com\/de\/keramik\/grosse-schuessel-mit-hohem-rand-gruene-blaetter\/","name":"Gro\u00dfe Sch\u00fcssel mit hohem Rand Gr\u00fcne Bl\u00e4tter - Poterie de Crestet","isPartOf":{"@id":"https:\/\/poterie-de-crestet.com\/de\/#website"},"primaryImageOfPage":{"@id":"https:\/\/poterie-de-crestet.com\/de\/keramik\/grosse-schuessel-mit-hohem-rand-gruene-blaetter\/#primaryimage"},"image":{"@id":"https:\/\/poterie-de-crestet.com\/de\/keramik\/grosse-schuessel-mit-hohem-rand-gruene-blaetter\/#primaryimage"},"thumbnailUrl":"https:\/\/i0.wp.com\/poterie-de-crestet.com\/wp-content\/uploads\/2025\/08\/plat-rebord-haut-11.jpg?fit=800%2C532&ssl=1","datePublished":"2025-08-22T12:54:54+00:00","description":"Gro\u00dfes Gericht mit hohem Rand gr\u00fcner Bl\u00e4tter: Gem\u00fcsekeramik f\u00fcr Salate, herzhafte Gerichte und Familiendesserts. Sp\u00fclmaschinen- und Mikrowellenfest.","breadcrumb":{"@id":"https:\/\/poterie-de-crestet.com\/de\/keramik\/grosse-schuessel-mit-hohem-rand-gruene-blaetter\/#breadcrumb"},"inLanguage":"de","potentialAction":[{"@type":"ReadAction","target":["https:\/\/poterie-de-crestet.com\/de\/keramik\/grosse-schuessel-mit-hohem-rand-gruene-blaetter\/"]}]},{"@type":"ImageObject","inLanguage":"de","@id":"https:\/\/poterie-de-crestet.com\/de\/keramik\/grosse-schuessel-mit-hohem-rand-gruene-blaetter\/#primaryimage","url":"https:\/\/i0.wp.com\/poterie-de-crestet.com\/wp-content\/uploads\/2025\/08\/plat-rebord-haut-11.jpg?fit=800%2C532&ssl=1","contentUrl":"https:\/\/i0.wp.com\/poterie-de-crestet.com\/wp-content\/uploads\/2025\/08\/plat-rebord-haut-11.jpg?fit=800%2C532&ssl=1","width":800,"height":532,"caption":"Kleine Salatsch\u00fcssel mit hohem Rand und gr\u00fcnen Bl\u00e4ttern"},{"@type":"BreadcrumbList","@id":"https:\/\/poterie-de-crestet.com\/de\/keramik\/grosse-schuessel-mit-hohem-rand-gruene-blaetter\/#breadcrumb","itemListElement":[{"@type":"ListItem","position":1,"name":"Accueil","item":"https:\/\/poterie-de-crestet.com\/de\/accueil\/"},{"@type":"ListItem","position":2,"name":"Boutique","item":"https:\/\/poterie-de-crestet.com\/ceramiques\/"},{"@type":"ListItem","position":3,"name":"Gro\u00dfe Sch\u00fcssel mit hohem Rand Gr\u00fcne Bl\u00e4tter"}]},{"@type":"WebSite","@id":"https:\/\/poterie-de-crestet.com\/de\/#website","url":"https:\/\/poterie-de-crestet.com\/de\/","name":"Poterie de Crestet","description":"Des milliers de poteries inpir\u00e9es de la Provence","publisher":{"@id":"https:\/\/poterie-de-crestet.com\/de\/#organization"},"potentialAction":[{"@type":"SearchAction","target":{"@type":"EntryPoint","urlTemplate":"https:\/\/poterie-de-crestet.com\/de\/?s={search_term_string}"},"query-input":{"@type":"PropertyValueSpecification","valueRequired":true,"valueName":"search_term_string"}}],"inLanguage":"de"},{"@type":"Organization","@id":"https:\/\/poterie-de-crestet.com\/de\/#organization","name":"Poterie de Crestet","url":"https:\/\/poterie-de-crestet.com\/de\/","logo":{"@type":"ImageObject","inLanguage":"de","@id":"https:\/\/poterie-de-crestet.com\/de\/#\/schema\/logo\/image\/","url":"https:\/\/i0.wp.com\/poterie-de-crestet.com\/wp-content\/uploads\/2025\/03\/Propo-4.png?fit=1000%2C462&ssl=1","contentUrl":"https:\/\/i0.wp.com\/poterie-de-crestet.com\/wp-content\/uploads\/2025\/03\/Propo-4.png?fit=1000%2C462&ssl=1","width":1000,"height":462,"caption":"Poterie de Crestet"},"image":{"@id":"https:\/\/poterie-de-crestet.com\/de\/#\/schema\/logo\/image\/"}}]}},"jetpack_sharing_enabled":true,"_links":{"self":[{"href":"https:\/\/poterie-de-crestet.com\/de\/wp-json\/wp\/v2\/product\/21350","targetHints":{"allow":["GET"]}}],"collection":[{"href":"https:\/\/poterie-de-crestet.com\/de\/wp-json\/wp\/v2\/product"}],"about":[{"href":"https:\/\/poterie-de-crestet.com\/de\/wp-json\/wp\/v2\/types\/product"}],"replies":[{"embeddable":true,"href":"https:\/\/poterie-de-crestet.com\/de\/wp-json\/wp\/v2\/comments?post=21350"}],"version-history":[{"count":0,"href":"https:\/\/poterie-de-crestet.com\/de\/wp-json\/wp\/v2\/product\/21350\/revisions"}],"wp:featuredmedia":[{"embeddable":true,"href":"https:\/\/poterie-de-crestet.com\/de\/wp-json\/wp\/v2\/media\/13941"}],"wp:attachment":[{"href":"https:\/\/poterie-de-crestet.com\/de\/wp-json\/wp\/v2\/media?parent=21350"}],"wp:term":[{"taxonomy":"product_brand","embeddable":true,"href":"https:\/\/poterie-de-crestet.com\/de\/wp-json\/wp\/v2\/product_brand?post=21350"},{"taxonomy":"product_cat","embeddable":true,"href":"https:\/\/poterie-de-crestet.com\/de\/wp-json\/wp\/v2\/product_cat?post=21350"},{"taxonomy":"product_tag","embeddable":true,"href":"https:\/\/poterie-de-crestet.com\/de\/wp-json\/wp\/v2\/product_tag?post=21350"}],"curies":[{"name":"wp","href":"https:\/\/api.w.org\/{rel}","templated":true}]}}