{"id":21326,"date":"2025-08-22T14:54:58","date_gmt":"2025-08-22T12:54:58","guid":{"rendered":"https:\/\/poterie-de-crestet.com\/ceramiques\/grosse-schuessel-mit-hohem-rand-blau\/"},"modified":"2025-08-22T14:54:58","modified_gmt":"2025-08-22T12:54:58","slug":"grosse-schuessel-mit-hohem-rand-blau","status":"publish","type":"product","link":"https:\/\/poterie-de-crestet.com\/de\/keramik\/grosse-schuessel-mit-hohem-rand-blau\/","title":{"rendered":"Gro\u00dfe Sch\u00fcssel mit hohem Rand  <h5>Blau<\/h5>"},"content":{"rendered":"<p>Mit seiner <strong data-start=\"732\" data-end=\"740\">blauen<\/strong> Dekoration ist dieses gro\u00dfe Gericht mit hohem Rand (\u00d8 29 cm, H 10 cm) f\u00fcr gro\u00dfz\u00fcgige und gesellige Mahlzeiten gedacht. Seine beeindruckende Gr\u00f6\u00dfe erm\u00f6glicht es Familiensalaten, Pastagerichten, gegrilltem Gem\u00fcse oder sogar gemeinsamen Desserts wie einem sch\u00f6nen Obstsalat. Die hohen R\u00e4nder machen es einfach, So\u00dfen und Gew\u00fcrze zu mischen und zu halten: kein Spritzen, selbst beim Bedienen eines gro\u00dfen Tisches. Dieses Format ist sowohl ein <strong data-start=\"1173\" data-end=\"1192\">Serviergericht<\/strong> als auch ein <strong data-start=\"1203\" data-end=\"1227\">Pr\u00e4sentationsgericht<\/strong> : In der Mitte platziert, bildet es das Herz des Tisches.<br data-start=\"1277\" data-end=\"1280\">Praktisch ist er <strong data-start=\"1297\" data-end=\"1341\">geschirrsp\u00fcler- und mikrowellenfest,<\/strong> was die t\u00e4gliche Nutzung trotz seiner Gr\u00f6\u00dfe sehr einfach macht. <g id=\"gid_4\">Keramik<\/g> h\u00e4lt deine Zubereitungen frisch und stabil. Die <strong data-start=\"1498\" data-end=\"1506\">blaue<\/strong> Einrichtung, n\u00fcchtern und zeitlos, passt problemlos zu allen Tischdecken und Geschirr: wei\u00df, Leinen, helles Holz&#8230; Er wei\u00df, wie man sich anpasst.<br data-start=\"1627\" data-end=\"1630\">F\u00fcr einen abgestimmten Tisch kombinieren Sie ihn mit dem <a href=\"https:\/\/poterie-de-crestet.com\/de\/keramik\/runder-pitcher-blau\/\"><strong data-start=\"1672\" data-end=\"1696\">1 L Round Pitcher Blue<\/strong>,<\/a> perfekt f\u00fcr frisches Wasser, Wein oder hausgemachten Saft: ein praktisches und elegantes Duo. Und wenn du gerne mehrere Gerichte gleichzeitig servierst, solltest du <g id=\"gid_8\">die Varianten in einem Set von 2 oder 3<\/g> in Betracht ziehen \u2013 noch vorteilhafter dank des <g id=\"gid_9\"><g id=\"gid_10\">Sonderangebots pro Charge<\/g><\/g>.<br data-start=\"1981\" data-end=\"1984\">Tipp: Dieses gro\u00dfe Gericht kann auch in ein dekoratives Herzst\u00fcck verwandelt werden, gef\u00fcllt mit saisonalen Fr\u00fcchten. Vielseitig und robust wird es schnell zu einem unverzichtbaren Bestandteil eurer gemeinsamen Mahlzeiten.       <\/p>\n","protected":false},"excerpt":{"rendered":"<p>Gro\u00dfes Gericht mit hohem Blau: gro\u00dfz\u00fcgig, stabil und praktisch f\u00fcr gesellige Mahlzeiten. Sp\u00fclmaschinen- und Mikrowellenfest. Auch in <strong data-start=\"2343\" data-end=\"2360\">einem Set von 2 oder 3<\/strong> erh\u00e4ltlich.  <br data-start=\"2361\" data-end=\"2364\"><em data-start=\"2364\" data-end=\"2393\"><strong data-start=\"2365\" data-end=\"2392\">Abmessungen: 29 \u00d7 10 cm<\/strong><\/em><\/p>\n","protected":false},"featured_media":14046,"comment_status":"open","ping_status":"closed","template":"","meta":[],"product_brand":[],"product_cat":[408],"product_tag":[203],"class_list":{"0":"post-21326","1":"product","2":"type-product","3":"status-publish","4":"has-post-thumbnail","6":"product_cat-grose-schussel-mit-hohem-rand","7":"product_tag-blau","9":"first","10":"instock","11":"taxable","12":"shipping-taxable","13":"purchasable","14":"product-type-simple"},"yoast_head":"<!-- This site is optimized with the Yoast SEO plugin v27.5 - https:\/\/yoast.com\/product\/yoast-seo-wordpress\/ -->\n<title>Gro\u00dfe Sch\u00fcssel mit hohem Rand Blau - Poterie de Crestet<\/title>\n<meta name=\"description\" content=\"Gro\u00dfes Gericht mit hohem Blau-Rand: gro\u00dfz\u00fcgige Keramik f\u00fcr Salate, Familiengerichte und Desserts zum Teilen. Sp\u00fclmaschinen- und Mikrowellenfest. B\u00fcndelgebot.\" \/>\n<meta name=\"robots\" content=\"index, follow, max-snippet:-1, max-image-preview:large, max-video-preview:-1\" \/>\n<link rel=\"canonical\" href=\"https:\/\/poterie-de-crestet.com\/de\/keramik\/grosse-schuessel-mit-hohem-rand-blau\/\" \/>\n<meta property=\"og:locale\" content=\"de_DE\" \/>\n<meta property=\"og:type\" content=\"article\" \/>\n<meta property=\"og:title\" content=\"Gro\u00dfe Sch\u00fcssel mit hohem Rand Blau - Poterie de Crestet\" \/>\n<meta property=\"og:description\" content=\"Gro\u00dfes Gericht mit hohem Blau-Rand: gro\u00dfz\u00fcgige Keramik f\u00fcr Salate, Familiengerichte und Desserts zum Teilen. Sp\u00fclmaschinen- und Mikrowellenfest. B\u00fcndelgebot.\" \/>\n<meta property=\"og:url\" content=\"https:\/\/poterie-de-crestet.com\/de\/keramik\/grosse-schuessel-mit-hohem-rand-blau\/\" \/>\n<meta property=\"og:site_name\" content=\"Poterie de Crestet\" \/>\n<meta property=\"og:image\" content=\"https:\/\/i0.wp.com\/poterie-de-crestet.com\/wp-content\/uploads\/2025\/08\/plat-rebord-haut-46.jpg?fit=800%2C532&ssl=1\" \/>\n\t<meta property=\"og:image:width\" content=\"800\" \/>\n\t<meta property=\"og:image:height\" content=\"532\" \/>\n\t<meta property=\"og:image:type\" content=\"image\/jpeg\" \/>\n<meta name=\"twitter:card\" content=\"summary_large_image\" \/>\n<meta name=\"twitter:label1\" content=\"Gesch\u00e4tzte Lesezeit\" \/>\n\t<meta name=\"twitter:data1\" content=\"1\u00a0Minute\" \/>\n<script type=\"application\/ld+json\" class=\"yoast-schema-graph\">{\"@context\":\"https:\\\/\\\/schema.org\",\"@graph\":[{\"@type\":\"WebPage\",\"@id\":\"https:\\\/\\\/poterie-de-crestet.com\\\/de\\\/keramik\\\/grosse-schuessel-mit-hohem-rand-blau\\\/\",\"url\":\"https:\\\/\\\/poterie-de-crestet.com\\\/de\\\/keramik\\\/grosse-schuessel-mit-hohem-rand-blau\\\/\",\"name\":\"Gro\u00dfe Sch\u00fcssel mit hohem Rand Blau - Poterie de Crestet\",\"isPartOf\":{\"@id\":\"https:\\\/\\\/poterie-de-crestet.com\\\/de\\\/#website\"},\"primaryImageOfPage\":{\"@id\":\"https:\\\/\\\/poterie-de-crestet.com\\\/de\\\/keramik\\\/grosse-schuessel-mit-hohem-rand-blau\\\/#primaryimage\"},\"image\":{\"@id\":\"https:\\\/\\\/poterie-de-crestet.com\\\/de\\\/keramik\\\/grosse-schuessel-mit-hohem-rand-blau\\\/#primaryimage\"},\"thumbnailUrl\":\"https:\\\/\\\/i0.wp.com\\\/poterie-de-crestet.com\\\/wp-content\\\/uploads\\\/2025\\\/08\\\/plat-rebord-haut-46.jpg?fit=800%2C532&ssl=1\",\"datePublished\":\"2025-08-22T12:54:58+00:00\",\"description\":\"Gro\u00dfes Gericht mit hohem Blau-Rand: gro\u00dfz\u00fcgige Keramik f\u00fcr Salate, Familiengerichte und Desserts zum Teilen. Sp\u00fclmaschinen- und Mikrowellenfest. B\u00fcndelgebot.\",\"breadcrumb\":{\"@id\":\"https:\\\/\\\/poterie-de-crestet.com\\\/de\\\/keramik\\\/grosse-schuessel-mit-hohem-rand-blau\\\/#breadcrumb\"},\"inLanguage\":\"de\",\"potentialAction\":[{\"@type\":\"ReadAction\",\"target\":[\"https:\\\/\\\/poterie-de-crestet.com\\\/de\\\/keramik\\\/grosse-schuessel-mit-hohem-rand-blau\\\/\"]}]},{\"@type\":\"ImageObject\",\"inLanguage\":\"de\",\"@id\":\"https:\\\/\\\/poterie-de-crestet.com\\\/de\\\/keramik\\\/grosse-schuessel-mit-hohem-rand-blau\\\/#primaryimage\",\"url\":\"https:\\\/\\\/i0.wp.com\\\/poterie-de-crestet.com\\\/wp-content\\\/uploads\\\/2025\\\/08\\\/plat-rebord-haut-46.jpg?fit=800%2C532&ssl=1\",\"contentUrl\":\"https:\\\/\\\/i0.wp.com\\\/poterie-de-crestet.com\\\/wp-content\\\/uploads\\\/2025\\\/08\\\/plat-rebord-haut-46.jpg?fit=800%2C532&ssl=1\",\"width\":800,\"height\":532,\"caption\":\"Blaue Hohe Randsch\u00fcssel\"},{\"@type\":\"BreadcrumbList\",\"@id\":\"https:\\\/\\\/poterie-de-crestet.com\\\/de\\\/keramik\\\/grosse-schuessel-mit-hohem-rand-blau\\\/#breadcrumb\",\"itemListElement\":[{\"@type\":\"ListItem\",\"position\":1,\"name\":\"Accueil\",\"item\":\"https:\\\/\\\/poterie-de-crestet.com\\\/de\\\/accueil\\\/\"},{\"@type\":\"ListItem\",\"position\":2,\"name\":\"Boutique\",\"item\":\"https:\\\/\\\/poterie-de-crestet.com\\\/ceramiques\\\/\"},{\"@type\":\"ListItem\",\"position\":3,\"name\":\"Gro\u00dfe Sch\u00fcssel mit hohem Rand Blau\"}]},{\"@type\":\"WebSite\",\"@id\":\"https:\\\/\\\/poterie-de-crestet.com\\\/de\\\/#website\",\"url\":\"https:\\\/\\\/poterie-de-crestet.com\\\/de\\\/\",\"name\":\"Poterie de Crestet\",\"description\":\"Des milliers de poteries inpir\u00e9es de la Provence\",\"publisher\":{\"@id\":\"https:\\\/\\\/poterie-de-crestet.com\\\/de\\\/#organization\"},\"potentialAction\":[{\"@type\":\"SearchAction\",\"target\":{\"@type\":\"EntryPoint\",\"urlTemplate\":\"https:\\\/\\\/poterie-de-crestet.com\\\/de\\\/?s={search_term_string}\"},\"query-input\":{\"@type\":\"PropertyValueSpecification\",\"valueRequired\":true,\"valueName\":\"search_term_string\"}}],\"inLanguage\":\"de\"},{\"@type\":\"Organization\",\"@id\":\"https:\\\/\\\/poterie-de-crestet.com\\\/de\\\/#organization\",\"name\":\"Poterie de Crestet\",\"url\":\"https:\\\/\\\/poterie-de-crestet.com\\\/de\\\/\",\"logo\":{\"@type\":\"ImageObject\",\"inLanguage\":\"de\",\"@id\":\"https:\\\/\\\/poterie-de-crestet.com\\\/de\\\/#\\\/schema\\\/logo\\\/image\\\/\",\"url\":\"https:\\\/\\\/i0.wp.com\\\/poterie-de-crestet.com\\\/wp-content\\\/uploads\\\/2025\\\/03\\\/Propo-4.png?fit=1000%2C462&ssl=1\",\"contentUrl\":\"https:\\\/\\\/i0.wp.com\\\/poterie-de-crestet.com\\\/wp-content\\\/uploads\\\/2025\\\/03\\\/Propo-4.png?fit=1000%2C462&ssl=1\",\"width\":1000,\"height\":462,\"caption\":\"Poterie de Crestet\"},\"image\":{\"@id\":\"https:\\\/\\\/poterie-de-crestet.com\\\/de\\\/#\\\/schema\\\/logo\\\/image\\\/\"}}]}<\/script>\n<!-- \/ Yoast SEO plugin. -->","yoast_head_json":{"title":"Gro\u00dfe Sch\u00fcssel mit hohem Rand Blau - Poterie de Crestet","description":"Gro\u00dfes Gericht mit hohem Blau-Rand: gro\u00dfz\u00fcgige Keramik f\u00fcr Salate, Familiengerichte und Desserts zum Teilen. Sp\u00fclmaschinen- und Mikrowellenfest. B\u00fcndelgebot.","robots":{"index":"index","follow":"follow","max-snippet":"max-snippet:-1","max-image-preview":"max-image-preview:large","max-video-preview":"max-video-preview:-1"},"canonical":"https:\/\/poterie-de-crestet.com\/de\/keramik\/grosse-schuessel-mit-hohem-rand-blau\/","og_locale":"de_DE","og_type":"article","og_title":"Gro\u00dfe Sch\u00fcssel mit hohem Rand Blau - Poterie de Crestet","og_description":"Gro\u00dfes Gericht mit hohem Blau-Rand: gro\u00dfz\u00fcgige Keramik f\u00fcr Salate, Familiengerichte und Desserts zum Teilen. Sp\u00fclmaschinen- und Mikrowellenfest. B\u00fcndelgebot.","og_url":"https:\/\/poterie-de-crestet.com\/de\/keramik\/grosse-schuessel-mit-hohem-rand-blau\/","og_site_name":"Poterie de Crestet","og_image":[{"width":800,"height":532,"url":"https:\/\/i0.wp.com\/poterie-de-crestet.com\/wp-content\/uploads\/2025\/08\/plat-rebord-haut-46.jpg?fit=800%2C532&ssl=1","type":"image\/jpeg"}],"twitter_card":"summary_large_image","twitter_misc":{"Gesch\u00e4tzte Lesezeit":"1\u00a0Minute"},"schema":{"@context":"https:\/\/schema.org","@graph":[{"@type":"WebPage","@id":"https:\/\/poterie-de-crestet.com\/de\/keramik\/grosse-schuessel-mit-hohem-rand-blau\/","url":"https:\/\/poterie-de-crestet.com\/de\/keramik\/grosse-schuessel-mit-hohem-rand-blau\/","name":"Gro\u00dfe Sch\u00fcssel mit hohem Rand Blau - Poterie de Crestet","isPartOf":{"@id":"https:\/\/poterie-de-crestet.com\/de\/#website"},"primaryImageOfPage":{"@id":"https:\/\/poterie-de-crestet.com\/de\/keramik\/grosse-schuessel-mit-hohem-rand-blau\/#primaryimage"},"image":{"@id":"https:\/\/poterie-de-crestet.com\/de\/keramik\/grosse-schuessel-mit-hohem-rand-blau\/#primaryimage"},"thumbnailUrl":"https:\/\/i0.wp.com\/poterie-de-crestet.com\/wp-content\/uploads\/2025\/08\/plat-rebord-haut-46.jpg?fit=800%2C532&ssl=1","datePublished":"2025-08-22T12:54:58+00:00","description":"Gro\u00dfes Gericht mit hohem Blau-Rand: gro\u00dfz\u00fcgige Keramik f\u00fcr Salate, Familiengerichte und Desserts zum Teilen. Sp\u00fclmaschinen- und Mikrowellenfest. B\u00fcndelgebot.","breadcrumb":{"@id":"https:\/\/poterie-de-crestet.com\/de\/keramik\/grosse-schuessel-mit-hohem-rand-blau\/#breadcrumb"},"inLanguage":"de","potentialAction":[{"@type":"ReadAction","target":["https:\/\/poterie-de-crestet.com\/de\/keramik\/grosse-schuessel-mit-hohem-rand-blau\/"]}]},{"@type":"ImageObject","inLanguage":"de","@id":"https:\/\/poterie-de-crestet.com\/de\/keramik\/grosse-schuessel-mit-hohem-rand-blau\/#primaryimage","url":"https:\/\/i0.wp.com\/poterie-de-crestet.com\/wp-content\/uploads\/2025\/08\/plat-rebord-haut-46.jpg?fit=800%2C532&ssl=1","contentUrl":"https:\/\/i0.wp.com\/poterie-de-crestet.com\/wp-content\/uploads\/2025\/08\/plat-rebord-haut-46.jpg?fit=800%2C532&ssl=1","width":800,"height":532,"caption":"Blaue Hohe Randsch\u00fcssel"},{"@type":"BreadcrumbList","@id":"https:\/\/poterie-de-crestet.com\/de\/keramik\/grosse-schuessel-mit-hohem-rand-blau\/#breadcrumb","itemListElement":[{"@type":"ListItem","position":1,"name":"Accueil","item":"https:\/\/poterie-de-crestet.com\/de\/accueil\/"},{"@type":"ListItem","position":2,"name":"Boutique","item":"https:\/\/poterie-de-crestet.com\/ceramiques\/"},{"@type":"ListItem","position":3,"name":"Gro\u00dfe Sch\u00fcssel mit hohem Rand Blau"}]},{"@type":"WebSite","@id":"https:\/\/poterie-de-crestet.com\/de\/#website","url":"https:\/\/poterie-de-crestet.com\/de\/","name":"Poterie de Crestet","description":"Des milliers de poteries inpir\u00e9es de la Provence","publisher":{"@id":"https:\/\/poterie-de-crestet.com\/de\/#organization"},"potentialAction":[{"@type":"SearchAction","target":{"@type":"EntryPoint","urlTemplate":"https:\/\/poterie-de-crestet.com\/de\/?s={search_term_string}"},"query-input":{"@type":"PropertyValueSpecification","valueRequired":true,"valueName":"search_term_string"}}],"inLanguage":"de"},{"@type":"Organization","@id":"https:\/\/poterie-de-crestet.com\/de\/#organization","name":"Poterie de Crestet","url":"https:\/\/poterie-de-crestet.com\/de\/","logo":{"@type":"ImageObject","inLanguage":"de","@id":"https:\/\/poterie-de-crestet.com\/de\/#\/schema\/logo\/image\/","url":"https:\/\/i0.wp.com\/poterie-de-crestet.com\/wp-content\/uploads\/2025\/03\/Propo-4.png?fit=1000%2C462&ssl=1","contentUrl":"https:\/\/i0.wp.com\/poterie-de-crestet.com\/wp-content\/uploads\/2025\/03\/Propo-4.png?fit=1000%2C462&ssl=1","width":1000,"height":462,"caption":"Poterie de Crestet"},"image":{"@id":"https:\/\/poterie-de-crestet.com\/de\/#\/schema\/logo\/image\/"}}]}},"jetpack_sharing_enabled":true,"_links":{"self":[{"href":"https:\/\/poterie-de-crestet.com\/de\/wp-json\/wp\/v2\/product\/21326","targetHints":{"allow":["GET"]}}],"collection":[{"href":"https:\/\/poterie-de-crestet.com\/de\/wp-json\/wp\/v2\/product"}],"about":[{"href":"https:\/\/poterie-de-crestet.com\/de\/wp-json\/wp\/v2\/types\/product"}],"replies":[{"embeddable":true,"href":"https:\/\/poterie-de-crestet.com\/de\/wp-json\/wp\/v2\/comments?post=21326"}],"version-history":[{"count":0,"href":"https:\/\/poterie-de-crestet.com\/de\/wp-json\/wp\/v2\/product\/21326\/revisions"}],"wp:featuredmedia":[{"embeddable":true,"href":"https:\/\/poterie-de-crestet.com\/de\/wp-json\/wp\/v2\/media\/14046"}],"wp:attachment":[{"href":"https:\/\/poterie-de-crestet.com\/de\/wp-json\/wp\/v2\/media?parent=21326"}],"wp:term":[{"taxonomy":"product_brand","embeddable":true,"href":"https:\/\/poterie-de-crestet.com\/de\/wp-json\/wp\/v2\/product_brand?post=21326"},{"taxonomy":"product_cat","embeddable":true,"href":"https:\/\/poterie-de-crestet.com\/de\/wp-json\/wp\/v2\/product_cat?post=21326"},{"taxonomy":"product_tag","embeddable":true,"href":"https:\/\/poterie-de-crestet.com\/de\/wp-json\/wp\/v2\/product_tag?post=21326"}],"curies":[{"name":"wp","href":"https:\/\/api.w.org\/{rel}","templated":true}]}}